{"id":983,"date":"2025-12-15T12:11:50","date_gmt":"2025-12-15T12:11:50","guid":{"rendered":"https:\/\/euroguidance.ie\/?page_id=983"},"modified":"2026-01-14T15:10:13","modified_gmt":"2026-01-14T15:10:13","slug":"privacy-statement","status":"publish","type":"page","link":"https:\/\/euroguidance.ie\/sv\/privacy-statement\/","title":{"rendered":"Meddelande om skydd av personuppgifter"},"content":{"rendered":"<p>[et_pb_section fb_built=\u201d1\u2032\u2032 theme_builder_area=\u201dpost_content\u201d _builder_version=\u201d4.27.4\u2032\u2032 _module_preset=\u201ddefault\u201d][et_pb_row _builder_version=\u201d4.27.4\u2032\u2032 _module_preset=\u201ddefault\u201d theme_builder_area=\u201dpost_content\u201d][et_pb_column _builder_version=\u201d4.27.4\u2032\u2032\u2032 _module_preset=\u201ddefault\u201d type=\u201d4_4\u2032\u2032\u2032 theme_builder_area=\u201dpost_content\u201d][et_pb_text _builder_version=\u201d4.27.4\u2032\u2032\u2032\u2032 _module_preset=\u201ddefault\u201d theme_builder_area=\u201dpost_content\u201d hover_enabled=\u201d0\u2032 sticky_enabled=\u201d0\u2032\u2032]<\/p>\n<p><strong>Dataskyddsf\u00f6rklaring f\u00f6r webbplatsen Euroguidance som drivs av ETBI<\/strong><\/p>\n<ol>\n<li><strong> <\/strong><strong>Vad \u00e4r Utbildningsn\u00e4mnder Irland?<\/strong><\/li>\n<\/ol>\n<p>Utbildningsn\u00e4mnder Irlands (ETBI) fr\u00e4msta m\u00e5l \u00e4r att fr\u00e4mja utbildning, att kollektivt f\u00f6retr\u00e4da utbildningsn\u00e4mnder och att fr\u00e4mja utvecklingen av utbildning och ungdomsarbete i Irland. Webbplatsen Euroguidance Ireland (webbplatsen) drivs av ETBI, som \u00e4r personuppgiftsansvarig enligt de allm\u00e4nna dataskyddsf\u00f6rordningarna (GDPR) och dataskyddslagarna 1988\u20132018.<\/p>\n<p>&nbsp;<\/p>\n<ol start=\"2\">\n<li><strong> <\/strong><strong>Vad \u00e4r omfattningen av denna dataskyddsf\u00f6rklaring?<\/strong><\/li>\n<\/ol>\n<p>Denna dataskyddsf\u00f6rklaring g\u00e4ller ETBI:s praxis i samband med webbplatsen. ETBI ansvarar inte f\u00f6r inneh\u00e5ll eller sekretesspraxis p\u00e5 andra webbplatser. Alla externa l\u00e4nkar till andra webbplatser \u00e4r tydligt identifierbara som s\u00e5dana.<\/p>\n<p>Denna dataskyddsf\u00f6rklaring g\u00e4ller f\u00f6r all information vi samlar in om: (i) bes\u00f6kare p\u00e5 v\u00e5ra webbplatser och (ii) anv\u00e4ndare som registrerar sig och anv\u00e4nder v\u00e5ra tj\u00e4nster.<\/p>\n<p>&nbsp;<\/p>\n<ol start=\"3\">\n<li><strong> <\/strong><strong>Varf\u00f6r behandlar ETBI dina personuppgifter?<\/strong><\/li>\n<\/ol>\n<p>ETBI har \u00e5tagit sig att bevara integriteten f\u00f6r alla bes\u00f6kare p\u00e5 v\u00e5r webbplats och respekterar din r\u00e4tt till integritet.\u00a0 Vi samlar inte in personuppgifter om dig n\u00e4r du bes\u00f6ker webbplatsen om du inte v\u00e4ljer att l\u00e4mna den informationen med hj\u00e4lp av formul\u00e4ret \u201dKontakta oss\u201d.\u00a0 Alla personuppgifter som du l\u00e4mnar till oss n\u00e4r du anv\u00e4nder webbplatsen kommer att anv\u00e4ndas i enlighet med det specifika \u00e4ndam\u00e5l f\u00f6r vilket du tillhandah\u00f6ll det (<em>t.ex.<\/em> f\u00f6r att kontakta dig och svara p\u00e5 eventuella fr\u00e5gor som du har st\u00e4llt i formul\u00e4ret \u201dKontakta oss\u201d eller f\u00f6r att besvara eventuella andra synpunkter som du skickar till oss i formul\u00e4ret \u201dKontakta oss\u201d).<\/p>\n<p>Vi anv\u00e4nder dina uppgifter f\u00f6r att svara p\u00e5 f\u00f6rfr\u00e5gningar, driva och f\u00f6rb\u00e4ttra webbplatsen och utf\u00f6ra v\u00e5ra offentliga informations- och v\u00e4gledningsfunktioner.<\/p>\n<p>&nbsp;<\/p>\n<ol start=\"4\">\n<li><strong> <\/strong><strong>Vilka personuppgifter samlar ETBI in om dig?<\/strong><\/li>\n<\/ol>\n<p>ETBI samlar in och lagrar personuppgifter som inneh\u00e5ller information som beh\u00f6vs f\u00f6r att identifiera dig, dina kontaktuppgifter och information om kommunikation du kan ha med ETBI. Vi kan ocks\u00e5 samla in personuppgifter fr\u00e5n dig n\u00e4r du anv\u00e4nder webbplatsen eller n\u00e4r du kontaktar oss. Vi kan samla in f\u00f6ljande information som kan inneh\u00e5lla personuppgifter:<\/p>\n<ul>\n<li>Namn, adress, e-postadress, telefonnummer.<\/li>\n<li>Information om din anv\u00e4ndning av webbplatsen.<\/li>\n<li>Kommunikation med ETBI eller direkt till oss via brev, e-post, samtal och sociala medier.<\/li>\n<\/ul>\n<p>Personuppgifter som l\u00e4mnas till ETBI kommer endast att anv\u00e4ndas av ETBI f\u00f6r det eller de \u00e4ndam\u00e5l f\u00f6r vilka de l\u00e4mnades.<\/p>\n<p>&nbsp;<\/p>\n<ol start=\"5\">\n<li><strong> <\/strong><strong>Vilken \u00e4r den r\u00e4ttsliga grunden f\u00f6r ETBI:s behandling av dina personuppgifter?<\/strong><\/li>\n<\/ol>\n<p>Genom att anv\u00e4nda webbplatsen kommer du att bli ombedd att v\u00e4lja (<em>dvs.<\/em> ge ditt uttryckliga samtycke) till insamling och anv\u00e4ndning av din information enligt villkoren i denna dataskyddsf\u00f6rklaring som \u00e4r i enlighet med GDPR, dataskyddslagarna 1988-2018 och European Communities (Electronic Communications Networks and Services) (Privacy and Electronic Communications) Regulations 2011.<\/p>\n<p>&nbsp;<\/p>\n<ol start=\"6\">\n<li><strong> <\/strong><strong>Kommer dina personuppgifter att \u00f6verf\u00f6ras till andra organisationer eller individer?<\/strong><\/li>\n<\/ol>\n<p>Vi respekterar din integritet och har \u00e5tagit oss att skydda dina personuppgifter. All information som du tillhandah\u00e5ller g\u00f6rs inte tillg\u00e4nglig f\u00f6r n\u00e5gon tredje part utom n\u00e4r det \u00e4r n\u00f6dv\u00e4ndigt och anv\u00e4nds av ETBI endast i linje med det syfte f\u00f6r vilket du tillhandah\u00f6ll det. Dina personuppgifter kan dock anonymiseras och anv\u00e4ndas i aggregerad form f\u00f6r statistiska \u00e4ndam\u00e5l.<\/p>\n<p>Vi delar endast dina uppgifter n\u00e4r det \u00e4r n\u00f6dv\u00e4ndigt (till exempel med betrodda tj\u00e4nsteleverant\u00f6rer som utf\u00f6r tj\u00e4nster f\u00f6r ETBI, inklusive IKT-tj\u00e4nsteleverant\u00f6rer och s\u00e4kerhetsleverant\u00f6rer) eller n\u00e4r det kr\u00e4vs enligt lag. Om s\u00e5dana tredje parter verkar internationellt kommer ETBI att str\u00e4va efter att s\u00e4kerst\u00e4lla att all \u00f6verf\u00f6ring av personuppgifter inom eller utanf\u00f6r EES (Europeiska ekonomiska samarbetsomr\u00e5det) utf\u00f6rs i enlighet med till\u00e4mpliga internationella avtal och f\u00f6rdrag och relevant dataskyddslagstiftning.<\/p>\n<p>&nbsp;<\/p>\n<p>Vi kan behandla eller dela data med utbildningsintressenter <em>t.ex.<\/em> Institutionen f\u00f6r utbildning och kompetens, SOLAS <em>etc<\/em>. f\u00f6r statistiska \u00e4ndam\u00e5l, forsknings\u00e4ndam\u00e5l och\/eller framtida planerings\u00e4ndam\u00e5l, men i s\u00e5dana fall kommer uppgifterna att anonymiseras.<\/p>\n<p>Om det inte kr\u00e4vs enligt lag kommer vi inte p\u00e5 annat s\u00e4tt att dela, s\u00e4lja eller distribuera n\u00e5gon av de personuppgifter du l\u00e4mnar till oss utan ditt uttryckliga samtycke eller i enlighet med GDPR och dataskyddslagarna 1988-2018.<\/p>\n<p>&nbsp;<\/p>\n<ol start=\"7\">\n<li><strong> <\/strong><strong>Hur l\u00e4nge lagras personuppgifterna?<\/strong><\/li>\n<\/ol>\n<p>Vi beh\u00e5ller inte dina personuppgifter l\u00e4ngre \u00e4n vad som \u00e4r n\u00f6dv\u00e4ndigt f\u00f6r att vi ska kunna uppfylla det syfte f\u00f6r vilket du gav dem till oss i enlighet med ETBI:s datalagringspolicy, som finns p\u00e5 [infoga l\u00e4nk].\u00a0 Alla personuppgifter som du l\u00e4mnar till oss n\u00e4r du anv\u00e4nder webbplatsen kommer att anv\u00e4ndas i enlighet med det specifika \u00e4ndam\u00e5l f\u00f6r vilket du tillhandah\u00f6ll det (<em>t.ex.<\/em>. f\u00f6r att kontakta dig och svara p\u00e5 eventuella fr\u00e5gor som du har st\u00e4llt i formul\u00e4ret \u201dKontakta oss\u201d eller f\u00f6r att ta itu med annan \u00e5terkoppling som du skickar till oss i formul\u00e4ret \u201dKontakta oss\u201d). N\u00e4r detta syfte har slutf\u00f6rts kommer dina uppgifter inte l\u00e4ngre att lagras och kommer att f\u00f6rst\u00f6ras eller raderas p\u00e5 ett s\u00e4kert s\u00e4tt.<\/p>\n<p>&nbsp;<\/p>\n<ol start=\"8\">\n<li><strong> <\/strong><strong>Vilka r\u00e4ttigheter har du enligt dataskyddslagstiftningen?<\/strong><\/li>\n<\/ol>\n<p>Du har f\u00f6ljande r\u00e4ttigheter enligt dataskyddslagstiftningen och vi kommer att diskutera var och en:<\/p>\n<ul>\n<li>Tilltr\u00e4de<\/li>\n<li>R\u00e4ttelse<\/li>\n<li>Radering<\/li>\n<li>Begr\u00e4nsning<\/li>\n<li>Inv\u00e4ndning<\/li>\n<li>Portabilitet<\/li>\n<li>Inv\u00e4nda mot automatiserad behandling<\/li>\n<\/ul>\n<p>&nbsp;<\/p>\n<ul>\n<li><strong> <\/strong><strong>Hur f\u00e5r du tillg\u00e5ng till dina personuppgifter?<\/strong><\/li>\n<\/ul>\n<p>Du har r\u00e4tt att se den information vi har om dig. P\u00e5 skriftlig beg\u00e4ran (<em>t.ex. <\/em>brev, e-post), och d\u00e4r dina personuppgifter finns tillg\u00e4ngliga tillhandah\u00e5ller vi en kopia av dina personuppgifter, i enlighet med GDPR och best\u00e4mmelserna i dataskyddslagarna 1988-2018.<\/p>\n<p>Om du vill f\u00e5 en kopia av dina personuppgifter kan du skriva till generalsekreteraren p\u00e5 ETBI, Pipers Hill, Naas, Co. Kildare eller <a href=\"mailto:info@etbi.ie\">info@etbi.ie<\/a> som kommer att f\u00f6rse dig med ett formul\u00e4r f\u00f6r beg\u00e4ran om \u00e4mnes\u00e5tkomst. \u00a0F\u00f6r din bekv\u00e4mlighet kommer vi att f\u00f6rse dig med n\u00e4mnda formul\u00e4r f\u00f6r att hj\u00e4lpa till att utvidga dina personuppgifter s\u00e5 snabbt som m\u00f6jligt.\u00a0 Din beg\u00e4ran kommer att behandlas s\u00e5 snart som m\u00f6jligt och kommer inte att ta mer \u00e4n 30 dagar att behandla utom i de mest exceptionella fall d\u00e4r vi kommer att informera dig skriftligen om detta och ge en motivering till detta.\u00a0 Best\u00e4mmelserna i GDPR kommer att f\u00f6ljas n\u00e4r du svarar p\u00e5 din beg\u00e4ran.<\/p>\n<ul>\n<li><strong> <\/strong><strong>Hur kan du f\u00e5 felaktiga uppgifter om dig \u00e4ndrade?<\/strong><\/li>\n<\/ul>\n<p>Om du uppt\u00e4cker att ETBI har felaktig information om dig kan du g\u00f6ra en skriftlig beg\u00e4ran om att vi korrigerar, raderar, korrigerar den informationen till generalsekreteraren p\u00e5 ETBI, Pipers Hill, Naas, Co. Kildare eller <a href=\"mailto:info@etbi.ie\">info@etbi.ie<\/a>.\u00a0 P\u00e5 skriftlig beg\u00e4ran kommer vi att kontakta dig via telefon\/e-post\/brev f\u00f6r att f\u00f6rs\u00f6ka \u00e5tg\u00e4rda den felaktiga informationen.\u00a0 Vi kommer ocks\u00e5 att se till att all s\u00e5dan radering\/r\u00e4ttelse som utf\u00f6rs av ETBI meddelas till en relevant tredje part med vilken vi har delat din information enligt denna dataskyddsf\u00f6rklaring. Observera dock att en beg\u00e4ran om radering endast kommer att beviljas om uppgifterna inte l\u00e4ngre \u00e4r n\u00f6dv\u00e4ndiga f\u00f6r det \u00e4ndam\u00e5l f\u00f6r vilket de samlades in och om ETBI inte har n\u00e5gon r\u00e4ttslig grund f\u00f6r att beh\u00e5lla dem.<\/p>\n<ul>\n<li><strong> <\/strong><strong>Hur kan du begr\u00e4nsa eller inv\u00e4nda mot ETBI:s behandling av dina personuppgifter?<\/strong><\/li>\n<\/ul>\n<p>Om du beslutar dig f\u00f6r att begr\u00e4nsa eller inv\u00e4nda mot ETBI:s behandling av dina personuppgifter kan du g\u00f6ra en s\u00e5dan beg\u00e4ran skriftligen till generalsekreteraren vid ETBI, Pipers Hill, Naas, Co. Kildare eller <a href=\"mailto:info@etbi.ie\">info@etbi.ie<\/a>.\u00a0 P\u00e5 skriftlig beg\u00e4ran kommer vi att kontakta dig via telefon\/e-post\/brev f\u00f6r att f\u00f6rs\u00f6ka begr\u00e4nsa eller upph\u00f6ra med behandlingen av dina personuppgifter.\u00a0 Vi kommer ocks\u00e5 att se till att alla s\u00e5dana begr\u00e4nsningar eller upph\u00f6randen som g\u00f6rs av ETBI meddelas till en relevant tredje part med vilken vi har delat din information enligt denna dataskyddsf\u00f6rklaring.<\/p>\n<ul>\n<li><strong> <\/strong><strong>Hur fungerar r\u00e4tten till dataportabilitet?<\/strong><\/li>\n<\/ul>\n<p>Du har r\u00e4tt att f\u00e5 dina personuppgifter som du l\u00e4mnat till ETBI (personuppgiftsansvarig) i ett strukturerat, allm\u00e4nt anv\u00e4nt och maskinl\u00e4sbart format och har r\u00e4tt att skicka dina personuppgifter till en annan personuppgiftsansvarig utan hinder fr\u00e5n ETBI.<\/p>\n<p>&nbsp;<\/p>\n<ol start=\"9\">\n<li><strong> <\/strong><strong>Kan du \u00e5terkalla ditt samtycke till att ETBI behandlar dina personuppgifter?<\/strong><\/li>\n<\/ol>\n<p>Du kan n\u00e4r som helst \u00e5terkalla ditt samtycke till att ETBI behandlar dina personuppgifter. Om du best\u00e4mmer dig f\u00f6r att \u00e5terkalla ditt samtycke till att ETBI behandlar dina personuppgifter kan du g\u00f6ra en s\u00e5dan beg\u00e4ran skriftligen till generalsekreteraren p\u00e5 ETBI, Pipers Hill, Naas, Co. Kildare eller <a href=\"mailto:info@etbi.ie\">info@etbi.ie<\/a>.\u00a0 Vid mottagandet av den skriftliga beg\u00e4ran kommer vi att kontakta dig via telefon\/e-post\/brev f\u00f6r att upph\u00f6ra med behandlingen av dina personuppgifter.\u00a0 Vi kommer ocks\u00e5 att se till att ett s\u00e5dant upph\u00f6rande som g\u00f6rs av ETBI meddelas till en relevant tredje part med vilken vi har delat din information enligt denna dataskyddsf\u00f6rklaring.<\/p>\n<p>F\u00f6r ytterligare information, se v\u00e5r dataskyddspolicy som finns tillg\u00e4nglig p\u00e5\u00a0<a href=\"https:\/\/www.etbi.ie\/\">www.etbi.ie<\/a>\u00a0eller alternativt kontakta generalsekreteraren, ETBI.<\/p>\n<p>&nbsp;<\/p>\n<ol start=\"10\">\n<li><strong> <\/strong><strong>S\u00e4kerhet<\/strong><\/li>\n<\/ol>\n<p>ETBI anv\u00e4nder s\u00e4kerhets\u00e5tg\u00e4rder f\u00f6r att skydda din personliga information fr\u00e5n \u00e5tkomst av obeh\u00f6riga personer och skydda mot olaglig behandling, oavsiktlig f\u00f6rlust, f\u00f6rst\u00f6relse och skada. Vi kommer att str\u00e4va efter att s\u00e4kerst\u00e4lla att alla register h\u00e5lls s\u00e4kra i linje med v\u00e5ra skyldigheter enligt GDPR och dataskyddslagarna 1988-2018. Vi tar v\u00e5rt s\u00e4kerhetsansvar p\u00e5 allvar och vidtar fysiska och tekniska \u00e5tg\u00e4rder, inklusive personalutbildning och medvetenhet. Vi ser \u00f6ver v\u00e5ra s\u00e4kerhetsrutiner regelbundet.<\/p>\n<p>&nbsp;<\/p>\n<ol start=\"11\">\n<li><strong> <\/strong><strong>Samlar ETBI in icke-personlig\/teknisk information?<\/strong><\/li>\n<\/ol>\n<p>Ja, vissa icke-personuppgifter \u00e4r tillg\u00e4ngliga f\u00f6r oss via v\u00e5r internetleverant\u00f6r.\u00a0 Dessa icke-personuppgifter samlas in p\u00e5 statistisk, aggregerad, icke-individuell basis.\u00a0 Denna information kan inkludera IP-adressen fr\u00e5n vilken du kommer \u00e5t v\u00e5r webbplats, vilken typ av webbl\u00e4sare som anv\u00e4nds f\u00f6r att komma \u00e5t v\u00e5r webbplats (Internet Explorer, Firefox, <em>etc<\/em>.), vilken typ av operativsystem som anv\u00e4nds f\u00f6r att komma \u00e5t v\u00e5r webbplats (Windows, Macintosh osv.), vilket toppdom\u00e4nnamn som anv\u00e4nds (<em>dvs.<\/em> .com, .org, <em>etc<\/em>.), datum och tid f\u00f6r ditt bes\u00f6k p\u00e5 v\u00e5r webbplats och antalet sidor du bes\u00f6kte p\u00e5 v\u00e5r webbplats.<\/p>\n<ul>\n<li><strong><em> <\/em><\/strong><strong><em>Vad \u00e4r en cookie?<\/em><\/strong><\/li>\n<\/ul>\n<p>En cookie \u00e4r en tillf\u00e4llig liten fil som skickas till din webbl\u00e4sare fr\u00e5n en webbserver och lagras p\u00e5 din dators h\u00e5rddisk f\u00f6r att identifiera dig som webbplatsanv\u00e4ndare. M\u00e5nga webbplatser anv\u00e4nder cookies. Vanligtvis anv\u00e4nds de av webbplatsen f\u00f6r att identifiera personen endast n\u00e4r de g\u00e5r in p\u00e5 webbplatsen f\u00f6r att sp\u00e5ra personens anv\u00e4ndning av webbplatsen och eventuella upprepade bes\u00f6k av den personen.<\/p>\n<p>ETBI kommer att beg\u00e4ra ditt samtycke n\u00e4r du anv\u00e4nder webbplatsen och du kommer att kunna \u00e5terkalla ditt samtycke n\u00e4r som helst. Vi kommer endast att lagra dina uppgifter s\u00e5 l\u00e4nge som det \u00e4r n\u00f6dv\u00e4ndigt f\u00f6r att vi ska kunna uppfylla det syfte f\u00f6r vilket du gav dem till oss.<\/p>\n<p>Observera att om du avvisar cookies eller \u00e4ndrar dina inst\u00e4llningar kan det h\u00e4nda att vissa funktioner p\u00e5 webbplatsen inte fungerar som de ska. T\u00e4nk p\u00e5 att alla inst\u00e4llningar du v\u00e4ljer kommer att g\u00e5 f\u00f6rlorade om du raderar cookies.<\/p>\n<ul>\n<li><strong><em> <\/em><\/strong><strong><em>Varf\u00f6r anv\u00e4nder webbplatsen cookies?<\/em><\/strong><\/li>\n<\/ul>\n<p>Cookies \u00e4r sm\u00e5 filer som placeras p\u00e5 din dator av webbplatser som du bes\u00f6ker. De anv\u00e4nds ofta f\u00f6r att f\u00e5 webbplatser att fungera, eller arbeta mer effektivt, samt f\u00f6r att ge information till \u00e4garna av webbplatsen. V\u00e5ra cookies g\u00f6r det m\u00f6jligt f\u00f6r oss att ge dig personligt inneh\u00e5ll eller presentera serviceinformation baserat p\u00e5 ditt tidigare beteende p\u00e5 webbplatsen.<\/p>\n<ul>\n<li><strong><em> <\/em><\/strong><strong><em>Hur anv\u00e4nder ETBI cookies?<\/em><\/strong><\/li>\n<\/ul>\n<p>N\u00e4r n\u00e5gon bes\u00f6ker webbplatsen samlar vi in standardinformation om internetloggar och detaljer om bes\u00f6karnas beteendem\u00f6nster. Vi g\u00f6r detta f\u00f6r att ta reda p\u00e5 saker som antalet bes\u00f6kare p\u00e5 de olika delarna av webbplatsen.<\/p>\n<p>Vi samlar in denna information p\u00e5 ett s\u00e4tt som inte identifierar n\u00e5gon. Vi g\u00f6r inga f\u00f6rs\u00f6k att ta reda p\u00e5 identiteten p\u00e5 dem som bes\u00f6ker webbplatsen. Vi kommer inte att associera n\u00e5gra data som samlas in fr\u00e5n denna webbplats med n\u00e5gon personligt identifierande information fr\u00e5n n\u00e5gon k\u00e4lla.\u00a0 Om vi vill samla in personligt identifierbar information via v\u00e5r webbplats kommer vi att klarg\u00f6ra n\u00e4r vi samlar in s\u00e5dan information och f\u00f6rklara vad vi avser att g\u00f6ra med den.<\/p>\n<p>Du kan n\u00e4r som helst hantera dina cookie-inst\u00e4llningar.<\/p>\n<p>&nbsp;<\/p>\n<p>Mer information om v\u00e5r cookiepolicy finns p\u00e5 <a href=\"https:\/\/www.etbi.ie\/cookies\"><\/a><\/p>\n<p>&nbsp;<\/p>\n<ol start=\"12\">\n<li><strong> <\/strong><strong>Kontakta oss<\/strong><\/li>\n<\/ol>\n<p>Om du \u00e4r orolig f\u00f6r hur dina personuppgifter behandlas av v\u00e5r webbplats, tveka inte att uppm\u00e4rksamma oss p\u00e5 dessa problem med hj\u00e4lp av f\u00f6ljande kontaktuppgifter:\u00a0 Generalsekreteraren, ETBI, Pipers Hill, Naas, Co. Kildare eller\u00a0<a href=\"mailto:info@etbi.ie\">info@etbi.ie<\/a>.<\/p>\n<p>&nbsp;<\/p>\n<ol start=\"13\">\n<li><strong> <\/strong><strong>Dataskyddskommissionen <\/strong><\/li>\n<\/ol>\n<p>Om du som registrerad har n\u00e5gra klagom\u00e5l ang\u00e5ende behandlingen av dina personuppgifter har du r\u00e4tt att l\u00e4mna in ett klagom\u00e5l till Dataskyddskommissionen. Dataskyddskommissionen kan kontaktas p\u00e5 f\u00f6ljande s\u00e4tt:<\/p>\n<p>Dataskyddskommissionen<\/p>\n<p>6 Pembroke Row<\/p>\n<p>Dublin 2<\/p>\n<p>D02 X963<\/p>\n<p>Irland<\/p>\n<p>&nbsp;<\/p>\n<p>Telefonnummer: (01) 765 01 00 \/ 1800 437 737<\/p>\n<p>P\u00e5 n\u00e4tet: <a href=\"https:\/\/dataprotection.ie\/en\/contact\/how-contact-us\">https:\/\/dataprotection.ie\/en\/contact\/how-contact-us<\/a><\/p>\n<p>&nbsp;<\/p>\n<p>&nbsp;<\/p>\n<ol start=\"14\">\n<li><strong> <\/strong><strong>\u00c4ndringar i denna dataskyddsf\u00f6rklaring<\/strong><\/li>\n<\/ol>\n<p>Vi kan komma att uppdatera denna dataskyddsf\u00f6rklaring fr\u00e5n tid till annan. Eventuella \u00e4ndringar kommer att publiceras p\u00e5 denna sida, och datumet \u201dSenast uppdaterat\u201d kommer att ses \u00f6ver i enlighet med detta. Vi uppmuntrar dig att granska detta uttalande regelbundet.<\/p>\n<p>&nbsp;<\/p>\n<p>&nbsp;<\/p>\n<p>&nbsp;<\/p>\n<p>&nbsp;<\/p>\n<p>&nbsp;<\/p>\n<p>[\/et_pb_text][\/et_pb_column][\/et_pb_row][\/et_pb_section]<\/p>","protected":false},"excerpt":{"rendered":"<p>Dataskyddsf\u00f6rklaring f\u00f6r webbplatsen Euroguidance som drivs av ETBI Vad \u00e4r Utbildningsn\u00e4mnder Sverige? Utbildningsn\u00e4mnder Irlands (ETBI) fr\u00e4msta m\u00e5l \u00e4r att fr\u00e4mja utbildning, att kollektivt f\u00f6retr\u00e4da utbildningsn\u00e4mnder och att fr\u00e4mja utvecklingen av utbildning och ungdomsarbete i Irland. Euroguidance Sverige \u00e4r [...]<\/p>","protected":false},"author":9,"featured_media":0,"parent":0,"menu_order":0,"comment_status":"closed","ping_status":"closed","template":"","meta":{"_et_pb_use_builder":"on","_et_pb_old_content":"","_et_gb_content_width":"","footnotes":""},"class_list":["post-983","page","type-page","status-publish","hentry"],"_links":{"self":[{"href":"https:\/\/euroguidance.ie\/sv\/wp-json\/wp\/v2\/pages\/983","targetHints":{"allow":["GET"]}}],"collection":[{"href":"https:\/\/euroguidance.ie\/sv\/wp-json\/wp\/v2\/pages"}],"about":[{"href":"https:\/\/euroguidance.ie\/sv\/wp-json\/wp\/v2\/types\/page"}],"author":[{"embeddable":true,"href":"https:\/\/euroguidance.ie\/sv\/wp-json\/wp\/v2\/users\/9"}],"replies":[{"embeddable":true,"href":"https:\/\/euroguidance.ie\/sv\/wp-json\/wp\/v2\/comments?post=983"}],"version-history":[{"count":3,"href":"https:\/\/euroguidance.ie\/sv\/wp-json\/wp\/v2\/pages\/983\/revisions"}],"predecessor-version":[{"id":1322,"href":"https:\/\/euroguidance.ie\/sv\/wp-json\/wp\/v2\/pages\/983\/revisions\/1322"}],"wp:attachment":[{"href":"https:\/\/euroguidance.ie\/sv\/wp-json\/wp\/v2\/media?parent=983"}],"curies":[{"name":"wp","href":"https:\/\/api.w.org\/{rel}","templated":true}]}}