{"id":980,"date":"2025-12-15T12:04:39","date_gmt":"2025-12-15T12:04:39","guid":{"rendered":"https:\/\/euroguidance.ie\/?page_id=980"},"modified":"2026-05-01T10:44:19","modified_gmt":"2026-05-01T09:44:19","slug":"webinars","status":"publish","type":"page","link":"https:\/\/euroguidance.ie\/sv\/webinars\/","title":{"rendered":"Webbinarier"},"content":{"rendered":"<p>[et_pb_section fb_built=\u201d1\u2033 admin_label=\u201dHeader\u201d _builder_version=\u201d4.27.4\u2033 _module_preset=\u201ded3a2270-0d1b-4161-8645-f529b8b3c5c0\u2033 background_color_gradient_direction=\u201d193deg\u201d background_color_gradient_stops=\u201dgcid-d119accd-44d7-4f2f-b9d7-599c8463324b 0%|rgba(7,33,48,0.6) 37%|rgba(255,255,255,0) 62%|gcid-1cd7c6da-5fe0-4f78-8345-603cff3cbdfc 100%\u201d background_image=\u201dhttps:\/\/euroguidance.ie\/wp-content\/uploads\/2025\/02\/students3.jpg\u201d background_enable_image=\u201don\u201d parallax=\u201don\u201d background_blend=\u201ddarken\u201d min_height=\u201d332.6px\u201d custom_margin=\u201d||53px|||\u201d locked=\u201doff\u201d collapsed=\u201doff\u201d global_colors_info=\u201d{gcid-1f1bf5fb-a99d-4acc-8d9e-ddac074c158c:bakgrund_color_gradient_stops,bakgrund_color_gradient_stops,bakgrund_color_gradient_stops,gcid-4c79ba3d-a281-4fb6-9b14-02f9a4c793f2:bakgrund_color_gradient_stops,bakgrund_color_gradient_stops,bakgrund_color_gradient_stops,gcid-688c464a-d6f2-4296-b592-395352c71c79:bakgrund_color_gradient_stops,bakgrund_color_gradient_stops,bakgrund_color_gradient_stops,gcid-d119accd-44d7-4f2f-b9d7-599c8463324b:bakgrund_color_gradient_stops,bakgrund_color_gradient_stops,bakgrund_color_gradient_stops,gcid-2352d280-fe84-43b1-a71e-f400c35a526a:bakgrund_color_gradient_stops,gcid-9e22d70d-67ee-4430-bed3-4bc105d4ef1e:bakgrund_color_gradient_stops,gcid-1cd7c6da-5fe0-4f78-8345-603cff3cbdfc:bakgrund_color_gradient_stops}\u201d][et_pb_row _builder_version=\u201d4.25.1\u2033 _module_preset=\u201ddefault\u201d global_colors_info=\u201d{}\u201d][et_pb_column type=\u201d4_4\u2033 _builder_version=\u201d4.25.1\u2033 _module_preset=\u201ddefault\u201d global_colors_info=\u201d{}\u201d][et_pb_heading title=\u201dUpcoming Webinars\u201d _builder_version=\u201d4.27.4\u2033 _module_preset=\u201dbe0d0648-3112-47a9-843b-14168fe1dabd\u201d title_level=\u201dh2\u2033 title_font=\u201dVerdana||||||||\u201d title_text_align=\u201dcenter\u201d title_text_color=\u201d#ededed\u201d title_font_size=\u201d60px\u201d background_color=\u201dRGBA(255,255,255,0)\u201d custom_margin=\u201d40px||10px||false|false\u201d title_font_size_tablet=\u201d45px\u201d title_font_size_phone=\u201d27px\u201d title_font_last_edited=\u201don_phone\u201d global|colors_info=\u201d{gcid-12627f56-04f6-43cc-b53c-4ff92851d432:bakgrund_mask_color}\u201d][\/et_pb_heading][\/et_pb_column][\/et_pb_row][\/et_pb_section fb_built=\u201d1_ admin_label=\u201dH\u00e4ndelsekalender\u201d \u2033builder_version=\u201d4.27.5_module_preset=\u201ddefault\u201d custom\u2033 _margin=\u201d-40px_false_false\u201d custom||||padding=\u201d0px|false_false\u201d border||||style|all=\u201dnone\u201d locked=\u201doff\u201d collapsed=\u201don\u201d global_colors_info=\u201d{}][et_pb_row column_structure=\u201d1_2,1_2_builder_version=\u201d4.27.5\u2033 _module_preset=\u201ddefault\u201d global\u2033 _colors_info=\u201d{}\u201d][et_pb_column type=\u201d1_2_builderversion=\u201d4.27.5_e\u2033 _presetinfo=\u201d_ Workpfault=\u2033 _ _builder_version=\u201d4.27.5\u2033 _module_preset=\u201ddefault\u201d title_text_color=\u201d#000b63\u2033 global_colors_info=\u201d{}\u201d][\/et_pb_heading][et_pb_heading title=\u201dETBI Webinar\u201d _builder_version=\u201d4.27.5\u2033 _module_preset=\u201ddefault\u201d title_level=\u201dh2\u2033 title_text_color=\u201d#0C71C3\u2033 global_colors_info=\u201d{}\u201d][\/et_pb_heading][et_pb_text _builder_version=\u201d4.27.5\u2033 _module_preset=\u201ddefault\u201d text_text_color=\u201d#000000\u2033 hover_enabled=\u201d0\u2033 global_colors_info=\u201d{}\u201d sticky_enabled=\u201d0\u2033]<\/p>\n<p><strong>Datum:<\/strong> Fredag 29 maj <strong>Tid:<\/strong> Kl. 11.00\u201312.00 GMT+1<\/p>\n<p>[\/et_pb_text][et_pb_text _builder_version=\u201d4.27.5\u2032\u2032 _module_preset=\u201ddefault\u201d text_text_color=\u201d#000000\u2032\u2032 hover_enabled=\u201d0\u2032\u2032 global_colors_info=\u201d{}\u201d sticky_enabled=\u201d0\u2032\u2032]<\/p>\n<div>Webbseminariet, som presenteras av Mariana Lucas Casanova, kommer att behandla effekterna av det kulturella, socioekonomiska och politiska sammanhanget p\u00e5 enskilda personers erfarenheter av arbete\/karri\u00e4r. Yrkesut\u00f6vares praxis och uppfattningar om karri\u00e4rer. och politik inom detta till\u00e4mpningsomr\u00e5de: inbjuder dig att bygga nya imagin\u00e4rer f\u00f6r framtidens arbete.<\/div>\n<p>[\/et_pb_text][\/et_pb_column][et_pb_column type=\u201d1_2\u2033 _builder_version=\u201d4.27.5\u2033 _module_preset=\u201ddefault\u201d global_colors_info=\u201d{}\u201d][et_pb_countdown_timer date_time=\u201d2026-05-29 11:00\u2033 _builder_version=\u201d4.27.5\u2033 _module_preset=\u201ddefault\u201d background_color=\u201d#1f187f\u201d hover_enabled=\u201d0\u2033 global_colors_info=\u201d{}\u201d sticky_enabled=\u201d0\u2033][\/et_pb_countdown_timer][et_pb_button button_url=\u201dhttps:\/\/events.teams.microsoft.com\/event\/b33b81e5-eff8-48aaa-ba9f-bcdb206f8335@f5366bb4-0485-4544-8baa-c80ddc368234\u2033 url_new_window=\u201don\u201d button_text=\u201dRegister here\u201d button_alignment=\u201dleft\u201d_builder_version=\u201d4.27.5\u2033 _module_preset=\u201ddefault\u201d custom_button=\u201don\u201d button_text_color=\u201d#1d08a5\u2033 button_border_color=\u201d#000000\u2033-knapp_icon_color=\u201d#0d077f\u201d button_on_hover=\u201doff\u201d custom_margin=\u201d0px|0px|0px|151px|false|false\u201d hover_enabled=\u201d0\u2033 global_colors_info=\u201d{}\u201d sticky_enabled=\u201d0\u2033][\/et_pb_button][\/et_pb_column][\/et_pb_row][et_pb_row column_structure=\u201d1_2,1_2\u2033 _builder_version=\u201d4.27.5\u2033 _module_preset=\u201ddefault\u201d global_colors_info=\u201d{}\u201d][et_pb_column type=\u201d1_2\u2033 _builder_version=\u201d4.27.5\u2033 _module_preset=\u201ddefault\u201d global_colors_info=\u201d{}\u201d][et_pb_heading title=\u201dSamordna karri\u00e4rer och h\u00e5llbarhet: _builder_version=\u201d4.27.5\u2033 _module_preset=\u201ddefault\u201d title_text_color=\u201d#000b63\u2033 global_colors_info=\u201d{}\u201d][\/et_pb_heading][et_pb_heading title=\u201dETBI Webinar\u201d _builder_version=\u201d4.27.5\u2033 _module_preset=\u201ddefault\u201d title_level=\u201dh2\u2033 title_text_color=\u201d#0C71C3\u2033 global_colors_info=\u201d{}\u201d][\/et_pb_heading][et_pb_text _builder_version=\u201d4.27.5\u2033 _module_preset=\u201ddefault\u201d text_text_color=\u201d#000000\u2033 hover_enabled=\u201d0\u2033 global_colors_info=\u201d{}\u201d sticky_enabled=\u201d0\u2033]<\/p>\n<p><strong>Datum:<\/strong> Tisdag 2 juni <strong>Tid:<\/strong> Kl. 11.00\u201312.00 GMT<\/p>\n<p>[\/et_pb_text][et_pb_text _builder_version=\u201d4.27.5\u2032\u2032 _module_preset=\u201ddefault\u201d text_text_color=\u201d#000000\u2032\u2032 hover_enabled=\u201d0\u2032\u2032 global_colors_info=\u201d{}\u201d sticky_enabled=\u201d0\u2032\u2032]<\/p>\n<p><span>Detta webinar utforskar hur karri\u00e4rutveckling och h\u00e5llbarhet blir alltmer sammankopplade. Den bygger p\u00e5 forskning och praxis fr\u00e5n projektet Exploring Green Guidance och presenterar viktiga bel\u00e4gg f\u00f6r hur klimatf\u00f6r\u00e4ndringarna och den gr\u00f6na omst\u00e4llningen omformar arbetsmarknader, utbildning och karri\u00e4rval. Deltagarna kommer att introduceras till begreppet gr\u00f6n v\u00e4gledning och olika s\u00e4tt att f\u00f6rst\u00e5 det \u2013 fr\u00e5n att hj\u00e4lpa enskilda personer att anpassa sig till f\u00f6r\u00e4ndringar till att g\u00f6ra det m\u00f6jligt f\u00f6r dem att aktivt forma en mer h\u00e5llbar framtid. Sessionen kommer ocks\u00e5 att dela med sig av praktiska insikter fr\u00e5n internationella pilotaktiviteter, inklusive verktyg, metoder och exempel p\u00e5 hur karri\u00e4rut\u00f6vare redan integrerar h\u00e5llbarhet i sitt dagliga arbete. Webbseminariet kommer att ta upp viktiga utmaningar, inklusive etiska dilemman, institutionella hinder och fr\u00e5gan om hur l\u00e5ngt karri\u00e4rut\u00f6vare b\u00f6r engagera sig i systemf\u00f6r\u00e4ndringar. Den kommer att avslutas med reflektioner om v\u00e4gledningens framtid och ut\u00f6varnas roll n\u00e4r det g\u00e4ller att st\u00f6dja b\u00e5de individer och samh\u00e4lle i \u00f6verg\u00e5ngstider.<\/span><\/p>\n<p>[\/et_pb_text][\/et_pb_column][et_pb_column type=\u201d1_2\u2033 _builder_version=\u201d4.27.5\u2033 _module_preset=\u201ddefault\u201d global_colors_info=\u201d{}\u201d][et_pb_countdown_timer date_time=\u201d2026-06-02 11:00\u2033 _builder_version=\u201d4.27.5\u2033 _module_preset=\u201ddefault\u201d background_color=\u201d#1f187f\u201d hover_enabled=\u201d0\u2033 global_colors_info=\u201d{}\u201d sticky_enabled=\u201d0\u2033][\/et_pb_countdown_timer][et_pb_button button_url=\u201dhttps:\/\/events.teams.microsoft.com\/event\/94bf0b5d-6012-4e03-aa7b-b6bc192e7bd8@f5366bb4-0485-4544-8baa-c80ddc368234\u2033 url_new_window=\u201don\u201d button_text=\u201dRegister here\u201d button_alignment=\u201dleft\u201d_builder_version=\u201d4.27.5\u2033 _module_preset=\u201ddefault\u201d custom_button=\u201don\u201d button_text_color=\u201d#1d08a5\u2033 button_border_color=\u201d#000000\u2033-knapp_icon_color=\u201d#0d077f\u201d button_on_hover=\u201doff\u201d custom_margin=\u201d0px|0px|0px|151px|false|false\u201d hover_enabled=\u201d0\u2033 global_colors_info=\u201d{}\u201d sticky_enabled=\u201d0\u2033][\/et_pb_button][\/et_pb_column][\/et_pb_row][et_pb_row _builder_version=\u201d4.27.5\u2033 _module_preset=\u201ddefault\u201d global_colors_info=\u201d{}\u201d][et_pb_column type=\u201d4_4\u2033 _builder_version=\u201d4.27.5\u2033 _module_preset=\u201ddefault\u201d global_colors_info=\u201d{}\u201d][et_pb_divider color=\u201d#000000\u2033 _builder_version=\u201d4.27.5\u2033 _module_preset=\u201ddefault\u201d global_colors_info=\u201d{}\u201d][\/et_pb_divider][\/et_pb_column][\/et_pb_row][\/et_pb_section][et_pb_section fb_built=\u201d1\u2033 adminlabel=\u201dFooter\u201d _builder_version=\u201d4.27.5_module\u2033 _preset=\u201df1c4f717-2356-4e3f-ac1b-1e293a6cc08a\u201d min_height=\u201d269.3px\u201d height=\u201d357px\u201d custom_margin=\u201d-13px_false||||false\u201d custom|padding=\u201d0px_9px||false ||false\u201d global|false\u201d#_margin=\u201d||-20px|||\u201d global_colors_info=\u201d{}\u201d][\/et_pb_heading][et_pb_wpt_gravityform gravityform_id=\u201dgf-2\u2033 title=\u201doff\u201d description=\u201doff\u201d ajax=\u201don\u201d _builder_version=\u201d4.27.4\u2033 _module_preset=\u201ddefault\u201d transform_scale=\u201d94%|94%\u201d global_colors_info=\u201d{}\u201d][\/et_pb_wpt_gravityform][\/et_pb_column][et_pb_column type=\u201d1_3\u2033 _builder_version=\u201d4.25.1\u2033 _module_preset=\u201ddefault\u201d global_colors_info=\u201d{}\u201d][et_pb_heading title=\u201dQuick Links\u201d _builder_version=\u201d4.27.4\u2033 _module_preset=\u201d95956592-a1b1-43fb-aa7b-d69d7b858e52\u2033 title_font=\u201dVerdana||||||||\u201d title_text_color=\u201d#FFFFFF\u201d positioning=\u201dnone\u201d custom_margin=\u201d||10px|46px|false|false\u201d custom_padding=\u201d|||55px||\u201d locked=\u201doff\u201d global_colors_info=\u201d{}\u201d][\/et_pb_heading][et_pb_text _builder_version=\u201d4.27.4\u2033 _module_preset=\u201d01dbb295-3347-4b31-936e-cb09b186d00f\u201d text_font=\u201dVerdana||||||||\u201d custom_margin=\u201d||8px|53px|false\u201d custom|padding=\u201d_75px|48px||\u201d link||option_url=\u201dhttps:\/\/euroguidance.ie\/en\/about\/\u201d]<\/p>\n<p>Euroguidance<\/p>\n<p>[\/et_pb_text][et_pb_text _builder_version=\u201d4.27.4\u2032\u2032 _module_preset=\u201d01dbb295-3347-4b31-936e-cb09b186d00f\u201d text_font=\u201dVerdana \u2047 \u201d custom_margin=\u201d \u2047 8px \u2047 50px \u2047 false \u2047 false\u201d custom_padding=\u201d \u2047 50px \u2047 \u201d link_option_url=\u201dhttps:\/\/euroguidance.ie\/en\/resources\/\u201d]<\/p>\n<p>Resurser<\/p>\n<p>[\/et_pb_text][et_pb_text _builder_version=\u201d4.27.4\u2032\u2032 _module_preset=\u201d01dbb295-3347-4b31-936e-cb09b186d00f\u201d text_font=\u201dVerdana \u2047 \u201d custom_margin=\u201d \u2047 8px \u2047 49px \u2047 false \u2047 false\u201d custom_padding=\u201d \u2047 51px \u2047 \u201d link_option_url=\u201dhttps:\/\/euroguidance.ie\/en\/contact-us\/\u201d]<\/p>\n<p>Kontaktuppgifter<\/p>\n<p>[\/et_pb_text][et_pb_text _builder_version=\u201d4.27.4\u2032\u2032 _module_preset=\u201d01dbb295-3347-4b31-936e-cb09b186d00f\u201d text_font=\u201dVerdana \u2047 \u201d custom_margin=\u201d \u2047 8px \u2047 51px \u2047 false \u2047 false\u201d custom_padding=\u201d \u2047 49px \u2047 \u201d link_option_url=\u201dhttps:\/\/euroguidance.ie\/privacy-statement\/\u201d]<\/p>\n<p>Integritetspolicy<\/p>\n<p>[\/et_pb_text][\/et_pb_column][et_pb_column type=\u201d1_3\u2032\u2032 _builder_version=\u201d4.25.1\u2032\u2032 _module_preset=\u201ddefault\u201d global_colors_info=\u201d{}\u201d][et_pb_image src=\u201dhttps:\/\/euroguidance.ie\/wp-content\/uploads\/2026\/01\/EN_Co-Funded_by_the_EU_PANTONE-scaled.png\u201d alt=\u201dCo-Funded by European Union\u201d title_text=\u201dEN_Co-Funded_by_the_EU_PANTONE\u201d align=\u201dcenter\u201d _builder_version=\u201d4.27.4\u2032\u2032 _module_preset=\u201ddefault\u201d global_colors_info=\u201d{}] [\/et_pb_column][\/et_pb_row][\/et_pb_section]<\/p>","protected":false},"excerpt":{"rendered":"<p>Datum: Fredag 29 maj Tid: Kl. 11.00\u201312.00 GMT+1 Webbseminariet, som presenteras av Mariana Lucas Casanova, kommer att behandla hur det kulturella, socioekonomiska och politiska sammanhanget p\u00e5verkar enskilda personers erfarenheter av arbete\/karri\u00e4r. Yrkesut\u00f6vares praxis och uppfattningar om karri\u00e4rer. och politik inom detta till\u00e4mpningsomr\u00e5de: bjuda in dig att bygga nya imagin\u00e4rer f\u00f6r framtidens arbete.Datum: Tisdag juni [\u2026]<\/p>","protected":false},"author":9,"featured_media":0,"parent":0,"menu_order":0,"comment_status":"closed","ping_status":"closed","template":"","meta":{"_et_pb_use_builder":"on","_et_pb_old_content":"<!-- wp:divi\/placeholder \/-->","_et_gb_content_width":"","footnotes":""},"class_list":["post-980","page","type-page","status-publish","hentry"],"_links":{"self":[{"href":"https:\/\/euroguidance.ie\/sv\/wp-json\/wp\/v2\/pages\/980","targetHints":{"allow":["GET"]}}],"collection":[{"href":"https:\/\/euroguidance.ie\/sv\/wp-json\/wp\/v2\/pages"}],"about":[{"href":"https:\/\/euroguidance.ie\/sv\/wp-json\/wp\/v2\/types\/page"}],"author":[{"embeddable":true,"href":"https:\/\/euroguidance.ie\/sv\/wp-json\/wp\/v2\/users\/9"}],"replies":[{"embeddable":true,"href":"https:\/\/euroguidance.ie\/sv\/wp-json\/wp\/v2\/comments?post=980"}],"version-history":[{"count":21,"href":"https:\/\/euroguidance.ie\/sv\/wp-json\/wp\/v2\/pages\/980\/revisions"}],"predecessor-version":[{"id":1441,"href":"https:\/\/euroguidance.ie\/sv\/wp-json\/wp\/v2\/pages\/980\/revisions\/1441"}],"wp:attachment":[{"href":"https:\/\/euroguidance.ie\/sv\/wp-json\/wp\/v2\/media?parent=980"}],"curies":[{"name":"wp","href":"https:\/\/api.w.org\/{rel}","templated":true}]}}