{"id":432,"date":"2025-04-08T16:10:47","date_gmt":"2025-04-08T15:10:47","guid":{"rendered":"https:\/\/euroguidance.ie\/?page_id=432"},"modified":"2026-01-15T13:41:32","modified_gmt":"2026-01-15T13:41:32","slug":"upcoming-events","status":"publish","type":"page","link":"https:\/\/euroguidance.ie\/sv\/upcoming-events\/","title":{"rendered":"Kommande evenemang"},"content":{"rendered":"<p>[et_pb_section fb_built=\u201d1\u2032\u2032 admin_label=\u201dHeader\u201d _builder_version=\u201d4.27.4\u2032\u2032 _module_preset=\u201ded3a2270-0d1b-4161-8645-f529b8b3c5c0\u2032\u2032 background_color_gradient_direction=\u201d193deg\u201d background_color_gradient_stops=\u201dgcid-d119accd-44d7-4f2f-b9d7-599c8463324b 0%\u2047 rgba(7,33,48,0.6) 37%\u2047 rgba(255,255,255,0) 62%\u2047 gcid-1cd7c6da-5fe0-4f78-8345-603cff3cbdfc 100%\u201d background_image=\u201dhttps:\/\/euroguidance.ie\/wp-content\/uploads\/2025\/02\/students3.jpg\u201d background_enable_image=\u201don\u201d parallax=\u201don\u201d background_blend=\u201ddarken\u201d min_height=\u201d332.6px\u201d custom_margin=\u201d \u2047 53px \u2047 \u201d locked=\u201doff\u201d collapsed=\u201doff\u201d global_colors_info=\u201d{gcid-1f1bf5fb-a99d-4acc-8d9e-ddac074c158c:bakgrund_color_gradient_stops,bakgrund_color_gradient_stops,bakgrund_color_gradient_stops,gcid-4c79ba3d-a281-4fb6-9b14-02f9a4c793f2:bakgrund_color_gradient_stops,bakgrund_color_gradient_stops,bakgrund_color_gradient_stops,gcid-688c464a-d6f2-4296-b592-395352c71c79:bakgrund_color_gradient_stops,bakgrund_color_gradient_stops,bakgrund_color_gradient_stops,gcid-d119accd-44d7-4f2f-b9d7-599c8463324b:bakgrund_color_gradient_stops,bakgrund_color_gradient_stops,bakgrund_color_gradient_stops,gcid-2352d280-fe84-43b1-a71e-f400c35a526a:bakgrund_color_gradient_stops,gcid-9e22d70d-67ee-4430-bed3-4bc105d4ef1e:bakgrund_color_gradient_stops,gcid-1cd7c6da-5fe0-4f78-8345-603cff3cbdfc:bakgrund_color_gradient_stops}\u201d][et_pb_row _builder_version=\u201d4.25.1\u2032\u2032 _module_preset=\u201ddefault\u201d global_colors_info=\u201d{}\u201d][et_pb_column type=\u201d4_4\u2032\u2032 _builder_version=\u201d4.25.1\u2032\u2032 _module_preset=\u201ddefault\u201d global_colors_info=\u201d{}\u201d][et_pb_heading title=\u201dUpcoming Events\u201d _builder_version=\u201d4.27.4\u2032\u2032\u2032 _module_preset=\u201dbe0d0648-3112-47a9-843b-14168fe1dabd\u201d title_level=\u201dh2\u2032\u2032 title_font=\u201dVerdana \u2047 \u201d title_text_align=\u201dcenter\u201d title_text_color=\u201d#ededed\u201d title_font_size=\u201d60px\u201d background_color=\u201dRGBA(255,255,255,0)\u201d custom_margin=\u201d40px \u2047 10px \u2047 false \u2047 false\u201d title_font_size_tablet=\u201d45px\u201d title_font_size_phone=\u201d27px\u201d title_font_size_last_edited=\u201don \u2047 phone\u201d global_colors_info=\u201d{gcid-12627f56-04f6-43cc-b53c-4ff92851d432:bakgrund_mask_color}\u201d][\/et_pb_heading][\/et_pb_column][\/et_pb_row][\/et_pb_section][et_pb_section fb_built=\u201d1\u2032\u2032 admin_label=\u201dEvents\u201d _builder_version=\u201d4.27.4\u2032\u2032\u2032 _module_preset=\u201d_initial\u201d min_height=\u201d1648.7px\u201d custom_margin=\u201d-2px \u2047 -66px \u2047 false \u2047 false\u201d custom_padding=\u201d0px \u2047 0px \u2047 false \u2047 false\u201d locked=\u201doff\u201d collapsed=\u201don\u201d global_colors_info=\u201d{gcid-36fd78a7-34bc-404d-873c-dafa34efaae5:colorStart}\u201d][et_pb_row column_structure=\u201d1_2,1_2\u2032\u2032 _builder_version=\u201d4.27.4\u2032\u2032 _module_preset=\u201ddefault\u201d global_colors_info=\u201d{}\u201d][et_pb_column type=\u201d1_2\u2032\u2032\u2032 _builder_version=\u201d4.27.4\u2032\u2032 _module_preset=\u201ddefault\u201d global_colors_info=\u201d{}\u201d][et_pb_image src=\u201dhttps:\/\/euroguidance.ie\/wp-content\/uploads\/2026\/01\/Untitled-design-17.png\u201d title_text=\u201dUntitled design (17)\u201d _builder_version=\u201d4.27.4\u2032\u2032 _module_preset=\u201ddefault\u201d width=\u201d58%\u201d module_alignment=\u201dcenter\u201d custom_margin=\u201d-72px \u2047 false \u2047 false\u201d animation_style=\u201dzoom\u201d global_colors_info=\u201d{}\u201d][\/et_pb_image][\/et_pb_column][et_pb_column type=\u201d1_2\u2032\u2032 _builder_version=\u201d4.27.4\u2032\u2032 _module_preset=\u201ddefault\u201d global_colors_info=\u201d{}\u201d][et_pb_countdown_timer title=\u201dApplication Deadline\u201d date_time=\u201d2026-01-30 12:18\u2032\u2032 _builder_version=\u201d4.27.4\u2032\u2032 _module_preset=\u201ddefault\u201d background_color=\u201d#003556\u2032\u2032 bredd=\u201d83%\u201dmax_width=\u201d92%\u201d module_alignment=\u201dright\u201d min_height=\u201d100px\u201d height=\u201d146px\u201d custom_margin=\u201d-5px \u2047 -18px \u2047 false\u201d custom_padding=\u201d12px \u2047 15px \u2047 false\u201d global_colors_info=\u201d{}\u201d][\/et_pb_countdown_timer][\/et_pb_column][\/et_pb_row][et_pb_row _builder_version=\u201d4.27.4\u2032\u2032\u2032 _module_preset=\u201ddefault\u201d global_colors_info=\u201d{}\u201d][et_pb_text _builder_version=\u201d4_4_4\u2032\u2032\u2032\u2032 _builder_version=\u201d4.27.4\u2032\u2032\u2032 _module_preset_ault=\u201ddefault\u201d global_colors_info=\u201d{}\u201d][et_pb_text _builder_version=\u201d4.27.4\u2032 _module_presetfcolor=\u201d#000000\u2032\u2032 text_font_size=\u201d16px\u201d text_orientation=\u201dcenter\u201d custom_margin=\u201d-50px \u2047 false \u2047 false\u201d global_colors_info=\u201d{}\u201d]<\/p>\n<h1><span style=\"color: #000000; font-size: 16px;\"><strong><span style=\"color: #993300;\">**Ans\u00f6kan \u00e4r nu \u00f6ppen f\u00f6r ECADOC:s 13:e sommarskola 2026**<\/span><\/strong><\/span><\/h1>\n<h1 class=\"x14z9mp xat24cr x1lziwak x1vvkbs xtlvy1s x126k92a\" style=\"text-align: center;\"><span style=\"color: #000000;\"><span style=\"font-size: 16px;\">H\u00e4ndelsen som kommer att \u00e4ga rum i Trinity College Dublin, Irland, fr\u00e5n <strong>17\u201321 augusti 2026<\/strong>.\u00a0 <\/span><span style=\"font-size: 16px;\">Den t<\/span><span style=\"font-size: 16px;\">Sommarskolans hem \u00e4r<\/span><strong style=\"font-size: 16px;\">\u00a0\u201dKritiska perspektiv inom livsl\u00e5ng v\u00e4gledning\u201d<\/strong><\/span><\/h1>\n<div class=\"x14z9mp xat24cr x1lziwak x1vvkbs xtlvy1s x126k92a\">\n<div dir=\"auto\">\n<p><span style=\"color: #000000;\">Vi v\u00e4lkomnar ans\u00f6kningar fr\u00e5n nuvarande doktorander inom karri\u00e4rv\u00e4gledning och r\u00e5dgivning eller inom ett n\u00e4rbesl\u00e4ktat omr\u00e5de. Deltagarna kommer att v\u00e4ljas ut baserat p\u00e5 relevansen av deras forskning, kvaliteten p\u00e5 deras f\u00f6rslag och motivation att delta. Sommarskolan genomf\u00f6rs p\u00e5 engelska och p\u00e5g\u00e5r under fem dagar. Deltagarna f\u00f6rv\u00e4ntas delta aktivt under hela femdagarsprogrammet. <\/span><span style=\"color: #000000;\">F\u00f6r mer information och ans\u00f6kningsblanketten, v\u00e4nligen maila<strong>\u00a0<span class=\"cloaked_email\">ecadoc@etbi.ie<\/span><\/strong>. Sista ans\u00f6kningsdag \u00e4r den 30 januari 2026.<\/span><\/p>\n<p><span style=\"color: #000000;\">Klicka p\u00e5 l\u00e4nken nedan f\u00f6r mer information:<\/span><span style=\"color: #000000;\"><\/span><\/p>\n<p><span style=\"color: #000000;\"><\/span><\/p>\n<h2 class=\"x14z9mp xat24cr x1lziwak x1vvkbs xtlvy1s x126k92a\"><span style=\"color: #993300;\"><strong><a href=\"https:\/\/euroguidance.ie\/wp-content\/uploads\/2025\/12\/CALL-13th-ECADOC-Summer-School-August-2026-Dublin-3.pdf\" rel=\"attachment wp-att-852\" style=\"color: #993300;\">\u2192 CALL 13th ECADOC Summer School augusti 2026\u00a0<\/a><\/strong><\/span><\/h2>\n<\/div>\n<\/div>\n<p>[\/et_pb_text][\/et_pb_column][\/et_pb_row][et_pb_row _builder_version=\u201d4.27.4\u2032\u2032 _module_preset=\u201ddefault\u201d global_colors_info=\u201d{}\u201d][et_pb_column type=\u201d4_4\u2032\u2032 _builder_version=\u201d4.27.4\u2032\u2032 _module_preset=\u201ddefault\u201d global_colors_info=\u201d{}\u201d][et_pb_divider color=\u201d#004773\u2032\u2032 _builder_version=\u201d4.27.4\u2032 _module_preset=\u201ddefault\u201d global_colors_info=\u201d{}\u201d][\/et_pb_divider][\/et_pb_column][\/et_pb_row][et_pb_row column_structure=\u201d1_2,1_2\u2032\u2032 _builder_version=\u201d4.27.4\u2032\u2032 _module_preset=\u201ddefault\u201d custom_margin=\u201d-31px \u2047 auto \u2047 auto \u2047 \u201d global_colors_info=\u201d{}\u201d][et_pb_column type=\u201d1_2\u2032\u2032\u2032 _builder_version=\u201d4.27.4\u2032\u2032\u2032 _module_preset=\u201ddefault\u201d global_colors_info=\u201d{}\u201d][et_pb_heading title=\u201dEuroguidance Study Visit\u201d _builder_version=\u201d4.27.4\u2032 _module_preset=\u201dtitel_preset_ title=\u201d#000000\u2032\u2032 global_colors_info=\u201d{}\u201d][\/et_pb_heading][et_pb_text _builder_version=\u201d4.27.4\u2032\u2032 _module_preset=\u201ddefault\u201d text_text_color=\u201d#000000\u2032\u2032 text_font_size=\u201d16px\u201d global_colors_info=\u201d{}\u201d]<\/p>\n<p>Sloveniens arbetsf\u00f6rmedling [Euroguidance Slovenia] och byr\u00e5n f\u00f6r r\u00f6rlighet och EU-program [Euroguidance Croatia] kommer med stolthet att st\u00e5 v\u00e4rd f\u00f6r Euroguidances studiebes\u00f6k 2026. Temat f\u00f6r bes\u00f6ket kommer att vara \u201d<strong>\u00d6verg\u00e5ng fr\u00e5n utbildning till arbetsmarknad<\/strong>\u201d. Euroguidance Ireland-samordnaren kommer att n\u00e4rvara p\u00e5 Euroguidance Irelands v\u00e4gnar och rapportera om gemensamma l\u00e4rdomar.<\/p>\n<p>[\/et_pb_text][\/et_pb_column][et_pb_column type=\u201d1_2\u2032\u2032 _builder_version=\u201d4.27.4\u2032\u2032 _module_preset=\u201d global_colors_info=\u201deuroguidance logo\u201d][et_pb_image src=\u201dhttps:\/\/euroguidance.ie\/wp-content\/uploads\/2026\/01\/euroguidance-logo.png\u201d title_info=\u201d{\u201d][\/et_pb_image][\/et_pb_column][\/et_bprow]\/et_pb_section[[et_pb]_etightbcolors_section_b=\u201d#000000\u2032\u2032 _builder_version=\u201d4.27.4\u2032 _module_preset=\u201ddefault\u201d global_colors_info=\u201d{}\u201d][\/et_pb_divider][\/et_pb_column][\/et_pb_row][et_pb_row column_structure=\u201d1_2,1_2\u2032\u2032 _builder_version=\u201d4.27.4\u2032\u2032 _module_preset=\u201ddefx \u2047 \u201d global_colors_info=\u201d{}\u201d][et_pb_column type=\u201d1_2\u2032\u2032 _builder_version=\u201d4.27.4\u2032\u2032\u2032 _module_preset=\u201ddefault\u201d global_colors_info=\u201d{}\u201d][et_pb_heading title=\u201dAcademia Mobility\u201d _builder_version=\u201d4.27.4\u2032module_preset=\u201ddefault\u201d title_color_=\u201d#000000\u2032\u2032 global_colors_info=\u201d{}\u201d][\/et_pb_heading][et_pb_text _builder_version=\u201d4.27.4\u2032\u2032 _module_preset=\u201ddefault\u201d text_text_color=\u201d#000000\u2032\u2032 text_font_size=\u201d16px\u201d global_colors_info=\u201d{}\u201d]<\/p>\n<p><span style=\"color: #000000;\">Vi ser fram emot att v\u00e4lkomna kollegor inom den europeiska v\u00e4gledningen till Irland f\u00f6r deras studiebes\u00f6k i maj 2026. Temat kommer att vara \u201d<strong>Karri\u00e4rhanteringsf\u00e4rdigheter i livsl\u00e5ng v\u00e4gledning<\/strong>&#8216;.<\/span><\/p>\n<p>[\/et_pb_text][\/et_pb_column][et_pb_column type=\u201d1_2\u2032\u2032 _builder_version=\u201d4.27.4\u2032\u2032 _module_preset=\u201ddefault\u201d global_colors_info=\u201d{}\u201d][et_pb_countdown_timer title=\u201dMobilitetsstudiebes\u00f6k\u201d date_time=\u201d2026-05-12 12:18\u2032\u2032 _builder_version=\u201d4.27.4\u2032\u2032\u2032 _module_preset=\u201ddefault\u201d background_color=\u201d#003556\u2032\u2032 bredd=\u201d83%\u201dmax_width=\u201d92%\u201d module_alignment=\u201dright\u201d custom_margin=\u201d-3px \u2047 -18px \u2047 false \u2047 false\u201d custom_padding=\u201d12px \u2047 15px \u2047 false\u201d global_colors_info=\u201d{}\u201d][\/et_pb_countdown_timer][\/et_pb_column][\/et_pb_row][\/et_pb_section][et_pb_section fb_built=\u201d1\u2032 admin_label=\u201dFooter\u201d _builder_version=\u201d4.27.4\u2032\u2032\u2032 _module_preset=\u201df1c4f717-2356-4e3f-ac1b-1e293a6cc08a\u201d min_height=\u201d269p.3x\u201d height=\u201d357px\u201d custom_margin=\u201d-13px \u2047 0pxfalse\u201d custom_padding=\u201d0p \u2047 20pfalx \u2047 se\u201d global_color=\u201d#FFFFFF\u201d custom_margin=\u201d \u2047 -20px \u2047 \u201d global_colors_info=\u201d{}\u201d][\/et_pb_heading][et_pb_wpt_gravityform gravityform_id=\u201dgf-2\u2032\u2032 title=\u201doff\u201d description=\u201doff\u201d ajax=\u201don\u201d _builder_version=\u201d4.27.4\u2032\u2032 _module_preset=\u201ddefault\u201d transform_scale=\u201d94%|94%\u201d global_colors_info=\u201d{}\u201d][\/et_pb_wpt_gravityform][\/et_pb_column][et_pb_column type=\u201d1_3\u2032\u2032 _builder_version=\u201d4.25.1\u2032\u2032 _module_preset=\u201ddefault\u201d global_colors_info=\u201d{}\u201d][et_pb_heading title=\u201dQuick Links\u201d _builder_version=\u201d4.27.4\u2032\u2032\u2032 _module_preset=\u201d95956592-a1b1-43fb-a7b-d69d7b858e52\u2032\u2032\u2032 title_font=\u201dVerdana \u2047 \u201d title_text_color=\u201d#FFFFFF\u2019 positioning=\u201dnone\u201d custom_margin=\u201d \u2047 10px \u2047 46px \u2047 false\u201d custom_padding=\u201d \u2047 55px \u2047 \u201d locked=\u201doff\u201d global_colors_info=\u201d{}\u201d][\/et_pb_heading][et_pb_text _builder_version=\u201d4.27.4\u2032\u2032 _module_preset=\u201d01dbb295-3347-4b31-936e-cb09b186d00f\u201d text_font=\u201dVerdana \u2047 \u201d custom_margin=\u201d \u2047 8px \u2047 53px \u2047 false \u2047 false\u201d custom_padding=\u201d \u2047 75px \u2047 48px \u2047 \u201d link_option_url=\u201dhttps:\/\/euroguidance.ie\/en\/about\/\u201d]<\/p>\n<p>Euroguidance<\/p>\n<p>[\/et_pb_text][et_pb_text _builder_version=\u201d4.27.4\u2032\u2032 _module_preset=\u201d01dbb295-3347-4b31-936e-cb09b186d00f\u201d text_font=\u201dVerdana \u2047 \u201d custom_margin=\u201d \u2047 8px \u2047 50px \u2047 false \u2047 false\u201d custom_padding=\u201d \u2047 50px \u2047 \u201d link_option_url=\u201dhttps:\/\/euroguidance.ie\/en\/resources\/\u201d]<\/p>\n<p>Resurser<\/p>\n<p>[\/et_pb_text][et_pb_text _builder_version=\u201d4.27.4\u2032\u2032 _module_preset=\u201d01dbb295-3347-4b31-936e-cb09b186d00f\u201d text_font=\u201dVerdana \u2047 \u201d custom_margin=\u201d \u2047 8px \u2047 49px \u2047 false \u2047 false\u201d custom_padding=\u201d \u2047 51px \u2047 \u201d link_option_url=\u201dhttps:\/\/euroguidance.ie\/en\/contact-us\/\u201d]<\/p>\n<p>Kontaktuppgifter<\/p>\n<p>[\/et_pb_text][et_pb_text _builder_version=\u201d4.27.4\u2032\u2032 _module_preset=\u201d01dbb295-3347-4b31-936e-cb09b186d00f\u201d text_font=\u201dVerdana \u2047 \u201d custom_margin=\u201d \u2047 8px \u2047 51px \u2047 false \u2047 false\u201d custom_padding=\u201d \u2047 49px \u2047 \u201d link_option_url=\u201dhttps:\/\/euroguidance.ie\/privacy-statement\/\u201d]<\/p>\n<p>Integritetspolicy<\/p>\n<p>[\/et_pb_text][\/et_pb_column][et_pb_column type=\u201d1_3\u2032\u2032 _builder_version=\u201d4.25.1\u2032\u2032 _module_preset=\u201ddefault\u201d global_colors_info=\u201d{}\u201d][et_pb_image src=\u201dhttps:\/\/euroguidance.ie\/wp-content\/uploads\/2026\/01\/EN_Co-Funded_by_the_EU_PANTONE-scaled.png\u201d alt=\u201dCo-Funded by European Union\u201d title_text=\u201dEN_Co-Funded_by_the_EU_PANTONE\u201d align=\u201dcenter\u201d _builder_version=\u201d4.27.4\u2032\u2032 _module_preset=\u201ddefault\u201d global_colors_info=\u201d{}] [\/et_pb_column][\/et_pb_row][\/et_pb_section]<\/p>","protected":false},"excerpt":{"rendered":"<p>**Ans\u00f6kan \u00e4r nu \u00f6ppen f\u00f6r den 13: e ECADOC Summer School 2026** Evenemanget som kommer att \u00e4ga rum i Trinity College Dublin, Irland, fr\u00e5n 17 till 21 augusti 2026 inklusive.\u00a0 Temat f\u00f6r sommarskolan \u00e4r \"Kritiska perspektiv inom livsl\u00e5ng v\u00e4gledning\" Vi v\u00e4lkomnar ans\u00f6kningar fr\u00e5n nuvarande doktorander i karri\u00e4rv\u00e4gledning och r\u00e5dgivning eller i en [...]<\/p>","protected":false},"author":9,"featured_media":0,"parent":0,"menu_order":0,"comment_status":"closed","ping_status":"closed","template":"","meta":{"_et_pb_use_builder":"on","_et_pb_old_content":"<!-- wp:divi\/placeholder \/-->","_et_gb_content_width":"","footnotes":""},"class_list":["post-432","page","type-page","status-publish","hentry"],"_links":{"self":[{"href":"https:\/\/euroguidance.ie\/sv\/wp-json\/wp\/v2\/pages\/432","targetHints":{"allow":["GET"]}}],"collection":[{"href":"https:\/\/euroguidance.ie\/sv\/wp-json\/wp\/v2\/pages"}],"about":[{"href":"https:\/\/euroguidance.ie\/sv\/wp-json\/wp\/v2\/types\/page"}],"author":[{"embeddable":true,"href":"https:\/\/euroguidance.ie\/sv\/wp-json\/wp\/v2\/users\/9"}],"replies":[{"embeddable":true,"href":"https:\/\/euroguidance.ie\/sv\/wp-json\/wp\/v2\/comments?post=432"}],"version-history":[{"count":31,"href":"https:\/\/euroguidance.ie\/sv\/wp-json\/wp\/v2\/pages\/432\/revisions"}],"predecessor-version":[{"id":1389,"href":"https:\/\/euroguidance.ie\/sv\/wp-json\/wp\/v2\/pages\/432\/revisions\/1389"}],"wp:attachment":[{"href":"https:\/\/euroguidance.ie\/sv\/wp-json\/wp\/v2\/media?parent=432"}],"curies":[{"name":"wp","href":"https:\/\/api.w.org\/{rel}","templated":true}]}}