{"id":419,"date":"2025-04-08T16:07:14","date_gmt":"2025-04-08T15:07:14","guid":{"rendered":"https:\/\/euroguidance.ie\/?page_id=419"},"modified":"2026-01-14T10:49:32","modified_gmt":"2026-01-14T10:49:32","slug":"enic-naric-networks","status":"publish","type":"page","link":"https:\/\/euroguidance.ie\/sv\/enic-naric-networks\/","title":{"rendered":"ENIC-NARIC-n\u00e4tverk"},"content":{"rendered":"<p>[et_pb_section fb_built=\u201d1\u2032\u2032 admin_label=\u201dHeader\u201d _builder_version=\u201d4.27.4\u2032\u2032 _module_preset=\u201ded3a2270-0d1b-4161-8645-f529b8b3c5c0\u2032\u2032 background_color_gradient_direction=\u201d193deg\u201d background_color_gradient_stops=\u201dgcid-d119accd-44d7-4f2f-b9d7-599c8463324b 0%\u2047 rgba(7,33,48,0.6) 37%\u2047 rgba(255,255,255,0) 62%\u2047 gcid-1cd7c6da-5fe0-4f78-8345-603cff3cbdfc 100%\u201d background_image=\u201dhttps:\/\/euroguidance.ie\/wp-content\/uploads\/2025\/02\/students3.jpg\u201d background_enable_image=\u201don\u201d parallax=\u201don\u201d background_blend=\u201ddarken\u201d min_height=\u201d332.6px\u201d custom_margin=\u201d \u2047 53px \u2047 \u201d locked=\u201doff\u201d collapsed=\u201doff\u201d global_colors_info=\u201d{gcid-1f1bf5fb-a99d-4acc-8d9e-ddac074c158c:bakgrund_color_gradient_stops,bakgrund_color_gradient_stops,bakgrund_color_gradient_stops,gcid-4c79ba3d-a281-4fb6-9b14-02f9a4c793f2:bakgrund_color_gradient_stops,bakgrund_color_gradient_stops,bakgrund_color_gradient_stops,gcid-688c464a-d6f2-4296-b592-395352c71c79:bakgrund_color_gradient_stops,bakgrund_color_gradient_stops,bakgrund_color_gradient_stops,gcid-d119accd-44d7-4f2f-b9d7-599c8463324b:bakgrund_color_gradient_stops,bakgrund_color_gradient_stops,bakgrund_color_gradient_stops,gcid-2352d280-fe84-43b1-a71e-f400c35a526a:bakgrund_color_gradient_stops,gcid-9e22d70d-67ee-4430-bed3-4bc105d4ef1e:bakgrund_color_gradient_stops,gcid-1cd7c6da-5fe0-4f78-8345-603cff3cbdfc:bakgrund_color_gradient_stops}\u201d][et_pb_row _builder_version=\u201d4.25.1\u2032\u2032 _module_preset=\u201ddefault\u201d global_colors_info=\u201d{}\u201d][et_pb_column type=\u201d4_4\u2032\u2032 _builder_version=\u201d4.25.1\u2032\u2032 _module_preset=\u201ddefault\u201d global_colors_info=\u201d{}\u201d][et_pb_heading title=\u201dENIC \u2013 NARIC\u201d _builder_version=\u201d4.27.4\u2032\u2032\u2032\u2032 _module_preset=\u201dbe0d0648-3112-47a9-843b-14168fe1dabd\u201d title_level=\u201dh2\u2032\u2032 title_font=\u201dVerdana \u2047 \u201d title_text_align=\u201dcenter\u201d title_text_color=\u201d#ededed\u201d title_font_size=\u201d60px\u201d background_color=\u201dRGBA(255,255,255,0)\u201d custom_margin=\u201d40px \u2047 10px \u2047 false \u2047 false\u201d title_font_size_tablet=\u201d45px\u201d title_font_size_phone=\u201d27px\u201d title_font_size_last_edited=\u201don \u2047 phone\u201d global_colors_info=\u201d{gcid-12627f56-04f6-43cc-b53c-4ff92851d432:bakgrund_mask_color}\u201d][\/et_pb_heading][\/et_pb_column][\/et_pb_row][\/et_pb_section][et_pb_section fb_built=\u201d1\u2032\u2032 _builder_version=\u201d4.27.4\u2032\u2032 _module_preset=\u201ddefault\u201d global_colors_info=\u201d{}\u201d][et_pb_column type=\u201d4_4\u2032\u2032 _builder_version=\u201d4.27.4\u2032\u2032 _module_preset=\u201ddefault\u201d global_colors_info=\u201d{}]][et_pb_texter_version=\u201d4.27.4\u2032\u2032\u2032 _module_preset=\u201ddefault\u201d global_colors_info=\u201d{}]\u201d _module_preset=\u201ddefault\u201d hover_enabled=\u201d0\u2032\u2032 global_colors_info=\u201d{}\u201d text_text_color=\u201d#000000\u2032\u2032 text_font_size=\u201d16px\u201d sticky_enabled=\u201d0\u2032\u2032]<\/p>\n<p style=\"text-align: center;\"><span style=\"color: #000000;\">ENIC-NARIC-n\u00e4tverken \u00e4r resultatet av ett p\u00e5g\u00e5ende samarbete mellan de nationella informationscentrumen f\u00f6r akademiskt erk\u00e4nnande av kvalifikationer i sammanlagt 56 l\u00e4nder, som verkar enligt principerna i 1997 \u00e5rs Lissabonkonvention om erk\u00e4nnande.<\/span><\/p>\n<p>[\/et_pb_text][\/et_pb_column][\/et_pb_row][\/et_pb_section][et_pb_section fb_built=\u201d1\u2032\u2032 _builder_version=\u201d4.27.4\u2032\u2032 _module_preset=\u201ddefault\u201d min_height=\u201d1084.5px\u201d custom_margin=\u201d-57px \u2047 -282px \u2047 \u201d custom_padding=\u201d0px \u2047 \u201d global_colors_info=\u201d{}][et_pb_row column_structure=\u201d1_2,1_2\u2032\u2032\u2032 _builder_version=\u201d4.27.4\u2032\u2032\u2032\u2032 _module_preset=\u201ddefault\u201d global_colors_info=\u201d{}][et_pb_column type=\u201d1_2\u2032\u2032\u2032 _builder_version=\u201d4.27.4\u2032\u2032 _module_preset=\u201dfault\u201dglobal_colors_info=\u201d{\u201d]][pic_on]=\u201d#7b2d72\u2032\u2032 _builder_version=\u201d4.27.4\u2032\u2032 _module_preset=\u201ddefault\u201d global_colors_info=\u201d{}\u201d][\/et_pb_icon][et_pb_button button_url=\u201dhttps:\/\/www.enic-naric.net\/page-lisbon-recognition-convention\u201d url_new_window=\u201don\u201d button_text=\u201dMer information finns h\u00e4r \u201d button_alignment=\u201dcenter\u201d _builder_version=\u201d4.27.4\u2032\u2032\u2032 _module_preset=\u201ddefault\u201d custom_button=\u201don\u201d button_text_color=\u201d#000044\u2032\u2032 global_colors_info=\u201d{}\u201d][\/et_pb_button][\/et_pb_column][et_pb_column type=\u201d1_2\u2032\u2032 _builder_version=\u201d4.27.4\u2032\u2032 _module_preset=\u201ddefault\u201d global_colors_info=\u201d{}\u201d][et_pb_heading title=\u201dENIC-NARIC ger information till:\u201d _builder_version=\u201d4.27.4\u2032\u2032\u2032 _module_preset=\u201ddefault\u201d hover_enabled=\u201d0\u2032\u2032\u2032 global_colors_info=\u201d{}\u201d title_text_color=\u201d#000000\u2032\u2032 sticky_enabled=\u201d0\u2032\u2032][\/et_pb_heading][et_pb_text _builder_version=\u201d4.27.4\u2032\u2032 _module_preset=\u201ddefault\u201d hover_enabled=\u201d0\u2032\u2032\u2032 global_colors_info=\u201d{}\u201d text_text_color=\u201d#000000\u2032\u2032 text_font_size=\u201d16px\u201d sticky_enabled=\u201d0\u2032\u2032]<\/p>\n<ul>\n<li style=\"text-align: left;\"><span style=\"color: #000000;\">Personer som arbetar f\u00f6r att studera eller arbeta utomlands<\/span><\/li>\n<li style=\"text-align: left;\"><span style=\"color: #000000;\">Beh\u00f6righetsbed\u00f6mare<\/span><\/li>\n<li style=\"text-align: left;\"><span style=\"color: #000000;\">H\u00f6gskolor<\/span><\/li>\n<li style=\"text-align: left;\"><span style=\"color: #000000;\">Arbetsgivare<\/span><\/li>\n<\/ul>\n<p>[\/et_pb_text][\/et_pb_column][\/et_pb_row][et_pb_row _builder_version=\u201d4.27.4\u2032\u2032 _module_preset=\u201dcustom_margin=\u201d1px \u2047 226px \u2047 false\u201d global_colors_info=\u201d{][et_pb_image src=\u201dhttps:\/\/euroguidance.ie\/wp-content\/uploads\/2025\/04\/Enic-Countries.png\u201d alt=\u201dGraphic Listing Enic countries\u201d title_=\u201dEnic-Countries\u201d _builder_version=\u201d4.27.4\u2032 _epreset_color#FFFFFF\u201d custom_margin=\u201d \u2047 -20px \u2047 \u201d global_colors_info=\u201d{}\u201d][\/et_pb_heading][et_pb_wpt_gravityform gravityform_id=\u201dgf-2\u2032\u2032 title=\u201doff\u201d description=\u201doff\u201d ajax=\u201don\u201d _builder_version=\u201d4.27.4\u2032\u2032 _module_preset=\u201ddefault\u201d transform_scale=\u201d94%|94%\u201d global_colors_info=\u201d{}\u201d][\/et_pb_wpt_gravityform][\/et_pb_column][et_pb_column type=\u201d1_2\u2032\u2032 _builder_version=\u201d4.25.1\u2032\u2032 _module_preset=\u201ddefault\u201d global_colors_info=\u201d{}\u201d][et_pb_heading title=\u201dQuick Links\u201d _builder_version=\u201d4.27.4\u2032\u2032\u2032 _module_preset=\u201d95956592-a1b1-43fb-a7b-d69d7b858e52\u2032\u2032\u2032 title_font=\u201dVerdana \u2047 \u201d title_text_color=\u201d#FFFFFF\u201d custom_margin=\u201d \u2047 10px \u2047 false \u2047 false\u201d locked=\u201doff\u201d global_colors_info=\u201d{}\u201d][\/et_pb_heading][et_pb_text _builder_version=\u201d4.27.4\u2032\u2032 _module_preset=\u201d01dbb295-3347-4b31-936e-cb09b186d00f\u201d text_font=\u201dVerdana \u2047 \u201d custom_margin=\u201d \u2047 8px \u2047 false \u2047 false\u201d link_option_url=\u201dhttps:\/\/euroguidance.ie\/en\/about\/\u201d]<\/p>\n<p>Euroguidance<\/p>\n<p>[\/et_pb_text][et_pb_text _builder_version=\u201d4.27.4\u2032\u2032 _module_preset=\u201d01dbb295-3347-4b31-936e-cb09b186d00f\u201d text_font=\u201dVerdana \u2047 \u201d custom_margin=\u201d \u2047 8px \u2047 false \u2047 false\u201d link_option_url=\u201dhttps:\/\/euroguidance.ie\/en\/resources\/\u201d]<\/p>\n<p>Resurser<\/p>\n<p>[\/et_pb_text][et_pb_text _builder_version=\u201d4.27.4\u2032\u2032 _module_preset=\u201d01dbb295-3347-4b31-936e-cb09b186d00f\u201d text_font=\u201dVerdana \u2047 \u201d custom_margin=\u201d \u2047 8px \u2047 false \u2047 false\u201d link_option_url=\u201dhttps:\/\/euroguidance.ie\/en\/contact-us\/\u201d]<\/p>\n<p>Kontaktuppgifter<\/p>\n<p>[\/et_pb_text][et_pb_text _builder_version=\u201d4.27.4\u2032\u2032 _module_preset=\u201d01dbb295-3347-4b31-936e-cb09b186d00f\u201d text_font=\u201dVerdana \u2047 \u201d custom_margin=\u201d \u2047 8px \u2047 false \u2047 false\u201d]<\/p>\n<p>Integritetspolicy<\/p>\n<p>[\/et_pb_text][\/et_pb_column][\/et_pb_row][\/et_pb_section]<\/p>","protected":false},"excerpt":{"rendered":"<p>ENIC-NARIC-n\u00e4tverken \u00e4r resultatet av ett p\u00e5g\u00e5ende samarbete mellan de nationella informationscentrumen f\u00f6r akademiskt erk\u00e4nnande av kvalifikationer i sammanlagt 56 l\u00e4nder, som verkar enligt principerna i 1997 \u00e5rs Lissabonkonvention om erk\u00e4nnande. Personer som arbetar f\u00f6r att studera eller arbeta utomlands Referensutv\u00e4rderare H\u00f6gskolor Arbetsgivare EuroguidanceResurserKontaktSekretesspolicy<\/p>","protected":false},"author":9,"featured_media":0,"parent":0,"menu_order":0,"comment_status":"closed","ping_status":"closed","template":"","meta":{"_et_pb_use_builder":"on","_et_pb_old_content":"","_et_gb_content_width":"","footnotes":""},"class_list":["post-419","page","type-page","status-publish","hentry"],"_links":{"self":[{"href":"https:\/\/euroguidance.ie\/sv\/wp-json\/wp\/v2\/pages\/419","targetHints":{"allow":["GET"]}}],"collection":[{"href":"https:\/\/euroguidance.ie\/sv\/wp-json\/wp\/v2\/pages"}],"about":[{"href":"https:\/\/euroguidance.ie\/sv\/wp-json\/wp\/v2\/types\/page"}],"author":[{"embeddable":true,"href":"https:\/\/euroguidance.ie\/sv\/wp-json\/wp\/v2\/users\/9"}],"replies":[{"embeddable":true,"href":"https:\/\/euroguidance.ie\/sv\/wp-json\/wp\/v2\/comments?post=419"}],"version-history":[{"count":14,"href":"https:\/\/euroguidance.ie\/sv\/wp-json\/wp\/v2\/pages\/419\/revisions"}],"predecessor-version":[{"id":1297,"href":"https:\/\/euroguidance.ie\/sv\/wp-json\/wp\/v2\/pages\/419\/revisions\/1297"}],"wp:attachment":[{"href":"https:\/\/euroguidance.ie\/sv\/wp-json\/wp\/v2\/media?parent=419"}],"curies":[{"name":"wp","href":"https:\/\/api.w.org\/{rel}","templated":true}]}}