{"id":413,"date":"2025-04-08T16:06:07","date_gmt":"2025-04-08T15:06:07","guid":{"rendered":"https:\/\/euroguidance.ie\/?page_id=413"},"modified":"2026-01-09T14:50:36","modified_gmt":"2026-01-09T14:50:36","slug":"mobility-opportunities","status":"publish","type":"page","link":"https:\/\/euroguidance.ie\/sv\/mobility-opportunities\/","title":{"rendered":"M\u00f6jligheter till r\u00f6rlighet"},"content":{"rendered":"<p>[et_pb_section fb_built=\u201d1\u2032\u2032 admin_label=\u201dHeader\u201d _builder_version=\u201d4.27.4\u2032\u2032 _module_preset=\u201ded3a2270-0d1b-4161-8645-f529b8b3c5c0\u2032\u2032 background_color_gradient_direction=\u201d193deg\u201d background_color_gradient_stops=\u201dgcid-d119accd-44d7-4f2f-b9d7-599c8463324b 0%\u2047 rgba(7,33,48,0.6) 37%\u2047 rgba(255,255,255,0) 62%\u2047 gcid-1cd7c6da-5fe0-4f78-8345-603cff3cbdfc 100%\u201d background_image=\u201dhttps:\/\/euroguidance.ie\/wp-content\/uploads\/2025\/02\/students3.jpg\u201d background_enable_image=\u201don\u201d parallax=\u201don\u201d background_blend=\u201ddarken\u201d min_height=\u201d332.6px\u201d custom_margin=\u201d \u2047 53px \u2047 \u201d locked=\u201doff\u201d collapsed=\u201doff\u201d global_colors_info=\u201d{gcid-1f1bf5fb-a99d-4acc-8d9e-ddac074c158c:bakgrund_color_gradient_stops,bakgrund_color_gradient_stops,bakgrund_color_gradient_stops,gcid-4c79ba3d-a281-4fb6-9b14-02f9a4c793f2:bakgrund_color_gradient_stops,bakgrund_color_gradient_stops,bakgrund_color_gradient_stops,gcid-688c464a-d6f2-4296-b592-395352c71c79:bakgrund_color_gradient_stops,bakgrund_color_gradient_stops,bakgrund_color_gradient_stops,gcid-d119accd-44d7-4f2f-b9d7-599c8463324b:bakgrund_color_gradient_stops,bakgrund_color_gradient_stops,bakgrund_color_gradient_stops,gcid-2352d280-fe84-43b1-a71e-f400c35a526a:bakgrund_color_gradient_stops,gcid-9e22d70d-67ee-4430-bed3-4bc105d4ef1e:bakgrund_color_gradient_stops,gcid-1cd7c6da-5fe0-4f78-8345-603cff3cbdfc:bakgrund_color_gradient_stops}\u201d][et_pb_row _builder_version=\u201d4.25.1\u2032\u2032 _module_preset=\u201ddefault\u201d global_colors_info=\u201d{}\u201d][et_pb_column type=\u201d4_4\u2032\u2032 _builder_version=\u201d4.25.1\u2032\u2032 _module_preset=\u201ddefault\u201d global_colors_info=\u201d{}\u201d][et_pb_heading title=\u201dMobility Opportunities\u201d _builder_version=\u201d4.27.4\u2032\u2032\u2032 _module_preset=\u201dbe0d0648-3112-47a9-843b-14168fe1dabd\u201d title_level=\u201dh2\u2032\u2032 title_font=\u201dVerdana \u2047 \u201d title_text_align=\u201dcenter\u201d title_text_color=\u201d#ededed\u201d title_font_size=\u201d60px\u201d background_color=\u201dRGBA(255,255,255,0)\u201d custom_margin=\u201d40px \u2047 10px \u2047 false \u2047 false\u201d title_font_size_tablet=\u201d45px\u201d title_font_size_phone=\u201d27px\u201d title_font_size_last_edited=\u201don \u2047 phone\u201d global_colors_info=\u201d{gcid-12627f56-04f6-43cc-b53c-4ff92851d432:bakgrund_mask_color}\u201d][\/et_pb_heading][\/et_pb_column][\/et_pb_row][\/et_pb_section][et_pb_section fb_built=\u201d1\u2032\u2032 admin_label=\u201dStatistics\u201d _builder_version=\u201d4.27.4\u2032\u2032 _module_preset=\u201ddefault\u201d background_enable_color=\u201doff\u201d background_enable_image=\u201doff\u201d animation_style=\u201dflip\u201d locked=\u201doff\u201d collapsed=\u201don\u201d global_colors_info=\u201d{}\u201d custom_padding=\u201d5px \u2047 \u201d][et_pb_row column_structure=\u201d1_2,1_2_2\u2032 _builder_version=\u201d4.17.3\u2032\u2032 _module_preset=\u201d5138c454-be54-4233-bd3b-f8a8747976\u2032 global_color_info=\u201d{]_p=\u201d#000000\u2032\u2032 title_font_size=\u201d50px\u201d title_line_height=\u201d1.2em\u201d custom_margin=\u201d64px \u2047 10px \u2047 false \u2047 false\u201d hover_enabled=\u201d0\u2032\u2032 title_font_size_tablet=\u201d28px\u201d title_font_size_phone=\u201d20px\u201d title_font_size_last_edited=\u201don \u2047 phone\u201d locked=\u201doff\u201d global_colors_info=\u201d{}\u201d sticky_enabled=\u201d0\u2032\u2032\u2032][\/et_pb_heading][et_pb_text _builder_version=\u201d4.27.4\u2032\u2032\u2032 _module_preset=\u201ddefault\u201d text_text_color=\u201d#000000\u2032\u2032 text_font_size=\u201d16px\u201d hover_enabled=\u201d0\u2032\u2032 sticky_enabled=\u201d0\u2032\u2032]<\/p>\n<p><span style=\"color: #000000;\">Studiebes\u00f6k f\u00f6r r\u00f6rlighet inom den akademiska v\u00e4rlden ger m\u00e4nniskor m\u00f6jlighet att resa till ett annat land f\u00f6r att l\u00e4ra sig hur v\u00e4gledning och utbildning fungerar d\u00e4r. Dessa bes\u00f6k hj\u00e4lper deltagarna att se nya id\u00e9er i praktiken, l\u00e4ra av varandra och f\u00e5 nya f\u00e4rdigheter tillbaka till sina egna l\u00e4nder. Genom att dela kunskap och erfarenheter \u00f6ver gr\u00e4nserna st\u00f6der Euroguidance livsl\u00e5ng v\u00e4gledning och uppmuntrar till fortsatt samarbete mellan l\u00e4nder.<\/span><\/p>\n<p>[\/et_pb_text][et_pb_button button_url=\u201dhttps:\/\/euroguidance.eu\/international-mobility\/training-opportunities\u201d url_new_window=\u201don\u201d button_text=\u201dMer information finns h\u00e4r\u201d button_alignment=\u201dleft\u201d _builder_version=\u201d4.27.4\u2032\u2032\u2032 _module_preset=\u201ddefault\u201d custom_button=\u201don\u201d button_text_color=\u201d#004773\u2032 custom_margin=\u201d13px \u2047 19px \u2047 false\u201d custom_padding=\u201d \u2047 0px \u2047 false\u201d animation_style=\u201dfold\u201d hover_enabled=\u201d0\u2032\u2032 global_colors_info=\u201d{}\u201d sticky_enabled=\u201d0\u2032\u2032][\/et_pb_button][\/et_pb_column][et_pb_column type=\u201d1_2\u2032\u2032 _builder_version=\u201d4.17.3\u2032\u2032\u2032 _module_preset=\u201d73121f80-a3ef-4484-8763-c3f18e3c56d2\u2032\u2032 global_colors_info=\u201d{\u201d][et_pbb_image src=\u201dhttps:\/\/euroguidance.ie\/wp-content\/uploads\/2026\/01\/Untitled-design-18.png\u201d showbuild_=\u201d4.2_prev#004773\u2032\u2032 custom_padding=\u201d20px \u2047 20px \u2047 20px \u2047 20px \u2047 true \u2047 true\u201d border_radii=\u201don \u2047 6px \u2047 6px \u2047 6px \u2047 6px\u201d global_colors_info=\u201d{}\u201d][et_pb_number_counter title=\u201d\u00d6ver 5 000 deltagare\u201d number=\u201d100\u2032\u2032 percent_sign=\u201doff\u201d module_class=\u201dai_ignore_number\u201d _builder_version=\u201d4.24.2\u2032\u2032\u2032 _module_preset=\u201deb8e0a21-f73c-4e32-bc0c-e37d0ee934ba\u201d title_font=\u201dIBM Plex Sans Condensed \u2047 IBM Plex Sans Condensed_weight \u2047 \u201d title_text_color=\u201d#FFFFFF\u201d title_font_size=\u201d18px\u201d title_line_height=\u201d1.4em\u201d number_font=\u201dIBM Plex Sans \u2047 IBM Plex Sans_weight \u2047 \u201d number_text_color=\u201d#FFFFFF\u201d title_font_size_tablet=\u201d15px\u201d title_font_size_phone=\u201d14px\u201d title_font_size_last_edited=\u201don \u2047 tablet\u201d number_font_size_tablet=\u201d number_font_size_phone=\u201d40px\u201d number_font_size_last_edited=\u201don \u2047 desktop\u201d locked=\u201doff\u201d global_colors_info=\u201d{}\u201d][\/et_pb_number_counter][\/et_pb_column][et_pb_column type=\u201d1_4\u2032\u2032\u2032 _builder_version=\u201d4.27.4\u2032\u2032\u2032 _module_preset=\u201d24385ca2-769f-4664-bda9-1443db945d08\u2032\u2032\u2032 'bakgrund_color=\u201d#2f8540\u2032\u2032 custom_padding=\u201d10%\u2047 20px \u2047 false \u2047 true\u201d custom_padding_tablet=\u201d20px \u2047 false \u2047 true\u201d custom_padding_phone=\u201d20px \u2047 false \u2047 true\u201d custom_padding_last_edited=\u201don \u2047 desktop\u201d border_radii=\u201don \u2047 6px \u2047 6px \u2047 6px \u2047 6px \u2047 6px\u201d global_colors_info=\u201d{}\u201d][et_pb_number_counter title=\u201dEngagement Across 20+ Countries\u201d number=\u201d100\u2032 percent_sign=\u201doff\u201d module_class=\u201dai_ignore_number\u201d _builder_version=\u201d4.27.4\u2032\u2032 _module_preset=\u201deb8e0a21-f73c-4e32-bc0c-e37d0ee934ba\u201d title_font=\u201dIBM Plex Sansdensed \u2047 IBM Plex Sans Condensedweight_ \u2047 \u201d title_color_=\u201d#FFFFFF\u201d title_font_size=\u201d18px\u201d title_line_height=\u201d1.4em\u201d number_font=\u201dIBM Plex Sans \u2047 IBM Plex Sans_weight \u2047 \u201d number_text_color=\u201d#FFFFFF\u201d title_font_size_tablet=\u201d15px\u201d title_font_size_phone=\u201d14px\u201d title_font_size_last_edited=\u201don \u2047 tablet\u201d number_font_size_tablet=\u201d number_font_size_phone=\u201d40px\u201d number_font_size_last_edited=\u201don \u2047 desktop\u201d locked=\u201doff\u201d global_colors_info=\u201d{}\u201d][\/et_pb_number_counter][\/et_pb_column][et_pb_column type=\u201d1_4\u2032\u2032\u2032 _builder_version=\u201d4.27.4\u2032\u2032\u2032 _module_preset=\u201d24385ca2-769f-4664-bda9-1443db945d08\u2032\u2032\u2032 'bakgrund_color=\u201d#7b2d72\u2032\u2032 custom_padding=\u201d20%\u2047 20px \u2047 false \u2047 true\u201d custom_padding_tablet=\u201d20px \u2047 false \u2047 true\u201d custom_padding_phone=\u201d20px \u2047 false \u2047 true\u201d custom_padding_last_edited=\u201don \u2047 tablet\u201d border_radii=\u201don \u2047 6px \u2047 6px \u2047 6px \u2047 6px \u2047 6px\u201d global_colors_info=\u201d{}\u201d][et_pb_number_counter title=\u201d80% N\u00f6jdhetsgrad\u201d nummer=\u201d100\u2032\u2032 percent_sign=\u201doff\u201d module_class=\u201dai_ignore_number\u201d _builder_version=\u201d4.24.3\u2032\u2032 _module_preset=\u201deb8e0a21-f73c-4e32-bc0c-e37d0ee934ba\u201d title_font=\u201dIBM Plex Sans Condensed \u2047 IBM Plex Sans Condensed_weight \u2047 \u201d title_text_color=\u201d#FFFFFF\u201d title_font_size=\u201d18px\u201d title_line_height=\u201d1.4em\u201d number_font=\u201dIBM Plex Sans \u2047 IBM Plex Sans_weight \u2047 \u201d number_text_color=\u201d#FFFFFF\u201d title_font_size_tablet=\u201d15px\u201d title_font_size_phone=\u201d14px\u201d title_font_size_last_edited=\u201don \u2047 tablet\u201d number_font_size_tablet=\u201d number_font_size_phone=\u201d40px\u201d number_font_size_last_edited=\u201don \u2047 desktop\u201d locked=\u201doff\u201d global_colors_info=\u201d{}\u201d][\/et_pb_number_counter][\/et_pb_column][et_pb_column type=\u201d1_4\u2032\u2032\u2032 _builder_version=\u201d4.27.4\u2032\u2032\u2032 _module_preset=\u201d73121f80-a3ef-4484-8763-c3f18e3c56d2\u2032\u2032\u2032 bakgrund_f\u00e4rg=\u201d#ffcc00\u2032\u2032 custom_padding=\u201d30%\u2047 20px \u2047 20px \u2047 20px \u2047 false \u2047 true\u201d custom_padding_tablet=\u201d20px \u2047 false \u2047 true\u201d custom_padding_phone=\u201d20px \u2047 false \u2047 true\u201d custom_padding_last_edited=\u201don \u2047 desktop\u201d border_radii=\u201don \u2047 6px \u2047 6px \u2047 6px \u2047 6px\u201d global_colors_info=\u201d{}\u201d][et_pb_number_counter title=\u201d200+ Framg\u00e5ngsrika bes\u00f6k\u201d number=\u201d100\u2032\u2032 percent_sign=\u201doff\u201d module_class=\u201dai_ignore_number\u201d _builder_version=\u201d4.27.4\u2032\u2032\u2032 _module_preset=\u201d50c76ddc-5104-4016-a79b-7d6fb53c56d5\u2032 title_font=\u201dIBM Plex Sans Condensed \u2047 IBM Plex Sans Condensedweight_ \u2047 \u201d title_color_=\u201d#FFFFFF\u201d title_font_size=\u201d18px\u201d title_line_height=\u201d1.4em\u201d number_font=\u201dIBM Plex Sans \u2047 IBM Plex Sans_weight \u2047 \u201d number_text_color=\u201d#FFFFFF\u201d title_font_size_tablet=\u201d15px\u201d title_font_size_phone=\u201d14px\u201d title_font_size_last_edited=\u201don \u2047 tablet\u201d number_font_size_tablet=\u201d number_font_size_phone=\u201d40px\u201d number_font_size_last_edited=\u201don \u2047 desktop\u201d locked=\u201doff\u201d global_colors_info=\u201d{#0e0c19:title_text_color,#0077b6:number_text_color}\u2019][\/et_pb_number_counter][\/et_pb_column][\/et_pb_row][\/et_pb_section fb_built=\u201d1\u2032\u2032 admin_label=\u201dFooter\u201d _builder_version=\u201d4.27.4\u2032\u2032 _module_preset=\u201df1c4f717-2356-4e3f-ac1b-1e293a6cc08a\u201d min_height=\u201d269.3px\u201d height=\u201d357px\u201d custom_margin=\u201d-13px \u2047 0px \u2047 false \u2047 false\u201d custom_padding=\u201d0px \u2047 20px \u2047 false \u2047 false\u201d global_module=\u201d1150\u2032 saved_tabs=\u201dall\u201d locked_\u201doff\u201d collapsed=\u201don\u201d global_colors_info=\u201d{}][et_pbrow column_structure=\u201d1_2,_build7_2\u2032\u2032.#FFFFFF\u201d custom_margin=\u201d \u2047 -20px \u2047 \u201d global_colors_info=\u201d{}\u201d][\/et_pb_heading][et_pb_wpt_gravityform gravityform_id=\u201dgf-2\u2032\u2032 title=\u201doff\u201d description=\u201doff\u201d ajax=\u201don\u201d _builder_version=\u201d4.27.4\u2032\u2032 _module_preset=\u201ddefault\u201d transform_scale=\u201d94%|94%\u201d global_colors_info=\u201d{}\u201d][\/et_pb_wpt_gravityform][\/et_pb_column][et_pb_column type=\u201d1_2\u2032\u2032 _builder_version=\u201d4.25.1\u2032\u2032 _module_preset=\u201ddefault\u201d global_colors_info=\u201d{}\u201d][et_pb_heading title=\u201dQuick Links\u201d _builder_version=\u201d4.27.4\u2032\u2032\u2032 _module_preset=\u201d95956592-a1b1-43fb-a7b-d69d7b858e52\u2032\u2032\u2032 title_font=\u201dVerdana \u2047 \u201d title_text_color=\u201d#FFFFFF\u201d custom_margin=\u201d \u2047 10px \u2047 false \u2047 false\u201d locked=\u201doff\u201d global_colors_info=\u201d{}\u201d][\/et_pb_heading][et_pb_text _builder_version=\u201d4.27.4\u2032\u2032 _module_preset=\u201d01dbb295-3347-4b31-936e-cb09b186d00f\u201d text_font=\u201dVerdana \u2047 \u201d custom_margin=\u201d \u2047 8px \u2047 false \u2047 false\u201d link_option_url=\u201dhttps:\/\/euroguidance.ie\/en\/about\/\u201d global_colors_info=\u201d{}\u201d]<\/p>\n<p>Euroguidance<\/p>\n<p>[\/et_pb_text][et_pb_text _builder_version=\u201d4.27.4\u2032\u2032 _module_preset=\u201d01dbb295-3347-4b31-936e-cb09b186d00f\u201d text_font=\u201dVerdana \u2047 \u201d custom_margin=\u201d \u2047 8px \u2047 false \u2047 false\u201d link_option_url=\u201dhttps:\/\/euroguidance.ie\/en\/resources\/\u201d global_colors_info=\u201d{}\u201d]<\/p>\n<p>Resurser<\/p>\n<p>[\/et_pb_text][et_pb_text _builder_version=\u201d4.27.4\u2032\u2032 _module_preset=\u201d01dbb295-3347-4b31-936e-cb09b186d00f\u201d text_font=\u201dVerdana \u2047 \u201d custom_margin=\u201d \u2047 8px \u2047 false \u2047 false\u201d link_option_url=\u201dhttps:\/\/euroguidance.ie\/en\/contact-us\/\u201d global_colors_info=\u201d{}\u201d]<\/p>\n<p>Kontaktuppgifter<\/p>\n<p>[\/et_pb_text][et_pb_text _builder_version=\u201d4.27.4\u2032\u2032 _module_preset=\u201d01dbb295-3347-4b31-936e-cb09b186d00f\u201d text_font=\u201dVerdana \u2047 \u201d custom_margin=\u201d \u2047 8px \u2047 false \u2047 false\u201d global_colors_info=\u201d{}\u201d]<\/p>\n<p>Integritetspolicy<\/p>\n<p>[\/et_pb_text][\/et_pb_column][\/et_pb_row][\/et_pb_section]<\/p>","protected":false},"excerpt":{"rendered":"<p>Studiebes\u00f6k f\u00f6r r\u00f6rlighet inom den akademiska v\u00e4rlden ger m\u00e4nniskor m\u00f6jlighet att resa till ett annat land f\u00f6r att l\u00e4ra sig hur v\u00e4gledning och utbildning fungerar d\u00e4r. Dessa bes\u00f6k hj\u00e4lper deltagarna att se nya id\u00e9er i praktiken, l\u00e4ra av varandra och f\u00e5 nya f\u00e4rdigheter tillbaka till sina egna l\u00e4nder. Genom att dela kunskap och erfarenheter \u00f6ver gr\u00e4nserna st\u00f6der Euroguidance livsl\u00e5ng v\u00e4gledning och [...]<\/p>","protected":false},"author":9,"featured_media":0,"parent":0,"menu_order":0,"comment_status":"closed","ping_status":"closed","template":"","meta":{"_et_pb_use_builder":"on","_et_pb_old_content":"<!-- wp:divi\/placeholder \/-->","_et_gb_content_width":"","footnotes":""},"class_list":["post-413","page","type-page","status-publish","hentry"],"_links":{"self":[{"href":"https:\/\/euroguidance.ie\/sv\/wp-json\/wp\/v2\/pages\/413","targetHints":{"allow":["GET"]}}],"collection":[{"href":"https:\/\/euroguidance.ie\/sv\/wp-json\/wp\/v2\/pages"}],"about":[{"href":"https:\/\/euroguidance.ie\/sv\/wp-json\/wp\/v2\/types\/page"}],"author":[{"embeddable":true,"href":"https:\/\/euroguidance.ie\/sv\/wp-json\/wp\/v2\/users\/9"}],"replies":[{"embeddable":true,"href":"https:\/\/euroguidance.ie\/sv\/wp-json\/wp\/v2\/comments?post=413"}],"version-history":[{"count":14,"href":"https:\/\/euroguidance.ie\/sv\/wp-json\/wp\/v2\/pages\/413\/revisions"}],"predecessor-version":[{"id":1222,"href":"https:\/\/euroguidance.ie\/sv\/wp-json\/wp\/v2\/pages\/413\/revisions\/1222"}],"wp:attachment":[{"href":"https:\/\/euroguidance.ie\/sv\/wp-json\/wp\/v2\/media?parent=413"}],"curies":[{"name":"wp","href":"https:\/\/api.w.org\/{rel}","templated":true}]}}