{"id":390,"date":"2025-04-08T16:01:12","date_gmt":"2025-04-08T15:01:12","guid":{"rendered":"https:\/\/euroguidance.ie\/?page_id=390"},"modified":"2026-01-14T10:48:10","modified_gmt":"2026-01-14T10:48:10","slug":"study-in-ireland","status":"publish","type":"page","link":"https:\/\/euroguidance.ie\/sv\/study-in-ireland\/","title":{"rendered":"Studera i Irland"},"content":{"rendered":"<p>[et_pb_section fb_built=\u201d1\u2032\u2032 admin_label=\u201dHeader\u201d _builder_version=\u201d4.27.4\u2032\u2032 _module_preset=\u201ded3a2270-0d1b-4161-8645-f529b8b3c5c0\u2032\u2032 background_color_gradient_direction=\u201d193deg\u201d background_color_gradient_stops=\u201dgcid-d119accd-44d7-4f2f-b9d7-599c8463324b 0%\u2047 rgba(7,33,48,0.6) 37%\u2047 rgba(255,255,255,0) 62%\u2047 gcid-1cd7c6da-5fe0-4f78-8345-603cff3cbdfc 100%\u201d background_image=\u201dhttps:\/\/euroguidance.ie\/wp-content\/uploads\/2025\/02\/students3.jpg\u201d background_enable_image=\u201don\u201d parallax=\u201don\u201d background_blend=\u201ddarken\u201d min_height=\u201d332.6px\u201d custom_margin=\u201d \u2047 136px \u2047 \u201d locked=\u201doff\u201d collapsed=\u201doff\u201d global_colors_info=\u201d{gcid-1f1bf5fb-a99d-4acc-8d9e-ddac074c158c:bakgrund_color_gradient_stops,bakgrund_color_gradient_stops,bakgrund_color_gradient_stops,gcid-4c79ba3d-a281-4fb6-9b14-02f9a4c793f2:bakgrund_color_gradient_stops,bakgrund_color_gradient_stops,bakgrund_color_gradient_stops,gcid-688c464a-d6f2-4296-b592-395352c71c79:bakgrund_color_gradient_stops,bakgrund_color_gradient_stops,bakgrund_color_gradient_stops,gcid-d119accd-44d7-4f2f-b9d7-599c8463324b:bakgrund_color_gradient_stops,bakgrund_color_gradient_stops,bakgrund_color_gradient_stops,gcid-2352d280-fe84-43b1-a71e-f400c35a526a:bakgrund_color_gradient_stops,gcid-9e22d70d-67ee-4430-bed3-4bc105d4ef1e:bakgrund_color_gradient_stops,gcid-1cd7c6da-5fe0-4f78-8345-603cff3cbdfc:bakgrund_color_gradient_stops}\u201d][et_pb_row _builder_version=\u201d4.25.1\u2032\u2032 _module_preset=\u201ddefault\u201d global_colors_info=\u201d{}\u201d][et_pb_column type=\u201d4_4\u2032\u2032 _builder_version=\u201d4.25.1\u2032\u2032 _module_preset=\u201ddefault\u201d global_colors_info=\u201d{}\u201d][et_pb_heading title=\u201dStudy in Ireland\u201d _builder_version=\u201d4.27.4\u2032\u2032\u2032 _module_preset=\u201dbe0d0648-3112-47a9-843b-14168fe1dabd\u201d title_level=\u201dh2\u2032\u2032 title_font=\u201dVerdana \u2047 \u201d title_text_align=\u201dcenter\u201d title_text_color=\u201d#ededed\u201d title_font_size=\u201d60px\u201d background_color=\u201dRGBA(255,255,255,0)\u201d custom_margin=\u201d40px \u2047 10px \u2047 false \u2047 false\u201d title_font_size_tablet=\u201d45px\u201d title_font_size_phone=\u201d27px\u201d title_font_size_last_edited=\u201don \u2047 phone\u201d global_colors_info=\u201d{gcid-12627f56-04f6-43cc-b53c-4ff92851d432:bakgrund_mask_color}\u201d][\/et_pb_heading][\/et_pb_column][\/et_pb_row][\/et_pb_section][et_pb_section fb_built=\u201d1\u2032\u2032 admin_label=\u201dAbout\u201d _builder_version=\u201d4.25.1\u2032\u2032 _module_preset=\u201ddefault\u201d locked=\u201doff\u201d collapsed=\u201don\u201d global_colors_info=\u201d{}\u201d][et_pb_row column_structure=\u201d1_2,1_2\u2032\u2032 custom_padding_last_edited=\u201don \u2047 desktop\u201d _builder_version=\u201d4.27.4\u2032\u2032\u2032 _module_preset=\u201d048d8e79-b07f-439b-bd57-f41c14f0a56b\u201d background_color=\u201d#FFFFFF\u201d custom_margin=\u201d-88px \u2047 auto \u2047 auto \u2047 \u201d custom_padding=\u201d \u2047 30px \u2047 30px \u2047 false \u2047 true\u201d custom_padding_tablet=\u201d \u2047 30px \u2047 30px \u2047 30px \u2047 false \u2047 true\u201d custom_padding_phone=\u201d \u2047 20px \u2047 20px \u2047 false \u2047 true\u201d hover_enabled=\u201d0\u2032\u2032 border_radii=\u201don \u2047 6px \u2047 6px \u2047 6px \u2047 6px \u2047 6px \u2047 6px\u201d global_colors_info=\u201d{}\u201d sticky_enabled=\u201d0\u2032\u2032][et_pb_column type=\u201d1_2\u2032\u2032 _builder_version=\u201d4.25.1\u2032\u2032 _module_preset=\u201ddefault\u201d global_colors_info=\u201d{}]\u201d[et_pb_heading title=\u201dVarf\u00f6r studie i Irland?\u201d _builder_version=\u201d4.27.4\u2032\u2032 _module_preset=\u201dc33f07d9-41e0-421a-8799-5799df695cce\u201d title_level=\u201dh2\u2032\u2032 title_font=\u201d\u2013et_global_heading_font \u2047 IBM Plex Sans Condensed_weight \u2047 \u201d title_text_align=\u201dcenter\u201d title_text_color=\u201d#0e0c19\u2032\u2032 title_font_size=\u201d40px\u201d title_line_height=\u201d1.2em\u201d custom_margin=\u201d \u2047 10px \u2047 false \u2047 false\u201d title_font_size_tablet=\u201d28px\u201d title_font_size_phone=\u201d20px\u201d title_font_size_last_edited=\u201don \u2047 phone\u201d global_colors_info=\u201d{}\u201d][\/et_pb_heading][et_pb_text quote_border_color=\u201d#0077b6\u2032\u2032 _builder_version=\u201d4.27.4\u2032\u2032 _module_preset=\u201d2c55a9c4-feed-423b-9edb-ae0b5b365cac\u201d text_font=\u201d \u2047 IBM Plex Sans_weight \u2047 \u201d text_text_color=\u201d#000000\u2032\u2032 text_line_height=\u201d1.75em\u201d link_font=\u201d \u2047 IBM Plex Sans_weight \u2047 \u201d link_text_color=\u201d#03045e\u201d quote_font=\u201dIBM Plex Sans Condensed \u2047 IBM Plex Sans Condensed_weight \u2047 \u201d quote_text_color=\u201d#0e0c19\u2032\u2032 header_font=\u201d \u2047 IBM Plex Sans Condensed_weight \u2047 \u201d header_text_color=\u201d#000000\u2032\u2032 header_font_size=\u201d72px\u201d header_line_height=\u201d1.15em\u201d header_2_font=\u201dIBM Plex Sans Condensed \u2047 IBM Plex Sans Condensed_weight \u2047 \u201d header_2_text_color=\u201d#0e0c19\u2032\u2032 header_2_font_size=\u201d50px\u201d header_2_line_height=\u201d1.2em\u201d header_3_font=\u201dIBM Plex Sans Condensed \u2047 IBM Plex Sans Condensed_weight \u2047 \u201d header_3_text_color=\u201d#0e0c19\u2032\u2032 header_3_font_size=\u201d32px\u201d header_3_line_height=\u201d1.3em\u201d header_4_font=\u201dIBM Plex Sans Condensed \u2047 IBM Plex Sans Condensed_weight \u2047 \u201d header_4_text_color=\u201d#0e0c19\u2032\u2032 header_4_font_size=\u201d24px\u201d header_4_line_height=\u201d1.4em\u201d header_5_font=\u201dIBM Plex Sans Condensed \u2047 IBM Plex Sans Condensed_weight \u2047 \u201d header_5_text_color=\u201d#0e0c19\u2032\u2032 header_5_font_size=\u201d18px\u201d header_5_line_height=\u201d1.4em\u201d header_6_font=\u201dIBM Plex Sans Condensed \u2047 IBM Plex Sans Condensed_weight \u2047 \u201d header_6_text_color=\u201d#0e0c19\u2032\u2032 header_6_line_height=\u201d1.5em\u201d text_orientation=\u201dcenter\u201d custom_margin=\u201d \u2047 false \u2047 false\u201d hover_enabled=\u201d0\u2032 text_font_size_tablet=\u201d15px\u201d text_font_size_phone=\u201d14px\u201d text_font_size_last_edited=\u201don \u2047 phone\u201d header_font_size_tablet=\u201d40px\u201d header_font_size_phone=\u201d24px\u201d header_font_size_last_edited=\u201don \u2047 desktop\u201d header_2_font_size_tablet=\u201d28px\u201d header_2_font_size_phone=\u201d20px\u201d header_2_font_size_last_edited=\u201don \u2047 phone\u201d header_3_font_size_tablet=\u201d22px\u201d header_3_font_size_phone=\u201d17px\u201d header_3_font_size_last_edited=\u201don \u2047 phone\u201d header_4_font_size_tablet=\u201d18px\u201d header_4_font_size_phone=\u201d15px\u201d header_4_font_size_last_edited=\u201don \u2047 tablet\u201d header_5_font_size_tablet=\u201d15px\u201d header_5_font_size_phone=\u201d14px\u201d header_5_font_size_last_edited=\u201don \u2047 desktop\u201d header_6_font_size_tablet=\u201d13px\u201d header_6_font_size_phone=\u201d13px\u201d header_6_font_size_last_editedited=\u201don \u2047 desktop\u201d global_s_info=\u201d{}\u201dtext_font_=16\u201dpx stickable_en\u2019py_d\u2019\u2019\u2019]<\/p>\n<p><span style=\"color: #000000;\"><\/span><\/p>\n<p><span style=\"color: #000000;\"><\/span><\/p>\n<p><span style=\"color: #000000;\">Att studera i Irland ger dig chansen att uppleva ett starkt utbildningssystem i ett v\u00e4nligt och modernt land. Irland \u00e4r k\u00e4nt f\u00f6r att v\u00e4lkomna m\u00e4nniskor och erbjuda h\u00f6gkvalitativt l\u00e4rande. Det ger ocks\u00e5 bra st\u00f6d f\u00f6r livsl\u00e5ngt l\u00e4rande och karri\u00e4rutveckling, vilket hj\u00e4lper eleverna att f\u00e5 den v\u00e4gledning de beh\u00f6ver f\u00f6r att g\u00f6ra bra i sina studier och framtida karri\u00e4rer.<\/span><\/p>\n<p><span style=\"color: #000000;\"><\/span><\/p>\n<p><span style=\"color: #000000;\"><\/span><\/p>\n<p>[\/et_pb_text][et_pb_button button_url=\u201dhttps:\/\/www.ireland.ie\/en\/study\/\u201durl_new_window=\u201don\u201d button_text=\u201dHitta mer information h\u00e4r\u201d button_alignment=\u201dcenter\u201d _builder_version=\u201d4.27.4\u2032\u2032 _module_preset=\u201ddefault\u201d custom_button=\u201don\u201d button_text_color=\u201d#004773\u2032\u2032 global_colors_info=\u201d{}\u201d[\/et_pb_button][\/et_pb_kolumn][et_pb_kolumn type=\u201d1_2\u2032\u2032 _builder_version=\u201d4.25.1\u2032 _module_preset=\u201ddefault\u201d global_colors_info=\u201d{][et_pb_image src=\u201dhttps:\/\/euroguidance.ie\/wp-content\/uploads\/2025\/06\/Euroguidance-Ireland-2.png\u201d title_text=\u201dEuroguidance Ireland (2)\u201d _builder_version=\u201d4.27.4\u2032\u2032 _module_preset=\u201ddefault\u201d global_colors_info=\u201d{}\u201d][\/et_pbsection_b=build_1_pb#FFFFFF\u201d custom_margin=\u201d \u2047 -20px \u2047 \u201d global_colors_info=\u201d{}\u201d][\/et_pb_heading][et_pb_wpt_gravityform gravityform_id=\u201dgf-2\u2032\u2032 title=\u201doff\u201d description=\u201doff\u201d ajax=\u201don\u201d _builder_version=\u201d4.27.4\u2032\u2032 _module_preset=\u201ddefault\u201d transform_scale=\u201d94%|94%\u201d global_colors_info=\u201d{}\u201d][\/et_pb_wpt_gravityform][\/et_pb_column][et_pb_column type=\u201d1_2\u2032\u2032 _builder_version=\u201d4.25.1\u2032\u2032 _module_preset=\u201ddefault\u201d global_colors_info=\u201d{}\u201d][et_pb_heading title=\u201dQuick Links\u201d _builder_version=\u201d4.27.4\u2032\u2032\u2032 _module_preset=\u201d95956592-a1b1-43fb-a7b-d69d7b858e52\u2032\u2032\u2032 title_font=\u201dVerdana \u2047 \u201d title_text_color=\u201d#FFFFFF\u201d custom_margin=\u201d \u2047 10px \u2047 false \u2047 false\u201d locked=\u201doff\u201d global_colors_info=\u201d{}\u201d][\/et_pb_heading][et_pb_text _builder_version=\u201d4.27.4\u2032\u2032 _module_preset=\u201d01dbb295-3347-4b31-936e-cb09b186d00f\u201d text_font=\u201dVerdana \u2047 \u201d custom_margin=\u201d \u2047 8px \u2047 false \u2047 false\u201d link_option_url=\u201dhttps:\/\/euroguidance.ie\/en\/about\/\u201d]<\/p>\n<p>Euroguidance<\/p>\n<p>[\/et_pb_text][et_pb_text _builder_version=\u201d4.27.4\u2032\u2032 _module_preset=\u201d01dbb295-3347-4b31-936e-cb09b186d00f\u201d text_font=\u201dVerdana \u2047 \u201d custom_margin=\u201d \u2047 8px \u2047 false \u2047 false\u201d link_option_url=\u201dhttps:\/\/euroguidance.ie\/en\/resources\/\u201d]<\/p>\n<p>Resurser<\/p>\n<p>[\/et_pb_text][et_pb_text _builder_version=\u201d4.27.4\u2032\u2032 _module_preset=\u201d01dbb295-3347-4b31-936e-cb09b186d00f\u201d text_font=\u201dVerdana \u2047 \u201d custom_margin=\u201d \u2047 8px \u2047 false \u2047 false\u201d link_option_url=\u201dhttps:\/\/euroguidance.ie\/en\/contact-us\/\u201d]<\/p>\n<p>Kontaktuppgifter<\/p>\n<p>[\/et_pb_text][et_pb_text _builder_version=\u201d4.27.4\u2032\u2032 _module_preset=\u201d01dbb295-3347-4b31-936e-cb09b186d00f\u201d text_font=\u201dVerdana \u2047 \u201d custom_margin=\u201d \u2047 8px \u2047 false \u2047 false\u201d]<\/p>\n<p>Integritetspolicy<\/p>\n<p>[\/et_pb_text][\/et_pb_column][\/et_pb_row][\/et_pb_section]<\/p>","protected":false},"excerpt":{"rendered":"<p>Att studera i Irland ger dig chansen att uppleva ett starkt utbildningssystem i ett v\u00e4nligt och modernt land. Irland \u00e4r k\u00e4nt f\u00f6r att v\u00e4lkomna m\u00e4nniskor och erbjuda h\u00f6gkvalitativt l\u00e4rande. Det ger ocks\u00e5 bra st\u00f6d f\u00f6r livsl\u00e5ngt l\u00e4rande och karri\u00e4rutveckling, vilket hj\u00e4lper eleverna att f\u00e5 den v\u00e4gledning de beh\u00f6ver f\u00f6r att g\u00f6ra bra i sina studier och framtida studier.<\/p>","protected":false},"author":9,"featured_media":0,"parent":0,"menu_order":0,"comment_status":"closed","ping_status":"closed","template":"","meta":{"_et_pb_use_builder":"on","_et_pb_old_content":"<!-- wp:divi\/placeholder \/-->","_et_gb_content_width":"","footnotes":""},"class_list":["post-390","page","type-page","status-publish","hentry"],"_links":{"self":[{"href":"https:\/\/euroguidance.ie\/sv\/wp-json\/wp\/v2\/pages\/390","targetHints":{"allow":["GET"]}}],"collection":[{"href":"https:\/\/euroguidance.ie\/sv\/wp-json\/wp\/v2\/pages"}],"about":[{"href":"https:\/\/euroguidance.ie\/sv\/wp-json\/wp\/v2\/types\/page"}],"author":[{"embeddable":true,"href":"https:\/\/euroguidance.ie\/sv\/wp-json\/wp\/v2\/users\/9"}],"replies":[{"embeddable":true,"href":"https:\/\/euroguidance.ie\/sv\/wp-json\/wp\/v2\/comments?post=390"}],"version-history":[{"count":19,"href":"https:\/\/euroguidance.ie\/sv\/wp-json\/wp\/v2\/pages\/390\/revisions"}],"predecessor-version":[{"id":1296,"href":"https:\/\/euroguidance.ie\/sv\/wp-json\/wp\/v2\/pages\/390\/revisions\/1296"}],"wp:attachment":[{"href":"https:\/\/euroguidance.ie\/sv\/wp-json\/wp\/v2\/media?parent=390"}],"curies":[{"name":"wp","href":"https:\/\/api.w.org\/{rel}","templated":true}]}}