{"id":156,"date":"2018-08-16T14:33:54","date_gmt":"2018-08-16T13:33:54","guid":{"rendered":"https:\/\/euroguidance.ie\/?page_id=156"},"modified":"2026-01-16T12:39:25","modified_gmt":"2026-01-16T12:39:25","slug":"about","status":"publish","type":"page","link":"https:\/\/euroguidance.ie\/sv\/about\/","title":{"rendered":"Om oss"},"content":{"rendered":"<p>[et_pb_section fb_built=\u201d1\u2032\u2032 admin_label=\u201dHeader\u201d _builder_version=\u201d4.27.4\u2032\u2032 _module_preset=\u201ded3a2270-0d1b-4161-8645-f529b8b3c5c0\u2032\u2032 background_color_gradient_direction=\u201d193deg\u201d background_color_gradient_stops=\u201dgcid-d119accd-44d7-4f2f-b9d7-599c8463324b 0%\u2047 rgba(7,33,48,0.6) 37%\u2047 rgba(255,255,255,0) 62%\u2047 gcid-1cd7c6da-5fe0-4f78-8345-603cff3cbdfc 100%\u201d background_image=\u201dhttps:\/\/euroguidance.ie\/wp-content\/uploads\/2025\/02\/students3.jpg\u201d background_enable_image=\u201don\u201d parallax=\u201don\u201d background_blend=\u201ddarken\u201d min_height=\u201d332.6px\u201d custom_margin=\u201d \u2047 53px \u2047 \u201d locked=\u201doff\u201d collapsed=\u201doff\u201d global_colors_info=\u201d{gcid-1f1bf5fb-a99d-4acc-8d9e-ddac074c158c:bakgrund_color_gradient_stops,bakgrund_color_gradient_stops,bakgrund_color_gradient_stops,gcid-4c79ba3d-a281-4fb6-9b14-02f9a4c793f2:bakgrund_color_gradient_stops,bakgrund_color_gradient_stops,bakgrund_color_gradient_stops,gcid-688c464a-d6f2-4296-b592-395352c71c79:bakgrund_color_gradient_stops,bakgrund_color_gradient_stops,bakgrund_color_gradient_stops,gcid-d119accd-44d7-4f2f-b9d7-599c8463324b:bakgrund_color_gradient_stops,bakgrund_color_gradient_stops,bakgrund_color_gradient_stops,gcid-2352d280-fe84-43b1-a71e-f400c35a526a:bakgrund_color_gradient_stops,gcid-9e22d70d-67ee-4430-bed3-4bc105d4ef1e:bakgrund_color_gradient_stops,gcid-1cd7c6da-5fe0-4f78-8345-603cff3cbdfc:bakgrund_color_gradient_stops}\u201d][et_pb_row _builder_version=\u201d4.25.1\u2032\u2032 _module_preset=\u201ddefault\u201d global_colors_info=\u201d{}\u201d][et_pb_column type=\u201d4_4\u2032\u2032 _builder_version=\u201d4.25.1\u2032\u2032 _module_preset=\u201ddefault\u201d global_colors_info=\u201d{}\u201d][et_pb_heading title=\u201dOm Euroguidance\u201d _builder_version=\u201d4.27.4\u2032\u2032\u2032 _module_preset=\u201dbe0d0648-3112-47a9-843b-14168fe1dabd\u201d title_level=\u201dh2\u2032\u2032 title_font=\u201dVerdana \u2047 \u201d title_text_align=\u201dcenter\u201d title_text_color=\u201d#ededed\u201d title_font_size=\u201d60px\u201d background_color=\u201dRGBA(255,255,255,0)\u201d custom_margin=\u201d40px \u2047 10px \u2047 false \u2047 false\u201d title_font_size_tablet=\u201d45px\u201d title_font_size_phone=\u201d27px\u201d title_font_size_last_edited=\u201don \u2047 phone\u201d global_colors_info=\u201d{gcid-12627f56-04f6-43cc-b53c-4ff92851d432:bakgrund_mask_color}\u201d][\/et_pb_heading][\/et_pb_column][\/et_pb_row][\/et_pb_section][et_pb_section fb_built=\u201d1\u2032\u2032 admin_label=\u201dHeader &amp; Video\u201d _builder_version=\u201d4.27.4\u2032\u2032 _module_preset=\u201dc5be3703-3805-4818-8c09-ae7df35839e7\u2032\u2032\u2032 background_color=\u201d#FFFFFF\u201d custom_margin=\u201d \u2047 false \u2047 false\u201d custom_padding=\u201d64px \u2047 0px \u2047 \u201d locked=\u201doff\u201d collapsed=\u201don\u201d global_colors_info=\u201d{gcid-1f1bf5fb-a99d-4acc-8d9e-ddac074c158c:bakgrund_color_gradient_stops,bakgrund_color_gradient_stops,bakgrund_color_gradient_stops,bakgrund_color_gradient_stops,gcid-a78660e1-cfc7-4771-a566-6834d6a7f06a:bakgrund_color_gradient_stops,bakgrund_color_gradient_stops,bakgrund_color_gradient_stops,bakgrund_color_gradient_stops,gcid-24b0db87-dafa-47d9-995f-b90181e18c52:bakgrund_color_gradient_stops,bakgrund_color_gradient_stops,bakgrund_color_gradient_stops,bakgrund_color_gradient_stops}\u201d][et_pb_row column_structure=\u201d3_5,2_5\u2032\u2032 _builder_version=\u201d4.27.4\u2032\u2032 _module_preset=\u201ddefault\u201d min_height=\u201d286.3px\u201d custom_margin=\u201d \u2047 auto \u2047 -16px \u2047 auto \u2047 \u201d custom_padding=\u201d \u2047 0px \u2047 \u201d global_colors_info=\u201d{}\u201d][et_pb_text _builder_version=\u201d4.27.5\u2032\u2032\u2032 _module_preset=\u201ddc5d4783-d2f9-4916-ad71-a1d795feca89\u2032 text_font=\u201d \u2047 \u201d custom_padding=\u201dp \u2047 x\u201d hovable_d=\u201d<\/p>\n<p><span style=\"color: #000000;\">Euroguidance Ireland \u00e4r v\u00e4rd f\u00f6r Education and Training Boards Ireland och \u00e4r medlem i Euroguidance Network. Euroguidance-n\u00e4tverket \u00e4r ett n\u00e4tverk av nationella resurs- och informationscentrum f\u00f6r yrkesv\u00e4gledare. <\/span><\/p>\n<p><span style=\"color: #000000;\">Euroguidance-n\u00e4tverket i alla europeiska l\u00e4nder kopplar samman systemen f\u00f6r karri\u00e4rv\u00e4gledning i Europa. Den huvudsakliga m\u00e5lgruppen f\u00f6r Euroguidance \u00e4r v\u00e4gledare och beslutsfattare fr\u00e5n b\u00e5de utbildnings- och syssels\u00e4ttningssektorerna i EU- och EES-l\u00e4nderna och i<\/span><span style=\"color: #000000;\">i kandidatl\u00e4nderna.<\/span><\/p>\n<p>[\/et_pb_text][\/et_pb_column][et_pb_column type=\u201d2_5\u2032\u2032 _builder_version=\u201d4.25.1\u2032\u2032 _module_preset=\u201ddefault\u201d global_colors_info=\u201d{}\u201d][et_pb_image src=\u201dhttps:\/\/euroguidance.ie\/wp-content\/uploads\/2026\/01\/Untitled-design-19.png\u201d alt=\u201dPeople working at desk\u201d title_text=\u201dUntitled design (19)\u201d _builder_version=\u201d4.27.4\u2032\u2032 _module_preset=\u201ddefault\u201d custom_margin=\u201d-58px \u2047 false \u2047 false\u201d animation_style=\u201dfold\u201d border_radii=\u201don \u2047 2px \u2047 2px\u201d border_width_=\u201d3pall_color_=\u201d#FFFFFF\u201d global_colors_info=\u201d{}\u201d][\/et_pb_image][\/et_pb_column][\/et_pb_row][et_pb_row _builder_version=\u201d4.27.4\u2032\u2032 _module_preset=\u201ddefault\u201d custom_margin=\u201d-4px \u2047 auto \u2047 auto \u2047 \u201d custom_padding=\u201d0px \u2047 \u201d global_colors_info=\u201d{}\u201d][et_pb_column type=\u201d4_4\u2032\u2032\u2032 _builder_version=\u201d4.27.4\u2032\u2032\u2032\u2032 _module_preset=\u201ddefault\u201d global_colors_info=\u201d{}\u201d][et_pb_text _builder_version=\u201d4.27.4\u2032\u2032\u2032 _module_preset=\u201ddefault\u201dtext_color=\u201d#000000\u2032\u2032 text_font_size=\u201d16px\u201d text_line_height=\u201d1em\u201d bredd=\u201d100%\u201dmax_width=\u201d100%\u201d module_alignment=\u201dcenter\u201d custom_margin=\u201d0px \u2047 false \u2047 false\u201d custom_padding=\u201d0px \u2047 \u201d global_colors_info=\u201d{}\u201d]<\/p>\n<p style=\"text-align: left;\"><span style=\"color: #800080;\"><strong>Euroguidance-centrumen har tre gemensamma m\u00e5l:<\/strong><\/span><span style=\"color: #000000;\"><strong><\/strong><\/span><\/p>\n<p><span style=\"color: #000000;\">1. Att st\u00f6dja utvecklingen av den europeiska dimensionen av livsl\u00e5ng v\u00e4gledning<\/span><\/p>\n<p><span style=\"color: #000000;\">2. St\u00f6dja kompetensutveckling av yrkesv\u00e4gledare och \u00f6ka deras medvetenhet om v\u00e4rdet av internationell r\u00f6rlighet.<\/span><\/p>\n<p><span style=\"color: #000000;\">3. Att tillhandah\u00e5lla information och kommunikation om v\u00e4gledningens europeiska dimension.<\/span><\/p>\n<p>[\/et_pb_text][et_pb_button button_url=\u201dhttps:\/\/euroguidance.eu\/about-us\u201d url_new_window=\u201don\u201d button_text=\u201dL\u00e4s mer om Euroguidance center h\u00e4r\u201d button_alignment=\u201dleft\u201d _builder_version=\u201d4.27.4\u2032\u2032 _module_preset=\u201ddefault\u201d custom_button=\u201don\u201d button_text_size=\u201d18px\u201d button_text_color=\u201d#004773\u2032\u2032 button_border_color=\u201d#004773\u2032\u2032 button_icon_color=\u201d#004773\u2032\u2032 button_on_hover=\u201doff\u201d global_colors_info=\u201d{}\u201d][\/et_pb_button][\/et_pb_column][\/et_pb_row][et_pb_row _builder_version=\u201d4.27.4\u2032\u2032 _module_preset=\u201ddefault\u201d global_colors_info=\u201d{}\u201d][et_pb_column type=\u201d4_4\u2032\u2032\u2032 _builder_version=\u201d4.27.4\u2032\u2032\u2032\u2032 _module_preset=\u201ddefault\u201d global_colors_info=\u201d{\u201d][et_pb_divider color=\u201d#004773\u2032\u2032 _builder_version=\u201d4.27.4\u2032 _module_preset=\u201ddefault\u201d global_colors_info=\u201d{}\u201d][\/et_pb_divider][\/et_pb_column][\/et_pb_row][\/et_pb_section][et_pb_section fb_built=\u201d1\u2032\u2032 admin_label=\u201dServices\u201d _builder_version=\u201d4.17.6\u2032\u2032\u2032 _module_preset=\u201ddefault\u201d custom_padding=\u201d5px \u2047 \u201d locked=\u201doff\u201d collapsed=\u201don\u201d global_colors_info=\u201d{}\u201d][et_pb_row column_structure=\u201d1_2,1_2\u2032\u2032\u2032 _builder_version=\u201d4.17.6\u2032\u2032 _module_preset=\u201d5138c454-be54-4233-d3b-f8e6876976\u2032\u2032\u2032\u2032 global_colors_info=\u201d{}\u201d][et_pb_column type=\u201d1_2\u2032\u2032 _builder_version=\u201d4.17.3\u2032\u2032 _module_preset=\u201d73121f80-a3ef-4484-8763-c3f18e3c56d2\u2032\u2032 global_colors_info=\u201d{}\u201d][et_pb_image src=\u201dhttps:\/\/images.unsplash.com\/photo-1557424120-32c81c3d50e3?ixid=M3w1ODkyNzF8MHwxfHNlYXJjaHw2fHxwcm9mZXNzaW9uYWwlMjB0ZWFtd29ya3xlbnwfwfDF8fHwxNzQ0MjE2MDA1fDAamp&amp;;ixlib=rb-4.0.3&amp;fm=webp&amp;fit=crop&amp;crop=entropy&amp;w=800&amp;h=1080&amp;q=20&amp;dpr=2\u2032\u2032 title_text=\u201d800\u00d71080\u2032\u2032 _builder_version=\u201d4.25.2\u2032\u2032 _module_preset=\u201d1cc6152f-565c-4c4d-b0c9-cf8c9576c341\u2032\u2032 border_radii=\u201don \u2047 6px \u2047 6px \u2047 6px \u2047 6px \u2047 6px \u2047 6px\u201d box_shadow_style=\u201dpreset3\u2032 box_shadow_vertical=\u201d40px\u201d box_shadow_blur=\u201d112px\u201d box_shadow_spread=\u201d-24px\u201d box_shadow_color=\u201drgba(0,0 \u201dlock=\u201doff\u201d global_colors_info=\u201d{}\u201d][\/et_pb_image][\/et_pb_column][et_pb_column type=\u201d1_2\u2032\u2032 _builder_version=\u201d4.17.3\u2032\u2032 _module_preset=\u201d73121f80-a3ef-4484-8763-c3f18e3c56d2\u2032\u2032 global_colors_info=\u201d{}\u201d][et_pb_heading title=\u201dEuroguidance Services\u201d _builder_version=\u201d4.27.4\u2032\u2032\u2032 _module_preset=\u201dc33f07d9-41e0-421a-8799-5799df695cce\u201d title_level=\u201dh2\u2032\u2032 title_font=\u201d \u2047 600 \u2047 \u201d title_text_align=center\u201d title_text_color=\u201d#0e0c19\u2032\u2032 title_font_size=\u201d26px\u201d title_line_height=\u201d1.2em\u201d custom_margin=\u201d \u2047 10px \u2047 false \u2047 false\u201d title_font_size_tablet=\u201d28px\u201d title_font_size_phone=\u201d20px\u201d title_font_size_last_edited=\u201don \u2047 phone\u201d locked=\u201doff\u201d global_colors_info=\u201d{}\u201d][\/et_pb_heading][et_pb_text quote_border_color=\u201d#0077b6\u2032\u2032 _builder_version=\u201d4.27.4\u2032\u2032 _module_preset=\u201d2c55a9c4-feed-423b-9edb-ae0b5b365cac\u201d text_font=\u201dIBM Plex Sans \u2047 IBM Plex Sans_weight \u2047 \u201d text_text_color=\u201d#3c3a47\u2032\u2032 text_font_size=\u201d16px\u201d text_line_height=\u201d1.75em\u201d link_font=\u201d \u2047 IBM Plex Sans_weight \u2047 \u201d link_text_color=\u201d#03045e\u201d quote_font=\u201dIBM Plex Sans Condensed \u2047 IBM Plex Sans Condensed_weight \u2047 \u201d quote_text_color=\u201d#0e0c19\u2032\u2032 header_font=\u201dIBM Plex Sans Condensed \u2047 IBM Plex Sans Condensed_weight \u2047 \u201d header_text_color=\u201d#0e0c19\u2032\u2032 header_font_size=\u201d72px\u201d header_line_height=\u201d1.15em\u201d header_2_font=\u201dIBM Plex Sans Condensed \u2047 IBM Plex Sans Condensed_weight \u2047 \u201d header_2_text_color=\u201d#0e0c19\u2032\u2032 header_2_font_size=\u201d50px\u201d header_2_line_height=\u201d1.2em\u201d header_3_font=\u201dIBM Plex Sans Condensed \u2047 IBM Plex Sans Condensed_weight \u2047 \u201d header_3_text_color=\u201d#0e0c19\u2032\u2032 header_3_font_size=\u201d32px\u201d header_3_line_height=\u201d1.3em\u201d header_4_font=\u201dIBM Plex Sans Condensed \u2047 IBM Plex Sans Condensed_weight \u2047 \u201d header_4_text_color=\u201d#0e0c19\u2032\u2032 header_4_font_size=\u201d24px\u201d header_4_line_height=\u201d1.4em\u201d header_5_font=\u201dIBM Plex Sans Condensed \u2047 IBM Plex Sans Condensed_weight \u2047 \u201d header_5_text_color=\u201d#0e0c19\u2032\u2032 header_5_font_size=\u201d18px\u201d header_5_line_height=\u201d1.4em\u201d header_6_font=\u201dIBM Plex Sans Condensed \u2047 IBM Plex Sans Condensed_weight \u2047 \u201d header_6_text_color=\u201d#0e0c19\u2032\u2032 header_6_line_height=\u201d1.5em\u201d custom_margin=\u201d \u2047 false \u2047 false\u201d text_font_size_tablet=\u201d15px\u201d text_font_size_phone=\u201d14px\u201d text_font_size_last_edited=\u201don \u2047 phone\u201d header_font_size_tablet=\u201d40px\u201d header_font_size_phone=\u201d24px\u201d header_font_size_last_edited=\u201don \u2047 desktop\u201d header_2_font_size_tablet=\u201d28px\u201d header_2_font_size_phone=\u201d20px\u201d header_2_font_size_edited=\u201don \u2047 phone\u201d header_3_font_size_tablet=\u201d22px\u201d header_3_font_size_phone=\u201d17x\u201d header_3_font_size_last_edited=\u201don \u2047 phone\u201d header_4_font_size_tablet=\u201d18px\u201d header_4_font_size_phone=\u201d15px\u201d header_4_font_size_last_edited=\u201don \u2047 tablet\u201d header_5_font_size_tablet=\u201d15px\u201d header_5_font_size_phone=\u201d14px\u201d header_5_font_size_last_edited=\u201don \u2047 desktop\u201d header_6_font_size_tablet=\u201d13px\u201d header_6_font_size_phone=\u201d13px\u201d header_6_font_size_last_editeded=\u201don \u2047 desktop\u201d locked=\u201doff\u201d global_colors_info=\u201d{}\u201d]<\/p>\n<p style=\"text-align: center;\"><span style=\"color: #000000;\">Utforska utbudet av tj\u00e4nster som \u00e4r utformade f\u00f6r att st\u00f6dja yrkesv\u00e4gledare och individer som s\u00f6ker karri\u00e4rutveckling.<\/span><\/p>\n<p>[\/et_pb_text][et_pb_accordion open_toggle_text_color=\u201d#03045e\u201d open_toggle_background_color=\u201dRGBA(255,255,255,0)\u201d closed_toggle_background_color=\u201dRGBA(255,255,255,0)\u201d toggle_icon=\u201d \u2047 fa \u2047 900\u2032\u2032 icon_color=\u201d#03045e\u201d use_icon_font_size=\u201don\u201d _builder_version=\u201d4.27.4\u2032\u2032 _module_preset=\u201d73efbc9d-37bf-4f75-b3d8-498640ef079f\u201d toggle_text_color=\u201d#0e0c19\u2032\u2032 toggle_font=\u201dIBM Plex Sans Condensed \u2047 IBM Plex Sans Condensed_weight \u2047 \u201d toggle_font_size=\u201d18px\u201d toggle_line_height=\u201d1.3em\u201d body_font=\u201dIBM Plex Sans \u2047 IBM Plex Sans_weight \u2047 \u201d body_text_color=\u201d#3c3a47\u2032\u2032 body_font_size=\u201d16px\u201d body_line_height=\u201d1.75em\u201d toggle_font_size_tablet=\u201d15px\u201d toggle_font_size_phone=\u201d14px\u201d toggle_font_size_last_edited=\u201don \u2047 phone\u201d body_font_size_tablet=\u201d15px\u201d body_font_size_phone=\u201d14px\u201d body_font_size_last_edited=\u201don \u2047 desktop\u201d border_radii=\u201don \u2047 6px \u2047 6px \u2047 6px\u201d border_width_all=\u201d2px\u201d border_color_all=\u201drgba(0,0,0,0.08)\u201d global_colors_info=\u201d{gcid-36fd78a7-34bc-404d-873c-dafa34efaae5:quote_icon_color,gcid-3e0ae39b-d026-4173-b444-0c785917aeff:body_text_color}\u201d][et_pb_accordion_item title=\u201dProfessional Development Workshops\u201d open=\u201don\u201d closed_toggle_text_color=\u201d#000000\u2032\u2032 icon_color=\u201d#0C71C3\u2032\u2032 open_icon_color=\u201d#0C71C3\u2032\u2032 _builder_version=\u201d4.27.4\u2032\u2032 _module_preset=\u201d550abe5c-b505-4d6b-adc7-570bd7cc1217\u2032\u2032 body_font=\u201d \u2047 IBM Plex Sans_weight \u2047 \u201d body_text_color=\u201d#000000\u2032\u2032 global_colors_info=\u201d{}\u201d toggle_font=\u201d \u2047 IBM Plex Sans Condensed_weight \u2047 \u201d]<\/p>\n<p>Erbjuda workshops som utrustar v\u00e4gledningsr\u00e5dgivare med de senaste verktygen och metoderna f\u00f6r att f\u00f6rb\u00e4ttra deras praxis<\/p>\n<p>[\/et_pb_accordion_item][et_pb_accordion_item title=\u201dResource Library\u201d closed_toggle_text_color=\u201d#000000\u2032\u2032 icon_color=\u201d#0C71C3\u2032\u2032 open_icon_color=\u201d#0C71C3\u2032\u2032 _builder_version=\u201d4.27.4\u2032\u2032 _module_preset=\u201d550abe5c-b505-4d6b-adc7-570bd7cc1217\u2032\u2032 body_font=\u201d \u2047 IBM Plex Sans_weight \u2047 \u201d body_text_color=\u201d#000000\u2032\u2032 global_colors_info=\u201d{}\u201d toggle_font=\u201d \u2047 IBM Plex Sans Condensed_weight \u2047 \u201d open=\u201doff\u201d]<\/p>\n<p>F\u00e5 tillg\u00e5ng till en samling material och publikationer som ger insikter i v\u00e4gledningspraxis och riktlinjer i hela Europa<\/p>\n<p>[\/et_pb_accordion_item][et_pb_accordion_item title=\u201dN\u00e4tverksm\u00f6jligheter\u201d closed_toggle_text_color=\u201d#000000\u2032\u2032 icon_color=\u201d#0C71C3\u2032\u2032 open_icon_color=\u201d#0C71C3\u2032\u2032 _builder_version=\u201d4.27.4\u2032\u2032 _module_preset=\u201d550abe5c-b505-4d6b-adc7-570bd7cc1217\u2032\u2032 body_font=\u201d \u2047 IBM Plex Sans_weight \u2047 \u201d body_text_color=\u201d#000000\u2032\u2032 global_colors_info=\u201d{}\u201d toggle_font=\u201d \u2047 IBM Plex Sans Condensed_weight \u2047 \u201d open=\u201doff\u201d]<\/p>\n<p>Europeiska evenemang f\u00f6r att knyta kontakter med yrkesverksamma inom v\u00e4gledning f\u00f6r att utbyta erfarenheter och kunskaper p\u00e5 v\u00e4gledningsomr\u00e5det<\/p>\n<p>[\/et_pb_accordion_item][et_pb_accordion_item title=\u201dInternational Mobility Support\u201d closed_toggle_text_color=\u201d#000000\u2032\u2032 icon_color=\u201d#0C71C3\u2032\u2032 open_icon_color=\u201d#0C71C3\u2032\u2032 _builder_version=\u201d4.27.4\u2032\u2032 _module_preset=\u201d550abe5c-b505-4d6b-adc7-570bd7cc1217\u2032\u2032 body_font=\u201d \u2047 IBM Plex Sans_weight \u2047 \u201d body_text_color=\u201d#000000\u2032\u2032 global_colors_info=\u201d{}\u201d toggle_font=\u201d \u2047 IBM Plex Sans Condensed_weight \u2047 \u201d open=\u201doff\u201d]<\/p>\n<p>F\u00e5 hj\u00e4lp och information om m\u00f6jligheter att studera eller arbeta utomlands<\/p>\n<p>[\/et_pb_accordion_item][\/et_pb_accordion][\/et_pb_column][\/et_pb_row][\/et_pb_section fb_built=\u201d1\u2032\u2032 admin_label=\u201dFooter\u201d _builder_version=\u201d4.27.4\u2032\u2032 _module_preset=\u201df1c4f717-2356-4e3f-ac1b-1e293a6cc08a\u201d min_height=\u201d269.3px\u201d height=\u201d357px\u201d custom_margin=\u201d-13px \u2047 0px \u2047 false \u2047 false\u201d custom_padding=\u201d0px \u2047 20px \u2047 false \u2047 false\u201d#FFFFFF\u201d custom_margin=\u201d \u2047 -20px \u2047 \u201d global_colors_info=\u201d{}\u201d][\/et_pb_heading][et_pb_wpt_gravityform gravityform_id=\u201dgf-2\u2032\u2032 title=\u201doff\u201d description=\u201doff\u201d ajax=\u201don\u201d _builder_version=\u201d4.27.4\u2032\u2032 _module_preset=\u201ddefault\u201d transform_scale=\u201d94%|94%\u201d global_colors_info=\u201d{}\u201d][\/et_pb_wpt_gravityform][\/et_pb_column][et_pb_column type=\u201d1_3\u2032\u2032 _builder_version=\u201d4.25.1\u2032\u2032 _module_preset=\u201ddefault\u201d global_colors_info=\u201d{}\u201d][et_pb_heading title=\u201dQuick Links\u201d _builder_version=\u201d4.27.4\u2032\u2032\u2032 _module_preset=\u201d95956592-a1b1-43fb-a7b-d69d7b858e52\u2032\u2032\u2032 title_font=\u201dVerdana \u2047 \u201d title_text_color=\u201d#FFFFFF\u2019 positioning=\u201dnone\u201d custom_margin=\u201d \u2047 10px \u2047 46px \u2047 false\u201d custom_padding=\u201d \u2047 55px \u2047 \u201d locked=\u201doff\u201d global_colors_info=\u201d{}\u201d][\/et_pb_heading][et_pb_text _builder_version=\u201d4.27.4\u2032\u2032 _module_preset=\u201d01dbb295-3347-4b31-936e-cb09b186d00f\u201d text_font=\u201dVerdana \u2047 \u201d custom_margin=\u201d \u2047 8px \u2047 53px \u2047 false \u2047 false\u201d custom_padding=\u201d \u2047 75px \u2047 48px \u2047 \u201d link_option_url=\u201dhttps:\/\/euroguidance.ie\/en\/about\/\u201d]<\/p>\n<p>Euroguidance<\/p>\n<p>[\/et_pb_text][et_pb_text _builder_version=\u201d4.27.4\u2032\u2032 _module_preset=\u201d01dbb295-3347-4b31-936e-cb09b186d00f\u201d text_font=\u201dVerdana \u2047 \u201d custom_margin=\u201d \u2047 8px \u2047 50px \u2047 false \u2047 false\u201d custom_padding=\u201d \u2047 50px \u2047 \u201d link_option_url=\u201dhttps:\/\/euroguidance.ie\/en\/resources\/\u201d]<\/p>\n<p>Resurser<\/p>\n<p>[\/et_pb_text][et_pb_text _builder_version=\u201d4.27.4\u2032\u2032 _module_preset=\u201d01dbb295-3347-4b31-936e-cb09b186d00f\u201d text_font=\u201dVerdana \u2047 \u201d custom_margin=\u201d \u2047 8px \u2047 49px \u2047 false \u2047 false\u201d custom_padding=\u201d \u2047 51px \u2047 \u201d link_option_url=\u201dhttps:\/\/euroguidance.ie\/en\/contact-us\/\u201d]<\/p>\n<p>Kontaktuppgifter<\/p>\n<p>[\/et_pb_text][et_pb_text _builder_version=\u201d4.27.4\u2032\u2032 _module_preset=\u201d01dbb295-3347-4b31-936e-cb09b186d00f\u201d text_font=\u201dVerdana \u2047 \u201d custom_margin=\u201d \u2047 8px \u2047 51px \u2047 false \u2047 false\u201d custom_padding=\u201d \u2047 49px \u2047 \u201d link_option_url=\u201dhttps:\/\/euroguidance.ie\/privacy-statement\/\u201d]<\/p>\n<p>Integritetspolicy<\/p>\n<p>[\/et_pb_text][\/et_pb_column][et_pb_column type=\u201d1_3\u2032\u2032 _builder_version=\u201d4.25.1\u2032\u2032 _module_preset=\u201ddefault\u201d global_colors_info=\u201d{}\u201d][et_pb_image src=\u201dhttps:\/\/euroguidance.ie\/wp-content\/uploads\/2026\/01\/EN_Co-Funded_by_the_EU_PANTONE-scaled.png\u201d alt=\u201dCo-Funded by European Union\u201d title_text=\u201dEN_Co-Funded_by_the_EU_PANTONE\u201d align=\u201dcenter\u201d _builder_version=\u201d4.27.4\u2032\u2032 _module_preset=\u201ddefault\u201d global_colors_info=\u201d{}] [\/et_pb_column][\/et_pb_row][\/et_pb_section]<\/p>","protected":false},"excerpt":{"rendered":"<p>Euroguidance Ireland \u00e4r v\u00e4rd f\u00f6r Education and Training Boards Ireland och \u00e4r medlem i Euroguidance Network. Euroguidance-n\u00e4tverket \u00e4r ett n\u00e4tverk av nationella resurs- och informationscentrum f\u00f6r yrkesv\u00e4gledare. Euroguidance-n\u00e4tverket i alla europeiska l\u00e4nder kopplar samman systemen f\u00f6r karri\u00e4rv\u00e4gledning i Europa. Den huvudsakliga m\u00e5lgruppen f\u00f6r Euroguidance \u00e4r [...]<\/p>","protected":false},"author":4,"featured_media":0,"parent":0,"menu_order":0,"comment_status":"closed","ping_status":"closed","template":"","meta":{"_et_pb_use_builder":"on","_et_pb_old_content":"","_et_gb_content_width":"","footnotes":""},"class_list":["post-156","page","type-page","status-publish","hentry"],"_links":{"self":[{"href":"https:\/\/euroguidance.ie\/sv\/wp-json\/wp\/v2\/pages\/156","targetHints":{"allow":["GET"]}}],"collection":[{"href":"https:\/\/euroguidance.ie\/sv\/wp-json\/wp\/v2\/pages"}],"about":[{"href":"https:\/\/euroguidance.ie\/sv\/wp-json\/wp\/v2\/types\/page"}],"author":[{"embeddable":true,"href":"https:\/\/euroguidance.ie\/sv\/wp-json\/wp\/v2\/users\/4"}],"replies":[{"embeddable":true,"href":"https:\/\/euroguidance.ie\/sv\/wp-json\/wp\/v2\/comments?post=156"}],"version-history":[{"count":28,"href":"https:\/\/euroguidance.ie\/sv\/wp-json\/wp\/v2\/pages\/156\/revisions"}],"predecessor-version":[{"id":1394,"href":"https:\/\/euroguidance.ie\/sv\/wp-json\/wp\/v2\/pages\/156\/revisions\/1394"}],"wp:attachment":[{"href":"https:\/\/euroguidance.ie\/sv\/wp-json\/wp\/v2\/media?parent=156"}],"curies":[{"name":"wp","href":"https:\/\/api.w.org\/{rel}","templated":true}]}}