{"id":154,"date":"2018-08-16T14:33:46","date_gmt":"2018-08-16T13:33:46","guid":{"rendered":"https:\/\/euroguidance.ie\/?page_id=154"},"modified":"2026-01-21T09:30:56","modified_gmt":"2026-01-21T09:30:56","slug":"home","status":"publish","type":"page","link":"https:\/\/euroguidance.ie\/sv\/","title":{"rendered":"Startsida"},"content":{"rendered":"<p>[et_pb_section fb_built=\u201d1\u2032\u2032 admin_label=\u201dHeader\u201d _builder_version=\u201d4.27.4\u2032\u2032 _module_preset=\u201ded3a2270-0d1b-4161-8645-f529b8b3c5c0\u2032\u2032 background_color_gradient_direction=\u201d193deg\u201d background_color_gradient_stops=\u201dgcid-d119accd-44d7-4f2f-b9d7-599c8463324b 0%\u2047 rgba(7,33,48,0.6) 37%\u2047 rgba(255,255,255,0) 62%\u2047 gcid-1cd7c6da-5fe0-4f78-8345-603cff3cbdfc 100%\u201d background_image=\u201dhttps:\/\/euroguidance.ie\/wp-content\/uploads\/2025\/02\/students3.jpg\u201d background_enable_image=\u201don\u201d parallax=\u201don\u201d background_blend=\u201ddarken\u201d collapsed=\u201doff\u201d global_colors_info=\u201d{gcid-1f1bf5fb-a99d-4acc-8d9e-ddac074c158c:bakgrund_color_gradient_stops,bakgrund_color_gradient_stops,bakgrund_color_gradient_stops,gcid-4c79ba3d-a281-4fb6-9b14-02f9a4c793f2:bakgrund_color_gradient_stops,bakgrund_color_gradient_stops,bakgrund_color_gradient_stops,gcid-688c464a-d6f2-4296-b592-395352c71c79:bakgrund_color_gradient_stops,bakgrund_color_gradient_stops,bakgrund_color_gradient_stops,gcid-d119accd-44d7-4f2f-b9d7-599c8463324b:bakgrund_color_gradient_stops,bakgrund_color_gradient_stops,bakgrund_color_gradient_stops,gcid-2352d280-fe84-43b1-a71e-f400c35a526a:bakgrund_color_gradient_stops,gcid-9e22d70d-67ee-4430-bed3-4bc105d4ef1e:bakgrund_color_gradient_stops,gcid-1cd7c6da-5fe0-4f78-8345-603cff3cbdfc:bakgrund_color_gradient_stops}\u201d][et_pb_row _builder_version=\u201d4.25.1\u2032\u2032 _module_preset=\u201ddefault\u201d global_colors_info=\u201d{}\u201d][et_pb_column type=\u201d4_4\u2032\u2032 _builder_version=\u201d4.25.1\u2032\u2032 _module_preset=\u201ddefault\u201d global_colors_info=\u201d{}\u201d][et_pb_heading title=\u201dEuroguidance Ireland\u201d _builder_version=\u201d4.27.4\u2032\u2032\u2032 _module_preset=\u201dbe0d0648-3112-47a9-843b-14168fe1dabd\u201d title_level=\u201dh2\u2032\u2032 title_font=\u201dVerdana \u2047 \u201d title_text_align=\u201dcenter\u201d title_text_color=\u201d#ededed\u201d title_font_size=\u201d60px\u201d background_color=\u201dRGBA(255,255,255,0)\u201d custom_margin=\u201d \u2047 10px \u2047 false \u2047 false\u201d title_font_size_tablet=\u201d45px\u201d title_font_size_phone=\u201d27px\u201d title_font_size_last_edited=\u201don \u2047 phone\u201d global_colors_info=\u201d{gcid-12627f56-04f6-43cc-b53c-4ff92851d432:bakgrund_mask_color}\u201d][\/et_pb_heading][et_pb_text _builder_version=\u201d4.27.5\u2032\u2032 _module_preset=\u201d7620dd4e-e1ca-4165-8cd6-4f8210a1bc1b\u201d text_font=\u201dVerdana \u2047 \u201d text_text_color=\u201d#f7f7f7\u2032\u2032 header_font=\u201dVerdana \u2047 \u201d background_color=\u201dRGBA(255,255,255,0)\u201d text_orientation=\u201dcenter\u201d custom_padding=\u201d \u2047 70px \u2047 70px \u2047 false \u2047 true\u201d custom_padding_tablet=\u201d \u2047 70px \u2047 70px \u2047 false \u2047 true\u201d custom_padding_phone=\u201d \u2047 0px \u2047 0px \u2047 false \u2047 true\u201d custom_padding_last_edited=\u201don \u2047 phone\u201d global_colors_info=\u201d{}\u201d]<\/p>\n<p>Euroguidance \u00e4r ett europeiskt n\u00e4tverk av nationella resurs- och informationscentrum f\u00f6r v\u00e4gledning.<\/p>\n<p>[\/et_pb_text][\/et_pb_column][\/et_pb_row][et_pb_row column_structure=\u201d1_4,1_4,1_4,1_4\u2032\u2032 use_custom_gutter=\u201don\u201d gutter_width=\u201d2\u2032\u2032 _builder_version=\u201d4.27.4\u2032\u2032 _module_preset=\u201ddefault\u201d width=\u201d90%\u201d max_width=\u201d1275px\u201d global_colors_info=\u201d{}\u201d][et_pb_column type=\u201d1_4\u2032\u2032 _builder_version=\u201d4.27.4\u2032\u2032 _module_preset=\u201df9288338-930c-488b-8d98-cc7cb5d29f2e\u201d background_color=\u201d#add2ca\u201d link_option_url=\u201dhttps:\/\/euroguidance.ie\/en\/euroguidance\/\u201d global_colors_info=\u201d{}\u201d][et_pb_icon font_icon=\u201d \u2047 fa \u2047 400\u2032\u2032\u2032 icon_color=\u201d#FFFFFF\u201d icon_width=\u201d50px\u201d url=\u201dhttps:\/\/euroguidance.ie\/en\/about\/\u201d align=\u201dleft\u201d _builder_version=\u201d4.27.4\u2032\u2032 _module_preset=\u201ddefault\u201d global_colors_info=\u201d{}\u201d][\/et_pb_icon][et_pb_heading title=\u201dAbout\u201d url=\u201dhttps:\/\/euroguidance.ie\/en\/about\/\u201d _builder_version=\u201d4.27.4\u2032\u2032\u2032\u2032 _module_preset=\u201d238eef0d-0926-44ee-9018-60c9f1e12f1e\u201d title_font=\u201dVerdana \u2047 \u201d title_text_color=\u201d#FFFFFF\u201d background_enable_image=\u201doff\u201d custom_margin=\u201d \u2047 10px \u2047 false \u2047 false\u201d global_colors_info=\u201d{}\u201d][\/et_pb_heading][et_pb_icon font_icon=\u201d$\u2047 divi \u2047 400\u2032\u2032 icon_color=\u201d#FFFFFF\u201d icon_width=\u201d40px\u201d url=\u201dhttps:\/\/euroguidance.ie\/en\/about\/\u201d align=\u201dleft\u201d _builder_version=\u201d4.27.4\u2032\u2032 _module_preset=\u201ddefault\u201d global_colors_info=\u201d{}\u201d][\/et_pb_icon][\/et_pb_column][et_pb_column type=\u201d1_4\u2032\u2032\u2032 _builder_version=\u201d4.27.4\u2032\u2032\u2032 _module_preset=\u201d29b78c64-6b59-467e-9968-13a0f68ee676\u2032\u2032\u2032 background_color=\u201dgcid-ca53c0be-2af9-42d0-b8e0-74151f2f69c6\u2032 link_option_url=\u201dhttps:\/\/euroguidance.ie\/study-in-ire\/\u201d global_color_info=\u201dgcid-ca53c0be-2af9-42d0-b8e0-74151f2f69c6:bakgrund_f\u00e4rg}\u201d][et_pb_icon font_icon=\u201db \u2047 divi \u2047 400\u2032\u2032 icon_color=\u201d#FFFFFF\u201d icon_width=\u201d50px\u201d url=\u201dhttps:\/\/euroguidance.ie\/en\/study-in-ireland\/\u201d align=\u201dleft\u201d _builder_version=\u201d4.27.4\u2032\u2032 _module_preset=\u201ddefault\u201d global_colors_info=\u201d{}\u201d][\/et_pb_icon][et_pb_heading title=\u201dIreland\u201d url=\u201dhttps:\/\/euroguidance.ie\/en\/study-in-ireland\/\u201d _builder_version=\u201d4.27.4\u2032\u2032\u2032 _module_preset=\u201d238eef0d-0926-44ee-9018-60c9f1e12f1e\u201d title_font=\u201dVerdana \u2047 \u201d title_text_color=\u201d#FFFFFF\u201d custom_margin=\u201d \u2047 10px \u2047 false \u2047 false\u201d global_colors_info=\u201d{}\u201d][\/et_pb_heading][et_pb_icon font_icon=\u201d$\u2047 divi \u2047 400\u2032\u2032 icon_color=\u201d#FFFFFF\u201d icon_width=\u201d40px\u201d url=\u201dhttps:\/\/euroguidance.ie\/en\/study-in-ireland\/\u201d align=\u201dleft\u201d _builder_version=\u201d4.27.4\u2032\u2032 _module_preset=\u201ddefault\u201d global_colors_info=\u201d{}\u201d][\/et_pb_icon][\/et_pb_column][et_pb_column type=\u201d1_4\u2032\u2032 _builder_version=\u201d4.27.4\u2032\u2032\u2032\u2032 _module_preset=\u201d29b78c64-6b59-467e-9968-13a0f68ee676\u2032\u2032\u2032\u2032 background_color=\u201dgcid-5e57cc30-55c4-4047-83b9-fb915c4554a\u201d global_colors_info=\u201d{gcid-5e57cc30-55c4-4047-83b9-fb915c4554aa:bakgrund_f\u00e4rg}\u201d][et_pb_icon font_icon=\u201di \u2047 divi \u2047 400\u2032\u2032 icon_color=\u201d#FFFFFF\u201d icon_width=\u201d50px\u201d url=\u201dhttps:\/\/euroguidance.ie\/en\/mobility-opportunities\/\u201d align=\u201dleft\u201d _builder_version=\u201d4.27.4\u2032\u2032 _module_preset=\u201ddefault\u201d global_colors_info=\u201d{}\u201d][\/et_pb_icon][et_pb_heading title=\u201dMobility\u201d url=\u201dhttps:\/\/euroguidance.ie\/en\/mobility-opportunities\/\u201d _builder_version=\u201d4.27.4\u2032\u2032\u2032 _module_preset=\u201d238eef0d-0926-44ee-9018-60c9f1e12f1e\u201d title_font=\u201dVerdana \u2047 \u201d title_text_color=\u201d#FFFFFF\u201d custom_margin=\u201d \u2047 10px \u2047 false \u2047 false\u201d global_colors_info=\u201d{}\u201d][\/et_pb_heading][et_pb_icon font_icon=\u201d$\u2047 divi \u2047 400\u2032\u2032 icon_color=\u201d#FFFFFF\u201d icon_width=\u201d40px\u201d url=\u201dhttps:\/\/euroguidance.ie\/en\/mobility-opportunities\/\u201d align=\u201dleft\u201d _builder_version=\u201d4.27.4\u2032\u2032 _module_preset=\u201ddefault\u201d global_colors_info=\u201d{}\u201d][\/et_pb_icon][\/et_pb_column][et_pb_column type=\u201d1_4\u2032\u2032 _builder_version=\u201d4.27.4\u2032\u2032\u2032 _module_preset=\u201d29b78c64-6b59-467e-9968-13a0f68ee676\u2032\u2032\u2032 background_color=\u201dgcid-22c0a80a-a61a-4a1-84b8-6eec5cb0f475\u2032\u2032 link_option_url=\u201dhttps:\/\/euroguidance.ie\/en\/sources\/\u201dglobal_s_info_{=\u201dgcid-22c0a80a-a61a-4aa1-84b8-6eec5cb0f475:bakgrund_f\u00e4rg}\u201d][et_pb_icon font_icon=\u201dn \u2047 divi \u2047 400\u2032\u2032 icon_color=\u201d#FFFFFF\u201d icon_width=\u201d50px\u201d url=\u201dhttps:\/\/euroguidance.ie\/en\/resources\/\u201d align=\u201dleft\u201d _builder_version=\u201d4.27.4\u2032\u2032 _module_preset=\u201ddefault\u201d global_colors_info=\u201d{}\u201d][\/et_pb_icon][et_pb_heading title=\u201dResources\u201d url=\u201dhttps:\/\/euroguidance.ie\/en\/resources\/\u201d _builder_version=\u201d4.27.4\u2032\u2032\u2032 _module_preset=\u201d238eef0d-0926-44ee-9018-60c9f1e12f1e\u201d title_font=\u201dVerdana \u2047 \u201d title_text_color=\u201d#FFFFFF\u201d custom_margin=\u201d \u2047 10px \u2047 false \u2047 false\u201d global_colors_info=\u201d{}\u201d][\/et_pb_heading][et_pb_icon font_icon=\u201d$\u2047 divi \u2047 400\u2032\u2032 icon_color=\u201d#FFFFFF\u2019 icon_width=\u201d40px\u201d url=\u201dhttps:\/\/euroguidance.ie\/en\/resources\/\u201d align=\u201dleft\u201d _builder_version=\u201d4.27.4\u2032\u2032 _module_preset=\u201ddefault\u201d global_colors_info=\u201d1\u2032 admin_label=\u201dPrograms\u201d _builder_version=\u201d4.25.1\u2032 _module_preset=\u201d1cb43702-6039-40d3-942a-6ff861062c07\u2032 custom_margin=\u201d \u2047 -30px \u2047 \u201d collapsed=\u201don\u201d global_colors_info=\u201d{][et_pbrow _builder_version_version=\u201d4.2%\u201d custom_margin=\u201d \u2047 false \u2047 false\u201d animation_style=\u201dslide\u201d global_colors_info=\u201d{}\u201d][\/et_pb_image][et_pb_text _builder_version=\u201d4.27.4\u2032\u2032 _module_preset=\u201d7620dd4e-e1ca-4165-8cd6-4f8210a1bc1b\u201d text_font=\u201d \u2047 \u201d header_text_align=\u201dcenter\u201d module_alignment=\u201dcenter\u201d custom_margin=\u201d-56px \u2047 10px \u2047 false \u2047 false\u201d global_colors_info=\u201d{}]<\/p>\n<p style=\"text-align: center;\"><span style=\"color: #000000;\">Varje m\u00e5nad anordnar Euroguidance Ireland webbseminarier p\u00e5 n\u00e4tet fr\u00e5n b\u00e5de irl\u00e4ndska och europeiska v\u00e4gledningskollegor som diskuterar sina <strong>senaste forskningen och insikter i karri\u00e4rv\u00e4gledning<\/strong>.<\/span><\/p>\n<p style=\"text-align: center;\"><span style=\"color: #800000;\"><a href=\"https:\/\/euroguidance.ie\/sv\/webinar-recordings\/\" style=\"color: #800000;\">Se tidigare forskning i Guidance webinars<\/a><\/span><\/p>\n<p>[\/et_pb_text][\/et_pb_column][et_pb_column type=\u201d1_4\u2032\u2032 _builder_version=\u201d4.25.1\u2032\u2032 _module_preset=\u201ddefault\u201d global_colors_info=\u201d{}\u201d][et_pb_image src=\u201dhttps:\/\/euroguidance.ie\/wp-content\/uploads\/2026\/01\/Untitled-design-17.png\u201d alt=\u201dtext image\u201d title_text=\u201dUntitled design (17)\u201d _builder_version=\u201d4.27.4\u2032\u2032 _module_preset=\u201d8e91050f-fc02-44a6-a8fd-5179b1c87ffb\u201d width=\u201d90%\u201d custom_margin=\u201d \u2047 false \u2047 false\u201d animation_style=\u201dslide\u201d global_colors_info=\u201d{}\u201d][\/et_pb_image][et_pb_text _builder_version=\u201d4.27.4\u2032\u2032 _module_preset=\u201d7620dd4e-e1ca-4165-8cd6-4f8210a1bc1b\u201d text_font=\u201d \u2047 \u201d text_text_color=\u201d#000000\u2032\u2032 custom_margin=\u201d-52px \u2047 10px \u2047 false \u2047 false\u201d link_option_url=\u201dhttps:\/\/nice-network.eu\/ecadoc\/\u201d global_colors_info=\u201d{}\u201d]<\/p>\n<p style=\"text-align: center;\"><span style=\"color: #000000;\">Irland \u00e4r stolt \u00f6ver att vara v\u00e4rd f\u00f6r det europeiska doktorandprogrammet i karri\u00e4rv\u00e4gledning och r\u00e5dgivning<strong> (ECADOC) 13:e sommarskolan 2026<\/strong> som kommer att ledas av <em>Trinity College Dublin <\/em>i samarbete med ETBI. ECADOC erbjuder \u00e5rliga sommarskolor f\u00f6r doktorander som arbetar med \u00e4mnen som r\u00f6r yrkesv\u00e4gledning.<\/span><\/p>\n<p>[\/et_pb_text][\/et_pb_column][et_pb_column type=\u201d1_4\u2032\u2032 _builder_version=\u201d4.25.1\u2032\u2032 _module_preset=\u201ddefault\u201d global_colors_info=\u201d{}\u201d][et_pb_image src=\u201dhttps:\/\/euroguidance.ie\/wp-content\/uploads\/2026\/01\/Untitled-design-18.png\u201d alt=\u201dAcademia Logo\u201d title_text=\u201dAcademia Logo\u201d _builder_version=\u201d4.27.4\u2032\u2032 _module_preset=\u201d8e91050f-fc02-44a6-a8fd-5179b1c87ffb\u201d width=\u201d90%\u201d custom_margin=\u201d \u2047 false \u2047 false\u201d animation_style=\u201dslide\u201d global_colors_info=\u201d{}\u201d][\/et_pb_image][et_pb_text _builder_version=\u201d4.27.4\u2032\u2032 _module_preset=\u201d7620dd4e-e1ca-4165-8cd6-4f8210a1bc1b\u201d text_font=\u201d \u2047 \u201d custom_margin=\u201d-52px \u2047 10px \u2047 false \u2047 false\u201d global_colors_info=\u201d{}\u201d]<\/p>\n<p style=\"text-align: center;\"><span style=\"color: #000000;\">Europeiska studiev\u00e4gledare kommer att bes\u00f6ka Irland f\u00f6r <strong>akademisk mobilitetsstudie<\/strong> bes\u00f6k. Irl\u00e4ndska studiev\u00e4gledare kommer ocks\u00e5 att g\u00f6ra studiebes\u00f6k i olika l\u00e4nder i Europa f\u00f6r att utbyta b\u00e4sta praxis och st\u00e4rka partnerskapen.<\/span><\/p>\n<p>[\/et_pb_text][\/et_pb_column][et_pb_column type=\u201d1_4\u2032\u2032 _builder_version=\u201d4.25.1\u2032\u2032 _module_preset=\u201ddefault\u201d global_colors_info=\u201d{}\u201d][et_pb_image src=\u201dhttps:\/\/euroguidance.ie\/wp-content\/uploads\/2026\/01\/Untitled-design-19.png\u201d alt=\u201dtext image\u201d title_text=\u201dUntitled design (19)\u201d _builder_version=\u201d4.27.4\u2032\u2032 _module_preset=\u201d8e91050f-fc02-44a6-a8fd-5179b1c87ffb\u201d width=\u201d90%\u201d custom_margin=\u201d \u2047 false \u2047 false\u201d animation_style=\u201dslide\u201d global_colors_info=\u201d{}\u201d][\/et_pb_image][et_pb_text _builder_version=\u201d4.27.4\u2032\u2032 _module_preset=\u201d7620dd4e-e1ca-4165-8cd6-4f8210a1bc1b\u201d text_font=\u201d \u2047 \u201d min_height=\u201d224px\u201d custom_margin=\u201d-50px \u2047 10px \u2047 false \u2047 false\u201d global_colors_info=\u201d{}\u201d]<\/p>\n<p style=\"text-align: center;\"><span style=\"color: #000000;\">Irland innehar ordf\u00f6randeskapet i Europeiska unionens r\u00e5d 2026 och kommer att se <strong>Euroguidance Sverige<\/strong> st\u00e5 v\u00e4rd f\u00f6r det halv\u00e5rsvisa m\u00f6tet f\u00f6r medlemmarna i Euroguidance-n\u00e4tverket i Irland.<\/span><\/p>\n<p>[\/et_pb_text][\/et_pb_column][\/et_pb_row][\/et_pb_section][et_pb_section fb_built=\u201d1\u2032\u2032 admin_label=\u201dFooter\u201d _builder_version=\u201d4.27.5\u2032 _module_preset=\u201df1c4f717-2356-4e3f-ac1b-1e293a6cc08a\u201d min_height=\u201d269.3px\u201d height=\u201d357px\u201d custom_margin=\u201d-13px \u2047 false \u2047 false\u201d custom_padding=\u201d0px \u2047 100px \u2047 false \u2047 false\u201d hover_enabled=\u201d0\u2032 global_module=\u201d1150\u2032 saved_tabs=\u201dall\u201d locked=\u201doff\u201d collapsed=\u201don\u201d global_colors_info=\u201d{\u201d sticky_enabled=\u201d0\u2032][et_pcolor_row_s=\u201d#FFFFFF\u201d custom_margin=\u201d \u2047 -20px \u2047 \u201d global_colors_info=\u201d{}\u201d][\/et_pb_heading][et_pb_wpt_gravityform gravityform_id=\u201dgf-2\u2032\u2032 title=\u201doff\u201d description=\u201doff\u201d ajax=\u201don\u201d _builder_version=\u201d4.27.4\u2032\u2032 _module_preset=\u201ddefault\u201d transform_scale=\u201d94%|94%\u201d global_colors_info=\u201d{}\u201d][\/et_pb_wpt_gravityform][\/et_pb_column][et_pb_column type=\u201d1_3\u2032\u2032 _builder_version=\u201d4.25.1\u2032\u2032 _module_preset=\u201ddefault\u201d global_colors_info=\u201d{}\u201d][et_pb_heading title=\u201dQuick Links\u201d _builder_version=\u201d4.27.4\u2032\u2032\u2032 _module_preset=\u201d95956592-a1b1-43fb-a7b-d69d7b858e52\u2032\u2032\u2032 title_font=\u201dVerdana \u2047 \u201d title_text_color=\u201d#FFFFFF\u2019 positioning=\u201dnone\u201d custom_margin=\u201d \u2047 10px \u2047 46px \u2047 false\u201d custom_padding=\u201d \u2047 55px \u2047 \u201d locked=\u201doff\u201d global_colors_info=\u201d{}\u201d][\/et_pb_heading][et_pb_text _builder_version=\u201d4.27.4\u2032\u2032 _module_preset=\u201d01dbb295-3347-4b31-936e-cb09b186d00f\u201d text_font=\u201dVerdana \u2047 \u201d custom_margin=\u201d \u2047 8px \u2047 53px \u2047 false \u2047 false\u201d custom_padding=\u201d \u2047 75px \u2047 48px \u2047 \u201d link_option_url=\u201dhttps:\/\/euroguidance.ie\/en\/about\/\u201d]<\/p>\n<p>Euroguidance<\/p>\n<p>[\/et_pb_text][et_pb_text _builder_version=\u201d4.27.4\u2032\u2032 _module_preset=\u201d01dbb295-3347-4b31-936e-cb09b186d00f\u201d text_font=\u201dVerdana \u2047 \u201d custom_margin=\u201d \u2047 8px \u2047 50px \u2047 false \u2047 false\u201d custom_padding=\u201d \u2047 50px \u2047 \u201d link_option_url=\u201dhttps:\/\/euroguidance.ie\/en\/resources\/\u201d]<\/p>\n<p>Resurser<\/p>\n<p>[\/et_pb_text][et_pb_text _builder_version=\u201d4.27.4\u2032\u2032 _module_preset=\u201d01dbb295-3347-4b31-936e-cb09b186d00f\u201d text_font=\u201dVerdana \u2047 \u201d custom_margin=\u201d \u2047 8px \u2047 49px \u2047 false \u2047 false\u201d custom_padding=\u201d \u2047 51px \u2047 \u201d link_option_url=\u201dhttps:\/\/euroguidance.ie\/en\/contact-us\/\u201d]<\/p>\n<p>Kontaktuppgifter<\/p>\n<p>[\/et_pb_text][et_pb_text _builder_version=\u201d4.27.4\u2032\u2032 _module_preset=\u201d01dbb295-3347-4b31-936e-cb09b186d00f\u201d text_font=\u201dVerdana \u2047 \u201d custom_margin=\u201d \u2047 8px \u2047 51px \u2047 false \u2047 false\u201d custom_padding=\u201d \u2047 49px \u2047 \u201d link_option_url=\u201dhttps:\/\/euroguidance.ie\/privacy-statement\/\u201d]<\/p>\n<p>Integritetspolicy<\/p>\n<p>[\/et_pb_text][\/et_pb_column][et_pb_column type=\u201d1_3\u2032\u2032 _builder_version=\u201d4.25.1\u2032\u2032 _module_preset=\u201ddefault\u201d global_colors_info=\u201d{}\u201d][et_pb_image src=\u201dhttps:\/\/euroguidance.ie\/wp-content\/uploads\/2026\/01\/EN_Co-Funded_by_the_EU_PANTONE-scaled.png\u201d alt=\u201dCo-Funded by European Union\u201d title_text=\u201dEN_Co-Funded_by_the_EU_PANTONE\u201d align=\u201dcenter\u201d _builder_version=\u201d4.27.4\u2032\u2032 _module_preset=\u201ddefault\u201d global_colors_info=\u201d{}] [\/et_pb_column][\/et_pb_row][\/et_pb_section]<\/p>","protected":false},"excerpt":{"rendered":"<p>Euroguidance \u00e4r ett europeiskt n\u00e4tverk av nationella resurs- och informationscentrum f\u00f6r v\u00e4gledning.Varje m\u00e5nad \u00e4r Euroguidance Ireland v\u00e4rd f\u00f6r webbseminarier online fr\u00e5n b\u00e5de irl\u00e4ndska och europeiska v\u00e4gledningskollegor som diskuterar sin senaste forskning och insikter i yrkesv\u00e4gledning. Se tidigare forskning i v\u00e4gledningswebbinarierIrland \u00e4r stolt \u00f6ver att vara v\u00e4rd f\u00f6r det europeiska doktorandprogrammet i karri\u00e4rv\u00e4gledning och r\u00e5dgivning [...]<\/p>","protected":false},"author":4,"featured_media":0,"parent":0,"menu_order":0,"comment_status":"closed","ping_status":"closed","template":"","meta":{"_et_pb_use_builder":"on","_et_pb_old_content":"","_et_gb_content_width":"","footnotes":""},"class_list":["post-154","page","type-page","status-publish","hentry"],"_links":{"self":[{"href":"https:\/\/euroguidance.ie\/sv\/wp-json\/wp\/v2\/pages\/154","targetHints":{"allow":["GET"]}}],"collection":[{"href":"https:\/\/euroguidance.ie\/sv\/wp-json\/wp\/v2\/pages"}],"about":[{"href":"https:\/\/euroguidance.ie\/sv\/wp-json\/wp\/v2\/types\/page"}],"author":[{"embeddable":true,"href":"https:\/\/euroguidance.ie\/sv\/wp-json\/wp\/v2\/users\/4"}],"replies":[{"embeddable":true,"href":"https:\/\/euroguidance.ie\/sv\/wp-json\/wp\/v2\/comments?post=154"}],"version-history":[{"count":125,"href":"https:\/\/euroguidance.ie\/sv\/wp-json\/wp\/v2\/pages\/154\/revisions"}],"predecessor-version":[{"id":1402,"href":"https:\/\/euroguidance.ie\/sv\/wp-json\/wp\/v2\/pages\/154\/revisions\/1402"}],"wp:attachment":[{"href":"https:\/\/euroguidance.ie\/sv\/wp-json\/wp\/v2\/media?parent=154"}],"curies":[{"name":"wp","href":"https:\/\/api.w.org\/{rel}","templated":true}]}}