{"id":1315,"date":"2026-01-14T15:01:22","date_gmt":"2026-01-14T15:01:22","guid":{"rendered":"https:\/\/euroguidance.ie\/?page_id=1315"},"modified":"2026-01-14T15:46:30","modified_gmt":"2026-01-14T15:46:30","slug":"academia","status":"publish","type":"page","link":"https:\/\/euroguidance.ie\/sv\/academia\/","title":{"rendered":"Den akademiska v\u00e4rlden"},"content":{"rendered":"<p>[et_pb_section fb_built=\u201d1\u2032\u2032 admin_label=\u201dHeader\u201d _builder_version=\u201d4.27.4\u2032\u2032 _module_preset=\u201ded3a2270-0d1b-4161-8645-f529b8b3c5c0\u2032\u2032 background_color_gradient_direction=\u201d193deg\u201d background_color_gradient_stops=\u201dgcid-d119accd-44d7-4f2f-b9d7-599c8463324b 0%\u2047 rgba(7,33,48,0.6) 37%\u2047 rgba(255,255,255,0) 62%\u2047 gcid-1cd7c6da-5fe0-4f78-8345-603cff3cbdfc 100%\u201d background_image=\u201dhttps:\/\/euroguidance.ie\/wp-content\/uploads\/2025\/02\/students3.jpg\u201d background_enable_image=\u201don\u201d parallax=\u201don\u201d background_blend=\u201ddarken\u201d min_height=\u201d332.6px\u201d custom_margin=\u201d \u2047 53px \u2047 \u201d locked=\u201doff\u201d collapsed=\u201doff\u201d global_colors_info=\u201d{gcid-1f1bf5fb-a99d-4acc-8d9e-ddac074c158c:bakgrund_color_gradient_stops,bakgrund_color_gradient_stops,bakgrund_color_gradient_stops,gcid-4c79ba3d-a281-4fb6-9b14-02f9a4c793f2:bakgrund_color_gradient_stops,bakgrund_color_gradient_stops,bakgrund_color_gradient_stops,gcid-688c464a-d6f2-4296-b592-395352c71c79:bakgrund_color_gradient_stops,bakgrund_color_gradient_stops,bakgrund_color_gradient_stops,gcid-d119accd-44d7-4f2f-b9d7-599c8463324b:bakgrund_color_gradient_stops,bakgrund_color_gradient_stops,bakgrund_color_gradient_stops,gcid-2352d280-fe84-43b1-a71e-f400c35a526a:bakgrund_color_gradient_stops,gcid-9e22d70d-67ee-4430-bed3-4bc105d4ef1e:bakgrund_color_gradient_stops,gcid-1cd7c6da-5fe0-4f78-8345-603cff3cbdfc:bakgrund_color_gradient_stops}\u201d][et_pb_row _builder_version=\u201d4.25.1\u2032\u2032 _module_preset=\u201ddefault\u201d global_colors_info=\u201d{}\u201d][et_pb_column type=\u201d4_4\u2032\u2032 _builder_version=\u201d4.25.1\u2032\u2032 _module_preset=\u201ddefault\u201d global_colors_info=\u201d{}\u201d][et_pb_heading title=\u201dAcademia\u201d _builder_version=\u201d4.27.4\u2032\u2032\u2032 _module_preset=\u201dbe0d0648-3112-47a9-843b-14168fe1dabd\u201d title_level=\u201dh2\u2032\u2032 title_font=\u201dVerdana \u2047 \u201d title_text_align=\u201dcenter\u201d title_text_color=\u201d#ededed\u201d title_font_size=\u201d60px\u201d background_color=\u201dRGBA(255,255,255,0)\u201d custom_margin=\u201d40px \u2047 10px \u2047 false \u2047 false\u201d title_font_size_tablet=\u201d45px\u201d title_font_size_phone=\u201d27px\u201d title_font_size_last_edited=\u201don \u2047 phone\u201d global_colors_info=\u201d{gcid-12627f56-04f6-43cc-b53c-4ff92851d432:bakgrund_mask_color}\u201d][\/et_pb_heading][\/et_pb_column][\/et_pb_row][\/et_pb_section][et_pb_section fb_built=\u201d1\u2032\u2032 _builder_version=\u201d4.27.4\u2032\u2032 _module_preset=\u201ddefault\u201d custom_padding=\u201d0px \u2047 \u201d global_colors_info=\u201d{}\u201d][et_pb_row _builder_version=\u201d4.17.6\u2032\u2032 _module_preset=\u201d5138c454-be54-4233-bd3b-f8e6a8747976\u2032\u2032\u2032 l\u00e5st=\u201doff\u201d global_colors_info=\u201d{}\u201d][et_pb_column type=\u201d4_4_4\u2032\u2032\u2032\u2032\u2032\u2032 _builder_version=\u201d4.17.4\u2032 _module_preset=\u201d7312f1-803ef-84-8763-c3f183f256\u2032e2 global_colors_info=\u201d{}\u201d][et_pb_heading title=\u201dMobilitet Studiebes\u00f6k i Irland 2025\u2032\u2032 _builder_version=\u201d4.27.4\u2032\u2032 _module_preset=\u201ddefault\u201d title_font=\u201d \u2047 \u201d title_text_align=\u201dcenter\u201d title_text_color=\u201d#000000\u2032\u2032 background_color=\u201d#FFFFFF\u201d bredd=\u201d54%\u201dmax_width=\u201d79%\u201d module_alignment=\u201dcenter\u201d custom_margin=\u201d0px \u2047 0px \u2047 false \u2047 false\u201d custom_padding=\u201d16px \u2047 12px \u2047 0px \u2047 false \u2047 false\u201d border_color_all=\u201d#0C71C3\u2032\u2032 border_style_all=\u201dinset\u201d box_shadow_style=\u201dpreset1\u2032 box_shadow_vertical=\u201d0px\u201d box_shadow_blur=\u201d6px\u201d box_shadow_position=\u201dinner\u201d global_colors_info=\u201d{}\u201d][\/et_pb_heading][et_pb_text _builder_version=\u201d4.27.4\u2032\u2032 _module_preset=\u201ddefault\u201d text_font_size=\u201d16px\u201d global_colors_info=\u201d{}\u201d]<\/p>\n<p style=\"text-align: center;\"><span style=\"color: #000000;\">I maj 2025 v\u00e4lkomnade vi femton europeiska v\u00e4gledningskollegor till Irland fr\u00e5n tio europeiska l\u00e4nder (\u00d6sterrike, Schweiz, Tyskland, Danmark, Estland, Frankrike, Norge, Slovenien, Spanien och Sverige). Temat f\u00f6r studiebes\u00f6ket var \u201d<strong>Inkluderande v\u00e4gledning<\/strong>\u201d.<\/span><\/p>\n<p>&nbsp;<\/p>\n<ul>\n<li style=\"text-align: left;\"><span style=\"color: #000000;\">Studiebes\u00f6ket \u00e4gde rum vid Liberties College, Dublins utbildningsn\u00e4mnd (ETB)<\/span><\/li>\n<li style=\"text-align: left;\"><span style=\"color: #000000;\">Dr Mary Quirke underl\u00e4ttade en Universal Design workshop utforska hur v\u00e4gledning yrkesverksamma kan anta Universal Design (UD) och Universal Design for Learning (UDL) metoder i sin praktik och anta en Universal Design i v\u00e4gledning t\u00e4nkes\u00e4tt<\/span><\/li>\n<li style=\"text-align: left;\"><span style=\"color: #000000;\">Des Acton fr\u00e5n Trinity Centre for People with Intellectual Disabilities (TCPID) underl\u00e4ttade en session om tillg\u00e5ng och inkludering i v\u00e4gledning.<\/span><\/li>\n<li style=\"text-align: left;\"><span style=\"color: #000000;\">Julieanne Duffy Gillen fr\u00e5n Technological University (TU) Dublin underl\u00e4ttade en session om v\u00e4gledning i d\u00f6va samh\u00e4llet<\/span><\/li>\n<\/ul>\n<p>[\/et_pb_text][et_pb_gallery gallery_ids=\u201d825,829,821,826\u2032\u2032 show_title_and_caption=\u201doff\u201d _builder_version=\u201d4.27.4\u2032\u2032 _module_preset=\u201ddefault\u201d animation_style=\u201dzoom\u201d hover_enabled=\u201d0\u2032\u2032\u2032 dbdb_version=\u201d4.12.2\u2032\u2032 dbdb_enable_grid_slide_in=\u201doff\u201d global_colors_info=\u201d{}\u201d dbdb_show_in_lightbox=\u201doff\u201d show_pagination=\u201doff\u201d sticky_enabled=\u201d0\u2032\u2032][\/et_pb_gallery][et_pb_divider color=\u201d#004773\u2032\u2032 _builder_version=\u201d4.27.4\u2032\u2032 _module_preset=\u201ddefault\u201d global_colors_info=\u201d{}\u201d][\/et_pb_divider][et_pb_heading title=\u201dMobilitet Studiebes\u00f6k i Irland 2024\u2032\u2032 _builder_version=\u201d4.27.4\u2032\u2032 _module_preset=\u201ddefault\u201d title_font=\u201d \u2047 \u201d title_text_align=\u201dcenter\u201d title_text_color=\u201d#000000\u2032\u2032 background_color=\u201d#FFFFFF\u201d bredd=\u201d54%\u201dmax_width=\u201d79%\u201d module_alignment=\u201dcenter\u201d custom_margin=\u201d0px \u2047 0px \u2047 false \u2047 false\u201d custom_padding=\u201d16px \u2047 12px \u2047 0px \u2047 false \u2047 false\u201d border_color_all=\u201d#0C71C3\u2032\u2032 border_style_all=\u201dinset\u201d box_shadow_style=\u201dpreset1\u2032 box_shadow_vertical=\u201d0px\u201d box_shadow_blur=\u201d6px\u201d box_shadow_position=\u201dinner\u201d global_colors_info=\u201d{}\u201d][\/et_pb_heading][et_pb_text _builder_version=\u201d4.27.4\u2032\u2032 _module_preset=\u201ddefault\u201d text_text_color=\u201d#000000\u2032\u2032 text_font_size=\u201d16px\u201d global_colors_info=\u201d{}\u201d]<\/p>\n<p style=\"text-align: center;\"><span style=\"color: #000000;\">Tretton kollegor fr\u00e5n sex europeiska l\u00e4nder, d\u00e4ribland Nederl\u00e4nderna, Estland, Frankrike, Spanien, Norge, Tyskland och Danmark, bes\u00f6kte Dublin i maj 2025. Temat f\u00f6r studiebes\u00f6ket var <strong>\u201dLivsl\u00e5ng karri\u00e4rv\u00e4gledning \u2013 en framtidsvision\u201d.<\/strong><\/span><\/p>\n<p>&nbsp;<\/p>\n<ul>\n<li style=\"text-align: left;\"><span style=\"color: #000000;\">Studiebes\u00f6ket \u00e4gde rum vid Liberties College, Dublins utbildningsn\u00e4mnd (ETB).<\/span><\/li>\n<li style=\"text-align: left;\"><span style=\"color: #000000;\">V\u00e4gledningstj\u00e4nster fr\u00e5n Dublins utbildningsn\u00e4mnd (ETB) tillhandah\u00f6ll ett informationsm\u00f6te om v\u00e4gledningstj\u00e4nster inom vidareutbildning (FET)<\/span><\/li>\n<li style=\"text-align: left;\"><span style=\"color: #000000;\">Dr Mary Quirke, Dr Patricia McCarthy, Des Acton och Conor McGuirk presenterade om tillg\u00e5ng, inkludering och universell design i v\u00e4gledning i Trinity Centre for People with Intellectual Disabilities (TCPID)<\/span><\/li>\n<li style=\"text-align: left;\"><span style=\"color: #000000;\">Aisling Murray Fleming fr\u00e5n Dublin City University (DCU) gav en \u00f6versikt \u00f6ver DCU:s v\u00e4gledningsprogram och digitala verktyg i v\u00e4gledning, inklusive en rundtur i DCU:s laboratorium f\u00f6r virtuell verklighet.<\/span><\/li>\n<li style=\"text-align: left;\"><span style=\"color: #000000;\">Deltagarna fick en rundtur i Dublin Dun Laoghaire Education Training Board (DDLETB) tr\u00e4ningscenter i Baldoyle<\/span><\/li>\n<li style=\"text-align: left;\"><span data-contrast=\"auto\" style=\"color: #000000;\">Dr Carol Guildea gav en session om den strategiska ramen f\u00f6r livsl\u00e5ng v\u00e4gledning<\/span><\/li>\n<li style=\"text-align: left;\"><span data-contrast=\"auto\" style=\"color: #000000;\">Stephen O\u2019Neill, chefspsykolog i Dublins utbildningsn\u00e4mnds psykologiska tj\u00e4nst, h\u00f6ll en session om \u201dSelf-Care for You \u2013 Minding Your Mind\u201d<\/span><\/li>\n<\/ul>\n<p>[\/et_pb_text][et_pb_gallery gallery_ids=\u201d840,839,835,836\u2032\u2032 show_title_and_caption=\u201doff\u201d _builder_version=\u201d4.27.4\u2032\u2032 _module_preset=\u201ddefault\u201d dbdb_version=\u201d4.12.2\u2032\u2032\u2019 dbdb_show_lightbox_title=\u201doff\u201d global_colors_info=\u201d{}\u201d][\/et_pb_gallery][\/et_pb_column][\/et_pb_row][\/et_pb_section]<\/p>","protected":false},"excerpt":{"rendered":"<p>I maj 2025 v\u00e4lkomnade vi femton europeiska v\u00e4gledningskollegor till Irland fr\u00e5n tio europeiska l\u00e4nder (\u00d6sterrike, Schweiz, Tyskland, Danmark, Estland, Frankrike, Norge, Slovenien, Spanien och Sverige). Temat f\u00f6r studiebes\u00f6ket var \u201dInkluderande v\u00e4gledning\u201d. \u00a0 Studiebes\u00f6ket \u00e4gde rum i Liberties College, City of Dublin Education and Training Board (ETB) Dr. Mary [...]<\/p>","protected":false},"author":9,"featured_media":0,"parent":0,"menu_order":0,"comment_status":"closed","ping_status":"closed","template":"","meta":{"_et_pb_use_builder":"on","_et_pb_old_content":"","_et_gb_content_width":"","footnotes":""},"class_list":["post-1315","page","type-page","status-publish","hentry"],"_links":{"self":[{"href":"https:\/\/euroguidance.ie\/sv\/wp-json\/wp\/v2\/pages\/1315","targetHints":{"allow":["GET"]}}],"collection":[{"href":"https:\/\/euroguidance.ie\/sv\/wp-json\/wp\/v2\/pages"}],"about":[{"href":"https:\/\/euroguidance.ie\/sv\/wp-json\/wp\/v2\/types\/page"}],"author":[{"embeddable":true,"href":"https:\/\/euroguidance.ie\/sv\/wp-json\/wp\/v2\/users\/9"}],"replies":[{"embeddable":true,"href":"https:\/\/euroguidance.ie\/sv\/wp-json\/wp\/v2\/comments?post=1315"}],"version-history":[{"count":6,"href":"https:\/\/euroguidance.ie\/sv\/wp-json\/wp\/v2\/pages\/1315\/revisions"}],"predecessor-version":[{"id":1350,"href":"https:\/\/euroguidance.ie\/sv\/wp-json\/wp\/v2\/pages\/1315\/revisions\/1350"}],"wp:attachment":[{"href":"https:\/\/euroguidance.ie\/sv\/wp-json\/wp\/v2\/media?parent=1315"}],"curies":[{"name":"wp","href":"https:\/\/api.w.org\/{rel}","templated":true}]}}