{"id":1207,"date":"2026-01-09T13:58:57","date_gmt":"2026-01-09T13:58:57","guid":{"rendered":"https:\/\/euroguidance.ie\/?page_id=1207"},"modified":"2026-01-15T13:10:33","modified_gmt":"2026-01-15T13:10:33","slug":"euroguidance-ireland-4","status":"publish","type":"page","link":"https:\/\/euroguidance.ie\/sv\/euroguidance-ireland-4\/","title":{"rendered":"Euroguidance Sverige"},"content":{"rendered":"<p>[et_pb_section fb_built=\u201d1\u2032\u2032 admin_label=\u201dHeader\u201d _builder_version=\u201d4.27.4\u2032\u2032 _module_preset=\u201ded3a2270-0d1b-4161-8645-f529b8b3c5c0\u2032\u2032 background_color_gradient_direction=\u201d193deg\u201d background_color_gradient_stops=\u201dgcid-d119accd-44d7-4f2f-b9d7-599c8463324b 0%\u2047 rgba(7,33,48,0.6) 37%\u2047 rgba(255,255,255,0) 62%\u2047 gcid-1cd7c6da-5fe0-4f78-8345-603cff3cbdfc 100%\u201d background_image=\u201dhttps:\/\/euroguidance.ie\/wp-content\/uploads\/2025\/02\/students3.jpg\u201d background_enable_image=\u201don\u201d parallax=\u201don\u201d background_blend=\u201ddarken\u201d min_height=\u201d332.6px\u201d custom_margin=\u201d \u2047 53px \u2047 \u201d locked=\u201doff\u201d collapsed=\u201doff\u201d global_colors_info=\u201d{gcid-1f1bf5fb-a99d-4acc-8d9e-ddac074c158c:bakgrund_color_gradient_stops,bakgrund_color_gradient_stops,bakgrund_color_gradient_stops,gcid-4c79ba3d-a281-4fb6-9b14-02f9a4c793f2:bakgrund_color_gradient_stops,bakgrund_color_gradient_stops,bakgrund_color_gradient_stops,gcid-688c464a-d6f2-4296-b592-395352c71c79:bakgrund_color_gradient_stops,bakgrund_color_gradient_stops,bakgrund_color_gradient_stops,gcid-d119accd-44d7-4f2f-b9d7-599c8463324b:bakgrund_color_gradient_stops,bakgrund_color_gradient_stops,bakgrund_color_gradient_stops,gcid-2352d280-fe84-43b1-a71e-f400c35a526a:bakgrund_color_gradient_stops,gcid-9e22d70d-67ee-4430-bed3-4bc105d4ef1e:bakgrund_color_gradient_stops,gcid-1cd7c6da-5fe0-4f78-8345-603cff3cbdfc:bakgrund_color_gradient_stops}\u201d][et_pb_row _builder_version=\u201d4.25.1\u2032\u2032 _module_preset=\u201ddefault\u201d global_colors_info=\u201d{}\u201d][et_pb_column type=\u201d4_4\u2032\u2032 _builder_version=\u201d4.25.1\u2032\u2032 _module_preset=\u201ddefault\u201d global_colors_info=\u201d{}\u201d][et_pb_heading title=\u201dEuroguidance Ireland Past Events\u201d _builder_version=\u201d4.27.4\u2032\u2032\u2032\u2032 _module_preset=\u201dbe0d0648-3112-47a9-843b-14168fe1dabd\u201d title_level=\u201dh2\u2032\u2032\u2032 title_font=\u201dVerdana \u2047 \u201d title_text_align=\u201dcenter\u201d title_text_color=\u201d#ededed\u201d title_font_size=\u201d60px\u201d background_color=\u201dRGBA(255,255,255,0)\u201d custom_margin=\u201d40px \u2047 10px \u2047 false \u2047 false\u201d title_font_size_tablet=\u201d45px\u201d title_font_size_phone=\u201d27px\u201d title_font_size_last_edited=\u201don \u2047 phone\u201d global_colors_info=\u201d{gcid-12627f56-04f6-43cc-b53c-4ff92851d432:bakgrund_mask_color}\u201d][\/et_pb_heading][\/et_pb_column][\/et_pb_row][\/et_pb_section][et_pb_section fb_built=\u201d1\u2032\u2032 _builder_version=\u201d4.27.4\u2032\u2032 _module_preset=\u201ddefault\u201d min_height=\u201d119px\u201d custom_padding=\u201d0px \u2047 0px \u2047 \u201d global_colors_info=\u201d{}\u201d][et_pb_row _builder_version=\u201d4.27.4\u2032\u2032 _module_preset=\u201ddefault\u201d global_colors_info=\u201d{}\u201d][et_pb_column type=\u201d4_4\u2032\u2032\u2032 _builder_version=\u201d4.27.4\u2032\u2032\u2032 _module_preset=\u201ddefault\u201d global_colors_info=\u201d{}\u201d][et_pb_heading] title=\u201dAcademia Network 2025\u2032\u2032 _builder_version=\u201d4.27.4\u2032\u2032 _module_preset=\u201ddefault\u201d title_font=\u201d \u2047 \u201d title_text_align=\u201dcenter\u201d title_text_color=\u201d#000000\u2032\u2032 background_color=\u201d#FFFFFF\u201d bredd=\u201d54%\u201dmax_width=\u201d79%\u201d module_alignment=\u201dcenter\u201d custom_margin=\u201d0px \u2047 0px \u2047 false \u2047 false\u201d custom_padding=\u201d16px \u2047 12px \u2047 0px \u2047 false \u2047 false\u201d border_color_all=\u201d#0C71C3\u2032\u2032 border_style_all=\u201dinset\u201d box_shadow_style=\u201dpreset1\u2032 box_shadow_vertical=\u201d0px\u201d box_shadow_blur=\u201d6px\u201d box_shadow_position=\u201dinner\u201d global_colors_info=\u201d{}\u201d][\/et_pb_heading][\/et_pb_column][\/et_pb_row][\/et_pb_section][et_pb_section fb_built=\u201d1\u2032\u2032\u2032 admin_label=\u201dGallery\u201d _builder_version=\u201d4.27.4\u2032\u2032\u2032 _module_preset=\u201ddefault\u201d background_color=\u201d#FFFFFF\u201d custom_padding=\u201d0px \u2047 0px \u2047 \u201d animation_style=\u201dslide\u201d locked=\u201doff\u201d collapsed=\u201don\u201d global_colors_info=\u201d{}\u201d][et_pb_row column_structure=\u201d1_2,1_2\u2032\u2032 _builder_version=\u201d4.17.6\u2032\u2032 _module_preset=\u201d5138c454-be54-4233-bd3b-f8e6a8747976\u2032\u2032 l\u00e5st=\u201doff\u201d global_colors_info=\u201d{}\u201d][et_pb_column type=\u201d1_2\u2032\u2032 _builder_version=\u201d4.17.4\u2032\u2032\u2032 _module_preset=\u201d73121f80-a3ef-4484-8763-c3f18e3c56d2\u2032\u2032\u2032\u2032 global_colors_info=\u201d{}\u201d[et_pbtext_builder_versioner=\u201d4.24\u2032_precolore_standard_def\u201d#000000\u2032\u2032 text_font_size=\u201d16px\u201d header_text_color=\u201d#000000\u2032\u2032 custom_margin=\u201d51px \u2047 -2px \u2047 false \u2047 false\u201d global_colors_info=\u201d{}\u201d]<\/p>\n<p style=\"text-align: center;\">I oktober 2025 v\u00e4lkomnade Euroguidance Ireland Academia Network till Irland f\u00f6r \u00e5rsm\u00f6tet. N\u00e4sta m\u00f6te i n\u00e4tverket f\u00f6r den akademiska v\u00e4rlden kommer att \u00e4ga rum i Luxemburg 2026.<\/p>\n<p>[\/et_pb_text][\/et_pb_column][et_pb_column type=\u201d1_2\u2032\u2032 _builder_version=\u201d4.27.4\u2032\u2032 _module_preset=\u201ddefault\u201d global_colors_info=\u201d{}\u201d][et_pb_image src=\u201dhttps:\/\/euroguidance.ie\/wp-content\/uploads\/2026\/01\/academia-1.png\u201d title_text=\u201dacademia network\u201d _builder_version=\u201d4.27.4\u2032\u2032 _module_preset=\u201ddefault\u201d global_colors_info=\u201d{}\u201d][\/et_pb_image][\/et_pb_column][\/et_pb_rowbuilder_version=\u201d4.27.4\u2032\u2032 _module_preset=\u201ddef\u201d global_colors_info=\u201d{}\u201d][et_pb_column type=\u201d4_4\u2032\u2032 _builder_version=\u201d4.27.4\u2032\u2032 _module_preset=\u201ddefault\u201d global_colors_info=\u201d{}\u201d][et_pb_divider color=\u201d#000000\u2032\u2032 _builder_version=\u201d4.27.4\u2032 _module_preset=\u201ddefault\u201d global_colors_info=\u201d{}\u201d][\/et_pb_divider][\/et_pb_column][\/et_pb_row][et_pb_row _builder_version=\u201d4.17.6\u2032\u2032 _module_preset=\u201d5138c454-be54-4233-bd3b-f8e6a8747976\u2032\u2032\u2032 l\u00e5st=\u201doff\u201d global_colors_info=\u201d{}\u201d][et_pb_column type=\u201d4_4\u2032\u2032 _builder_version=\u201d4.17.4\u2032\u2032\u2032\u2032 _module_preset=\u201d73121f80-a3ef-4484-8763-c3f183c56d2\u2032 global_colors_info=\u201d{}\u201d][et_pbheading title=\u201dGlobal Careers Month 2025\u2032\u2032 _builder_version=\u201d4.27.4\u2032\u2032 _module_preset=\u201ddefault\u201d title_font=\u201d \u2047 \u201d title_text_align=\u201dcenter\u201d title_text_color=\u201d#000000\u2032\u2032 background_color=\u201d#FFFFFF\u201d bredd=\u201d54%\u201dmax_width=\u201d79%\u201d module_alignment=\u201dcenter\u201d custom_margin=\u201d0px \u2047 0px \u2047 false \u2047 false\u201d custom_padding=\u201d16px \u2047 12px \u2047 0px \u2047 false \u2047 false\u201d border_color_all=\u201d#0C71C3\u2032\u2032 border_style_all=\u201dinset\u201d box_shadow_style=\u201dpreset1\u2032 box_shadow_vertical=\u201d0px\u201d box_shadow_blur=\u201d6px\u201d box_shadow_position=\u201dinner\u201d global_colors_info=\u201d{}\u201d][\/et_pb_heading][et_pb_text _builder_version=\u201d4.27.4\u2032\u2032 _module_preset=\u201ddefault\u201d text_text_color=\u201d#000000\u2032\u2032 text_font_size=\u201d16px\u201d global_colors_info=\u201d{}\u201d]<\/p>\n<p><span data-contrast=\"auto\">Inter-Agency Career Guidance Working Group (IAG CGWG), best\u00e5ende av Cedefop, Europeiska kommissionen, ETF, ILO, OECD, Unesco och V\u00e4rldsbanken, anordnade en andra global karri\u00e4rm\u00e5nad i november 2025.<\/span><span data-contrast=\"auto\">\u202f<\/span><span data-contrast=\"auto\">Under denna period uppmuntrar de internationella organen globala, regionala och nationella evenemang i samarbete med International Association for Educational and Vocational Guidance (IAEVG), International Centre for Career Development and Public Policy (ICCDPP) och WorldSkills.<\/span><span data-ccp-props=\"{}\">\u00a0<\/span><span data-contrast=\"auto\">Euroguidance Irelands webbseminarium Research in Guidance November presenterades i Global Careers Month november 2025.<\/span><\/p>\n<p>[\/et_pb_text][et_pb_image src=\u201dhttps:\/\/euroguidance.ie\/wp-content\/uploads\/2026\/01\/Untitled-design-23.png\u201d title_text=\u201dUntitled design (23)\u201d _builder_version=\u201d4.27.4\u2032\u2032 _module_preset=\u201ddefault\u201d width=\u201d40%\u201dmax_width=\u201d85%\u201d module_alignment=\u201dcenter\u201d global_colors_info=\u201d{}\u201d][\/et_pb_image][et_pb_divider color=\u201d#004773\u2032\u2032 _builder_version=\u201d4.27.4\u2032\u2032 _module_preset=\u201ddefault\u201d global_colors_info=\u201d{}\u201d][\/et_pb_divider][\/et_pb_column][\/et_pb_row][et_pb_row _builder_version=\u201d4.27.4\u2032\u2032 _module_preset=\u201ddefault\u201d custom_margin=\u201d-59px \u2047 auto \u2047 auto \u2047 \u201d global_colors_info=\u201d{}\u201d][et_pb_heading title=\u201dEuroguidance Ireland Event 2024\u2032\u2032 _builder_version=\u201d4.27.4\u2032\u2032\u2032\u2032\u2032 _module_preset=\u201ddefault\u201d global_colors_info=\u201d{}\u201d][et_pb_heading title=\u201dEuroguidance Ireland Event 2024\u2032 _builder_version=\u201d4.27.4\u2032\u2032\u2032 _module_preset=\u201ddefault\u201d title_font=\u201d \u2047 \u201d title_text_align=\u201dcenter\u201d title_text_color=\u201d#000000\u2032\u2032 background_color=\u201d#FFFFFF\u201d bredd=\u201d54%\u201dmax_width=\u201d79%\u201d module_alignment=\u201dcenter\u201d custom_margin=\u201d0px \u2047 0px \u2047 false \u2047 false\u201d custom_padding=\u201d16px \u2047 12px \u2047 0px \u2047 false \u2047 false\u201d border_color_all=\u201d#0C71C3\u2032\u2032 border_style_all=\u201dinset\u201d box_shadow_style=\u201dpreset1\u2032 box_shadow_vertical=\u201d0px\u201d box_shadow_blur=\u201d6px\u201d box_shadow_position=\u201dinner\u201d global_colors_info=\u201d{}\u201d][\/et_pb_heading][\/et_pb_column][\/et_pb_row][\/et_pb_section][et_pb_section fb_built=\u201d1\u2032\u2032\u2032 admin_label=\u201dGallery\u201d _builder_version=\u201d4.27.4\u2032\u2032\u2032 _module_preset=\u201ddefault\u201d background_color=\u201d#FFFFFF\u201d custom_padding=\u201d9px \u2047 \u201d locked=\u201doff\u201d collapsed=\u201don\u201d global_colors_info=\u201d{}\u201d][et_pb_row column_structure=\u201d1_2,1_2\u2032\u2032 _builder_version=\u201d4.17.6\u2032\u2032 _module_preset=\u201d5138c454-be54-4233-bd3b-f8e6a8747976\u2032\u2032 l\u00e5st=\u201doff\u201d global_colors_info=\u201d{}\u201d][et_pb_column type=\u201d1_2\u2032\u2032\u2032 _builder_version=\u201d4.17.4\u2032\u2032\u2032 _module_preset=\u201d73121f80-a3ef-4484-8763-c3f18e3c56d2\u2032\u2032\u2032 global_colors_info=\u201d{}][et_pbtext_ _builder_version=\u201d4.27.4\u2032module_preset_default\u201dtext_color_color=\u201d#000000\u2032\u2032 text_font_size=\u201d16px\u201d header_text_color=\u201d#000000\u2032\u2032 custom_margin=\u201d51px \u2047 -2px \u2047 false \u2047 false\u201d global_colors_info=\u201d{}\u201d]<\/p>\n<p style=\"text-align: center;\"><span style=\"color: #000000;\"><span data-contrast=\"auto\" xml:lang=\"EN-IE\" lang=\"EN-IE\" class=\"TextRun SCXW6804536 BCX8\"><span class=\"NormalTextRun SCXW6804536 BCX8\" data-ccp-charstyle=\"normaltextrun\">En mycket framg\u00e5ngsrik<\/span><span class=\"NormalTextRun SCXW6804536 BCX8\" data-ccp-charstyle=\"normaltextrun\"><strong> Euroguidance \u2013 En ny era<\/strong> Evenemanget \u00e4gde rum i oktober<\/span><\/span><span data-contrast=\"auto\" xml:lang=\"EN-IE\" lang=\"EN-IE\" class=\"TextRun SCXW6804536 BCX8\"><span class=\"NormalTextRun SCXW6804536 BCX8\" data-ccp-charstyle=\"normaltextrun\">\u00a0Hotell n\u00e4ra Athlone Spring Hotel<\/span><span class=\"NormalTextRun SCXW6804536 BCX8\" data-ccp-charstyle=\"normaltextrun\">. Med \u00f6ver <\/span><span class=\"NormalTextRun SCXW6804536 BCX8\" data-ccp-charstyle=\"normaltextrun\">90 v\u00e4gledningspersonal<\/span><span class=\"NormalTextRun SCXW6804536 BCX8\" data-ccp-charstyle=\"normaltextrun\"> N\u00e4rvarande, dagordning <\/span><\/span><span data-contrast=\"auto\" xml:lang=\"EN-IE\" lang=\"EN-IE\" class=\"TextRun SCXW6804536 BCX8\"><span class=\"NormalTextRun SCXW6804536 BCX8\" data-ccp-charstyle=\"normaltextrun\">Inputs fr\u00e5n <\/span><span class=\"NormalTextRun SCXW6804536 BCX8\" data-ccp-charstyle=\"normaltextrun\">Department of Education, Quality Qualifications Ireland (QQI) och <\/span><span class=\"NormalTextRun SpellingErrorV2Themed SCXW6804536 BCX8\" data-ccp-charstyle=\"normaltextrun\">Euroguidance<\/span><\/span><span data-contrast=\"auto\" xml:lang=\"EN-IE\" lang=\"EN-IE\" class=\"TextRun SCXW6804536 BCX8\"><span class=\"NormalTextRun SCXW6804536 BCX8\" data-ccp-charstyle=\"normaltextrun\"> F\u00f6retr\u00e4dare f\u00f6r n\u00e4tverket fr\u00e5n Lativa. <\/span><\/span><span data-contrast=\"auto\" xml:lang=\"EN-IE\" lang=\"EN-IE\" class=\"TextRun SCXW6804536 BCX8\"><span class=\"NormalTextRun SCXW6804536 BCX8\" data-ccp-charstyle=\"normaltextrun\">Estland<\/span><span class=\"NormalTextRun SCXW6804536 BCX8\" data-ccp-charstyle=\"normaltextrun\"> och S<\/span><span class=\"NormalTextRun SCXW6804536 BCX8\" data-ccp-charstyle=\"normaltextrun\">Weden, allts\u00e5.\u00a0<\/span><\/span><\/span><\/p>\n<p>[\/et_pb_text][\/et_pb_column][et_pb_column type=\u201d1_2\u2033 _builder_version=\u201d4.17.4\u2033 _module_preset=\u201d73121f80-a3ef-4484-8763-c3f18e3c56d2\u2033 global_colors_info=\u201d{}\u201d][et_pb_image src=\u201dhttps:\/\/euroguidance.ie\/wp-content\/uploads\/2025\/04\/Screenshot-495.png\u201d alt=\u201ddecoration\u201d title_text=\u201dScreenshot (495)\u201d _builder_version=\u201d4.27.4\u2033 _module_preset=\u201ddefault\u201d hover_enabled=\u201d0\u2033 global_colors_info=\u201d{}\u201d sticky_enabled=\u201d0\u2033][\/et_pb_image][\/et_pb_column][\/et_pb_row][et_pb_row _builder_version=\u201d4.27.4\u2033 _module_preset=\u201ddefault\u201d global_colors_info=\u201d{}\u201d][et_pb_column type=\u201d4_4\u2033 _builder_version=\u201d4.27.4\u2033 _module_preset=\u201ddefault\u201d global_colors_info=\u201d{}\u201d][et_pb_gallery gallery_ids=\u201d543,541,537,522\u2033 show_title_and_caption=\u201doff\u201d show_pagination=\u201doff\u201d _builder_version=\u201d4.27.4\u2033 _module_preset=\u201ddefault\u201d dbdb_version=\u201d4.12.2\u2033 dbdb_show_lightbox_title=\u201doff\u201d dbdb_show_lightbox_image_count=\u201doff\u201d global_colors_info=\u201d{}\u201d][\/et_pb_gallery][et_pb_gallery gallery_ids=\u201d529,527,536,533\u2033 show_title_and_caption=\u201doff\u201d _builder_version=\u201d4.27.4\u2033 _module_preset=\u201ddefault\u201d dbdb_version=\u201d4.12.2\u2033 dbdb_show_lightbox_image_count=\u201doff\u201d global_colors_info=\u201d{}\u201d][\/et_pb_gallery][\/et_pb_column][\/et_pb_row][et_pb_row _builder_version=\u201d4.27.4\u2033 _module_preset=\u201ddefault\u201d global_colors_info=\u201d{}\u201d][et_pb_column type=\u201d4_4\u2033 _builder_version=\u201d4.27.4\u2033 _module_preset=\u201ddefault\u201d global_colors_info=\u201d{}\u201d][et_pb_divider color=\u201d#0C71C3\u2032\u2032 _builder_version=\u201d4.27.4\u2032 _module_preset=\u201ddefault\u201d global_colors_info=\u201d{}\u201d][\/et_pb_divider][\/et_pb_column][\/et_pb_row][\/et_pb_section][et_pb_section fb_built=\u201d1\u2032\u2032 admin_label=\u201dFooter\u201d _builder_version=\u201d4.27.4\u2032\u2032 _module_preset=\u201df1c4f717-2356-4e3f-ac1b-1e293a6cc08a\u201d min_height=\u201d269.3px\u201d height=\u201d357px\u201d custom_margin=\u201d-13px \u2047 0px \u2047 false \u2047 false\u201d custom_padding=\u201d0px \u2047 20pfalse\u201dglobal_module=\u201d1150\u2032 saved_abs=\u201d#FFFFFF\u201d custom_margin=\u201d \u2047 -20px \u2047 \u201d global_colors_info=\u201d{}\u201d][\/et_pb_heading][et_pb_wpt_gravityform gravityform_id=\u201dgf-2\u2032\u2032 title=\u201doff\u201d description=\u201doff\u201d ajax=\u201don\u201d _builder_version=\u201d4.27.4\u2032\u2032 _module_preset=\u201ddefault\u201d transform_scale=\u201d94%|94%\u201d global_colors_info=\u201d{}\u201d][\/et_pb_wpt_gravityform][\/et_pb_column][et_pb_column type=\u201d1_3\u2032\u2032 _builder_version=\u201d4.25.1\u2032\u2032 _module_preset=\u201ddefault\u201d global_colors_info=\u201d{}\u201d][et_pb_heading title=\u201dQuick Links\u201d _builder_version=\u201d4.27.4\u2032\u2032\u2032 _module_preset=\u201d95956592-a1b1-43fb-a7b-d69d7b858e52\u2032\u2032\u2032 title_font=\u201dVerdana \u2047 \u201d title_text_color=\u201d#FFFFFF\u2019 positioning=\u201dnone\u201d custom_margin=\u201d \u2047 10px \u2047 46px \u2047 false\u201d custom_padding=\u201d \u2047 55px \u2047 \u201d locked=\u201doff\u201d global_colors_info=\u201d{}\u201d][\/et_pb_heading][et_pb_text _builder_version=\u201d4.27.4\u2032\u2032 _module_preset=\u201d01dbb295-3347-4b31-936e-cb09b186d00f\u201d text_font=\u201dVerdana \u2047 \u201d custom_margin=\u201d \u2047 8px \u2047 53px \u2047 false \u2047 false\u201d custom_padding=\u201d \u2047 75px \u2047 48px \u2047 \u201d link_option_url=\u201dhttps:\/\/euroguidance.ie\/en\/about\/\u201d]<\/p>\n<p>Euroguidance<\/p>\n<p>[\/et_pb_text][et_pb_text _builder_version=\u201d4.27.4\u2032\u2032 _module_preset=\u201d01dbb295-3347-4b31-936e-cb09b186d00f\u201d text_font=\u201dVerdana \u2047 \u201d custom_margin=\u201d \u2047 8px \u2047 50px \u2047 false \u2047 false\u201d custom_padding=\u201d \u2047 50px \u2047 \u201d link_option_url=\u201dhttps:\/\/euroguidance.ie\/en\/resources\/\u201d]<\/p>\n<p>Resurser<\/p>\n<p>[\/et_pb_text][et_pb_text _builder_version=\u201d4.27.4\u2032\u2032 _module_preset=\u201d01dbb295-3347-4b31-936e-cb09b186d00f\u201d text_font=\u201dVerdana \u2047 \u201d custom_margin=\u201d \u2047 8px \u2047 49px \u2047 false \u2047 false\u201d custom_padding=\u201d \u2047 51px \u2047 \u201d link_option_url=\u201dhttps:\/\/euroguidance.ie\/en\/contact-us\/\u201d]<\/p>\n<p>Kontaktuppgifter<\/p>\n<p>[\/et_pb_text][et_pb_text _builder_version=\u201d4.27.4\u2032\u2032 _module_preset=\u201d01dbb295-3347-4b31-936e-cb09b186d00f\u201d text_font=\u201dVerdana \u2047 \u201d custom_margin=\u201d \u2047 8px \u2047 51px \u2047 false \u2047 false\u201d custom_padding=\u201d \u2047 49px \u2047 \u201d link_option_url=\u201dhttps:\/\/euroguidance.ie\/privacy-statement\/\u201d]<\/p>\n<p>Integritetspolicy<\/p>\n<p>[\/et_pb_text][\/et_pb_column][et_pb_column type=\u201d1_3\u2032\u2032 _builder_version=\u201d4.25.1\u2032\u2032 _module_preset=\u201ddefault\u201d global_colors_info=\u201d{}\u201d][et_pb_image src=\u201dhttps:\/\/euroguidance.ie\/wp-content\/uploads\/2026\/01\/EN_Co-Funded_by_the_EU_PANTONE-scaled.png\u201d alt=\u201dCo-Funded by European Union\u201d title_text=\u201dEN_Co-Funded_by_the_EU_PANTONE\u201d align=\u201dcenter\u201d _builder_version=\u201d4.27.4\u2032\u2032 _module_preset=\u201ddefault\u201d global_colors_info=\u201d{}] [\/et_pb_column][\/et_pb_row][\/et_pb_section]<\/p>","protected":false},"excerpt":{"rendered":"<p>I oktober 2025 v\u00e4lkomnade Euroguidance Ireland Academia Network till Irland f\u00f6r \u00e5rsm\u00f6tet. N\u00e4sta m\u00f6te i n\u00e4tverket f\u00f6r den akademiska v\u00e4rlden kommer att \u00e4ga rum i Luxemburg 2026.Arbetsgruppen f\u00f6r karri\u00e4rv\u00e4gledning mellan byr\u00e5er (IAG CGWG), best\u00e5ende av Cedefop, Europeiska kommissionen, ETF, ILO, OECD, Unesco och V\u00e4rldsbanken, anordnade en andra global karri\u00e4rm\u00e5nad i november 2025.\u202fUnder denna period har de internationella organisationerna [...]<\/p>","protected":false},"author":9,"featured_media":0,"parent":0,"menu_order":0,"comment_status":"closed","ping_status":"closed","template":"","meta":{"_et_pb_use_builder":"on","_et_pb_old_content":"<!-- wp:divi\/placeholder \/-->","_et_gb_content_width":"","footnotes":""},"class_list":["post-1207","page","type-page","status-publish","hentry"],"_links":{"self":[{"href":"https:\/\/euroguidance.ie\/sv\/wp-json\/wp\/v2\/pages\/1207","targetHints":{"allow":["GET"]}}],"collection":[{"href":"https:\/\/euroguidance.ie\/sv\/wp-json\/wp\/v2\/pages"}],"about":[{"href":"https:\/\/euroguidance.ie\/sv\/wp-json\/wp\/v2\/types\/page"}],"author":[{"embeddable":true,"href":"https:\/\/euroguidance.ie\/sv\/wp-json\/wp\/v2\/users\/9"}],"replies":[{"embeddable":true,"href":"https:\/\/euroguidance.ie\/sv\/wp-json\/wp\/v2\/comments?post=1207"}],"version-history":[{"count":13,"href":"https:\/\/euroguidance.ie\/sv\/wp-json\/wp\/v2\/pages\/1207\/revisions"}],"predecessor-version":[{"id":1378,"href":"https:\/\/euroguidance.ie\/sv\/wp-json\/wp\/v2\/pages\/1207\/revisions\/1378"}],"wp:attachment":[{"href":"https:\/\/euroguidance.ie\/sv\/wp-json\/wp\/v2\/media?parent=1207"}],"curies":[{"name":"wp","href":"https:\/\/api.w.org\/{rel}","templated":true}]}}