{"id":980,"date":"2025-12-15T12:04:39","date_gmt":"2025-12-15T12:04:39","guid":{"rendered":"https:\/\/euroguidance.ie\/?page_id=980"},"modified":"2026-03-27T09:25:23","modified_gmt":"2026-03-27T09:25:23","slug":"webinars","status":"publish","type":"page","link":"https:\/\/euroguidance.ie\/lv\/webinars\/","title":{"rendered":"T\u012bmek\u013csemin\u0101ri"},"content":{"rendered":"<p>[et_pb_section fb_built=\"1\u2033 admin_label=\"Header\" _builder_version=\"4.27.4\u2033 _module_preset=\"ed3a2270-0d1b-4161-8645-f529b8b3c5c0\u2033 background_color_gradient_direction=\"193deg\" background_color_gradient_stops=\"gcid-d119accd-44d7-4f2f-b9d7-599c8463324b 0%|rgba (7,33,48,0.6) 37%|rgba(255,255,255,0) 62%|gcid-1cd7c6da-5fe0-4f78-8345-603cff3cbdfc 100%\u201d background_image=\"https:\/\/euroguidance.ie\/wp-content\/uploads\/2025\/02\/students3.jpg\" background_enable_image=\"on\" parallax=\"on\" background_blend=\"darken\" min_height=\"332.6px\" custom_margin=\"||53px|||\" locked=\"off\" collapsed=\"off\" global_colors_info=\"{gcid-1f1bf5fb-a99d-4acc-8d9e-ddac074c158c:Iepriek\u0161\u0113j\u0101 pieredze_color_gradient_stops,Iepriek\u0161\u0113j\u0101 pieredze_color_gradient_stops,Iepriek\u0161\u0113j\u0101 pieredze_color_gradient_stops,gcid-4c79ba3d-a281-4fb6-9b14-02f9a4c793f2:Iepriek\u0161\u0113j\u0101 pieredze_color_gradient_stops,Iepriek\u0161\u0113j\u0101 pieredze_color_gradient_stops,Iepriek\u0161\u0113j\u0101 pieredze_color_gradient_stops,gcid-688c464a-d6f2-4296-b592-395352c71c79:Iepriek\u0161\u0113j\u0101 pieredze_color_gradient_stops,Iepriek\u0161\u0113j\u0101 pieredze_color_gradient_stops,Iepriek\u0161\u0113j\u0101 pieredze_color_gradient_stops,gcid-d119accd-44d7-4f2f-b9d7-599c8463324b:Iepriek\u0161\u0113j\u0101 pieredze_color_gradient_stops,Iepriek\u0161\u0113j\u0101 pieredze_color_gradient_stops,Iepriek\u0161\u0113j\u0101 pieredze_color_gradient_stops,gcid-2352d280-fe84-43b1-a71e-f400c35a526a:Iepriek\u0161\u0113j\u0101 pieredze_color_gradient_stops,gcid-9e22d70d-67ee-4430-gulta3-4bc105d4ef1e:Iepriek\u0161\u0113j\u0101 pieredze_color_gradient_stops,gcid-1cd7c6da-5fe0-4f78-8345-603cff3cbdfc:Iepriek\u0161\u0113j\u0101 pieredze_color_gradient_stops}\"][et_pb_row _builder_version=\"4.25.1\u2033 _module_preset=\"default\" global_colors_info=\"{}\"][et_pb_column type=\"4_4\u2033 _builder_version=\"4.25.1\u2033 _module_preset=\"default\" global_colors_info=\"{}\"][et_pb_heading title=\"Upcoming Webinars\" _builder_version=\"4.27.4\u2033 _module_preset=\"be0d0648-3112-47a9-843b-14168fe1dabd\" title_level=\"h2\u2033 title_font=\"Verdana||||||||\" title_text_align=\"center\" title_text_color=\"#ededed\u201d title_font_size=\"60px\" background_color=\"RGBA(255,255,255,0)\" custom_margin=\"40px||10px||false|false\" title_font_size_tablet=\"45px\" title_font_size_phone=\"27px\" title_font_size_last_edited=\"on|phone\" global_colors_info=\"{gcid-12627f56-04f6-43cc-b53c-4ff92851d432:fons_mask_color}\u201d][\/et_pb_heading][\/et_pb_column][\/et_pb_row][\/et_pb_section][et_pb_section fb_built=\"1\u2033 admin_label=\"Novent Calendar\" _builder_version=\"4.27.5\u2033 _module_preset=\"default\" custom_margin=\"-40px||||false|false\" custom_padding=\"0px||||false|false\" robe\u017ea_style_all=\"none\" locked=\"off\" collapsed=\"on\" global_colors_info=\"{}\"][et_pb_column type=1_2builder_version=\"4.27.5_module \u2033 _presule_preset=\"GlobalFault\"\u2033 _colors_colors_info={}#000b63\u2033 hover_enabled=\"0\u2033 global_colors_info=\"{}\" sticky_enabled=\"0\u2033][\/et_pb_heading][et_pb_heading title=\"ETBI Webinar\" _builder_version=\"4.27.5\u2033 _module_preset=\"default\" title_level=\"h2\u2033 title_text_color=\"#0C71C3\u2033 hover_enabled=\"0\u2033 global_colors_info=\"{}\" sticky_enabled=\"0\u2033][\/et_pb_heading][et_pb_text _builder_version=\"4.27.5\u2033 _module_preset=\"default\" text_text_color=\"#000000\u2033 hover_enabled=\"0\u2033 global_colors_info=\"{}\" sticky_enabled=\"0\u2033]<\/p>\n<p><strong>Datums:<\/strong> Piektdiena, 10. apr\u012blis <strong>Laiks:<\/strong> no plkst. 11.00 l\u012bdz plkst. 12.00 p\u0113c Grini\u010das laika<\/p>\n<p>[\/et_pb_text][et_pb_text _builder_version=\"4.27.5\u2032\u2032 _module_preset=\"default\" text_text_color=\"#000000\u2032\u2032 hover_enabled=\"0\u2032\u2032 global_colors_info=\"{}\" sticky_enabled=\"0\u2032\u2032]<\/p>\n<p>\u0160\u012b diskusija iepaz\u012bstina ar Universal Design for Guidance (UDG), pieeju, ko izstr\u0101d\u0101jusi Dr Mary Quirke un kas balst\u0101s uz vi\u0146as doktorant\u016bras p\u0113t\u012bjumiem un praksi iek\u013caujo\u0161\u0101 karjeras att\u012bst\u012bb\u0101. Pamatojoties uz profesion\u0101l\u0101s orient\u0101cijas teoriju, psiholo\u0123iju, dizainu, pedago\u0123iju un invalidit\u0101tes mode\u013ciem, UDG p\u0101rveido vad\u012bbu par emp\u0101tisku, attiec\u012bbu un iesp\u0113ju nodro\u0161in\u0101\u0161anas procesu.<\/p>\n<p>\u00a0Saska\u0146\u0101 ar ANO ilgtsp\u0113j\u012bgas att\u012bst\u012bbas m\u0113r\u0137iem un main\u012bg\u0101s pasaules pras\u012bb\u0101m \u0161\u012b pieeja veicina elast\u012bgu, iek\u013caujo\u0161u praksi, kur\u0101 tiek atz\u012bta visu izgl\u012btojamo daudzveid\u012bba. Lai gan t\u0101 sak\u0146ojas darb\u0101 ar cilv\u0113kiem ar invalidit\u0101ti, t\u0101 par\u0101da, k\u0101 iek\u013cau\u0161anas pl\u0101no\u0161ana uzlabo nor\u0101d\u012bjumus ikvienam. Dal\u012bbnieki tiks aicin\u0101ti p\u0101rdom\u0101t tradicion\u0101los orient\u0101cijas mode\u013cus un izp\u0113t\u012bt, k\u0101 piek\u013c\u016bstam\u0101kas, rea\u0123\u0113tsp\u0113j\u012bg\u0101kas un taisn\u012bg\u0101kas orient\u0101cijas attiec\u012bbas var integr\u0113t da\u017e\u0101dos Eiropas kontekstos.<\/p>\n<p>[\/et_pb_text][\/et_pb_column][et_pb_column type=\"1_2\u2033 _builder_version=\"4.27.5\u2033 _module_preset=\"default\" global_colors_info=\"{}\"][et_pb_countdown_timer date_time=\"2026-04-10 11:00\u2033 _builder_version=\"4.27.5\u2033 _module_preset=\"default\" background_color=\"#1f187f\" hover_enabled=\"0\u2033 global_colors_info=\"{}\" sticky_enabled=\"0\u2033][\/et_pb_countdown_timer][et_pb_button button_url=\"https:\/\/events.teams.microsoft.com\/event\/629a69e5-23a6-433d-838d-00c966405238@f5366bb4-0485-4544-8baa-c80ddc368234\u2033 url_new_window=\"on\" button_text=\"Register here\" button_alignment=\"left\" _builder_version=\"4.27.5\u2033 _module_preset=\"default\" custom_button=\"on\" button_text_color=\"\"#1d08a5\u2033 button_border_color=\u201d#000000\u2033 button_icon_color=\u201d#0d077f\" button_on_hover=\"off\" custom_margin=\"0px|0px|0px|151px|false|false\" hover_enabled=\"0\u2033 global_colors_info=\"{}\" sticky_enabled=\"0\u2033][\/et_pb_button][\/et_pb_column][\/et_pb_row][et_pb_row _builder_version=\"4.27.5\u2033 _module_preset=\"default\" global_colors_info=\"{}\"][et_pb_column type=\"4_4\u2033 _4_builder\u2033 _version=\"4.27.5_module_preset=\"default\" global_colors_info=\"{}\"][_pbdivider color=\"\"#000000\u2033 _builder_version=\"4.27.5\u2033 _module_preset=\"default\" global_colors_info=\"{}][\/et_pb_divider][\/et_pb_column][\/et_pb_row][\/et_pb_section][et_pb_section fb_built=\"1\u2033 admin_label=\"Footer\" _builder_version=\"4.27.5\u2033 _module_preset=\"f1c4f717-2356-4e3f-ac1b-1e293a6cc08a\" min_height=\"269,3px\" height=\"357px\" custom_margin=\"-13px||||false|falsefalse\" custom_padding=\"||padding=\"0px||9px|false_false\"Global\u2033module=\"1150_ saved_tabs=\"all\" locked\"=offid\"=\"offid=\"glob\"_color=_foin\"#FFFFFF\u201d custom_margin=\"||-20px|||\" global_colors_info=\"{}\"][\/et_pb_heading][et_pb_wpt_gravityform gravityform_id=\"gf-2\u2033 title=\"off\" description=\"off\" ajax=\"on\" _builder_version=\"4.27.4\u2033 _module_preset=\"default\" transform_scale=\"94%|94%\" global_colors_info=\"{}\"][\/et_pb_wpt_gravityform][\/et_pb_column][et_pb_column type=\"1_3\u2033 _builder_version=\"4.25.1\u2033 _module_preset=\"default\" global_colors_info=\"{}\"][et_pb_heading title=\"Quick Links\" _builder_version=\"4.27.4\u2033 _module_preset=\"956592-a1b1-43fb-aaa7b-d69d7b858e52\u2033 title_font=\"Verdana||||||||\" title_text_color=\"#FFFFFF\u201d pozicion\u0113\u0161ana=\"none\" custom_margin=\"||10px|46px|false|false\" custom_padding=\"|||55px||\" locked=\"off\" global_colors_info=\"{}][\/et_pb_heading][et_pb_text _builder_version=\"4.27.4\u2033 _module_preset=\"01dbb295-3347-4b31-936e-cb09b186d00f\" text_font=\"Verdana||||||||\" custommargin=\"_8px||53px|false|false\" custom|padding=\"_75px|48px||\" link||option_url=\"https:\/\/euroguidance.ie\/en\/about\/\"]<\/p>\n<p>Euroguidance<\/p>\n<p>[\/et_pb_text][et_pb_text _builder_version=\"4.27.4\u2032\u2032 _module_preset=\"01dbb295-3347-4b31-936e-cb09b186d00f\" text_font=\"Verdana \u2047 \" custom_margin=\" \u2047 8px \u2047 50px \u2047 false \u2047 false\" custom_padding=\" \u2047 50px \u2047 \" link_option_url=\"https:\/\/euroguidance.ie\/en\/resources\/\"]<\/p>\n<p>Resursi<\/p>\n<p>[\/et_pb_text][et_pb_text _builder_version=\"4.27.4\u2032\u2032 _module_preset=\"01dbb295-3347-4b31-936e-cb09b186d00f\" text_font=\"Verdana \u2047 \" custom_margin=\" \u2047 8px \u2047 49px \u2047 false \u2047 false\" custom_padding=\" \u2047 51px \u2047 \" link_option_url=\"https:\/\/euroguidance.ie\/en\/contact-us\/\"]<\/p>\n<p>Sazi\u0146a<\/p>\n<p>[\/et_pb_text][et_pb_text _builder_version=\"4.27.4\u2032\u2032 _module_preset=\"01dbb295-3347-4b31-936e-cb09b186d00f\" text_font=\"Verdana \u2047 \" custom_margin=\" \u2047 8px \u2047 51px \u2047 false \u2047 false\" custom_padding=\" \u2047 49px \u2047 \" link_option_url=\"https:\/\/euroguidance.ie\/privacy-statement\/\"]<\/p>\n<p>Priv\u0101tuma politika<\/p>\n<p>[\/et_pb_text][\/et_pb_column][et_pb_column type=\"1_3\u2032\u2032 _builder_version=\"4.25.1\u2032\u2032 _module_preset=\"default\" global_colors_info=\"{}][et_pb_image src=\"https:\/\/euroguidance.ie\/wp-content\/uploads\/2026\/01\/EN_Co-Funded_by_the_EU_PANTONE-scaled.png\" alt=\"Co-Funded by European Union\" title_text=\"EN_Co-Funded_by_the_EU_PANTONE\" align=\"center\" _builder_version=\"4.27.4\u2032\u2032\u2032 _module_preset=\"default\" global_colors_info=\"{\"][\/et_pbimage_][et\/pb_et_plumn_\/plumn_prowet_prowet]<\/p>","protected":false},"excerpt":{"rendered":"<p>Datums: piektdiena, 10. apr\u012blis Laiks: 11.00\u201312.00 GMT\u0160aj\u0101 run\u0101 tiek iepaz\u012bstin\u0101ts ar Universal Design for Guidance (UDG), pieeju, ko izstr\u0101d\u0101jusi Dr Mary Quirke un kas balst\u012bta uz vi\u0146as doktorant\u016bras p\u0113t\u012bjumiem un praksi iek\u013caujo\u0161\u0101 karjeras att\u012bst\u012bb\u0101. Pamatojoties uz profesion\u0101l\u0101s orient\u0101cijas teoriju, psiholo\u0123iju, dizainu, pedago\u0123iju un invalidit\u0101tes mode\u013ciem, UDG p\u0101rveido vad\u012bbu par emp\u0101tisku, attiec\u012bbu un [\u2026]<\/p>","protected":false},"author":9,"featured_media":0,"parent":0,"menu_order":0,"comment_status":"closed","ping_status":"closed","template":"","meta":{"_et_pb_use_builder":"on","_et_pb_old_content":"<!-- wp:divi\/placeholder \/-->","_et_gb_content_width":"","footnotes":""},"class_list":["post-980","page","type-page","status-publish","hentry"],"_links":{"self":[{"href":"https:\/\/euroguidance.ie\/lv\/wp-json\/wp\/v2\/pages\/980","targetHints":{"allow":["GET"]}}],"collection":[{"href":"https:\/\/euroguidance.ie\/lv\/wp-json\/wp\/v2\/pages"}],"about":[{"href":"https:\/\/euroguidance.ie\/lv\/wp-json\/wp\/v2\/types\/page"}],"author":[{"embeddable":true,"href":"https:\/\/euroguidance.ie\/lv\/wp-json\/wp\/v2\/users\/9"}],"replies":[{"embeddable":true,"href":"https:\/\/euroguidance.ie\/lv\/wp-json\/wp\/v2\/comments?post=980"}],"version-history":[{"count":20,"href":"https:\/\/euroguidance.ie\/lv\/wp-json\/wp\/v2\/pages\/980\/revisions"}],"predecessor-version":[{"id":1433,"href":"https:\/\/euroguidance.ie\/lv\/wp-json\/wp\/v2\/pages\/980\/revisions\/1433"}],"wp:attachment":[{"href":"https:\/\/euroguidance.ie\/lv\/wp-json\/wp\/v2\/media?parent=980"}],"curies":[{"name":"wp","href":"https:\/\/api.w.org\/{rel}","templated":true}]}}