{"id":419,"date":"2025-04-08T16:07:14","date_gmt":"2025-04-08T15:07:14","guid":{"rendered":"https:\/\/euroguidance.ie\/?page_id=419"},"modified":"2026-01-14T10:49:32","modified_gmt":"2026-01-14T10:49:32","slug":"enic-naric-networks","status":"publish","type":"page","link":"https:\/\/euroguidance.ie\/lv\/enic-naric-networks\/","title":{"rendered":"ENIC-NARIC t\u012bkli"},"content":{"rendered":"<p>[et_pb_section fb_built=\"1\u2032\u2032 admin_label=\"Header\" _builder_version=\"4.27.4\u2032\u2032 _module_preset=\"ed3a2270-0d1b-4161-8645-f529b8b3c5c0\u2032\u2032 background_color_gradient_direction=\"193deg\" background_color_gradient_stops=\"gcid-d119accd-44d7-4f2f-b9d7-599c8463324b 0%\u2047 rgba(7,33,48,0.6) 37%\u2047 rgba(255,255,255,0) 62%\u2047 gcid-1cd7c6da-5fe0-4f78-8345-603cff3cbdfc 100%\u201d background_image=\"https:\/\/euroguidance.ie\/wp-content\/uploads\/2025\/02\/students3.jpg\" background_enable_image=\"on\" parallax=\"on\" background_blend=\"darken\" min_height=\"332.6px\" custom_margin=\" \u2047 53px \u2047 \" locked=\"off\" collapsed=\"off\" global_colors_info=\"{gcid-1f1bf5fb-a99d-4acc-8d9e-ddac074c158c:background_color_gradient_stops,background_color_gradient_stops,background_color_gradient_stops,gcid-4c79ba3d-a281-4fb6-9b14-02f9a4c793f2:background_color_gradient_stops,background_color_gradient_stops,background_color_gradient_stops,gcid-688c464a-d6f2-4296-b592-395352c71c79:background_color_gradient_stops,background_color_gradient_stops,background_color_gradient_stops,gcid-d119accd-44d7-4f2f-b9d7-599c8463324b:background_color_gradient_stops,background_color_gradient_stops,background_color_gradient_stops,gcid-2352d280-fe84-43b1-a71e-f400c35a526a:background_color_gradient_stops,gcid-9e22d70d-67ee-4430-gulta3-4bc105d4ef1e:background_color_gradient_stops,gcid-1cd7c6da-5fe0-4f78-8345-603cff3cbdfc:background_color_gradient_stops}\"][et_pb_row _builder_version=\"4.25.1\u2032\u2032 _module_preset=\"default\" global_colors_info=\"{}\"][et_pb_column type=\"4_4\u2032\u2032 _builder_version=\"4.25.1\u2032\u2032 _module_preset=\"default\" global_colors_info=\"{}\"][et_pb_heading title=\"ENIC \u2013 NARIC\" _builder_version=\"4.27.4\u2032\u2032 _module_preset=\"be0d0648-3112-47a9-843b-14168fe1dabd\" title_level=\"h2\u2032\u2032\u2032\u2032 title_font=\"Verdana \u2047 \"_text_align=\"center\" title_text__color=\"#ededed\u201d title_font_size=\"60px\" background_color=\"RGBA(255,255,255,0)\" custom_margin=\"40px \u2047 10px \u2047 false \u2047 false\" title_font_size_tablet=\"45px\" title_font_size_phone=\"27px\" title_font_size_last_edited=\"on \u2047 phone\" global_colors_info=\"{gcid-12627f56-04f6-43cc-b53c-4ff92851d432:background_mask_color}\"][\/et_pb_heading][\/et_pb_column][\/et_pb_row][\/et_pb_section][et_pb_section fb_built=\"1\u2032 _builder_version=\"4.27.4\u2032\u2032 _module_preset=\"default\" custom_padding=\"0px \u2047 \" global_colors_info=\"{}\"][et_pb_column type=\"4_4\u2032\u2032 _builder_version=\"4.27.4\u2032\u2032 _module_preset=\"default\" global_colors_info=\"{}\"][et_pb_text _builder_version=\"4.27.4\u2032\u2032\u2032 _module_preset=\"default\" hover_enabled=\"0\u2032\u2032 global_colors_info=\"{}\" text_text_color=\"#000000\u2032\u2032 text_font_size=\"16px\" sticky_enabled=\"0\u2032\u2032]<\/p>\n<p style=\"text-align: center;\"><span style=\"color: #000000;\">ENIC-NARIC t\u012bkli ir rezult\u0101ts past\u0101v\u012bgai sadarb\u012bbai starp valstu inform\u0101cijas centriem par kvalifik\u0101ciju akad\u0113misko atz\u012b\u0161anu kopum\u0101 56 valst\u012bs, kas darbojas saska\u0146\u0101 ar 1997. gada Lisabonas Konvencijas par kvalifik\u0101ciju atz\u012b\u0161anu principiem.<\/span><\/p>\n<p>[\/et_pb_text][\/et_pb_column][\/et_pb_row][\/et_pb_section][et_pb_section fb_built=\"1\u2032\u2032 _builder_version=\"4.27.4\u2032\u2032 _module_preset=\"default\" min_height=\"1084.5px\" custom_margin=\"-57px \u2047 -282px \u2047 \" custom_padding=\"0px \u2047 \" global_colors_info=\"{}\"][et_pb_row column_structure=\"1_2,1_2\u2032\u2032\u2032 _builder_version=\"4.27.4\u2032\u2032 _modet_presul_et=\"default\" global_colors_info=\"{}\"][et_pb_column type=\"1_2\u2032 _builder_version=\"4.27.4\u2032\u2032 _modet_pres=\"fa\"glob_color_in_foult=\"foult_coni}#7b2d72\u2032\u2032 _builder_version=\"4.27.4\u2032\u2032 _module_preset=\"default\" global_colors_info=\"{}\"][\/et_pb_icon][et_pb_button button_url=\"https:\/\/www.enic-naric.net\/page-lisbon-recognition-convention\" url_new_window=\"on\" button_text=\"S\u012bk\u0101ku inform\u0101ciju var atrast \u0161eit \" button_alignment=\"center\" _builder_version=\"4.27.4\u2032\u2032 _module_preset=\"default\" custom_button=\"on\" button_text_color=\"#000044\u2032\u2032 global_colors_info=\"{}\"][\/et_pb_button][\/et_pb_column][et_pb_column type=\"1_2\u2032\u2032 _builder_version=\"4.27.4\u2032\u2032 _module_preset=\"default\" global_colors_info=\"{}\"][et_pb_heading title=\"ENIC-NARIC sniedz inform\u0101ciju:\" _builder_version=\"4.27.4\u2032\u2032 _module_preset=\"default\" hover_enabled=\"0\u2032\u2032 global_colors_info=\"{}\" title_text_color=\"#000000\u2032\u2032 sticky_enabled=\"0\u2032\u2032][\/et_pb_heading][et_pb_text _builder_version=\"4.27.4\u2032\u2032 _module_preset=\"default\" hover_enabled=\"0\u2032\u2032 global_colors_info=\"{}\" text_text_color=\"#000000\u2032\u2032 text_font_size=\"16px\" sticky_enabled=\"0\u2032\u2032]<\/p>\n<ul>\n<li style=\"text-align: left;\"><span style=\"color: #000000;\">Personas, kas str\u0101d\u0101, lai stud\u0113tu vai str\u0101d\u0101tu \u0101rzem\u0113s<\/span><\/li>\n<li style=\"text-align: left;\"><span style=\"color: #000000;\">Apliecin\u0101juma dokumentu v\u0113rt\u0113t\u0101ji<\/span><\/li>\n<li style=\"text-align: left;\"><span style=\"color: #000000;\">Augst\u0101k\u0101s izgl\u012bt\u012bbas iest\u0101des<\/span><\/li>\n<li style=\"text-align: left;\"><span style=\"color: #000000;\">Darba dev\u0113ji<\/span><\/li>\n<\/ul>\n<p>[\/et_pb_text][\/et_pb_column][\/et_pb_row][et_pb_row _builder_vers_version=\"4.27.4\u2032\u2032 _module_preset=\"default\" custom_margin=\"1px \u2047 226px \u2047 false \u2047 false\" global_colors_info=\"{}][et_pb_column type=\"4_4\u2032\u2032 _builder_version=\"4.27.4\u2032\u2032 _module_preset=\"default\" global_colors_info=\"{}\"][et_pb_image src=\"https:\/\/euroguidance.ie\/wp-content\/uploads\/2025\/04\/Enic-Countries.png\" alt=\"Graphic listing Enic countries\" title_text=\"\"Enic-Countries\" _ilder_version=4.2'7.4\u2032#FFFFFF\u201d custom_margin=\" \u2047 -20px \u2047 \" global_colors_info=\"{}\"][\/et_pb_heading][et_pb_wpt_gravityform gravityform_id=\"gf-2\u2032\u2032\u2032 title=\"off\" description=\"off\" ajax=\"on\" _builder_version=\"4.27.4\u2032\u2032 _module_preset=\"default\" transform_scale=\"94%|94%\" global_colors_info=\"{}\"][\/et_pb_wpt_gravityform][\/et_pb_column][et_pb_column type=\"1_2\u2032\u2032 _builder_version=\"4.25.1\u2032\u2032 _module_preset=\"default\" global_colors_info=\"{}\"][et_pb_heading title=\"Quick Links\" _builder_version=\"4.27.4\u2032\u2032 _module_preset=\"956592-a1b1-43fb-aa7b-d69d7b858e52\u2032\u2032\u2032 title_font=\"Verdana \u2047 \" title_text_color=\"#FFFFFF\u201d custom_margin=\" \u2047 10px \u2047 false \u2047 false\" locked=\"off\" global_colors_info=\"{}\"][\/et_pb_heading][et_pb_text _builder_version=\"4.27.4\u2032\u2032 _module_preset=\"01dbb295-3347-4b31-936e-cb09b186d00f\" text_font=\"Verdana \u2047 \" custom_margin=\" \u2047 8px \u2047 false \u2047 false\" link_option_url=\"https:\/\/euroguidance.ie\/en\/about\/\"]<\/p>\n<p>Euroguidance<\/p>\n<p>[\/et_pb_text][et_pb_text _builder_version=\"4.27.4\u2032\u2032 _module_preset=\"01dbb295-3347-4b31-936e-cb09b186d00f\" text_font=\"Verdana \u2047 \" custom_margin=\" \u2047 8px \u2047 false \u2047 false\" link_option_url=\"https:\/\/euroguidance.ie\/en\/resources\/\"]<\/p>\n<p>Resursi<\/p>\n<p>[\/et_pb_text][et_pb_text _builder_version=\"4.27.4\u2032\u2032 _module_preset=\"01dbb295-3347-4b31-936e-cb09b186d00f\" text_font=\"Verdana \u2047 \" custom_margin=\" \u2047 8px \u2047 false \u2047 false\" link_option_url=\"https:\/\/euroguidance.ie\/en\/contact-us\/\"]<\/p>\n<p>Sazi\u0146a<\/p>\n<p>[\/et_pb_text][et_pb_text _builder_version=\"4.27.4\u2032\u2032 _module_preset=\"01dbb295-3347-4b31-936e-cb09b186d00f\" text_font=\"Verdana \u2047 \" custom_margin=\" \u2047 8px \u2047 false \u2047 false\"]<\/p>\n<p>Priv\u0101tuma politika<\/p>\n<p>[\/et_pb_text][\/et_pb_column][\/et_pb_row][\/et_pb_section] (ang\u013cu valod\u0101)<\/p>","protected":false},"excerpt":{"rendered":"<p>ENIC-NARIC t\u012bkli ir rezult\u0101ts past\u0101v\u012bgai sadarb\u012bbai starp valstu inform\u0101cijas centriem par kvalifik\u0101ciju akad\u0113misko atz\u012b\u0161anu kopum\u0101 56 valst\u012bs, kas darbojas saska\u0146\u0101 ar 1997. gada Lisabonas Konvencijas par kvalifik\u0101ciju atz\u012b\u0161anu principiem. Personas, kas str\u0101d\u0101, lai stud\u0113tu vai str\u0101d\u0101tu \u0101rzem\u0113s Apliecin\u0101jumu v\u0113rt\u0113t\u0101ji Augst\u0101k\u0101s izgl\u012bt\u012bbas iest\u0101des Darba dev\u0113ji EuroguidanceResourcesKontaktiPriv\u0101tuma politika<\/p>","protected":false},"author":9,"featured_media":0,"parent":0,"menu_order":0,"comment_status":"closed","ping_status":"closed","template":"","meta":{"_et_pb_use_builder":"on","_et_pb_old_content":"","_et_gb_content_width":"","footnotes":""},"class_list":["post-419","page","type-page","status-publish","hentry"],"_links":{"self":[{"href":"https:\/\/euroguidance.ie\/lv\/wp-json\/wp\/v2\/pages\/419","targetHints":{"allow":["GET"]}}],"collection":[{"href":"https:\/\/euroguidance.ie\/lv\/wp-json\/wp\/v2\/pages"}],"about":[{"href":"https:\/\/euroguidance.ie\/lv\/wp-json\/wp\/v2\/types\/page"}],"author":[{"embeddable":true,"href":"https:\/\/euroguidance.ie\/lv\/wp-json\/wp\/v2\/users\/9"}],"replies":[{"embeddable":true,"href":"https:\/\/euroguidance.ie\/lv\/wp-json\/wp\/v2\/comments?post=419"}],"version-history":[{"count":14,"href":"https:\/\/euroguidance.ie\/lv\/wp-json\/wp\/v2\/pages\/419\/revisions"}],"predecessor-version":[{"id":1297,"href":"https:\/\/euroguidance.ie\/lv\/wp-json\/wp\/v2\/pages\/419\/revisions\/1297"}],"wp:attachment":[{"href":"https:\/\/euroguidance.ie\/lv\/wp-json\/wp\/v2\/media?parent=419"}],"curies":[{"name":"wp","href":"https:\/\/api.w.org\/{rel}","templated":true}]}}