{"id":1315,"date":"2026-01-14T15:01:22","date_gmt":"2026-01-14T15:01:22","guid":{"rendered":"https:\/\/euroguidance.ie\/?page_id=1315"},"modified":"2026-01-14T15:46:30","modified_gmt":"2026-01-14T15:46:30","slug":"academia","status":"publish","type":"page","link":"https:\/\/euroguidance.ie\/lv\/academia\/","title":{"rendered":"Akad\u0113misk\u0101s aprindas"},"content":{"rendered":"<p>[et_pb_section fb_built=\"1\u2032\u2032 admin_label=\"Header\" _builder_version=\"4.27.4\u2032\u2032 _module_preset=\"ed3a2270-0d1b-4161-8645-f529b8b3c5c0\u2032\u2032 background_color_gradient_direction=\"193deg\" background_color_gradient_stops=\"gcid-d119accd-44d7-4f2f-b9d7-599c8463324b 0%\u2047 rgba(7,33,48,0.6) 37%\u2047 rgba(255,255,255,0) 62%\u2047 gcid-1cd7c6da-5fe0-4f78-8345-603cff3cbdfc 100%\u201d background_image=\"https:\/\/euroguidance.ie\/wp-content\/uploads\/2025\/02\/students3.jpg\" background_enable_image=\"on\" parallax=\"on\" background_blend=\"darken\" min_height=\"332.6px\" custom_margin=\" \u2047 53px \u2047 \" locked=\"off\" collapsed=\"off\" global_colors_info=\"{gcid-1f1bf5fb-a99d-4acc-8d9e-ddac074c158c:background_color_gradient_stops,background_color_gradient_stops,background_color_gradient_stops,gcid-4c79ba3d-a281-4fb6-9b14-02f9a4c793f2:background_color_gradient_stops,background_color_gradient_stops,background_color_gradient_stops,gcid-688c464a-d6f2-4296-b592-395352c71c79:background_color_gradient_stops,background_color_gradient_stops,background_color_gradient_stops,gcid-d119accd-44d7-4f2f-b9d7-599c8463324b:background_color_gradient_stops,background_color_gradient_stops,background_color_gradient_stops,gcid-2352d280-fe84-43b1-a71e-f400c35a526a:background_color_gradient_stops,gcid-9e22d70d-67ee-4430-gulta3-4bc105d4ef1e:background_color_gradient_stops,gcid-1cd7c6da-5fe0-4f78-8345-603cff3cbdfc:background_color_gradient_stops}\"][et_pb_row _builder_version=\"4.25.1\u2032\u2032 _module_preset=\"default\" global_colors_info=\"{}\"][et_pb_column type=\"4_4\u2032\u2032 _builder_version=\"4.25.1\u2032\u2032 _module_preset=\"default\" global_colors_info=\"{}\"][et_pb_heading title=\"Academia\" _builder_version=\"4.27.4\u2032\u2032 _module_preset=\"be0d0648-3112-47a9-843b-14168fedab1d\" title_level=\"h2\u2032\u2032\u2032\u2032 title_font=\"Verdana \u2047 \" title_textalign=\"center\" title_text_color=\"#ededed\u201d title_font_size=\"60px\" background_color=\"RGBA(255,255,255,0)\" custom_margin=\"40px \u2047 10px \u2047 false \u2047 false\" title_font_size_tablet=\"45px\" title_font_size_phone=\"27px\" title_font_size_last_edited=\"on \u2047 phone\" global_colors_info=\"{gcid-12627f56-04f6-43cc-b53c-4ff92851d432:background_mask_color}\"][\/et_pb_heading][\/et_pb_column][\/et_pb_row][\/et_pb_section][et_pb_section fb_built=\"1\u2032\u2032 _builder_version=\"4.27.4\u2032\u2032 _module_preset=\"default\" custom_padding=\"0px \u2047 \" global_colors_info=\"{}\"][et_pb_row _builder_version=\"4.17.6\u2032\u2032 _module_preset=\"5138c454-be54-4233-bd3b-f8e6a8747976\u2032\u2032\u2032 locked=\"off\" global_colors_info=\"{}\"][et_pb_column type=\"4_4\u2032\u2032\u2032 _builder_version=\"4.17.4\u2032\u2032\u2032 _module_preset=\"731f803-ef44-8487633c-183c\u2032 global_colors_info=\"{}\"][et_pb_heading title=\"Mobilit\u0101tes izp\u0113tes viz\u012bte \u012arij\u0101 2025\u2032\u2032 _builder_version=\"4.27.4\u2032\u2032 _module_preset=\"default\" title_font=\" \u2047 \" title_text_align=\"center\" title_text_color=\"#000000\u2032\u2032 background_color=\u201d#FFFFFF\u201d platums=\u201d54%\u201d max_width=\u201d79%\u201d module_alignment=\u201dcenter\u201d custom_margin=\u201d0px \u2047 0px \u2047 false \u2047 false\u201d custom_padding=\u201d16px \u2047 12px \u2047 0px \u2047 false \u2047 false\u201d border_color_all=\u201d#0C71C3\u2032\u2032 border_style_all=\"inset\" box_shadow_style=\"preset1\u2032\u2032 box_shadow_vertical=\"0px\" box_shadow_blur=\"6px\" box_shadow_position=\"inner\" global_colors_info=\"{}\"][\/et_pb_heading][et_pb_text _builder_version=\"4.27.4\u2032\u2032 _module_preset=\"default\" text_font_size=\"16px\" global_colors_info=\"{}\"]<\/p>\n<p style=\"text-align: center;\"><span style=\"color: #000000;\">2025. gada maij\u0101 m\u0113s uz\u0146\u0113m\u0101m piecpadsmit Eiropas vado\u0161os kol\u0113\u0123us \u012arij\u0101 no desmit Eiropas valst\u012bm (Austrijas, \u0160veices, V\u0101cijas, D\u0101nijas, Igaunijas, Francijas, Norv\u0113\u0123ijas, Slov\u0113nijas, Sp\u0101nijas un Zviedrijas). Izp\u0113tes viz\u012btes temats bija:<strong>Iek\u013caujo\u0161i nor\u0101d\u012bjumi<\/strong>\u201d.<\/span><\/p>\n<p>&nbsp;<\/p>\n<ul>\n<li style=\"text-align: left;\"><span style=\"color: #000000;\">Izp\u0113tes viz\u012bte notika Dublinas pils\u0113tas Izgl\u012bt\u012bbas un apm\u0101c\u012bbas padomes (ETB) Br\u012bv\u012bbas koled\u017e\u0101.<\/span><\/li>\n<li style=\"text-align: left;\"><span style=\"color: #000000;\">Dr. Mary Quirke veicin\u0101ja univers\u0101lo dizaina darbsemin\u0101ru, kur\u0101 tika p\u0113t\u012bts, k\u0101 profesion\u0101l\u0101s orient\u0101cijas speci\u0101listi sav\u0101 praks\u0113 var pie\u0146emt univers\u0101l\u0101 dizaina (UD) un univers\u0101l\u0101 m\u0101c\u012bbu dizaina (UDL) pieejas un pie\u0146emt univers\u0101lo dizainu orient\u0101cijas dom\u0101\u0161anas veid\u0101.<\/span><\/li>\n<li style=\"text-align: left;\"><span style=\"color: #000000;\">Des Acton no Tr\u012bsvien\u012bbas centra cilv\u0113kiem ar intelektu\u0101l\u0101s att\u012bst\u012bbas trauc\u0113jumiem (TCPID) veicin\u0101ja sesiju \u201cPiek\u013cuve un iek\u013cau\u0161ana nor\u0101d\u012bjumos\u201d<\/span><\/li>\n<li style=\"text-align: left;\"><span style=\"color: #000000;\">Julieanne Duffy Gillen no Tehnolo\u0123isk\u0101s universit\u0101tes (TU) Dublin\u0101 veicin\u0101ja sesiju par nor\u0101d\u012bjumiem nedzird\u012bgo kopien\u0101<\/span><\/li>\n<\/ul>\n<p>[\/et_pb_text][et_pb_gallery gallery_ids=\"825,829,821,826\u2032\u2032 show_title_and_caption=\"off\" _builder_version=\"4.27.4\u2032\u2032 _module_preset=\"default\" animation_style=\"zoom\" hover_enabled=\"0\u2032\u2032\u2032 dbdb_version=\"4.12.2\u2032\u2032\u2032 dbdb_enable_grid_slide_in=\"off\" global_colors_info=\"{}\" dbdb_show_in_lightbox=\"off\" show_pagination=\"off\" sticky_enabled=\"0\u2032\u2032][\/et_pb_gallery][et_pb_divider color=\"#004773\u2032\u2032 _builder_version=\"4.27.4\u2032\u2032 _module_preset=\"default\" global_colors_info=\"{}\"][\/et_pb_divider][et_pb_heading title=\"Mobilit\u0101tes izp\u0113tes viz\u012bte \u012arij\u0101 2024\u2032\u2032 _builder_version=\"4.27.4\u2032\u2032 _module_preset=\"default\" title_font=\" \u2047 \" title_text_align=\"center\" title_text_color=\"#000000\u2032\u2032 background_color=\u201d#FFFFFF\u201d platums=\u201d54%\u201d max_width=\u201d79%\u201d module_alignment=\u201dcenter\u201d custom_margin=\u201d0px \u2047 0px \u2047 false \u2047 false\u201d custom_padding=\u201d16px \u2047 12px \u2047 0px \u2047 false \u2047 false\u201d border_color_all=\u201d#0C71C3\u2032\u2032 border_style_all=\"inset\" box_shadow_style=\"preset1\u2032\u2032 box_shadow_vertical=\"0px\" box_shadow_blur=\"6px\" box_shadow_position=\"inner\" global_colors_info=\"{}\"][\/et_pb_heading][et_pb_text _builder_version=\"4.27.4\u2032\u2032 _module_preset=\"default\" text_text_color=\"#000000\u2032\u2032 text_font_size=\"16px\" global_colors_info=\"{}\"]<\/p>\n<p style=\"text-align: center;\"><span style=\"color: #000000;\">Dublinu 2025. gada maij\u0101 apmekl\u0113ja tr\u012bspadsmit kol\u0113\u0123i no se\u0161\u0101m Eiropas valst\u012bm, tostarp N\u012bderlandes, Igaunijas, Francijas, Sp\u0101nijas, Norv\u0113\u0123ijas, V\u0101cijas un D\u0101nijas. Izp\u0113tes viz\u012btes temats bija <strong>\u201cKarjeras atbalsts m\u016b\u017ea garum\u0101 \u2014 n\u0101kotnes redz\u0113jums\u201d.<\/strong><\/span><\/p>\n<p>&nbsp;<\/p>\n<ul>\n<li style=\"text-align: left;\"><span style=\"color: #000000;\">Izp\u0113tes viz\u012bte notika Dublinas pils\u0113tas Izgl\u012bt\u012bbas un apm\u0101c\u012bbas padomes (ETB) Br\u012bv\u012bbas koled\u017e\u0101.<\/span><\/li>\n<li style=\"text-align: left;\"><span style=\"color: #000000;\">Dublinas pils\u0113tas Izgl\u012bt\u012bbas un apm\u0101c\u012bbas padomes (ETB) konsultat\u012bv\u0101 dienesta kole\u0123i\u0101li sniedza informat\u012bvu sesiju par profesion\u0101l\u0101s orient\u0101cijas pakalpojumiem t\u0101l\u0101kizgl\u012bt\u012bb\u0101 un apm\u0101c\u012bb\u0101 (FET)<\/span><\/li>\n<li style=\"text-align: left;\"><span style=\"color: #000000;\">Dr. Mary Quirke, Dr. Patricia McCarthy, Des Acton un Conor McGuirk iepaz\u012bstin\u0101ja ar piek\u013cuves, iek\u013cau\u0161anas un univers\u0101l\u0101 dizaina vadl\u012bnij\u0101m Tr\u012bsvien\u012bbas centr\u0101 cilv\u0113kiem ar intelektu\u0101l\u0101s att\u012bst\u012bbas trauc\u0113jumiem (TCPID)<\/span><\/li>\n<li style=\"text-align: left;\"><span style=\"color: #000000;\">Aisling Murray Fleming no Dublinas Pils\u0113tas universit\u0101tes (DCU) sniedza p\u0101rskatu par DCU konsult\u0101ciju programmu un digit\u0101lajiem r\u012bkiem nor\u0101d\u012bjumos, tostarp apskatu par DCU virtu\u0101l\u0101s realit\u0101tes laboratoriju.<\/span><\/li>\n<li style=\"text-align: left;\"><span style=\"color: #000000;\">Dal\u012bbnieki dev\u0101s ekskursij\u0101 uz Dublin Dun Laoghaire Education Training Board (DDLETB) m\u0101c\u012bbu centru Baldoyle<\/span><\/li>\n<li style=\"text-align: left;\"><span data-contrast=\"auto\" style=\"color: #000000;\">Dr. Carol Guildea sniedza sesiju par strat\u0113\u0123isko satvaru m\u016b\u017eilgai orient\u0101cijai<\/span><\/li>\n<li style=\"text-align: left;\"><span data-contrast=\"auto\" style=\"color: #000000;\">Dublinas pils\u0113tas Izgl\u012bt\u012bbas m\u0101c\u012bbu padomes psiholo\u0123ijas dienesta galvenais psihologs Stephen O\u2019Neill r\u012bkoja sesiju \u201cPa\u0161apr\u016bpe jums \u2014 dom\u0101\u0161anas veids\u201d<\/span><\/li>\n<\/ul>\n<p>[\/et_pb_text][et_pb_gallery gallery_ids=\"840,839,835,836\u2032\u2032 show_title_and_caption=\"off\" _builder_version=\"4.27.4\u2032\u2032 _module_preset=\"default\" dbdb_version=\"4.12.2\u2032\u2032 dbdb_show_lightbox_title=\"off\" global_colors_info=\"{}\"][\/et_pb_gallery][\/et_pb_column][\/et_pb_row][\/et_pb_section]<\/p>","protected":false},"excerpt":{"rendered":"<p>2025. gada maij\u0101 m\u0113s uz\u0146\u0113m\u0101m piecpadsmit Eiropas vado\u0161os kol\u0113\u0123us \u012arij\u0101 no desmit Eiropas valst\u012bm (Austrijas, \u0160veices, V\u0101cijas, D\u0101nijas, Igaunijas, Francijas, Norv\u0113\u0123ijas, Slov\u0113nijas, Sp\u0101nijas un Zviedrijas). Izp\u0113tes viz\u012btes temats bija \u201cIek\u013caujo\u0161i nor\u0101d\u012bjumi\u201d. \u00a0 Izp\u0113tes viz\u012bte notika Liberties College, City of Dublin Education and Training Board (ETB) Dr. Mary [...]<\/p>","protected":false},"author":9,"featured_media":0,"parent":0,"menu_order":0,"comment_status":"closed","ping_status":"closed","template":"","meta":{"_et_pb_use_builder":"on","_et_pb_old_content":"","_et_gb_content_width":"","footnotes":""},"class_list":["post-1315","page","type-page","status-publish","hentry"],"_links":{"self":[{"href":"https:\/\/euroguidance.ie\/lv\/wp-json\/wp\/v2\/pages\/1315","targetHints":{"allow":["GET"]}}],"collection":[{"href":"https:\/\/euroguidance.ie\/lv\/wp-json\/wp\/v2\/pages"}],"about":[{"href":"https:\/\/euroguidance.ie\/lv\/wp-json\/wp\/v2\/types\/page"}],"author":[{"embeddable":true,"href":"https:\/\/euroguidance.ie\/lv\/wp-json\/wp\/v2\/users\/9"}],"replies":[{"embeddable":true,"href":"https:\/\/euroguidance.ie\/lv\/wp-json\/wp\/v2\/comments?post=1315"}],"version-history":[{"count":6,"href":"https:\/\/euroguidance.ie\/lv\/wp-json\/wp\/v2\/pages\/1315\/revisions"}],"predecessor-version":[{"id":1350,"href":"https:\/\/euroguidance.ie\/lv\/wp-json\/wp\/v2\/pages\/1315\/revisions\/1350"}],"wp:attachment":[{"href":"https:\/\/euroguidance.ie\/lv\/wp-json\/wp\/v2\/media?parent=1315"}],"curies":[{"name":"wp","href":"https:\/\/api.w.org\/{rel}","templated":true}]}}