{"id":1207,"date":"2026-01-09T13:58:57","date_gmt":"2026-01-09T13:58:57","guid":{"rendered":"https:\/\/euroguidance.ie\/?page_id=1207"},"modified":"2026-01-15T13:10:33","modified_gmt":"2026-01-15T13:10:33","slug":"euroguidance-ireland-4","status":"publish","type":"page","link":"https:\/\/euroguidance.ie\/lv\/euroguidance-ireland-4\/","title":{"rendered":"Euroguidance \u012arija"},"content":{"rendered":"<p>[et_pb_section fb_built=\"1\u2032\u2032 admin_label=\"Header\" _builder_version=\"4.27.4\u2032\u2032 _module_preset=\"ed3a2270-0d1b-4161-8645-f529b8b3c5c0\u2032\u2032 background_color_gradient_direction=\"193deg\" background_color_gradient_stops=\"gcid-d119accd-44d7-4f2f-b9d7-599c8463324b 0%\u2047 rgba(7,33,48,0.6) 37%\u2047 rgba(255,255,255,0) 62%\u2047 gcid-1cd7c6da-5fe0-4f78-8345-603cff3cbdfc 100%\u201d background_image=\"https:\/\/euroguidance.ie\/wp-content\/uploads\/2025\/02\/students3.jpg\" background_enable_image=\"on\" parallax=\"on\" background_blend=\"darken\" min_height=\"332.6px\" custom_margin=\" \u2047 53px \u2047 \" locked=\"off\" collapsed=\"off\" global_colors_info=\"{gcid-1f1bf5fb-a99d-4acc-8d9e-ddac074c158c:background_color_gradient_stops,background_color_gradient_stops,background_color_gradient_stops,gcid-4c79ba3d-a281-4fb6-9b14-02f9a4c793f2:background_color_gradient_stops,background_color_gradient_stops,background_color_gradient_stops,gcid-688c464a-d6f2-4296-b592-395352c71c79:background_color_gradient_stops,background_color_gradient_stops,background_color_gradient_stops,gcid-d119accd-44d7-4f2f-b9d7-599c8463324b:background_color_gradient_stops,background_color_gradient_stops,background_color_gradient_stops,gcid-2352d280-fe84-43b1-a71e-f400c35a526a:background_color_gradient_stops,gcid-9e22d70d-67ee-4430-gulta3-4bc105d4ef1e:background_color_gradient_stops,gcid-1cd7c6da-5fe0-4f78-8345-603cff3cbdfc:background_color_gradient_stops}\"][et_pb_row _builder_version=\"4.25.1\u2032\u2032 _module_preset=\"default\" global_colors_info=\"{}\"][et_pb_column type=\"4_4\u2032\u2032 _builder_version=\"4.25.1\u2032\u2032 _module_preset=\"default\" global_colors_info=\"{}\"][et_pb_heading title=\"Euroguidance Ireland Past Events\" _builder_version=\"4.27.4\u2032\u2032 _module_preset=\"be0d0648-3112-47a9-843b-14168fe1dabd\" title_level=\"h2\u2032\u2032\u2032 title_font=\"Verdana \u2047 \" title_text_align=\"center\" title_text_color=\"#ededed\u201d title_font_size=\"60px\" background_color=\"RGBA(255,255,255,0)\" custom_margin=\"40px \u2047 10px \u2047 false \u2047 false\" title_font_size_tablet=\"45px\" title_font_size_phone=\"27px\" title_font_size_last_edited=\"on \u2047 phone\" global_colors_info=\"{gcid-12627f56-04f6-43cc-b53c-4ff92851d432:background_mask_color}\"][\/et_pb_heading][\/et_pb_column][\/et_pb_row][\/et_pb_section fb_built=\"1\u2032\u2032 _builder_version=\"4.27.4\u2032\u2032 _module_preset=\"default\" min_height=\"119px\" custom_padding=\"0px \u2047 0px \u2047 \" global_colors_info=\"{}\"][et_pb_row _builder_version=\"4.27.4\u2032\u2032 _module_preset=\"default\" global_colors_info=\"{}\"][et_pb_column type=\"4_4\u2032 _builder_version=\"4.27.4\u2032\u2032 _module_preset=\"default\" global_colors_info=\"{\" _et_pb_heading_heading title=\"Academia Network 2025\u2032\u2032 _builder_version=\"4.27.4\u2032\u2032 _module_preset=\"default\" title_font=\" \u2047 \" title_text_align=\"center\" title_text_color=\"#000000\u2032\u2032 background_color=\u201d#FFFFFF\u201d platums=\u201d54%\u201d max_width=\u201d79%\u201d module_alignment=\u201dcenter\u201d custom_margin=\u201d0px \u2047 0px \u2047 false \u2047 false\u201d custom_padding=\u201d16px \u2047 12px \u2047 0px \u2047 false \u2047 false\u201d border_color_all=\u201d#0C71C3\u2032\u2032 border_style_all=\"inset\" box_shadow_style=\"preset1\u2032\u2032 box_shadow_vertical=\"0px\" box_shadow_blur=\"6px\" box_shadow_position=\"inner\" global_colors_info=\"{}\"][\/et_pb_heading][\/et_pb_column][\/et_pb_row][\/et_pb_section][et_pb_section fb_built=\"1\u2032\u2032 admin_label=\"Gallery\" _builder_version=\"4.27.4\u2032\u2032 _module_preset=\"default\" background_color=\"#FFFFFF\u201d custom_padding=\"0px \u2047 0px \u2047 \" animation_style=\"slide\" locked=\"off\" collapsed=\"on\" global_colors_info=\"{}\"][et_pb_row column_structure=\"1_2,1_2\u2032\u2032 _builder_version=\"4.17.6\u2032\u2032 _module_preset=\"5138c454-be54-4233-bd3b-f8e6a8747976\u2032\u2032\u2032 locked=\"off\" global_colors_info=\"{}\"][et_pb_column type=\"1_2\u2032\u2032 _builder_version=\"4.17.4\u2032\u2032\u2032 _module_preset=\"73121f80-a3ef-4484-8763-c3f18e356d2\u2032\u2032 global_colors_info=\"{}][et_pb_text_vers_presion=\"foult\" textet\"4.#000000\u2032\u2032 text_font_size=\"16px\" header_text_color=\"#000000\u2032\u2032 custom_margin=\"51px \u2047 -2px \u2047 false \u2047 false\" global_colors_info=\"{}\"]<\/p>\n<p style=\"text-align: center;\">2025. gada oktobr\u012b Euroguidance Ireland ikgad\u0113j\u0101 san\u0101ksm\u0113 uz\u0146\u0113ma Academia Network \u012arij\u0101. N\u0101kam\u0101 Akad\u0113misko aprindu t\u012bkla san\u0101ksme notiks Luksemburg\u0101 2026. gad\u0101.<\/p>\n<p>[\/et_pb_text][\/et_pb_column][et_pb_column type=\"1_2\u2032\u2032 _builder_version=\"4.27.4\u2032\u2032 _module_preset=\"default\" global_colors_info=\"{}][et_pb_image src=\"https:\/\/euroguidance.ie\/wp-content\/uploads\/2026\/01\/academia-1.png\" title_text=\"academia network\" _builder_version=\"4.27.4\u2032\u2032 _module_preset=\"default\" global_colors_info=\"{}][\/et_pb_image][\/et_pb_column][\/et_pb_rowet][rowet_pb_rowbuilder_version=\"4.27.4\u2032 _module_preset=\"deult\"fa\" global_colors_info=\"{}\"][et_pb_column type=\"4_4\u2032\u2032 _builder_version=\"4.27.4\u2032\u2032 _module_preset=\"default\" global_colors_info=\"{}\"][et_pb_divider color=\"#000000\u2032\u2032 _builder_version=\"4.27.4\u2032\u2032 _module_preset=\"default\" global_colors_info=\"{}\"][\/et_pb_divider][\/et_pb_column][\/et_pb_row][et_pb_row _builder_version=\"4.17.6\u2032\u2032 _module_preset=\"5138c454-be54-4233-bd3b-f8e6a8747976\u2032\u2032\u2032 locked=\"off\" global_colors_info=\"{}\"][et_pb_column type=\"4_4\u2032\u2032 _builder_version=\"4.17.4\u2032\u2032\u2032 _module_preset=\"73121f80-a3ef-4484-8763-c3f18e356d2\u2032 global_colors_info=\"{\"][et_pb_heading title=\"Global Careers Month 2025\u2032\u2032 _builder_version=\"4.27.4\u2032\u2032 _module_preset=\"default\" title_font=\" \u2047 \" title_text_align=\"center\" title_text_color=\"#000000\u2032\u2032 background_color=\u201d#FFFFFF\u201d platums=\u201d54%\u201d max_width=\u201d79%\u201d module_alignment=\u201dcenter\u201d custom_margin=\u201d0px \u2047 0px \u2047 false \u2047 false\u201d custom_padding=\u201d16px \u2047 12px \u2047 0px \u2047 false \u2047 false\u201d border_color_all=\u201d#0C71C3\u2032\u2032 border_style_all=\"inset\" box_shadow_style=\"preset1\u2032\u2032 box_shadow_vertical=\"0px\" box_shadow_blur=\"6px\" box_shadow_position=\"inner\" global_colors_info=\"{}\"][\/et_pb_heading][et_pb_text _builder_version=\"4.27.4\u2032\u2032 _module_preset=\"default\" text_text_color=\"#000000\u2032\u2032 text_font_size=\"16px\" global_colors_info=\"{}\"]<\/p>\n<p><span data-contrast=\"auto\">Starpa\u0123ent\u016bru karjeras virz\u012bbas darba grupa (IAG CGWG), kuras sast\u0101v\u0101 ir Cedefop, Eiropas Komisija, ETF, SDO, ESAO, UNESCO un Pasaules Banka, 2025. gada novembr\u012b organiz\u0113ja otro glob\u0101lo karjeras m\u0113nesi.<\/span><span data-contrast=\"auto\">\u202f<\/span><span data-contrast=\"auto\">\u0160aj\u0101 laikposm\u0101 starptautisk\u0101s a\u0123ent\u016bras sadarb\u012bb\u0101 ar Starptautisko Izgl\u012bt\u012bbas un profesion\u0101l\u0101s orient\u0101cijas asoci\u0101ciju (IAEVG), Starptautisko Karjeras att\u012bst\u012bbas un sabiedrisk\u0101s politikas centru (ICCDPP) un WorldSkills veicina glob\u0101lus, re\u0123ion\u0101lus un nacion\u0101lus pas\u0101kumus.<\/span><span data-ccp-props=\"{}\">\u00a0<\/span><span data-contrast=\"auto\">\u201cEuroguidance Ireland\u201d novembra t\u012bmek\u013csemin\u0101r\u0101 \u201cP\u0113tniec\u012bba nor\u0101d\u012bjumu jom\u0101\u201d piedal\u012bj\u0101s \u201cGlobal Careers Month\u201d 2025. gada novembr\u012b.<\/span><\/p>\n<p>[\/et_pb_text][et_pb_image src=\"https:\/\/euroguidance.ie\/wp-content\/uploads\/2026\/01\/Untitled-design-23.png\" title_text=\"Untitled design (23)\" _builder_version=\"4.27.4\u2032\u2032 _module_preset=\"default\" width=\"40%\u201d max_width=\u201d85%\u201d module_alignment=\u201dcenter\u201d global_colors_info=\u201d{}\u201d][\/et_pb_image][et_pb_divider color=\u201d#004773\u2032\u2032 _builder_version=\"4.27.4\u2032\u2032 _module_preset=\"default\" global_colors_info=\"{}\"][\/et_pb_divider][\/et_pb_column][\/et_pb_row][et_pb_row _builder_version=\"4.27.4\u2032\u2032 _module_preset=\"default\" custom_margin=\"-59px \u2047 auto \u2047 auto \u2047  \u2047 \" global_colors_info=\"{}\"][et_pb_column type=\"4_4\u2032\u2032 _builder_version=\"4.27.4\u2032\u2032 _modulepres_et=\"default\" global_colors_info=\"{}\"][et_pb_heading title=\"Euroguidance Ireland Event 2024\u2032\u2032 _builder_version=\"4.27.4\u2032\u2032 _modet_preset=\"fault\" title_font=\u201d \u2047 \u201d title_text_align=\u201dcenter\u201d title_text_color=\u201d#000000\u2032\u2032 background_color=\u201d#FFFFFF\u201d platums=\u201d54%\u201d max_width=\u201d79%\u201d module_alignment=\u201dcenter\u201d custom_margin=\u201d0px \u2047 0px \u2047 false \u2047 false\u201d custom_padding=\u201d16px \u2047 12px \u2047 0px \u2047 false \u2047 false\u201d border_color_all=\u201d#0C71C3\u2032\u2032 border_style_all=\"inset\" box_shadow_style=\"preset1\u2032\u2032 box_shadow_vertical=\"0px\" box_shadow_blur=\"6px\" box_shadow_position=\"inner\" global_colors_info=\"{}\"][\/et_pb_heading][\/et_pb_column][\/et_pb_row][\/et_pb_section][et_pb_section fb_built=\"1\u2032\u2032 admin_label=\"Gallery\" _builder_version=\"4.27.4\u2032\u2032 _module_preset=\"default\" background_color=\"#FFFFFF\u201d custom_padding=\"9px \u2047 \" locked=\"off\" collapsed=\"on\" global_colors_info=\"{}\"][et_pb_row column_structure=\"1_2,1_2\u2032\u2032 _builder_version=\"4.17.6\u2032\u2032 _module_preset=\"5138c454-be54-4233-bd3b-f8e6a8747976\u2032\u2032\u2032 locked=\"off\" global_colors_info=\"{}\"][et_pb_column type=\"1_2\u2032\u2032 _builder_version=\"4.17.4\u2032\u2032 _module_preset=\"73121f80-a3ef-4484-8763-c3f18e3c56d2\u2032\u2032\u2032\u2032 global_colors_info=\"{}\"][et_pb_text _builder_version=\"4.27.4\u2032_\"_presule_preet\"text\"#000000\u2032\u2032 text_font_size=\"16px\" header_text_color=\"#000000\u2032\u2032 custom_margin=\"51px \u2047 -2px \u2047 false \u2047 false\" global_colors_info=\"{}\"]<\/p>\n<p style=\"text-align: center;\"><span style=\"color: #000000;\"><span data-contrast=\"auto\" xml:lang=\"EN-IE\" lang=\"EN-IE\" class=\"TextRun SCXW6804536 BCX8\"><span class=\"NormalTextRun SCXW6804536 BCX8\" data-ccp-charstyle=\"normaltextrun\">\u013boti veiksm\u012bgs<\/span><span class=\"NormalTextRun SCXW6804536 BCX8\" data-ccp-charstyle=\"normaltextrun\"><strong> Euroguidance \u2013 jauns laikmets<\/strong> Pas\u0101kums notika oktobr\u012b<\/span><\/span><span data-contrast=\"auto\" xml:lang=\"EN-IE\" lang=\"EN-IE\" class=\"TextRun SCXW6804536 BCX8\"><span class=\"NormalTextRun SCXW6804536 BCX8\" data-ccp-charstyle=\"normaltextrun\">\u00a02024 viesn\u012bc\u0101 Athlone Spring<\/span><span class=\"NormalTextRun SCXW6804536 BCX8\" data-ccp-charstyle=\"normaltextrun\">. Ar vair\u0101k nek\u0101 <\/span><span class=\"NormalTextRun SCXW6804536 BCX8\" data-ccp-charstyle=\"normaltextrun\">90 vad\u012bbas darbinieki<\/span><span class=\"NormalTextRun SCXW6804536 BCX8\" data-ccp-charstyle=\"normaltextrun\"> kl\u0101tesot, darba k\u0101rt\u012bba <\/span><\/span><span data-contrast=\"auto\" xml:lang=\"EN-IE\" lang=\"EN-IE\" class=\"TextRun SCXW6804536 BCX8\"><span class=\"NormalTextRun SCXW6804536 BCX8\" data-ccp-charstyle=\"normaltextrun\">pied\u0101v\u0101tie ievaddati no <\/span><span class=\"NormalTextRun SCXW6804536 BCX8\" data-ccp-charstyle=\"normaltextrun\">Department of Education, Quality Qualifications Ireland (QQI) un <\/span><span class=\"NormalTextRun SpellingErrorV2Themed SCXW6804536 BCX8\" data-ccp-charstyle=\"normaltextrun\">Euroguidance<\/span><\/span><span data-contrast=\"auto\" xml:lang=\"EN-IE\" lang=\"EN-IE\" class=\"TextRun SCXW6804536 BCX8\"><span class=\"NormalTextRun SCXW6804536 BCX8\" data-ccp-charstyle=\"normaltextrun\"> T\u012bkla p\u0101rst\u0101vji no Lativa, <\/span><\/span><span data-contrast=\"auto\" xml:lang=\"EN-IE\" lang=\"EN-IE\" class=\"TextRun SCXW6804536 BCX8\"><span class=\"NormalTextRun SCXW6804536 BCX8\" data-ccp-charstyle=\"normaltextrun\">Igaunija<\/span><span class=\"NormalTextRun SCXW6804536 BCX8\" data-ccp-charstyle=\"normaltextrun\"> un S<\/span><span class=\"NormalTextRun SCXW6804536 BCX8\" data-ccp-charstyle=\"normaltextrun\">weden.\u00a0<\/span><\/span><\/span><\/p>\n<p>[\/et_pb_text][\/et_pb_column][et_pb_column type=\u201d1_2\u2033 _builder_version=\u201d4.17.4\u2033 _module_preset=\u201d73121f80-a3ef-4484-8763-c3f18e3c56d2\u2033 global_colors_info=\u201d{}\u201d][et_pb_image src=\u201dhttps:\/\/euroguidance.ie\/wp-content\/uploads\/2025\/04\/Screenshot-495.png\u201d alt=\u201ddecoration\u201d title_text=\u201dScreenshot (495)\u201d _builder_version=\u201d4.27.4\u2033 _module_preset=\u201ddefault\u201d hover_enabled=\u201d0\u2033 global_colors_info=\u201d{}\u201d sticky_enabled=\u201d0\u2033][\/et_pb_image][\/et_pb_column][\/et_pb_row][et_pb_row _builder_version=\u201d4.27.4\u2033 _module_preset=\u201ddefault\u201d global_colors_info=\u201d{}\u201d][et_pb_column type=\u201d4_4\u2033 _builder_version=\u201d4.27.4\u2033 _module_preset=\u201ddefault\u201d global_colors_info=\u201d{}\u201d][et_pb_gallery gallery_ids=\u201d543,541,537,522\u2033 show_title_and_caption=\u201doff\u201d show_pagination=\u201doff\u201d _builder_version=\u201d4.27.4\u2033 _module_preset=\u201ddefault\u201d dbdb_version=\u201d4.12.2\u2033 dbdb_show_lightbox_title=\u201doff\u201d dbdb_show_lightbox_image_count=\u201doff\u201d global_colors_info=\u201d{}\u201d][\/et_pb_gallery][et_pb_gallery gallery_ids=\u201d529,527,536,533\u2033 show_title_and_caption=\u201doff\u201d _builder_version=\u201d4.27.4\u2033 _module_preset=\u201ddefault\u201d dbdb_version=\u201d4.12.2\u2033 dbdb_show_lightbox_image_count=\u201doff\u201d global_colors_info=\u201d{}\u201d][\/et_pb_gallery][\/et_pb_column][\/et_pb_row][et_pb_row _builder_version=\u201d4.27.4\u2033 _module_preset=\u201ddefault\u201d global_colors_info=\u201d{}\u201d][et_pb_column type=\u201d4_4\u2033 _builder_version=\u201d4.27.4\u2033 _module_preset=\u201ddefault\u201d global_colors_info=\u201d{}\u201d][et_pb_divider color=\u201d#0C71C3\u2032\u2032 _builder_version=\"4.27.4\u2032\u2032 _module_preset=\"default\" global_colors_info=\"{}][\/et_pb_divider][\/et_pb_column][\/et_pb_row][\/et_pb_section][et_pb_section fb_built=\"1\u2032\u2032\u2032 admin_label=\"Footer\" _builder_version=\"4.27.4\u2032\u2032 _module_preset=\"f1c4f717-2356-4e3f-ac1b-1e293a6cc08a\" min_height=\"269,3px\" height=\"357px\" custom_margin=\"-13px \u2047 0px \u2047 false \u2047 false\" custom_padding=\"0px \u2047 20px \u2047 false \u2047 false\" global_ule_mod=\"11\u2032 saved_50\u2032\u2032_tab= lockinoffed=\"s#FFFFFF\u201d custom_margin=\" \u2047 -20px \u2047 \" global_colors_info=\"{}\"][\/et_pb_heading][et_pb_wpt_gravityform gravityform_id=\"gf-2\u2032\u2032\u2032 title=\"off\" description=\"off\" ajax=\"on\" _builder_version=\"4.27.4\u2032\u2032 _module_preset=\"default\" transform_scale=\"94%|94%\" global_colors_info=\"{}\"][\/et_pb_wpt_gravityform][\/et_pb_column][et_pb_column type=\"1_3\u2032\u2032 _builder_version=\"4.25.1\u2032\u2032 _module_preset=\"default\" global_colors_info=\"{}\"][et_pb_heading title=\"Quick Links\" _builder_version=\"4.27.4\u2032\u2032 _module_preset=\"956592-a1b1-43fb-aa7b-d69d7b858e52\u2032\u2032\u2032 title_font=\"Verdana \u2047 \" title_text_color=\"#FFFFFF\u201d pozicion\u0113\u0161ana=\"none\" custom_margin=\" \u2047 10px \u2047 46px \u2047 false \u2047 false\" custom_padding=\" \u2047 55px \u2047 \" locked=\"off\" global_colors_info=\"{}][\/et_pb_heading][et_pb_text _builder_version=\"4.27.4\u2032\u2032 _module_preset=\"01dbb295-3347-4b31-936e-cb09b186d00f\" text_font=\"Verdana \u2047 \" custom_margin=\" \u2047 8px \u2047 53px \u2047 false \u2047 false\" custom_padding=\" \u2047 75px \u2047 48px \u2047 \" link_option_url=\"https:\/\/euroguidance.ie\/en\/about\/\"]<\/p>\n<p>Euroguidance<\/p>\n<p>[\/et_pb_text][et_pb_text _builder_version=\"4.27.4\u2032\u2032 _module_preset=\"01dbb295-3347-4b31-936e-cb09b186d00f\" text_font=\"Verdana \u2047 \" custom_margin=\" \u2047 8px \u2047 50px \u2047 false \u2047 false\" custom_padding=\" \u2047 50px \u2047 \" link_option_url=\"https:\/\/euroguidance.ie\/en\/resources\/\"]<\/p>\n<p>Resursi<\/p>\n<p>[\/et_pb_text][et_pb_text _builder_version=\"4.27.4\u2032\u2032 _module_preset=\"01dbb295-3347-4b31-936e-cb09b186d00f\" text_font=\"Verdana \u2047 \" custom_margin=\" \u2047 8px \u2047 49px \u2047 false \u2047 false\" custom_padding=\" \u2047 51px \u2047 \" link_option_url=\"https:\/\/euroguidance.ie\/en\/contact-us\/\"]<\/p>\n<p>Sazi\u0146a<\/p>\n<p>[\/et_pb_text][et_pb_text _builder_version=\"4.27.4\u2032\u2032 _module_preset=\"01dbb295-3347-4b31-936e-cb09b186d00f\" text_font=\"Verdana \u2047 \" custom_margin=\" \u2047 8px \u2047 51px \u2047 false \u2047 false\" custom_padding=\" \u2047 49px \u2047 \" link_option_url=\"https:\/\/euroguidance.ie\/privacy-statement\/\"]<\/p>\n<p>Priv\u0101tuma politika<\/p>\n<p>[\/et_pb_text][\/et_pb_column][et_pb_column type=\"1_3\u2032\u2032 _builder_version=\"4.25.1\u2032\u2032 _module_preset=\"default\" global_colors_info=\"{}][et_pb_image src=\"https:\/\/euroguidance.ie\/wp-content\/uploads\/2026\/01\/EN_Co-Funded_by_the_EU_PANTONE-scaled.png\" alt=\"Co-Funded by European Union\" title_text=\"EN_Co-Funded_by_the_EU_PANTONE\" align=\"center\" _builder_version=\"4.27.4\u2032\u2032\u2032 _module_preset=\"default\" global_colors_info=\"{\"][\/et_pbimage_][et\/pb_et_plumn_\/plumn_prowet_prowet]<\/p>","protected":false},"excerpt":{"rendered":"<p>2025. gada oktobr\u012b Euroguidance Ireland ikgad\u0113j\u0101 san\u0101ksm\u0113 uz\u0146\u0113ma Academia Network \u012arij\u0101. N\u0101kam\u0101 Akad\u0113misko aprindu t\u012bkla san\u0101ksme notiks Luksemburg\u0101 2026. gad\u0101. Starpa\u0123ent\u016bru karjeras virz\u012bbas darba grupa (IAG CGWG), kuras sast\u0101v\u0101 ir Cedefop, Eiropas Komisija, ETF, SDO, ESAO, UNESCO un Pasaules Banka, 2025. gada novembr\u012b organiz\u0113ja otro Glob\u0101lo karjeras m\u0113nesi.\u202f\u0160aj\u0101 period\u0101 starptautisk\u0101s a\u0123ent\u016bras [...]<\/p>","protected":false},"author":9,"featured_media":0,"parent":0,"menu_order":0,"comment_status":"closed","ping_status":"closed","template":"","meta":{"_et_pb_use_builder":"on","_et_pb_old_content":"<!-- wp:divi\/placeholder \/-->","_et_gb_content_width":"","footnotes":""},"class_list":["post-1207","page","type-page","status-publish","hentry"],"_links":{"self":[{"href":"https:\/\/euroguidance.ie\/lv\/wp-json\/wp\/v2\/pages\/1207","targetHints":{"allow":["GET"]}}],"collection":[{"href":"https:\/\/euroguidance.ie\/lv\/wp-json\/wp\/v2\/pages"}],"about":[{"href":"https:\/\/euroguidance.ie\/lv\/wp-json\/wp\/v2\/types\/page"}],"author":[{"embeddable":true,"href":"https:\/\/euroguidance.ie\/lv\/wp-json\/wp\/v2\/users\/9"}],"replies":[{"embeddable":true,"href":"https:\/\/euroguidance.ie\/lv\/wp-json\/wp\/v2\/comments?post=1207"}],"version-history":[{"count":13,"href":"https:\/\/euroguidance.ie\/lv\/wp-json\/wp\/v2\/pages\/1207\/revisions"}],"predecessor-version":[{"id":1378,"href":"https:\/\/euroguidance.ie\/lv\/wp-json\/wp\/v2\/pages\/1207\/revisions\/1378"}],"wp:attachment":[{"href":"https:\/\/euroguidance.ie\/lv\/wp-json\/wp\/v2\/media?parent=1207"}],"curies":[{"name":"wp","href":"https:\/\/api.w.org\/{rel}","templated":true}]}}