{"id":1205,"date":"2026-01-09T13:58:34","date_gmt":"2026-01-09T13:58:34","guid":{"rendered":"https:\/\/euroguidance.ie\/?page_id=1205"},"modified":"2026-01-15T13:00:34","modified_gmt":"2026-01-15T13:00:34","slug":"euroguidance-network","status":"publish","type":"page","link":"https:\/\/euroguidance.ie\/lv\/euroguidance-network\/","title":{"rendered":"Euroguidance t\u012bkls"},"content":{"rendered":"<p>[et_pb_section fb_built=\"1\u2032\u2032 admin_label=\"Header\" _builder_version=\"4.27.4\u2032\u2032 _module_preset=\"ed3a2270-0d1b-4161-8645-f529b8b3c5c0\u2032\u2032 background_color_gradient_direction=\"193deg\" background_color_gradient_stops=\"gcid-d119accd-44d7-4f2f-b9d7-599c8463324b 0%\u2047 rgba(7,33,48,0.6) 37%\u2047 rgba(255,255,255,0) 62%\u2047 gcid-1cd7c6da-5fe0-4f78-8345-603cff3cbdfc 100%\u201d background_image=\"https:\/\/euroguidance.ie\/wp-content\/uploads\/2025\/02\/students3.jpg\" background_enable_image=\"on\" parallax=\"on\" background_blend=\"darken\" min_height=\"332.6px\" custom_margin=\" \u2047 53px \u2047 \" locked=\"off\" collapsed=\"off\" global_colors_info=\"{gcid-1f1bf5fb-a99d-4acc-8d9e-ddac074c158c:background_color_gradient_stops,background_color_gradient_stops,background_color_gradient_stops,gcid-4c79ba3d-a281-4fb6-9b14-02f9a4c793f2:background_color_gradient_stops,background_color_gradient_stops,background_color_gradient_stops,gcid-688c464a-d6f2-4296-b592-395352c71c79:background_color_gradient_stops,background_color_gradient_stops,background_color_gradient_stops,gcid-d119accd-44d7-4f2f-b9d7-599c8463324b:background_color_gradient_stops,background_color_gradient_stops,background_color_gradient_stops,gcid-2352d280-fe84-43b1-a71e-f400c35a526a:background_color_gradient_stops,gcid-9e22d70d-67ee-4430-gulta3-4bc105d4ef1e:background_color_gradient_stops,gcid-1cd7c6da-5fe0-4f78-8345-603cff3cbdfc:background_color_gradient_stops}\"][et_pb_row _builder_version=\"4.25.1\u2032\u2032 _module_preset=\"default\" global_colors_info=\"{}\"][et_pb_column type=\"4_4\u2032\u2032 _builder_version=\"4.25.1\u2032\u2032 _module_preset=\"default\" global_colors_info=\"{}\"][et_pb_heading title=\"Euroguidance Network\" _builder_version=\"4.27.4\u2032\u2032 _module_preset=\"be0d0648-3112-47a9-843b-14168fe1dabd\" title_level=\"h2\u2032\u2032\u2032\u2032 title_font=\"Verdana \u2047 \"_text_align=\"center\" title_text_color=\"#ededed\u201d title_font_size=\"60px\" background_color=\"RGBA(255,255,255,0)\" custom_margin=\"40px \u2047 10px \u2047 false \u2047 false\" title_font_size_tablet=\"45px\" title_font_size_phone=\"27px\" title_font_size_last_edited=\"on \u2047 phone\" global_colors_info=\"{gcid-12627f56-04f6-43cc-b53c-4ff92851d432:background_mask_color}\"][\/et_pb_heading][\/et_pb_column][\/et_pb_row][\/et_pb_section][et_pb_section fb_built=\"1\u2032\u2032 admin_label=\"Gallery\" _builder_version=\"4.27.4\u2032\u2032 _module_preset=\"default\" background_color=\"#FFFFFF\u201d custom_padding=\"0px \u2047 0px \u2047 \" animation_style=\"slide\" locked=\"off\" collapsed=\"on\" global_colors_info=\"{}\"][et_pb_row _builder_version=\"4.17.6\u2032\u2032 _module_preset=\"5138c454-be54-4233-bd3b-f8e6a8747976\u2032\u2032\u2032 locked=\"off\" global_colors_info=\"{}\"][et_pb_column type=\"4_4\u2032\u2032 _builder_version=\"4.17.4\u2032\u2032 _modulepreset=\"73121f80-a3ef-4484-8763-c3f18e3c56d2\u2032\u2032\u2032 global_colors_info=\"{}\"][et_pb_heading title=\"Euroguidance\" T\u012bkla san\u0101ksmes\u201d _builder_version=\"4.27.4\u2032\u2032 _module_preset=\"default\" title_font=\" \u2047 \" title_text_align=\"center\" title_text_color=\"#000000\u2032\u2032 background_color=\u201d#FFFFFF\u201d platums=\u201d54%\u201d max_width=\u201d79%\u201d module_alignment=\u201dcenter\u201d custom_margin=\u201d0px \u2047 0px \u2047 false \u2047 false\u201d custom_padding=\u201d16px \u2047 12px \u2047 0px \u2047 false \u2047 false\u201d border_color_all=\u201d#0C71C3\u2032\u2032 border_style_all=\"inset\" box_shadow_style=\"preset1\u2032\u2032 box_shadow_vertical=\"0px\" box_shadow_blur=\"6px\" box_shadow_position=\"inner\" global_colors_info=\"{}\"][\/et_pb_heading][et_pb_text _builder_version=\"4.27.4\u2032\u2032 _module_preset=\"default\" text_text_color=\"#000000\u2032\u2032 text_font_size=\"16px\" global_colors_info=\"{}\"]<\/p>\n<p><span>Euroguidance t\u012bkla san\u0101ksmes pulc\u0113 vado\u0161os kol\u0113\u0123us no da\u017e\u0101d\u0101m Eiropas valst\u012bm. San\u0101ksmes dod cilv\u0113kiem iesp\u0113ju dal\u012bties ar idej\u0101m, pieredzi un labu praksi profesion\u0101l\u0101s orient\u0101cijas, izgl\u012bt\u012bbas un karjeras att\u012bst\u012bbas jom\u0101. San\u0101ksmes pal\u012bdz valst\u012bm m\u0101c\u012bties citai no citas un kop\u012bgi risin\u0101t kop\u012bgas probl\u0113mas, piem\u0113ram, atbalst\u012bt izgl\u012btojamos, uzlabot profesion\u0101l\u0101s orient\u0101cijas pakalpojumus un veicin\u0101t mobilit\u0101ti vis\u0101 Eirop\u0101. <\/span><span>\u0160aj\u0101s san\u0101ksm\u0113s locek\u013ci tiek inform\u0113ti ar\u012b par Eiropas politiku un projektiem, kas saist\u012bti ar izgl\u012bt\u012bbu, apm\u0101c\u012bbu un m\u016b\u017eilgu profesion\u0101lo orient\u0101ciju.<\/span><\/p>\n<ul><\/ul>\n<p>[\/et_pb_text][et_pb_gallery gallery_ids=\"1238,1239,1240,1241\u2032\u2032 _builder_version=\"4.27.4\u2032\u2032 _module_preset=\"default\" caption_text_color=\"#000000\u2032\u2032 pagination_text_color=\u201d#000000\u2032\u2032 dbdb_image_count_text_color=\u201d#000000\u2032\u2032 animation_style=\"zoom\" dbdb_version=\"4.12.2\u2032\u2032 dbdb_show_lightbox_title=\"off\" dbdb_show_lightbox_image_count=\"off\" dbdb_lightbox_background_color=\"#FFFFFF\u201d global_colors_info=\u201d{}\u201d][\/et_pb_gallery][et_pb_divider color=\u201d#004773\u2032\u2032 _builder_version=\"4.27.4\u2032\u2032 _module_preset=\"default\" global_colors_info=\"{}\"][\/et_pb_divider][\/et_pb_column][\/et_pb_row][et_pb_row _builder_version=\"4.27.4\u2032\u2032 _module_preset=\"default\" custom_margin=\"-59px \u2047 auto \u2047 auto \u2047  \u2047 \" global_colors_info=\"{}\"][et_pb_column type=\"4_4\u2032\u2032 _builder_version=\"4.27.4\u2032\u2032 _modulepreset_et=\"default\" global_colors_info=\"{}\"][et_pb_heading title=\"Euroguidance Events\" _builder_version=\"4.27.4\u2032\u2032ule _modet_preset=\"deult\"fa\" title_font=\u201d \u2047 \u201d title_text_align=\u201dcenter\u201d title_text_color=\u201d#000000\u2032\u2032 background_color=\u201d#FFFFFF\u201d platums=\u201d54%\u201d max_width=\u201d79%\u201d module_alignment=\u201dcenter\u201d custom_margin=\u201d0px \u2047 0px \u2047 false \u2047 false\u201d custom_padding=\u201d16px \u2047 12px \u2047 0px \u2047 false \u2047 false\u201d border_color_all=\u201d#0C71C3\u2032\u2032 robe\u017ea_style_all=\"inset\" box_shadow_style=\"preset1\u2032\u2032 box_shadow_vertical=\"0px\" box_shadow_blur=\"6px\" box_shadow_position=\"inner\" global_colors_info=\"{}][\/et_pb_heading][\/et_pb_row][\/et_pb_section][et_pb_section fb_built=\"1\u2032 _builder_version=\"4.27.4\u2032\u2032 _module_preset=\"4.27.4\u2032 _padding=\"6px \u2047 \" locked=\" global_color_colors_infoult_=\"fault_color_infoult=\"globult_ title=\"foil_row column_structure=\"1_2,1_2\u2032\u2032 _builder_version=\"4.27.4\u2032 __presule_faetule=\"fault_foult_ title=\"foult_incolor_#000000\u2032\u2032 global_colors_info=\"{}\"][\/et_pb_heading][et_pb_text _builder_version=\"4.27.4\u2032\u2032 _module_preset=\"default\" text_text_color=\"#000000\u2032\u2032 text_font_size=\"16px\" global_colors_info=\"{}\"]<\/p>\n<p><span data-contrast=\"auto\">NICE organiz\u0113 ikgad\u0113jas akad\u0113mijas. NICE akad\u0113mijas ir struktur\u0113ti m\u0101c\u012bbu un t\u012bklu veido\u0161anas pas\u0101kumi profesion\u0101\u013ciem un akad\u0113miskajiem pasniedz\u0113jiem profesion\u0101l\u0101s orient\u0101cijas un konsult\u0101ciju jom\u0101.\u00a0<\/span><span data-ccp-props=\"{}\">\u00a0<\/span><span data-ccp-props=\"{}\"><\/span><span data-contrast=\"auto\">NICE Academy 2025 notika Valet\u0101, Malt\u0101, 2025. gada septembr\u012b. T\u0101s nosaukums bija \u201cKarjeras vadl\u012bnijas ilgtsp\u0113j\u012bg\u0101m n\u0101kotnes kopien\u0101m, robe\u017e\u0101m un p\u0101rej\u0101m\u201d.\u00a0<\/span><span data-ccp-props=\"{}\">\u00a0<\/span><span data-contrast=\"auto\">Pas\u0101kuma programma atrodama \u0161eit:\u00a0<\/span><a href=\"https:\/\/nice-network.eu\/.cm4all\/uproc.php\/0\/Malta2025\/Programme%20with%20abstracts%20V3-%20NICE%20Academy%202025_09_04.pdf?cdp=a&amp;_=19913ec7e50\"><span data-contrast=\"none\">\u0161eit<\/span><\/a><span data-contrast=\"auto\">\u00a0<\/span><span data-ccp-props=\"{}\">\u00a0<\/span><\/p>\n<p>[\/et_pb_text][\/et_pb_column][et_pb_column type=\"1_2\u2032\u2032 _builder_version=\"4.27.4\u2032\u2032 _module_preset=\"default\" global_colors_info=\"{}\"][et_pb_image src=\"https:\/\/euroguidance.ie\/wp-content\/uploads\/2026\/01\/Untitled-design-20-1.png\" title_text=\"Untitled design (20)\" align=\"center\" _builder_version=\"4.27.4\u2032\u2032 _module_preset=\"default\" width=\"56%\"\" animation_style=\"zoom\" global_colors_info=\"{}\"][\/et_pb_image][\/et_pb_column][\/et_pb_row][et_pb_row _builder_version=\"4.27.4\u2032\u2032 _module_preset=\"default\" global_colors_info=\"{}\"][et_pb_column type=\"4_4\u2032\u2032 _builder_version=\"4.27.4\u2032\u2032 _module_preset=\"default\" global_colors_info=\"{}\"][et_pb_divider color=\"#000000\u2032\u2032 _builder_version=\"4.27.4\u2032\u2032 _module_preset=\"default\" global_colors_info=\"{}\"][\/et_pb_divider][\/et_pb_column][\/et_pb_row][et_pb_row column_structure=\"1_2,1_2\u2032\u2032 _builder_version=\"4.27.4\u2032\u2032 _module_preset=\"default\" global_colors_info=\"{}\"][et_pb_column type=\"1_2\u2032\u2032 _builder_version=\"4.27.4\u2032\u2032 _module_preset=\"default\" global_colors_info=\"{}\"][et_pb_heading title=\"IAEVG Conference 2024\u2032 _\u2032builder_version=\"4.27.4\u2032\u2032 _module_preset=\"deult\"fault\" title_text=\"text_\"color=\"#000000\u2032\u2032 global_colors_info=\"{}\"][\/et_pb_heading][et_pb_text _builder_version=\"4.27.4\u2032\u2032 _module_preset=\"default\" text_text_color=\"#000000\u2032\u2032 text_font_size=\"16px\" global_colors_info=\"{}\"]<\/p>\n<p>IAVEG 2024. gada konference <span data-contrast=\"auto\">organiz\u0113ja Somijas Izgl\u012bt\u012bbas p\u0113tniec\u012bbas instit\u016bts Jyv\u00e4skyl\u00e4 universit\u0101t\u0113 kop\u0101 ar Somijas Izgl\u012bt\u012bbas un kult\u016bras ministriju un Somijas Ekonomikas un nodarbin\u0101t\u012bbas ministriju un <\/span>notika Jiveskil\u0113 (Jyv\u00e4skyl\u00e4), Somij\u0101. T\u0113ma bija \u201c<strong>Izj\u0101des ar p\u0101rmai\u0146u vilni<\/strong>&#8216;.<\/p>\n<p><span data-contrast=\"auto\">Euroguidance Ireland ar prieku sadarboj\u0101s ar Somijas kol\u0113\u0123i Dr. Miiku Kekki, vadot darbsemin\u0101ru konferenc\u0113 par \u201ckultur\u0101li apzin\u012bgu karjeras konsult\u0101ciju modeli\u201d.\u00a0<\/span><span data-ccp-props=\"{}\">\u00a0<\/span><\/p>\n<p>[\/et_pb_text][\/et_pb_column][et_pb_column type=\"1_2\u2032\u2032 _builder_version=\"4.27.4\u2032\u2032 _module_preset=\"default\" global_colors_info=\"{}\"][et_pb_image src=\"https:\/\/euroguidance.ie\/wp-content\/uploads\/2026\/01\/Untitled-design-22.png\" title_text=\"Untitled design (22)\" align=\"center\" _builder_version=\"4.27.4\u2032\u2032 _module_preset=\"default\" width=\"56%\" custom_margin=\"61px \u2047 false \u2047 false\" animation_style=\"zoom\" global_colors_info=\"{}\"][\/et_pb_image][\/et_pb_column][\/et_pb_row][et_pb_row _builder_version=\"4.27.4\u2032\u2032 _module_preset=\"default\" global_colors_info=\"{}\"][et_pb_column type=\"4_4\u2032\u2032 _builder_version=\"4.27.4\u2032\u2032 _module_preset=\"default\" global_colors_info=\"{}][et_pb_divider color=\"#003556\u2032\u2032 _builder_version=\"4.27.4\u2032\u2032 _module_preset=\"default\" global_colors_info=\"{}\"][\/et_pb_divider][\/et_pb_column][\/et_pb_row][et_pb_row column_structure=\"1_2,1_2\u2032\u2032 _builder_version=\"4.27.4\u2032\u2032 _module_preset=\"default\" global_colors_info=\"{}\"][et_pb_column type=\"1_2\u2032\u2032 _builder_version=\"4.27.4\u2032\u2032 _module_preset=\"default\" global_colors_info=\"{}\"][et_pb_heading title=\"Euroguidance European Conference\" _builder_version=\"4.27.4\u2032 _module_preset=\"deult\"fault\"_text_color=\" title_\"#000000\u2032\u2032 custom_margin=\"77px \u2047 false \u2047 false\" global_colors_info=\"{}\"][\/et_pb_heading][et_pb_text _builder_version=\"4.27.4\u2032\u2032 _module_preset=\"default\" text_text_color=\"#000000\u2032\u2032 text_font_size=\"16px\" global_colors_info=\"{}\"]<\/p>\n<p><b><span data-contrast=\"auto\">Nor\u0101d\u012bjumu saglab\u0101\u0161ana prasmju savien\u012bb\u0101<\/span><\/b><span data-contrast=\"auto\">\u00a0notika R\u012bg\u0101, Latvij\u0101, 2025. gada novembr\u012b.\u00a0<\/span><span data-ccp-props=\"{}\">\u00a0<\/span><\/p>\n<p>[\/et_pb_text][\/et_pb_column][et_pb_column type=\"1_2\u2032\u2032 _builder_version=\"4.27.4\u2032\u2032 _module_preset=\"default\" global_colors_info=\"{}\"][et_pb_image src=\"https:\/\/euroguidance.ie\/wp-content\/uploads\/2026\/01\/Untitled-design-21-1.png\" title_text=\"Untitled design (21)\" align=\"center\" _builder_version=\"4.27.4\u2032\u2032 _module_preset=\"default\" width=\"56%\u201d custom_margin=\"49px \u2047 false \u2047 false\" animation_style=\"zoom\" global_colors_info=\"{}\"][\/et_pb_image][\/et_pb_column][\/et_pb_row][et_pb_row _builder_version=\"4.27.4\u2032\u2032 _module_preset=\"default\" global_colors_info=\"{}\"][et_pb_column type=\"4_4\u2032\u2032 _builder_version=\"4.27.4\u2032\u2032 _module_preset=\"default\" global_colors_info=\"{}][et_pb_divider color=\"#003556\u2032\u2032 _builder_version=\"4.27.4\u2032\u2032 _module_preset=\"default\" global_colors_info=\"{}][\/et_pb_divider][\/et_pb_column][\/et_pb_row][\/et_pb_section][et_pb_section fb_built=\"1\u2032\u2032 admin_label=\"Footer\" _builder_version=\"4.27.4\u2032\u2032 _module_preset=\"f1c4f717-2356-4e3f-ac1b-1e293a6cc08a\" min_height=\"269.3px\" height=\"357px\" custom_margin=\"-13px \u2047 0px \u2047 false \u2047 false\" custom_padding=\"0px \u2047 20px \u2047 s \u2047 false \u2047 false\" globalmod_ule=\"1150\u2032 saglab\u0101t_s_tab=\" lock=\"allfalled=\" collapsed=\"globs#FFFFFF\u201d custom_margin=\" \u2047 -20px \u2047 \" global_colors_info=\"{}\"][\/et_pb_heading][et_pb_wpt_gravityform gravityform_id=\"gf-2\u2032\u2032\u2032 title=\"off\" description=\"off\" ajax=\"on\" _builder_version=\"4.27.4\u2032\u2032 _module_preset=\"default\" transform_scale=\"94%|94%\" global_colors_info=\"{}\"][\/et_pb_wpt_gravityform][\/et_pb_column][et_pb_column type=\"1_3\u2032\u2032 _builder_version=\"4.25.1\u2032\u2032 _module_preset=\"default\" global_colors_info=\"{}\"][et_pb_heading title=\"Quick Links\" _builder_version=\"4.27.4\u2032\u2032 _module_preset=\"956592-a1b1-43fb-aa7b-d69d7b858e52\u2032\u2032\u2032 title_font=\"Verdana \u2047 \" title_text_color=\"#FFFFFF\u201d pozicion\u0113\u0161ana=\"none\" custom_margin=\" \u2047 10px \u2047 46px \u2047 false \u2047 false\" custom_padding=\" \u2047 55px \u2047 \" locked=\"off\" global_colors_info=\"{}][\/et_pb_heading][et_pb_text _builder_version=\"4.27.4\u2032\u2032 _module_preset=\"01dbb295-3347-4b31-936e-cb09b186d00f\" text_font=\"Verdana \u2047 \" custom_margin=\" \u2047 8px \u2047 53px \u2047 false \u2047 false\" custom_padding=\" \u2047 75px \u2047 48px \u2047 \" link_option_url=\"https:\/\/euroguidance.ie\/en\/about\/\"]<\/p>\n<p>Euroguidance<\/p>\n<p>[\/et_pb_text][et_pb_text _builder_version=\"4.27.4\u2032\u2032 _module_preset=\"01dbb295-3347-4b31-936e-cb09b186d00f\" text_font=\"Verdana \u2047 \" custom_margin=\" \u2047 8px \u2047 50px \u2047 false \u2047 false\" custom_padding=\" \u2047 50px \u2047 \" link_option_url=\"https:\/\/euroguidance.ie\/en\/resources\/\"]<\/p>\n<p>Resursi<\/p>\n<p>[\/et_pb_text][et_pb_text _builder_version=\"4.27.4\u2032\u2032 _module_preset=\"01dbb295-3347-4b31-936e-cb09b186d00f\" text_font=\"Verdana \u2047 \" custom_margin=\" \u2047 8px \u2047 49px \u2047 false \u2047 false\" custom_padding=\" \u2047 51px \u2047 \" link_option_url=\"https:\/\/euroguidance.ie\/en\/contact-us\/\"]<\/p>\n<p>Sazi\u0146a<\/p>\n<p>[\/et_pb_text][et_pb_text _builder_version=\"4.27.4\u2032\u2032 _module_preset=\"01dbb295-3347-4b31-936e-cb09b186d00f\" text_font=\"Verdana \u2047 \" custom_margin=\" \u2047 8px \u2047 51px \u2047 false \u2047 false\" custom_padding=\" \u2047 49px \u2047 \" link_option_url=\"https:\/\/euroguidance.ie\/privacy-statement\/\"]<\/p>\n<p>Priv\u0101tuma politika<\/p>\n<p>[\/et_pb_text][\/et_pb_column][et_pb_column type=\"1_3\u2032\u2032 _builder_version=\"4.25.1\u2032\u2032 _module_preset=\"default\" global_colors_info=\"{}][et_pb_image src=\"https:\/\/euroguidance.ie\/wp-content\/uploads\/2026\/01\/EN_Co-Funded_by_the_EU_PANTONE-scaled.png\" alt=\"Co-Funded by European Union\" title_text=\"EN_Co-Funded_by_the_EU_PANTONE\" align=\"center\" _builder_version=\"4.27.4\u2032\u2032\u2032 _module_preset=\"default\" global_colors_info=\"{\"][\/et_pbimage_][et\/pb_et_plumn_\/plumn_prowet_prowet]<\/p>","protected":false},"excerpt":{"rendered":"<p>Euroguidance t\u012bkla san\u0101ksmes pulc\u0113 vado\u0161os kol\u0113\u0123us no da\u017e\u0101d\u0101m Eiropas valst\u012bm. San\u0101ksmes dod cilv\u0113kiem iesp\u0113ju dal\u012bties ar idej\u0101m, pieredzi un labu praksi profesion\u0101l\u0101s orient\u0101cijas, izgl\u012bt\u012bbas un karjeras att\u012bst\u012bbas jom\u0101. San\u0101ksmes pal\u012bdz valst\u012bm m\u0101c\u012bties citai no citas un sadarboties kop\u012bgu probl\u0113mu risin\u0101\u0161an\u0101, piem\u0113ram, atbalstot izgl\u012btojamos, uzlabojot profesion\u0101l\u0101s orient\u0101cijas pakalpojumus un veicinot mobilit\u0101ti vis\u0101 [...]<\/p>","protected":false},"author":9,"featured_media":0,"parent":0,"menu_order":0,"comment_status":"closed","ping_status":"closed","template":"","meta":{"_et_pb_use_builder":"on","_et_pb_old_content":"<!-- wp:divi\/placeholder \/-->","_et_gb_content_width":"","footnotes":""},"class_list":["post-1205","page","type-page","status-publish","hentry"],"_links":{"self":[{"href":"https:\/\/euroguidance.ie\/lv\/wp-json\/wp\/v2\/pages\/1205","targetHints":{"allow":["GET"]}}],"collection":[{"href":"https:\/\/euroguidance.ie\/lv\/wp-json\/wp\/v2\/pages"}],"about":[{"href":"https:\/\/euroguidance.ie\/lv\/wp-json\/wp\/v2\/types\/page"}],"author":[{"embeddable":true,"href":"https:\/\/euroguidance.ie\/lv\/wp-json\/wp\/v2\/users\/9"}],"replies":[{"embeddable":true,"href":"https:\/\/euroguidance.ie\/lv\/wp-json\/wp\/v2\/comments?post=1205"}],"version-history":[{"count":10,"href":"https:\/\/euroguidance.ie\/lv\/wp-json\/wp\/v2\/pages\/1205\/revisions"}],"predecessor-version":[{"id":1374,"href":"https:\/\/euroguidance.ie\/lv\/wp-json\/wp\/v2\/pages\/1205\/revisions\/1374"}],"wp:attachment":[{"href":"https:\/\/euroguidance.ie\/lv\/wp-json\/wp\/v2\/media?parent=1205"}],"curies":[{"name":"wp","href":"https:\/\/api.w.org\/{rel}","templated":true}]}}