{"id":1096,"date":"2026-01-08T15:08:37","date_gmt":"2026-01-08T15:08:37","guid":{"rendered":"https:\/\/euroguidance.ie\/?page_id=1096"},"modified":"2026-01-15T12:54:25","modified_gmt":"2026-01-15T12:54:25","slug":"publications","status":"publish","type":"page","link":"https:\/\/euroguidance.ie\/lv\/publications\/","title":{"rendered":"Publik\u0101cijas"},"content":{"rendered":"<p>[et_pb_section fb_built=\"1\u2032\u2032 admin_label=\"Header\" _builder_version=\"4.27.4\u2032\u2032 _module_preset=\"ed3a2270-0d1b-4161-8645-f529b8b3c5c0\u2032\u2032 background_color_gradient_direction=\"193deg\" background_color_gradient_stops=\"gcid-d119accd-44d7-4f2f-b9d7-599c8463324b 0%\u2047 rgba(7,33,48,0.6) 37%\u2047 rgba(255,255,255,0) 62%\u2047 gcid-1cd7c6da-5fe0-4f78-8345-603cff3cbdfc 100%\u201d background_image=\"https:\/\/euroguidance.ie\/wp-content\/uploads\/2025\/02\/students3.jpg\" background_enable_image=\"on\" parallax=\"on\" background_blend=\"darken\" min_height=\"332.6px\" custom_margin=\" \u2047 53px \u2047 \" locked=\"off\" collapsed=\"off\" global_colors_info=\"{gcid-1f1bf5fb-a99d-4acc-8d9e-ddac074c158c:background_color_gradient_stops,background_color_gradient_stops,background_color_gradient_stops,gcid-4c79ba3d-a281-4fb6-9b14-02f9a4c793f2:background_color_gradient_stops,background_color_gradient_stops,background_color_gradient_stops,gcid-688c464a-d6f2-4296-b592-395352c71c79:background_color_gradient_stops,background_color_gradient_stops,background_color_gradient_stops,gcid-d119accd-44d7-4f2f-b9d7-599c8463324b:background_color_gradient_stops,background_color_gradient_stops,background_color_gradient_stops,gcid-2352d280-fe84-43b1-a71e-f400c35a526a:background_color_gradient_stops,gcid-9e22d70d-67ee-4430-gulta3-4bc105d4ef1e:background_color_gradient_stops,gcid-1cd7c6da-5fe0-4f78-8345-603cff3cbdfc:background_color_gradient_stops}\"][et_pb_row _builder_version=\"4.25.1\u2032\u2032 _module_preset=\"default\" global_colors_info=\"{}\"][et_pb_column type=\"4_4\u2032\u2032 _builder_version=\"4.25.1\u2032\u2032 _module_preset=\"default\" global_colors_info=\"{}\"][et_pb_heading title=\"Publications\" _builder_version=\"4.27.4\u2032\u2032 _module_preset=\"be0d0648-3112-47a9-843b-14168fe1dabd\" title_level=\"h2\u2032\u2032\u2032 title_font=\"Verdana \u2047 \" title_text_align=\"center\" title_text_color=\"#ededed\u201d title_font_size=\"60px\" background_color=\"RGBA(255,255,255,0)\" custom_margin=\"40px \u2047 10px \u2047 false \u2047 false\" title_font_size_tablet=\"45px\" title_font_size_phone=\"27px\" title_font_size_last_edited=\"on \u2047 phone\" global_colors_info=\"{gcid-12627f56-04f6-43cc-b53c-4ff92851d432:background_mask_color}\"][\/et_pb_heading][\/et_pb_column][\/et_pb_row][\/et_pb_section][et_pb_section fb_built=\"1\u2032 _builder_version=\"4.27.4\u2032\u2032 _module_preset=\"default\" custom_padding=\"6px \u2047 \" locked=\"off\" global_colors_info=\"{}\"][et_pb_row column_structure=\"1_2,1_2\u2032\u2032 _builder_version=\"4.27.4\u2032\u2032 _module_preset=\"default\" global_colors_info=\"{}\"][et_pb_column type=\"1_2\u2032\u2032\u2032 _builder_version=\"4.27.4\u2032\u2032 _module_preset=\"default\" global_colors_info=\"{\"_et_bhead_ title=_bheading title=\"Nacion\u0101lais satvars laikposmam no 2030. gadam.#000000\u2032\u2032 global_colors_info=\"{}\"][\/et_pb_heading][et_pb_text _builder_version=\"4.27.4\u2032\u2032 _module_preset=\"default\" text_text_color=\"#000000\u2032\u2032 text_font_size=\"16px\" global_colors_info=\"{}\"]<\/p>\n<p>\u012arijas galven\u0101 orient\u0101cijas politika ir v\u0113rsta uz to, lai pal\u012bdz\u0113tu cilv\u0113kiem piek\u013c\u016bt izgl\u012bt\u012bbai, apm\u0101c\u012bbai un karjeras iesp\u0113j\u0101m visa m\u016b\u017ea garum\u0101. Valsts strat\u0113\u0123iskais satvars m\u016b\u017eilgai orient\u0101cijai (2024\u20132030), ko vada Izgl\u012bt\u012bbas departaments, veicina visas skolas pieeju nor\u0101d\u012bjumiem un digit\u0101lo r\u012bku, piem\u0113ram, nor\u0101d\u012bjumu kartes, izmanto\u0161anu. \u0160o darbu atbalsta pla\u0161\u0101kas strat\u0113\u0123ijas, piem\u0113ram, Valsts prasmju strat\u0113\u0123ija, un organiz\u0101cijas, piem\u0113ram, Pilso\u0146u inform\u0101cijas padome, kas sniedz skaidrus, uz lietot\u0101jiem orient\u0113tus padomus un p\u0113t\u012bjumus par soci\u0101lo politiku. Kop\u0101 \u0161\u012bs politikas m\u0113r\u0137is ir pal\u012bdz\u0113t cilv\u0113kiem atrast sav\u0101m vajadz\u012bb\u0101m piem\u0113rotu izgl\u012bt\u012bbu, apm\u0101c\u012bbu un karjeras iesp\u0113jas.<\/p>\n<p><span style=\"color: #800000;\">\u2192 Lejupiel\u0101d\u0113t kopijas zem\u0101k:\u00a0<\/span><\/p>\n<ul>\n<li><a href=\"https:\/\/euroguidance.ie\/wp-content\/uploads\/2026\/01\/National-Strategic-Framework-for-Lifelong-Guidance-Strategic-Action-Plan-2024-2030-1.pdf\"><span style=\"color: #800000;\">Valsts strat\u0113\u0123iskais satvars m\u016b\u017eilgai orient\u0101cijai: Strat\u0113\u0123iskais r\u012bc\u012bbas pl\u0101ns (2024\u20132030)\u00a0<\/span><\/a><span style=\"color: #800000;\"><\/span><\/li>\n<\/ul>\n<p><span style=\"color: #800000;\"><\/span><\/p>\n<ul>\n<li><a href=\"https:\/\/euroguidance.ie\/wp-content\/uploads\/2026\/01\/National-Strategic-Framework-for-Lifelong-Guidance-1.pdf\"><span style=\"color: #800000;\">Valsts strat\u0113\u0123iskais satvars nor\u0101d\u012bjumiem visa m\u016b\u017ea garum\u0101 (2024\u20132030)<\/span><\/a><\/li>\n<\/ul>\n<p>[\/et_pb_text][et_pb_button button_url=\"https:\/\/www.gov.ie\/en\/department-of-education\/publications\/guidance\/\" url_new_window=\"on\" button_text=\"Uzzin\u0101t vair\u0101k\" _builder_version=\"4.27.4\u2032\u2032 _module_preset=\"default\" custom_button=\"on\" button_text_color=\"#004773\u2032\u2032 button_border_color=\u201d#004773\u2032\u2032 button_icon_color=\u201d#004773\u2032\u2032 button_on_hover=\"off\" global_colors_info=\"{}\"][\/et_pb_button][\/et_pb_column][et_pb_column type=\"1_2\u2032\u2032 _builder_version=\"4.27.4\u2032\u2032 _module_preset=\"default\" global_colors_info=\"{}\"][et_pb_image src=\"https:\/\/euroguidance.ie\/wp-content\/uploads\/2026\/01\/Untitled-design-27.png\" title_text=\"Untitled design (27)\" align=\"center\" _builder_version=\"4.27.4\u2032\u2032\u2032 _module_preset=\"default\" animation_style=\"zoom\" global_colors_info=\"{\"][et_pb_image][\/et_pblumn_plumn][_prowet_prowet_prowet_ _builder_version=\"4.27.4\u2032\u2032 _module_preset=\"default\" global_colors_info=\"{}\"][et_pb_column type=\"4_4\u2032\u2032 _builder_version=\"4.27.4\u2032\u2032 _module_preset=\"default\" global_colors_info=\"{}\"][et_pb_divider color=\"#003556\u2032\u2032 _builder_version=\"4.27.4\u2032\u2032 _module_preset=\"default\" global_colors_info=\"{}][\/et_pb_divider][\/et_pb_column][\/et_pb_row][\/et_pb_section][et_pb_section fb_built=\"1\u2032\u2032 admin_label=\"Footer\" _builder_version=\"4.27.4\u2032\u2032 _module_preset=\"f1c4f717-2356-4e3f-ac1b-1e293a6cc08a\" min_height=\"269.3px\" height=\"357px\" custom_margin=\"-13px \u2047 0px \u2047 false \u2047 false\" custom_padding=\"0px \u2047 20px \u2047 s \u2047 false \u2047 false\" globalmod_ule=\"1150\u2032 saglab\u0101t_s_tab=\" lock=\"allfalled=\" collapsed=\"globs#FFFFFF\u201d custom_margin=\" \u2047 -20px \u2047 \" global_colors_info=\"{}\"][\/et_pb_heading][et_pb_wpt_gravityform gravityform_id=\"gf-2\u2032\u2032\u2032 title=\"off\" description=\"off\" ajax=\"on\" _builder_version=\"4.27.4\u2032\u2032 _module_preset=\"default\" transform_scale=\"94%|94%\" global_colors_info=\"{}\"][\/et_pb_wpt_gravityform][\/et_pb_column][et_pb_column type=\"1_3\u2032\u2032 _builder_version=\"4.25.1\u2032\u2032 _module_preset=\"default\" global_colors_info=\"{}\"][et_pb_heading title=\"Quick Links\" _builder_version=\"4.27.4\u2032\u2032 _module_preset=\"956592-a1b1-43fb-aa7b-d69d7b858e52\u2032\u2032\u2032 title_font=\"Verdana \u2047 \" title_text_color=\"#FFFFFF\u201d pozicion\u0113\u0161ana=\"none\" custom_margin=\" \u2047 10px \u2047 46px \u2047 false \u2047 false\" custom_padding=\" \u2047 55px \u2047 \" locked=\"off\" global_colors_info=\"{}][\/et_pb_heading][et_pb_text _builder_version=\"4.27.4\u2032\u2032 _module_preset=\"01dbb295-3347-4b31-936e-cb09b186d00f\" text_font=\"Verdana \u2047 \" custom_margin=\" \u2047 8px \u2047 53px \u2047 false \u2047 false\" custom_padding=\" \u2047 75px \u2047 48px \u2047 \" link_option_url=\"https:\/\/euroguidance.ie\/en\/about\/\"]<\/p>\n<p>Euroguidance<\/p>\n<p>[\/et_pb_text][et_pb_text _builder_version=\"4.27.4\u2032\u2032 _module_preset=\"01dbb295-3347-4b31-936e-cb09b186d00f\" text_font=\"Verdana \u2047 \" custom_margin=\" \u2047 8px \u2047 50px \u2047 false \u2047 false\" custom_padding=\" \u2047 50px \u2047 \" link_option_url=\"https:\/\/euroguidance.ie\/en\/resources\/\"]<\/p>\n<p>Resursi<\/p>\n<p>[\/et_pb_text][et_pb_text _builder_version=\"4.27.4\u2032\u2032 _module_preset=\"01dbb295-3347-4b31-936e-cb09b186d00f\" text_font=\"Verdana \u2047 \" custom_margin=\" \u2047 8px \u2047 49px \u2047 false \u2047 false\" custom_padding=\" \u2047 51px \u2047 \" link_option_url=\"https:\/\/euroguidance.ie\/en\/contact-us\/\"]<\/p>\n<p>Sazi\u0146a<\/p>\n<p>[\/et_pb_text][et_pb_text _builder_version=\"4.27.4\u2032\u2032 _module_preset=\"01dbb295-3347-4b31-936e-cb09b186d00f\" text_font=\"Verdana \u2047 \" custom_margin=\" \u2047 8px \u2047 51px \u2047 false \u2047 false\" custom_padding=\" \u2047 49px \u2047 \" link_option_url=\"https:\/\/euroguidance.ie\/privacy-statement\/\"]<\/p>\n<p>Priv\u0101tuma politika<\/p>\n<p>[\/et_pb_text][\/et_pb_column][et_pb_column type=\"1_3\u2032\u2032 _builder_version=\"4.25.1\u2032\u2032 _module_preset=\"default\" global_colors_info=\"{}][et_pb_image src=\"https:\/\/euroguidance.ie\/wp-content\/uploads\/2026\/01\/EN_Co-Funded_by_the_EU_PANTONE-scaled.png\" alt=\"Co-Funded by European Union\" title_text=\"EN_Co-Funded_by_the_EU_PANTONE\" align=\"center\" _builder_version=\"4.27.4\u2032\u2032\u2032 _module_preset=\"default\" global_colors_info=\"{\"][\/et_pbimage_][et\/pb_et_plumn_\/plumn_prowet_prowet]<\/p>","protected":false},"excerpt":{"rendered":"<p>\u012arijas galven\u0101 orient\u0101cijas politika ir v\u0113rsta uz to, lai pal\u012bdz\u0113tu cilv\u0113kiem piek\u013c\u016bt izgl\u012bt\u012bbai, apm\u0101c\u012bbai un karjeras iesp\u0113j\u0101m visa m\u016b\u017ea garum\u0101. Valsts strat\u0113\u0123iskais satvars m\u016b\u017eilgai orient\u0101cijai (2024\u20132030), ko vada Izgl\u012bt\u012bbas departaments, veicina visas skolas pieeju nor\u0101d\u012bjumiem un digit\u0101lo r\u012bku, piem\u0113ram, nor\u0101d\u012bjumu kartes, izmanto\u0161anu. \u0160o darbu atbalsta pla\u0161\u0101kas strat\u0113\u0123ijas [...]<\/p>","protected":false},"author":9,"featured_media":0,"parent":0,"menu_order":0,"comment_status":"closed","ping_status":"closed","template":"","meta":{"_et_pb_use_builder":"on","_et_pb_old_content":"<!-- wp:divi\/placeholder \/-->","_et_gb_content_width":"","footnotes":""},"class_list":["post-1096","page","type-page","status-publish","hentry"],"_links":{"self":[{"href":"https:\/\/euroguidance.ie\/lv\/wp-json\/wp\/v2\/pages\/1096","targetHints":{"allow":["GET"]}}],"collection":[{"href":"https:\/\/euroguidance.ie\/lv\/wp-json\/wp\/v2\/pages"}],"about":[{"href":"https:\/\/euroguidance.ie\/lv\/wp-json\/wp\/v2\/types\/page"}],"author":[{"embeddable":true,"href":"https:\/\/euroguidance.ie\/lv\/wp-json\/wp\/v2\/users\/9"}],"replies":[{"embeddable":true,"href":"https:\/\/euroguidance.ie\/lv\/wp-json\/wp\/v2\/comments?post=1096"}],"version-history":[{"count":12,"href":"https:\/\/euroguidance.ie\/lv\/wp-json\/wp\/v2\/pages\/1096\/revisions"}],"predecessor-version":[{"id":1373,"href":"https:\/\/euroguidance.ie\/lv\/wp-json\/wp\/v2\/pages\/1096\/revisions\/1373"}],"wp:attachment":[{"href":"https:\/\/euroguidance.ie\/lv\/wp-json\/wp\/v2\/media?parent=1096"}],"curies":[{"name":"wp","href":"https:\/\/api.w.org\/{rel}","templated":true}]}}