{"id":980,"date":"2025-12-15T12:04:39","date_gmt":"2025-12-15T12:04:39","guid":{"rendered":"https:\/\/euroguidance.ie\/?page_id=980"},"modified":"2026-05-01T10:44:19","modified_gmt":"2026-05-01T09:44:19","slug":"webinars","status":"publish","type":"page","link":"https:\/\/euroguidance.ie\/it\/webinars\/","title":{"rendered":"Webinar"},"content":{"rendered":"<p>[et _pb _section fb _built=\"1 \u2033 admin _label=\"Header\" _builder _version=\"4.27.4 \u2033 _module _preset=\"ed3a2270-0d1b-4161-8645-f529b8b3c5c0 \u2033color _gradient _direction=\"193deg\" _color _gradient _stops=\"gcid-d119accd-44d7-4f2f-b9d7-599c8463324b 0%|rgba(7,33,48,0.6) 37%|rgba(255,255,255,0) 62%|gcid-1cd7c6da-5fe0-4f78-8345-603cff3cbdfc 100%_image=\"https:\/\/euroguidance.ie\/wp-content\/uploads\/2025\/02\/students3.jpg\" background _enable _image=\"on\" parallax=\"on\" background _blend=\"darken\" min _height=\"332.6px\" custom _margin=\"||53px |||\" locked=\"off\" collapsed=\"off\" global _colors_info=\"{gcid-1f1bf5fb-a99d-4acc-8d9e-ddac074c158c:sfondo _color _gradient _stops,sfondo _color _gradient _stops,sfondo _color _gradient _stops,gcid-4c79ba3d-a281-4fb6-9b14-02f9a4c793f2:sfondo _color _gradient _stops,sfondo _color _gradient _stops,sfondo _color _gradient _stops,gcid-688c464a-d6f2-4296-b592-395352c71c79:sfondo _color _gradient _stops,sfondo _color _gradient _stops,sfondo _color _gradient _stops,gcid-d119accd-44d7-4f2f-b9d7-599c8463324b:sfondo _color _gradient _stops,sfondo _color _gradient _stops,sfondo _color _gradient _stops,gcid-2352d280-fe84-43b1-a71e-f400c35a526a:sfondo _color _gradient _stops,gcid-9e22d70d-67ee-4430-bed3-4bc105d4ef1e:sfondo _color _gradient _stops,gcid-1cd7c6da-5fe0-4f78-8345-603cff3cbdfc:sfondo _color _gradient _stops}][et _pb _row _builder _version=\"4.25.1 \u2033 _module _preset=\"default\" global _colors _info=\"{}\"][et _pb _column type=\"4 _4 \u2033 _builder _version=\"4.25.1 \u2033 _module _preset=\"default\" global _colors _info=\"{}\"][et _pb _heading title=\"Upcoming Webinars\" _builder _version=\"4.27.4 \u2033 _module _preset=\"be0d0648-3112-47a9-843b-14168fe1dabd\" title _level=\"h2 \u2033font=\"Verdana _text ||||||||align=\"center\" title_text _color=\"#ededed\" title _font _size=\"60px\" background _color=\"RGBA(255,255,255,0)\" custom _margin=\"40px ||10px ||false |false\" title_font _size _tablet=\"45px\" title_font _size _phone=\"27px\" title_font _size _last _edited=\"on |phone\" global _colors _info=\"{gcid-12627f56-04f6-43cc-b53c-4ff92851d432:sfondo _mask _color}[\/et _pb _heading][\/et _pb _column][\/et _pb _row][\/et _pb _section][et _pb _section fb _built=\"1 \u2033 admin _label=\"Event Calendar\" _builder _version=\"4.27.5 \u2033 _module _preset=\"default\" custom _margin=\"-40px ||||false |false\" custompadding=\"0px _false ||||false\" border |style _all=\"none\" locked=\"off\" collapsed=\"on\" global _colors _info=\"{}\"][et _pb _row column _structure=\"1 _2,1 _2 _builder \u2033 _version=\"4.27.5 _module \u2033 _preset=\"default\" global _colors _colorsinfo=\"{}][et _pb _column type=\"1 _2builder _ \u2033 _=\"7.5 _module \u2033 _[default=info] _builder _version=\u201c4.27.5\u2033 _module _preset=\u201cdefault\u201d title_text_color=\u201d#000b63\u2033 global _colors _info=\"{}\"][\/et _pb _heading][et _pb _heading title=\"ETBI Webinar\" _builder _version=\"4.27.5\u2033 _module _preset=\"default\" title_level=\"h2\u2033text _color=\"#0C71C3\u2033 global _colors _info=\"{}\"][\/et _pb _heading][et _pb _text _builder _version=\"4.27.5\u2033 _module _preset=\"default\" text _text _color=\"#000000 \u2033 hover _enabled=\"0 \u2033 global _colors _info=\"{}\" sticky _enabled=\"0 \u2033]<\/p>\n<p><strong>Data:<\/strong> Venerd\u00ec 29 maggio <strong>Tempo:<\/strong> dalle 11.00 alle 12.00 GMT+1<\/p>\n<p>[\/et_pb_text][et_pb_text _builder_version=\"4.27.5\u2032\u2032 _module_preset=\"default\" text_text_color=\"#000000\u2032\u2032 hover_enabled=\"0\u2032\u2032 global_colors_info=\"{}\" sticky_enabled=\"0\u2032\u2032]<\/p>\n<div>Presentato da Mariana Lucas Casanova, il webinar prender\u00e0 in considerazione l'impatto del contesto culturale, socioeconomico e politico sulle esperienze di lavoro\/carriera delle persone; pratiche e percezioni delle carriere degli operatori del settore; e politiche in questo ambito: invitandovi a costruire nuovi immaginari per il futuro del lavoro.<\/div>\n<p>[\/et _pb _text][\/et _pb _column][et _pb _column type=\"1 _2 \u2033 _builder _version=\"4.27.5 \u2033 _module _preset=\"default\" global _colors _info=\"{}\"][et _pb _countdown _timer date _time=\"2026-05-29 11:00 \u2033 _builder _version=\"4.27.5 \u2033 _module _preset=\"default\" background _color=\"#1f187f\u201d hover _enabled=\"0 \u2033 global _colors _info=\"{}\" sticky _enabled=\"0 \u2033][\/et _pb _countdown _timer][et _pb _button button _url=\"https:\/\/events.teams.microsoft.com\/event\/b33b81e5-eff8-48aaa-ba9f-bcdb206f8335@f5366bb4-0485-4544-8baa-c80ddc368234 \u2033 url _new_window=\"on\" button _text=\"Register here\" button _alignment=\"left\" _builder _version=\"4.27.5 \u2033 _module _preset=\"default\" custombutton=\"on\" button _text _color=\"#1d08a5 Pulsante \u2033border _color=\"#000000 \u2033 pulsante _icon _color=\u201d#0d077f\" pulsante _on _hover=\"off\" custom _margin=\"0px |0px |0px |151px |false |false\" hover _enabled=\"0\u2033 global _colors _info=\"{}\" sticky _enabled=\"0\u2033][\/et_pb _button][\/et _pb _column][\/et _pb _row column _structure=\"1 _2,1 _2builder _version=\"4.27.5 _module \u2033 _preset=\"default\" global _colors \u2033 _info=\"{}\"[et _pb _column type=\"1 _2 _builder _version=\"4.27.5 _module \u2033 _preset=\"default\" global _colors \u2033 _colorsinfo=\"{}][et _pb _heading title=\"Collegamento di carriere e sostenibilit\u00e0: Dalla ricerca alla pratica nell'orientamento\" _builder _version=\"4.27.5 \u2033 _module _preset=\"default\" title_text _color=\"#000b63\u2033 global _colors _info=\"{}\"][\/et _pb _heading][et _pb _heading title=\"ETBI Webinar\" _builder _version=\"4.27.5\u2033 _module _preset=\"default\" title_level=\"h2\u2033text _color=\"#0C71C3\u2033 global _colors _info=\"{}\"][\/et _pb _heading][et _pb _text _builder _version=\"4.27.5\u2033 _module _preset=\"default\" text _text _color=\"#000000 \u2033 hover _enabled=\"0 \u2033 global _colors _info=\"{}\" sticky _enabled=\"0 \u2033]<\/p>\n<p><strong>Data:<\/strong> Marted\u00ec 2 giugno <strong>Tempo:<\/strong> dalle 11.00 alle 12.00 GMT<\/p>\n<p>[\/et_pb_text][et_pb_text _builder_version=\"4.27.5\u2032\u2032 _module_preset=\"default\" text_text_color=\"#000000\u2032\u2032 hover_enabled=\"0\u2032\u2032 global_colors_info=\"{}\" sticky_enabled=\"0\u2032\u2032]<\/p>\n<p><span>Questo webinar esplora come lo sviluppo della carriera e la sostenibilit\u00e0 stiano diventando sempre pi\u00f9 interconnessi. Basandosi sulla ricerca e sulla pratica del progetto \"Exploring Green Guidance\", presenta prove chiave su come i cambiamenti climatici e la transizione verde stiano rimodellando i mercati del lavoro, l'istruzione e le scelte professionali. I partecipanti saranno introdotti al concetto di orientamento verde e ai diversi modi di comprenderlo, dal sostegno ai singoli individui nell'adattarsi al cambiamento per consentire loro di plasmare attivamente un futuro pi\u00f9 sostenibile. La sessione condivider\u00e0 inoltre approfondimenti pratici tratti da attivit\u00e0 pilota internazionali, tra cui strumenti, metodi ed esempi di come i professionisti della carriera stiano gi\u00e0 integrando la sostenibilit\u00e0 nel loro lavoro quotidiano. Il webinar affronter\u00e0 le sfide chiave, tra cui i dilemmi etici, le barriere istituzionali e la questione di fino a che punto i professionisti della carriera dovrebbero impegnarsi in un cambiamento sistemico. Si concluder\u00e0 con riflessioni sul futuro dell'orientamento e sul ruolo degli operatori nel sostenere sia gli individui che la societ\u00e0 in tempi di transizione.<\/span><\/p>\n<p>[\/et _pb _text][\/et _pb _column][et _pb _column type=\"1 _2 \u2033 _builder _version=\"4.27.5 \u2033 _module _preset=\"default\" global _colors _info=\"{}\"][et _pb _countdown _timer date _time=\"2026-06-02 11:00 \u2033 _builder _version=\"4.27.5 \u2033 _module _preset=\"default\" background _color=\"#1f187f\u201d hover _enabled=\"0 \u2033 global _colors _info=\"{}\" sticky _enabled=\"0 \u2033][\/et _pb _countdown _timer][et _pb _button button _url=\"https:\/\/events.teams.microsoft.com\/event\/94bf0b5d-6012-4e03-aaa7b-b6bc192e7bd8@f5366bb4-0485-4544-8baa-c80ddc368234 \u2033 url _new _window=\"on\" button _text=\"Register here\" button_alignment=\"left\" _builder _version=\"4.27.5 \u2033 _module _preset=\"default\" custombutton=\"on\"_text _color=\"#1d08a5 Pulsante \u2033border _color=\"#000000 \u2033 pulsante _icon _color=\u201d#0d077f\" pulsante _on _hover=\"off\" custom _margin=\"0px |0px |0px |151px |false |false\" hover _enabled=\"0\u2033 global _colors _info=\"{}\" sticky _enabled=\"0\u2033][\/et_pb _button][\/et _pb _column][\/et _pb _row][et _pb _builder _version=\"4.27.5 _module \u2033 _preset=\"default\" global _colors _info=\"{}][et _pb _column type=\"4 _4 _builder \u2033 _version=\"4.27.5 _module \u2033 _preset=\"default\"_ globalcolors _info=\"{}][et _b _divider color=\"#\u2033 _modulato _= \u2033 _modulato _preset=\"default\" _colors _info=\"{}][\/et _pb _divider][\/et _pb _column][\/et _pb _preset=\"f1c4f717-2356-4e3f-ac1b-1e293a6cc08a\" min _height=\"269.3px\" height=\"357px\" custom _margin=\"-13px _false _false\" custompadding=\"0px9px _falsefalse\" \u2033module=\"1150 _tabs=\"all\"locked=\"off\"collaggio=\"costruzione\" _modulato=\" _modulato=\" \u2033 _modulato=\" _modulato=\" _modulato _=\" ||||modulato |=\" _modulato ||[=\" ||modulato |modulato _modulato \u2033=\" _=\" _modula _modula _modulato _=\" _=\" _modula _modula _[[[[[=\" \u2033 _modulato _modula \u2033 _modula _[[[[=\" _mossa _mossa |mossa |mossa |mossa |mossa |mossa _mossa ||mossa ||mossa |mossa _mossa _mossa _mossa _[[[[[[[[[[[[[] _mossa] \u2033 _mossa _mossa \u2033 _mossa] _mossa] _mossa _mossa _mossa] _mossa] _mossa] _mossa \u2033 _mossa _mossa _mossa[[[[[[[[[[[[[[[[[[[[[[[ _mossa] _mossa] _mossa]] mossa] mossa] mossa] mossa] mossa] mossa] mossa] mossa] [[[[[[[[[[[[[[[[[[[[[[[[[[[[[[[[[[[[[[[[[[[[[[[[[[[[[[[[[[[[[[[[[[[[[[[[[[[[[[]]]]]]]]]]]]]]] mossa]]]] ]] ] ] ] ] ] ] ] ] ] ] [[[[[[[[[[[[[[[[[[[[[[[[[[[[[[[[[[[[[[[[[[[[[[[[[[[[[[[[[[[[[[[[[[[[[[[[[[[[[[[[[[[[[[[[[[[[[[[[[[[[[[[[[[[[[[[[[[[[[[[[[[[[[[[[[[[[[[[[[[]]]]]]]]]]]]]]]]]]]]]]]]]]]]]]]]]]]]]]]]]]]]]]]]]]]][[[[[[[[[[[[[[[[[[[[[[[[[[[[[[[[[[[[[[[[[[[[[[[[[[[[[[[[[[[[[[[[[[[[[[[[[[[[[[[[[[[[[[[[[[[[[[[[[[[[[[[[[[[[[[[[[[[[[[[[[[[[[[[[[[[[[[[[[[[[[[[[[[[[[[[[[[[[[[[[[[[[[[[[[[[[[[[[]]]]]]]]]]]]]]]]]]]]]]]]]]]]]]]]]]][[[[[[[[[[[[[[[[[[[[[[[[[[[[[[[[[[[[[[[[[[[[[[[[[[[[[[[[[[[[[[[[[[[[[[[[[[[[[]]]]]]]]]]]]]]]]]]]]]]]]]]]]]]]]]]]]]]]]]]]]]]]]]]]]]][[[[[[[[[[[[[[[[[[[[[[[[[[[[[[[[[[[[[[[[[[[[[[[[[[[[[[[[[[[[[[[[[[[[[[[[[[[[[[[[[[[[[[[[[[[[[]]]]]]]]]]]]]]]]]]]]]]]]]]]]]]]]]]]]]]]]]]]]]]]][[[[[[[[[[[[[[[[[[[[[[[[[[[[[[[[[[[[[[[[[[[[[[[[[[[[[[[[[[[[[[[[[[[[[[[[[[[[[[[[[[[[[[[[[[[[[[[[[[[[[[[[#_margin=\"||-20px |||\" global _colors _info=\"{}\"][\/et _pb _heading][et _pb _wpt _gravityform gravityform _id=\"gf-2 \u2033 title=\"off\" description=\"off\" ajax=\"on\" _builder _version=\"4.27.4\u2033 _module _preset=\"default\" transform_scale=\"94%|94%_colors _info=\"{}\"][\/et _pb _wpt _gravityform][\/et _pb _column][et _pb _column type=\"1 _3 \u2033 _builder _version=\"4.25.1 \u2033 _module _preset=\"default\" global _colors _info=\"{}\"][et _pb _heading title=\"Quick Links\" _builder _version=\"4.27.4 \u2033 _module _preset=\"95956592-a1b1-43fb-aaa7b-d69d7b858e52 \u2033 title_font=\"Verdana||||||||\" title_text _color=\"#_margin=\"||10px |46px |false\" custom |padding=\"_55px |||\" locked=\"off\" global ||colors _info=\"{}\"][\/et _pb _heading][et _pb _text _builder _version=\"4.27.4 _module \u2033 _preset=\"01dbb295-3347-4b31-936e-cb09b186d00f\" text _font=\"Verdana _\" custommargin=\"||||||||8px _53px ||false |false\" custom |padding=\"|75px _48px |\" link ||option ||url=\"https:\/\/eurodguidance.ie\/en\/about\/\"]<\/p>\n<p>Euroguidance<\/p>\n<p>[\/et_pb_text][et_pb_text _builder_version=\"4.27.4\u2032\u2032 _module_preset=\"01dbb295-3347-4b31-936e-cb09b186d00f\" text_font=\"Verdana \u2047 \" custom_margin=\" \u2047 8px \u2047 50px \u2047 false \u2047 false\" custom_padding=\" \u2047 50px \u2047 \" link_option_url=\"https:\/\/euroguidance.ie\/en\/resources\/\"]<\/p>\n<p>Risorse<\/p>\n<p>[\/et_pb_text][et_pb_text _builder_version=\"4.27.4\u2032\u2032 _module_preset=\"01dbb295-3347-4b31-936e-cb09b186d00f\" text_font=\"Verdana \u2047 \" custom_margin=\" \u2047 8px \u2047 49px \u2047 false \u2047 false\" custom_padding=\" \u2047 51px \u2047 \" link_option_url=\"https:\/\/euroguidance.ie\/en\/contact-us\/\"]<\/p>\n<p>Contatto<\/p>\n<p>[\/et_pb_text][et_pb_text _builder_version=\"4.27.4\u2032\u2032 _module_preset=\"01dbb295-3347-4b31-936e-cb09b186d00f\" text_font=\"Verdana \u2047 \" custom_margin=\" \u2047 8px \u2047 51px \u2047 false \u2047 false\" custom_padding=\" \u2047 49px \u2047 \" link_option_url=\"https:\/\/euroguidance.ie\/privacy-statement\/\"]<\/p>\n<p>Informativa sulla privacy<\/p>\n<p>[\/et_pb_text][\/et_pb_column][et_pb_column type=\"1_3\u2032\u2032 _builder_version=\"4.25.1\u2032\u2032 _module_preset=\"default\" global_colors_info=\"{}\"][et_pb_image src=\"https:\/\/euroguidance.ie\/wp-content\/uploads\/2026\/01\/EN_Co-Funded_by_the_EU_PANTONE-scaled.png\" alt=\"Co-Funded by EU_PANTONE\" title_text=\"EN_Co-Funded_by_the_EU_PANTONE\" align=\"center\" _builder_version=\"4.27.4\u2032\u2032\u2032 _module_preset=\"default\" global_colorsinfo_=\"{}]\/[et_pb_image]\/[et_pb_column]\/[et_pbrowet]<\/p>","protected":false},"excerpt":{"rendered":"<p>Data: Venerd\u00ec 29 maggio: ore 11.00-12.00 GMT+1Presentato da Mariana Lucas Casanova, il webinar prender\u00e0 in considerazione l'impatto del contesto culturale, socioeconomico e politico sulle esperienze di lavoro\/carriera delle persone; pratiche e percezioni delle carriere degli operatori del settore; e politiche in questo ambito: invitandovi a costruire nuovi immaginari per il futuro del lavoro.Data: Marted\u00ec giugno [\u2026]<\/p>","protected":false},"author":9,"featured_media":0,"parent":0,"menu_order":0,"comment_status":"closed","ping_status":"closed","template":"","meta":{"_et_pb_use_builder":"on","_et_pb_old_content":"<!-- wp:divi\/placeholder \/-->","_et_gb_content_width":"","footnotes":""},"class_list":["post-980","page","type-page","status-publish","hentry"],"_links":{"self":[{"href":"https:\/\/euroguidance.ie\/it\/wp-json\/wp\/v2\/pages\/980","targetHints":{"allow":["GET"]}}],"collection":[{"href":"https:\/\/euroguidance.ie\/it\/wp-json\/wp\/v2\/pages"}],"about":[{"href":"https:\/\/euroguidance.ie\/it\/wp-json\/wp\/v2\/types\/page"}],"author":[{"embeddable":true,"href":"https:\/\/euroguidance.ie\/it\/wp-json\/wp\/v2\/users\/9"}],"replies":[{"embeddable":true,"href":"https:\/\/euroguidance.ie\/it\/wp-json\/wp\/v2\/comments?post=980"}],"version-history":[{"count":21,"href":"https:\/\/euroguidance.ie\/it\/wp-json\/wp\/v2\/pages\/980\/revisions"}],"predecessor-version":[{"id":1441,"href":"https:\/\/euroguidance.ie\/it\/wp-json\/wp\/v2\/pages\/980\/revisions\/1441"}],"wp:attachment":[{"href":"https:\/\/euroguidance.ie\/it\/wp-json\/wp\/v2\/media?parent=980"}],"curies":[{"name":"wp","href":"https:\/\/api.w.org\/{rel}","templated":true}]}}