{"id":432,"date":"2025-04-08T16:10:47","date_gmt":"2025-04-08T15:10:47","guid":{"rendered":"https:\/\/euroguidance.ie\/?page_id=432"},"modified":"2026-01-15T13:41:32","modified_gmt":"2026-01-15T13:41:32","slug":"upcoming-events","status":"publish","type":"page","link":"https:\/\/euroguidance.ie\/it\/upcoming-events\/","title":{"rendered":"Prossimi eventi"},"content":{"rendered":"<p>[et_pb_section fb_built=\"1\u2032\u2032 admin_label=\"Header\" _builder_version=\"4.27.4\u2032\u2032 _module_preset=\"ed3a2270-0d1b-4161-8645-f529b8b3c5c0\u2032\u2032 background_color_gradient_direction=\"193deg\" background_color_gradient_stops=\"gcid-d119accd-44d7-4f2f-b9d7-599c8463324b 0%\u2047 rgba(7,33,48,0.6) 37%\u2047 rgba(255,255,255,0) 62%\u2047 gcid-1cd7c6da-5fe0-4f78-8345-603cff3cbdfc 100%\u201d background_image=\"https:\/\/euroguidance.ie\/wp-content\/uploads\/2025\/02\/students3.jpg\" background_enable_image=\"on\" parallax=\"on\" background_blend=\"darken\" min_height=\"332.6px\" custom_margin=\" \u2047 53px \u2047 \" locked=\"off\" collapsed=\"off\" global_colors_info=\"{gcid-1f1bf5fb-a99d-4acc-8d9e-ddac074c158c:background_color_gradient_stops,background_color_gradient_stops,background_color_gradient_stops,gcid-4c79ba3d-a281-4fb6-9b14-02f9a4c793f2:background_color_gradient_stops,background_color_gradient_stops,background_color_gradient_stops,gcid-688c464a-d6f2-4296-b592-395352c71c79:background_color_gradient_stops,background_color_gradient_stops,background_color_gradient_stops,gcid-d119accd-44d7-4f2f-b9d7-599c8463324b:background_color_gradient_stops,background_color_gradient_stops,background_color_gradient_stops,gcid-2352d280-fe84-43b1-a71e-f400c35a526a:background_color_gradient_stops,gcid-9e22d70d-67ee-4430-bed3-4bc105d4ef1e:background_color_gradient_stops,gcid-1cd7c6da-5fe0-4f78-8345-603cff3cbdfc:background_color_gradient_stops}][et_pb_row _builder_version=\"4.25.1\u2032\u2032 _module_preset=\"default\" global_colors_info=\"{}\"][et_pb_column type=\"4_4\u2032\u2032 _builder_version=\"4.25.1\u2032\u2032 _module_preset=\"default\" global_colors_info=\"{}\"][et_pb_heading title=\"Prossimi eventi\" _builder_version=\"4.27.4\u2032\u2032\u2032 _module_preset=\"be0d0648-3112-47a9-843b-14168fe1dabd\" title_level=\"h2\u2032\u2032 title_font=\"Verdana \u2047 \" title_text_align=\"centro\" title_text_color=\"#ededed\" title_font_size=\"60px\" background_color=\"RGBA(255,255,255,0)\" custom_margin=\"40px \u2047 10px \u2047 false \u2047 false\" title_font_size_tablet=\"45px\" title_font_size_phone=\"27px\" title_font_size_last_edited=\"on \u2047 phone\" global_colors_info=\"{gcid-12627f56-04f6-43cc-b53c-4ff92851d432:sfondo_maschera_colore}\u201d][\/et_pb_heading][\/et_pb_column][\/et_pb_row][\/et_pb_section][et_pb_section fb_built=\"1\u2032\u2032 admin_label=\"Eventi\" _builder_version=\"4.27.4\u2032\u2032 _module_preset=\"_initial\" min_height=\"1648.7px\" custom_margin=\"-2px \u2047 -66px \u2047 false \u2047 false\" custom_padding=\"0px \u2047 0px \u2047 false \u2047 false\" locked=\"off\" collapsed=\"on\"global_colors_info=\"{gcid-36fd78a7-34bc-404d-873c-dafa34efaae5:colorStart}\"][et_pb_row column_structure=\"1_2,1_2\u2032\u2032 _builder_version=\"4.27.4\u2032\u2032 _module_preset=\"default\" global_colors_info=\"{}\"][et_pb_image src=\"https:\/\/euroguidance.ie\/wp-content\/uploads\/2026\/01\/Untitled-design-17.png\" title_text=\"Design senza titolo (17)\" _builder_version=\"4.27.4\u2032\u2032 _module_preset=\"default\" width=\"58\"%\u201d module_alignment=\u201dcenter\u201d custom_margin=\u201d-72px \u2047 false \u2047 false\u201d animation_style=\u201dzoom\u201d global_colors_info=\u201d{}\u201d][\/et_pb_image][\/et_pb_column][et_pb_column type=\"1_2\u2032\u2032 _builder_version=\"4.27.4\u2032\u2032\u2032 _module_preset=\"default\" global_colors_info=\"{}\"][et_pb_countdown_timer title=\"Application Deadline\" date_time=\"2026-01-30 12:18\u2032\u2032 _builder_version=\"4.27.4\u2032\u2032 _module_preset=\"default\" background_color=\"#003556\u2032\u2032 larghezza=\"83%\u201d max_width=\"92%\" module_alignment=\"right\" min_height=\"100px\" height=\"146px\" custom_margin=\"-5px \u2047 -18px \u2047 false \u2047 false\" custom_padding=\"12px \u2047 15px \u2047 false \u2047 false\" global_colors_info=\"{}\"][\/et_pb_countdown_timer][\/et_pb_column][\/et_pb_row][et_pb_row _builder_version=\"4.27.4\u2032\u2032 _module_preset=\"default\" global_colors_info=\"{}\"][et_pb_column type=\"4_4\u2032\u2032\u2032 _builder_version=\"4.27.4\u2032\u2032 _module_preset=\"default\" global_colorsinfo_=\"{}][et_pb_text_builderversion=\"7.4\u2032 _module_preset=text_default\"#000000\u2032\u2032 text_font_size=\"16px\" text_orientation=\"center\" custom_margin=\"-50px \u2047 false \u2047 false\" global_colors_info=\"{}\"]<\/p>\n<h1><span style=\"color: #000000; font-size: 16px;\"><strong><span style=\"color: #993300;\">**Sono aperte le candidature per la 13a ECADOC Summer School 2026**<\/span><\/strong><\/span><\/h1>\n<h1 class=\"x14z9mp xat24cr x1lziwak x1vvkbs xtlvy1s x126k92a\" style=\"text-align: center;\"><span style=\"color: #000000;\"><span style=\"font-size: 16px;\">L'evento che si svolger\u00e0 al Trinity College di Dublino, Irlanda, dal <strong>Dal 17 al 21 agosto 2026 compreso<\/strong>.\u00a0 <\/span><span style=\"font-size: 16px;\">La t<\/span><span style=\"font-size: 16px;\">L'eme della Summer School \u00e8<\/span><strong style=\"font-size: 16px;\">\u00a0\"Prospettive critiche nell'ambito degli orientamenti per l'intero ciclo di vita\"<\/strong><\/span><\/h1>\n<div class=\"x14z9mp xat24cr x1lziwak x1vvkbs xtlvy1s x126k92a\">\n<div dir=\"auto\">\n<p><span style=\"color: #000000;\">Accogliamo con favore le domande degli attuali studenti di dottorato in orientamento professionale e consulenza o in un'area strettamente correlata. I partecipanti saranno selezionati in base alla pertinenza della loro ricerca, alla qualit\u00e0 della loro proposta e alla motivazione a partecipare. La Summer School sar\u00e0 condotta in inglese e si svolger\u00e0 nell'arco di cinque giorni. Ci si aspetta che i partecipanti partecipino attivamente a tutto il programma di cinque giorni. <\/span><span style=\"color: #000000;\">Per ulteriori informazioni e il modulo di domanda, si prega di inviare un'e-mail<strong>\u00a0<span class=\"cloaked_email\">ecadoc@etbi.ie<\/span><\/strong>. Il termine ultimo per la presentazione delle candidature \u00e8 il 30 gennaio 2026.<\/span><\/p>\n<p><span style=\"color: #000000;\">Clicca sul link qui sotto per maggiori informazioni:<\/span><span style=\"color: #000000;\"><\/span><\/p>\n<p><span style=\"color: #000000;\"><\/span><\/p>\n<h2 class=\"x14z9mp xat24cr x1lziwak x1vvkbs xtlvy1s x126k92a\"><span style=\"color: #993300;\"><strong><a href=\"https:\/\/euroguidance.ie\/wp-content\/uploads\/2025\/12\/CALL-13th-ECADOC-Summer-School-August-2026-Dublin-3.pdf\" rel=\"attachment wp-att-852\" style=\"color: #993300;\">\u2192 CHIAMATA 13\u00b0 ECADOC Summer School Agosto 2026\u00a0<\/a><\/strong><\/span><\/h2>\n<\/div>\n<\/div>\n<p>[\/et_pb_text][\/et_pb_column][\/et_pb_row][et_pb_row _builder_version=\"4.27.4\u2032\u2032 _module_preset=\"default\" global_colors_info=\"{}\"][et_pb_column type=\"4_4\u2032\u2032\u2032 _builder_version=\"4.27.4\u2032\u2032\u2032 _module_preset=\"default\" global_colors_info=\"{}\"][et_pb_divider color=\"#004773\u2032\u2032 _builder_version=\"4.27.4\u2032\u2032 _module_preset=\"default\" global_colors_info=\"{}\"][\/et_pb_divider][\/et_pb_column][\/et_pb_row column_structure=\"1_2,1_2\u2032\u2032 _builder_version=\"4.27.4\u2032\u2032 _module_preset=\"default\" custom_margin=\"-31px \u2047 auto \u2047 auto \u2047 \" global_colors_info=\"{}\"][et_pb_column type=\"1_2\u2032\u2032 _builder_version=\"4.27.4\u2032\u2032 _module_preset=\"default\" global_colors_info=\"{}\"][et_pb_heading title=\"Eurodguiance Study Visit\" _builder_version=\"7.4\u2032 _module_preset=\"default_text\"#000000\u2032\u2032 global_colors_info=\"{}\"][\/et_pb_heading][et_pb_text _builder_version=\"4.27.4\u2032\u2032 _module_preset=\"default\" text_text_color=\"#000000\u2032\u2032 text_font_size=\"16px\" global_colors_info=\"{}\"]<\/p>\n<p>Il servizio per l'impiego della Slovenia [Euroguidance Slovenia] e l'Agenzia per la mobilit\u00e0 e i programmi dell'UE [Euroguidance Croazia] ospiteranno con orgoglio la visita di studio Euroguidance del 2026. Il tema della visita sar\u00e0 \"<strong>Transizione dall'istruzione al mercato del lavoro<\/strong>\". Il coordinatore di Euroguidance Ireland parteciper\u00e0 a nome di Euroguidance Ireland e riferir\u00e0 sugli apprendimenti condivisi.<\/p>\n<p>[\/et_pb_text][\/et_pb_column][et_pb_column type=\"1_2\u2032\u2032 _builder_version=\"4.27.4\u2032\u2032 _module_preset=\"default\" global_colors_info=\"{}][et_pb_image src=\"https:\/euroguidance.ie\/wp-content\/uploads\/2026\/01\/euroguidance-logo.png\" title_text=\"euroguidance logo\" _builder_version=\"4.27.4\u2032\u2032 _module_preset=\"default\" custom_margin=\"38px \u2047 b_sectionet_[pb_section_built=\"{}][\/et_pbb_builder_info_#000000\u2032\u2032 _builder_version=\"4.27.4\u2032\u2032 _module_preset=\"default\" global_colors_info=\"{}\"][\/et_pb_divider][\/et_pb_column][\/et_pb_row column_structure=\"1_2,1_2\u2032\u2032 _builder_version=\"4.27.4\u2032\u2032 _module_preset=\"default\" custom_padding=\"0px \u2047 \" global_colors_info=\"{}\"][et_pb_column type=\"1_2\u2032\u2032 _builder_version=\"4.27.4\u2032\u2032 _module_preset=\"default\" global_colors_info=\"{}\"][et_pb_heading title=\"Academia Mobility\" _builder_version=\"4.27.4\u2032 _module_preset=\"default\" title_text_color\"#000000\u2032\u2032 global_colors_info=\"{}\"][\/et_pb_heading][et_pb_text _builder_version=\"4.27.4\u2032\u2032 _module_preset=\"default\" text_text_color=\"#000000\u2032\u2032 text_font_size=\"16px\" global_colors_info=\"{}\"]<\/p>\n<p><span style=\"color: #000000;\">Attendiamo con interesse di accogliere i colleghi dell'European Guidance in Irlanda per la loro visita di studio nel maggio 2026. Il tema sar\u00e0 \"<strong>Competenze di gestione della carriera nell'orientamento permanente<\/strong>&#8216;.<\/span><\/p>\n<p>[\/et_pb_text][\/et_pb_column][et_pb_column type=\"1_2\u2032\u2032 _builder_version=\"4.27.4\u2032\u2032 _module_preset=\"default\" global_colors_info=\"{}\"][et_pb_countdown_timer title=\"Mobility Study Visit\" date_time=\"2026-05-12 12:18\u2032\u2032 _builder_version=\"4.27.4\u2032\u2032\u2032 _module_preset=\"default\" background_color=\"#003556\u2032\u2032 larghezza=\"83%\u201d max_width=\"92%\" module_alignment=\"right\" custom_margin=\"-3px \u2047 -18px \u2047 false \u2047 false\" custom_padding=\"12px \u2047 15px \u2047 false \u2047 false\" global_colors_info=\"{}\"][\/et_pb_countdown_timer][\/et_pb_column][\/et_pb_row][\/et_pb_section fb_built=\"1\u2032\u2032 admin_label=\"Footer\" _builder_version=\"4.27.4\u2032\u2032 _module_preset=\"f1c4f717-2356-4e3f-ac1b-1e293a6cc08a\" min_height=\"269.3px\" height=\"357px\" custom_margin=\"-13px0px \u2047 false_set\" custom_padding=0pxpx_builder_px\"_false_defessa_info\"#FFFFFF\" custom_margin=\" \u2047 -20px \u2047 \" global_colors_info=\"{}\"][\/et_pb_heading][et_pb_wpt_gravityform gravityform_id=\"gf-2\u2032\u2032 title=\"off\" description=\"off\" ajax=\"on\" _builder_version=\"4.27.4\u2032\u2032 _module_preset=\"default\" transform_scale=\"94%|94%\"global_colors_info=\"{}\"][\/et_pb_wpt_gravityform][\/et_pb_column][et_pb_column type=\"1_3\u2032\u2032 _builder_version=\"4.25.1\u2032\u2032 _module_preset=\"default\" global_colors_info=\"{}\"][et_pb_heading title=\"Quick Links\" _builder_version=\"4.27.4\u2032\u2032\u2032 _module_preset=\"95956592-a1b1-43fb-aa7b-d69d7b858e52\u2032\u2032 title_font=\"Verdana \u2047 \" title_text_color=\"#FFFFFF\" positioning=\"none\" custom_margin=\" \u2047 10px \u2047 46px \u2047 false \u2047 false\" custom_padding=\" \u2047 55px \u2047 \" locked=\"off\" global_colors_info=\"{}\"][\/et_pb_heading][et_pb_text _builder_version=\"4.27.4\u2032\u2032 _module_preset=\"01dbb295-3347-4b31-936e-cb09b186d00f\" text_font=\"Verdana \u2047 \" custom_margin=\" \u2047 8px \u2047 53px \u2047 false \u2047 false\" custom_padding=\" \u2047 75px \u2047 48px \u2047 \" link_option_url=\"https:\/\/euroguidance.ie\/en\/about\/\"]<\/p>\n<p>Euroguidance<\/p>\n<p>[\/et_pb_text][et_pb_text _builder_version=\"4.27.4\u2032\u2032 _module_preset=\"01dbb295-3347-4b31-936e-cb09b186d00f\" text_font=\"Verdana \u2047 \" custom_margin=\" \u2047 8px \u2047 50px \u2047 false \u2047 false\" custom_padding=\" \u2047 50px \u2047 \" link_option_url=\"https:\/\/euroguidance.ie\/en\/resources\/\"]<\/p>\n<p>Risorse<\/p>\n<p>[\/et_pb_text][et_pb_text _builder_version=\"4.27.4\u2032\u2032 _module_preset=\"01dbb295-3347-4b31-936e-cb09b186d00f\" text_font=\"Verdana \u2047 \" custom_margin=\" \u2047 8px \u2047 49px \u2047 false \u2047 false\" custom_padding=\" \u2047 51px \u2047 \" link_option_url=\"https:\/\/euroguidance.ie\/en\/contact-us\/\"]<\/p>\n<p>Contatto<\/p>\n<p>[\/et_pb_text][et_pb_text _builder_version=\"4.27.4\u2032\u2032 _module_preset=\"01dbb295-3347-4b31-936e-cb09b186d00f\" text_font=\"Verdana \u2047 \" custom_margin=\" \u2047 8px \u2047 51px \u2047 false \u2047 false\" custom_padding=\" \u2047 49px \u2047 \" link_option_url=\"https:\/\/euroguidance.ie\/privacy-statement\/\"]<\/p>\n<p>Informativa sulla privacy<\/p>\n<p>[\/et_pb_text][\/et_pb_column][et_pb_column type=\"1_3\u2032\u2032 _builder_version=\"4.25.1\u2032\u2032 _module_preset=\"default\" global_colors_info=\"{}\"][et_pb_image src=\"https:\/\/euroguidance.ie\/wp-content\/uploads\/2026\/01\/EN_Co-Funded_by_the_EU_PANTONE-scaled.png\" alt=\"Co-Funded by EU_PANTONE\" title_text=\"EN_Co-Funded_by_the_EU_PANTONE\" align=\"center\" _builder_version=\"4.27.4\u2032\u2032\u2032 _module_preset=\"default\" global_colorsinfo_=\"{}]\/[et_pb_image]\/[et_pb_column]\/[et_pbrowet]<\/p>","protected":false},"excerpt":{"rendered":"<p>**Sono aperte le candidature per la 13a ECADOC Summer School 2026** L'evento che si svolger\u00e0 al Trinity College di Dublino, in Irlanda, dal 17 al 21 agosto 2026 incluso.\u00a0 Il tema della Summer School \u00e8 \"Prospettive critiche all'interno dell'orientamento permanente\" Accogliamo con favore le domande degli attuali studenti di dottorato in orientamento professionale e consulenza o in un [...]<\/p>","protected":false},"author":9,"featured_media":0,"parent":0,"menu_order":0,"comment_status":"closed","ping_status":"closed","template":"","meta":{"_et_pb_use_builder":"on","_et_pb_old_content":"<!-- wp:divi\/placeholder \/-->","_et_gb_content_width":"","footnotes":""},"class_list":["post-432","page","type-page","status-publish","hentry"],"_links":{"self":[{"href":"https:\/\/euroguidance.ie\/it\/wp-json\/wp\/v2\/pages\/432","targetHints":{"allow":["GET"]}}],"collection":[{"href":"https:\/\/euroguidance.ie\/it\/wp-json\/wp\/v2\/pages"}],"about":[{"href":"https:\/\/euroguidance.ie\/it\/wp-json\/wp\/v2\/types\/page"}],"author":[{"embeddable":true,"href":"https:\/\/euroguidance.ie\/it\/wp-json\/wp\/v2\/users\/9"}],"replies":[{"embeddable":true,"href":"https:\/\/euroguidance.ie\/it\/wp-json\/wp\/v2\/comments?post=432"}],"version-history":[{"count":31,"href":"https:\/\/euroguidance.ie\/it\/wp-json\/wp\/v2\/pages\/432\/revisions"}],"predecessor-version":[{"id":1389,"href":"https:\/\/euroguidance.ie\/it\/wp-json\/wp\/v2\/pages\/432\/revisions\/1389"}],"wp:attachment":[{"href":"https:\/\/euroguidance.ie\/it\/wp-json\/wp\/v2\/media?parent=432"}],"curies":[{"name":"wp","href":"https:\/\/api.w.org\/{rel}","templated":true}]}}