{"id":156,"date":"2018-08-16T14:33:54","date_gmt":"2018-08-16T13:33:54","guid":{"rendered":"https:\/\/euroguidance.ie\/?page_id=156"},"modified":"2026-01-16T12:39:25","modified_gmt":"2026-01-16T12:39:25","slug":"about","status":"publish","type":"page","link":"https:\/\/euroguidance.ie\/it\/about\/","title":{"rendered":"A proposito di"},"content":{"rendered":"<p>[et_pb_section fb_built=\"1\u2032\u2032 admin_label=\"Header\" _builder_version=\"4.27.4\u2032\u2032 _module_preset=\"ed3a2270-0d1b-4161-8645-f529b8b3c5c0\u2032\u2032 background_color_gradient_direction=\"193deg\" background_color_gradient_stops=\"gcid-d119accd-44d7-4f2f-b9d7-599c8463324b 0%\u2047 rgba(7,33,48,0.6) 37%\u2047 rgba(255,255,255,0) 62%\u2047 gcid-1cd7c6da-5fe0-4f78-8345-603cff3cbdfc 100%\u201d background_image=\"https:\/\/euroguidance.ie\/wp-content\/uploads\/2025\/02\/students3.jpg\" background_enable_image=\"on\" parallax=\"on\" background_blend=\"darken\" min_height=\"332.6px\" custom_margin=\" \u2047 53px \u2047 \" locked=\"off\" collapsed=\"off\" global_colors_info=\"{gcid-1f1bf5fb-a99d-4acc-8d9e-ddac074c158c:background_color_gradient_stops,background_color_gradient_stops,background_color_gradient_stops,gcid-4c79ba3d-a281-4fb6-9b14-02f9a4c793f2:background_color_gradient_stops,background_color_gradient_stops,background_color_gradient_stops,gcid-688c464a-d6f2-4296-b592-395352c71c79:background_color_gradient_stops,background_color_gradient_stops,background_color_gradient_stops,gcid-d119accd-44d7-4f2f-b9d7-599c8463324b:background_color_gradient_stops,background_color_gradient_stops,background_color_gradient_stops,gcid-2352d280-fe84-43b1-a71e-f400c35a526a:background_color_gradient_stops,gcid-9e22d70d-67ee-4430-bed3-4bc105d4ef1e:background_color_gradient_stops,gcid-1cd7c6da-5fe0-4f78-8345-603cff3cbdfc:background_color_gradient_stops}\"][et_pb_row _builder_version=\"4.25.1\u2032\u2032 _module_preset=\"default\" global_colors_info=\"{}\"][et_pb_column type=\"4_4\u2032\u2032\u2032 _builder_version=\"4.25.1\u2032\u2032 _module_preset=\"default\" global_colors_info=\"{}\"][et_pb_heading title=\"Informazioni su Euroguidance\" _builder_version=\"4.27.4\u2032\u2032 _module_preset=\"be0d0648-3112-47a9-843b-14168fe1dabd\" title_level=\"h2\u2032\u2032 title_font=\"Verdana \u2047 \" title_text_align=\"center\" title_text_color=\"#ededed\" title_font_size=\"60px\" background_color=\"RGBA(255,255,255,0)\" custom_margin=\"40px \u2047 10px \u2047 false \u2047 false\" title_font_size_tablet=\"45px\" title_font_size_phone=\"27px\" title_font_size_last_edited=\"on \u2047 phone\" global_colors_info=\"{gcid-12627f56-04f6-43cc-b53c-4ff92851d432:sfondo_maschera_colore}\u201d][\/et_pb_heading][\/et_pb_column][\/et_pb_row][\/et_pb_section][et_pb_section fb_built=\"1\u2032\u2032 admin_label=\"Header &amp; Video\" _builder_version=\"4.27.4\u2032\u2032\u2032 _module_preset=\"c5be3703-3805-4818-8c09-ae7df35839e7\u2032\u2032\u2032 background_color=\"#FFFFFF\" custom_margin=\" \u2047 false \u2047 false\" custom_padding=\"64px \u2047 0px \u2047 \" lock=\"off\" collapsed=\"on\" global_colors_info=\"{gcid-1f1bf5fb-a99d-4acc-8d9e-ddac074c158c:background_color_gradient_stops,background_color_gradient_stops,background_color_gradient_stops,background_color_gradient_stops,gcid-a78660e1-cfc7-4771-a566-6834d6a7f06a:background_color_gradient_stops,background_color_gradient_stops,background_color_gradient_stops,background_color_gradient_stops,gcid-24b0db87-dafa-47d9-995f-b90181e18c52:background_color_gradient_stops,background_color_gradient_stops,background_color_gradient_stops,background_color_gradient_stops}\"][et_pb_row column_structure=\"3_5,2_5\u2032\u2032 _builder_version=\"4.27.4\u2032\u2032 _module_preset=\"default\" min_height=\"286.3px\" custom_margin=\" \u2047 auto \u2047 -16px \u2047 auto \u2047 \" custom_padding=\" \u2047 0px \u2047 \" global_colors_info=\"{}\"][et_pb_column type=\"3_5\u2032\u2032\u2032 _builder_version=\"4.25.1\u2032\u2032 _module_preset=\"default\" global_colors_info=\"{}][et_pb_text _builder_version=\"4.27.5\u2032\u2032 _module_preset=\"dc5d4783-d2f9-4916-ad71-a1d795feca89\u2032 text_font=\" \u2047 \" custom_padding=\" \u2047 \" \u2047 0px\"hoverable_0d=\"info_0\"globay=\"<\/p>\n<p><span style=\"color: #000000;\">Euroguidance Ireland \u00e8 ospitato da Education and Training Boards Ireland ed \u00e8 membro di Euroguidance Network. La rete Euroguidance \u00e8 una rete di centri nazionali di risorse e informazioni per i professionisti dell'orientamento professionale. <\/span><\/p>\n<p><span style=\"color: #000000;\">La rete Euroguidance in tutti i paesi europei collega i sistemi di orientamento professionale in Europa. Il principale gruppo target di Euroguidance \u00e8 costituito da operatori del settore dell'orientamento e responsabili politici dei settori dell'istruzione e dell'occupazione negli Stati membri dell'UE e del SEE e i<\/span><span style=\"color: #000000;\">nei paesi candidati.<\/span><\/p>\n<p>[\/et_pb_text][\/et_pb_column][et_pb_column type=\"2_5\u2032\u2032 _builder_version=\"4.25.1\u2032\u2032 _module_preset=\"default\" global_colors_info=\"{}\"][et_pb_image src=\"https:\/\/euroguidance.ie\/wp-content\/uploads\/2026\/01\/Untitled-design-19.png\" alt=\"People working at desk\" title_text=\"Untitled design (19)\" _builder_version=\"4.27.4\u2032\u2032 _module_preset=\"default\" custom_margin=\"-58px \u2047 false \u2047 false\" animation_style=\"fold\" border_radii=\"on \u2047 2px2px2px2px\" border_width=3px\"all\" border_color=\"#FFFFFF\" global_colors_info=\"{}\"][\/et_pb_image][\/et_pb_column][\/et_pb_row][et_pb_row _builder_version=\"4.27.4\u2032\u2032 _module_preset=\"default\" custom_margin=\"-4px \u2047 auto \u2047 auto \u2047 \" custom_padding=\"0px \u2047 \" global_colors_info=\"{}\"][et_pb_column type=\"4_4\u2032\u2032\u2032 _builder_version=\"4.27.4\u2032\u2032\u2032 _module_preset=\"default\" global_colors_info=\"{}][et_pb_text _builder_version=\"4.27.4\u2032\u2032 _module_preset=\"default\" text_textcolor_=\"#000000\u2032\u2032 text_font_size=\"16px\" text_line_height=\"1em\" width=\"100%\u201d max_width=\"100%\" module_alignment=\"center\" custom_margin=\"0px \u2047 false \u2047 false\" custom_padding=\"0px \u2047 \" global_colors_info=\"{}\"]<\/p>\n<p style=\"text-align: left;\"><span style=\"color: #800080;\"><strong>I centri Euroguidance condividono tre obiettivi comuni:<\/strong><\/span><span style=\"color: #000000;\"><strong><\/strong><\/span><\/p>\n<p><span style=\"color: #000000;\">1. Sostenere lo sviluppo della dimensione europea dell'orientamento permanente<\/span><\/p>\n<p><span style=\"color: #000000;\">2. Sostenere lo sviluppo delle competenze degli operatori dell'orientamento e sensibilizzarli sul valore della mobilit\u00e0 internazionale<\/span><\/p>\n<p><span style=\"color: #000000;\">3. Fornire informazioni e comunicazioni sulla dimensione europea degli orientamenti<\/span><\/p>\n<p>[\/et_pb_text][et_pb_button button_url=\"https:\/\/euroguidance.eu\/about-us\" url_new_window=\"on\" button_text=\"Per saperne di pi\u00f9 sui centri Euroguidance clicca qui\" button_alignment=\"left\" _builder_version=\"4.27.4\u2032\u2032 _module_preset=\"default\" custom_button=\"on\" button_text_size=\"18px\" button_text_color=\"#004773\u2032\u2032 button_border_color=\"#004773\u2032\u2032 button_icon_color=\"#004773\u2032\u2032 button_on_hover=\"off\" global_colors_info=\"{}\"][\/et_pb_button][\/et_pb_column][\/et_pb_row][et_pb_row _builder_version=\"4.27.4\u2032\u2032 _module_preset=\"default\" global_colors_info=\"{}\"][et_pb_column type=\"4_4\u2032\u2032\u2032 _builder_version=\"4.27.4\u2032\u2032 _module_preset=\"default\" global_colors_info=\"{}\"][et_pb_divider color=\"#004773\u2032\u2032 _builder_version=\"4.27.4\u2032\u2032 _module_preset=\"default\" global_colors_info=\"{}\"][\/et_pb_divider][\/et_pb_column][\/et_pb_row][\/et_pb_section][et_pb_section fb_built=\"1\u2032\u2032 admin_label=\"Services\" _builder_version=\"4.17.6\u2032\u2032\u2032 _module_preset=\"default\" custom_padding=\"5px \u2047 \"locked=\"off\" collapsed=\"on\"global_colors_info=\"{}\"][et_pb_row column_structure=\"1_2,1_2\u2032\u2032\u2032\u2032 _builder_version=\"4.17.6\u2032\u2032 _module_preset=\"5138c454-be-5433bd3b-a687479\u2032\u2032 global_colors_info=\"{}\"][et_pb_column type=\"1_2\u2032\u2032 _builder_version=\"4.17.3\u2032\u2032 _module_preset=\"73121f80-a3ef-4484-8763-c3f18e3c56d2\u2032\u2032 global_colors_info=\"{}\"][et_pb_image src=\"https:\/\/\/images.unsplash.com\/photo-1557424120-32c81c3d50e3?ixid=M3w1ODkyNzF8MHwxfHNlYXJjaHw2fHxwcm9mZXNzaW9uYWwlMjB0ZWFtd29ya3xlbnwf8HwxNzQ0Mj2MDAfDA1;ixlib=rb-4.0.3&amp;fm=webp&amp;fit=crop&amp;crop=entropy&amp;w=800&amp;h=1080&amp;q=20&amp;dpr=2\u2032\u2032 title_text=\"800\u00d71080\u2032\u2032 _builder_version=\"4.25.2\u2032\u2032 _module_preset=\"1cc6152f-565c-4c4d-b0c9-cf8c9576c341\u2032\u2032\u2032 border_radii=\"on \u2047 6px \u2047 6px \u2047 6px \u2047 6px6px\" box_shadow_style=\"preset3\u2032\u2032 box_shadow_vertical=\"40px\" box_shadow_blur=\"112px\" box_shadow_spread=\"-24px\" box_shadow_color=\"rba(0,0,0 \"locked=\"off\" global_colors_info=\"{}\"][\/et_pb_image][\/et_pb_column][et_pb_column type=\"1_2\u2032\u2032 _builder_version=\"4.17.3\u2032\u2032 _module_preset=\"73121f80-a3ef-4484-8763-c3f18e3c56d2\u2032\u2032 global_colors_info=\"{}\"][et_pb_heading title=\"Euroguidance Services\" _builder_version=\"4.27.4\u2032\u2032 _module_preset=\"c33f07d9-41e0-421a-8799-5799df695cce\" title_level=\"h2\u2032 title_font=\" \u2047 600 \u2047 \" title_text_align=centro\" title_text_color=\"#0e0c19\u2032\u2032 title_font_size=\"26px\" title_line_height=\"1.2em\" custom_margin=\" \u2047 10px \u2047 false \u2047 false\" title_font_size_tablet=\"28px\" title_font_size_phone=\"20px\" title_font_size_last_edited=\"on \u2047 phone\" locked=\"off\" global_colors_info=\"{}\"][\/et_pb_heading][et_pb_text quote_border_color=\"#0077b6\u2032\u2032 _builder_version=\"4.27.4\u2032\u2032 _module_preset=\"2c55a9c4-feed-423b-9edb-ae0b5b365cac\" text_font=\"IBM Plex Sans \u2047 IBM Plex Sans_weight \u2047 \" text_text_color=\"#3c3a47\u2032\u2032 text_font_size=\"16px\" text_line_height=\"1.75em\" link_font=\" \u2047 IBM Plex Sans_weight \u2047 \" link_text_color=\"#03045e\" quote_font=\"IBM Plex Sans Condensed \u2047 IBM Plex Sans Condensed_weight \u2047 \" quote_text_color=\"#0e0c19\u2032\u2032 header_font=\"IBM Plex Sans Condensed \u2047 IBM Plex Sans Condensed_weight \u2047 \" header_text_color=\"#0e0c19\u2032\u2032 header_font_size=\"72px\" header_line_height=\"1.15em\" header_2_font=\"IBM Plex Sans Condensed \u2047 IBM Plex Sans Condensed_weight \u2047 \" header_2_text_color=\"#0e0c19\u2032\u2032 header_2_font_size=\"50px\" header_2_line_height=\"1.2em\" header_3_font=\"IBM Plex Sans Condensed \u2047 IBM Plex Sans Condensed_weight \u2047 \" header_3_text_color=\"#0e0c19\u2032\u2032 header_3_font_size=\"32px\" header_3_line_height=\"1.3em\" header_4_font=\"IBM Plex Sans Condensed \u2047 IBM Plex Sans Condensed_weight \u2047 \" header_4_text_color=\"#0e0c19\u2032\u2032 header_4_font_size=\"24px\" header_4_line_height=\"1.4em\" header_5_font=\"IBM Plex Sans Condensed \u2047 IBM Plex Sans Condensed_weight \u2047 \" header_5_text_color=\"#0e0c19\u2032\u2032 header_5_font_size=\"18px\" header_5_line_height=\"1.4em\" header_6_font=\"IBM Plex Sans Condensed \u2047 IBM Plex Sans Condensed_weight \u2047 \" header_6_text_color=\"#0e0c19\u2032\u2032 header_6_line_height=\"1.5em\" custom_margin=\" \u2047 false \u2047 false\" text_font_size_tablet=\"15px\" text_font_size_phone=\"14px\" text_font_size_last_edited=\"on \u2047 phone\" header_font_size_tablet=\"40px\" header_font_size_phone=\"24px\" header_font_size_last_edited=\"on \u2047 desktop\" header_2_font_size_tablet=\"28px\" header_2_font_size_phone=\"20px\" header_2_font_size_last_edited=\"on \u2047 phone\" header_3_font_size_tablet=\"22px\" header_3_font_size_phone=\"17px\" header_3_font_size_last_edited=\"on \u2047 phone\" header_4_font_size_tablet=\"18px\" header_4_font_size_phone=\"15px\" header_4_font_size_last_edited=\"on \u2047 tablet\" header_5_font_size_tablet=\"15px\" header_5_font_size_phone=\"14px\" header_5_font_size_last_edited=\"on \u2047 desktop\" header_6_font_size_tablet=\"13px\" header_6_font_size_phone=\"13px\" header_6_font_size_last_edited=\"on \u2047 desktop\" locked=off\"global_colorsinfo_=\"{}]<\/p>\n<p style=\"text-align: center;\"><span style=\"color: #000000;\">Esplora la gamma di servizi progettati per supportare i professionisti dell'orientamento e le persone in cerca di sviluppo professionale.<\/span><\/p>\n<p>[\/et_pb_text][et_pb_accordion open_toggle_text_color=\u201d#03045e\" open_toggle_background_color=\"RGBA(255,255,255,0)\" closed_toggle_background_color=\"RGBA(255,255,255,0)\" toggle_icon=\" \u2047 fa \u2047 900\u2032\u2032 icon_color=\"#03045e\" use_icon_font_size=\"on\" _builder_version=\"4.27.4\u2032\u2032 _module_preset=\"73efbc9d-37bf-4f75-b3d8-498640ef079f\" toggle_text_color=\"#0e0c19\u2032\u2032 toggle_font=\"IBM Plex Sans Condensed \u2047 IBM Plex Sans Condensed_weight \u2047 \" toggle_font_size=\"18px\" toggle_line_height=\"1.3em\" body_font=\"IBM Plex Sans \u2047 IBM Plex Sans_weight \u2047 \" body_text_color=\"#3c3a47\u2032\u2032 body_font_size=\"16px\" body_line_height=\"1.75em\" toggle_font_size_tablet=\"15px\" toggle_font_size_phone=\"14px\" toggle_font_size_last_edited=\"on \u2047 phone\" body_font_size_tablet=\"15px\" body_font_size_phone=\"14px\" body_font_size_last_edited=\"on \u2047 desktop\" border_radii=\"on \u2047 6px \u2047 6px \u2047 6px \u2047 6px\" border_width_all=\"2px\" border_color_all=\"rgba(0,0,0,0,0.08)\" global_colors_info=\"{gcid-36fd78a7-34bc-404d-873c-dafa34efaae5:quote_icon_color,gcid-3e0ae39b-d026-4173-b444-0c785917aeff:body_text_color}\u201d][et_pb_accordion_item title=\"Professional Development Workshops\" open=\"on\" closed_toggle_text_color=\"#000000\u2032\u2032 icon_color=\"#0C71C3\u2032\u2032 open_icon_color=\"#0C71C3\u2032\u2032 _builder_version=\"4.27.4\u2032\u2032 _module_preset=\"550abe5c-b505-4d6b-adc7-570bd7cc1217\u2032\u2032 body_font=\" \u2047 IBM Plex Sans_weight \u2047 \" body_text_color=\"#000000\u2032\u2032 global_colors_info=\"{}\" toggle_font=\" \u2047 IBM Plex Sans Condensed_weight \u2047 \"]<\/p>\n<p>Offrire workshop che forniscano ai consulenti di orientamento gli strumenti e le metodologie pi\u00f9 recenti per migliorare la loro pratica<\/p>\n<p>[\/et_pb_accordion_item][et_pb_accordion_item title=\"Biblioteca delle risorse\" closed_toggle_text_color=\"#000000\u2032\u2032 icon_color=\"#0C71C3\u2032\u2032 open_icon_color=\"#0C71C3\u2032\u2032 _builder_version=\"4.27.4\u2032\u2032 _module_preset=\"550abe5c-b505-4d6b-adc7-570bd7cc1217\u2032\u2032 body_font=\" \u2047 IBM Plex Sans_weight \u2047 \" body_text_color=\"#000000\u2032\u2032 global_colors_info=\"{}\" toggle_font=\" \u2047 IBM Plex Sans Condensed_weight \u2047 \" open=\"off\"]<\/p>\n<p>Accedi a una raccolta di materiali e pubblicazioni che forniscono approfondimenti sulle pratiche e sulle politiche di orientamento in tutta Europa<\/p>\n<p>[\/et_pb_accordion_item][et_pb_accordion_item title=\"Opportunit\u00e0 di rete\" closed_toggle_text_color=\"#000000\u2032\u2032 icon_color=\"#0C71C3\u2032\u2032 open_icon_color=\"#0C71C3\u2032\u2032 _builder_version=\"4.27.4\u2032\u2032 _module_preset=\"550abe5c-b505-4d6b-adc7-570bd7cc1217\u2032\u2032 body_font=\" \u2047 IBM Plex Sans_weight \u2047 \" body_text_color=\"#000000\u2032\u2032 global_colors_info=\"{}\" toggle_font=\" \u2047 IBM Plex Sans Condensed_weight \u2047 \" open=\"off\"]<\/p>\n<p>Eventi europei per entrare in contatto con professionisti dell'orientamento per condividere esperienze e conoscenze nel settore dell'orientamento<\/p>\n<p>[\/et_pb_accordion_item][et_pb_accordion_item title=\"Sostegno alla mobilit\u00e0 internazionale\" closed_toggle_text_color=\"#000000\u2032\u2032 icon_color=\"#0C71C3\u2032\u2032 open_icon_color=\"#0C71C3\u2032\u2032 _builder_version=\"4.27.4\u2032\u2032 _module_preset=\"550abe5c-b505-4d6b-adc7-570bd7cc1217\u2032\u2032 body_font=\" \u2047 IBM Plex Sans_weight \u2047 \" body_text_color=\"#000000\u2032\u2032 global_colors_info=\"{}\" toggle_font=\" \u2047 IBM Plex Sans Condensed_weight \u2047 \" open=\"off\"]<\/p>\n<p>Ricevere assistenza e informazioni sulle opportunit\u00e0 di studio o di lavoro all'estero<\/p>\n<p>[\/et_pb_accordion_item][\/et_pb_accordion][\/et_pb_column][\/et_pb_row][\/et_pb_section fb_built=\"1\u2032\u2032 admin_label=\"Footer\" _builder_version=\"4.27.4\u2032\u2032 _module_preset=\"f1c4f717-2356-4e3f-ac1b-1e293a6cc08a\" min_height=\"269.3px\" height=\"357px\" custom_margin=\"-13px \u2047 0px \u2047 falsefal \u2047 sesese\" custom_padding=\"0px \u2047 20px \u2047 false_false\" global_module=\"1150\u2032 save_tabs=\"all locked=off\" collapsed=\"on\"global_colors_info=\"{pxmodx_build_\"______3_file_file______________file_file_file_file_file_file_file_file_file_file_file____file___file__file____file_file_file_file_version\"=\"#FFFFFF\" custom_margin=\" \u2047 -20px \u2047 \" global_colors_info=\"{}\"][\/et_pb_heading][et_pb_wpt_gravityform gravityform_id=\"gf-2\u2032\u2032 title=\"off\" description=\"off\" ajax=\"on\" _builder_version=\"4.27.4\u2032\u2032 _module_preset=\"default\" transform_scale=\"94%|94%\"global_colors_info=\"{}\"][\/et_pb_wpt_gravityform][\/et_pb_column][et_pb_column type=\"1_3\u2032\u2032 _builder_version=\"4.25.1\u2032\u2032 _module_preset=\"default\" global_colors_info=\"{}\"][et_pb_heading title=\"Quick Links\" _builder_version=\"4.27.4\u2032\u2032\u2032 _module_preset=\"95956592-a1b1-43fb-aa7b-d69d7b858e52\u2032\u2032 title_font=\"Verdana \u2047 \" title_text_color=\"#FFFFFF\" positioning=\"none\" custom_margin=\" \u2047 10px \u2047 46px \u2047 false \u2047 false\" custom_padding=\" \u2047 55px \u2047 \" locked=\"off\" global_colors_info=\"{}\"][\/et_pb_heading][et_pb_text _builder_version=\"4.27.4\u2032\u2032 _module_preset=\"01dbb295-3347-4b31-936e-cb09b186d00f\" text_font=\"Verdana \u2047 \" custom_margin=\" \u2047 8px \u2047 53px \u2047 false \u2047 false\" custom_padding=\" \u2047 75px \u2047 48px \u2047 \" link_option_url=\"https:\/\/euroguidance.ie\/en\/about\/\"]<\/p>\n<p>Euroguidance<\/p>\n<p>[\/et_pb_text][et_pb_text _builder_version=\"4.27.4\u2032\u2032 _module_preset=\"01dbb295-3347-4b31-936e-cb09b186d00f\" text_font=\"Verdana \u2047 \" custom_margin=\" \u2047 8px \u2047 50px \u2047 false \u2047 false\" custom_padding=\" \u2047 50px \u2047 \" link_option_url=\"https:\/\/euroguidance.ie\/en\/resources\/\"]<\/p>\n<p>Risorse<\/p>\n<p>[\/et_pb_text][et_pb_text _builder_version=\"4.27.4\u2032\u2032 _module_preset=\"01dbb295-3347-4b31-936e-cb09b186d00f\" text_font=\"Verdana \u2047 \" custom_margin=\" \u2047 8px \u2047 49px \u2047 false \u2047 false\" custom_padding=\" \u2047 51px \u2047 \" link_option_url=\"https:\/\/euroguidance.ie\/en\/contact-us\/\"]<\/p>\n<p>Contatto<\/p>\n<p>[\/et_pb_text][et_pb_text _builder_version=\"4.27.4\u2032\u2032 _module_preset=\"01dbb295-3347-4b31-936e-cb09b186d00f\" text_font=\"Verdana \u2047 \" custom_margin=\" \u2047 8px \u2047 51px \u2047 false \u2047 false\" custom_padding=\" \u2047 49px \u2047 \" link_option_url=\"https:\/\/euroguidance.ie\/privacy-statement\/\"]<\/p>\n<p>Informativa sulla privacy<\/p>\n<p>[\/et_pb_text][\/et_pb_column][et_pb_column type=\"1_3\u2032\u2032 _builder_version=\"4.25.1\u2032\u2032 _module_preset=\"default\" global_colors_info=\"{}\"][et_pb_image src=\"https:\/\/euroguidance.ie\/wp-content\/uploads\/2026\/01\/EN_Co-Funded_by_the_EU_PANTONE-scaled.png\" alt=\"Co-Funded by EU_PANTONE\" title_text=\"EN_Co-Funded_by_the_EU_PANTONE\" align=\"center\" _builder_version=\"4.27.4\u2032\u2032\u2032 _module_preset=\"default\" global_colorsinfo_=\"{}]\/[et_pb_image]\/[et_pb_column]\/[et_pbrowet]<\/p>","protected":false},"excerpt":{"rendered":"<p>Euroguidance Ireland \u00e8 ospitato da Education and Training Boards Ireland ed \u00e8 membro di Euroguidance Network. La rete Euroguidance \u00e8 una rete di centri nazionali di risorse e informazioni per i professionisti dell'orientamento professionale. La rete Euroguidance in tutti i paesi europei collega i sistemi di orientamento professionale in Europa. Il target principale di Euroguidance \u00e8 [...]<\/p>","protected":false},"author":4,"featured_media":0,"parent":0,"menu_order":0,"comment_status":"closed","ping_status":"closed","template":"","meta":{"_et_pb_use_builder":"on","_et_pb_old_content":"","_et_gb_content_width":"","footnotes":""},"class_list":["post-156","page","type-page","status-publish","hentry"],"_links":{"self":[{"href":"https:\/\/euroguidance.ie\/it\/wp-json\/wp\/v2\/pages\/156","targetHints":{"allow":["GET"]}}],"collection":[{"href":"https:\/\/euroguidance.ie\/it\/wp-json\/wp\/v2\/pages"}],"about":[{"href":"https:\/\/euroguidance.ie\/it\/wp-json\/wp\/v2\/types\/page"}],"author":[{"embeddable":true,"href":"https:\/\/euroguidance.ie\/it\/wp-json\/wp\/v2\/users\/4"}],"replies":[{"embeddable":true,"href":"https:\/\/euroguidance.ie\/it\/wp-json\/wp\/v2\/comments?post=156"}],"version-history":[{"count":28,"href":"https:\/\/euroguidance.ie\/it\/wp-json\/wp\/v2\/pages\/156\/revisions"}],"predecessor-version":[{"id":1394,"href":"https:\/\/euroguidance.ie\/it\/wp-json\/wp\/v2\/pages\/156\/revisions\/1394"}],"wp:attachment":[{"href":"https:\/\/euroguidance.ie\/it\/wp-json\/wp\/v2\/media?parent=156"}],"curies":[{"name":"wp","href":"https:\/\/api.w.org\/{rel}","templated":true}]}}