{"id":1098,"date":"2026-01-08T15:09:42","date_gmt":"2026-01-08T15:09:42","guid":{"rendered":"https:\/\/euroguidance.ie\/?page_id=1098"},"modified":"2026-01-15T12:39:34","modified_gmt":"2026-01-15T12:39:34","slug":"articles","status":"publish","type":"page","link":"https:\/\/euroguidance.ie\/it\/articles\/","title":{"rendered":"Articoli"},"content":{"rendered":"<p>[et_pb_section fb_built=\"1\u2032\u2032 admin_label=\"Header\" _builder_version=\"4.27.4\u2032\u2032 _module_preset=\"ed3a2270-0d1b-4161-8645-f529b8b3c5c0\u2032\u2032 background_color_gradient_direction=\"193deg\" background_color_gradient_stops=\"gcid-d119accd-44d7-4f2f-b9d7-599c8463324b 0%\u2047 rgba(7,33,48,0.6) 37%\u2047 rgba(255,255,255,0) 62%\u2047 gcid-1cd7c6da-5fe0-4f78-8345-603cff3cbdfc 100%\u201d background_image=\"https:\/\/euroguidance.ie\/wp-content\/uploads\/2025\/02\/students3.jpg\" background_enable_image=\"on\" parallax=\"on\" background_blend=\"darken\" min_height=\"332.6px\" custom_margin=\" \u2047 53px \u2047 \" locked=\"off\" collapsed=\"off\" global_colors_info=\"{gcid-1f1bf5fb-a99d-4acc-8d9e-ddac074c158c:background_color_gradient_stops,background_color_gradient_stops,background_color_gradient_stops,gcid-4c79ba3d-a281-4fb6-9b14-02f9a4c793f2:background_color_gradient_stops,background_color_gradient_stops,background_color_gradient_stops,gcid-688c464a-d6f2-4296-b592-395352c71c79:background_color_gradient_stops,background_color_gradient_stops,background_color_gradient_stops,gcid-d119accd-44d7-4f2f-b9d7-599c8463324b:background_color_gradient_stops,background_color_gradient_stops,background_color_gradient_stops,gcid-2352d280-fe84-43b1-a71e-f400c35a526a:background_color_gradient_stops,gcid-9e22d70d-67ee-4430-bed3-4bc105d4ef1e:background_color_gradient_stops,gcid-1cd7c6da-5fe0-4f78-8345-603cff3cbdfc:background_color_gradient_stops}][et_pb_row _builder_version=\"4.25.1\u2032\u2032 _module_preset=\"default\" global_colors_info=\"{}\"][et_pb_column type=\"4_4\u2032\u2032 _builder_version=\"4.25.1\u2032\u2032 _module_preset=\"default\" global_colors_info=\"{}\"][et_pb_heading title=\"Articles\" _builder_version=\"4.27.4\u2032\u2032\u2032 _module_preset=\"be0d0648-3112-47a9-843b-14168fe1dabd\" title_level=\"h2\u2032 title_font=\"Verdana \u2047 \" title_text_align=\"centro\" title_text_color=\"#ededed\" title_font_size=\"60px\" background_color=\"RGBA(255,255,255,0)\" custom_margin=\"40px \u2047 10px \u2047 false \u2047 false\" title_font_size_tablet=\"45px\" title_font_size_phone=\"27px\" title_font_size_last_edited=\"on \u2047 phone\" global_colors_info=\"{gcid-12627f56-04f6-43cc-b53c-4ff92851d432:sfondo_maschera_colore}\"][\/et_pb_heading][\/et_pb_column][\/et_pb_row][\/et_pb_section][et_pb_section fb_built=\"1\u2032\u2032 _builder_version=\"4.27.4\u2032\u2032 _module_preset=\"default\" custom_padding=\"6px \u2047 0px \u2047 \" locked=\"off\" global_colors_info=\"{}\"][et_pb_row column_structure=\"1_2,1_2\u2032\u2032\u2032 _builder_version=\"4.27.4\u2032\u2032 _module_preset=\"default\" global_colors_info=\"{}\"][et_pb_column type=\"1_2\u2032\u2032\u2032 _builder_version=\"4.27.4\u2032\u2032 _module_preset=\"default\" global_colorsinfo=\"{\"}][et_pb_heading=titotitolo_EV\"Intestazione_modul_4_default\"#000000\u2032\u2032 global_colors_info=\"{}\"][\/et_pb_heading][et_pb_text _builder_version=\"4.27.4\u2032\u2032 _module_preset=\"default\" text_text_color=\"#000000\u2032\u2032 text_font_size=\"16px\" global_colors_info=\"{}\"]<\/p>\n<p><strong data-start=\"164\" data-end=\"186\">Il MAGAZINE IAEVG<\/strong><span> \u00e8 la nostra pubblicazione digitale triennale progettata per connettere, informare e ispirare i professionisti di tutto il mondo.<\/span><\/p>\n<p><a href=\"https:\/\/euroguidance.ie\/wp-content\/uploads\/2026\/01\/iaevg_magazine.pdf\"><span style=\"color: #800000;\">\u2192 Scarica una copia qui<\/span><\/a><\/p>\n<p>[\/et_pb_text][et_pb_button button_url=\"https:\/\/iaevg.com\/IAEVG-Magazine\" url_new_window=\"on\" button_text=\"Per saperne di pi\u00f9\" _builder_version=\"4.27.4\u2032\u2032 _module_preset=\"default\" custom_button=\"on\" button_text_color=\"#004773\u2032\u2032 button_border_color=\"#004773\u2032\u2032 button_icon_color=\"#004773\u2032\u2032 button_on_hover=\"off\" global_colors_info=\"{}\"][\/et_pb_button][\/et_pb_column][et_pb_column type=\"1_2\u2032\u2032 _builder_version=\"4.27.4\u2032\u2032 _module_preset=\"default\" global_colors_info=\"{}\"][et_pb_image src=\"https:\/\/euroguidance.ie\/wp-content\/uploads\/2026\/01\/Untitled-design-26.png\" title_text=\"Untitled design (26)\" align=\"center\" _builder_version=\"4.27.4\u2032\u2032 _module_preset=\"default\" animation_style=\"zoom\" global_colors_info=\"{}]\/[et_pb_image]\/[pb_cob_uprowet] _builder_version=\"4.27.4\u2032\u2032 _module_preset=\"default\" global_colors_info=\"{}\"][et_pb_column type=\"4_4\u2032\u2032 _builder_version=\"4.27.4\u2032\u2032 _module_preset=\"default\" global_colors_info=\"{}\"][et_pb_divider color=\"#003556\u2032\u2032 _builder_version=\"4.27.4\u2032\u2032 _module_preset=\"default\" global_colors_info=\"{}\"][\/et_pb_divider][\/et_pb_column][\/et_pb_row][\/et_pb_section][et_pb_section fb_built=\"1\u2032\u2032 _builder_version=\"4.27.4\u2032\u2032\u2032 _module_preset=\"default\" custom_padding=\"6px \u2047 \"locked=\"off\"\"global_colors_info=\"{}][et_pb_row column_structure=\"1_2,1_2\u2032\u2032 _builder_version=\"4.27.4\u2032\u2032\u2032 _module_preset=\"default\" global_colors_info=\"{}][et_pb_rown type=\"1_2\u2032 _builder_version=\"7.4\u2032_module_default_info=\"#000000\u2032\u2032 global_colors_info=\"{}\"][\/et_pb_heading][et_pb_text _builder_version=\"4.27.4\u2032\u2032 _module_preset=\"default\" text_text_color=\"#000000\u2032\u2032 text_font_size=\"16px\" hover_enabled=\"0\u2032\u2032 global_colors_info=\"{}\" sticky_enabled=\"0\u2032\u2032]<\/p>\n<p><span data-teams=\"true\">L'Europa \u00e8 aperta a te \u00e8 una risorsa sulle opportunit\u00e0 e il sostegno europei principalmente per i giovani e i giovani adulti di et\u00e0 compresa tra i 18 e i 30 anni. Questo opuscolo contiene informazioni, suggerimenti, siti web utili e link a servizi tra cui Euroguidance Ireland che possono essere contattati per ulteriori informazioni su volontariato, lavoro, formazione, studio o viaggi in Europa.<\/span><\/p>\n<p><span style=\"color: #800000;\"><a href=\"https:\/\/euroguidance.ie\/wp-content\/uploads\/2026\/01\/179164-Leargas-Booklet-1-1.pdf\" style=\"color: #800000;\">\u2192 Scarica una copia qui<\/a><\/span><\/p>\n<p>[\/et_pb_text][et_pb_button button_url=\"https:\/\/eurodesk.ie\/europe-is-open-to-you-guide\/\" url_new_window=\"on\" button_text=\"Per saperne di pi\u00f9\" _builder_version=\"4.27.4\u2032\u2032 _module_preset=\"default\" custom_button=\"on\" button_text_color=\"#004773\u2032\u2032 button_border_color=\"#004773\u2032\u2032 button_icon_color=\"#004773\u2032\u2032 button_on_hover=\"off\" global_colors_info=\"{}\"][\/et_pb_button][\/et_pb_column][et_pb_column type=\"1_2\u2032\u2032 _builder_version=\"4.27.4\u2032\u2032 _module_preset=\"default\" global_colors_info=\"{}\"][et_pb_image src=\"https:\/\/euroguidance.ie\/wp-content\/uploads\/2026\/01\/Untitled-design-25.png\" title_text=\"Untitled design (25)\" align=\"center\" _builder_version=\"4.27.4\u2032\u2032 _module_preset=\"default\" animation_style=\"zoom\" global_colorsinfo_=\"{}]\/[et_pb_image]\/[et_pb_cob_uprowet] _builder_version=\"4.27.4\u2032\u2032 _module_preset=\"default\" global_colors_info=\"{}\"][et_pb_column type=\"4_4\u2032\u2032 _builder_version=\"4.27.4\u2032\u2032 _module_preset=\"default\" global_colors_info=\"{}\"][et_pb_divider color=\"#003556\u2032\u2032 _builder_version=\"4.27.4\u2032\u2032 _module_preset=\"default\" global_colors_info=\"{}][\/et_pb_divider][\/et_pb_column][\/et_pb_row][\/et_pb_section][et_pb_section fb_built=\"1\u2032\u2032 admin_label=\"Footer\" _builder_version=\"4.27.4\u2032\u2032\u2032 _module_preset=\"f1c4f717-2356-4e3f-ac1b-1e293a6cc08a\" min_height=\"269.3px\" height=\"357px\" custom_margin=\"-13px \u2047 0px \u2047 fal \u2047 false\" custom_padding=\"0px \u2047 20px \u2047 falsefalse_false\"globalse\"11\u203250\u2032\u2032_ta_talli_compresse_build=\"_default_compression_file=\"_file_file_file_file_file__file=\"#FFFFFF\" custom_margin=\" \u2047 -20px \u2047 \" global_colors_info=\"{}\"][\/et_pb_heading][et_pb_wpt_gravityform gravityform_id=\"gf-2\u2032\u2032 title=\"off\" description=\"off\" ajax=\"on\" _builder_version=\"4.27.4\u2032\u2032 _module_preset=\"default\" transform_scale=\"94%|94%\"global_colors_info=\"{}\"][\/et_pb_wpt_gravityform][\/et_pb_column][et_pb_column type=\"1_3\u2032\u2032 _builder_version=\"4.25.1\u2032\u2032 _module_preset=\"default\" global_colors_info=\"{}\"][et_pb_heading title=\"Quick Links\" _builder_version=\"4.27.4\u2032\u2032\u2032 _module_preset=\"95956592-a1b1-43fb-aa7b-d69d7b858e52\u2032\u2032 title_font=\"Verdana \u2047 \" title_text_color=\"#FFFFFF\" positioning=\"none\" custom_margin=\" \u2047 10px \u2047 46px \u2047 false \u2047 false\" custom_padding=\" \u2047 55px \u2047 \" locked=\"off\" global_colors_info=\"{}\"][\/et_pb_heading][et_pb_text _builder_version=\"4.27.4\u2032\u2032 _module_preset=\"01dbb295-3347-4b31-936e-cb09b186d00f\" text_font=\"Verdana \u2047 \" custom_margin=\" \u2047 8px \u2047 53px \u2047 false \u2047 false\" custom_padding=\" \u2047 75px \u2047 48px \u2047 \" link_option_url=\"https:\/\/euroguidance.ie\/en\/about\/\"]<\/p>\n<p>Euroguidance<\/p>\n<p>[\/et_pb_text][et_pb_text _builder_version=\"4.27.4\u2032\u2032 _module_preset=\"01dbb295-3347-4b31-936e-cb09b186d00f\" text_font=\"Verdana \u2047 \" custom_margin=\" \u2047 8px \u2047 50px \u2047 false \u2047 false\" custom_padding=\" \u2047 50px \u2047 \" link_option_url=\"https:\/\/euroguidance.ie\/en\/resources\/\"]<\/p>\n<p>Risorse<\/p>\n<p>[\/et_pb_text][et_pb_text _builder_version=\"4.27.4\u2032\u2032 _module_preset=\"01dbb295-3347-4b31-936e-cb09b186d00f\" text_font=\"Verdana \u2047 \" custom_margin=\" \u2047 8px \u2047 49px \u2047 false \u2047 false\" custom_padding=\" \u2047 51px \u2047 \" link_option_url=\"https:\/\/euroguidance.ie\/en\/contact-us\/\"]<\/p>\n<p>Contatto<\/p>\n<p>[\/et_pb_text][et_pb_text _builder_version=\"4.27.4\u2032\u2032 _module_preset=\"01dbb295-3347-4b31-936e-cb09b186d00f\" text_font=\"Verdana \u2047 \" custom_margin=\" \u2047 8px \u2047 51px \u2047 false \u2047 false\" custom_padding=\" \u2047 49px \u2047 \" link_option_url=\"https:\/\/euroguidance.ie\/privacy-statement\/\"]<\/p>\n<p>Informativa sulla privacy<\/p>\n<p>[\/et_pb_text][\/et_pb_column][et_pb_column type=\"1_3\u2032\u2032 _builder_version=\"4.25.1\u2032\u2032 _module_preset=\"default\" global_colors_info=\"{}\"][et_pb_image src=\"https:\/\/euroguidance.ie\/wp-content\/uploads\/2026\/01\/EN_Co-Funded_by_the_EU_PANTONE-scaled.png\" alt=\"Co-Funded by EU_PANTONE\" title_text=\"EN_Co-Funded_by_the_EU_PANTONE\" align=\"center\" _builder_version=\"4.27.4\u2032\u2032\u2032 _module_preset=\"default\" global_colorsinfo_=\"{}]\/[et_pb_image]\/[et_pb_column]\/[et_pbrowet]<\/p>","protected":false},"excerpt":{"rendered":"<p>IAEVG MAGAZINE \u00e8 la nostra pubblicazione digitale triennale progettata per connettere, informare e ispirare i professionisti di tutto il mondo. \u2192 Scarica una copia quiEurope is Open to You \u00e8 una risorsa sulle opportunit\u00e0 e il sostegno europei principalmente per i giovani e i giovani adulti di et\u00e0 compresa tra i 18 e i 30 anni. Questo opuscolo contiene informazioni, suggerimenti, siti web utili e link a servizi [...]<\/p>","protected":false},"author":9,"featured_media":0,"parent":0,"menu_order":0,"comment_status":"closed","ping_status":"closed","template":"","meta":{"_et_pb_use_builder":"on","_et_pb_old_content":"<!-- wp:divi\/placeholder \/-->","_et_gb_content_width":"","footnotes":""},"class_list":["post-1098","page","type-page","status-publish","hentry"],"_links":{"self":[{"href":"https:\/\/euroguidance.ie\/it\/wp-json\/wp\/v2\/pages\/1098","targetHints":{"allow":["GET"]}}],"collection":[{"href":"https:\/\/euroguidance.ie\/it\/wp-json\/wp\/v2\/pages"}],"about":[{"href":"https:\/\/euroguidance.ie\/it\/wp-json\/wp\/v2\/types\/page"}],"author":[{"embeddable":true,"href":"https:\/\/euroguidance.ie\/it\/wp-json\/wp\/v2\/users\/9"}],"replies":[{"embeddable":true,"href":"https:\/\/euroguidance.ie\/it\/wp-json\/wp\/v2\/comments?post=1098"}],"version-history":[{"count":8,"href":"https:\/\/euroguidance.ie\/it\/wp-json\/wp\/v2\/pages\/1098\/revisions"}],"predecessor-version":[{"id":1362,"href":"https:\/\/euroguidance.ie\/it\/wp-json\/wp\/v2\/pages\/1098\/revisions\/1362"}],"wp:attachment":[{"href":"https:\/\/euroguidance.ie\/it\/wp-json\/wp\/v2\/media?parent=1098"}],"curies":[{"name":"wp","href":"https:\/\/api.w.org\/{rel}","templated":true}]}}