{"id":980,"date":"2025-12-15T12:04:39","date_gmt":"2025-12-15T12:04:39","guid":{"rendered":"https:\/\/euroguidance.ie\/?page_id=980"},"modified":"2026-03-27T09:25:23","modified_gmt":"2026-03-27T09:25:23","slug":"webinars","status":"publish","type":"page","link":"https:\/\/euroguidance.ie\/ga\/webinars\/","title":{"rendered":"Seimine\u00e1ir ghr\u00e9as\u00e1in"},"content":{"rendered":"<p>[et_pb_section fb_built=\"1\u2033 admin_label=\"Ceannt\u00e1sc\" _builder_version=\"4.27.4\u2033 _module_preset=\"ed3a2270-0d1b-4161-8645-f529b8b3c5c0\u2033 background_color_gradient_direction=\"193deg\" background_color_gradient_stops=\"gcid-d119accd-44d7-4f2f-b9d7-599c8463324b 0%|rgba(7,33,48,0.6) 37%|rgba(255,255,0) 62%|gcid-1cd7c6da-5fe0-4f78-8345-603cff3cbdfc 100%\u201d background_image=\u201dhttps:\/\/euroguidance.ie\/wp-content\/uploads\/2025\/02\/students3.jpg\u201d background_enable_image=\u201don\u201d parallax=\u201don\u201d background_blend=\u201ddarken\u201d min_height=\u201d332.6px\u201d custom_margin=\u201d||53px|||\u201d locked=\u201doff\u201d collapsed=\u201doff\u201d global_colors_info=\u201dgcid-1f1bf5fb-a99d-4acc-8d9e-ddac074c158c: background_color_gradient_stopanna, background_color_gradient_stopanna, background_color_gradient_stopanna,gcid-4c79ba3d-a281-4fb6-9b14-02f9a4c793f2: background_color_gradient_stopanna, background_color_gradient_stopanna, background_color_gradient_stopanna,gcid-688c464a-d6f2-4296-b592-395352c71c79: background_color_gradient_stopanna, background_color_gradient_stopanna, background_color_gradient_stopanna,gcid-d119accd-44d7-4f2f-b9d7-599c8463324b: background_color_gradient_stopanna, background_color_gradient_stopanna, background_color_gradient_stopanna,gcid-2352d280-fe84-43b1-a71e-f400c35a526a: background_color_gradient_stopanna,gcid-9e22d70d-67ee-4430-bed3-4bc105d4ef1e: background_color_gradient_stopanna,gcid-1cd7c6da-5fe0-4f78-8345-603cff3cbdfc: background_color_gradient_stopanna%[et_pb_row _builder_version=\"4.25.1\u2033 _module_preset=\"default\" global_colors_info=\"{}][et_pb_column type=\"4_4\u2033 _builder_version=\"4.25.1\u2033 _module_preset=\"default\" global_colors_info=\"{}\"][et_pb_heading title=\"Upcoming Webinars\"_builder_version=\"4.27.4\u2033 _module_preset=\"be0d0648-3112-47a9-843b-14168fe1dabd\" title_level=\"h2\u2033 title_font=\"Verdana||||||||\" title_text_align=\"center\"_text_color=\"\"\"#ededed\u201d title_font_size=\u201c60px\u201d background_color=\u201dRGBA(255,255,255,0)\u201d custom_margin=\u201d40px||10px||false|false\u201d title_font_size_tablet=\u201c45px\u201d title_font_size_phone=\u201c27px\u201d title_font_size_lastedited=\u201car_phone\u201d global|colors_info=\u201dgcid-12627f56-04f6-43cc-b53c-4ff92851d432: c\u00falra_mask_color%_pb_=\u2018_pbrow column_=\u2018_preetversion=\u2018_pb_column][\/et_pb_row][\/et_pb_section][et\u2033pb_section fb_built=\u20191_ admin\u2033 _label=\u2018Event Calendar\u2019 _builder_version=\u20194.27.5||||module|preset=\u2019default\u2019 custom_margin=\u2019-40px||||false|false\u2019 custom_padding=\u20190px_false_false\u2019 border_style_all=\u2019none\u2019 locked=\u2019off\u2019 collapsed=\u2019on\u2019 global_colors_info=\u2019{}][et_pbrow_ column\u2033 _structure=\u20191_12,\u2033 _2_builder_version=\u201c4.27.5_modulepreset=\u201d global_color#000b63\u2033 hover_enabled=\u201d0\u2033 global_colors_info=\u201d{}\u201d sticky_enabled=\u201d0\u2033][\/et_pb_heading][et_pb_heading title=\u201dETBI Webinar\u201d _builder_version=\u201d4.27.5\u2033 _module_preset=\u201ddefault\u201d title_level=\u201dh2\u2033 title_text_color=\u201d#0C71C3\u2033 hover_enabled=\u201d0\u2033 global_colors_info=\u201d{}\u201d sticky_enabled=\u201d0\u2033][\/et_pb_heading][et_pb_text _builder_version=\u201d4.27.5\u2033 _module_preset=\u201ddefault\u201d text_text_color=\u201d#000000\u2033 hover_enabled=\u201d0\u2033 global_colors_info=\u201d{}\u201d greamaitheach_enabled=\u201d0\u2033]<\/p>\n<p><strong>D\u00e1ta:<\/strong> D\u00e9 hAoine 10 Aibre\u00e1n <strong>Am:<\/strong> 11.00am \u2013 12.00pm GMT<\/p>\n<p>[\/et_pb_text][et_pb_text _builder_version=\u201d4.27.5\u2032\u2032 _module_preset=\u201ddefault\u201d text_text_color=\u201d#000000\u2032\u2032 hover_enabled=\u201d0\u2032\u2032 global_colors_info=\u201d{}\u201d sticky_enabled=\u201d0\u2032\u2032]<\/p>\n<p>Sa chaint seo tugtar isteach Dearadh Uil\u00edoch do Threora\u00edocht (UDG), cur chuige a d'fhorbair an Dr Mary Quirke agus at\u00e1 bunaithe ar a taighde docht\u00faireachta agus ar a cleachtas i bhforbairt gairme ionchuimsitheach. Ag tarraingt ar theoiric gairmthreorach, s\u00edceola\u00edocht, dearadh, oideola\u00edocht agus samhlacha m\u00edchumais, athchoincheapa\u00edonn UDG treoir mar phr\u00f3iseas ionbh\u00e1ch, coibhneasta agus cumhachtaithe.<\/p>\n<p>\u00a0Agus \u00e9 ail\u00ednithe le Spriocanna Forbartha Inbhuanaithe na N\u00e1isi\u00fan Aontaithe agus leis na h\u00e9ilimh a bhaineann le domhan at\u00e1 ag athr\u00fa, cuirtear cleachtais shol\u00fabtha chuimsitheacha chun cinn leis an gcur chuige lena n-aithn\u00edtear \u00e9ags\u00falacht na bhfoghlaimeoir\u00ed uile. C\u00e9 go bhfuil s\u00e9 fr\u00e9amhaithe in obair le daoine faoi mh\u00edchumas, l\u00e9ir\u00edonn s\u00e9 conas a fheabhsa\u00edonn dearadh le haghaidh cuimsithe treoir do gach duine. Spreagfar na rannph\u00e1irtithe chun athmhachnamh a dh\u00e9anamh ar shamhlacha treorach traidisi\u00fanta agus f\u00e9achaint ar conas is f\u00e9idir caidrimh treora\u00edochta n\u00edos inrochtana, n\u00edos freagr\u00fala agus n\u00edos cothroime a leab\u00fa i gcomhth\u00e9acsanna \u00e9ags\u00fala Eorpacha.<\/p>\n<p>[\/et_pb_text][\/et_pb_column][et_pb_column type=\u201d1_2\u2033 _builder_version=\u201d4.27.5\u2033 _module_preset=\u201ddefault\u201d global_colors_info=\u201d{}\u201d][et_pb_countdown_timer date_timer=\u201d2026-04-10 11:00\u2033 _builder_version=\u201d4.27.5\u2033 _module_preset=\u201ddefault\u201d background_color=\u201d#1f187f\u201d hover_enabled=\u201d0\u2033 global_colors_info=\u201d{}\u201d greamaitheach_enabled=\u201d0\u2033][\/et_pb_countdown_timer][et_pb_button button_url=\u201dhttps:\/\/events.teams.microsoft.com\/event\/629a69e5-23a6-433d-838d-00c966405238@f5366bb4-0485-4544-8baa-c80ddc368234\u2033 url_new_window=\u201con\u201d button_text=\u201cCl\u00e1raigh anseo\u201d button_alignment=\u201cleft\u201d _builder_version=\u201c4.27.5\u2033 _module_preset=\u201cdefault\u201d custom_button=\u201con\u201c_text_color=\u201d\u201d#1d08a5\u2033 button_border_color=\u201d#000000\u2033 button_icon_color=\u201d#0d077f\u201d button_on_hover=\u201coff\u201d custom_margin=\u201d0px|0px|0px|151px|false|false_false\u201d hover\u2033enabled=\u201d0_ global_colors_info=\u201d{}\u201d sticky\u2033enabled=\u201d0_][\/et_pb_button][\/et_pb_column][\/et_pb_row][et_pb_row _builder\u2033 _version=\u201d4.27.5_module_preset=\u201ddefault\u201d global_colors_info=\u201d{}\u201d][et_pb_column type=\u201d4\u2033 _4_builder\u2033 _version=\u201d4.27.5_module_preset=\u201cr\u00e9amhshocr\u00fa\u201d_colors_info=\u201c}][et_pbivd= colorider\u201d#000000\u2033 _builder_version=\u201c4.27.5\u2033 _preset=\u201d_colors_=\"_colors_=\"_colors_=\"et_pb_divider\"[\/et_pb_colum\"[\/et_pb_preset][\/et_pb_section][et\u2033pb_section fb_built=\"1_ admin\u2033 _label=\"Footer\"_builder_version=\"4.27.5_module||||preset=\"f1c4|f717-2356-4e3f-ac1b-1e293a6cc08a\" min_height=\"269.3px\" height=||ball\"||\"#_margin=\"||-20px|||\" global_colors_info=\"{}\"][\/et_pb_heading][et_pb_wpt_gravityform gravityform_id=\"gf-2\u2033 title=\"off\" description=\"off\" ajax=\"on\" _builder_version=\"4.27.4\u2033 _module_preset=\"default\" transform_scale=\"94%|94%\u201d global_colors_info=\u201d{}\u201d][\/et_pb_wpt_gravityform][\/et_pb_column][et_pb_column type=\u201d1_3\u2033 _builder_version=\u201d4.25.1\u2033 _module_preset=\u201ddefault\u201d global_colors_info=\u201d{}][et_pb_heading title=\u201dQuick Links\u201d _builder_version=\u201d4.27.4\u2033 _module_preset=\u201d95956592-a1b1-43fb-aa7b-d69d7b858e52\u2033 title_font=\u201dVerdana||||||||\u201d title_text_color=\u201d#FFFFFF\u201d positioning=\u201cnone\u201d custom_margin=\u201d||10px|46px|false|false\u201d custom_padding=\u201d|||55px||\u201d locked=\u201doff\u201d global_colors_info=\u201d{}][\/et_pb_heading][et_pb_text _builder_version=\u201d4.27.4\u2033 _module_preset=\u201c01dbb295-3347-4b31-936e-cb09b186d00f\u201d text_font=\u201dVerdana||||||||\u201d custom_margin=\u201d||8px|53px|false|false\u201d custom_padding=\u201c|75px||48px\u201dnasc||optionurl=\u201chttps:\/\/euroguidance.ie\/en\/about\/\u201d]<\/p>\n<p>Euroguidance<\/p>\n<p>[\/et_pb_text][et_pb_text _builder_version=\u201d4.27.4\u2032\u2032 _module_preset=\u201d01dbb295-3347-4b31-936e-cb09b186d00f\u201d text_font=\u201dVerdana \u2047 \u201d custom_margin=\u201d \u2047 8px \u2047 50px \u2047 false\u201d custom_padding=\u201d \u2047 50px \u2047 \u201d link_option_url=\u201dhttps:\/\/euroguidance.ie\/en\/resources\/\u201d]<\/p>\n<p>Acmhainn\u00ed<\/p>\n<p>[\/et_pb_text][et_pb_text _builder_version=\u201d4.27.4\u2032\u2032 _module_preset=\u201d01dbb295-3347-4b31-936e-cb09b186d00f\u201d text_font=\u201dVerdana \u2047 \u201d custom_margin=\u201d \u2047 8px \u2047 49px \u2047 false\u201d custom_padding=\u201d \u2047 51px \u2047 \u201d link_option_url=\u201dhttps:\/\/euroguidance.ie\/en\/contact-us\/\u201d]<\/p>\n<p>Teagmh\u00e1il<\/p>\n<p>[\/et_pb_text][et_pb_text _builder_version=\u201d4.27.4\u2032\u2032 _module_preset=\u201d01dbb295-3347-4b31-936e-cb09b186d00f\u201d text_font=\u201dVerdana \u2047 \u201d custom_margin=\u201d \u2047 8px \u2047 51px \u2047 false\u201d custom_padding=\u201d \u2047 49px \u2047 \u201d link_option_url=\u201dhttps:\/\/euroguidance.ie\/privacy-statement\/\u201d]<\/p>\n<p>Beartas Pr\u00edobh\u00e1ideachais<\/p>\n<p>[\/et_pb_text][\/et_pb_column][et_pb_column type=\u201d1_3\u2032\u2032 _builder_version=\u201d4.25.1\u2032 _module_preset=\u201ddefault\u201d global_colors_info=\u201d}\u201d][et_pb_image src=\u201dhttps:\/\/euroguidance.ie\/wp-content\/uploads\/2026\/01\/EN_Co-Funded_by_the_EU_PANTONE-scaled.png\u201d alt=\u201dCo-Funded by European Union\u201d title_text=\u201dEN_Co-Funded_by_the_EU_PANTONE\u201d align=\u201dcenter\u201d _builder_version=\u201c4.27.4\u2032\u2032_module_preset=\u201cdefault\u201d global_colors_info=}\u201d]\/[p_etim]<\/p>","protected":false},"excerpt":{"rendered":"<p>D\u00e1ta: D\u00e9 hAoine 10 Aibre\u00e1n Am: 11.00am \u2013 12.00pm GMTTugann an chaint seo isteach Dearadh Uil\u00edoch do Threora\u00edocht (UDG), cur chuige a d'fhorbair an Dr Mary Quirke agus at\u00e1 bunaithe ar a taighde docht\u00faireachta agus ar a cleachtas i bhforbairt gairme ionchuimsitheach. * Ag tarraingt ar theoiric gairmthreorach, s\u00edceola\u00edocht, dearadh, oideola\u00edocht agus samhlacha m\u00edchumais, athcheapann UDG treoir mar ionbh\u00e1, caidreamh, agus [\u2026]<\/p>","protected":false},"author":9,"featured_media":0,"parent":0,"menu_order":0,"comment_status":"closed","ping_status":"closed","template":"","meta":{"_et_pb_use_builder":"on","_et_pb_old_content":"<!-- wp:divi\/placeholder \/-->","_et_gb_content_width":"","footnotes":""},"class_list":["post-980","page","type-page","status-publish","hentry"],"_links":{"self":[{"href":"https:\/\/euroguidance.ie\/ga\/wp-json\/wp\/v2\/pages\/980","targetHints":{"allow":["GET"]}}],"collection":[{"href":"https:\/\/euroguidance.ie\/ga\/wp-json\/wp\/v2\/pages"}],"about":[{"href":"https:\/\/euroguidance.ie\/ga\/wp-json\/wp\/v2\/types\/page"}],"author":[{"embeddable":true,"href":"https:\/\/euroguidance.ie\/ga\/wp-json\/wp\/v2\/users\/9"}],"replies":[{"embeddable":true,"href":"https:\/\/euroguidance.ie\/ga\/wp-json\/wp\/v2\/comments?post=980"}],"version-history":[{"count":20,"href":"https:\/\/euroguidance.ie\/ga\/wp-json\/wp\/v2\/pages\/980\/revisions"}],"predecessor-version":[{"id":1433,"href":"https:\/\/euroguidance.ie\/ga\/wp-json\/wp\/v2\/pages\/980\/revisions\/1433"}],"wp:attachment":[{"href":"https:\/\/euroguidance.ie\/ga\/wp-json\/wp\/v2\/media?parent=980"}],"curies":[{"name":"wp","href":"https:\/\/api.w.org\/{rel}","templated":true}]}}