{"id":432,"date":"2025-04-08T16:10:47","date_gmt":"2025-04-08T15:10:47","guid":{"rendered":"https:\/\/euroguidance.ie\/?page_id=432"},"modified":"2026-01-15T13:41:32","modified_gmt":"2026-01-15T13:41:32","slug":"upcoming-events","status":"publish","type":"page","link":"https:\/\/euroguidance.ie\/ga\/upcoming-events\/","title":{"rendered":"Imeachta\u00ed at\u00e1 ag teacht an\u00edos"},"content":{"rendered":"<p>[et_pb_section fb_built=\"1\u2032\u2032 admin_label=\"Ceannt\u00e1sc\" _builder_version=\"4.27.4\u2032 _module_preset=\"ed3a2270-0d1b-4161-8645-f529b8b3c5c0\u2032 background_color_gradient_direction=\"193deg\" background_color_gradient_stops=\"gcid-d119accd-44d7-4f2f-b9d7-599c6843324b 0%\u2047 rgba(7,33,48,0.6) 37%\u2047 rgba(255,255,255,0) 62%\u2047 gcid-1cd7c6da-5fe0-4f78-8345-603cff3cbdfc 100%\u201d background_image=\u201dhttps:\/\/euroguidance.ie\/wp-content\/uploads\/2025\/02\/students3.jpg\u201d background_enable_image=\u201don\u201d parallax=\u201don\u201d background_blend=\u201ddarken\u201d min_height=\u201d332.6px\u201d custom_margin=\u201d \u2047 53px \u2047 \u201d locked=\u201doff\u201d collapsed=\u201doff\u201d global_colors_info=\u201dgcid-1f1bf5fb-a99d-4acc-8d9e-ddac074c158c: background_color_gradient_stopanna, background_color_gradient_stopanna, background_color_gradient_stopanna,gcid-4c79ba3d-a281-4fb6-9b14-02f9a4c793f2: background_color_gradient_stopanna, background_color_gradient_stopanna, background_color_gradient_stopanna,gcid-688c464a-d6f2-4296-b592-395352c71c79: background_color_gradient_stopanna, background_color_gradient_stopanna, background_color_gradient_stopanna,gcid-d119accd-44d7-4f2f-b9d7-599c8463324b: background_color_gradient_stopanna, background_color_gradient_stopanna, background_color_gradient_stopanna,gcid-2352d280-fe84-43b1-a71e-f400c35a526a: background_color_gradient_stopanna,gcid-9e22d70d-67ee-4430-bed3-4bc105d4ef1e: background_color_gradient_stopanna,gcid-1cd7c6da-5fe0-4f78-8345-603cff3cbdfc: background_color_gradient_stopanna}\u201d][et_pb_row _builder_version=\u201d4.25.1\u2032 _module_preset=\u201ddefault\u201d global_colors_info=\u201d{}][et_pb_column type=\u201d4_4\u2032\u2032 _builder_version=\u201d4.25.1\u2032 _module_preset=\u201ddefault\u201d global_colors_info=\u201d{}][et_pb_heading title=\u201dUpcoming Events\u201d _builder_version=\u201d4.27.4\u2032 _module_preset=\u201dbe0d0648-3112-47a9-843b-14168fe1dabd\u201d title_level=\u201dh2\u2032 title_font=\u201dVerdana \u2047 \u201d title_text_ignal=\u201dcenter\u201d title_text_color=\u201d\u201d#ededed\u201d title_font_size=\u201c60px\u201d background_color=\u201dRGBA(255,255,255,0)\u201d custom_margin=\u201d40px \u2047 10px \u2047 false \u2047 false\u201d title_font_size_tablet=\u201c45px\u201d title_font_size_phone=\u201d27px\u201d title_font_size_last_edited=\u201dar \u2047 phone\u201d global_colors_info=\u201dgcid-12627f56-04f6-43cc-b53c-4ff92851d432: ch\u00falra_mask_color}\u201d][\/et_pb_heading][\/et_pb_column][\/et_pb_row][\/et_pb_section][et_pb_section fb_built=\u201d1\u2032\u2032 admin_label=\u201dEvents\u201d _builder_version=\u201d4.27.4\u2032 _module_preset=\u201d_initial\u201d min_height=\u201d1648.7px\u201d custom_margin=\u201d-2px \u2047 -66px \u2047 false\u201d custom_padding=\u201d0px \u2047 0px \u2047 false\u201d faoi ghlas=\u201d\u201doff\u201d collapsed=\u201don\u201d global_colors_info=\u201dgcid-36fd78a7-34bc-404d-873c-dafa34efaae5:colorTosaigh}\u201d][et_pb_row column_structure=\u201d1_2,1_2\u2032\u2032 _builder_version=\u201d4.27.4\u2032 _module_preset=\u201ddefault\u201d global_colors_info=\u201d{}][et_pb_column type=\u201d1_2\u2032\u2032 _builder_version=\u201d4.27.4\u2032\u2032 _module_preset=\u201ddefault\u201d global_colors_info=\u201d{}][et_pb_image src=\u201dhttps:\/\/euroguidance.ie\/wp-content\/uploads\/2026\/01\/Untitled-design-17.png\u201d title_text=\u201cDearadh intuigthe (17)\u201d _builder_version=4.27.4\u2032 _module_preset=\u201ddefault\u201d width=58\u201d%\u201dmod\u00fal_alignment=\u201dcenter\u201d custom_margin=\u201d-72px \u2047 false \u2047 false\u201d beochan_style=\u201dzoom\u201d global_colors_info=\u201d{}][\/et_pb_image][\/et_pb_column][et_pb_column type=\u201d1_2\u2032\u2032 _builder_version=\u201d4.27.4\u2032\u2032 _module_preset=\u201ddefault\u201d global_colors_info=\u201d\u201c{}][et_pb_countdown_timer title=\u201dIarratas Spriocdh\u00e1ta\u201d date_time=\u201d2026-01-30 12:18\u2032\u2032 _builder_version=4.27.4\u2032\u2032\u2032 _module_preset=\u201ddefault\u201d background_color=\u201d\u201d#003556\u2032\u2032 leithead=\u201d83%\u201d max_width=\u201d92%\u201dmod\u00fal_alignment=\u201dright\u201d min_airde=\u201d100px\u201d airde=\u201d146px\u201d custom_margin=\u201d-5px \u2047 -18px \u2047 false \u2047 false\u201d custom_padding=\u201d12px \u2047 15px \u2047 false \u2047 false\u201d global_colors_info=\u201d{}][\/et_pb_countdown_timer][\/et_pb_column][\/et_pb_row][et_pb_row_builder_version=\u201d4.27.4\u2032\u2032 _module_preset=\u201d global_colors_info=\u201d\u201d global_colors_info=\u201d{}][et_pb_column type=\u201d4_4\u2032\u2032_builder_version=\u201c4.27.4\u2032\u2032\u2032_module_preset=\u201ddefault\u201d global_info=\u201d global_info=}\u201d[et_builder_builder_version_4.2]#000000\u2032\u2032 text_font_size=\u201c16px\u201d text_orientation=\u201ccenter\u201d custom_margin=\u201d-50px \u2047 false\u201d global_colors_info=\u201d{}]<\/p>\n<h1><span style=\"color: #000000; font-size: 16px;\"><strong><span style=\"color: #993300;\">**T\u00e1 iarratais oscailte anois don 13\u00fa Scoil Samhraidh ECADOC 2026**<\/span><\/strong><\/span><\/h1>\n<h1 class=\"x14z9mp xat24cr x1lziwak x1vvkbs xtlvy1s x126k92a\" style=\"text-align: center;\"><span style=\"color: #000000;\"><span style=\"font-size: 16px;\">Beidh an \u00f3c\u00e1id ar si\u00fal i gCol\u00e1iste na Tr\u00edon\u00f3ide, Baile \u00c1tha Cliath, \u00c9ire. <strong>An 17 go dt\u00ed an 21 L\u00fanasa 2026, an d\u00e1 l\u00e1 sin san \u00e1ireamh<\/strong>.\u00a0 <\/span><span style=\"font-size: 16px;\">An t<\/span><span style=\"font-size: 16px;\">T\u00e1 Heme of the Summer School<\/span><strong style=\"font-size: 16px;\">\u00a0\u2018Peirspict\u00edochta\u00ed Critici\u00fala laistigh den Treoir ar Feadh an tSaoil\u2019<\/strong><\/span><\/h1>\n<div class=\"x14z9mp xat24cr x1lziwak x1vvkbs xtlvy1s x126k92a\">\n<div dir=\"auto\">\n<p><span style=\"color: #000000;\">Cuirimid f\u00e1ilte roimh iarratais \u00f3 mhic l\u00e9inn docht\u00faireachta reatha i dTreora\u00edocht Gairme agus Comhairleoireacht n\u00f3 i r\u00e9imse a bhfuil dl\u00fathbhaint aige leo. Roghn\u00f3far na rannph\u00e1irtithe bunaithe ar \u00e1bharthacht a gcuid taighde, ar ch\u00e1il\u00edocht a dtogra\u00ed agus ar an spreagadh at\u00e1 acu p\u00e1irt a ghlacadh. Is i mB\u00e9arla a re\u00e1cht\u00e1lfar an Scoil Samhraidh agus beidh s\u00ed ar si\u00fal ar feadh c\u00faig l\u00e1. Beifear ag s\u00fail go nglacfaidh na rannph\u00e1irtithe p\u00e1irt ghn\u00edomhach sa chl\u00e1r c\u00faig l\u00e1. <\/span><span style=\"color: #000000;\">Chun tuilleadh eolais agus an fhoirm iarratais a fh\u00e1il, seol r\u00edomhphost chuig<strong>\u00a0<span class=\"cloaked_email\">ecadoc@etbi.ie<\/span><\/strong>. Is \u00e9 an 30 Ean\u00e1ir 2026 an spriocdh\u00e1ta le haghaidh iarratas.<\/span><\/p>\n<p><span style=\"color: #000000;\">Clice\u00e1il ar an nasc th\u00edos chun tuilleadh eolais a fh\u00e1il:<\/span><span style=\"color: #000000;\"><\/span><\/p>\n<p><span style=\"color: #000000;\"><\/span><\/p>\n<h2 class=\"x14z9mp xat24cr x1lziwak x1vvkbs xtlvy1s x126k92a\"><span style=\"color: #993300;\"><strong><a href=\"https:\/\/euroguidance.ie\/wp-content\/uploads\/2025\/12\/CALL-13th-ECADOC-Summer-School-August-2026-Dublin-3.pdf\" rel=\"attachment wp-att-852\" style=\"color: #993300;\">\u2192 CALL 13\u00fa Scoil Samhraidh ECADOC L\u00fanasa 2026\u00a0<\/a><\/strong><\/span><\/h2>\n<\/div>\n<\/div>\n<p>[\/et_pb_text][\/et_pb_column][\/et_pb_row][et_pb_row _builder_version=\u201d4.27.4\u2032 _module_preset=\u201ddefault\u201d global_colors_info=\u201d{}][et_pb_column type=\u201d4_4\u2032\u2032 _builder_version=\u201d4.27.4\u2032\u2032 _module_preset=\u201ddefault\u201d global_colors_info=\u201d{}\u201d][et_pb_divider color=\u201d#004773\u2032\u2032 _builder_version=\u201d4.27.4\u2032\u2032 _module_preset=\u201ddefault\u201d global_colors_info=\u201d[\/et_pb_divider][\/et_pb_column][\/et_pb_row][et_pb_row column_structure=\u201d1_2,1_2\u2032\u2032 _builder_version=\u201d4.2\u2032\u2032 _module_preset=\u201ddefault\u201d custom_margin=\u201d-31px \u2047 auto \u2047 auto \u2047 \u201d global_colors_info=\u201d{}][et_pb_column type=\u201d1_2\u2032\u2032 _builder_version=\u201d4.27.4\u2032\u2032\u2032 _module_preset=\u201ddefault\u201d global_colors_info=\u201c{}][et_pb_heading title=\u201dEuroguid Study Studyer_builder_version_4.2\u2032\u2032\u2032_module_set=\u201d\u201d#000000\u2032\u2032 global_colors_info=\u201d{}\u201d][\/et_pb_heading][et_pb_text _builder_version=\u201d4.27.4\u2032\u2032 _module_preset=\u201ddefault\u201d text_text_color=\u201d#000000\u2032\u2032 text_font_size=\u201c16px\u201d global_colors_info=\u201d{}]<\/p>\n<p>Is c\u00fais bhr\u00f3id do Sheirbh\u00eds Fosta\u00edochta na Sl\u00f3iv\u00e9ine [Euroguidance Slovenia] agus don Ghn\u00edomhaireacht um Shoghluaisteacht agus um Chl\u00e1ir an Aontais [Euroguidance Croatia] cuairt staid\u00e9ir Euroguidance 2026 a \u00f3st\u00e1il. Is \u00e9 t\u00e9ama na cuairte \u2018<strong>An t-aistri\u00fa \u00f3n oideachas go dt\u00ed an margadh saothair<\/strong>\u2018. Beidh comhordaitheoir Euroguidance Ireland i l\u00e1thair thar ceann Euroguidance Ireland agus tabharfaidh s\u00e9 tuairisc ar an bhfoghlaim chomhroinnte.<\/p>\n<p>[\/et_preb_text][\/et_pb_7.4\u2019][et_pb_colum=\"1_2\u2032\u2032 _builder_version=\"4.27.4\u2032_module_preset=\" global_colors_info=\"][et_pb_colum=\"https:\/\/euroguidance.ie\/wp-content\/uploads\/2026\/01\/euroguidance-logo.info=\" title_text=\"euroguidance logo\" _builder_version=\"4.27.4\u2032\u2032_module_preset=\" custom_margin_#000000\u2032\u2032 _builder_version=\"4.27.4\u2032\u2032 _module_preset=\"default\" global_colors_info=\"{}\"][\/et_pb_divider][\/et_pb_column][\/et_pb_row][et_pb_row column_structure=\"1_2,1_2\u2032\u2032 _builder_version=\"4.27.4\u2032\u2032 _module_preset=\"default\" custom_padding=\"0px \u2047 \" global_colors_info=\"{}\"][et_pb_column type=\"1_2\u2032\u2032 _builder_version=\"4.27.4\u2032\u2032\u2032_module_preset=\"default\" global_colors_info=\"{}][et_p_heading title=\"Academia Mobility_builder_version=\"4.2\u2032\u2032_module_default=\"preset_text=\" title=\"default\" global_color_info=\"\u201d\u201d#000000\u2032\u2032 global_colors_info=\u201d{}\u201d][\/et_pb_heading][et_pb_text _builder_version=\u201d4.27.4\u2032\u2032 _module_preset=\u201ddefault\u201d text_text_color=\u201d#000000\u2032\u2032 text_font_size=\u201c16px\u201d global_colors_info=\u201d{}]<\/p>\n<p><span style=\"color: #000000;\">T\u00e1imid ag tn\u00fath le f\u00e1ilte a chur roimh chomhghleacaithe Treorach Eorpacha go h\u00c9irinn as a gcuairt staid\u00e9ir i m\u00ed na Bealtaine 2026. Is \u00e9 an t\u00e9ama a bheidh ann n\u00e1 \u2018<strong>Scileanna Bainist\u00edochta Gairme sa Treoir ar feadh an tSaoil<\/strong>&#8216;.<\/span><\/p>\n<p>[\/et_pb_text][\/et_pb_column][et_pb_column type=\u201d1_2\u2032\u2032 _builder_version=\u201d4.27.4\u2032 _module_preset=\u201ddefault\u201d global_colors_info=\u201d{}\u201d][et_pb_countdown_timer title=\u201cMobility Study Visit\u201d date_time=\u201d2026-05-12 12:18\u2032\u2032 _builder_version=\u201d4.27.4\u2032\u2032 _module_preset=\u201ddefault\u201d background_color=\u201d#003556\u2032\u2032 leithead=\u201d83%\u201d max_width=\u201d92%\u201dmod\u00fal_alignment=\"right\" custom_margin=\"-3px \u2047 false \u2047 _padding=\"12px \u2047 15px \u2047 false\" global_colors_info=\"{}][\/et_pb_countdown_timer][\/et_pb_column][\/et_pb_row][\/et_pb_section][et_pb_section fb_built=\"1\u2032 admin_label=\"Footer\" height_version=\"4.27.4\u2032 _module_preset=\"f1c417-2356-4e3f-ac1b-193acc08a\" min_eight=\"69.3x\" height=\"p357x\"#FFFFFF\u2019 custom_margin=\u201d \u2047 -20px \u2047 \u201d global_colors_info=\u201d{}\u201d][\/et_pb_heading][et_pb_wpt_gravityform gravityform_id=\u201dgf-2\u2032\u2032 title=\u201doff\u201d description=\u201doff\u201d ajax=\u201don\u201d _builder_version=\u201d4.27.4\u2032\u2032 _module_preset=\u201ddefault\u201d transform_scale=\u201d94%|94%\u201d global_colors_info=\u201d{}\u201d][\/et_pb_wpt_gravityform][\/et_pb_column][et_pb_column type=\u201d1_3\u2032\u2032 _builder_version=\u201d4.25.1\u2032 _module_preset=\u201ddefault\u201d global_colors_info=\u201d{}\u201d][et_pb_heading title=\u201dQuick Links\u201d _builder_version=\u201d4.27.4\u2032\u2032 _module_preset=\u201d95956592-a1b1-43fb-a7b-d69d7b858e52\u2032\u2032 title_font=\u201dVerdana \u2047 \u201d title_text_color=\u201d#Suite\u00e1il FFFFFF\u201d=\"none\" custom_margin=\" \u2047 10px \u2047 46px \u2047 false\" custom_padding=\" \u2047 55px \u2047 \" locked=\"off\" global_colors_info=\"{}\"][\/et_pb_heading][et_pb_text _builder_version=\"4.27.4\u2032 _module_preset=\"01dbb295-3347-4b31-936e-cb09b186d00f\" text_font=\"Verdana \u2047 \" custom_margin=\" \u2047 8px \u2047 false\" custom_padding=\" \u2047 75px \u2047 48px \u2047 \" link_option_url=\"httpseuro:\/\/guidance.ie\/en\/about]<\/p>\n<p>Euroguidance<\/p>\n<p>[\/et_pb_text][et_pb_text _builder_version=\u201d4.27.4\u2032\u2032 _module_preset=\u201d01dbb295-3347-4b31-936e-cb09b186d00f\u201d text_font=\u201dVerdana \u2047 \u201d custom_margin=\u201d \u2047 8px \u2047 50px \u2047 false\u201d custom_padding=\u201d \u2047 50px \u2047 \u201d link_option_url=\u201dhttps:\/\/euroguidance.ie\/en\/resources\/\u201d]<\/p>\n<p>Acmhainn\u00ed<\/p>\n<p>[\/et_pb_text][et_pb_text _builder_version=\u201d4.27.4\u2032\u2032 _module_preset=\u201d01dbb295-3347-4b31-936e-cb09b186d00f\u201d text_font=\u201dVerdana \u2047 \u201d custom_margin=\u201d \u2047 8px \u2047 49px \u2047 false\u201d custom_padding=\u201d \u2047 51px \u2047 \u201d link_option_url=\u201dhttps:\/\/euroguidance.ie\/en\/contact-us\/\u201d]<\/p>\n<p>Teagmh\u00e1il<\/p>\n<p>[\/et_pb_text][et_pb_text _builder_version=\u201d4.27.4\u2032\u2032 _module_preset=\u201d01dbb295-3347-4b31-936e-cb09b186d00f\u201d text_font=\u201dVerdana \u2047 \u201d custom_margin=\u201d \u2047 8px \u2047 51px \u2047 false\u201d custom_padding=\u201d \u2047 49px \u2047 \u201d link_option_url=\u201dhttps:\/\/euroguidance.ie\/privacy-statement\/\u201d]<\/p>\n<p>Beartas Pr\u00edobh\u00e1ideachais<\/p>\n<p>[\/et_pb_text][\/et_pb_column][et_pb_column type=\u201d1_3\u2032\u2032 _builder_version=\u201d4.25.1\u2032 _module_preset=\u201ddefault\u201d global_colors_info=\u201d}\u201d][et_pb_image src=\u201dhttps:\/\/euroguidance.ie\/wp-content\/uploads\/2026\/01\/EN_Co-Funded_by_the_EU_PANTONE-scaled.png\u201d alt=\u201dCo-Funded by European Union\u201d title_text=\u201dEN_Co-Funded_by_the_EU_PANTONE\u201d align=\u201dcenter\u201d _builder_version=\u201c4.27.4\u2032\u2032_module_preset=\u201cdefault\u201d global_colors_info=}\u201d]\/[p_etim]<\/p>","protected":false},"excerpt":{"rendered":"<p>**T\u00e1 iarratais oscailte anois don 13\u00fa Scoil Samhraidh ECADOC 2026** Beidh an t-imeacht ar si\u00fal i gCol\u00e1iste na Tr\u00edon\u00f3ide, Baile \u00c1tha Cliath, \u00c9ire, \u00f3n 17 go dt\u00ed an 21 L\u00fanasa 2026 agus an d\u00e1 l\u00e1 sin san \u00e1ireamh.\u00a0 Is \u00e9 t\u00e9ama na Scoile Samhraidh \u2018Peirspict\u00edochta\u00ed Critici\u00fala laistigh de Threoir ar feadh an tSaoil\u2019 Cuirimid f\u00e1ilte roimh iarratais \u00f3 mhic l\u00e9inn docht\u00faireachta reatha i dTreoir Ghairme agus Comhairleoireacht n\u00f3 i [...]<\/p>","protected":false},"author":9,"featured_media":0,"parent":0,"menu_order":0,"comment_status":"closed","ping_status":"closed","template":"","meta":{"_et_pb_use_builder":"on","_et_pb_old_content":"<!-- wp:divi\/placeholder \/-->","_et_gb_content_width":"","footnotes":""},"class_list":["post-432","page","type-page","status-publish","hentry"],"_links":{"self":[{"href":"https:\/\/euroguidance.ie\/ga\/wp-json\/wp\/v2\/pages\/432","targetHints":{"allow":["GET"]}}],"collection":[{"href":"https:\/\/euroguidance.ie\/ga\/wp-json\/wp\/v2\/pages"}],"about":[{"href":"https:\/\/euroguidance.ie\/ga\/wp-json\/wp\/v2\/types\/page"}],"author":[{"embeddable":true,"href":"https:\/\/euroguidance.ie\/ga\/wp-json\/wp\/v2\/users\/9"}],"replies":[{"embeddable":true,"href":"https:\/\/euroguidance.ie\/ga\/wp-json\/wp\/v2\/comments?post=432"}],"version-history":[{"count":31,"href":"https:\/\/euroguidance.ie\/ga\/wp-json\/wp\/v2\/pages\/432\/revisions"}],"predecessor-version":[{"id":1389,"href":"https:\/\/euroguidance.ie\/ga\/wp-json\/wp\/v2\/pages\/432\/revisions\/1389"}],"wp:attachment":[{"href":"https:\/\/euroguidance.ie\/ga\/wp-json\/wp\/v2\/media?parent=432"}],"curies":[{"name":"wp","href":"https:\/\/api.w.org\/{rel}","templated":true}]}}