{"id":413,"date":"2025-04-08T16:06:07","date_gmt":"2025-04-08T15:06:07","guid":{"rendered":"https:\/\/euroguidance.ie\/?page_id=413"},"modified":"2026-01-09T14:50:36","modified_gmt":"2026-01-09T14:50:36","slug":"mobility-opportunities","status":"publish","type":"page","link":"https:\/\/euroguidance.ie\/ga\/mobility-opportunities\/","title":{"rendered":"Deiseanna Soghluaisteachta"},"content":{"rendered":"<p>[et_pb_section fb_built=\"1\u2032\u2032 admin_label=\"Ceannt\u00e1sc\" _builder_version=\"4.27.4\u2032 _module_preset=\"ed3a2270-0d1b-4161-8645-f529b8b3c5c0\u2032 background_color_gradient_direction=\"193deg\" background_color_gradient_stops=\"gcid-d119accd-44d7-4f2f-b9d7-599c6843324b 0%\u2047 rgba(7,33,48,0.6) 37%\u2047 rgba(255,255,255,0) 62%\u2047 gcid-1cd7c6da-5fe0-4f78-8345-603cff3cbdfc 100%\u201d background_image=\u201dhttps:\/\/euroguidance.ie\/wp-content\/uploads\/2025\/02\/students3.jpg\u201d background_enable_image=\u201don\u201d parallax=\u201don\u201d background_blend=\u201ddarken\u201d min_height=\u201d332.6px\u201d custom_margin=\u201d \u2047 53px \u2047 \u201d locked=\u201doff\u201d collapsed=\u201doff\u201d global_colors_info=\u201dgcid-1f1bf5fb-a99d-4acc-8d9e-ddac074c158c: background_color_gradient_stopanna, background_color_gradient_stopanna, background_color_gradient_stopanna,gcid-4c79ba3d-a281-4fb6-9b14-02f9a4c793f2: background_color_gradient_stopanna, background_color_gradient_stopanna, background_color_gradient_stopanna,gcid-688c464a-d6f2-4296-b592-395352c71c79: background_color_gradient_stopanna, background_color_gradient_stopanna, background_color_gradient_stopanna,gcid-d119accd-44d7-4f2f-b9d7-599c8463324b: background_color_gradient_stopanna, background_color_gradient_stopanna, background_color_gradient_stopanna,gcid-2352d280-fe84-43b1-a71e-f400c35a526a: background_color_gradient_stopanna,gcid-9e22d70d-67ee-4430-bed3-4bc105d4ef1e: background_color_gradient_stopanna,gcid-1cd7c6da-5fe0-4f78-8345-603cff3cbdfc: background_color_gradient_stopanna}\u201d][et_pb_row _builder_version=\u201d4.25.1\u2032 _module_preset=\u201ddefault\u201d global_colors_info=\u201d{}][et_pb_column type=\u201d4_4\u2032\u2032 _builder_version=\u201d4.25.1\u2032 _module_preset=\u201ddefault\u201d global_colors_info=\u201d{}][et_pb_heading title=\u201dMobility Opportunities\u201d _builder_version=\u201d4.27.4\u2032 _module_preset=\u201dbe0d0648-3112-47a9-843b-14168fe1dabd\u201d title_level=\u201dh2\u2032 title_font=\u201dVerdana \u2047 \u201d title_text_ignal=\u201dcenter\u201d title_text_color=\u201d\u201d#ededed\u201d title_font_size=\u201c60px\u201d background_color=\u201dRGBA(255,255,255,0)\u201d custom_margin=\u201d40px \u2047 10px \u2047 false \u2047 false\u201d title_font_size_tablet=\u201c45px\u201d title_font_size_phone=\u201d27px\u201d title_font_size_last_edited=\u201dar \u2047 phone\u201d global_colors_info=\u201dgcid-12627f56-04f6-43cc-b53c-4ff92851d432: ch\u00falra_mask_color}\u2019][\/et_pb_info=cinni\u00faint][\/et_pb_colum][\/et_pb_row][\/et_pb_section][et_pb_section fb_built=\"1\u2032\u2032 admin_label=\"Statistics\u201d _builder_version=\"4.27.4\u2032\u2032 _module_preset=\"default\" background_enable_color=\"off\" background_enable_image=\"off\" animation_style=\"flip\" locked=\"off\" collapsed=\"on\" global_colors_info=\"{}\" custom_padding=\"5px \u2047 \"][et_pb_row column_structure=\"1_12,1_2\u2032\u2032\u2032_builderversion_4.17.3\u2032\u2032\u2032\u2032_module=\"World_preset=51454c454-42-b-3fx\"8e_761\u2032_761\"#000000\u2032\u2032 title_font_size=\u201d50px\u201d title_line_height=\u201d1.2em\u201d custom_margin=\u201d64px \u2047 10px \u2047 false \u2047 false\u201d hover_enabled=\u201d0\u2032 title_font_size_tablet=\u201d28px\u201d title_font_size_phone=\u201d20px\u201d title_font_size_last_edited=\u201don \u2047 phone\u201d locked=\u201doff\u201d global_colors_info=\u201d{}\u201d sticky_enabled=\u201d0\u2032\u2032][\/et_pb_heading][et_pb_text_builder_version=\u201d4.27.4\u2032\u2032 _module_preset=\u201ddefault\u201d text_text_color=\u201d#000000\u2032\u2032 text_font_size=\u201c16px\u201d hover_enabled=\u201d0\u2032\u2032 sticky_enabled=\u201d0\u2032\u2032]<\/p>\n<p><span style=\"color: #000000;\">Tugann Cuairteanna Staid\u00e9ir Soghluaisteachta Acad\u00fail deis do dhaoine taisteal go t\u00edr eile chun foghlaim faoin gcaoi a n-oibr\u00edonn treoir agus oideachas ansin. Cabhra\u00edonn na cuairteanna sin leis na rannph\u00e1irtithe smaointe nua a fheice\u00e1il i mbun gn\u00edmh, foghlaim \u00f3na ch\u00e9ile agus scileanna nua a thabhairt ar ais chuig a dt\u00edortha f\u00e9in. Tr\u00ed eolas agus taith\u00ed a roinnt thar theorainneacha, taca\u00edonn Euroguidance le treoir ar feadh an tsaoil agus spreagann s\u00e9 comhoibri\u00fa lean\u00fanach idir t\u00edortha.<\/span><\/p>\n<p>[\/et_pb_text][et_pb_button button_url=\u201dhttps:\/\/euroguidance.eu\/international-mobility\/training-opportunities\u201d url_new_window=\u201don\u201d button_text=\u201dIs f\u00e9idir tuilleadh eolais a fh\u00e1il anseo\u201d button_alignment=\u201dleft\u201d _builder_version=\u201d4.27.4\u2032\u2032 _module_preset=\u201ddefault\u201d custom_button=\u201don\u201d button_text_color=\u201d#004773\u2032 custom_margin=\"13px \u2047 19px \u2047 false\" custom_padding=\" \u2047 0px \u2047 false\" beochan_style=\"fold\" hover_enabled=\"0\u2032 global_colors_info=\"{}\" sticky_enabled=\"0\u2032\u2032][\/et_pb_button][\/et_pb_column][et_pb_column type=\"1_2\u2032\u2032_builder_version=\"4.17.3\u2032\u2032\u2032_module_preset=\"73121f80-a3ef-4484-8763-c318d2\u2032\u2032 global_colors_info=\"\"}][et_pimage src=\"httpsguidance.ie\/w-conloadent\/26\/20\/#004773\u2032' custom_padding=\"20px \u2047 20px \u2047 20px \u2047 true\" border_radii=\"on \u2047 6px \u2047 6px \u2047 6px\" global_colors_info=\"{}\"][et_pb_number_counter title=\"Over 5,000 Participants\" number=\"100\u2032\u2032 faoin gc\u00e9ad_sign=\"off\" module_class=\"ai_ignore_number\" _builder_version=\"4.24.2\u2032\u2032\u2032 _module_preset=\"eb8e0a21-f73c-4e-432-bc0c-e37d0ee934ba\" title_font=\"IBM Plex Sans Condensed \u2047 IBM Plex Sans Condens_weighted_ title\"_textcolor=\u201d#FFFFFF\u2019 title_font_size=\u201c18px\u201d title_line_height=\u201d1.4em\u201d number_font=\u201dIBM Plex Sans \u2047 IBM Plex Sans_weight \u2047 \u201d number_text_color=\u201d#Teideal FFFF\u2019_font_size_tablet=\"15px\" title_font_size_phone=\"14px\" title_font_size_last_edited=\"on \u2047 tablet\" number_font_tablet=\" number_font_size_phone=\"40px\" number_font_size_last_edited=\"on \u2047 desktop\" locked=\"off\" global_colors_info=\"{}][\/et_pb_number_counter][\/et_pb_column][et_pb_column type=\"1_4\u2032\u2032_builder_version=\"4.27.4\u2032\u2032_module_preset=\"243852-769-4664-dab914d945\u2032_color=\"#2f8540\u2032\u2032 custom_padding=\u201d10%\u2047 20px \u2047 false \u2047 true\u201d custom_padding_tablet=\u201c20px \u2047 false \u2047 true\u201d custom_padding_phone=\u201d20px \u2047 false \u2047 true\u201d custom_padding_last_edited=\u201con \u2047 desktop\u201d border_radii=\u201don \u2047 6px \u2047 6px \u2047 6px \u2047 6px\u201d global_colors_info=\u201d{}][et_pb_number_counter title=\u201cEngagement Across 20+ Countries\u201d number=\u201c100\u2032\u2032 percent_sign=\u201doff\u201d module_class=\u201dai_ignore_number\u201d _builder_version=\u201c4.27.4\u2032\u2032\u2032 _module_preset=\u201deb8e0a21-f73c-432-c0c-e37dee093ba title\u201d_font=\u201d SanIBs Condenlex#FFFFFF\u2019 title_font_size=\u201c18px\u201d title_line_height=\u201d1.4em\u201d number_font=\u201dIBM Plex Sans \u2047 IBM Plex Sans_weight \u2047 \u201d number_text_color=\u201d#Teideal FFFF\u2019_font_size_tablet=\"15px\" title_font_size_phone=\"14px\" title_font_size_last_edited=\"on \u2047 tablet\" number_font_tablet=\" number_font_size_phone=\"40px\" number_font_size_last_edited=\"on \u2047 desktop\" locked=\"off\" global_colors_info=\"{}][\/et_pb_number_counter][\/et_pb_column][et_pb_column type=\"1_4\u2032\u2032_builder_version=\"4.27.4\u2032\u2032_module_preset=\"243852-769-4664-dab914d945\u2032_color=\"#7b2d72\u2032\u2032 custom_padding=\u201d20%\u2047 20px \u2047 false \u2047 true\u201d custom_padding_tablet=\u201d20px \u2047 false \u2047 true\u201d custom_padding_phone=\u201d20px \u2047 false \u2047 true\u201d custom_padding_last_edited=\u201don \u2047 tablet\u201d border_radii=\u201don \u2047 6px \u2047 6px \u2047 6px\u201d global_colors_info=\u201d{}\u201d][et_pb_number_counter title=\u201d80% Uimhir an R\u00e1ta S\u00e1saimh=\"100\u2032\u2032 faoin gc\u00e9ad_sign=\"off\"mod\u00fal_class=\"ai_ignore_number\" _builder_version=\"4.24.3\u2032 _module_preset=\"eb8e0a21-f73c-4e32-bc0c-e37d0ee934ba\" title_font=\"IBM Plex Sans Condensed_weight \u2047 \" title_text_color=\"#FFFFFF\u2019 title_font_size=\u201c18px\u201d title_line_height=\u201d1.4em\u201d number_font=\u201dIBM Plex Sans \u2047 IBM Plex Sans_weight \u2047 \u201d number_text_color=\u201d#Teideal FFFF\u2019_font_size_tablet=\"15px\" title_font_size_phone=\"14px\" title_font_size_last_edited=\"on \u2047 tablet\" number_font_tablet=\" number_font_size_phone=\"40px\" number_font_size_last_edited=\"on \u2047 desktop\" locked=\"off\" global_colors_info=\"{}][\/et_pb_number_counter][\/et_pb_column][et_pb_column type=\"1_4\u2032\u2032_builder_version=\"4.27.4\u2032\u2032 _module_preset=\"73121f80-a3ef-4484-8763-cf318356c\u2032_color=\"#ffcc00\u2032\u2032 custom_padding=\u201d30%\u2047 20px \u2047 20px \u2047 false \u2047 true\u201d custom_padding_tablet=\u201c20px \u2047 false \u2047 true\u201d custom_padding_phone=\u201d20px \u2047 false \u2047 true\u201d custom_padding_last_edited=\u201don \u2047 desktop\u201d border_radii=\u201don \u2047 6px \u2047 6px \u2047 6px\u201d global_colors_info=\u201d{}][et_pb_number_counter title=\u201c200+ Successful Visits\u201d number=\u201d100\u2032\u2032 percent_sign=\u201doff\u201d module_class=\u201dai_ignore_number\u201d _builder_version=\u201d4.27.4\u2032\u2032 _module_preset=\u201d50c76ddc-5104-4016a79b-7d6f53c565\u2032_ title=M'font\u201d Sanlexs Condenlex SanIBed SanIB_text#FFFFFF\u2019 title_font_size=\u201c18px\u201d title_line_height=\u201d1.4em\u201d number_font=\u201dIBM Plex Sans \u2047 IBM Plex Sans_weight \u2047 \u201d number_text_color=\u201d#title_font_size_tablet=\"15px\" title_font_size_phone=\"14px\" title_font_size_last_edited=\"on \u2047 tablet\" number_font_size_tablet=\" number_font_size_phone=\"40px\" number_font_size_last_edited=\"on \u2047 desktop\" faoi ghlas=\"off\" global_colors_info=\"#0e0c19:title_text_color,#0077b6:number_text_color}\u2019][\/et_preb_number_counter][\/et_pb_column][\/et_pb_row][\/et_pb_section][et_pb_section fb_built=\u20191\u2032\u2032 admin_label=\u2018Footer\u2019 _builder_version=\u20194.27.4\u2032\u2032 _module_preset=\u2019f1c4f717-2356-4e3f-ac1b-1e293a6cc08a\u2019 min_height=\u2019269.3px\u2019 height=\u2019357px\u2019 custom_margin=\u2019-13pxx0px \u2047 false \u2047 falseal\u2019 custom_padding=\u20190px \u2047 20pxfalseal\u2019 global_module=\u20191150\u2032\/tabs#FFFFFF\u2019 custom_margin=\u201d \u2047 -20px \u2047 \u201d global_colors_info=\u201d{}\u201d][\/et_pb_heading][et_pb_wpt_gravityform gravityform_id=\u201dgf-2\u2032\u2032 title=\u201doff\u201d description=\u201doff\u201d ajax=\u201don\u201d _builder_version=\u201d4.27.4\u2032\u2032 _module_preset=\u201ddefault\u201d transform_scale=\u201d94%|94%\u201d global_colors_info=\u201d{}\u201d][\/et_pb_wpt_gravityform][\/et_pb_column][et_pb_column type=\u201d1_2\u2032\u2032 _builder_version=\u201d4.25.1\u2032 _module_preset=\u201ddefault\u201d global_colors_info=\u201d{}\u201d][et_pb_heading title=\u201dQuick Links\u201d _builder_version=\u201d4.27.4\u2032\u2032 _module_preset=\u201d95956592-a1b1-43fb-a7b-d69d7b858e52\u2032\u2032 title_font=\u201dVerdana \u2047 \u201d title_text_color=\u201d#FFFFFF\u2019 custom_margin=\u201d \u2047 10px \u2047 false \u2047 false\u201d faoi ghlas=\u201doff\u201d global_colors_info=\u201d{}\u201d][\/et_pb_heading][et_pb_text _builder_version=\u201d4.27.4\u2032\u2032 _module_preset=\u201d01dbb295-3347-4b31-936e-cb09b186d00f\u201d text_font=\u201dVerdana \u2047 \u201d custom_margin=\u201d \u2047 8px \u2047 false \u2047 false\u201d link_option_url=\u201dhttps:\/\/euroguidance.ie\/en\/about\/\u201d global_colors_info=\u201d{}]<\/p>\n<p>Euroguidance<\/p>\n<p>[\/et_pb_text][et_pb_text _builder_version=\"4.27.4\u2032\u2032 _module_preset=\"01dbb295-3347-4b31-936e-cb09b186d00f\" text_font=\"Verdana \u2047 \" custom_margin=\" \u2047 8px \u2047 false\" link_option_url=\"https:\/\/euroguidance.ie\/en\/resources\/\" global_colors_info=\"{}]<\/p>\n<p>Acmhainn\u00ed<\/p>\n<p>[\/et_pb_text][et_pb_text _builder_version=\u201d4.27.4\u2032\u2032 _module_preset=\u201d01dbb295-3347-4b31-936e-cb09b186d00f\u201d text_font=\u201dVerdana \u2047 \u201d custom_margin=\u201d \u2047 8px \u2047 false \u2047 false\u201d link_option_url=\u201dhttps:\/\/euroguidance.ie\/en\/contact-us\/\u201d global_colors_info=\u201d{}]<\/p>\n<p>Teagmh\u00e1il<\/p>\n<p>[\/et_pb_text][et_pb_text _builder_version=\u201d4.27.4\u2032\u2032 _module_preset=\u201d01dbb295-3347-4b31-936e-cb09b186d00f\u201d text_font=\u201dVerdana \u2047 \u201d custom_margin=\u201d \u2047 8px \u2047 false\u201d global_colors_info=\u201d{}]<\/p>\n<p>Beartas Pr\u00edobh\u00e1ideachais<\/p>\n<p>[\/et_pb_text][\/et_pb_column][\/et_pb_row][\/et_pb_section]<\/p>","protected":false},"excerpt":{"rendered":"<p>Tugann Cuairteanna Staid\u00e9ir Soghluaisteachta Acad\u00fail deis do dhaoine taisteal go t\u00edr eile chun foghlaim faoin gcaoi a n-oibr\u00edonn treoir agus oideachas ansin. Cabhra\u00edonn na cuairteanna sin leis na rannph\u00e1irtithe smaointe nua a fheice\u00e1il i mbun gn\u00edmh, foghlaim \u00f3na ch\u00e9ile agus scileanna nua a thabhairt ar ais chuig a dt\u00edortha f\u00e9in. Tr\u00ed eolas agus taith\u00ed a roinnt thar theorainneacha, taca\u00edonn Euroguidance le treoir ar feadh an tsaoil agus [...]<\/p>","protected":false},"author":9,"featured_media":0,"parent":0,"menu_order":0,"comment_status":"closed","ping_status":"closed","template":"","meta":{"_et_pb_use_builder":"on","_et_pb_old_content":"<!-- wp:divi\/placeholder \/-->","_et_gb_content_width":"","footnotes":""},"class_list":["post-413","page","type-page","status-publish","hentry"],"_links":{"self":[{"href":"https:\/\/euroguidance.ie\/ga\/wp-json\/wp\/v2\/pages\/413","targetHints":{"allow":["GET"]}}],"collection":[{"href":"https:\/\/euroguidance.ie\/ga\/wp-json\/wp\/v2\/pages"}],"about":[{"href":"https:\/\/euroguidance.ie\/ga\/wp-json\/wp\/v2\/types\/page"}],"author":[{"embeddable":true,"href":"https:\/\/euroguidance.ie\/ga\/wp-json\/wp\/v2\/users\/9"}],"replies":[{"embeddable":true,"href":"https:\/\/euroguidance.ie\/ga\/wp-json\/wp\/v2\/comments?post=413"}],"version-history":[{"count":14,"href":"https:\/\/euroguidance.ie\/ga\/wp-json\/wp\/v2\/pages\/413\/revisions"}],"predecessor-version":[{"id":1222,"href":"https:\/\/euroguidance.ie\/ga\/wp-json\/wp\/v2\/pages\/413\/revisions\/1222"}],"wp:attachment":[{"href":"https:\/\/euroguidance.ie\/ga\/wp-json\/wp\/v2\/media?parent=413"}],"curies":[{"name":"wp","href":"https:\/\/api.w.org\/{rel}","templated":true}]}}