{"id":390,"date":"2025-04-08T16:01:12","date_gmt":"2025-04-08T15:01:12","guid":{"rendered":"https:\/\/euroguidance.ie\/?page_id=390"},"modified":"2026-01-14T10:48:10","modified_gmt":"2026-01-14T10:48:10","slug":"study-in-ireland","status":"publish","type":"page","link":"https:\/\/euroguidance.ie\/ga\/study-in-ireland\/","title":{"rendered":"Staid\u00e9ar in \u00c9irinn"},"content":{"rendered":"<p>[et_pb_section fb_built=\"1\u2032\u2032 admin_label=\"Ceannt\u00e1sc\" _builder_version=\"4.27.4\u2032 _module_preset=\"ed3a2270-0d1b-4161-8645-f529b8b3c5c0\u2032 background_color_gradient_direction=\"193deg\" background_color_gradient_stops=\"gcid-d119accd-44d7-4f2f-b9d7-599c6843324b 0%\u2047 rgba(7,33,48,0.6) 37%\u2047 rgba(255,255,255,0) 62%\u2047 gcid-1cd7c6da-5fe0-4f78-8345-603cff3cbdfc 100%\u201d background_image=\u201dhttps:\/\/euroguidance.ie\/wp-content\/uploads\/2025\/02\/students3.jpg\u201d background_enable_image=\u201don\u201d parallax=\u201don\u201d background_blend=\u201ddarken\u201d min_height=\u201d332.6px\u201d custom_margin=\u201d \u2047 136px \u2047 \u201d locked=\u201doff\u201d collapsed=\u201doff\u201d global_colors_info=\u201dgcid-1f1bf5fb-a99d-4acc-8d9e-ddac074c158c: background_color_gradient_stopanna, background_color_gradient_stopanna, background_color_gradient_stopanna,gcid-4c79ba3d-a281-4fb6-9b14-02f9a4c793f2: background_color_gradient_stopanna, background_color_gradient_stopanna, background_color_gradient_stopanna,gcid-688c464a-d6f2-4296-b592-395352c71c79: background_color_gradient_stopanna, background_color_gradient_stopanna, background_color_gradient_stopanna,gcid-d119accd-44d7-4f2f-b9d7-599c8463324b: background_color_gradient_stopanna, background_color_gradient_stopanna, background_color_gradient_stopanna,gcid-2352d280-fe84-43b1-a71e-f400c35a526a: background_color_gradient_stopanna,gcid-9e22d70d-67ee-4430-bed3-4bc105d4ef1e: background_color_gradient_stopanna,gcid-1cd7c6da-5fe0-4f78-8345-603cff3cbdfc: background_color_gradient_stopanna}\u201d][et_pb_row _builder_version=\u201d4.25.1\u2032\u2032 _module_preset=\u201ddefault\u201d global_colors_info=\u201d{}][et_pb_column type=\u201d4_4\u2032\u2032 _builder_version=\u201d4.25.1\u2032 _module_preset=\u201ddefault\u201d global_colors_info=\u201d{}][et_pb_heading title=\u201dStaid\u00e9ar in \u00c9irinn\u201d _builder_version=\u201d4.27.4\u2032\u2032 _module_preset=\u201d0d0648-3112-47a9-843b-14168fe1dabd\u201d title_level=\u201dh2\u2032 title_font=\u201dVerdana \u2047 \u201d title_text_align=\u201dcenter\u201d title_text_color=\u201d\u201d#ededed\u201d title_font_size=\u201c60px\u201d background_color=\u201dRGBA(255,255,255,0)\u201d custom_margin=\u201d40px \u2047 10px \u2047 false \u2047 false\u201d title_font_size_tablet=\u201c45px\u201d title_font_size_phone=\u201d27px\u201d title_font_size_last_edited=\u201dar \u2047 phone\u201d global_colors_info=\u201dgcid-12627f56-04f6-43cc-b53c-4ff92851d432: ch\u00falra_mask_color}\u201d][\/et_pb_heading][\/et_pb_column][\/et_pb_row][\/et_pb_section][et_pb_section fb_built=\u201d1\u2032\u2032 admin_label=\u201cAbout\u201d _builder_version=\u201d4.25.1\u2032\u2032 _module_preset=\u201ddefault\u201d locked=\u201doff\u201d collapsed=\u201don\u201d global_colors_info=\u201d{}\u201d][et_pb_row column_structure=\u201d1_2,1_2\u2032\u2032 custom_padding_last_edited=\u201don \u2047 desktop\u201d _builder_version=\u201d4.27.4\u2032\u2032 _module_preset=\u201d048d8e79-b07f-439b-bd57-f41cf056a background_color=\u201d#FFFFFF\u2019 custom_margin=\u201d-88px \u2047 auto \u2047 \u2047 \u201d custom_padding=\u201d \u2047 30px \u2047 30px \u2047 false \u2047 true\u201d custom_padding_tablet=\u201d \u2047 30px \u2047 30px \u2047 false \u2047 true\u201d custom_padding_phone=\u201d \u2047 20px \u2047 false \u2047 true\u201d hover_enabled=\u201d0\u2032\u2032 border_radii=\u201don \u2047 6px \u2047 6px \u2047 6px\u201d global_colors_info=\u201d{}\u201d sticky_enabled=\u201d0\u2032\u2032\u2032][et_pb_column type=\u201d1_2\u2032\u2032\u2032\u2032 _builder_version=\u201c4.25.1\u2032\u2032\u2032 _module_preset=\u201ddefault\u201d global_colors_info=}\u201d[p_et_heading title= Ireland] _mod\u00fal_r\u00e9amhshocr\u00fa=\u201dc33f07d9-41e0-421a-8799-5799df695cce\u201d title_level=\u201dh2\u2032\u2032 title_font=\u201d-et_global_heading_font \u2047 IBM Plex Sans Condensed_weight \u2047 \u201d title_text_align=\u201dcenter\u201d title_text_color=\u201d#0e0c19\u2032 title_font_size=\u201d40px\u201d title_line_height=\u201d1.2em\u201d custom_margin=\u201d \u2047 10px \u2047 false \u2047 false\u201d title_font_size_tablet=\u201d28px\u201d title_font_size_phone=\u201d20px\u201d title_font_size_last_edited=\u201don \u2047 phone\u201d global_colors_info=\u201d{}][\/et_pb_heading][et_pb_text quote_border_color=\u201d#0077b6\u2032 _builder_version=\u201c4.27.4\u2032\u2032 _module_preset=\u201d2c55a9c4-beatha-423b-9edb-ae0b5b365cac\u201d text_font=\u201d \u2047 IBM Plex Sans_weight \u2047 \u201d text_text_color=\u201d#000000\u2032\u2032 text_line_height=\u201c1.75em\u201d link_font=\u201d \u2047 IBM Plex Sans_weight \u2047 \u201d link_text_color=\u201d#03045e\u2019 quote_font=\u201cIBM Plex Sans Condensed \u2047 IBM Plex Sans Condensed_weight \u2047 \u201d quote_text_color=\u201d#0e0c19\u2032\u2032 header_font=\u201d \u2047 IBM Plex Sans Condensed_weight \u2047 \u201d header_text_color=\u201d#000000\u2032\u2032 header_font_size= \u201c72px\u201d header_line_height=\u201d1.15em\u201d header_2_font=\u201dIBM Plex Sans Condensed \u2047 Plex Sans Condensed_weight \u2047 \u201d header_2_text_color=\u201d#Ceannt\u00e1sc 0e0c19\u2032\u2032_2_font_size= Ceannt\u00e1sc \u201850px\u2019_2_line_height= Ceannt\u00e1sc \u20181.2em\u2019_3_font=\u2019IBM Plex Sans Condensed \u2047 IBM Plex Sans Condensed_weight \u2047 \u2019 Ceannt\u00e1sc_3_text_color=\u2019#Ceannt\u00e1sc 0e0c19\u2032\u2032_3_font_size= Ceannt\u00e1sc \u201832px\u2019_3_line_height= Ceannt\u00e1sc \u20181.3em\u2019_4_font=\u2019IBM Plex Sans Condensed \u2047 IBM Plex Sans Condensed_weight \u2047 \u2019 Ceannt\u00e1sc_4_text_color=\u2019#Ceannt\u00e1sc 0e0c19\u2032\u2032_4_font_size= Ceannt\u00e1sc \u201824px\u2019_4_line_height= Ceannt\u00e1sc \u20181.4em\u2019_5_font=\u2019IBM Plex Sans Condensed \u2047 IBM Plex Sans Condensed_weight \u2047 \u2019 Ceannt\u00e1sc_5_text_color=\u2019#Ceannt\u00e1sc 0e0c19\u2032\u2032_5_font_size= Ceannt\u00e1sc \u201818px\u2019_5_line_height= Ceannt\u00e1sc \u20181.4em\u2019_6_font=\u2019IBM Plex Sans Condensed \u2047 IBM Plex Sans Condensed_weight \u2047 \u2019 Ceannt\u00e1sc_6_text_color=\u2019#0e0c19\u2032\u2032 header_6_line_height=\u201d1.5em\u201d text_orientation=\u201dcenter\u201d custom_margin=\u201d \u2047 false \u2047 false\u201d hover_enabled=\u201d0\u2032 text_font_size_tablet=\u201c15px\u201d text_font_size_phone=\u201d14px\u201d text_font_size_last_edited=\u201don \u2047 phone\u201d header_font_size_tablet=\u201d40px\u201d header_font_size_phone=\u201d24px\u201d header_font_size_lastited=\u201don \u2047 desktop\u201d header_2_font_size_tablet=\u201c28p\u201d header_2_font_size_phone=\u201d20px header_2_font_foize_size_lasted=\u201c header_3_font_size_tablet=\"22px\" header_3_font_size_phone=\"17px\" header_3_font_size_last_edited=\"on \u2047 phone\" header_4_font_size_tablet=\"18px\" header_4_font_size_phone=\"15px\" header_4_font_size_last_edited=\"on \u2047 tablet\" header_5_font_size_tablet=\"15px\" header_5_font_size_phone=\"14px\" header_5_font_size_last_size_lasted=\"ondesktop\" header_6_font_size_tablet=\"13px\" header6_font_size_phone=\"13xx\" header_font_size_size_ global_colors_info=\u201d{}\u201d text_font_size=\u201d16px\u201d sticky_enabled=\u201d0\u2032\u2032]<\/p>\n<p><span style=\"color: #000000;\"><\/span><\/p>\n<p><span style=\"color: #000000;\"><\/span><\/p>\n<p><span style=\"color: #000000;\">Tugann staid\u00e9ar in \u00c9irinn deis duit taith\u00ed a fh\u00e1il ar ch\u00f3ras l\u00e1idir oideachais i dt\u00edr chairdi\u00fail nua-aimseartha. T\u00e1 c\u00e1il ar \u00c9irinn as f\u00e1ilte a chur roimh dhaoine agus as foghlaim ar ardchaighde\u00e1n a chur ar f\u00e1il. Cuireann s\u00e9 taca\u00edocht mhaith ar f\u00e1il freisin d'fhoghlaim ar feadh an tsaoil agus d'fhorbairt gairme, ag cabhr\u00fa le mic l\u00e9inn an treoir a theasta\u00edonn uathu a fh\u00e1il chun go n-\u00e9ireoidh go maith leo ina gcuid staid\u00e9ir agus ina ngairmeacha amach anseo.<\/span><\/p>\n<p><span style=\"color: #000000;\"><\/span><\/p>\n<p><span style=\"color: #000000;\"><\/span><\/p>\n<p>[\/et_pb_text][et_pb_button button_url=\u201dhttps:\/\/www.ireland.ie\/en\/study\/\u201d url_new_window=\u201don\u201d button_text=\u201dFaigh tuilleadh eolais anseo\u201d button_alignment=\u201ccenter\u201d _builder_version=\u201d4.27.4\u2032\u2032 _module_preset=\u201ddefault\u201d custom_button=\u201don\u201d button_text_color=\u201d#004773\u2032\u2032 global_colors_info=\"{}][\/et_pb_button][\/et_pb_column][et_pb_column type=\"1_2\u2032\u2032 _builder_version=\"4.25.1\u2032 _module_preset=\"default\" global_colors_info=\"}][et_pb_image src=\"https:\/\/euroguidance.ie\/wp-content\/uploads\/2025\/06\/Euroguidance-Ireland-2.png\" title_text=\"Euroguidance Ireland (2)\" _builder_version=\"4.27.4\u2032_module_preset=\"default\" global_colors_info=\"\"#FFFFFF\u2019 custom_margin=\u201d \u2047 -20px \u2047 \u201d global_colors_info=\u201d{}\u201d][\/et_pb_heading][et_pb_wpt_gravityform gravityform_id=\u201dgf-2\u2032\u2032 title=\u201doff\u201d description=\u201doff\u201d ajax=\u201don\u201d _builder_version=\u201d4.27.4\u2032\u2032 _module_preset=\u201ddefault\u201d transform_scale=\u201d94%|94%\u201d global_colors_info=\u201d{}\u201d][\/et_pb_wpt_gravityform][\/et_pb_column][et_pb_column type=\u201d1_2\u2032\u2032 _builder_version=\u201d4.25.1\u2032 _module_preset=\u201ddefault\u201d global_colors_info=\u201d{}\u201d][et_pb_heading title=\u201dQuick Links\u201d _builder_version=\u201d4.27.4\u2032\u2032 _module_preset=\u201d95956592-a1b1-43fb-a7b-d69d7b858e52\u2032\u2032 title_font=\u201dVerdana \u2047 \u201d title_text_color=\u201d#FFFFFF\u2019 custom_margin=\u201d \u2047 10px \u2047 false \u2047 false\u201d faoi ghlas=\u201doff\u201d global_colors_info=\u201d{}\u201d][\/et_pb_heading][et_pb_text _builder_version=\u201d4.27.4\u2032\u2032 _module_preset=\u201d01dbb295-3347-4b31-936e-cb09b186d00f\u201d text_font=\u201dVerdana \u2047 \u201d custom_margin=\u201d \u2047 8px \u2047 false \u2047 false\u201d link_option_url=\u201dhttps:\/\/euroguidance.ie\/en\/about\/\u201d]<\/p>\n<p>Euroguidance<\/p>\n<p>[\/et_pb_text][et_pb_text _builder_version=\u201d4.27.4\u2032\u2032 _module_preset=\u201d01dbb295-3347-4b31-936e-cb09b186d00f\u201d text_font=\u201dVerdana \u2047 \u201d custom_margin=\u201d \u2047 8px \u2047 false\u201d link_option_url=\u201dhttps:\/\/euroguidance.ie\/en\/resources\/\u201d]<\/p>\n<p>Acmhainn\u00ed<\/p>\n<p>[\/et_pb_text][et_pb_text _builder_version=\u201d4.27.4\u2032\u2032 _module_preset=\u201d01dbb295-3347-4b31-936e-cb09b186d00f\u201d text_font=\u201dVerdana \u2047 \u201d custom_margin=\u201d \u2047 8px \u2047 false\u201d link_option_url=\u201dhttps:\/\/euroguidance.ie\/en\/contact-us\/\u201d]<\/p>\n<p>Teagmh\u00e1il<\/p>\n<p>[\/et_pb_text][et_pb_text _builder_version=\u201d4.27.4\u2032\u2032 _module_preset=\u201d01dbb295-3347-4b31-936e-cb09b186d00f\u201d text_font=\u201dVerdana \u2047 \u201d custom_margin=\u201d \u2047 8px \u2047 false\u201d]<\/p>\n<p>Beartas Pr\u00edobh\u00e1ideachais<\/p>\n<p>[\/et_pb_text][\/et_pb_column][\/et_pb_row][\/et_pb_section]<\/p>","protected":false},"excerpt":{"rendered":"<p>Tugann staid\u00e9ar in \u00c9irinn deis duit taith\u00ed a fh\u00e1il ar ch\u00f3ras l\u00e1idir oideachais i dt\u00edr chairdi\u00fail nua-aimseartha. T\u00e1 c\u00e1il ar \u00c9irinn as f\u00e1ilte a chur roimh dhaoine agus as foghlaim ar ardchaighde\u00e1n a chur ar f\u00e1il. Cuireann s\u00e9 taca\u00edocht mhaith ar f\u00e1il freisin d'fhoghlaim ar feadh an tsaoil agus d'fhorbairt gairme, ag cabhr\u00fa le mic l\u00e9inn an treoir a theasta\u00edonn uathu a dh\u00e9anamh go maith ina gcuid staid\u00e9ir agus sa todhcha\u00ed [...]<\/p>","protected":false},"author":9,"featured_media":0,"parent":0,"menu_order":0,"comment_status":"closed","ping_status":"closed","template":"","meta":{"_et_pb_use_builder":"on","_et_pb_old_content":"<!-- wp:divi\/placeholder \/-->","_et_gb_content_width":"","footnotes":""},"class_list":["post-390","page","type-page","status-publish","hentry"],"_links":{"self":[{"href":"https:\/\/euroguidance.ie\/ga\/wp-json\/wp\/v2\/pages\/390","targetHints":{"allow":["GET"]}}],"collection":[{"href":"https:\/\/euroguidance.ie\/ga\/wp-json\/wp\/v2\/pages"}],"about":[{"href":"https:\/\/euroguidance.ie\/ga\/wp-json\/wp\/v2\/types\/page"}],"author":[{"embeddable":true,"href":"https:\/\/euroguidance.ie\/ga\/wp-json\/wp\/v2\/users\/9"}],"replies":[{"embeddable":true,"href":"https:\/\/euroguidance.ie\/ga\/wp-json\/wp\/v2\/comments?post=390"}],"version-history":[{"count":19,"href":"https:\/\/euroguidance.ie\/ga\/wp-json\/wp\/v2\/pages\/390\/revisions"}],"predecessor-version":[{"id":1296,"href":"https:\/\/euroguidance.ie\/ga\/wp-json\/wp\/v2\/pages\/390\/revisions\/1296"}],"wp:attachment":[{"href":"https:\/\/euroguidance.ie\/ga\/wp-json\/wp\/v2\/media?parent=390"}],"curies":[{"name":"wp","href":"https:\/\/api.w.org\/{rel}","templated":true}]}}