{"id":161,"date":"2018-08-16T14:34:19","date_gmt":"2018-08-16T13:34:19","guid":{"rendered":"https:\/\/euroguidance.ie\/?page_id=161"},"modified":"2026-01-20T12:30:10","modified_gmt":"2026-01-20T12:30:10","slug":"contact-us","status":"publish","type":"page","link":"https:\/\/euroguidance.ie\/ga\/contact-us\/","title":{"rendered":"D\u00e9an teagmh\u00e1il linn"},"content":{"rendered":"<p>[et_pb_section fb_built=\"1\u2032\u2032 admin_label=\"Ceannt\u00e1sc\" _builder_version=\"4.27.4\u2032 _module_preset=\"ed3a2270-0d1b-4161-8645-f529b8b3c5c0\u2032 background_color_gradient_direction=\"193deg\" background_color_gradient_stops=\"gcid-d119accd-44d7-4f2f-b9d7-599c6843324b 0%\u2047 rgba(7,33,48,0.6) 37%\u2047 rgba(255,255,255,0) 62%\u2047 gcid-1cd7c6da-5fe0-4f78-8345-603cff3cbdfc 100%\u201d background_image=\u201dhttps:\/\/euroguidance.ie\/wp-content\/uploads\/2025\/02\/students3.jpg\u201d background_enable_image=\u201don\u201d parallax=\u201don\u201d background_blend=\u201ddarken\u201d min_height=\u201d332.6px\u201d custom_margin=\u201d \u2047 53px \u2047 \u201d locked=\u201doff\u201d collapsed=\u201doff\u201d global_colors_info=\u201dgcid-1f1bf5fb-a99d-4acc-8d9e-ddac074c158c: background_color_gradient_stopanna, background_color_gradient_stopanna, background_color_gradient_stopanna,gcid-4c79ba3d-a281-4fb6-9b14-02f9a4c793f2: background_color_gradient_stopanna, background_color_gradient_stopanna, background_color_gradient_stopanna,gcid-688c464a-d6f2-4296-b592-395352c71c79: background_color_gradient_stopanna, background_color_gradient_stopanna, background_color_gradient_stopanna,gcid-d119accd-44d7-4f2f-b9d7-599c8463324b: background_color_gradient_stopanna, background_color_gradient_stopanna, background_color_gradient_stopanna,gcid-2352d280-fe84-43b1-a71e-f400c35a526a: background_color_gradient_stopanna,gcid-9e22d70d-67ee-4430-bed3-4bc105d4ef1e: background_color_gradient_stopanna,gcid-1cd7c6da-5fe0-4f78-8345-603cff3cbdfc: background_color_gradient_stopanna}\u201d][et_pb_row _builder_version=\u201d4.25.1\u2032 _module_preset=\u201ddefault\u201d global_colors_info=\u201d{}][et_pb_column type=\u201d4_4\u2032\u2032 _builder_version=\u201d4.25.1\u2032 _module_preset=\u201ddefault\u201d global_colors_info=\u201d{}][et_pb_heading title=\u201dEuroguidance FAQ\u201d _builder_version=\u201d4.27.4\u2032 _module_preset=\u201d0d0648-3112-47a9-843b-14168fe1dabd\u201d title_level=\u201dh2\u2032 title_font=\u201dVerdana \u2047 \u201d title_text_ignal=\u201dcenter\u201d title_text_color=\u201d\u201d#ededed\u201d title_font_size=\u201c60px\u201d background_color=\u201dRGBA(255,255,255,0)\u201d custom_margin=\u201d40px \u2047 10px \u2047 false \u2047 false\u201d custom_padding=\u201d \u2047 0px \u2047 \u201d title_font_size_tablet=\u201c45px\u201d title_font_size_phone=\u201d27px\u201d title_font_size_last_edited=\u201dar \u2047 phone\u201d global_colors_info=\u201d{gcid-12627f56-04f6-43cc-b53c-4ff92851d432: ch\u00falra_mask_color}\u201d][\/et_pb_heading][\/et_pb_column][\/et_pb_row][\/et_pb_section][et_pb_section fb_built=\u201d1\u2032\u2032 admin_label=\u201dFrequently Asked Questions\u201d _builder_version=\u201d4.27.4\u2032\u2032 _module_preset=\u201ddefault\u201d background_color=\u201d#FFFFFF\u2019 custom_margin=\u201d-60px \u2047 -14px \u2047 \u201d custom_padding=\u201d0px \u2047 \u201d beochan_style=\u201dzoom\u201d border_color_all=\u201d#\u2018FFFFFFF\u2019 faoi ghlas=\u2019off\u2019 thit =\u2019on\u2019 global_colors_info=\u2019{gcid-36fd78a7-34bc-404d-873c-dafa34efaae5:colorTosaigh,#0077b6: background_color_gradient_stopanna,#03045e: background_color_gradient_stopanna}\u201d][et_pb_row _builder_version=\u201d4.17.6\u2032\u2032 _module_preset=\u201d5138c454-be54-4233-bd3b-f8e6a8747976\u2032\u2032 faoi ghlas=\u201doff\u201d global_colors_info=\u201d{}\u201d][et_pb_column type=\u201d4_4\u2032\u2032 _builder_version=\u201d4.16\u2032\u2032 _module_preset=\u201d73121f80-a3ef-4484-8763-c3f18e3c56d2\u2032\u2032 global_colors_info=\u201d{}][et_pb_heading_builder_version=\u201d4.27.4\u2032\u2032 _module_preset=\u201dc3307f9-41e0-421a87-99-57d695cce\u201d title_level=\u201c2\u2032_font=\u201d Plex Sans Condensed_weight \u2047 \u201d title_text_align=\u201ccenter\u201d title_text_color=\u201d#000000\u2032\u2032 title_font_size=\u201d50px\u201d title_line_height=\u201d1.2em\u201d custom_margin=\u201d \u2047 10px \u2047 false\u201d title_font_size_tablet=\u201d28px\u201d title_font_size_phone=\u201d20px\u201d title_font_size_last_edited=\u201don \u2047 phone\u201d global_colors_info=\u201d{}][\/et_pb_heading][et_pb_text quote_border_color=\u201d#FFFFFF\u2019 _builder_version=\u201c4.27.4\u2032\u2032 _module_preset=\u201d0504de1e-f5ff-4281-ba60-cbbe4edf98bc\u201d text_font=\u201d \u2047 IBM Plex Sans_weight \u2047 \u201d text_text_color=\u201d#000000\u2032\u2032 text_font_size=\u201c16px\u201d text_line_height=\u201c1.75em\u201d link_font=\u201d \u2047 on \u2047 \u201d link_text_color=\u201d#FFFFFF\u2019 quote_font=\u201cIBM Plex Sans Condensed \u2047 IBM Plex Sans Condensed_weight \u2047 \u201d quote_text_color=\u201d#Ceannt\u00e1sc FFFFFF\u2019_font=\u201d \u2047 IBM Plex Sans Condensed_weight \u2047 \u201d header_text_color=\u201d#Ceannt\u00e1sc FFFFFF_font_size= Ceannt\u00e1sc_line_height= Ceannt\u00e1sc_2_font= \u201cIBM Plex Sans Condensed \u2047 \u201d Ceannt\u00e1sc_2_text_color=\u201d#Ceannt\u00e1sc FFFFFF_2_font_size= Ceannt\u00e1sc \u201850px\u2019_2_line_height= Ceannt\u00e1sc \u20181.2em\u2019_3_font= \u2018IBM Plex Sans Condensed \u2047 IBM Plex Sans Condensed_weight \u2047 \u2019 Ceannt\u00e1sc_3_text_color=\u2019#Ceannt\u00e1sc FFFFFF_3_font_size= Ceannt\u00e1sc \u201832px\u2019_3_line_height= Ceannt\u00e1sc \u20181.3em\u2019_4_font=\u2018IBM Plex Sans Condensed \u2047 IBM Plex Sans Condensed_weight \u2047 \u2019 Ceannt\u00e1sc_4_text_color=\u2019#Ceannt\u00e1sc FFFFFF_4_font_size= Ceannt\u00e1sc \u201824px\u2019_4_line_height= Ceannt\u00e1sc \u20181.4em\u2019_5_font= \u2018IBM Plex Sans Condensed \u2047 IBM Plex Sans Condensed_weight \u2047 \u2019 Ceannt\u00e1sc_5_text_color=\u2019#Ceannt\u00e1sc FFFFFF_5_font_size= Ceannt\u00e1sc \u201818px\u2019_5_line_height= Ceannt\u00e1sc \u20181.4em\u2019_6_font= \u2018IBM Plex Sans Condensed \u2047 IBM Plex Sans Condensed_weight \u2047 \u2019 Ceannt\u00e1sc_6_text_color=\u2019#Ceannt\u00e1sc FFFFFF_6_line_height=\"1.5em\" text_orientation=\"center\" custom_margin=\" \u2047 false \u2047 false\" text_font_size_tablet=\"15px\" text_font_size_phone=\"14px\" text_font_size_last_edited=\"on \u2047 phone\" header_font_size_tablet=\"40px\" header_font_size_phone=\"24px\" header_font_size_lastited=\"on \u2047 desktop\" header_2_font_size_tablet=\"28px\" header_2_font_size_phone=\"20px\" header_2_font_size_lastited_=\" header_font_tablet header_3_font_size_phone=\"17px\" header_3_font_size_last_edited=\"on \u2047 phone\" header_4_font_size_tablet=\"18px\" header_4_font_size_phone=\"15px\" header_4_font_size_last_edited=\"on \u2047 tablet\" header_5_font_size_tablet=\"15px\" header_5_font_size_phone=\"14px\" header_5_font_size_last_edited=\"on \u2047 desktop\" header_6_font_size_phone=\"13px\" header_6_font_size_phone=\"13px header6_font_size_size_lasted=\"#03045e:link_text_color,#0e0c19:header_text_color,header_4_text_color,header_3_text_color,header_2_text_color,header_5_text_color,header_6_text_color,quote_text_color,#0077b6:quote_border_color}\u201d]<\/p>\n<p>L\u00e9igh na Ceisteanna Coitianta th\u00edos, le do thoil, mar d'fh\u00e9adfadh siad do cheist a fhreagairt. Mura f\u00e9idir leat teacht ar an m\u00e9id at\u00e1 \u00e1 lorg agat, cuir isteach do chuid sonra\u00ed teagmh\u00e1la th\u00edos agus beimid s\u00e1sta cabhr\u00fa leat.<\/p>\n<p>[\/et_pb_text][\/et_pb_column][\/et_pb_row][et_pb_row custom_padding_last_edited=\u201don \u2047 phone\u201d _builder_version=\u201d4.27.4\u2032 _module_preset=\u201dc9cfaba2-2263-4f35-8227-8d16ca8bd1cc\u201d background_color=\u201d#FFFFFF\u2019 max_width=\u2018700px\u2019mod\u00fal_ail\u00edni\u00fa=\u2018l\u00e1r\u2019 min_airde=\u2019547.6px\u2019 custom_margin=\u2019-5px \u2047 auto \u2047 -5px \u2047 true \u2047 false\u2019 custom_padding=\u201830px \u2047 60px \u2047 60px \u2047 60px \u2047 true \u2047 true\u2019 custom_padding_tablet=\u2019 custom_padding_phone=\u2019 border_radii=\u2019on \u2047 6px \u2047 6px \u2047 6px\u2019 box_shadow_style=\u2019preset3\u2032 box_shadow_vertical=\u201924px\u2019 box_shadow_blur=\u201972px\u2019 box_shadow_spread=\u2019-12px\u2019 box_shadow_color=\u2019grba(0,0.12)#03045e\u2019 open_toggle_background_color=\u201dRGBA(255,255,255,0)\u201d closed_toggle_background_color=\u201dRGBA(255,255,255,0)\u201d toggle_icon=\u201d \u2047 fa \u2047 900\u2032\u2032 icon_color=\u201d#03045e\u2019 use_icon_font_size=\u201don\u201d _builder_version=\u201d4.27.4\u2032\u2032 _module_preset=\u201d73efbc9d-37bf-4f75-b3d8-498640ef079f\u201d toggle_text_color=\u201d#0e0c19\u2032\u2032 toggle_font=\u201d \u2047 IBM Plex Sans Condensed_weight \u2047 \u201d toggle_font_size=\u201c18px\u201d toggle_line_height=\u201d1.3em\u201d body_font=\u201d \u2047 IBM Plex Sans_weight \u2047 \u201d body_text_color=\u201d#000000\u2032\u2032 body_font_size=\u201d16px\u201d body_line_height=\u201d1.75em\u201d toggle_font_size_tablet=\u201d15px\u201d toggle_font_size_phone=\u201d14px\u201d toggle_font_size_last_edited=\u201con \u2047 phone\u201d body_font_size_tablet=\u201d15px\u201d body_font_size_phone=\u201d14px\u201d body_font_size_last_edited=\u201don \u2047 desktop\u201d border_radii=\u201don \u2047 6px \u2047 6px \u2047 6px\u201d border_width_all=\u201d2px\u201d border_color_all=\u201drgba(0,0,0,0.08)\u201d faoi ghlas=\u201coff\u201d global_color_info=\u201dgcid-36fd78a7-34bc-404d-873c-dafa34efaae5:quote_icon_color,icon_color,open_toggle_text_color,gcid-f2943306-fa6c-45f0-b632-5fc00151366a:icon_color,open_toggle_text_color,gcid-3e0ae39b-d026-4173-b444-0c785917aeff:body_text_color,gcid-828accbb-1ed2-407d-95be-20ab4e191566:border_color_all}\u201d][et_pb_accordion_item title=\u201dWhat is Euroguidance?\u201d open=\u201don\u201d closed_toggle_text_color=\u201d#000000\u2032\u2032 deilbh\u00edn_dath=\u201d#0C71C3\u2032\u2032 open_icon_color=\u201d#0C71C3\u2032 _builder_version=\u201d4.27.4\u2032\u2032 _module_preset=\u201d550abe5c-b505-4d6b-adc7-570bd7cc1217\u2032\u2032 body_font=\u201d \u2047 IBM Plex Sans_weight \u2047 \u201d body_text_color=\u201d#000000\u2032\u2032 body_font_size=\u201c16px\u201d global_colors_info=\u201d{}\u201d toggle_font=\u201d \u2047 IBM Plex Sans Condensed_weight \u2047 \u201d]<\/p>\n<p>L\u00edonra is ea Euroguidance a thaca\u00edonn le gairmthreoir agus le foghlaim ar feadh an tsaoil ar fud na hEorpa<\/p>\n<p>[\/et_pb_accordion_item][et_pb_accordion_item title=\u201dConas is f\u00e9idir le Euroguidance cabhr\u00fa liom?\u201d open_toggle_text_color=\u201d#000000\u2032\u2032 d\u00fanta_toggle_text_color=\u201d#000000\u2032\u2032 deilbh\u00edn_dath=\u201d#0C71C3\u2032\u2032 open_icon_color=\u201d#0C71C3\u2032 _builder_version=\u201d4.27.4\u2032\u2032 _module_preset=\u201d550abe5c-b505-4d6b-adc7-570bd7cc1217\u2032\u2032 body_font=\u201d \u2047 IBM Plex Sans_weight \u2047 \u201d body_text_color=\u201d#000000\u2032\u2032 body_font_size=\u201c16px\u201d global_colors_info=\u201d{}\u201d toggle_text_color=\u201d#000000\u2032\u2032 toggle_font=\u201d \u2047 IBM Plex Sans Condensed_weight \u2047 \u201d open=\u201doff\u201d]<\/p>\n<p>Cuireann Euroguidance acmhainn\u00ed agus treoirchomhairleoir\u00ed taca\u00edochta ar f\u00e1il do dhaoine at\u00e1 ag lorg comhairle gairme agus deiseanna oideachais<\/p>\n<p>[\/et_pb_accordion_item][et_pb_accordion_item title=\u201dC\u00e9 at\u00e1 in ann tairbhe a bhaint as seirbh\u00eds\u00ed Euroguidance?\u201d open_toggle_text_color=\u201d#000000\u2032\u2032 deilbh\u00edn_dath=\u201d#0C71C3\u2032\u2032 open_icon_color=\u201d#0C71C3\u2032 _builder_version=\u201d4.27.4\u2032\u2032 _module_preset=\u201d550abe5c-b505-4d6b-adc7-570bd7cc1217\u2032\u2032 body_font=\u201d \u2047 IBM Plex Sans_weight \u2047 \u201d body_text_color=\u201d#000000\u2032\u2032 global_colors_info=\u201d{}\u201d toggle_text_color=\u201d#000000\u2032\u2032 toggle_font=\u201d \u2047 IBM Plex Sans Condensed_weight \u2047 \u201d open=\u201doff\u201d]<\/p>\n<p>Baineann treoirchomhairleoir\u00ed tairbhe as Seirbh\u00eds\u00ed Euroguidance. T\u00e1 Euroguidance Ireland d\u00edrithe ar threoirchomhairleoir\u00ed a chleachtadh agus f\u00e9achann s\u00e9 le dea-chleachtais treorach a chur chun cinn.<\/p>\n<p>[\/et_pb_accordion_item][et_pb_accordion_item title=\u201dConas is f\u00e9idir liom fanacht cothrom le d\u00e1ta maidir le gn\u00edomha\u00edochta\u00ed Euroguidance?\u201d icon_color=\u201d#0C71C3\u2032\u2032 open_icon_color=\u201d#0C71C3\u2032 _builder_version=\u201d4.27.4\u2032\u2032 _module_preset=\u201d550abe5c-b505-4d6b-adc7-570bd7cc1217\u2032\u2032 body_font=\u201d \u2047 IBM Plex Sans_weight \u2047 \u201d body_text_color=\u201d#000000\u2032\u2032 body_font_size=\u201c16px\u201d global_colors_info=\u201d{}\u201d toggle_text_color=\u201d#000000\u2032\u2032 toggle_font=\u201d \u2047 IBM Plex Sans Condensed_weight \u2047 \u201d open=\u201doff\u201d]<\/p>\n<p>Is f\u00e9idir leat liost\u00e1il le nuachtlitir Euroguidance n\u00f3 Euroguidance a lean\u00faint ar na me\u00e1in sh\u00f3isialta chun na nuashonruithe agus na himeachta\u00ed is d\u00e9ana\u00ed a fh\u00e1il<\/p>\n<p>[\/et_pb_accordion_item][\/et_pb_accordion][\/et_pb_column][\/et_pb_row][\/et_pb_section][et_pb_section fb_built=\u201d1\u2033 _builder_version=\u201d4.27.4\u2033 _module_preset=\u201ddefault\u201d custom_padding=\u201d6px|||||\u201d global_colors_info=\u201d{}\u201d][et_pb_row _builder_version=\u201d4.27.4\u2033 _module_preset=\u201ddefault\u201d global_colors_info=\u201d{}\u201d][et_pb_column type=\u201d4_4\u2033 _builder_version=\u201d4.27.4\u2033 _module_preset=\u201ddefault\u201d global_colors_info=\u201d{}\u201d][et_pb_wpt_gravityform gravityform_id=\u201dgf-1\u2033 description=\u201doff\u201d ajax=\u201don\u201d _builder_version=\u201d4.27.5\u2033 _module_preset=\u201ddefault\u201d global_colors_info=\u201d{}\u201d][\/et_pb_wpt_gravityform][\/et_pb_column][\/et_pb_row][\/et_pb_section][et_pb_section fb_built=\u201d1\u2033 admin_label=\u201dFooter\u201d _builder_version=\u201d4.27.4\u2033 _module_preset=\u201df1c4f717-2356-4e3f-ac1b-1e293a6cc08a\u201d min_height=\u201d269.3px\u201d height=\u201d357px\u201d custom_margin=\u201d-13px||0px||false|false\u201d custom_padding=\u201d0px||20px||false|false\u201d global_module=\u201d1150\u2033 saved_tabs=\u201dall\u201d locked=\u201doff\u201d collapsed=\u201don\u201d global_colors_info=\u201d{}\u201d][et_pb_row column_structure=\u201d1_3,1_3,1_3\u2033 _builder_version=\u201d4.27.4\u2033 _module_preset=\u201ddefault\u201d custom_margin=\u201d|auto|-85px|auto||\u201d custom_padding=\u201d||7px||false|false\u201d locked=\u201doff\u201d global_colors_info=\u201d{}\u201d][et_pb_column type=\u201d1_3\u2033 _builder_version=\u201d4.25.1\u2033 _module_preset=\u201ddefault\u201d global_colors_info=\u201d{}\u201d][et_pb_heading title=\u201dSubcribe to our Newsletter\u201d _builder_version=\u201d4.27.4\u2033 _module_preset=\u201ddefault\u201d title_text_align=\u201dcenter\u201d title_text_color=\u201d#FFFFFF\u2019 custom_margin=\u201d \u2047 -20px \u2047 \u201d global_colors_info=\u201d{}\u201d][\/et_pb_heading][et_pb_wpt_gravityform gravityform_id=\u201dgf-2\u2032\u2032 title=\u201doff\u201d description=\u201doff\u201d ajax=\u201don\u201d _builder_version=\u201d4.27.4\u2032\u2032 _module_preset=\u201ddefault\u201d transform_scale=\u201d94%|94%\u201d global_colors_info=\u201d{}\u201d][\/et_pb_wpt_gravityform][\/et_pb_column][et_pb_column type=\u201d1_3\u2032\u2032 _builder_version=\u201d4.25.1\u2032 _module_preset=\u201ddefault\u201d global_colors_info=\u201d{}\u201d][et_pb_heading title=\u201dQuick Links\u201d _builder_version=\u201d4.27.4\u2032\u2032 _module_preset=\u201d95956592-a1b1-43fb-a7b-d69d7b858e52\u2032\u2032 title_font=\u201dVerdana \u2047 \u201d title_text_color=\u201d#Suite\u00e1il FFFFFF\u201d=\"none\" custom_margin=\" \u2047 10px \u2047 46px \u2047 false\" custom_padding=\" \u2047 55px \u2047 \" locked=\"off\" global_colors_info=\"{}\"][\/et_pb_heading][et_pb_text _builder_version=\"4.27.4\u2032 _module_preset=\"01dbb295-3347-4b31-936e-cb09b186d00f\" text_font=\"Verdana \u2047 \" custom_margin=\" \u2047 8px \u2047 false\" custom_padding=\" \u2047 75px \u2047 48px \u2047 \" link_option_url=\"httpseuro:\/\/guidance.ie\/en\/about]<\/p>\n<p>Euroguidance<\/p>\n<p>[\/et_pb_text][et_pb_text _builder_version=\u201d4.27.4\u2032\u2032 _module_preset=\u201d01dbb295-3347-4b31-936e-cb09b186d00f\u201d text_font=\u201dVerdana \u2047 \u201d custom_margin=\u201d \u2047 8px \u2047 50px \u2047 false\u201d custom_padding=\u201d \u2047 50px \u2047 \u201d link_option_url=\u201dhttps:\/\/euroguidance.ie\/en\/resources\/\u201d]<\/p>\n<p>Acmhainn\u00ed<\/p>\n<p>[\/et_pb_text][et_pb_text _builder_version=\u201d4.27.4\u2032\u2032 _module_preset=\u201d01dbb295-3347-4b31-936e-cb09b186d00f\u201d text_font=\u201dVerdana \u2047 \u201d custom_margin=\u201d \u2047 8px \u2047 49px \u2047 false\u201d custom_padding=\u201d \u2047 51px \u2047 \u201d link_option_url=\u201dhttps:\/\/euroguidance.ie\/en\/contact-us\/\u201d]<\/p>\n<p>Teagmh\u00e1il<\/p>\n<p>[\/et_pb_text][et_pb_text _builder_version=\u201d4.27.4\u2032\u2032 _module_preset=\u201d01dbb295-3347-4b31-936e-cb09b186d00f\u201d text_font=\u201dVerdana \u2047 \u201d custom_margin=\u201d \u2047 8px \u2047 51px \u2047 false\u201d custom_padding=\u201d \u2047 49px \u2047 \u201d link_option_url=\u201dhttps:\/\/euroguidance.ie\/privacy-statement\/\u201d]<\/p>\n<p>Beartas Pr\u00edobh\u00e1ideachais<\/p>\n<p>[\/et_pb_text][\/et_pb_column][et_pb_column type=\u201d1_3\u2032\u2032 _builder_version=\u201d4.25.1\u2032 _module_preset=\u201ddefault\u201d global_colors_info=\u201d}\u201d][et_pb_image src=\u201dhttps:\/\/euroguidance.ie\/wp-content\/uploads\/2026\/01\/EN_Co-Funded_by_the_EU_PANTONE-scaled.png\u201d alt=\u201dCo-Funded by European Union\u201d title_text=\u201dEN_Co-Funded_by_the_EU_PANTONE\u201d align=\u201dcenter\u201d _builder_version=\u201c4.27.4\u2032\u2032_module_preset=\u201cdefault\u201d global_colors_info=}\u201d]\/[p_etim]<\/p>","protected":false},"excerpt":{"rendered":"<p>L\u00e9igh na Ceisteanna Coitianta th\u00edos, le do thoil, mar d'fh\u00e9adfadh siad do cheist a fhreagairt. Mura bhfuil t\u00fa in ann teacht ar an m\u00e9id at\u00e1 \u00e1 lorg agat, cuir isteach do shonra\u00ed teagmh\u00e1la th\u00edos agus beimid s\u00e1sta cabhr\u00fa leat.Is l\u00edonra \u00e9 Euroguidance a thaca\u00edonn le gairmthreoir agus le foghlaim ar feadh an tsaoil ar fud EuropeEuroguidance a shol\u00e1thra\u00edonn acmhainn\u00ed agus a thaca\u00edonn le treoirchomhairleoir\u00ed do dhaoine aonair [...]<\/p>","protected":false},"author":4,"featured_media":0,"parent":0,"menu_order":0,"comment_status":"closed","ping_status":"closed","template":"","meta":{"_et_pb_use_builder":"on","_et_pb_old_content":"","_et_gb_content_width":"","footnotes":""},"class_list":["post-161","page","type-page","status-publish","hentry"],"_links":{"self":[{"href":"https:\/\/euroguidance.ie\/ga\/wp-json\/wp\/v2\/pages\/161","targetHints":{"allow":["GET"]}}],"collection":[{"href":"https:\/\/euroguidance.ie\/ga\/wp-json\/wp\/v2\/pages"}],"about":[{"href":"https:\/\/euroguidance.ie\/ga\/wp-json\/wp\/v2\/types\/page"}],"author":[{"embeddable":true,"href":"https:\/\/euroguidance.ie\/ga\/wp-json\/wp\/v2\/users\/4"}],"replies":[{"embeddable":true,"href":"https:\/\/euroguidance.ie\/ga\/wp-json\/wp\/v2\/comments?post=161"}],"version-history":[{"count":16,"href":"https:\/\/euroguidance.ie\/ga\/wp-json\/wp\/v2\/pages\/161\/revisions"}],"predecessor-version":[{"id":1397,"href":"https:\/\/euroguidance.ie\/ga\/wp-json\/wp\/v2\/pages\/161\/revisions\/1397"}],"wp:attachment":[{"href":"https:\/\/euroguidance.ie\/ga\/wp-json\/wp\/v2\/media?parent=161"}],"curies":[{"name":"wp","href":"https:\/\/api.w.org\/{rel}","templated":true}]}}