{"id":156,"date":"2018-08-16T14:33:54","date_gmt":"2018-08-16T13:33:54","guid":{"rendered":"https:\/\/euroguidance.ie\/?page_id=156"},"modified":"2026-01-16T12:39:25","modified_gmt":"2026-01-16T12:39:25","slug":"about","status":"publish","type":"page","link":"https:\/\/euroguidance.ie\/ga\/about\/","title":{"rendered":"Eolas faoi"},"content":{"rendered":"<p>[et_pb_section fb_built=\"1\u2032\u2032 admin_label=\"Ceannt\u00e1sc\" _builder_version=\"4.27.4\u2032 _module_preset=\"ed3a2270-0d1b-4161-8645-f529b8b3c5c0\u2032 background_color_gradient_direction=\"193deg\" background_color_gradient_stops=\"gcid-d119accd-44d7-4f2f-b9d7-599c6843324b 0%\u2047 rgba(7,33,48,0.6) 37%\u2047 rgba(255,255,255,0) 62%\u2047 gcid-1cd7c6da-5fe0-4f78-8345-603cff3cbdfc 100%\u201d background_image=\u201dhttps:\/\/euroguidance.ie\/wp-content\/uploads\/2025\/02\/students3.jpg\u201d background_enable_image=\u201don\u201d parallax=\u201don\u201d background_blend=\u201ddarken\u201d min_height=\u201d332.6px\u201d custom_margin=\u201d \u2047 53px \u2047 \u201d locked=\u201doff\u201d collapsed=\u201doff\u201d global_colors_info=\u201dgcid-1f1bf5fb-a99d-4acc-8d9e-ddac074c158c: background_color_gradient_stopanna, background_color_gradient_stopanna, background_color_gradient_stopanna,gcid-4c79ba3d-a281-4fb6-9b14-02f9a4c793f2: background_color_gradient_stopanna, background_color_gradient_stopanna, background_color_gradient_stopanna,gcid-688c464a-d6f2-4296-b592-395352c71c79: background_color_gradient_stopanna, background_color_gradient_stopanna, background_color_gradient_stopanna,gcid-d119accd-44d7-4f2f-b9d7-599c8463324b: background_color_gradient_stopanna, background_color_gradient_stopanna, background_color_gradient_stopanna,gcid-2352d280-fe84-43b1-a71e-f400c35a526a: background_color_gradient_stopanna,gcid-9e22d70d-67ee-4430-bed3-4bc105d4ef1e: background_color_gradient_stopanna,gcid-1cd7c6da-5fe0-4f78-8345-603cff3cbdfc: background_color_gradient_stopanna}\u201d][et_pb_row _builder_version=\u201d4.25.1\u2032 _module_preset=\u201ddefault\u201d global_colors_info=\u201d{}][et_pb_column type=\u201d4_4\u2032\u2032 _builder_version=\u201d4.25.1\u2032 _module_preset=\u201ddefault\u201d global_colors_info=\u201d{}][et_pb_heading title=\u201cAbout Euroguidance\u201d _builder_version=\u201d4.27.4\u2032\u2032 _module_preset=\u201dbe0d0648-3112-47a9-843b-14168fe1dabd\u201d title_level=\u201dh2\u2032 title_font=\u201dVerdana\u201d title_text_align=\u201dcenter\u201d title_text_color=\u201d\u201d#ededed\u201d title_font_size=\u201c60px\u201d background_color=\u201dRGBA(255,255,255,0)\u201d custom_margin=\u201d40px \u2047 10px \u2047 false \u2047 false\u201d title_font_size_tablet=\u201c45px\u201d title_font_size_phone=\u201d27px\u201d title_font_size_last_edited=\u201dar \u2047 phone\u201d global_colors_info=\u201dgcid-12627f56-04f6-43cc-b53c-4ff92851d432: ch\u00falra_mask_color}\u201d][\/et_pb_heading][\/et_pb_column][\/et_pb_row][\/et_pb_section][et_pb_section fb_built=\u201d1\u2032\u2032 admin_label=\u201dHeader &amp; Video\u201d _builder_version=\u201d4.27.4\u2032\u2032 _module_preset=\u201dc5be3703-3805-4818-8c09-ae7df35839e7\u2032 background_color=\u201d#custom_margin=\u201c \u2047 false \u2047 false\u201d custom_padding=\u201c64px \u2047 0px \u2047 \u201d faoi ghlas=\u201doff\u201d collapsed=\u201don\u201d global_colors_info=\u201d{gcid-1f1bf5fb-a99d-4acc-8d9e-ddac074c158c: background_color_gradient_stopanna, background_color_gradient_stopanna, background_color_gradient_stopanna, background_color_gradient_stopanna,gcid-a78660e1-cfc7-4771-a566-6834d6a7f06a: background_color_gradient_stopanna, background_color_gradient_stopanna, background_color_gradient_stopanna, background_color_gradient_stopanna,gcid-24b0db87-dafa-47d9-995f-b90181e18c52: background_color_gradient_stopanna, background_color_gradient_stopanna, background_color_gradient_stopanna, background_color_gradient_stopanna}\u201d][et_pb_row column_structure=\u201d3_5,2_5\u2033 _builder_version=\u201d4.27.4\u2033 _module_preset=\u201ddefault\u201d min_height=\u201d286.3px\u201d custom_margin=\u201d|auto|-16px|auto||\u201d custom_padding=\u201d||0px|||\u201d global_colors_info=\u201d{}\u201d][et_pb_column type=\u201d3_5\u2033 _builder_version=\u201d4.25.1\u2033 _module_preset=\u201ddefault\u201d global_colors_info=\u201d{}\u201d][et_pb_text _builder_version=\u201d4.27.5\u2033 _module_preset=\u201ddc5d4783-d2f9-4916-ad71-a1d795feca89\u2033 text_font=\u201d||||||||\u201d custom_padding=\u201d||0px|||\u201d hover_enabled=\u201d0\u2033 global_colors_info=\u201d{}\u201d sticky_enabled=\u201d0\u2033]<\/p>\n<p><span style=\"color: #000000;\">T\u00e1 Euroguidance Ireland \u00e1 \u00f3st\u00e1il ag Boird Oideachais agus Oili\u00fana na h\u00c9ireann agus t\u00e1 s\u00e9 ina bhall de L\u00edonra Euroguidance. Is l\u00edonra \u00e9 L\u00edonra Euroguidance d'ionaid n\u00e1isi\u00fanta acmhainn\u00ed agus faisn\u00e9ise do ghairmithe gairmthreorach. <\/span><\/p>\n<p><span style=\"color: #000000;\">Nascann l\u00edonra Euroguidance ar fud th\u00edortha na hEorpa na c\u00f3rais um Threora\u00edocht Gairme san Eoraip le ch\u00e9ile. Is \u00e9 pr\u00edomh-spriocghr\u00fapa Euroguidance cleacht\u00f3ir\u00ed treorach agus lucht d\u00e9anta beartas \u00f3 na hearn\u00e1lacha oideachais agus fosta\u00edochta araon i mBallst\u00e1it an AE agus an LEE agus i<\/span><span style=\"color: #000000;\">t\u00edortha is iarrth\u00f3ir\u00ed.<\/span><\/p>\n<p>[\/et_pb_text][\/et_pb_column][et_pb_column type=\u201d2_5\u2032\u2032 _builder_version=\u201d4.25.1\u2032 _module_preset=\u201ddefault\u201d global_colors_info=\u201d{}\u201d][et_pb_image src=\u201dhttps:\/\/euroguidance.ie\/wp-content\/uploads\/2026\/01\/Untitled-design-19.png\u201d alt=\u201dPeople working at desk\u201d title_text=\u201cUntitled design (19)\u201d _builder_version=\u201d4.27.4\u2032\u2032 _module_preset=\u201ddefault_margin=\u201d-58px \u2047 false\u201d animation_style=\u201d border_fold\u201d border_radii=\u201d \u2047 2pxpx2 \u2047#FFFFFF\u2019 global_colors_info=\u201d{}\u201d][\/et_pb_image][\/et_pb_column][\/et_pb_row][et_pb_row _builder_version=\u201d4.27.4\u2032\u2032 _module_preset=\u201ddefault\u201d custom_margin=\u201d-4px \u2047 auto \u2047  \u2047 \u201d custom_padding=\u201d0px \u2047 \u201d global_colors_info=\u201d{}\u201d][et_pb_column type=\u201d4_4\u2032\u2032\u2032 _builder_version=\u201d4.27.4\u2032\u2032 _module_preset=\u201ddefault\u201d global_colors_info=\u201d}][et_b_textbuilder_version=\u201d4.27.4\u2032\u2032 _module_preset=\u201d text_color=\u201d\u201d#000000\u2032\u2032 text_font_size=\u201c16px\u201d text_line_height=\u201d1em\u201d width=\u201d100%\u201d max_width=\u201d100%\u201dmod\u00fal_ail\u00edni\u00fa=\u201ccenter\u201d custom_margin=\u201d0px \u2047 false \u2047 false\u201d custom_padding=\u201d0px \u2047 \u201d global_colors_info=\u201d{}]<\/p>\n<p style=\"text-align: left;\"><span style=\"color: #800080;\"><strong>T\u00e1 tr\u00ed sprioc choiteanna ag ionaid Euroguidance:<\/strong><\/span><span style=\"color: #000000;\"><strong><\/strong><\/span><\/p>\n<p><span style=\"color: #000000;\">1. Tac\u00fa le forbairt na gn\u00e9 Eorpa\u00ed den treoir ar feadh an tsaoil<\/span><\/p>\n<p><span style=\"color: #000000;\">2. Tac\u00fa le forbairt inni\u00falachta cleacht\u00f3ir\u00ed treorach agus a bhfeasacht a ard\u00fa maidir le luach na soghluaisteachta idirn\u00e1isi\u00fanta<\/span><\/p>\n<p><span style=\"color: #000000;\">3. Faisn\u00e9is agus cumars\u00e1id a chur ar f\u00e1il maidir le gn\u00e9 Eorpach na treorach<\/span><\/p>\n<p>[\/et_pb_text][et_pb_button button_url=\u201dhttps:\/\/euroguidance.eu\/about-us\u201d url_new_window=\u201don\u201d button_text=\u201dFaigh amach n\u00edos m\u00f3 faoi ionaid Euroguidance anseo\u201d button_alignment=\u201dleft\u201d _builder_version=\u201d4.27.4\u2032\u2032 _module_preset=\u201ddefault\u201d custom_button=\u201don\u201d button_text_size=\u201d18px\u201d button_text_color=\u201d#004773\u2032\u2032 button_border_color=\u201d#004773\u2032\u2032 button_icon_color=\u201d#004773\u2032 button_on_hover=\u201doff\u201d global_colors_info=\u201d{}\u201d][\/et_pb_button][\/et_pb_column][\/et_pb_row][et_pb_row _builder_version=\u201d4.27.4\u2032\u2032 _module_preset=\u201ddefault\u201d global_colors_info=\u201d{}][et_pb_column type=\u201d4_4\u2032\u2032 _builder_version=\u201d4.27.4\u2032\u2032 _module_preset=\u201ddefault\u201d global_colors_info=\u201d\u201c{}][et_pb_divider color=\u201d#004773\u2032 _builder_version=\u201d4.27.4\u2032\u2032 _module_preset=\u201ddefault\u201d global_colors_info=\u201d{}][\/et_pb_divider][\/et_pb_column][\/et_pb_row][\/et_pb_section][et_pb_section fb_built=\u201d1\u2032\u2032 admin_label=\u201dServices\u201d _builder_version=\u201d4.17.6\u2032\u2032 _module_preset=\u201ddefault\u201d custom_padding=\u201d5px \u2047 \u201d locked=\u201doff\u201d collapsed=\u201don\u201d global_colors_info_info=\u201d{}][et_pbrow_ column_structure=\u201d1_1,12\u2032_builder_version=\u201d4.17.6\u2032\u2032\u2032\u2032\u2032_module_preset=\u201d513845c4-42-54b-3-f887\u2032679\u203276 global_colors_info=\u201d{}\u201d][et_pb_column type=\u201d1_2\u2032\u2032 _builder_version=\u201d4.17.3\u2032 _module_preset=\u201d73121f80-a3ef-4484-8763-c3f18e3c56d2\u2032\u2032 global_colors_info=\u201c{}\u201d][et_pb_image src=\u201dhttps:\/\/images.unsplash.com\/photo-1557424120-32c81c3d50e3?ixid=M3w1ODkyNzF8MHwxfHNYXJHw2fHxwcm9mZXNzaW9uYWwlMj0ZWFd29ya3xlbnwfD8fHwxNQzM0M0D2DB2DB2DB2DB2DB2DB2DB2DB2;ixlib=rb-4.0.3&amp;fm=webp&amp;fit=crop&amp;crop=entropy&amp;w=800&amp;h=1080&amp;q=20&amp;dpr=2\u2032\u2032 title_text=\"800\u00d71080\u2032\u2032 _builder_version=\"4.25.2\u2032 _module_preset=\"1cc6152f-565c-4c4d-b0c9-cf8c9576c341\u2032 border_radii=\"on \u2047 6px \u2047 6px \u2047 6px\" box_shadow_style=\"preset3\u2032 box_shadow_vertical=\"40p\"x\" box_shadow_blur=\"112p\" box_shadx\" box_shadowspread=\"-24x\" box_hadow_ba=\"0,0,0.12)\u201d faoi ghlas=\u201doff\u201d global_colors_info=\u201d{}\u201d][\/et_pb_image][\/et_pb_column][et_pb_column type=\u201d1_2\u2032\u2032 _builder_version=\u201d4.17.3\u2032 _module_preset=\u201d73121f80-a3ef-4484-8763-c3f18e3c56d2\u2032 global_colors_info=\u201d{}\u201d][et_pb_heading title=\u201dEuroguidance Services\u201d _builder_version=\u201d4.27.4\u2032\u2032 _module_preset=\u201dc33f07d9-41e0-421a-8799-5799df695cce\u201d title_level=\u201dh2\u2032 title_fo_600\u201d title_text_text=\u201dtext_colorer\u201d title=\u201d title=\u201d#0e0c19\u2032 title_font_size=\u201d26px\u201d title_line_height=\u201d1.2em\u201d custom_margin=\u201d \u2047 10px \u2047 false \u2047 false\u201d title_font_size_tablet=\u201c28px\u201d title_font_size_phone=\u201c20px\u201d title_font_size_last_edited=\u201don \u2047 phone\u201d locked=\u201doff\u201d global_colors_info=\u201d{}\u201d][\/et_pb_heading][et_pb_text quote_border_color=\u201d#0077b6\u2032 _builder_version=\u201c4.27.4\u2032\u2032 _module_preset=\u201d2c55a9c4-beatha-423b-9edb-ae0b5b365cac\u201d text_font=\u201dIBM Plex Sans \u2047 IBM Plex Sans_weight \u2047 \u201d text_text_color=\u201d#3c3a47\u2032\u2032 text_font_size= \u201c16px\u201d text_line_height=\u201d1.75em\u201d link_font=\u201d \u2047 IBM Plex Sans_weight \u2047 \u201d link_text_color=\u201d#03045e\u2019 quote_font=\u201cIBM Plex Sans Condensed \u2047 IBM Plex Sans Condensed_weight \u2047 \u201d quote_text_color=\u201d#0e0c19\u2032\u2032 header_font=\u201cIBM Plex Sans Condensed \u2047 IBM Plex Sans Condensed_weight \u2047 \u201d header_text_color=\u201d#Ceannt\u00e1sc 0e0c19\u2032\u2032_font_size= Ceannt\u00e1sc \u201872px\u2019_line_height= Ceannt\u00e1sc \u20181.15em\u2019_2_font=\u2019IBM Plex Sans Condensed \u2047  Plex Sans Condensed_weight \u2047 \u2019 Ceannt\u00e1sc_2_text_color=\u2019#Ceannt\u00e1sc 0e0c19\u2032\u2032_2_font_size= Ceannt\u00e1sc \u201850px\u2019_2_line_height= Ceannt\u00e1sc \u20181.2em\u2019_3_font=\u2019IBM Plex Sans Condensed \u2047 IBM Plex Sans Condensed_weight \u2047 \u2019 Ceannt\u00e1sc_3_text_color=\u2019#Ceannt\u00e1sc 0e0c19\u2032\u2032_3_font_size= Ceannt\u00e1sc \u201832px\u2019_3_line_height= Ceannt\u00e1sc \u20181.3em\u2019_4_font=\u2019IBM Plex Sans Condensed \u2047 IBM Plex Sans Condensed_weight \u2047 \u2019 Ceannt\u00e1sc_4_text_color=\u2019#Ceannt\u00e1sc 0e0c19\u2032\u2032_4_font_size= Ceannt\u00e1sc \u201824px\u2019_4_line_height= Ceannt\u00e1sc \u20181.4em\u2019_5_font=\u2019IBM Plex Sans Condensed \u2047 IBM Plex Sans Condensed_weight \u2047 \u2019 Ceannt\u00e1sc_5_text_color=\u2019#Ceannt\u00e1sc 0e0c19\u2032\u2032_5_font_size= Ceannt\u00e1sc \u201818px\u2019_5_line_height= Ceannt\u00e1sc \u20181.4em\u2019_6_font=\u2019IBM Plex Sans Condensed \u2047 IBM Plex Sans Condensed_weight \u2047 \u2019 Ceannt\u00e1sc_6_text_color=\u2019#0e0c19\u2032\u2032 header_6_line_height=\u201d1.5em\u201d custom_margin=\u201d \u2047 false \u2047 false\u201d text_font_size_tablet=\u201c15px\u201d text_font_size_phone=\u201c14px\u201d text_font_size_last_edited=\u201con \u2047 phone\u201d header_font_size_tablet=\u201c40px\u201d header_font_size_phone=\u201d24px\u201d header_font_size_last_ed=\u201don \u2047 desktop\u201d header_2_font_size_tablet=\u201c28px\u201d header_2_font_size_phone=\u201d20px\u201d header_font_ header_3_font_size_last_edited=\"on \u2047 phone\" header_4_font_size_tablet=\"18px\" header_4_font_size_phone=\"15px\" header_4_font_size_last_edited=\"on \u2047 tablet\" header_5_font_size_tablet=\"15px\" header_5_font_size_phone=\"14px\" header_5_font_size_last_edited=\"on \u2047 desktop\" header_6_font_size_tablet=\"13px\" header_6_font_size_phone=\"13px\" header_6_font_ize_size_lasted=\"ondesktop\" locked\"=\"world_info_info=\"World_info=}\u201d\u201d<\/p>\n<p style=\"text-align: center;\"><span style=\"color: #000000;\">F\u00e9ach leat an r\u00e9imse seirbh\u00eds\u00ed at\u00e1 deartha chun tac\u00fa le gairmithe treorach agus le daoine aonair at\u00e1 ag lorg forbairt gairme.<\/span><\/p>\n<p>[\/et_pb_text][et_pb_accordion open_toggle_text_color=\u201d#03045e\u2019 open_toggle_background_color=\u201dRGBA(255,255,255,0)\u201d closed_toggle_background_color=\u201dRGBA(255,255,255,0)\u201d toggle_icon=\u201d \u2047 fa \u2047 900\u2032\u2032 icon_color=\u201d#03045e\u2019 use_icon_font_size=\u201don\u201d _builder_version=\u201d4.27.4\u2032\u2032 _module_preset=\u201d73efbc9d-37bf-4f75-b3d8-498640ef079f\u201d toggle_text_color=\u201d#0e0c19\u2032\u2032 toggle_font=\u201dIBM Plex Sans Condensed \u2047 IBM Plex Sans Condensed_weight \u2047 \u201d toggle_font_size=\u201d18px\u201d toggle_line_eight=\u201d1.3em\u201d body_font=\u201dIBM Plex Sans \u2047 IBM Plex Sans_weight \u2047 \u201d body_text_color=\u201d#3c3a47\u2032\u2032 body_font_size=\u201d16px\u201d body_line_height=\u201d1.75em\u201d toggle_font_size_tablet=\u201d15px\u201d toggle_font_size_phone=\u201d14px\u201d toggle_font_size_last_edited=\u201don \u2047 phone\u201d body_font_size_tablet=\u201d15px\u201d body_font_size_phone=\u201d14px\u201d body_font_size_last_edited=\u201don \u2047 desktop\u201d border_radii=\u201con \u2047 6px \u2047 6px \u2047 6px \u2047 6px\u201d border_width_all=\u201d2px\u201d border_color_all=\u201drgba(0,0,0,0.08)\u201d global_color_info=\u201dgcid-36fd78a7-34bc-404d-873c-dafa34efaae5:quote_icon_color,gcid-3e0ae39b-d026-4173-b444-0c785917aeff:body_text_color}\u201d][et_pb_accordion_item title=\u201dCeardlanna um Fhorbairt Ghairmi\u00fail\u201d open=\u201don\u201d closed_toggle_text_color=\u201d#000000\u2032\u2032 deilbh\u00edn_dath=\u201d#0C71C3\u2032\u2032 open_icon_color=\u201d#0C71C3\u2032 _builder_version=\u201d4.27.4\u2032\u2032 _module_preset=\u201d550abe5c-b505-4d6b-adc7-570bd7cc1217\u2032\u2032 body_font=\u201d \u2047 IBM Plex Sans_weight \u2047 \u201d body_text_color=\u201d#000000\u2032\u2032 global_colors_info=\u201d{}\u201d toggle_font=\u201d \u2047 IBM Plex Sans Condensed_weight \u2047 \u201d]<\/p>\n<p>Ceardlanna a thairiscint a thugann na huirlis\u00ed agus na modheola\u00edochta\u00ed is d\u00e9ana\u00ed do threoirchomhairleoir\u00ed chun feabhas a chur ar a gcleachtas<\/p>\n<p>[\/et_pb_accordion_item][et_pb_accordion_item title=\u201dLeabharlann Acmhainn\u00ed\u201d closed_toggle_text_color=\u201d#000000\u2032\u2032 deilbh\u00edn_dath=\u201d#0C71C3\u2032\u2032 open_icon_color=\u201d#0C71C3\u2032 _builder_version=\u201d4.27.4\u2032\u2032 _module_preset=\u201d550abe5c-b505-4d6b-adc7-570bd7cc1217\u2032\u2032 body_font=\u201d \u2047 IBM Plex Sans_weight \u2047 \u201d body_text_color=\u201d#000000\u2032\u2032 global_colors_info=\u201d{}\u201d toggle_font=\u201d \u2047 IBM Plex Sans Condensed_weight \u2047 \u201d open=\u201doff\u201d]<\/p>\n<p>Rochtain a fh\u00e1il ar bhaili\u00fach\u00e1n \u00e1bhar agus foilseach\u00e1n a thugann l\u00e9argas ar chleachtais agus ar bheartais treora\u00edochta ar fud na hEorpa<\/p>\n<p>[\/et_pb_accordion_item][et_pb_accordion_item title=\u201dDeiseanna L\u00edonraithe\u201d closed_toggle_text_color=\u201d#000000\u2032\u2032 deilbh\u00edn_dath=\u201d#0C71C3\u2032\u2032 open_icon_color=\u201d#0C71C3\u2032 _builder_version=\u201d4.27.4\u2032\u2032 _module_preset=\u201d550abe5c-b505-4d6b-adc7-570bd7cc1217\u2032\u2032 body_font=\u201d \u2047 IBM Plex Sans_weight \u2047 \u201d body_text_color=\u201d#000000\u2032\u2032 global_colors_info=\u201d{}\u201d toggle_font=\u201d \u2047 IBM Plex Sans Condensed_weight \u2047 \u201d open=\u201doff\u201d]<\/p>\n<p>Imeachta\u00ed Eorpacha chun teagmh\u00e1il a dh\u00e9anamh le gairmithe treorach chun taith\u00ed agus eolas i r\u00e9imse na treorach a roinnt<\/p>\n<p>[\/et_pb_accordion_item][et_pb_accordion_item title=\u201dTaca\u00edocht Soghluaisteachta Idirn\u00e1isi\u00fanta\u201d closed_toggle_text_color=\u201d#000000\u2032\u2032 deilbh\u00edn_dath=\u201d#0C71C3\u2032\u2032 open_icon_color=\u201d#0C71C3\u2032 _builder_version=\u201d4.27.4\u2032\u2032 _module_preset=\u201d550abe5c-b505-4d6b-adc7-570bd7cc1217\u2032\u2032 body_font=\u201d \u2047 IBM Plex Sans_weight \u2047 \u201d body_text_color=\u201d#000000\u2032\u2032 global_colors_info=\u201d{}\u201d toggle_font=\u201d \u2047 IBM Plex Sans Condensed_weight \u2047 \u201d open=\u201doff\u201d]<\/p>\n<p>Faigh c\u00fanamh agus eolas faoi dheiseanna chun staid\u00e9ar n\u00f3 obair a dh\u00e9anamh thar lear<\/p>\n<p>[\/et_pb_optionion_item][\/et_pb_accordion][\/et_pb_column][\/et_pb_row][\/et_pb_section][et_pb_section fb_built=\"1\u2032\u2032 admin_label=\"Footer\" _builder_version=\"4.27.4\u2032 _module_preset=\"f1c4f717-2356-4e3f-ac1b-1e293a6cc08a\" min_height=\"269.3px\" height=\"357px\" custom_margin\"-13px0pxfalse \u2047 fal\" custom_padding=\"0px20pxfalsealseal\" global_module=\"50\u2032\"s\"coigta=\"glas\"doff1\" global\"#FFFFFF\u2019 custom_margin=\u201d \u2047 -20px \u2047 \u201d global_colors_info=\u201d{}\u201d][\/et_pb_heading][et_pb_wpt_gravityform gravityform_id=\u201dgf-2\u2032\u2032 title=\u201doff\u201d description=\u201doff\u201d ajax=\u201don\u201d _builder_version=\u201d4.27.4\u2032\u2032 _module_preset=\u201ddefault\u201d transform_scale=\u201d94%|94%\u201d global_colors_info=\u201d{}\u201d][\/et_pb_wpt_gravityform][\/et_pb_column][et_pb_column type=\u201d1_3\u2032\u2032 _builder_version=\u201d4.25.1\u2032 _module_preset=\u201ddefault\u201d global_colors_info=\u201d{}\u201d][et_pb_heading title=\u201dQuick Links\u201d _builder_version=\u201d4.27.4\u2032\u2032 _module_preset=\u201d95956592-a1b1-43fb-a7b-d69d7b858e52\u2032\u2032 title_font=\u201dVerdana \u2047 \u201d title_text_color=\u201d#Suite\u00e1il FFFFFF\u201d=\"none\" custom_margin=\" \u2047 10px \u2047 46px \u2047 false\" custom_padding=\" \u2047 55px \u2047 \" locked=\"off\" global_colors_info=\"{}\"][\/et_pb_heading][et_pb_text _builder_version=\"4.27.4\u2032 _module_preset=\"01dbb295-3347-4b31-936e-cb09b186d00f\" text_font=\"Verdana \u2047 \" custom_margin=\" \u2047 8px \u2047 false\" custom_padding=\" \u2047 75px \u2047 48px \u2047 \" link_option_url=\"httpseuro:\/\/guidance.ie\/en\/about]<\/p>\n<p>Euroguidance<\/p>\n<p>[\/et_pb_text][et_pb_text _builder_version=\u201d4.27.4\u2032\u2032 _module_preset=\u201d01dbb295-3347-4b31-936e-cb09b186d00f\u201d text_font=\u201dVerdana \u2047 \u201d custom_margin=\u201d \u2047 8px \u2047 50px \u2047 false\u201d custom_padding=\u201d \u2047 50px \u2047 \u201d link_option_url=\u201dhttps:\/\/euroguidance.ie\/en\/resources\/\u201d]<\/p>\n<p>Acmhainn\u00ed<\/p>\n<p>[\/et_pb_text][et_pb_text _builder_version=\u201d4.27.4\u2032\u2032 _module_preset=\u201d01dbb295-3347-4b31-936e-cb09b186d00f\u201d text_font=\u201dVerdana \u2047 \u201d custom_margin=\u201d \u2047 8px \u2047 49px \u2047 false\u201d custom_padding=\u201d \u2047 51px \u2047 \u201d link_option_url=\u201dhttps:\/\/euroguidance.ie\/en\/contact-us\/\u201d]<\/p>\n<p>Teagmh\u00e1il<\/p>\n<p>[\/et_pb_text][et_pb_text _builder_version=\u201d4.27.4\u2032\u2032 _module_preset=\u201d01dbb295-3347-4b31-936e-cb09b186d00f\u201d text_font=\u201dVerdana \u2047 \u201d custom_margin=\u201d \u2047 8px \u2047 51px \u2047 false\u201d custom_padding=\u201d \u2047 49px \u2047 \u201d link_option_url=\u201dhttps:\/\/euroguidance.ie\/privacy-statement\/\u201d]<\/p>\n<p>Beartas Pr\u00edobh\u00e1ideachais<\/p>\n<p>[\/et_pb_text][\/et_pb_column][et_pb_column type=\u201d1_3\u2032\u2032 _builder_version=\u201d4.25.1\u2032 _module_preset=\u201ddefault\u201d global_colors_info=\u201d}\u201d][et_pb_image src=\u201dhttps:\/\/euroguidance.ie\/wp-content\/uploads\/2026\/01\/EN_Co-Funded_by_the_EU_PANTONE-scaled.png\u201d alt=\u201dCo-Funded by European Union\u201d title_text=\u201dEN_Co-Funded_by_the_EU_PANTONE\u201d align=\u201dcenter\u201d _builder_version=\u201c4.27.4\u2032\u2032_module_preset=\u201cdefault\u201d global_colors_info=}\u201d]\/[p_etim]<\/p>","protected":false},"excerpt":{"rendered":"<p>T\u00e1 Euroguidance Ireland \u00e1 \u00f3st\u00e1il ag Boird Oideachais agus Oili\u00fana na h\u00c9ireann agus t\u00e1 s\u00e9 ina bhall de L\u00edonra Euroguidance. Is l\u00edonra \u00e9 L\u00edonra Euroguidance d'ionaid n\u00e1isi\u00fanta acmhainn\u00ed agus faisn\u00e9ise do ghairmithe gairmthreorach. Nascann l\u00edonra Euroguidance ar fud th\u00edortha na hEorpa na c\u00f3rais um Threora\u00edocht Gairme san Eoraip le ch\u00e9ile. Is \u00e9 pr\u00edomh-spriocghr\u00fapa Euroguidance [...]<\/p>","protected":false},"author":4,"featured_media":0,"parent":0,"menu_order":0,"comment_status":"closed","ping_status":"closed","template":"","meta":{"_et_pb_use_builder":"on","_et_pb_old_content":"","_et_gb_content_width":"","footnotes":""},"class_list":["post-156","page","type-page","status-publish","hentry"],"_links":{"self":[{"href":"https:\/\/euroguidance.ie\/ga\/wp-json\/wp\/v2\/pages\/156","targetHints":{"allow":["GET"]}}],"collection":[{"href":"https:\/\/euroguidance.ie\/ga\/wp-json\/wp\/v2\/pages"}],"about":[{"href":"https:\/\/euroguidance.ie\/ga\/wp-json\/wp\/v2\/types\/page"}],"author":[{"embeddable":true,"href":"https:\/\/euroguidance.ie\/ga\/wp-json\/wp\/v2\/users\/4"}],"replies":[{"embeddable":true,"href":"https:\/\/euroguidance.ie\/ga\/wp-json\/wp\/v2\/comments?post=156"}],"version-history":[{"count":28,"href":"https:\/\/euroguidance.ie\/ga\/wp-json\/wp\/v2\/pages\/156\/revisions"}],"predecessor-version":[{"id":1394,"href":"https:\/\/euroguidance.ie\/ga\/wp-json\/wp\/v2\/pages\/156\/revisions\/1394"}],"wp:attachment":[{"href":"https:\/\/euroguidance.ie\/ga\/wp-json\/wp\/v2\/media?parent=156"}],"curies":[{"name":"wp","href":"https:\/\/api.w.org\/{rel}","templated":true}]}}