{"id":154,"date":"2018-08-16T14:33:46","date_gmt":"2018-08-16T13:33:46","guid":{"rendered":"https:\/\/euroguidance.ie\/?page_id=154"},"modified":"2026-01-21T09:30:56","modified_gmt":"2026-01-21T09:30:56","slug":"home","status":"publish","type":"page","link":"https:\/\/euroguidance.ie\/ga\/","title":{"rendered":"Baile"},"content":{"rendered":"<p>[et_pb_section fb_built=\"1\u2032\u2032 admin_label=\"Ceannt\u00e1sc\" _builder_version=\"4.27.4\u2032 _module_preset=\"ed3a2270-0d1b-4161-8645-f529b8b3c5c0\u2032 background_color_gradient_direction=\"193deg\" background_color_gradient_stops=\"gcid-d119accd-44d7-4f2f-b9d7-599c6843324b 0%\u2047 rgba(7,33,48,0.6) 37%\u2047 rgba(255,255,255,0) 62%\u2047 gcid-1cd7c6da-5fe0-4f78-8345-603cff3cbdfc 100%\u201d background_image=\u201dhttps:\/\/euroguidance.ie\/wp-content\/uploads\/2025\/02\/students3.jpg\u201d background_enable_image=\u201don\u201d parallax=\u201don\u201d background_blend=\u201ddarken\u201d collapsed=\u201doff\u201d global_colors_info=\u201d{gcid-1f1bf5fb-a99d-4acc-8d9e-ddac074c158c: background_color_gradient_stopanna, background_color_gradient_stopanna, background_color_gradient_stopanna,gcid-4c79ba3d-a281-4fb6-9b14-02f9a4c793f2: background_color_gradient_stopanna, background_color_gradient_stopanna, background_color_gradient_stopanna,gcid-688c464a-d6f2-4296-b592-395352c71c79: background_color_gradient_stopanna, background_color_gradient_stopanna, background_color_gradient_stopanna,gcid-d119accd-44d7-4f2f-b9d7-599c8463324b: background_color_gradient_stopanna, background_color_gradient_stopanna, background_color_gradient_stopanna,gcid-2352d280-fe84-43b1-a71e-f400c35a526a: background_color_gradient_stopanna,gcid-9e22d70d-67ee-4430-bed3-4bc105d4ef1e: background_color_gradient_stopanna,gcid-1cd7c6da-5fe0-4f78-8345-603cff3cbdfc: background_color_gradient_stopanna}\u201d][et_pb_row _builder_version=\u201d4.25.1\u2032 _module_preset=\u201ddefault\u201d global_colors_info=\u201d{}][et_pb_column type=\u201d4_4\u2032\u2032 _builder_version=\u201d4.25.1\u2032 _module_preset=\u201ddefault\u201d global_colors_info=\u201d{}][et_pb_heading title=\u201dEuroguidance Ireland\u201d _builder_version=\u201d4.27.4\u2032 _module_preset=\u201d0d0648-3112-47a9-843b-14168fe1dabd\u201d title_level=\u201dh2\u2032 title_font=\u201dVerdana \u2047 \u201d title_text_ignal=\u201dcenter\u201d title_text_color=\u201d\u201d#ededed\u201d title_font_size=\"60px\" background_color=\"RGBA(255,255,255,0)\" custom_margin=\" \u2047 10px \u2047 false \u2047 false\" title_font_size_tablet=\"45px\" title_font_size_phone=\"27px\" title_font_size_last_edited=\"ar \u2047 phone\" global_colors_info=\"gcid-12627f56-04f6-43cc-b53c-4ff92851d432: ch\u00falra_mask_color}\u201d][\/et_pb_heading][et_pb_text _builder_version=\u201d4.27.5\u2032\u2032 _module_preset=\u201d7620dd4e-e1ca-4165-8cd6-4f8210a1bc1b\u201d text_font=\u201dVerdana \u2047 \u201d text_text_color=\u201d#f7f7\u2032\u2032 header_font=\u201cVerdana \u2047 \u201d background_color=\u201dRGBA(255,255,255,0)\u201d text_orientation=\u201dcenter\u201d custom_padding=\u201d \u2047 70px \u2047 70px \u2047 false \u2047 true\u201d custom_padding_tablet=\u201d \u2047 70px \u2047 70px \u2047 false \u2047 true\u201d custom_padding_phone=\u201d \u2047 0px \u2047 0px \u2047 false \u2047 true\u201d custom_padding_last_edited=\u201don \u2047 phone\u201d global_colors_info=\u201d{}]<\/p>\n<p>Is l\u00edonra Eorpach de l\u00e1rionaid n\u00e1isi\u00fanta acmhainn\u00ed agus faisn\u00e9ise le haghaidh treorach \u00e9 Euroguidance.<\/p>\n<p>[\/et_pb_text][\/et_pb_column][\/et_pb_row][et_pb_row column_structure=\u201d1_4,1_4,1_4\u2032\u2032 use_custom_gutter=\u201don\u201d gutter_width=\u201d2\u2032\u2032 _builder_version=\u201d4.27.4\u2032\u2032 _module_preset=\u201ddefault\u201d width=\u201d90%\u201d max_width=\u201d1275px\u201d global_colors_info=\u201d{}\u201d][et_pb_column type=\u201d1_4\u2032\u2032 _builder_version=\u201d4.27.4\u2032 _module_preset=\u201df9288338-930c-488b-8d98-cc7cb5d29f2e\u201d background_color=\u201d#add2ca\u201d link_option_url=\u201dhttps:\/\/euroguidance.ie\/en\/euroguidance\/\u201d global_colors_info=\u201d{}][et_pb_icon font_icon=\u201d \u2047 fa \u2047 400\u2032\u2032 icon_color=\u201d#FFFFFF\u2019 icon_width=\u201d50px\u201d url=\u201dhttps:\/\/euroguidance.ie\/en\/about\/\u201d align=\u201dleft\u201d _builder_version=\u201d4.27.4\u2032 _module_preset=\u201ddefault\u201d global_colors_info=\u201d{}][\/et_pb_icon][et_pb_heading title=\u201dAbout\u201d url=\u201dhttps:\/\/euroguidance.ie\/en\/about\/\u201d _builder_version=\u201d4.27.4\u2032 _module_preset=\u201d238eef0d-0926-44ee-9018-60c9f1e12f1e\u201d title_font=\u201dVeranad \u2047 \u201d title_text_color=\u201d#C\u00falra FFFFFF\u2019_enable_image=\u201coff\u201d custom_margin=\u201d \u2047 10px \u2047 false \u2047 false\u201d global_colors_info=\u201d{}][\/et_pb_heading][et_pb_icon font_icon=\u201d$\u2047 divi \u2047 400\u2032\u2032 deilbh\u00edn_dath=\u201d#FFFFFF\u2019 icon_width=\u201d40px\u201d url=\u201dhttps:\/\/euroguidance.ie\/en\/about\/\u201d align=\u201dleft\u201d _builder_version=\u201d4.27.4\u2032 _module_preset=\u201ddefault\u201d global_colors_info=\u201d{}\u201d][\/et_pb_icon][\/et_pb_column][et_pb_column type=\u201d1_4\u2032 _builder_version=\u201d4.27.4\u2032\u2032 _module_preset=\u201d29b78c64-6b59-467e-9968-13a0f68ee676\u2032 c\u00falra_color=\u201dgcid-ca53c0be-29-42d0-8e0-74151f2c69\u2032\u2032nasc_optionur_option=l\u201dhttps:\/\/euroguidance\/ie-study-land-land_color\/ global_info=\u201dgcid-ca53c0be-2af9-42d0-b8e0-74151f2f69c6: ch\u00falra_dath}\u201d][et_pb_icon font_icon=\u201db \u2047 divi \u2047 400\u2032\u2032 icon_color=\u201d#FFFFFF\u2019 icon_width=\u201d50px\u201d url=\u201dhttps:\/\/euroguidance.ie\/en\/study-in-ireland\/\u201d align=\u201dleft\u201d _builder_version=\u201d4.27.4\u2032\u2032 _module_preset=\u201ddefault\u201d global_colors_info=\u201d{}\u201d][\/et_pb_icon][et_pb_heading title=\u201dIreland\u201d url=\u201dhttps:\/\/euroguidance.ie\/en\/study-in-ireland\/\u201d _builder_version=\u201d4.27.4\u2032\u2032 _module_preset=\u201d238eef0d-0926-44ee-9018-60c9f1e1e\u201d title_font=\u201dVerdana\u201d title_text=\u201d#FFFFFF\u2019 custom_margin=\u201d \u2047 10px \u2047 false \u2047 false\u201d global_colors_info=\u201d{}\u201d][\/et_pb_heading][et_pb_icon font_icon=\u201d$\u2047 divi \u2047 400\u2032\u2032 deilbh\u00edn_dath=\u201d#FFFFFF\u2019 icon_width=\u201d40px\u201d url=\u201dhttps:\/\/euroguidance.ie\/en\/study-in-ireland\/\u201d align=\u201dleft\u201d _builder_version=\u201d4.27.4\u2032\u2032 _module_preset=\u201ddefault\u201d global_colors_info=\u201d{}\u201d][\/et_pb_icon][\/et_pb_column][et_pb_column type=\u201d1_4\u2032\u2032 _builder_version=\u201d4.2\u2032\u2032 _module_preset=\u201d29b78c64-6b59-467e-9968-13a0f68ee676\u2032\u2032 background_color=\u201dgid-5e57cc30-55c4-40-83b9-fb94554a\u201d global_color_info=\u201dgcid-5e57cc30-55c4-4047-83b9-fb915c4554aa: ch\u00falra_dath}\u201d][et_pb_icon font_icon=\u201di \u2047 divi \u2047 400\u2032\u2032 icon_color=\u201d#FFFFFF\u2019 icon_width=\u201c50px\u201d url=\u201dhttps:\/\/euroguidance.ie\/en\/mobility-opportunities\/\u201d align=\u201dleft\u201d _builder_version=\u201d4.27.4\u2032 _module_preset=\u201ddefault\u201d global_colors_info=\u201d{}\u201d][\/et_pb_icon][et_pb_heading title=\u201dMobility\u201d url=\u201dhttps:\/\/euroguidance.ie\/en\/mobility-opportunities\/\u201d _builder_version=\u201d4.27.4\u2032\u2032 _module_preset=\u201d238eef0d-0926-44ee-9018-60c9f1e12f1e\u201d title_font=\u201dVerdana\u201d title_text=\u201d#FFFFFF\u2019 custom_margin=\u201d \u2047 10px \u2047 false \u2047 false\u201d global_colors_info=\u201d{}\u201d][\/et_pb_heading][et_pb_icon font_icon=\u201d$\u2047 divi \u2047 400\u2032\u2032 deilbh\u00edn_dath=\u201d#FFFFFF\u2019 icon_width=\u201d40px\u201d url=\u201dhttps:\/\/euroguidance.ie\/en\/mobility-opportunities\/\u201d align=\u201dleft\u201d _builder_version=\u201d4.27.4\u2032 _module_preset=\u201ddefault\u201d global_colors_info=\u201d{}\u201d][\/et_pb_icon][\/et_pb_column][et_pb_column type=\u201d1_4\u2032 _builder_version=\u201d4.27.4\u2032\u2032 _module_preset=\u201d29b78c64-6b59-467e-9968-13a0f68ee676\u2032\u2032 background_color=\u201dgid-22c0a80a-61a-4a1-84b-6ec5c0f075\u2032 link_option_ur=\u201d:\/\/guidanceie\/en_source\/info_colors\u201dgcid-22c0a80a-a61a-4aa1-84b8-6eec5cb0f475: ch\u00falra_dath}\u201d][et_pb_icon font_icon=\u201dn \u2047 divi \u2047 400\u2032\u2032 icon_color=\u201d#FFFFFF\u2019 icon_width=\u201d50px\u201d url=\u201dhttps:\/\/euroguidance.ie\/en\/resources\/\u201d align=\u201dleft\u201d _builder_version=\u201d4.27.4\u2032 _module_preset=\u201ddefault\u201d global_colors_info=\u201d{}][\/et_pb_icon][et_pb_heading title=\u201dResources\u201d url=\u201dhttps:\/\/euroguidance.ie\/en\/resources\/\u201d _builder_version=\u201d4.27.4\u2032 _module_preset=\u201d238eef0d-0926-44ee-9018-60c9f1e1e\u201d title_font=\u201dVerdana \u2047 \u201d title_text_color=\u201d#FFFFFF\u2019 custom_margin=\u201d \u2047 10px \u2047 false \u2047 false\u201d global_colors_info=\u201d{}\u201d][\/et_pb_heading][et_pb_icon font_icon=\u201d$\u2047 divi \u2047 400\u2032\u2032 deilbh\u00edn_dath=\u201d#FFFF\u2019 icon_set_width=\"40px\" url=\"https:\/\/euroguidance.ie\/en\/resources\/\u201d align=\"left\" _builder_version=\"4.27.4\u2032 _module_preset=\"default\" global_colors_info=\"{}][\/et_pb_colum][\/et_pb_row][\/et_pb_section][et_pb_sectionb_built=\"1\u2032\u2032 admin_label=\"Programs\" _builder_version=\"4.25.1\u2032\" _module_preset=\"1c432-40d-942a-6ff861062c07\u2032_margin=\"%\u201d custom_margin=\u201d \u2047 false \u2047 false\u201d beochan_style=\u201dslide\u201d global_colors_info=\u201d{}][\/et_pb_image][et_pb_text _builder_version=\u201d4.27.4\u2032\u2032 _module_preset=\u201d7620dd4e-e1ca-4165-8cd6-4f8210a1bc1b\u201d text_font=\u201d \u2047 \u201d header_text_align=\u201ccenter\u201d module_alignment=\u201ccenter\u201d custom_margin=\u201d-56px \u2047 false\u201d global_colors_info=\u201d}]<\/p>\n<p style=\"text-align: center;\"><span style=\"color: #000000;\">Gach m\u00ed, \u00f3st\u00e1lann Euroguidance Ireland seimine\u00e1ir ghr\u00e9as\u00e1in ar l\u00edne \u00f3 chomhghleacaithe treorach \u00c9ireannacha agus Eorpacha a phl\u00e9ann a gcuid <strong>an taighde agus na l\u00e9argais is d\u00e9ana\u00ed i ngairmthreoir<\/strong>.<\/span><\/p>\n<p style=\"text-align: center;\"><span style=\"color: #800000;\"><a href=\"https:\/\/euroguidance.ie\/ga\/webinar-recordings\/\" style=\"color: #800000;\">F\u00e9ach seimine\u00e1ir ghr\u00e9as\u00e1in roimhe seo maidir le Taighde i dTreora\u00edocht<\/a><\/span><\/p>\n<p>[\/et_pb_text][\/et_pb_column][et_pb_column type=\u201d1_4\u2032\u2032 _builder_version=\u201d4.25.1\u2032 _module_preset=\u201ddefault\u201d global_colors_info=\u201d{}\u201d][et_pb_image src=\u201dhttps:\/\/euroguidance.ie\/wp-content\/uploads\/2026\/01\/Untitled-design-17.png\u201d alt=\u201dtext image\u201d title_text=\u201dDearadh intuigthe (17)\u201d _builder_version=\u201d4.27.4\u2032\u2032 _module_preset=\u201d8e91050f-fc0244a6-a8fd-51791c87ffb\u201d width=\u201d90\u201d%\u201d custom_margin=\u201d \u2047 false \u2047 false\u201d beochan_style=\u201dslide\u201d global_colors_info=\u201d{}][\/et_pb_image][et_pb_text _builder_version=\u201d4.27.4\u2032\u2032 _module_preset=\u201d7620dd4e-e1ca-4165-8cd6-4f8210a1bc1b\u201d text_font=\u201dtext_color=\u201d#000000\u2032\u2032 custom_margin=\u201d-52px \u2047 10px \u2047 false\u201d link_option_url=\u201dhttps:\/\/nice-network.eu\/ecadoc\/\u201d global_colors_info=\u201d{}]<\/p>\n<p style=\"text-align: center;\"><span style=\"color: #000000;\">Is c\u00fais bhr\u00f3id d'\u00c9irinn an Cl\u00e1r Docht\u00faireachta Eorpach i dTreora\u00edocht agus Comhairleoireacht Gairme a \u00f3st\u00e1il<strong> An 13\u00fa scoil samhraidh (ECADOC) in 2026<\/strong> a bheidh faoi sti\u00fair <em>Col\u00e1iste na Tr\u00edon\u00f3ide, Baile \u00c1tha Cliath <\/em>i gcomhph\u00e1irt\u00edocht le ETBI. Cuireann ECADOC scoileanna samhraidh bliant\u00fala ar f\u00e1il do thaighdeoir\u00ed docht\u00faireachta at\u00e1 ag obair ar \u00e1bhair a bhaineann le gairmthreoir.<\/span><\/p>\n<p>[\/et_pb_text][\/et_pb_column][et_pb_column type=\u201d1_4\u2032\u2032 _builder_version=\u201d4.25.1\u2032 _module_preset=\u201ddefault\u201d global_colors_info=\u201d}\u201d][et_pb_image src=\u201dhttps:\/\/euroguidance.ie\/wp-content\/uploads\/2026\/01\/Untitled-design-18.png\u201d alt=\u201cAcademia Logo\u201d title_text=\u201dAcademia Logo\u201d _builder_version=\u201d4.27.4\u2032\u2032 _module_preset=\u201d8e91050f-fc0244a6-8fd-51791c87ffb\u201d width=90\u201d%\u201d custom_margin=\u201d \u2047 false \u2047 false\u201d beochan_style=\u201dslide\u201d global_colors_info=\u201d{}][\/et_pb_image][et_pb_text _builder_version=\u201d4.27.4\u2032\u2032 _module_preset=\u201d7620dd4e-e1ca-4165-8cd6-4f8210a1bc1b\u201d text_font=\u201d \u2047 \u201d custom_margin=\u201d-52px \u2047 10px \u2047 false\u201d global_colors_info=\u201d{}]<\/p>\n<p style=\"text-align: center;\"><span style=\"color: #000000;\">Tabharfaidh comhghleacaithe treorach Eorpacha cuairt ar \u00c9irinn don <strong>staid\u00e9ar soghluaisteachta acad\u00fail<\/strong> cuairt a thabhairt. Beidh cuairteanna staid\u00e9ir soghluaisteachta ag comhghleacaithe treorach \u00c9ireannacha i dt\u00edortha \u00e9ags\u00fala ar fud na hEorpa chun dea-chleachtas a roinnt agus comhph\u00e1irt\u00edochta\u00ed a neart\u00fa.<\/span><\/p>\n<p>[\/et_pb_text][\/et_pb_column][et_pb_column type=\u201d1_4\u2032\u2032 _builder_version=\u201d4.25.1\u2032 _module_preset=\u201ddefault\u201d global_colors_info=\u201d{}\u201d][et_pb_image src=\u201dhttps:\/\/euroguidance.ie\/wp-content\/uploads\/2026\/01\/Untitled-design-19.png\u201d alt=\u201dtext image\u201d title_text=\u201dUntitled design (19)\u201d _builder_version=\u201d4.27.4\u2032\u2032 _module_preset=\u201d8e91050f-fc0244a6-8fd-51791c87ffb\u201d width=90\u201d%\u201d custom_margin=\u201d \u2047 false \u2047 false\u201d beochan_style=\u201dslide\u201d global_colors_info=\u201d{}\u201d][\/et_pb_image][et_pb_text _builder_version=\u201d4.27.4\u2032\u2032 _module_preset=\u201d7620dd4e-e1ca-4165-8cd6-4f8210a1bc1b\u201d text_font=\u201d \u2047 \u201d min_airde=\u201d224px\u201d custom_margin=\u201d-50px \u2047 10px \u2047 false\u201d global_colors_info=\u201d\u201d{}]<\/p>\n<p style=\"text-align: center;\"><span style=\"color: #000000;\">Is ag \u00c9irinn at\u00e1 Uachtar\u00e1nacht 2026 ar Chomhairle an Aontais Eorpaigh agus beidh <strong>Euroguidance \u00c9ire<\/strong> \u00f3st\u00e1il a dh\u00e9anamh ar chruinni\u00fa leathbhliant\u00fail chomhalta\u00ed L\u00edonra Euroguidance in \u00c9irinn.<\/span><\/p>\n<p>[\/et_pb_text][\/et_preleb_colum][\/et_pb_row][\/et_pb_section][et_pb_section fb_built=\"1\u2032\u2032 admin_label=\"Footer_version=\"4.27.5\u2032\u2032 _module_preset=\"f1c4f717-2356-4e3f-ac1b-1e293a6cc08a\" min_height=\"269.3px\" height=\"357px\" custom_margin=\"-13px \u2047 false\" custom_padding=\"0px100px \u2047 false\" hoverd=\"0\u2032_module=\"1150\u2032\/ta\"s#FFFFFF\u2019 custom_margin=\u201d \u2047 -20px \u2047 \u201d global_colors_info=\u201d{}\u201d][\/et_pb_heading][et_pb_wpt_gravityform gravityform_id=\u201dgf-2\u2032\u2032 title=\u201doff\u201d description=\u201doff\u201d ajax=\u201don\u201d _builder_version=\u201d4.27.4\u2032\u2032 _module_preset=\u201ddefault\u201d transform_scale=\u201d94%|94%\u201d global_colors_info=\u201d{}\u201d][\/et_pb_wpt_gravityform][\/et_pb_column][et_pb_column type=\u201d1_3\u2032\u2032 _builder_version=\u201d4.25.1\u2032 _module_preset=\u201ddefault\u201d global_colors_info=\u201d{}\u201d][et_pb_heading title=\u201dQuick Links\u201d _builder_version=\u201d4.27.4\u2032\u2032 _module_preset=\u201d95956592-a1b1-43fb-a7b-d69d7b858e52\u2032\u2032 title_font=\u201dVerdana \u2047 \u201d title_text_color=\u201d#Suite\u00e1il FFFFFF\u201d=\"none\" custom_margin=\" \u2047 10px \u2047 46px \u2047 false\" custom_padding=\" \u2047 55px \u2047 \" locked=\"off\" global_colors_info=\"{}\"][\/et_pb_heading][et_pb_text _builder_version=\"4.27.4\u2032 _module_preset=\"01dbb295-3347-4b31-936e-cb09b186d00f\" text_font=\"Verdana \u2047 \" custom_margin=\" \u2047 8px \u2047 false\" custom_padding=\" \u2047 75px \u2047 48px \u2047 \" link_option_url=\"httpseuro:\/\/guidance.ie\/en\/about]<\/p>\n<p>Euroguidance<\/p>\n<p>[\/et_pb_text][et_pb_text _builder_version=\u201d4.27.4\u2032\u2032 _module_preset=\u201d01dbb295-3347-4b31-936e-cb09b186d00f\u201d text_font=\u201dVerdana \u2047 \u201d custom_margin=\u201d \u2047 8px \u2047 50px \u2047 false\u201d custom_padding=\u201d \u2047 50px \u2047 \u201d link_option_url=\u201dhttps:\/\/euroguidance.ie\/en\/resources\/\u201d]<\/p>\n<p>Acmhainn\u00ed<\/p>\n<p>[\/et_pb_text][et_pb_text _builder_version=\u201d4.27.4\u2032\u2032 _module_preset=\u201d01dbb295-3347-4b31-936e-cb09b186d00f\u201d text_font=\u201dVerdana \u2047 \u201d custom_margin=\u201d \u2047 8px \u2047 49px \u2047 false\u201d custom_padding=\u201d \u2047 51px \u2047 \u201d link_option_url=\u201dhttps:\/\/euroguidance.ie\/en\/contact-us\/\u201d]<\/p>\n<p>Teagmh\u00e1il<\/p>\n<p>[\/et_pb_text][et_pb_text _builder_version=\u201d4.27.4\u2032\u2032 _module_preset=\u201d01dbb295-3347-4b31-936e-cb09b186d00f\u201d text_font=\u201dVerdana \u2047 \u201d custom_margin=\u201d \u2047 8px \u2047 51px \u2047 false\u201d custom_padding=\u201d \u2047 49px \u2047 \u201d link_option_url=\u201dhttps:\/\/euroguidance.ie\/privacy-statement\/\u201d]<\/p>\n<p>Beartas Pr\u00edobh\u00e1ideachais<\/p>\n<p>[\/et_pb_text][\/et_pb_column][et_pb_column type=\u201d1_3\u2032\u2032 _builder_version=\u201d4.25.1\u2032 _module_preset=\u201ddefault\u201d global_colors_info=\u201d}\u201d][et_pb_image src=\u201dhttps:\/\/euroguidance.ie\/wp-content\/uploads\/2026\/01\/EN_Co-Funded_by_the_EU_PANTONE-scaled.png\u201d alt=\u201dCo-Funded by European Union\u201d title_text=\u201dEN_Co-Funded_by_the_EU_PANTONE\u201d align=\u201dcenter\u201d _builder_version=\u201c4.27.4\u2032\u2032_module_preset=\u201cdefault\u201d global_colors_info=}\u201d]\/[p_etim]<\/p>","protected":false},"excerpt":{"rendered":"<p>Is l\u00edonra Eorpach d'ionaid n\u00e1isi\u00fanta acmhainn\u00ed agus faisn\u00e9ise le haghaidh treorach \u00e9 Euroguidance.Gach m\u00ed, \u00f3st\u00e1lann Euroguidance Ireland seimine\u00e1ir ghr\u00e9as\u00e1in ar l\u00edne \u00f3 chomhghleacaithe treorach in \u00c9irinn agus san Eoraip araon a phl\u00e9ann an taighde agus na l\u00e9argais is d\u00e9ana\u00ed at\u00e1 acu ar ghairmthreoir. T\u00e1 br\u00f3d ar \u00c9irinn a bheith ina h\u00f3stach ar an gCl\u00e1r Docht\u00faireachta Eorpach i dTreora\u00edocht Gairme agus Comhairleoireacht [...]<\/p>","protected":false},"author":4,"featured_media":0,"parent":0,"menu_order":0,"comment_status":"closed","ping_status":"closed","template":"","meta":{"_et_pb_use_builder":"on","_et_pb_old_content":"","_et_gb_content_width":"","footnotes":""},"class_list":["post-154","page","type-page","status-publish","hentry"],"_links":{"self":[{"href":"https:\/\/euroguidance.ie\/ga\/wp-json\/wp\/v2\/pages\/154","targetHints":{"allow":["GET"]}}],"collection":[{"href":"https:\/\/euroguidance.ie\/ga\/wp-json\/wp\/v2\/pages"}],"about":[{"href":"https:\/\/euroguidance.ie\/ga\/wp-json\/wp\/v2\/types\/page"}],"author":[{"embeddable":true,"href":"https:\/\/euroguidance.ie\/ga\/wp-json\/wp\/v2\/users\/4"}],"replies":[{"embeddable":true,"href":"https:\/\/euroguidance.ie\/ga\/wp-json\/wp\/v2\/comments?post=154"}],"version-history":[{"count":125,"href":"https:\/\/euroguidance.ie\/ga\/wp-json\/wp\/v2\/pages\/154\/revisions"}],"predecessor-version":[{"id":1402,"href":"https:\/\/euroguidance.ie\/ga\/wp-json\/wp\/v2\/pages\/154\/revisions\/1402"}],"wp:attachment":[{"href":"https:\/\/euroguidance.ie\/ga\/wp-json\/wp\/v2\/media?parent=154"}],"curies":[{"name":"wp","href":"https:\/\/api.w.org\/{rel}","templated":true}]}}