{"id":1315,"date":"2026-01-14T15:01:22","date_gmt":"2026-01-14T15:01:22","guid":{"rendered":"https:\/\/euroguidance.ie\/?page_id=1315"},"modified":"2026-01-14T15:46:30","modified_gmt":"2026-01-14T15:46:30","slug":"academia","status":"publish","type":"page","link":"https:\/\/euroguidance.ie\/ga\/academia\/","title":{"rendered":"An lucht acad\u00fail"},"content":{"rendered":"<p>[et_pb_section fb_built=\"1\u2032\u2032 admin_label=\"Ceannt\u00e1sc\" _builder_version=\"4.27.4\u2032 _module_preset=\"ed3a2270-0d1b-4161-8645-f529b8b3c5c0\u2032 background_color_gradient_direction=\"193deg\" background_color_gradient_stops=\"gcid-d119accd-44d7-4f2f-b9d7-599c6843324b 0%\u2047 rgba(7,33,48,0.6) 37%\u2047 rgba(255,255,255,0) 62%\u2047 gcid-1cd7c6da-5fe0-4f78-8345-603cff3cbdfc 100%\u201d background_image=\u201dhttps:\/\/euroguidance.ie\/wp-content\/uploads\/2025\/02\/students3.jpg\u201d background_enable_image=\u201don\u201d parallax=\u201don\u201d background_blend=\u201ddarken\u201d min_height=\u201d332.6px\u201d custom_margin=\u201d \u2047 53px \u2047 \u201d locked=\u201doff\u201d collapsed=\u201doff\u201d global_colors_info=\u201dgcid-1f1bf5fb-a99d-4acc-8d9e-ddac074c158c: background_color_gradient_stopanna, background_color_gradient_stopanna, background_color_gradient_stopanna,gcid-4c79ba3d-a281-4fb6-9b14-02f9a4c793f2: background_color_gradient_stopanna, background_color_gradient_stopanna, background_color_gradient_stopanna,gcid-688c464a-d6f2-4296-b592-395352c71c79: background_color_gradient_stopanna, background_color_gradient_stopanna, background_color_gradient_stopanna,gcid-d119accd-44d7-4f2f-b9d7-599c8463324b: background_color_gradient_stopanna, background_color_gradient_stopanna, background_color_gradient_stopanna,gcid-2352d280-fe84-43b1-a71e-f400c35a526a: background_color_gradient_stopanna,gcid-9e22d70d-67ee-4430-bed3-4bc105d4ef1e: background_color_gradient_stopanna,gcid-1cd7c6da-5fe0-4f78-8345-603cff3cbdfc: background_color_gradient_stopanna}\u201d][et_pb_row _builder_version=\u201d4.25.1\u2032 _module_preset=\u201ddefault\u201d global_colors_info=\u201d{}][et_pb_column type=\u201d4_4\u2032\u2032 _builder_version=\u201d4.25.1\u2032 _module_preset=\u201ddefault\u201d global_colors_info=\u201d{}][et_pb_heading title=\u201dAcademia\u201d _builder_version=\u201d4.27.4\u2032 _module_preset=\u201dbe0d0648-3112-47a9-843b-14168fe1dabd\u201d title_level=\u201dh2\u2032 title_font=\u201dVerdana \u2047 \u201d title_text_ignal=\u201dcenter\u201d title_text_color=\u201d\u201d#ededed\u201d title_font_size=\u201c60px\u201d background_color=\u201dRGBA(255,255,255,0)\u201d custom_margin=\u201d40px \u2047 10px \u2047 false \u2047 false\u201d title_font_size_tablet=\u201c45px\u201d title_font_size_phone=\u201d27px\u201d title_font_size_last_edited=\u201dar \u2047 phone\u201d global_colors_info=\u201dgcid-12627f56-04f6-43cc-b53c-4ff92851d432: ch\u00falra_mask_color}\u201d][\/et_pb_heading][\/et_pb_column][\/et_pb_row][\/et_pb_section][et_pb_section fb_built=\u201d1\u2032\u2032 _builder_version=\u201d4.27.4\u2032\u2032 _module_preset=\u201ddefault\u201d custom_padding=\u201d0px \u2047 \u201d global_colors_info=\u201d{}][et_pb_row _builder_version=\u201d4.17.6\u2032 _module_preset=\u201d5138c454-be54-4233-bd3b-f8e6a8747976\u2032\u2032 faoi ghlas=\u201doff\u201d global_colors_info=\u201d{}\u201d]et[_pb_coln type=\u201d4_4\u2032\u2032\u2032_builder_version4.1\u2032module_set=\u201c731-80-80a-843-634\u2032-873\u2032-633\u2032-87\u2032-56] global_colors_info=\u201d{}\u201d][et_pb_heading title=\u201dMobility Study visit to Ireland 2025\u2032\u2032 _builder_version=\u201d4.27.4\u2032 _module_preset=\u201ddefault\u201d title_font=\u201d \u2047 \u201d title_text_align=\u201dcent\u201d title_text_color=\u201d#000000\u2032\u2032 background_color=\u201d#FFFFFF\u2019 leithead=\u201d54%\u201d max_width=\u201d79%\u201dmod\u00fal_ail\u00edni\u00fa=\u201ccenter\u201d custom_margin=\u201d0px \u2047 0px \u2047 false \u2047 false\u201d custom_padding=\u201d16px \u2047 12px \u2047 0px \u2047 false \u2047 false\u201d border_color_all=\u201d#0C71C3\u2032\u2032 border_style_all=\u201dinset\u201d box_shadow_style=\u201dpreset1\u2032\u2032 box_shadow_vertical=\u201d0px\u201d box_shadow_blur=\u201d6px\u201d box_shadow_position=\u201dinner\u201d global_colors_info=\u201d{}][\/et_pb_heading][et_pb_text _builder_version=\u201d4.27.4\u2032\u2032 _module_preset=\u201ddefault\u201d text_font_size=\u201d16px\u201d global_colors_info=\u201d\u201d}]<\/p>\n<p style=\"text-align: center;\"><span style=\"color: #000000;\">I m\u00ed na Bealtaine 2025, chuireamar f\u00e1ilte roimh 15 chomhghleacaithe treorach Eorpacha go h\u00c9irinn \u00f3 dheich dt\u00edr Eorpacha (an Ostair, an Eilv\u00e9is, an Ghearm\u00e1in, an Danmhairg, an East\u00f3in, an Fhrainc, an Iorua, an tSl\u00f3iv\u00e9in, an Sp\u00e1inn agus an tSualainn). Ba \u00e9 t\u00e9ama na cuairte staid\u00e9ir \u2018<strong>Treoir Chuimsitheach<\/strong>\u2019.<\/span><\/p>\n<p>&nbsp;<\/p>\n<ul>\n<li style=\"text-align: left;\"><span style=\"color: #000000;\">Rinneadh an chuairt staid\u00e9ir sa Chol\u00e1iste um Shaoirs\u00ed, Bord Oideachais agus Oili\u00fana Chathair Bhaile \u00c1tha Cliath (BOO)<\/span><\/li>\n<li style=\"text-align: left;\"><span style=\"color: #000000;\">D'\u00e9ascaigh an Dr. Mary Quirke ceardlann Deartha Uil\u00edoch inar scr\u00fada\u00edodh conas is f\u00e9idir le gairmithe treorach cur chuige an Deartha Uil\u00edoch (UD) agus an Deartha Uil\u00edoch don Fhoghlaim (UDL) a ghlacadh ina gcleachtas agus meon Dearaidh Uil\u00edoch sa Treoir a ghlacadh<\/span><\/li>\n<li style=\"text-align: left;\"><span style=\"color: #000000;\">D\u2019\u00e9ascaigh Des Acton \u00f3 L\u00e1rionad Chol\u00e1iste na Tr\u00edon\u00f3ide do Dhaoine faoi Mh\u00edchumas Intleacht\u00fail (TCPID) seisi\u00fan ar \u2018Rochtain agus Cuimsi\u00fa i dTreora\u00edocht\u2019<\/span><\/li>\n<li style=\"text-align: left;\"><span style=\"color: #000000;\">D'\u00e9ascaigh Julieanne Duffy Gillen \u00f3 Ollscoil Teicneola\u00edochta Bhaile \u00c1tha Cliath seisi\u00fan ar threoir i bpobal na mbodhar<\/span><\/li>\n<\/ul>\n<p>[\/et_pb_text][et_pb_gallery gallery_ids=\u201d825,829,821,826\u2032\u2032 show_title_and_caption=\u201doff\u201d _builder_version=\u201d4.27.4\u2032\u2032 _module_preset=\u201ddefault\u201d beochan_style=\u201dzoom\u201d hover_enabled=\u201d0\u2032\u2032 dbdb_version=\u201d4.12.2\u2032\u2032 dbd_enable_grid_slide_in=\u201doff\u201d global_colors_info=\u201d{}\u201d dbdb_show_in_lightbox=\u201doff\u201d show_pagination=\u201doff\u201d sticky_enabled=\u201d0\u2032]\/et_pb_gallery][et_b_divider color=\u201d#004773\u2032 _builder_version=\u201d4.27.4\u2032\u2032 _module_preset=\u201ddefault\u201d global_colors_info=\u201d][\/et_pb_divider][et_pb_heading title=\u201dCuairt staid\u00e9ir soghluaisteachta ar \u00c9irinn 2024\u2032 _builder_version=\u201d4.27.4\u2032\u2032 _module_preset=\u201ddefault\u201d title_font=\u201d \u2047 \u201d title_text_align=\u201dcenter\u201d title_text_color=\u201d#000000\u2032\u2032 background_color=\u201d#FFFFFF\u2019 leithead=\u201d54%\u201d max_width=\u201d79%\u201dmod\u00fal_ail\u00edni\u00fa=\u201ccenter\u201d custom_margin=\u201d0px \u2047 0px \u2047 false \u2047 false\u201d custom_padding=\u201d16px \u2047 12px \u2047 0px \u2047 false \u2047 false\u201d border_color_all=\u201d#0C71C3\u2032\u2032 border_style_all=\u201dinset\u201d box_shadow_style=\u201dpreset1\u2032\u2032 box_shadow_vertical=\u201d0px\u201d box_shadow_blur=\u201d6px\u201d box_shadow_position=\u201dinner\u201d global_colors_info=\u201d{}][\/et_pb_heading][et_pb_text _builder_version=\u201d4.27.4\u2032\u2032 _module_preset=\u201ddefault\u201d text_text_color=\u201d#000000\u2032\u2032 text_font_size=\u201c16px\u201d global_colors_info=\u201d{}]<\/p>\n<p style=\"text-align: center;\"><span style=\"color: #000000;\">Thug tr\u00ed chomhghleacaithe d\u00e9ag a rinne ionada\u00edocht ar sh\u00e9 th\u00edr Eorpacha, lena n-\u00e1ir\u00edtear an \u00cdsilt\u00edr, an East\u00f3in, an Fhrainc, an Sp\u00e1inn, an Iorua, an Ghearm\u00e1in agus an Danmhairg cuairt ar Bhaile \u00c1tha Cliath i m\u00ed na Bealtaine 2025. Ba \u00e9 t\u00e9ama na cuairte staid\u00e9ir <strong>\u2018Treoir Gairme ar Feadh an tSaoil \u2013 F\u00eds don Todhcha\u00ed\u2019.<\/strong><\/span><\/p>\n<p>&nbsp;<\/p>\n<ul>\n<li style=\"text-align: left;\"><span style=\"color: #000000;\">Rinneadh an chuairt staid\u00e9ir sa Chol\u00e1iste um Shaoirs\u00ed, Bord Oideachais agus Oili\u00fana Chathair Bhaile \u00c1tha Cliath (BOO)<\/span><\/li>\n<li style=\"text-align: left;\"><span style=\"color: #000000;\">Chuir col\u00e1ist\u00ed seirbh\u00edse treorach \u00f3 Bhord Oideachais agus Oili\u00fana Chathair Bhaile \u00c1tha Cliath (BOO) seisi\u00fan faisn\u00e9ise ar f\u00e1il maidir le seirbh\u00eds\u00ed treorach sa Bhreisoideachas agus san Oili\u00faint (FET)<\/span><\/li>\n<li style=\"text-align: left;\"><span style=\"color: #000000;\">Chuir an Dr. Mary Quirke, an Dr. Patricia McCarthy, Des Acton agus Conor McGuirk i l\u00e1thair ar Rochtain, Cuimsi\u00fa agus Dearadh Uil\u00edoch i dTreora\u00edocht in Ionad na Tr\u00edon\u00f3ide do Dhaoine faoi Mh\u00edchumas Intleacht\u00fail (TCPID)<\/span><\/li>\n<li style=\"text-align: left;\"><span style=\"color: #000000;\">Thug Aisling Murray Fleming \u00f3 Ollscoil Chathair Bhaile \u00c1tha Cliath (DCU) forl\u00e9argas ar Chl\u00e1r Treoirchomhairleoireachta DCU agus ar uirlis\u00ed digiteacha mar threoir, lena n-\u00e1ir\u00edtear turas ar shaotharlann R\u00e9altachta F\u00edor\u00fala DCU.<\/span><\/li>\n<li style=\"text-align: left;\"><span style=\"color: #000000;\">Fuair na rannph\u00e1irtithe turas ar ionad oili\u00fana Bhord Oideachais agus Oili\u00fana Dh\u00fan Laoghaire (DDLETB) i mBaile D\u00faill<\/span><\/li>\n<li style=\"text-align: left;\"><span data-contrast=\"auto\" style=\"color: #000000;\">Chuir an Dr Carol Guildea seisi\u00fan ar f\u00e1il maidir leis an gCreat Strait\u00e9iseach um Threora\u00edocht ar Feadh an tSaoil<\/span><\/li>\n<li style=\"text-align: left;\"><span data-contrast=\"auto\" style=\"color: #000000;\">Chuir Stephen O\u2019Neill, Pr\u00edomhsh\u00edceola\u00ed i seirbh\u00eds sh\u00edceola\u00edoch Bhord Oideachais agus Oili\u00fana Chathair Bhaile \u00c1tha Cliath, seisi\u00fan ar f\u00e1il maidir le \u2018F\u00e9inch\u00faram duitse \u2013 Ag tabhairt aire do d\u2019intinn\u2019<\/span><\/li>\n<\/ul>\n<p>[\/et_pb_text][et_pb_gallery gallery_ids=\u201d840,839,835,836\u2032\u2032 show_title_and_caption=\u201doff\u201d _builder_version=\u201d4.27.4\u2032\u2032 _module_preset=\u201ddefault\u201d dbdb_version=\u201d4.12.2\u2032\u2032 dbd_show_lightbox_title=\u201doff\u201d global_colors_info=\u201d{}][\/et_pb_gallery][\/et_pb_column][\/et_pb_row][\/et_pb_section]<\/p>","protected":false},"excerpt":{"rendered":"<p>I m\u00ed na Bealtaine 2025, chuireamar f\u00e1ilte roimh 15 chomhghleacaithe treorach Eorpacha go h\u00c9irinn \u00f3 dheich dt\u00edr Eorpacha (an Ostair, an Eilv\u00e9is, an Ghearm\u00e1in, an Danmhairg, an East\u00f3in, an Fhrainc, an Iorua, an tSl\u00f3iv\u00e9in, an Sp\u00e1inn agus an tSualainn). Ba \u00e9 \u2018Treoir Chuimsitheach\u2019 t\u00e9ama na cuairte staid\u00e9ir. \u00a0 Bh\u00ed an chuairt staid\u00e9ir ar si\u00fal i gCol\u00e1iste na Saoirs\u00ed, Bord Oideachais agus Oili\u00fana Chathair Bhaile \u00c1tha Cliath (ETB) An Dr. Mary [...]<\/p>","protected":false},"author":9,"featured_media":0,"parent":0,"menu_order":0,"comment_status":"closed","ping_status":"closed","template":"","meta":{"_et_pb_use_builder":"on","_et_pb_old_content":"","_et_gb_content_width":"","footnotes":""},"class_list":["post-1315","page","type-page","status-publish","hentry"],"_links":{"self":[{"href":"https:\/\/euroguidance.ie\/ga\/wp-json\/wp\/v2\/pages\/1315","targetHints":{"allow":["GET"]}}],"collection":[{"href":"https:\/\/euroguidance.ie\/ga\/wp-json\/wp\/v2\/pages"}],"about":[{"href":"https:\/\/euroguidance.ie\/ga\/wp-json\/wp\/v2\/types\/page"}],"author":[{"embeddable":true,"href":"https:\/\/euroguidance.ie\/ga\/wp-json\/wp\/v2\/users\/9"}],"replies":[{"embeddable":true,"href":"https:\/\/euroguidance.ie\/ga\/wp-json\/wp\/v2\/comments?post=1315"}],"version-history":[{"count":6,"href":"https:\/\/euroguidance.ie\/ga\/wp-json\/wp\/v2\/pages\/1315\/revisions"}],"predecessor-version":[{"id":1350,"href":"https:\/\/euroguidance.ie\/ga\/wp-json\/wp\/v2\/pages\/1315\/revisions\/1350"}],"wp:attachment":[{"href":"https:\/\/euroguidance.ie\/ga\/wp-json\/wp\/v2\/media?parent=1315"}],"curies":[{"name":"wp","href":"https:\/\/api.w.org\/{rel}","templated":true}]}}