{"id":1207,"date":"2026-01-09T13:58:57","date_gmt":"2026-01-09T13:58:57","guid":{"rendered":"https:\/\/euroguidance.ie\/?page_id=1207"},"modified":"2026-01-15T13:10:33","modified_gmt":"2026-01-15T13:10:33","slug":"euroguidance-ireland-4","status":"publish","type":"page","link":"https:\/\/euroguidance.ie\/ga\/euroguidance-ireland-4\/","title":{"rendered":"Euroguidance \u00c9ire"},"content":{"rendered":"<p>[et_pb_section fb_built=\"1\u2032\u2032 admin_label=\"Ceannt\u00e1sc\" _builder_version=\"4.27.4\u2032 _module_preset=\"ed3a2270-0d1b-4161-8645-f529b8b3c5c0\u2032 background_color_gradient_direction=\"193deg\" background_color_gradient_stops=\"gcid-d119accd-44d7-4f2f-b9d7-599c6843324b 0%\u2047 rgba(7,33,48,0.6) 37%\u2047 rgba(255,255,255,0) 62%\u2047 gcid-1cd7c6da-5fe0-4f78-8345-603cff3cbdfc 100%\u201d background_image=\u201dhttps:\/\/euroguidance.ie\/wp-content\/uploads\/2025\/02\/students3.jpg\u201d background_enable_image=\u201don\u201d parallax=\u201don\u201d background_blend=\u201ddarken\u201d min_height=\u201d332.6px\u201d custom_margin=\u201d \u2047 53px \u2047 \u201d locked=\u201doff\u201d collapsed=\u201doff\u201d global_colors_info=\u201dgcid-1f1bf5fb-a99d-4acc-8d9e-ddac074c158c: background_color_gradient_stopanna, background_color_gradient_stopanna, background_color_gradient_stopanna,gcid-4c79ba3d-a281-4fb6-9b14-02f9a4c793f2: background_color_gradient_stopanna, background_color_gradient_stopanna, background_color_gradient_stopanna,gcid-688c464a-d6f2-4296-b592-395352c71c79: background_color_gradient_stopanna, background_color_gradient_stopanna, background_color_gradient_stopanna,gcid-d119accd-44d7-4f2f-b9d7-599c8463324b: background_color_gradient_stopanna, background_color_gradient_stopanna, background_color_gradient_stopanna,gcid-2352d280-fe84-43b1-a71e-f400c35a526a: background_color_gradient_stopanna,gcid-9e22d70d-67ee-4430-bed3-4bc105d4ef1e: background_color_gradient_stopanna,gcid-1cd7c6da-5fe0-4f78-8345-603cff3cbdfc: background_color_gradient_stopanna}\u201d][et_pb_row _builder_version=\u201d4.25.1\u2032 _module_preset=\u201ddefault\u201d global_colors_info=\u201d{}][et_pb_column type=\u201d4_4\u2032\u2032 _builder_version=\u201d4.25.1\u2032 _module_preset=\u201ddefault\u201d global_colors_info=\u201d{}][et_pb_heading title=\u201dEuroguidance Ireland Past Events\u201d _builder_version=\u201d4.27.4\u2032\u2032 _module_preset=\u201dbe0d0648-3112-47a9-843b-14168fe1dabd\u201d title_level=\u201dh2\u2032 title_font=\u201dVerdana\u201d title_text_align=\u201dcenter\u201d title_text_color=\u201d\u201d#ededed\u201d title_font_size=\u201c60px\u201d background_color=\u201dRGBA(255,255,255,0)\u201d custom_margin=\u201d40px \u2047 10px \u2047 false \u2047 false\u201d title_font_size_tablet=\u201c45px\u201d title_font_size_phone=\u201d27px\u201d title_font_size_last_edited=\u201dar \u2047 phone\u201d global_colors_info=\u201dgcid-12627f56-04f6-43cc-b53c-4ff92851d432: ch\u00falra_mask_color}\u201d][\/et_pb_heading][\/et_pb_column][\/et_pb_row][\/et_pb_section][et_pb_section fb_built=\u201d1\u2032\u2032 _builder_version=\u201d4.27.4\u2032\u2032 _module_preset=\u201ddefault\u201d min_height=\u201d119px\u201d custom_padding=\u201d0px \u2047 0px \u2047 \u201d global_colors_info=\u201d{}\u201d][et_pb_row _builder_version=\u201d4.27.4\u2032 _\u2032module_preset=\u201ddefault\u201d global_colors_info=\u201d{}][et_pb_column type=\u201d4_4\u2032\u2032\u2032 _builder_version=\u201c4.27.4\u2032\u2032\u2032_module_preset=\u201ddefault global_info_info=\u201d[teidil] L\u00edonra 2025\u2032\u2032 _builder_version=\u201d4.27.4\u2032\u2032 _module_preset=\u201ddefault\u201d title_font=\u201d \u2047 \u201d title_text_align=\u201dcenter\u201d title_text_color=\u201d#000000\u2032\u2032 background_color=\u201d#FFFFFF\u2019 leithead=\u201d54%\u201d max_width=\u201d79%\u201dmod\u00fal_ail\u00edni\u00fa=\u201ccenter\u201d custom_margin=\u201d0px \u2047 0px \u2047 false \u2047 false\u201d custom_padding=\u201d16px \u2047 12px \u2047 0px \u2047 false \u2047 false\u201d border_color_all=\u201d#0C71C3\u2032\u2032 border_style_all=\u201dinset\u201d box_shadow_style=\u201dpreset1\u2032\u2032 box_shadow_vertical=\u201d0px\u201d box_shadow_blur=\u201d6px\u201d box_shadow_position=\u201dinner\u201d global_colors_info=\u201d{}\u201d][\/et_pb_heading][\/et_pb_column][\/et_pb_row][\/et_pb_section][et_pb_section fb_built=\u201d1\u2032\u2032 admin_label=\u201dGallery\u201d _builder_version=\u201d4.27.4\u2032\u2032 _module_preset=\u201ddefault_color=\u201d\u201d#\"FFFFFFF\" custom_padding=\"0px \u2047 0px \u2047 \" beochan_style=\"slide\" locked=\"off\" collapsed=\"on\" global_colors_info=\"{}\"][et_pb_row column_structure=\"1_2,1_2\u2032\u2032 _builder_version=\"4.17.6\u2032 _module_preset=\"5138c454-be54-4233-bd3b-f8e6a87479\u2032\u2032 locked=\"off\" global_colors_info=\"{}\"][et_pb_column type=\"1_2\u2032\u2032 _builder_version=\"4.17.4\u2032\u2032 _module_preset=\"73121f80-a3-ef4484-8763c3f18c562\u2032 global_color_info=}\"[p_text_builder_model_4.27.4\u2032\u2032\u2032\"#000000\u2032\u2032 text_font_size= \u201c16px\u201d header_text_color=\u201d#000000\u2032\u2032 custom_margin=\u201d51px \u2047 -2px \u2047 false\u201d global_colors_info=\u201d{}]<\/p>\n<p style=\"text-align: center;\">I m\u00ed Dheireadh F\u00f3mhair 2025, chuir Euroguidance Ireland f\u00e1ilte roimh Academia Network go h\u00c9irinn don chruinni\u00fa bliant\u00fail. Tion\u00f3lfar an ch\u00e9ad chruinni\u00fa eile de L\u00edonra na nAcadamh i Lucsamburg 2026.<\/p>\n<p>[\/et_pb_text][\/et_pb_column][et_pb_column type=\u201d1_2\u2032\u2032 _builder_version=\u201d4.27.4\u2032 _module_preset=\u201ddefault\u201d global_colors_info=\u201d{}][et_pb_image src=\u201dhttps:\/\/euroguidance.ie\/wp-content\/uploads\/2026\/01\/academia-1.png\u201d title_text=\u201dacademia network\u201d _builder_version=\u201d4.27.4\u2032 _module_preset=\u201ddefault\u201d global_colors_info=\u201d{}][\/et_pb_image]\/et_pb_column]\/[et_pb_row][et_prowbrower_builder_version=4.2\u2032module_set=\u201d global_preset_color\u201d global_info_info_info] type=\u201d4_4\u2032\u2032 _builder_version=\u201d4.27.4\u2032\u2032 _module_preset=\u201ddefault\u201d global_colors_info=\u201d{}\u201d][et_pb_divider color=\u201d#000000\u2032\u2032 _builder_version=\"4.27.4\u2032\u2032 _module_preset=\"default\" global_colors_info=\"{}\"][\/et_pb_divider][\/et_pb_column][\/et_pb_row][et_pb_row_builder_version=\"4.17.6\u2032\u2032 _module_preset=\"5138c454-be54-4233-bd3b-f8e6a87479\u2032\u2032 locked=\"off\" global_colors_info=\"{}\"][et_pb_column type=\"4_4\u2032\u2032_builder_version=\"4.17.4\u2032\u2032 _module_preset=\"73121f80-a3ef84-448463-8763c3fe18c3562\u2032color global_info=}\"[p_heading_heading]\" title=\u201dGlobal Careers Month 2025\u2032\u2032 _builder_version=\u201d4.27.4\u2032\u2032 _module_preset=\u201ddefault\u201d title_font=\u201d \u2047 \u201d title_text_align=\u201dcenter\u201d title_text_color=\u201d#000000\u2032\u2032 background_color=\u201d#FFFFFF\u2019 leithead=\u201d54%\u201d max_width=\u201d79%\u201dmod\u00fal_ail\u00edni\u00fa=\u201ccenter\u201d custom_margin=\u201d0px \u2047 0px \u2047 false \u2047 false\u201d custom_padding=\u201d16px \u2047 12px \u2047 0px \u2047 false \u2047 false\u201d border_color_all=\u201d#0C71C3\u2032\u2032 border_style_all=\u201dinset\u201d box_shadow_style=\u201dpreset1\u2032\u2032 box_shadow_vertical=\u201d0px\u201d box_shadow_blur=\u201d6px\u201d box_shadow_position=\u201dinner\u201d global_colors_info=\u201d{}][\/et_pb_heading][et_pb_text _builder_version=\u201d4.27.4\u2032\u2032 _module_preset=\u201ddefault\u201d text_text_color=\u201d#000000\u2032\u2032 text_font_size=\u201c16px\u201d global_colors_info=\u201d{}]<\/p>\n<p><span data-contrast=\"auto\">D\u2019eagraigh an Mheitheal um Threoir Gairme Idirghn\u00edomhaireachta (IAG CGWG), at\u00e1 comhdh\u00e9anta de Cedefop, an Coimisi\u00fan Eorpach, ETF, EIS, ECFE, UNESCO agus an Banc Domhanda an dara M\u00ed Dhomhanda Gairmeacha le linn mh\u00ed na Samhna 2025.<\/span><span data-contrast=\"auto\">\u202f<\/span><span data-contrast=\"auto\">Le linn na tr\u00e9imhse seo, spreagann na gn\u00edomhaireachta\u00ed idirn\u00e1isi\u00fanta imeachta\u00ed domhanda, r\u00e9igi\u00fanacha, n\u00e1isi\u00fanta, i gcomhar leis an gCumann Idirn\u00e1isi\u00fanta um Threoir Oideachais agus Gairme (IAEVG), leis an Ionad Idirn\u00e1isi\u00fanta um Fhorbairt Gairme agus Beartas Poibl\u00ed (ICCDPP) agus le WorldSkills.<\/span><span data-ccp-props=\"{}\">\u00a0<\/span><span data-contrast=\"auto\">Bh\u00ed seimine\u00e1r gr\u00e9as\u00e1in Euroguidance Ireland\u2019s Research in Guidance November le feice\u00e1il i M\u00ed na nGairmeacha Domhanda i m\u00ed na Samhna 2025.<\/span><\/p>\n<p>[\/et_pb_text][et_pb_image src=\u201dhttps:\/\/euroguidance.ie\/wp-content\/uploads\/2026\/01\/Untitled-design-23.png\u201d title_text=\u201cUntitled design (23)\u201d _builder_version=\u201d4.27.4\u2032 _module_preset=\u201ddefault\u201d width=\u201d40%\u201d max_width=\u201d85%\u201dmod\u00fal_ailignment=\u201ccenter\u201d global_colors_info=\u201d{}][\/et_pb_image][et_pb_divider color=\u201d#004773\u2032 _builder_version=\u201d4.27.4\u2032\u2032 _module_preset=\u201ddefault\u201d global_colors_info=\u201d{}][\/et_pb_divider][\/et_pb_column][\/et_pb_row][et_pb_row _builder_version=\u201d4.27.4\u2032\u2032 _module_preset=\u201ddefault\u201d custom_margin=\u201d-59px \u2047 auto \u2047  \u2047 auto \u2047 \u201d global_colors_info=\u201d{}][et_pb_column type=\u201d4_4_4\u2032\u2032\u2032_builder_version=\u201d4.27.4\u2032\u2032\u2032 _module_preset=\u201ddefault\u201d global_colors_info=\u201d{}\u201d][et_pb_heading title=\u201dEuroguidance Ireland Event 2024\u2032\u2032\u2032_builder_version=\u201c7.4\u2032_module=default\u201dpreset\u201d title_text=\u201d global_text\u201d title=\u201d#000000\u2032\u2032 background_color=\u201d#FFFFFF\u2019 leithead=\u201d54%\u201d max_width=\u201d79%\u201dmod\u00fal_ail\u00edni\u00fa=\u201ccenter\u201d custom_margin=\u201d0px \u2047 0px \u2047 false \u2047 false\u201d custom_padding=\u201d16px \u2047 12px \u2047 0px \u2047 false \u2047 false\u201d border_color_all=\u201d#0C71C3\u2032\u2032 border_style_all=\u201dinset\u201d box_shadow_style=\u201dpreset1\u2032\u2032 box_shadow_vertical=\u201d0px\u201d box_shadow_blur=\u201d6px\u201d box_shadow_position=\u201dinner\u201d global_colors_info=\u201d{}\u201d][\/et_pb_heading][\/et_pb_column][\/et_pb_row][\/et_pb_section][et_pb_section fb_built=\u201d1\u2032\u2032 admin_label=\u201dGallery\u201d _builder_version=\u201d4.27.4\u2032\u2032 _module_preset=\u201ddefault_color=\u201d\u201d#FFFFFF\u2019 custom_padding=\u201d9px \u2047 \u201d locked=\u201doff\u201d collapsed=\u201don\u201d global_colors_info=\u201d{}\u201d][et_pb_row column_structure=\u201d1_2,1_2\u2032\u2032 _builder_version=\u201d4.17.6\u2032\u2032 _module_preset=\u201d5138c454-be54-4233-bd3b-f8e6a8747976\u2032\u2032 locked=\u201doff\u201d global_colors_info=\u201d{}\u201d][et_pb_column type=\u201d1_2\u2032\u2032 _builder_version=\u201d4.17.4\u2032\u2032 _module_preset=\u201d73121f80-a3ef-4484-8763-c318fc56d2\u2032 global_color_info=\u201d\u201d\u201d[et_p_builder_text=4.2\u2032\u2032_module_preset_text=\u201d\u201d#000000\u2032\u2032 text_font_size= \u201c16px\u201d header_text_color=\u201d#000000\u2032\u2032 custom_margin=\u201d51px \u2047 -2px \u2047 false\u201d global_colors_info=\u201d{}]<\/p>\n<p style=\"text-align: center;\"><span style=\"color: #000000;\"><span data-contrast=\"auto\" xml:lang=\"EN-IE\" lang=\"EN-IE\" class=\"TextRun SCXW6804536 BCX8\"><span class=\"NormalTextRun SCXW6804536 BCX8\" data-ccp-charstyle=\"normaltextrun\">An-rath\u00fail<\/span><span class=\"NormalTextRun SCXW6804536 BCX8\" data-ccp-charstyle=\"normaltextrun\"><strong> Euroguidance \u2013 R\u00e9 Nua<\/strong> Bh\u00ed an \u00f3c\u00e1id ar si\u00fal i m\u00ed Dheireadh F\u00f3mhair<\/span><\/span><span data-contrast=\"auto\" xml:lang=\"EN-IE\" lang=\"EN-IE\" class=\"TextRun SCXW6804536 BCX8\"><span class=\"NormalTextRun SCXW6804536 BCX8\" data-ccp-charstyle=\"normaltextrun\">\u00a02024 in \u00d3st\u00e1n Athlone Spring<\/span><span class=\"NormalTextRun SCXW6804536 BCX8\" data-ccp-charstyle=\"normaltextrun\">. a bhfuil n\u00edos m\u00f3 n\u00e1 <\/span><span class=\"NormalTextRun SCXW6804536 BCX8\" data-ccp-charstyle=\"normaltextrun\">90 ball foirne treorach<\/span><span class=\"NormalTextRun SCXW6804536 BCX8\" data-ccp-charstyle=\"normaltextrun\"> i l\u00e1thair, an cl\u00e1r oibre <\/span><\/span><span data-contrast=\"auto\" xml:lang=\"EN-IE\" lang=\"EN-IE\" class=\"TextRun SCXW6804536 BCX8\"><span class=\"NormalTextRun SCXW6804536 BCX8\" data-ccp-charstyle=\"normaltextrun\">ionchuir tairgthe \u00f3 <\/span><span class=\"NormalTextRun SCXW6804536 BCX8\" data-ccp-charstyle=\"normaltextrun\">An Roinn Oideachais, C\u00e1il\u00edochta\u00ed C\u00e1il\u00edochta \u00c9ireann (QQI) agus <\/span><span class=\"NormalTextRun SpellingErrorV2Themed SCXW6804536 BCX8\" data-ccp-charstyle=\"normaltextrun\">Euroguidance<\/span><\/span><span data-contrast=\"auto\" xml:lang=\"EN-IE\" lang=\"EN-IE\" class=\"TextRun SCXW6804536 BCX8\"><span class=\"NormalTextRun SCXW6804536 BCX8\" data-ccp-charstyle=\"normaltextrun\"> Ionadaithe l\u00edonra \u00f3 Lativa, <\/span><\/span><span data-contrast=\"auto\" xml:lang=\"EN-IE\" lang=\"EN-IE\" class=\"TextRun SCXW6804536 BCX8\"><span class=\"NormalTextRun SCXW6804536 BCX8\" data-ccp-charstyle=\"normaltextrun\">an East\u00f3in<\/span><span class=\"NormalTextRun SCXW6804536 BCX8\" data-ccp-charstyle=\"normaltextrun\"> agus S<\/span><span class=\"NormalTextRun SCXW6804536 BCX8\" data-ccp-charstyle=\"normaltextrun\">me\u00e1chan.\u00a0<\/span><\/span><\/span><\/p>\n<p>[\/et_pb_text][\/et_pb_column][et_pb_column type=\u201d1_2\u2033 _builder_version=\u201d4.17.4\u2033 _module_preset=\u201d73121f80-a3ef-4484-8763-c3f18e3c56d2\u2033 global_colors_info=\u201d{}\u201d][et_pb_image src=\u201dhttps:\/\/euroguidance.ie\/wp-content\/uploads\/2025\/04\/Screenshot-495.png\u201d alt=\u201ddecoration\u201d title_text=\u201dScreenshot (495)\u201d _builder_version=\u201d4.27.4\u2033 _module_preset=\u201ddefault\u201d hover_enabled=\u201d0\u2033 global_colors_info=\u201d{}\u201d sticky_enabled=\u201d0\u2033][\/et_pb_image][\/et_pb_column][\/et_pb_row][et_pb_row _builder_version=\u201d4.27.4\u2033 _module_preset=\u201ddefault\u201d global_colors_info=\u201d{}\u201d][et_pb_column type=\u201d4_4\u2033 _builder_version=\u201d4.27.4\u2033 _module_preset=\u201ddefault\u201d global_colors_info=\u201d{}\u201d][et_pb_gallery gallery_ids=\u201d543,541,537,522\u2033 show_title_and_caption=\u201doff\u201d show_pagination=\u201doff\u201d _builder_version=\u201d4.27.4\u2033 _module_preset=\u201ddefault\u201d dbdb_version=\u201d4.12.2\u2033 dbdb_show_lightbox_title=\u201doff\u201d dbdb_show_lightbox_image_count=\u201doff\u201d global_colors_info=\u201d{}\u201d][\/et_pb_gallery][et_pb_gallery gallery_ids=\u201d529,527,536,533\u2033 show_title_and_caption=\u201doff\u201d _builder_version=\u201d4.27.4\u2033 _module_preset=\u201ddefault\u201d dbdb_version=\u201d4.12.2\u2033 dbdb_show_lightbox_image_count=\u201doff\u201d global_colors_info=\u201d{}\u201d][\/et_pb_gallery][\/et_pb_column][\/et_pb_row][et_pb_row _builder_version=\u201d4.27.4\u2033 _module_preset=\u201ddefault\u201d global_colors_info=\u201d{}\u201d][et_pb_column type=\u201d4_4\u2033 _builder_version=\u201d4.27.4\u2033 _module_preset=\u201ddefault\u201d global_colors_info=\u201d{}\u201d][et_pb_divider color=\u201d#0C71C3\u2032\u2032 _builder_version=\u201d4.27.4\u2032\u2032_module_preset=\u201ddefault\u201d global_colors_info=\u201d][\/et_pb_divider][\/et_version=\u201d4.27.4\u2032_module_preset=\u201df1c4f717-2356-4e3f-ac1b_built=\u201d1\u2032\u2032 admin_height=\u201d269.3px\u201d height=\u201d357px\u201d custom_gin=\u201d-13px0p \u2047 falsef\u201d custom_dding=\"p20xfalsex\" min_height=\u201d269.3px\u201d#FFFFFF\u2019 custom_margin=\u201d \u2047 -20px \u2047 \u201d global_colors_info=\u201d{}\u201d][\/et_pb_heading][et_pb_wpt_gravityform gravityform_id=\u201dgf-2\u2032\u2032 title=\u201doff\u201d description=\u201doff\u201d ajax=\u201don\u201d _builder_version=\u201d4.27.4\u2032\u2032 _module_preset=\u201ddefault\u201d transform_scale=\u201d94%|94%\u201d global_colors_info=\u201d{}\u201d][\/et_pb_wpt_gravityform][\/et_pb_column][et_pb_column type=\u201d1_3\u2032\u2032 _builder_version=\u201d4.25.1\u2032 _module_preset=\u201ddefault\u201d global_colors_info=\u201d{}\u201d][et_pb_heading title=\u201dQuick Links\u201d _builder_version=\u201d4.27.4\u2032\u2032 _module_preset=\u201d95956592-a1b1-43fb-a7b-d69d7b858e52\u2032\u2032 title_font=\u201dVerdana \u2047 \u201d title_text_color=\u201d#Suite\u00e1il FFFFFF\u201d=\"none\" custom_margin=\" \u2047 10px \u2047 46px \u2047 false\" custom_padding=\" \u2047 55px \u2047 \" locked=\"off\" global_colors_info=\"{}\"][\/et_pb_heading][et_pb_text _builder_version=\"4.27.4\u2032 _module_preset=\"01dbb295-3347-4b31-936e-cb09b186d00f\" text_font=\"Verdana \u2047 \" custom_margin=\" \u2047 8px \u2047 false\" custom_padding=\" \u2047 75px \u2047 48px \u2047 \" link_option_url=\"httpseuro:\/\/guidance.ie\/en\/about]<\/p>\n<p>Euroguidance<\/p>\n<p>[\/et_pb_text][et_pb_text _builder_version=\u201d4.27.4\u2032\u2032 _module_preset=\u201d01dbb295-3347-4b31-936e-cb09b186d00f\u201d text_font=\u201dVerdana \u2047 \u201d custom_margin=\u201d \u2047 8px \u2047 50px \u2047 false\u201d custom_padding=\u201d \u2047 50px \u2047 \u201d link_option_url=\u201dhttps:\/\/euroguidance.ie\/en\/resources\/\u201d]<\/p>\n<p>Acmhainn\u00ed<\/p>\n<p>[\/et_pb_text][et_pb_text _builder_version=\u201d4.27.4\u2032\u2032 _module_preset=\u201d01dbb295-3347-4b31-936e-cb09b186d00f\u201d text_font=\u201dVerdana \u2047 \u201d custom_margin=\u201d \u2047 8px \u2047 49px \u2047 false\u201d custom_padding=\u201d \u2047 51px \u2047 \u201d link_option_url=\u201dhttps:\/\/euroguidance.ie\/en\/contact-us\/\u201d]<\/p>\n<p>Teagmh\u00e1il<\/p>\n<p>[\/et_pb_text][et_pb_text _builder_version=\u201d4.27.4\u2032\u2032 _module_preset=\u201d01dbb295-3347-4b31-936e-cb09b186d00f\u201d text_font=\u201dVerdana \u2047 \u201d custom_margin=\u201d \u2047 8px \u2047 51px \u2047 false\u201d custom_padding=\u201d \u2047 49px \u2047 \u201d link_option_url=\u201dhttps:\/\/euroguidance.ie\/privacy-statement\/\u201d]<\/p>\n<p>Beartas Pr\u00edobh\u00e1ideachais<\/p>\n<p>[\/et_pb_text][\/et_pb_column][et_pb_column type=\u201d1_3\u2032\u2032 _builder_version=\u201d4.25.1\u2032 _module_preset=\u201ddefault\u201d global_colors_info=\u201d}\u201d][et_pb_image src=\u201dhttps:\/\/euroguidance.ie\/wp-content\/uploads\/2026\/01\/EN_Co-Funded_by_the_EU_PANTONE-scaled.png\u201d alt=\u201dCo-Funded by European Union\u201d title_text=\u201dEN_Co-Funded_by_the_EU_PANTONE\u201d align=\u201dcenter\u201d _builder_version=\u201c4.27.4\u2032\u2032_module_preset=\u201cdefault\u201d global_colors_info=}\u201d]\/[p_etim]<\/p>","protected":false},"excerpt":{"rendered":"<p>I m\u00ed Dheireadh F\u00f3mhair 2025, chuir Euroguidance Ireland f\u00e1ilte roimh Academia Network go h\u00c9irinn don chruinni\u00fa bliant\u00fail. Tion\u00f3lfar an ch\u00e9ad chruinni\u00fa eile de L\u00edonra na nAcadamh i Lucsamburg 2026. D\u2019eagraigh an Mheitheal um Threora\u00edocht Ghairme Idirghn\u00edomhaireachta (IAG CGWG), at\u00e1 comhdh\u00e9anta de Cedefop, an Coimisi\u00fan Eorpach, ETF, EIS, ECFE, UNESCO agus an Banc Domhanda an dara M\u00ed Dhomhanda Gairmeacha le linn mh\u00ed na Samhna 2025.\u202fLe linn na tr\u00e9imhse seo, rinne na gn\u00edomhaireachta\u00ed idirn\u00e1isi\u00fanta [...]<\/p>","protected":false},"author":9,"featured_media":0,"parent":0,"menu_order":0,"comment_status":"closed","ping_status":"closed","template":"","meta":{"_et_pb_use_builder":"on","_et_pb_old_content":"<!-- wp:divi\/placeholder \/-->","_et_gb_content_width":"","footnotes":""},"class_list":["post-1207","page","type-page","status-publish","hentry"],"_links":{"self":[{"href":"https:\/\/euroguidance.ie\/ga\/wp-json\/wp\/v2\/pages\/1207","targetHints":{"allow":["GET"]}}],"collection":[{"href":"https:\/\/euroguidance.ie\/ga\/wp-json\/wp\/v2\/pages"}],"about":[{"href":"https:\/\/euroguidance.ie\/ga\/wp-json\/wp\/v2\/types\/page"}],"author":[{"embeddable":true,"href":"https:\/\/euroguidance.ie\/ga\/wp-json\/wp\/v2\/users\/9"}],"replies":[{"embeddable":true,"href":"https:\/\/euroguidance.ie\/ga\/wp-json\/wp\/v2\/comments?post=1207"}],"version-history":[{"count":13,"href":"https:\/\/euroguidance.ie\/ga\/wp-json\/wp\/v2\/pages\/1207\/revisions"}],"predecessor-version":[{"id":1378,"href":"https:\/\/euroguidance.ie\/ga\/wp-json\/wp\/v2\/pages\/1207\/revisions\/1378"}],"wp:attachment":[{"href":"https:\/\/euroguidance.ie\/ga\/wp-json\/wp\/v2\/media?parent=1207"}],"curies":[{"name":"wp","href":"https:\/\/api.w.org\/{rel}","templated":true}]}}