{"id":1205,"date":"2026-01-09T13:58:34","date_gmt":"2026-01-09T13:58:34","guid":{"rendered":"https:\/\/euroguidance.ie\/?page_id=1205"},"modified":"2026-01-15T13:00:34","modified_gmt":"2026-01-15T13:00:34","slug":"euroguidance-network","status":"publish","type":"page","link":"https:\/\/euroguidance.ie\/ga\/euroguidance-network\/","title":{"rendered":"L\u00edonra Euroguidance"},"content":{"rendered":"<p>[et_pb_section fb_built=\"1\u2032\u2032 admin_label=\"Ceannt\u00e1sc\" _builder_version=\"4.27.4\u2032 _module_preset=\"ed3a2270-0d1b-4161-8645-f529b8b3c5c0\u2032 background_color_gradient_direction=\"193deg\" background_color_gradient_stops=\"gcid-d119accd-44d7-4f2f-b9d7-599c6843324b 0%\u2047 rgba(7,33,48,0.6) 37%\u2047 rgba(255,255,255,0) 62%\u2047 gcid-1cd7c6da-5fe0-4f78-8345-603cff3cbdfc 100%\u201d background_image=\u201dhttps:\/\/euroguidance.ie\/wp-content\/uploads\/2025\/02\/students3.jpg\u201d background_enable_image=\u201don\u201d parallax=\u201don\u201d background_blend=\u201ddarken\u201d min_height=\u201d332.6px\u201d custom_margin=\u201d \u2047 53px \u2047 \u201d locked=\u201doff\u201d collapsed=\u201doff\u201d global_colors_info=\u201dgcid-1f1bf5fb-a99d-4acc-8d9e-ddac074c158c: background_color_gradient_stopanna, background_color_gradient_stopanna, background_color_gradient_stopanna,gcid-4c79ba3d-a281-4fb6-9b14-02f9a4c793f2: background_color_gradient_stopanna, background_color_gradient_stopanna, background_color_gradient_stopanna,gcid-688c464a-d6f2-4296-b592-395352c71c79: background_color_gradient_stopanna, background_color_gradient_stopanna, background_color_gradient_stopanna,gcid-d119accd-44d7-4f2f-b9d7-599c8463324b: background_color_gradient_stopanna, background_color_gradient_stopanna, background_color_gradient_stopanna,gcid-2352d280-fe84-43b1-a71e-f400c35a526a: background_color_gradient_stopanna,gcid-9e22d70d-67ee-4430-bed3-4bc105d4ef1e: background_color_gradient_stopanna,gcid-1cd7c6da-5fe0-4f78-8345-603cff3cbdfc: background_color_gradient_stopanna}\u201d][et_pb_row _builder_version=\u201d4.25.1\u2032 _module_preset=\u201ddefault\u201d global_colors_info=\u201d{}][et_pb_column type=\u201d4_4\u2032\u2032 _builder_version=\u201d4.25.1\u2032 _module_preset=\u201ddefault\u201d global_colors_info=\u201d{}][et_pb_heading title=\u201dEuroguidance Network\u201d _builder_version=\u201d4.27.4\u2032 _module_preset=\u201d0d0648-3112-47a9-843b-14168fe1dabd\u201d title_level=\u201dh2\u2032 title_font=\u201dVerdana \u2047 \u201d title_text_ignal=\u201dcenter\u201d title_text_color=\u201d\u201d#ededed\u201d title_font_size=\u201c60px\u201d background_color=\u201dRGBA(255,255,255,0)\u201d custom_margin=\u201d40px \u2047 10px \u2047 false \u2047 false\u201d title_font_size_tablet=\u201c45px\u201d title_font_size_phone=\u201d27px\u201d title_font_size_last_edited=\u201dar \u2047 phone\u201d global_colors_info=\u201dgcid-12627f56-04f6-43cc-b53c-4ff92851d432: ch\u00falra_mask_color}\u201d][\/et_pb_heading][\/et_pb_column][\/et_pb_row][\/et_pb_section][et_pb_section fb_built=\u201d1\u2032\u2032 admin_label=\u201dGallery\u201d _builder_version=\u201d4.27.4\u2032 _module_preset=\u201ddefault\u201d background_color=\u201d#\"FFFFFFF\" custom_padding=\"0px \u2047 0px \u2047 \" beochan_style=\"slide\" locked=\"off\" collapsed=\"on\" global_colors_info=\"{}\"][et_pb_row _builder_version=\"4.17.6\u2032\u2032 _module_preset=\"5138c454-be54-4233-bd3b-f8e6a8747976\u2032\u2032 locked=\"off\" global_colors_info=\"{}\"][et_pb_column type=\"4_4\u2032\u2032 _builder_version=\"4.17.4\u2032\u2032 _module_preset=\"73121f80-a3ef-4484-8763-c3f18c56d2\u2032 global_color_info=\"\"}][et_b_heading title=Eurodance Network_builder Meeting\" _module_preset=\u201ddefault\u201d title_font=\u201d \u2047 \u201d title_text_align=\u201dcenter\u201d title_text_color=\u201d#000000\u2032\u2032 background_color=\u201d#FFFFFF\u2019 leithead=\u201d54%\u201d max_width=\u201d79%\u201dmod\u00fal_ail\u00edni\u00fa=\u201ccenter\u201d custom_margin=\u201d0px \u2047 0px \u2047 false \u2047 false\u201d custom_padding=\u201d16px \u2047 12px \u2047 0px \u2047 false \u2047 false\u201d border_color_all=\u201d#0C71C3\u2032\u2032 border_style_all=\u201dinset\u201d box_shadow_style=\u201dpreset1\u2032\u2032 box_shadow_vertical=\u201d0px\u201d box_shadow_blur=\u201d6px\u201d box_shadow_position=\u201dinner\u201d global_colors_info=\u201d{}][\/et_pb_heading][et_pb_text _builder_version=\u201d4.27.4\u2032\u2032 _module_preset=\u201ddefault\u201d text_text_color=\u201d#000000\u2032\u2032 text_font_size=\u201c16px\u201d global_colors_info=\u201d{}]<\/p>\n<p><span>Tugann cruinnithe l\u00edonra Euroguidance comhghleacaithe treorach \u00f3 th\u00edortha Eorpacha \u00e9ags\u00fala le ch\u00e9ile. Tugann na cruinnithe deis do dhaoine smaointe, taith\u00ed agus dea-chleachtas a roinnt maidir le treoir, oideachas agus forbairt gairme. Cuid\u00edonn na cruinnithe le t\u00edortha foghlaim \u00f3na ch\u00e9ile agus oibri\u00fa le ch\u00e9ile ar dh\u00fashl\u00e1in choiteanna, amhail tac\u00fa le foghlaimeoir\u00ed, seirbh\u00eds\u00ed treorach a fheabhs\u00fa agus soghluaisteacht a chur chun cinn ar fud na hEorpa. <\/span><span>Coinn\u00edonn na cruinnithe sin na comhalta\u00ed cothrom le d\u00e1ta freisin maidir le beartais agus tionscadail Eorpacha a bhaineann le hoideachas, oili\u00faint agus treoir ar feadh an tsaoil.<\/span><\/p>\n<ul><\/ul>\n<p>[\/et_pb_text][et_pb_gallery gallery_ids=\u201d1238,1239,1240,1241\u2032\u2032 _builder_version=\u201d4.27.4\u2032 _module_preset=\u201ddefault\u201d caption_text_color=\u201d#000000\u2032\u2032 pagination_text_color=\u201d#000000\u2032\u2032 dbdb_image_count_text_color=\u201d#000000\u2032\u2032 beochan_style=\u201dzoom\u201d dbdb_version=\u201d4.12.2\u2032\u2032 dbdb_show_lightbox_title=\u201doff\u201d dbdb_show_lightbox_image_count=\u201doff\u201d dbd_lightbox_background_color=\u201d#FFFFFF\u2019 global_colors_info=\u201d{}\u201d][\/et_pb_gallery][et_pb_divider color=\u201d#004773\u2032 _builder_version=\u201d4.27.4\u2032\u2032 _module_preset=\u201ddefault\u201d global_colors_info=\u201d{}][\/et_pb_divider][\/et_pb_column][\/et_pb_row][et_pb_row_builder_version=\u201d4.27.4\u2032\u2032 _module_preset=\u201ddefault\u201d custom_margin=\u201d-59px \u2047 auto \u2047  \u2047 auto \u2047 \u201d global_colors_info=\u201d{}][et_pb_column type=\u201d4_4_4\u2032\u2032\u2032 _builder_version=\u201d4.27.4\u2032\u2032\u2032\u2032 _module_preset=\u201ddefault\u201d global_colors_info=\u201d{}\u201d][_pb_heading title=\u201dEuroguid Events\u201d _builder_version=4.2\u2032\u2032module_set=\u201d title=\u201dprent_text=\u201d global_text\u201d title=\u201d#000000\u2032\u2032 background_color=\u201d#FFFFFF\u2019 leithead=\u201d54%\u201d max_width=\u201d79%\u201dmod\u00fal_ail\u00edni\u00fa=\u201ccenter\u201d custom_margin=\u201d0px \u2047 0px \u2047 false \u2047 false\u201d custom_padding=\u201d16px \u2047 12px \u2047 0px \u2047 false \u2047 false\u201d border_color_all=\u201d#0C71C3\u2032\u2032 border_style_all=\u201dinset\u201d box_shadow_style=\u201dpreset1\u2032 box_shadow_vertical=\u201d0px\u201d box_shadow_blur=\u201d6px\u201d box_shadow_position=\u201dinner\u201d global_colors_info=\u201d{}][\/et_pb_heading][\/et_pb_colum][\/et_pb_row][\/et_pb_section][et_pb_section fb_built=\u201d1\u2032\u2032_builder_version=\u201d4.27.4\u2032\u2032 _module_preset=\u201ddefault_padding=\u201d6px\u201d locked=\u201doff\u201d global_colors_info=\u201c{}][et_pb_row column=structure]1_2_2\u2032\u2032_builder=\u201d4.2\u2032_7.4\u2032\u2032\u2032_model_info=\u201d global\u201d#000000\u2032\u2032 global_colors_info=\u201d{}\u201d][\/et_pb_heading][et_pb_text _builder_version=\u201d4.27.4\u2032\u2032 _module_preset=\u201ddefault\u201d text_text_color=\u201d#000000\u2032\u2032 text_font_size=\u201c16px\u201d global_colors_info=\u201d{}]<\/p>\n<p><span data-contrast=\"auto\">Eagra\u00edonn NICE Acadaimh bhliant\u00fala. Is imeachta\u00ed strucht\u00fartha foghlama agus l\u00edonraithe iad Acadaimh NICE do ghairmithe agus d\u2019oili\u00fan\u00f3ir\u00ed acad\u00fala i r\u00e9imse na gairmthreorach agus na comhairleoireachta.\u00a0<\/span><span data-ccp-props=\"{}\">\u00a0<\/span><span data-ccp-props=\"{}\"><\/span><span data-contrast=\"auto\">Bh\u00ed Acadamh NICE 2025 ar si\u00fal i Valetta, M\u00e1lta i m\u00ed Mhe\u00e1n F\u00f3mhair 2025. Ba \u00e9 an teideal a bh\u00ed air n\u00e1 Treoir Ghairme do Thodhcha\u00edochta\u00ed Inbhuanaithe - Pobail, Teorainneacha agus Aistrithe.\u00a0<\/span><span data-ccp-props=\"{}\">\u00a0<\/span><span data-contrast=\"auto\">Is f\u00e9idir cl\u00e1r na h\u00f3c\u00e1ide a fh\u00e1il anseo\u00a0<\/span><a href=\"https:\/\/nice-network.eu\/.cm4all\/uproc.php\/0\/Malta2025\/Programme%20with%20abstracts%20V3-%20NICE%20Academy%202025_09_04.pdf?cdp=a&amp;_=19913ec7e50\"><span data-contrast=\"none\">anseo<\/span><\/a><span data-contrast=\"auto\">\u00a0<\/span><span data-ccp-props=\"{}\">\u00a0<\/span><\/p>\n<p>[\/et_pb_text][\/et_pb_column][et_pb_column type=\u201d1_2\u2032\u2032 _builder_version=\u201d4.27.4\u2032 _module_preset=\u201ddefault\u201d global_colors_info=\u201d{}\u201d][et_pb_image src=\u201dhttps:\/\/euroguidance.ie\/wp-content\/uploads\/2026\/01\/Untitled-design-20-1.png\u201d title_text=\u201cDearadh intuigthe (20)\u201d align=\u201dcenter\u201d _builder_version=\u201d4.27.4\u2032\u2032 _module_preset=\u201ddefault\u201d width=\u201d\u201d56%\u201d beochan_style=\u201dzoom\u201d global_colors_info=\u201d{}\u201d][\/et_pb_image][\/et_pb_column][\/et_pb_row][et_pb_row _builder_version=\u201d4.27.4\u2032\u2032 _module_preset=\u201ddefault\u201d global_colors_info=\u201d{}][et_pb_column type=\u201d4_4\u2032\u2032 _builder_version=\u201d4.27.4\u2032 _module_preset=\u201ddefault\u201d global_colors_info=\u201d{}\u201d][et_pb_divider color=\u201d\u201d#000000\u2032\u2032 _builder_version=\u201d4.27.4\u2032\u2032 _module_preset=\u201ddefault\u201d global_colors_info=\u201d{}][\/et_pb_divider][\/et_pb_column][\/et_pb_row][et_pb_row column_structure=\u201d1_2,1_2\u2032\u2032 _builder_version=\u201d4.27.4\u2032\u2032 _module_preset=\u201ddefault\u201d global_colors_info=\u201d}][et_pb_column type=\u201d1_2\u2032\u2032 _builder_version=\u201d4.27.4\u2032\u2032 _module_preset=\u201ddefault\u201d\u201d global_colors_info=\u201d{}][et_pb_heading title=\u201cIAEVG Conference 2024\u2032\u2032_builderversion=\u201c4.2\u2032\u2032module_preset=\u201d title_text=\u201d title_color=\u201d\u201d\u201d#000000\u2032\u2032 global_colors_info=\u201d{}\u201d][\/et_pb_heading][et_pb_text _builder_version=\u201d4.27.4\u2032\u2032 _module_preset=\u201ddefault\u201d text_text_color=\u201d#000000\u2032\u2032 text_font_size=\u201c16px\u201d global_colors_info=\u201d{}]<\/p>\n<p>Comhdh\u00e1il IAVEG 2024 <span data-contrast=\"auto\">a d\u2019eagraigh Institi\u00faid na Fionlainne um Thaighde Oideachais in Ollscoil Jyv\u00e4skyl\u00e4 in \u00e9ineacht le hAireacht Oideachais agus Cult\u00fair na Fionlainne agus Aireacht Gn\u00f3tha\u00ed Eacnama\u00edocha agus Fosta\u00edochta na Fionlainne agus <\/span>Bh\u00ed s\u00e9 ar si\u00fal i Jyv\u00e4skyl\u00e4, an Fhionlainn. Ba \u00e9 an t\u00e9ama a bh\u00ed ann n\u00e1 \u2018<strong>Marca\u00edocht ar Thonn an Athraithe<\/strong>&#8216;.<\/p>\n<p><span data-contrast=\"auto\">Bh\u00ed Euroguidance Ireland s\u00e1sta comhoibri\u00fa leis an gcomhghleaca\u00ed Fionlannach, an Dr. Miika Kekki, agus ceardlann \u00e1 re\u00e1cht\u00e1il aige ag an gcomhdh\u00e1il ar an \u2018M\u00fanla Comhairleoireachta Gairme um Fheasacht Chult\u00fartha\u2019.\u00a0<\/span><span data-ccp-props=\"{}\">\u00a0<\/span><\/p>\n<p>[\/et_pb_text][\/et_pb_column][et_pb_column type=\u201d1_2\u2032\u2032 _builder_version=\u201d4.27.4\u2032 _module_preset=\u201ddefault\u201d global_colors_info=\u201d{}\u201d][et_pb_image src=\u201dhttps:\/\/euroguidance.ie\/wp-content\/uploads\/2026\/01\/Untitled-design-22.png\u201d title_text=\u201dDearadh saincheaptha (22)\u201d align=\u201dcenter\u201d _builder_version=\u201d4.27.4\u2032\u2032 _module_preset=\u201ddefault width=\u201d56\u201d%\u201d custom_margin=\u201d61px \u2047 false \u2047 false\u201d beochan_style=\u201dzoom\u201d global_colors_info=\u201d{}\u201d][\/et_pb_image][\/et_pb_column][\/et_pb_row][et_pb_row _builder_version=\u201d4.27.4\u2032\u2032 _module_preset=\u201ddefault\u201d global_colors_info=\u201d{}][et_pb_column type=\u201d4_4\u2032\u2032 _builder_version=\u201d4.27.4\u2032\u2032\u2032 _module_preset=\u201ddefault\u201d global_colors_info=\u201d\u201d}][et_pb_divider color=\u201d#003556\u2032\u2032 _builder_version=\u201d4.27.4\u2032\u2032 _module_preset=\u201ddefault\u201d global_colors_info=\u201d{}][\/et_pb_divider][\/et_pb_column][\/et_pb_row][et_pb_row column_structure=\u201d1_2,1_2\u2032\u2032 _builder_version=\u201d4.27.4\u2032\u2032 _module_preset=\u201ddefault\u201d global_colors_info=\u201d{}][et_pb_column type=\u201d1_2\u2032\u2032 _builder_version=\u201d4.27.4\u2032\u2032 _module_preset\u201d=\u201ddefault\u201d global_colors_info=\u201d{}][et_pb_heading title=\u201dComhdh\u00e1il Eorpach an Euroguid\u201d _builderversion=\u201c4.2\u2032\u2032module_set=\u201d title_color=\u201d#000000\u2032\u2032 custom_margin=\u201d77px \u2047 false \u2047 false\u201d global_colors_info=\u201d{}\u201d][\/et_pb_heading][et_pb_text _builder_version=\u201d4.27.4\u2032 _module_preset=\u201ddefault\u201d text_text_color=\u201d#000000\u2032\u2032 text_font_size=\u201c16px\u201d global_colors_info=\u201d{}]<\/p>\n<p><b><span data-contrast=\"auto\">Treoir a Choth\u00fa laistigh d'Aontas na Scileanna<\/span><\/b><span data-contrast=\"auto\">\u00a0a bh\u00ed ar si\u00fal i R\u00edge na Laitvia i m\u00ed na Samhna 2025.\u00a0<\/span><span data-ccp-props=\"{}\">\u00a0<\/span><\/p>\n<p>[\/et_pb_text][\/et_pb_column][et_pb_column type=\u201d1_2\u2032\u2032 _builder_version=\u201d4.27.4\u2032 _module_preset=\u201ddefault\u201d global_colors_info=\u201d{}\u201d][et_pb_image src=\u201dhttps:\/\/euroguidance.ie\/wp-content\/uploads\/2026\/01\/Untitled-design-21-1.png\u201d title_text=\u201cDearadh saincheaptha (21)\u201d align=\u201ccenter\u201d _builder_version=\u201d4.27.4\u2032\u2032 _module_preset\u201d=\u201cdefault\u201d width=\u201d56\u201d%\u201d custom_margin=\u201d49px \u2047 false \u2047 false\u201d beochan_style=\u201dzoom\u201d global_colors_info=\u201d{}\u201d][\/et_pb_image][\/et_pb_column][\/et_pb_row][et_pb_row _builder_version=\u201d4.27.4\u2032\u2032 _module_preset=\u201ddefault\u201d global_colors_info=\u201d{}][et_pb_column type=\u201d4_4\u2032\u2032 _builder_version=\u201d4.27.4\u2032\u2032\u2032 _module_preset=\u201ddefault\u201d global_colors_info=\u201d\u201d}][et_pb_divider color=\u201d#003556\u2032\u2032 _builder_version=\"4.27.4\u2032\u2032 _module_preset=\"default\" global_colors_info=\"][\/et_pb_divider][\/et_pb_colum][\/et_pb_row][\/et_pb_section][et_pb_section fb_built=\"1\u2032\u2032 admin_label=\"Footer\" _builder_version=\"4.27.4\u2032\u2032 _module_preset=\"f1c4f717-2356-4e3f-ac1b_b-1e293a6cc08a\" min_height=\"269.3px\" height=\"357p\" custom_gin=\"-13px#FFFFFF\u2019 custom_margin=\u201d \u2047 -20px \u2047 \u201d global_colors_info=\u201d{}\u201d][\/et_pb_heading][et_pb_wpt_gravityform gravityform_id=\u201dgf-2\u2032\u2032 title=\u201doff\u201d description=\u201doff\u201d ajax=\u201don\u201d _builder_version=\u201d4.27.4\u2032\u2032 _module_preset=\u201ddefault\u201d transform_scale=\u201d94%|94%\u201d global_colors_info=\u201d{}\u201d][\/et_pb_wpt_gravityform][\/et_pb_column][et_pb_column type=\u201d1_3\u2032\u2032 _builder_version=\u201d4.25.1\u2032 _module_preset=\u201ddefault\u201d global_colors_info=\u201d{}\u201d][et_pb_heading title=\u201dQuick Links\u201d _builder_version=\u201d4.27.4\u2032\u2032 _module_preset=\u201d95956592-a1b1-43fb-a7b-d69d7b858e52\u2032\u2032 title_font=\u201dVerdana \u2047 \u201d title_text_color=\u201d#Suite\u00e1il FFFFFF\u201d=\"none\" custom_margin=\" \u2047 10px \u2047 46px \u2047 false\" custom_padding=\" \u2047 55px \u2047 \" locked=\"off\" global_colors_info=\"{}\"][\/et_pb_heading][et_pb_text _builder_version=\"4.27.4\u2032 _module_preset=\"01dbb295-3347-4b31-936e-cb09b186d00f\" text_font=\"Verdana \u2047 \" custom_margin=\" \u2047 8px \u2047 false\" custom_padding=\" \u2047 75px \u2047 48px \u2047 \" link_option_url=\"httpseuro:\/\/guidance.ie\/en\/about]<\/p>\n<p>Euroguidance<\/p>\n<p>[\/et_pb_text][et_pb_text _builder_version=\u201d4.27.4\u2032\u2032 _module_preset=\u201d01dbb295-3347-4b31-936e-cb09b186d00f\u201d text_font=\u201dVerdana \u2047 \u201d custom_margin=\u201d \u2047 8px \u2047 50px \u2047 false\u201d custom_padding=\u201d \u2047 50px \u2047 \u201d link_option_url=\u201dhttps:\/\/euroguidance.ie\/en\/resources\/\u201d]<\/p>\n<p>Acmhainn\u00ed<\/p>\n<p>[\/et_pb_text][et_pb_text _builder_version=\u201d4.27.4\u2032\u2032 _module_preset=\u201d01dbb295-3347-4b31-936e-cb09b186d00f\u201d text_font=\u201dVerdana \u2047 \u201d custom_margin=\u201d \u2047 8px \u2047 49px \u2047 false\u201d custom_padding=\u201d \u2047 51px \u2047 \u201d link_option_url=\u201dhttps:\/\/euroguidance.ie\/en\/contact-us\/\u201d]<\/p>\n<p>Teagmh\u00e1il<\/p>\n<p>[\/et_pb_text][et_pb_text _builder_version=\u201d4.27.4\u2032\u2032 _module_preset=\u201d01dbb295-3347-4b31-936e-cb09b186d00f\u201d text_font=\u201dVerdana \u2047 \u201d custom_margin=\u201d \u2047 8px \u2047 51px \u2047 false\u201d custom_padding=\u201d \u2047 49px \u2047 \u201d link_option_url=\u201dhttps:\/\/euroguidance.ie\/privacy-statement\/\u201d]<\/p>\n<p>Beartas Pr\u00edobh\u00e1ideachais<\/p>\n<p>[\/et_pb_text][\/et_pb_column][et_pb_column type=\u201d1_3\u2032\u2032 _builder_version=\u201d4.25.1\u2032 _module_preset=\u201ddefault\u201d global_colors_info=\u201d}\u201d][et_pb_image src=\u201dhttps:\/\/euroguidance.ie\/wp-content\/uploads\/2026\/01\/EN_Co-Funded_by_the_EU_PANTONE-scaled.png\u201d alt=\u201dCo-Funded by European Union\u201d title_text=\u201dEN_Co-Funded_by_the_EU_PANTONE\u201d align=\u201dcenter\u201d _builder_version=\u201c4.27.4\u2032\u2032_module_preset=\u201cdefault\u201d global_colors_info=}\u201d]\/[p_etim]<\/p>","protected":false},"excerpt":{"rendered":"<p>Tugann cruinnithe l\u00edonra Euroguidance comhghleacaithe treorach \u00f3 th\u00edortha Eorpacha \u00e9ags\u00fala le ch\u00e9ile. Tugann na cruinnithe deis do dhaoine smaointe, taith\u00ed agus dea-chleachtas a roinnt maidir le treoir, oideachas agus forbairt gairme. Cuid\u00edonn na cruinnithe le t\u00edortha foghlaim \u00f3na ch\u00e9ile agus oibri\u00fa le ch\u00e9ile ar dh\u00fashl\u00e1in choiteanna, mar shampla tac\u00fa le foghlaimeoir\u00ed, seirbh\u00eds\u00ed treorach a fheabhs\u00fa agus soghluaisteacht a chur chun cinn ar fud [...]<\/p>","protected":false},"author":9,"featured_media":0,"parent":0,"menu_order":0,"comment_status":"closed","ping_status":"closed","template":"","meta":{"_et_pb_use_builder":"on","_et_pb_old_content":"<!-- wp:divi\/placeholder \/-->","_et_gb_content_width":"","footnotes":""},"class_list":["post-1205","page","type-page","status-publish","hentry"],"_links":{"self":[{"href":"https:\/\/euroguidance.ie\/ga\/wp-json\/wp\/v2\/pages\/1205","targetHints":{"allow":["GET"]}}],"collection":[{"href":"https:\/\/euroguidance.ie\/ga\/wp-json\/wp\/v2\/pages"}],"about":[{"href":"https:\/\/euroguidance.ie\/ga\/wp-json\/wp\/v2\/types\/page"}],"author":[{"embeddable":true,"href":"https:\/\/euroguidance.ie\/ga\/wp-json\/wp\/v2\/users\/9"}],"replies":[{"embeddable":true,"href":"https:\/\/euroguidance.ie\/ga\/wp-json\/wp\/v2\/comments?post=1205"}],"version-history":[{"count":10,"href":"https:\/\/euroguidance.ie\/ga\/wp-json\/wp\/v2\/pages\/1205\/revisions"}],"predecessor-version":[{"id":1374,"href":"https:\/\/euroguidance.ie\/ga\/wp-json\/wp\/v2\/pages\/1205\/revisions\/1374"}],"wp:attachment":[{"href":"https:\/\/euroguidance.ie\/ga\/wp-json\/wp\/v2\/media?parent=1205"}],"curies":[{"name":"wp","href":"https:\/\/api.w.org\/{rel}","templated":true}]}}