{"id":1098,"date":"2026-01-08T15:09:42","date_gmt":"2026-01-08T15:09:42","guid":{"rendered":"https:\/\/euroguidance.ie\/?page_id=1098"},"modified":"2026-01-15T12:39:34","modified_gmt":"2026-01-15T12:39:34","slug":"articles","status":"publish","type":"page","link":"https:\/\/euroguidance.ie\/ga\/articles\/","title":{"rendered":"Airteagail"},"content":{"rendered":"<p>[et_pb_section fb_built=\"1\u2032\u2032 admin_label=\"Ceannt\u00e1sc\" _builder_version=\"4.27.4\u2032 _module_preset=\"ed3a2270-0d1b-4161-8645-f529b8b3c5c0\u2032 background_color_gradient_direction=\"193deg\" background_color_gradient_stops=\"gcid-d119accd-44d7-4f2f-b9d7-599c6843324b 0%\u2047 rgba(7,33,48,0.6) 37%\u2047 rgba(255,255,255,0) 62%\u2047 gcid-1cd7c6da-5fe0-4f78-8345-603cff3cbdfc 100%\u201d background_image=\u201dhttps:\/\/euroguidance.ie\/wp-content\/uploads\/2025\/02\/students3.jpg\u201d background_enable_image=\u201don\u201d parallax=\u201don\u201d background_blend=\u201ddarken\u201d min_height=\u201d332.6px\u201d custom_margin=\u201d \u2047 53px \u2047 \u201d locked=\u201doff\u201d collapsed=\u201doff\u201d global_colors_info=\u201dgcid-1f1bf5fb-a99d-4acc-8d9e-ddac074c158c: background_color_gradient_stopanna, background_color_gradient_stopanna, background_color_gradient_stopanna,gcid-4c79ba3d-a281-4fb6-9b14-02f9a4c793f2: background_color_gradient_stopanna, background_color_gradient_stopanna, background_color_gradient_stopanna,gcid-688c464a-d6f2-4296-b592-395352c71c79: background_color_gradient_stopanna, background_color_gradient_stopanna, background_color_gradient_stopanna,gcid-d119accd-44d7-4f2f-b9d7-599c8463324b: background_color_gradient_stopanna, background_color_gradient_stopanna, background_color_gradient_stopanna,gcid-2352d280-fe84-43b1-a71e-f400c35a526a: background_color_gradient_stopanna,gcid-9e22d70d-67ee-4430-bed3-4bc105d4ef1e: background_color_gradient_stopanna,gcid-1cd7c6da-5fe0-4f78-8345-603cff3cbdfc: background_color_gradient_stopanna}\u201d][et_pb_row _builder_version=\u201d4.25.1\u2032 _module_preset=\u201ddefault\u201d global_colors_info=\u201d{}][et_pb_column type=\u201d4_4\u2032\u2032 _builder_version=\u201d4.25.1\u2032 _module_preset=\u201ddefault\u201d global_colors_info=\u201d{}][et_pb_heading title=\u201dAirteagail\u201d _builder_version=\u201d4.27.4\u2032 _module_preset=\u201dbe0d0648-3112-47a9-843b-14168fe1dabd\u201d title_level=\u201dh2\u2032\u2032 title_font=\u201dVerdana \u2047 \u201d title_text_ignal=\u201dcenter\u201d title_text_color=\u201d#ededed\u201d title_font_size=\u201c60px\u201d background_color=\u201dRGBA(255,255,255,0)\u201d custom_margin=\u201d40px \u2047 10px \u2047 false \u2047 false\u201d title_font_size_tablet=\u201c45px\u201d title_font_size_phone=\u201d27px\u201d title_font_size_last_edited=\u201dar \u2047 phone\u201d global_colors_info=\u201dgcid-12627f56-04f6-43cc-b53c-4ff92851d432: ch\u00falra_mask_color}\u201d][\/et_pb_heading][\/et_pb_column][\/et_pb_row][\/et_pb_section][et_pb_section fb_built=\u201d1\u2032\u2032 _builder_version=\u201d4.27.4\u2032\u2032 _module_preset=\u201ddefault\u201d custom_padding=\u201d6px \u2047 0px \u2047 \u201d lock=\u201doff\u201d global_colors_info=\u201d}\u201d][et_pb_row column_structure=\u201d1_2,1_2\u2032\u2032 _builder_version=\u201d4.27.4\u2032\u2032_module_preset=\u201ddefault\u201d global_colors_info=\u201d[}][et_pb_column type=\u201d1_mod\u2032\u2032builder_version=4.2\u2032\u2032\u2032module_preset=\u201d global_info=\u201d global_info_info]\u201d[r\u00e9amhshocr\u00fa]\u201d global_info=}]\u201d[r\u00e9amhshocr\u00fa_text_info=}]\u201d[teir]]]]]]]]]]]]\u201dInpreb_4.2\u2019]]]]]]\u2019\u2019\u2018\u2018\u2018\u2018]]]]]]]]]]\u2019\u2019\u2019\u2019\u2019\u2019[[[[\/isisisisisisisisisisisisisis]]]=\u2018\u2018\u2018\u2018\u2018\u2018\u2018\u2018\u2018\u2018\u2018\u2018\u2018\u2018\u2018\u2019\u2019\u2019\u2019\u2019\u2019\u2019\u2019\u2019\u2019\u2019\u2019\u2019\u2019\u2019\u2019\u2019\u2019\u2019\u2019\u2019\u2019\u2019\u2019\u2019\u2019\u2019\u2019\u2019\u2019\u2019\u2019\u2019\u2019\u2019\u2019\u2019\u2019\u2019\u2019\u2019\u2019\u2019\u2019\u2019\u2019\u2019\u2019\u2019\u2019\u2019\u2019\u2019\u2019\u2019\u2019\u2019\u2019\u2019\u2019\u2019\u2018\u2019\u2019\u2019\u2019\u2019\u2019\u2019\u2019\u2019\u2019\u2019\u2019\u2019\u2019\u2019\u2019\u2019\u2019\u2019\u2019\u2019\u2019\u2019\u2019\u2019\u2019\u2019\u2019\u2019\u2019\u2019\u2019\u2019\u2019\u2019\u2019\u2019\u2019\u2019\u2019\u2019\u2019\u2019\u2019\u2019\u2019\u2019\u2019\u2019\u2019\u2019\u2019\u2019\u2019\u2019\u2019\u2019\u2019\u2019\u2019\u2019\u2019\u2019\u2019\u2019\u2019\u2019\u2019\u2019\u2019\u2019\u2019\u2019\u2019\u2019\u2019\u2019\u2019\u2019\u2019\u2019\u2019\u2019\u2019\u2019\u2019\u2019\u2019\u2019\u2019\u2019\u2019\u2019\u2019\u2019\u2019\u2019\u2019\u2019\u2019\u2019\u2019\u2019\u2019\u2019\u2019\u2019\u2019\u2019\u2019\u2019\u2019\u2019\u2019\u2019\u2019\u2019\u2019\u2019\u2019\u2019\u2019\u2019\u2019\u2019\u2019\u2019\u2019\u2019\u2019\u2019\u2019\u2019\u2019\u2019\u2019\u2019\u2019\u2019\u2019\u2019\u2019\u2019\u2019\u2019\u2019\u2019\u2019\u2019\u2019\u2019\u2019\u2019\u2019\u2019\u2019\u2019\u2019\u2019\u2019\u2019\u2019\u2019\u2019\u2019\u2019\u2019\u2019\u2019\u2019\u2019\u2019\u2019\u2019\u2019\u2019\u2019\u2019\u2019\u2019\u2019\u2019\u2019\u2019\u2019\u2019\u2019\u2019\u2019\u2019\u2019\u2019\u2019\u2019\u2019\u2019\u2019\u2019\u2019\u2019\u2019\u2019\u2019\u2019\u2019\u2019\u2019\u2019\u2019\u2019\u2019\u2019\u2019\u2019\u2019\u2019\u2019\u2019\u2019\u2019\u2019\u2019\u2019\u2019\u2019\u2019\u2019\u2019\u2019\u2019\u2019\u2019\u2019\u2019\u2019\u2019\u2019\u2019\u2019\u2019\u2019\u2019\u2019\u2019\u2019\u2019\u2019\u2019\u2019\u2019\u2019\u2019\u2019\u2019\u2019\u2019\u2019\u2019\u2019\u2019\u2019\u2019\u2019\u2019\u2019\u2019\u2019\u2019\u2019\u2019\u2019\u2019\u2019\u2019\u2019\u2019\u2019\u2019\u2019\u2019\u2019\u2019\u2019\u2019\u2019\u2019\u2019\u2019\u2019\u2019\u2019\u2019\u2019\u2019\u2019\u2019\u2019\u2019\u2019\u2019\u2019\u2019\u2019\u2019\u2019\u2019\u2019\u2019\u2019\u2019\u2019\u2019\u2019\u2019\u2019\u2019\u2019\u2019\u2019\u2019\u2019\u2019\u2019\u2019\u2019\u2019\u2019\u2019\u2019\u2019\u2019\u2019\u2019\u2019\u2019\u2019\u2019\u2019\u2019\u2019\u2019\u2019\u2019\u2019\u2019\u2019\u2019\u2019\u2019\u2019\u2019\u2019\u2019\u2019\u2019\u2019\u2019\u2019\u2019\u2019\u2019\u2019\u2019\u2019\u2019\u2019\u2019\u2019\u2019\u2019\u2019\u2019\u2019\u2019\u2019\u2019\u2019\u2019\u2019\u2019\u2019\u2019\u2019\u2019\u2019\u2019\u2019\u2019\u2019\u2019\u2019\u2019\u2019\u2019\u2019\u2019\u2019\u2019\u2019\u2019\u2019\u2019\u2019\u2019\u2019\u2019\u2019\u2019\u2019\u2019\u2019\u2019\u2019\u2019\u2019\u2019\u2019\u2019\u2019\u2019\u2019\u2019\u2019\u2019\u2019\u2019\u2019#000000\u2032\u2032 global_colors_info=\u201d{}\u201d][\/et_pb_heading][et_pb_text _builder_version=\u201d4.27.4\u2032\u2032 _module_preset=\u201ddefault\u201d text_text_color=\u201d#000000\u2032\u2032 text_font_size=\u201c16px\u201d global_colors_info=\u201d{}]<\/p>\n<p><strong data-start=\"164\" data-end=\"186\">An IAEVG MAGAZINE<\/strong><span> Is \u00e9 \u00e1r bhfoilseach\u00e1n digiteach tr\u00edbhliant\u00fail at\u00e1 deartha chun gairmithe ar fud an domhain a nascadh, a chur ar an eolas agus a spreagadh.<\/span><\/p>\n<p><a href=\"https:\/\/euroguidance.ie\/wp-content\/uploads\/2026\/01\/iaevg_magazine.pdf\"><span style=\"color: #800000;\">\u2192 \u00cdosl\u00f3d\u00e1il c\u00f3ip anseo<\/span><\/a><\/p>\n<p>[\/et_pb_text][et_pb_button button_url=\u201dhttps:\/\/iaevg.com\/IAEVG-Magazine\u201d url_new_window=\u201don\u201d button_text=\u201dLearn More\u201d _builder_version=\u201d4.27.4\u2032\u2032 _module_preset=\u201ddefault\u201d custom_button=\u201don\u201d button_text_color=\u201d#004773\u2032\u2032 button_border_color=\u201d#004773\u2032\u2032 button_icon_color=\u201d#004773\u2032\u2032 button_on_hover=\u201doff\u201d global_colors_info=\u201d{}\u201d][\/et_pb_button][\/et_pb_column][et_pb_column type=\u201d1_2\u2032\u2032 _builder_version=\u201d4.27.4\u2032 _module_preset=\u201ddefault\u201d global_colors_info=\u201d{}][et_pb_image src=\u201dhttps:\/\/euroguidance.ie\/wp-content\/uploads\/2026\/01\/Untitled-design-26.png\u201d title_text=\u201dDearadh neamhnithe (26)\u201d align=\u201ccenter\u201d _builder_version=4.27.4\u2032\u2032 _module_preset=\u201ddefault\u201d animation_style=\u201czoom\u201d global_color_info=}\u201d[pim_et][coille]\/prow_et_b] _builder_version=\u201d4.27.4\u2032\u2032 _module_preset=\u201ddefault\u201d global_colors_info=\u201d{}\u201d][et_pb_column type=\u201d4_4\u2032\u2032 _builder_version=\u201d4.27.4\u2032 _module_preset=\u201ddefault\u201d global_colors_info=\u201d{}\u201d][et_pb_divider color=\u201d#003556\u2032\u2032 _builder_version=\"4.27.4\u2032\u2032 _module_preset=\"default\" global_colors_info=\"{}][\/et_pb_divider][\/et_pb_column][\/et_pb_row][\/et_pb_section][et_pb_section fb_built=\"1\u2032\u2032 _builder_version=\"4.27.4\u2032\u2032 _module_preset=\"default\" custom_padding=\"6px\" locked=\"off\" global_colors_info=\"{}][et_pb_row column_structure=\"1_2,1_2\u2032\u2032 _builder_version=\"4.27.4\u2032\u2032\u2032 _module_preset=\"default_info=\" global_colors_info=\"\"#000000\u2032\u2032 global_colors_info=\u201d{}\u201d][\/et_pb_heading][et_pb_text _builder_version=\u201d4.27.4\u2032\u2032 _module_preset=\u201ddefault\u201d text_text_color=\u201d#000000\u2032\u2032 text_font_size=\u201c16px\u201d hover_enabled=\u201d0\u2032\u2032 global_colors_info=\u201d{}\u201d sticky_enabled=\u201d0\u2032\u2032]<\/p>\n<p><span data-teams=\"true\">Is acmhainn \u00ed an Eoraip at\u00e1 ar oscailt duit maidir le deiseanna agus taca\u00edochta\u00ed Eorpacha do dhaoine \u00f3ga agus do dhaoine f\u00e1sta \u00f3ga idir 18-30 bliain d\u2019aois go pr\u00edomha. T\u00e1 eolas, leideanna, su\u00edomhanna gr\u00e9as\u00e1in \u00fas\u00e1ideacha, agus naisc chuig seirbh\u00eds\u00ed lena n-\u00e1ir\u00edtear Euroguidance Ireland sa leabhr\u00e1n seo ar f\u00e9idir teagmh\u00e1il a dh\u00e9anamh leo chun tuilleadh eolais a fh\u00e1il faoi obair dheonach, obair, oili\u00faint, staid\u00e9ar n\u00f3 taisteal san Eoraip.<\/span><\/p>\n<p><span style=\"color: #800000;\"><a href=\"https:\/\/euroguidance.ie\/wp-content\/uploads\/2026\/01\/179164-Leargas-Booklet-1-1.pdf\" style=\"color: #800000;\">\u2192 \u00cdosl\u00f3d\u00e1il c\u00f3ip anseo<\/a><\/span><\/p>\n<p>[\/et_pb_text][et_pb_button button_url=\u201dhttps:\/\/eurodesk.ie\/europe-is-open-to-you-guide\/\u201d url_new_window=\u201don\u201d button_text=\u201dLearn More\u201d _builder_version=\u201d4.27.4\u2032\u2032 _module_preset=\u201ddefault\u201d custom_button=\u201don\u201d button_text_color=\u201d#004773\u2032\u2032 button_border_color=\u201d#004773\u2032\u2032 button_icon_color=\u201d#004773\u2032\u2032 button_on_hover=\u201doff\u201d global_colors_info=\u201d{}\u201d][\/et_pb_button][\/et_pb_column][et_pb_column type=\u201d1_2\u2032\u2032 _builder_version=\u201d4.27.4\u2032 _module_preset=\u201ddefault\u201d global_colors_info=\u201d{}][et_pb_image src=\u201dhttps:\/\/euroguidance.ie\/wp-content\/uploads\/2026\/01\/Untitled-design-25.png\u201d title_text=\u201dDearadh neamhnithe (25)\u201d align=\u201ccenter\u201d _builder_version=\u201d4.27.4\u2032\u2032 _module_preset=\u201ddefault\u201d animation_style=\u201czoom\u201d global_colors_info=}\u201d]\/[pim_et] _builder_version=\u201d4.27.4\u2032\u2032 _module_preset=\u201ddefault\u201d global_colors_info=\u201d{}\u201d][et_pb_column type=\u201d4_4\u2032\u2032 _builder_version=\u201d4.27.4\u2032 _module_preset=\u201ddefault\u201d global_colors_info=\u201d{}\u201d][et_pb_divider color=\u201d#003556\u2032\u2032 _builder_version=\"4.27.4\u2032\u2032 _module_preset=\"default\" global_colors_info=\"][\/et_pb_divider][\/et_pb_colum][\/et_pb_row][\/et_pb_section][et_pb_section fb_built=\"1\u2032\u2032 admin_label=\"Footer\" _builder_version=\"4.27.4\u2032\u2032 _module_preset=\"f1c4f717-2356-4e3f-ac1b_b-1e293a6cc08a\" min_height=\"269.3px\" height=\"357p\" custom_gin=\"-13px#FFFFFF\u2019 custom_margin=\u201d \u2047 -20px \u2047 \u201d global_colors_info=\u201d{}\u201d][\/et_pb_heading][et_pb_wpt_gravityform gravityform_id=\u201dgf-2\u2032\u2032 title=\u201doff\u201d description=\u201doff\u201d ajax=\u201don\u201d _builder_version=\u201d4.27.4\u2032\u2032 _module_preset=\u201ddefault\u201d transform_scale=\u201d94%|94%\u201d global_colors_info=\u201d{}\u201d][\/et_pb_wpt_gravityform][\/et_pb_column][et_pb_column type=\u201d1_3\u2032\u2032 _builder_version=\u201d4.25.1\u2032 _module_preset=\u201ddefault\u201d global_colors_info=\u201d{}\u201d][et_pb_heading title=\u201dQuick Links\u201d _builder_version=\u201d4.27.4\u2032\u2032 _module_preset=\u201d95956592-a1b1-43fb-a7b-d69d7b858e52\u2032\u2032 title_font=\u201dVerdana \u2047 \u201d title_text_color=\u201d#Suite\u00e1il FFFFFF\u201d=\"none\" custom_margin=\" \u2047 10px \u2047 46px \u2047 false\" custom_padding=\" \u2047 55px \u2047 \" locked=\"off\" global_colors_info=\"{}\"][\/et_pb_heading][et_pb_text _builder_version=\"4.27.4\u2032 _module_preset=\"01dbb295-3347-4b31-936e-cb09b186d00f\" text_font=\"Verdana \u2047 \" custom_margin=\" \u2047 8px \u2047 false\" custom_padding=\" \u2047 75px \u2047 48px \u2047 \" link_option_url=\"httpseuro:\/\/guidance.ie\/en\/about]<\/p>\n<p>Euroguidance<\/p>\n<p>[\/et_pb_text][et_pb_text _builder_version=\u201d4.27.4\u2032\u2032 _module_preset=\u201d01dbb295-3347-4b31-936e-cb09b186d00f\u201d text_font=\u201dVerdana \u2047 \u201d custom_margin=\u201d \u2047 8px \u2047 50px \u2047 false\u201d custom_padding=\u201d \u2047 50px \u2047 \u201d link_option_url=\u201dhttps:\/\/euroguidance.ie\/en\/resources\/\u201d]<\/p>\n<p>Acmhainn\u00ed<\/p>\n<p>[\/et_pb_text][et_pb_text _builder_version=\u201d4.27.4\u2032\u2032 _module_preset=\u201d01dbb295-3347-4b31-936e-cb09b186d00f\u201d text_font=\u201dVerdana \u2047 \u201d custom_margin=\u201d \u2047 8px \u2047 49px \u2047 false\u201d custom_padding=\u201d \u2047 51px \u2047 \u201d link_option_url=\u201dhttps:\/\/euroguidance.ie\/en\/contact-us\/\u201d]<\/p>\n<p>Teagmh\u00e1il<\/p>\n<p>[\/et_pb_text][et_pb_text _builder_version=\u201d4.27.4\u2032\u2032 _module_preset=\u201d01dbb295-3347-4b31-936e-cb09b186d00f\u201d text_font=\u201dVerdana \u2047 \u201d custom_margin=\u201d \u2047 8px \u2047 51px \u2047 false\u201d custom_padding=\u201d \u2047 49px \u2047 \u201d link_option_url=\u201dhttps:\/\/euroguidance.ie\/privacy-statement\/\u201d]<\/p>\n<p>Beartas Pr\u00edobh\u00e1ideachais<\/p>\n<p>[\/et_pb_text][\/et_pb_column][et_pb_column type=\u201d1_3\u2032\u2032 _builder_version=\u201d4.25.1\u2032 _module_preset=\u201ddefault\u201d global_colors_info=\u201d}\u201d][et_pb_image src=\u201dhttps:\/\/euroguidance.ie\/wp-content\/uploads\/2026\/01\/EN_Co-Funded_by_the_EU_PANTONE-scaled.png\u201d alt=\u201dCo-Funded by European Union\u201d title_text=\u201dEN_Co-Funded_by_the_EU_PANTONE\u201d align=\u201dcenter\u201d _builder_version=\u201c4.27.4\u2032\u2032_module_preset=\u201cdefault\u201d global_colors_info=}\u201d]\/[p_etim]<\/p>","protected":false},"excerpt":{"rendered":"<p>Is \u00e9 IAEVG MAGAZINE \u00e1r bhfoilseach\u00e1n digiteach tr\u00edbhliant\u00fail at\u00e1 deartha chun gairmithe ar fud an domhain a nascadh, a chur ar an eolas agus a spreagadh. \u2192 \u00cdosl\u00f3d\u00e1il c\u00f3ip anseoIs acmhainn \u00ed an Eoraip at\u00e1 ar oscailt duit maidir le deiseanna agus taca\u00edochta\u00ed Eorpacha do dhaoine \u00f3ga agus do dhaoine f\u00e1sta \u00f3ga idir 18-30 bliain d'aois go pr\u00edomha. T\u00e1 eolas, leideanna, l\u00e1ithre\u00e1in ghr\u00e9as\u00e1in \u00fas\u00e1ideacha, agus naisc chuig seirbh\u00eds\u00ed sa leabhr\u00e1n seo [...]<\/p>","protected":false},"author":9,"featured_media":0,"parent":0,"menu_order":0,"comment_status":"closed","ping_status":"closed","template":"","meta":{"_et_pb_use_builder":"on","_et_pb_old_content":"<!-- wp:divi\/placeholder \/-->","_et_gb_content_width":"","footnotes":""},"class_list":["post-1098","page","type-page","status-publish","hentry"],"_links":{"self":[{"href":"https:\/\/euroguidance.ie\/ga\/wp-json\/wp\/v2\/pages\/1098","targetHints":{"allow":["GET"]}}],"collection":[{"href":"https:\/\/euroguidance.ie\/ga\/wp-json\/wp\/v2\/pages"}],"about":[{"href":"https:\/\/euroguidance.ie\/ga\/wp-json\/wp\/v2\/types\/page"}],"author":[{"embeddable":true,"href":"https:\/\/euroguidance.ie\/ga\/wp-json\/wp\/v2\/users\/9"}],"replies":[{"embeddable":true,"href":"https:\/\/euroguidance.ie\/ga\/wp-json\/wp\/v2\/comments?post=1098"}],"version-history":[{"count":8,"href":"https:\/\/euroguidance.ie\/ga\/wp-json\/wp\/v2\/pages\/1098\/revisions"}],"predecessor-version":[{"id":1362,"href":"https:\/\/euroguidance.ie\/ga\/wp-json\/wp\/v2\/pages\/1098\/revisions\/1362"}],"wp:attachment":[{"href":"https:\/\/euroguidance.ie\/ga\/wp-json\/wp\/v2\/media?parent=1098"}],"curies":[{"name":"wp","href":"https:\/\/api.w.org\/{rel}","templated":true}]}}