{"id":1096,"date":"2026-01-08T15:08:37","date_gmt":"2026-01-08T15:08:37","guid":{"rendered":"https:\/\/euroguidance.ie\/?page_id=1096"},"modified":"2026-01-15T12:54:25","modified_gmt":"2026-01-15T12:54:25","slug":"publications","status":"publish","type":"page","link":"https:\/\/euroguidance.ie\/ga\/publications\/","title":{"rendered":"Foilseach\u00e1in"},"content":{"rendered":"<p>[et_pb_section fb_built=\"1\u2032\u2032 admin_label=\"Ceannt\u00e1sc\" _builder_version=\"4.27.4\u2032 _module_preset=\"ed3a2270-0d1b-4161-8645-f529b8b3c5c0\u2032 background_color_gradient_direction=\"193deg\" background_color_gradient_stops=\"gcid-d119accd-44d7-4f2f-b9d7-599c6843324b 0%\u2047 rgba(7,33,48,0.6) 37%\u2047 rgba(255,255,255,0) 62%\u2047 gcid-1cd7c6da-5fe0-4f78-8345-603cff3cbdfc 100%\u201d background_image=\u201dhttps:\/\/euroguidance.ie\/wp-content\/uploads\/2025\/02\/students3.jpg\u201d background_enable_image=\u201don\u201d parallax=\u201don\u201d background_blend=\u201ddarken\u201d min_height=\u201d332.6px\u201d custom_margin=\u201d \u2047 53px \u2047 \u201d locked=\u201doff\u201d collapsed=\u201doff\u201d global_colors_info=\u201dgcid-1f1bf5fb-a99d-4acc-8d9e-ddac074c158c: background_color_gradient_stopanna, background_color_gradient_stopanna, background_color_gradient_stopanna,gcid-4c79ba3d-a281-4fb6-9b14-02f9a4c793f2: background_color_gradient_stopanna, background_color_gradient_stopanna, background_color_gradient_stopanna,gcid-688c464a-d6f2-4296-b592-395352c71c79: background_color_gradient_stopanna, background_color_gradient_stopanna, background_color_gradient_stopanna,gcid-d119accd-44d7-4f2f-b9d7-599c8463324b: background_color_gradient_stopanna, background_color_gradient_stopanna, background_color_gradient_stopanna,gcid-2352d280-fe84-43b1-a71e-f400c35a526a: background_color_gradient_stopanna,gcid-9e22d70d-67ee-4430-bed3-4bc105d4ef1e: background_color_gradient_stopanna,gcid-1cd7c6da-5fe0-4f78-8345-603cff3cbdfc: background_color_gradient_stopanna}\u201d][et_pb_row _builder_version=\u201d4.25.1\u2032 _module_preset=\u201ddefault\u201d global_colors_info=\u201d{}][et_pb_column type=\u201d4_4\u2032\u2032 _builder_version=\u201d4.25.1\u2032 _module_preset=\u201ddefault\u201d global_colors_info=\u201d{}][et_pb_heading title=\u201dPublications\u201d _builder_version=\u201d4.27.4\u2032 _module_preset=\u201dbe0d0648-3112-47a9-843b-14168fe1dabd\u201d title_level=\u201dh2\u2032\u2032 title_font=\u201dVerdana \u2047 \u201d title_text_ignal=\u201dcenter\u201d title_text_color=\u201d#ededed\u201d title_font_size=\u201c60px\u201d background_color=\u201dRGBA(255,255,255,0)\u201d custom_margin=\u201d40px \u2047 10px \u2047 false \u2047 false\u201d title_font_size_tablet=\u201c45px\u201d title_font_size_phone=\u201d27px\u201d title_font_size_last_edited=\u201dar \u2047 phone\u201d global_colors_info=\u201dgcid-12627f56-04f6-43cc-b53c-4ff92851d432: ch\u00falra_mask_color}\u201d][\/et_pb_heading][\/et_pb_column][\/et_pb_row][\/et_pb_section][et_pb_section fb_built=\u201d1\u2032\u2032 _builder_version=\u201d4.27.4\u2032\u2032 _module_preset=\u201ddefault\u201d custom_padding=\u201d6px \u2047 \u201d locked=\u201doff\u201d global_colors_info=\u201d{}][et_pb_row column_structure=\u201d1_2,1_2\u2032\u2032 _builder_version=\u201d4.27.4\u2032\u2032 _module_preset=\u201ddefault\u201d global_colors_info=\u201d\u201d[et_pb_column type=\u201d1_mod\u2032\u2032_version=\u201c4.27.4\u2032\u2032\u2032_module_preset=\u201d global_color_info=\u201d\u201dGlobal_info_info=\u201d[_info_info_info=]]][pb_text_heading_head][Teideal_2014=2024]\u201c[Teideal_4.2\u2032=\u201c]]]]]]]]]]]]\u201c[\/Teideal][]]]]]]]]]]]]]]]]]]]]]]]]]]]]]]]]]][\/[\/)[\/et_.#000000\u2032\u2032 global_colors_info=\u201d{}\u201d][\/et_pb_heading][et_pb_text _builder_version=\u201d4.27.4\u2032\u2032 _module_preset=\u201ddefault\u201d text_text_color=\u201d#000000\u2032\u2032 text_font_size=\u201c16px\u201d global_colors_info=\u201d{}]<\/p>\n<p>D\u00edr\u00edonn pr\u00edomhbheartais treora\u00edochta na h\u00c9ireann ar chabhr\u00fa le daoine rochtain a fh\u00e1il ar oideachas, oili\u00faint agus conair\u00ed gairme ar feadh a saoil. Cuireann an Creat Strait\u00e9iseach N\u00e1isi\u00fanta um Threoir ar Feadh an tSaoil (2024-2030), faoi sti\u00fair na Roinne Oideachais, cur chuige scoile uile chun cinn maidir le treoir agus \u00fas\u00e1id uirlis\u00ed digiteacha amhail an treoirmhapa. Taca\u00edtear leis an obair sin tr\u00ed strait\u00e9is\u00ed n\u00edos leithne amhail an Strait\u00e9is N\u00e1isi\u00fanta Scileanna agus eagra\u00edochta\u00ed amhail an Bord um Fhaisn\u00e9is do Shaor\u00e1naigh, a shol\u00e1thra\u00edonn comhairle shoil\u00e9ir at\u00e1 d\u00edrithe ar an \u00fas\u00e1ideoir agus taighde ar bheartas s\u00f3isialta. Le ch\u00e9ile, is \u00e9 is aidhm do na beartais sin cabhr\u00fa le daoine na roghanna cearta oideachais, oili\u00fana agus gairme a aimsi\u00fa d\u00e1 riachtanais.<\/p>\n<p><span style=\"color: #800000;\">\u2192 \u00cdosl\u00f3d\u00e1il c\u00f3ipeanna th\u00edos:\u00a0<\/span><\/p>\n<ul>\n<li><a href=\"https:\/\/euroguidance.ie\/wp-content\/uploads\/2026\/01\/National-Strategic-Framework-for-Lifelong-Guidance-Strategic-Action-Plan-2024-2030-1.pdf\"><span style=\"color: #800000;\">An Creat Strait\u00e9iseach N\u00e1isi\u00fanta um Threora\u00edocht ar Feadh an tSaoil: Plean Gn\u00edomha\u00edochta Strait\u00e9iseach (2024 \u2013 2030)\u00a0<\/span><\/a><span style=\"color: #800000;\"><\/span><\/li>\n<\/ul>\n<p><span style=\"color: #800000;\"><\/span><\/p>\n<ul>\n<li><a href=\"https:\/\/euroguidance.ie\/wp-content\/uploads\/2026\/01\/National-Strategic-Framework-for-Lifelong-Guidance-1.pdf\"><span style=\"color: #800000;\">An Creat Strait\u00e9iseach N\u00e1isi\u00fanta um Threora\u00edocht ar Feadh an tSaoil (2024 \u2013 2030)<\/span><\/a><\/li>\n<\/ul>\n<p>[\/et_pb_text][et_pb_button button_url=\u201dhttps:\/\/www.gov.ie\/en\/department-of-education\/publications\/guidance\/\u201d url_new_window=\u201don\u201d button_text=\u201dLearn More\u201d _builder_version=\u201d4.27.4\u2032\u2032 _module_preset=\u201ddefault\u201d custom_button=\u201don\u201d button_text_color=\u201d#004773\u2032\u2032 button_border_color=\u201d#004773\u2032\u2032 button_icon_color=\u201d#004773\u2032\u2032 button_on_hover=\u201doff\u201d global_colors_info=\u201d{}\u201d][\/et_pb_button][\/et_pb_column][et_pb_column type=\u201d1_2\u2032\u2032 _builder_version=\u201d4.27.4\u2032\u2032 _module_preset=\u201ddefault\u201d global_colors_info=\u201d{}][et_pb_image src=\u201dhttps:\/\/euroguidance.ie\/wp-content\/uploads\/2026\/01\/Untitled-design.png\u201d title_text=\u201dUntitled design (27)\u201d align=\u201dcenter\u201d _builder_version=\u201d4.27.4\u2032\u2032 _module_preset=\u201ddefault\u201d animation_style=\u201czoom\u201d global_colors_info=}\u201d]\/[pim_et] _builder_version=\u201d4.27.4\u2032\u2032 _module_preset=\u201ddefault\u201d global_colors_info=\u201d{}\u201d][et_pb_column type=\u201d4_4\u2032\u2032 _builder_version=\u201d4.27.4\u2032 _module_preset=\u201ddefault\u201d global_colors_info=\u201d{}\u201d][et_pb_divider color=\u201d#003556\u2032\u2032 _builder_version=\"4.27.4\u2032\u2032 _module_preset=\"default\" global_colors_info=\"][\/et_pb_divider][\/et_pb_colum][\/et_pb_row][\/et_pb_section][et_pb_section fb_built=\"1\u2032\u2032 admin_label=\"Footer\" _builder_version=\"4.27.4\u2032\u2032 _module_preset=\"f1c4f717-2356-4e3f-ac1b_b-1e293a6cc08a\" min_height=\"269.3px\" height=\"357p\" custom_gin=\"-13px#FFFFFF\u2019 custom_margin=\u201d \u2047 -20px \u2047 \u201d global_colors_info=\u201d{}\u201d][\/et_pb_heading][et_pb_wpt_gravityform gravityform_id=\u201dgf-2\u2032\u2032 title=\u201doff\u201d description=\u201doff\u201d ajax=\u201don\u201d _builder_version=\u201d4.27.4\u2032\u2032 _module_preset=\u201ddefault\u201d transform_scale=\u201d94%|94%\u201d global_colors_info=\u201d{}\u201d][\/et_pb_wpt_gravityform][\/et_pb_column][et_pb_column type=\u201d1_3\u2032\u2032 _builder_version=\u201d4.25.1\u2032 _module_preset=\u201ddefault\u201d global_colors_info=\u201d{}\u201d][et_pb_heading title=\u201dQuick Links\u201d _builder_version=\u201d4.27.4\u2032\u2032 _module_preset=\u201d95956592-a1b1-43fb-a7b-d69d7b858e52\u2032\u2032 title_font=\u201dVerdana \u2047 \u201d title_text_color=\u201d#Suite\u00e1il FFFFFF\u201d=\"none\" custom_margin=\" \u2047 10px \u2047 46px \u2047 false\" custom_padding=\" \u2047 55px \u2047 \" locked=\"off\" global_colors_info=\"{}\"][\/et_pb_heading][et_pb_text _builder_version=\"4.27.4\u2032 _module_preset=\"01dbb295-3347-4b31-936e-cb09b186d00f\" text_font=\"Verdana \u2047 \" custom_margin=\" \u2047 8px \u2047 false\" custom_padding=\" \u2047 75px \u2047 48px \u2047 \" link_option_url=\"httpseuro:\/\/guidance.ie\/en\/about]<\/p>\n<p>Euroguidance<\/p>\n<p>[\/et_pb_text][et_pb_text _builder_version=\u201d4.27.4\u2032\u2032 _module_preset=\u201d01dbb295-3347-4b31-936e-cb09b186d00f\u201d text_font=\u201dVerdana \u2047 \u201d custom_margin=\u201d \u2047 8px \u2047 50px \u2047 false\u201d custom_padding=\u201d \u2047 50px \u2047 \u201d link_option_url=\u201dhttps:\/\/euroguidance.ie\/en\/resources\/\u201d]<\/p>\n<p>Acmhainn\u00ed<\/p>\n<p>[\/et_pb_text][et_pb_text _builder_version=\u201d4.27.4\u2032\u2032 _module_preset=\u201d01dbb295-3347-4b31-936e-cb09b186d00f\u201d text_font=\u201dVerdana \u2047 \u201d custom_margin=\u201d \u2047 8px \u2047 49px \u2047 false\u201d custom_padding=\u201d \u2047 51px \u2047 \u201d link_option_url=\u201dhttps:\/\/euroguidance.ie\/en\/contact-us\/\u201d]<\/p>\n<p>Teagmh\u00e1il<\/p>\n<p>[\/et_pb_text][et_pb_text _builder_version=\u201d4.27.4\u2032\u2032 _module_preset=\u201d01dbb295-3347-4b31-936e-cb09b186d00f\u201d text_font=\u201dVerdana \u2047 \u201d custom_margin=\u201d \u2047 8px \u2047 51px \u2047 false\u201d custom_padding=\u201d \u2047 49px \u2047 \u201d link_option_url=\u201dhttps:\/\/euroguidance.ie\/privacy-statement\/\u201d]<\/p>\n<p>Beartas Pr\u00edobh\u00e1ideachais<\/p>\n<p>[\/et_pb_text][\/et_pb_column][et_pb_column type=\u201d1_3\u2032\u2032 _builder_version=\u201d4.25.1\u2032 _module_preset=\u201ddefault\u201d global_colors_info=\u201d}\u201d][et_pb_image src=\u201dhttps:\/\/euroguidance.ie\/wp-content\/uploads\/2026\/01\/EN_Co-Funded_by_the_EU_PANTONE-scaled.png\u201d alt=\u201dCo-Funded by European Union\u201d title_text=\u201dEN_Co-Funded_by_the_EU_PANTONE\u201d align=\u201dcenter\u201d _builder_version=\u201c4.27.4\u2032\u2032_module_preset=\u201cdefault\u201d global_colors_info=}\u201d]\/[p_etim]<\/p>","protected":false},"excerpt":{"rendered":"<p>D\u00edr\u00edonn pr\u00edomhbheartais treora\u00edochta na h\u00c9ireann ar chabhr\u00fa le daoine rochtain a fh\u00e1il ar oideachas, oili\u00faint agus conair\u00ed gairme ar feadh a saoil. Cuireann an Creat Strait\u00e9iseach N\u00e1isi\u00fanta um Threoir ar Feadh an tSaoil (2024-2030), faoi sti\u00fair na Roinne Oideachais, cur chuige scoile uile chun cinn maidir le treoir agus \u00fas\u00e1id uirlis\u00ed digiteacha amhail an treoirmhapa. Taca\u00edonn strait\u00e9is\u00ed n\u00edos leithne leis an obair seo [...]<\/p>","protected":false},"author":9,"featured_media":0,"parent":0,"menu_order":0,"comment_status":"closed","ping_status":"closed","template":"","meta":{"_et_pb_use_builder":"on","_et_pb_old_content":"<!-- wp:divi\/placeholder \/-->","_et_gb_content_width":"","footnotes":""},"class_list":["post-1096","page","type-page","status-publish","hentry"],"_links":{"self":[{"href":"https:\/\/euroguidance.ie\/ga\/wp-json\/wp\/v2\/pages\/1096","targetHints":{"allow":["GET"]}}],"collection":[{"href":"https:\/\/euroguidance.ie\/ga\/wp-json\/wp\/v2\/pages"}],"about":[{"href":"https:\/\/euroguidance.ie\/ga\/wp-json\/wp\/v2\/types\/page"}],"author":[{"embeddable":true,"href":"https:\/\/euroguidance.ie\/ga\/wp-json\/wp\/v2\/users\/9"}],"replies":[{"embeddable":true,"href":"https:\/\/euroguidance.ie\/ga\/wp-json\/wp\/v2\/comments?post=1096"}],"version-history":[{"count":12,"href":"https:\/\/euroguidance.ie\/ga\/wp-json\/wp\/v2\/pages\/1096\/revisions"}],"predecessor-version":[{"id":1373,"href":"https:\/\/euroguidance.ie\/ga\/wp-json\/wp\/v2\/pages\/1096\/revisions\/1373"}],"wp:attachment":[{"href":"https:\/\/euroguidance.ie\/ga\/wp-json\/wp\/v2\/media?parent=1096"}],"curies":[{"name":"wp","href":"https:\/\/api.w.org\/{rel}","templated":true}]}}