{"id":983,"date":"2025-12-15T12:11:50","date_gmt":"2025-12-15T12:11:50","guid":{"rendered":"https:\/\/euroguidance.ie\/?page_id=983"},"modified":"2026-01-14T15:10:13","modified_gmt":"2026-01-14T15:10:13","slug":"privacy-statement","status":"publish","type":"page","link":"https:\/\/euroguidance.ie\/fr\/privacy-statement\/","title":{"rendered":"D\u00e9claration de confidentialit\u00e9"},"content":{"rendered":"<p>[et_pb_section fb_built=\u201c1\u2032\u2032 theme_builder_area=\u201cpost_content\u201d _builder_version=\u201c4.27.4\u2032\u2032 _module_preset=\u201cdefault\u201d][et_pb_row _builder_version=\u201c4.27.4\u2032\u2032 _module_preset=\u201cdefault\u201d theme_builder_area=\u201cpost_content\u201d][et_pb_column _builder_version=\u201c4.27.4\u2032\u2032\u2032 _module_preset=\u201cdefault\u201d type=\u201c4_4\u2032\u2032 theme_builder_area=\u201cpost_content\u201d][et_pb_text _builder_version=\u201c4.27.4\u2032\u2032 _module_preset=\u201cdefault\u201d theme_builder_area=\u201cpost_content\u201d hover_enabled=\u201c0\u2032 sticky_enabled=\u201c0\u2032]<\/p>\n<p><strong>D\u00e9claration de protection des donn\u00e9es pour le site web Euroguidance exploit\u00e9 par ETBI<\/strong><\/p>\n<ol>\n<li><strong> <\/strong><strong>Qu'est-ce que l'Education and Training Boards Ireland?<\/strong><\/li>\n<\/ol>\n<p>Le principal objectif des conseils de l\u2019\u00e9ducation et de la formation irlandais (ETBI) est de faire progresser l\u2019\u00e9ducation et la formation, de repr\u00e9senter collectivement les conseils de l\u2019\u00e9ducation et de la formation et de promouvoir le d\u00e9veloppement de l\u2019\u00e9ducation, de la formation et de l\u2019animation socio-\u00e9ducative en Irlande. Le site web d\u2019Euroguidance Ireland (ci-apr\u00e8s le \u00absite web\u00bb) est exploit\u00e9 par ETBI, qui est un responsable du traitement des donn\u00e9es en vertu du r\u00e8glement g\u00e9n\u00e9ral sur la protection des donn\u00e9es (RGPD) et des lois sur la protection des donn\u00e9es de 1988 \u00e0 2018.<\/p>\n<p>&nbsp;<\/p>\n<ol start=\"2\">\n<li><strong> <\/strong><strong>Quelle est la port\u00e9e de cette d\u00e9claration de protection des donn\u00e9es?<\/strong><\/li>\n<\/ol>\n<p>La pr\u00e9sente d\u00e9claration de protection des donn\u00e9es s\u2019applique aux pratiques d\u2019ETBI en lien avec le site web. ETBI n'est pas responsable du contenu ou des pratiques de confidentialit\u00e9 d'autres sites Web. Tous les liens externes vers d'autres sites Web sont clairement identifiables en tant que tels.<\/p>\n<p>Cette d\u00e9claration de protection des donn\u00e9es s'applique \u00e0 toutes les informations que nous recueillons sur: (i) les visiteurs de nos sites Web et (ii) les utilisateurs qui s'inscrivent et utilisent nos services.<\/p>\n<p>&nbsp;<\/p>\n<ol start=\"3\">\n<li><strong> <\/strong><strong>Pourquoi ETBI traite-t-elle vos donn\u00e9es personnelles?<\/strong><\/li>\n<\/ol>\n<p>ETBI s'engage \u00e0 pr\u00e9server la vie priv\u00e9e de tous les visiteurs de notre site Web et respecte votre droit \u00e0 la vie priv\u00e9e.\u00a0 Nous ne collecterons pas d\u2019informations\/donn\u00e9es \u00e0 caract\u00e8re personnel vous concernant lorsque vous visitez le site web, sauf si vous choisissez de fournir ces informations \u00e0 l\u2019aide du formulaire \u00abContactez-nous\u00bb.\u00a0 Toutes les donn\u00e9es personnelles que vous nous fournissez lors de l'utilisation du site Web seront utilis\u00e9es conform\u00e9ment \u00e0 la finalit\u00e9 sp\u00e9cifique pour laquelle vous les avez fournies (<em>par ex.<\/em> pour vous contacter et r\u00e9pondre \u00e0 toute question que vous avez soulev\u00e9e dans le formulaire \u00abContactez-nous\u00bb ou pour r\u00e9pondre \u00e0 tout autre commentaire que vous nous envoyez dans le formulaire \u00abContactez-nous\u00bb).<\/p>\n<p>Nous utilisons vos donn\u00e9es pour r\u00e9pondre aux demandes de renseignements, exploiter et am\u00e9liorer le site Web et remplir nos fonctions d'information et d'orientation du public.<\/p>\n<p>&nbsp;<\/p>\n<ol start=\"4\">\n<li><strong> <\/strong><strong>Quelles donn\u00e9es personnelles ETBI collecte-t-elle \u00e0 votre sujet?<\/strong><\/li>\n<\/ol>\n<p>ETBI collecte et conserve des donn\u00e9es personnelles qui comprennent les informations n\u00e9cessaires pour vous identifier, vos coordonn\u00e9es et les informations relatives aux communications que vous pouvez avoir avec ETBI. Nous pouvons \u00e9galement collecter des donn\u00e9es personnelles aupr\u00e8s de vous lorsque vous utilisez le site Web ou lorsque vous nous contactez. Nous pouvons collecter les informations suivantes qui peuvent contenir des donn\u00e9es personnelles:<\/p>\n<ul>\n<li>Nom, adresse, adresse e-mail, num\u00e9ro de t\u00e9l\u00e9phone.<\/li>\n<li>Informations concernant votre utilisation du site Web.<\/li>\n<li>Communications avec ETBI ou directement avec nous via des lettres, des courriels, des appels et des m\u00e9dias sociaux.<\/li>\n<\/ul>\n<p>Les donn\u00e9es personnelles fournies \u00e0 ETBI ne seront utilis\u00e9es par ETBI qu'aux fins pour lesquelles elles ont \u00e9t\u00e9 fournies.<\/p>\n<p>&nbsp;<\/p>\n<ol start=\"5\">\n<li><strong> <\/strong><strong>Quelle est la base juridique du traitement de vos donn\u00e9es \u00e0 caract\u00e8re personnel par ETBI?<\/strong><\/li>\n<\/ol>\n<p>En utilisant le site Web, il vous sera demand\u00e9 d'opter pour (<em>c'est-\u00e0-dire<\/em> fournir votre consentement explicite) \u00e0 la collecte et \u00e0 l'utilisation de vos informations conform\u00e9ment aux termes de la pr\u00e9sente d\u00e9claration de protection des donn\u00e9es, qui est conforme au RGPD, aux lois sur la protection des donn\u00e9es 1988-2018 et au r\u00e8glement de 2011 sur les Communaut\u00e9s europ\u00e9ennes (r\u00e9seaux et services de communications \u00e9lectroniques) (vie priv\u00e9e et communications \u00e9lectroniques).<\/p>\n<p>&nbsp;<\/p>\n<ol start=\"6\">\n<li><strong> <\/strong><strong>Vos donn\u00e9es personnelles seront-elles transf\u00e9r\u00e9es \u00e0 d'autres organisations ou individus?<\/strong><\/li>\n<\/ol>\n<p>Nous respectons votre vie priv\u00e9e et nous nous engageons \u00e0 prot\u00e9ger vos donn\u00e9es personnelles. Toute information que vous fournissez n'est pas mise \u00e0 la disposition de tiers sauf si n\u00e9cessaire et n'est utilis\u00e9e par ETBI que dans le but pour lequel vous l'avez fournie. Vos donn\u00e9es personnelles peuvent toutefois \u00eatre anonymis\u00e9es et utilis\u00e9es dans l'ensemble, \u00e0 des fins statistiques.<\/p>\n<p>Nous ne partageons vos donn\u00e9es que lorsque cela est n\u00e9cessaire (par exemple, avec des fournisseurs de services de confiance qui fournissent des services pour ETBI, y compris des fournisseurs de services TIC et des fournisseurs de s\u00e9curit\u00e9) ou lorsque la loi l'exige. Si ces tiers op\u00e8rent au niveau international, ETBI s'efforcera de veiller \u00e0 ce que tout transfert de donn\u00e9es \u00e0 caract\u00e8re personnel \u00e0 l'int\u00e9rieur ou \u00e0 l'ext\u00e9rieur de l'EEE (Espace \u00e9conomique europ\u00e9en) soit effectu\u00e9 conform\u00e9ment aux accords et trait\u00e9s internationaux applicables et \u00e0 la l\u00e9gislation pertinente en mati\u00e8re de protection des donn\u00e9es.<\/p>\n<p>&nbsp;<\/p>\n<p>Nous pouvons traiter ou partager des donn\u00e9es avec des parties prenantes de l'\u00e9ducation et de la formation <em>par ex.<\/em> Minist\u00e8re de l'\u00c9ducation et des Comp\u00e9tences, SOLAS <em>etc<\/em>. \u00e0 des fins statistiques, de recherche et\/ou de planification future, mais dans de tels cas, les donn\u00e9es seront anonymis\u00e9es.<\/p>\n<p>\u00c0 moins que la loi ne l'exige, nous ne partagerons, ne vendrons ou ne distribuerons aucune des donn\u00e9es personnelles que vous nous fournissez sans votre consentement explicite ou conform\u00e9ment au RGPD et aux lois sur la protection des donn\u00e9es 1988-2018.<\/p>\n<p>&nbsp;<\/p>\n<ol start=\"7\">\n<li><strong> <\/strong><strong>Combien de temps les donn\u00e9es personnelles seront-elles conserv\u00e9es?<\/strong><\/li>\n<\/ol>\n<p>Nous ne conservons pas vos donn\u00e9es \u00e0 caract\u00e8re personnel plus longtemps que n\u00e9cessaire pour nous conformer \u00e0 la finalit\u00e9 pour laquelle vous nous les avez communiqu\u00e9es, conform\u00e9ment \u00e0 la politique de conservation des donn\u00e9es d\u2019ETBI, qui peut \u00eatre consult\u00e9e \u00e0 l\u2019adresse [ins\u00e9rer le lien].\u00a0 Toutes les donn\u00e9es personnelles que vous nous fournissez lors de l'utilisation du site Web seront utilis\u00e9es conform\u00e9ment \u00e0 la finalit\u00e9 sp\u00e9cifique pour laquelle vous les avez fournies (<em>p.ex.<\/em>. pour vous contacter et r\u00e9pondre \u00e0 toute question que vous avez soulev\u00e9e dans le formulaire \u00abContactez-nous\u00bb ou pour r\u00e9pondre \u00e0 tout autre commentaire que vous nous envoyez dans le formulaire \u00abContactez-nous\u00bb). Une fois cet objectif atteint, vos donn\u00e9es ne seront plus stock\u00e9es et seront d\u00e9truites ou supprim\u00e9es de mani\u00e8re s\u00e9curis\u00e9e.<\/p>\n<p>&nbsp;<\/p>\n<ol start=\"8\">\n<li><strong> <\/strong><strong>Quels sont vos droits en vertu de la l\u00e9gislation sur la protection des donn\u00e9es?<\/strong><\/li>\n<\/ol>\n<p>Vous disposez des droits suivants en vertu de la l\u00e9gislation sur la protection des donn\u00e9es et nous discuterons de chacun d'eux:<\/p>\n<ul>\n<li>Acc\u00e8s<\/li>\n<li>Correction<\/li>\n<li>Effacement<\/li>\n<li>Restriction<\/li>\n<li>Objection<\/li>\n<li>Portabilit\u00e9<\/li>\n<li>S'opposer au traitement automatis\u00e9<\/li>\n<\/ul>\n<p>&nbsp;<\/p>\n<ul>\n<li><strong> <\/strong><strong>Comment pouvez-vous acc\u00e9der \u00e0 vos donn\u00e9es personnelles?<\/strong><\/li>\n<\/ul>\n<p>Vous avez le droit de voir les informations que nous d\u00e9tenons \u00e0 votre sujet. Sur demande \u00e9crite (<em>par ex. <\/em>lettre, e-mail), et lorsque vos donn\u00e9es personnelles sont disponibles, nous fournissons une copie de vos donn\u00e9es personnelles, conform\u00e9ment au RGPD et aux dispositions des lois sur la protection des donn\u00e9es 1988-2018.<\/p>\n<p>Si vous souhaitez obtenir une copie de vos donn\u00e9es personnelles, vous pouvez \u00e9crire au secr\u00e9taire g\u00e9n\u00e9ral de l'ETBI, Pipers Hill, Naas, Co. Kildare ou <a href=\"mailto:info@etbi.ie\">info@etbi.ie<\/a> qui vous fournira un formulaire de demande d'acc\u00e8s au sujet. \u00a0Pour votre commodit\u00e9, nous vous fournirons ledit formulaire pour vous aider \u00e0 examiner vos donn\u00e9es personnelles aussi rapidement que possible.\u00a0 Votre demande sera trait\u00e9e d\u00e8s que possible et ne prendra pas plus de 30 jours \u00e0 traiter, sauf dans les cas les plus exceptionnels o\u00f9 nous vous en informerons par \u00e9crit en fournissant une justification.\u00a0 Les dispositions du RGPD seront respect\u00e9es pour r\u00e9pondre \u00e0 votre demande.<\/p>\n<ul>\n<li><strong> <\/strong><strong>Comment pouvez-vous modifier des informations incorrectes \u00e0 votre sujet?<\/strong><\/li>\n<\/ul>\n<p>Si vous d\u00e9couvrez qu'ETBI d\u00e9tient des informations inexactes \u00e0 votre sujet, vous pouvez demander par \u00e9crit que nous corrigeons, supprimions, rectifiions ces informations au secr\u00e9taire g\u00e9n\u00e9ral d'ETBI, Pipers Hill, Naas, Co. Kildare ou <a href=\"mailto:info@etbi.ie\">info@etbi.ie<\/a>.\u00a0 Sur demande \u00e9crite, nous vous contacterons par t\u00e9l\u00e9phone \/ e-mail \/ lettre pour tenter de rem\u00e9dier aux informations inexactes d\u00e9tenues.\u00a0 Nous veillerons \u00e9galement \u00e0 ce que tout effacement\/rectification entrepris par ETBI soit notifi\u00e9 \u00e0 un tiers pertinent avec lequel nous avons partag\u00e9 vos informations conform\u00e9ment \u00e0 la pr\u00e9sente d\u00e9claration de protection des donn\u00e9es. Toutefois, veuillez noter qu'une demande d'effacement ne sera accept\u00e9e que si les donn\u00e9es ne sont plus n\u00e9cessaires aux fins pour lesquelles elles ont \u00e9t\u00e9 collect\u00e9es et si ETBI ne dispose pas d'une base juridique pour les conserver.<\/p>\n<ul>\n<li><strong> <\/strong><strong>Comment pouvez-vous limiter ou vous opposer au traitement de vos donn\u00e9es \u00e0 caract\u00e8re personnel par ETBI?<\/strong><\/li>\n<\/ul>\n<p>Si vous d\u00e9cidez de limiter ou de vous opposer au traitement de vos donn\u00e9es \u00e0 caract\u00e8re personnel par ETBI, vous pouvez en faire la demande par \u00e9crit au secr\u00e9taire g\u00e9n\u00e9ral d\u2019ETBI, Pipers Hill, Naas, Co. Kildare ou <a href=\"mailto:info@etbi.ie\">info@etbi.ie<\/a>.\u00a0 Sur demande \u00e9crite, nous vous contacterons par t\u00e9l\u00e9phone \/ e-mail \/ lettre pour tenter de restreindre ou de cesser le traitement de vos donn\u00e9es personnelles.\u00a0 Nous veillerons \u00e9galement \u00e0 ce que toute restriction ou cessation entreprise par ETBI soit notifi\u00e9e \u00e0 un tiers pertinent avec lequel nous avons partag\u00e9 vos informations conform\u00e9ment \u00e0 la pr\u00e9sente d\u00e9claration de protection des donn\u00e9es.<\/p>\n<ul>\n<li><strong> <\/strong><strong>Comment fonctionne le droit \u00e0 la portabilit\u00e9 des donn\u00e9es?<\/strong><\/li>\n<\/ul>\n<p>Vous avez le droit de recevoir vos donn\u00e9es personnelles que vous avez fournies \u00e0 ETBI (responsable du traitement) dans un format structur\u00e9, couramment utilis\u00e9 et lisible par machine et vous avez le droit d'envoyer vos donn\u00e9es personnelles \u00e0 un autre responsable du traitement sans entrave de la part d'ETBI.<\/p>\n<p>&nbsp;<\/p>\n<ol start=\"9\">\n<li><strong> <\/strong><strong>Pouvez-vous retirer votre consentement au traitement de vos donn\u00e9es personnelles par ETBI?<\/strong><\/li>\n<\/ol>\n<p>Vous pouvez retirer votre consentement au traitement de vos donn\u00e9es personnelles par ETBI \u00e0 tout moment. Si vous d\u00e9cidez de retirer votre consentement au traitement de vos donn\u00e9es personnelles par ETBI, vous pouvez en faire la demande par \u00e9crit au secr\u00e9taire g\u00e9n\u00e9ral d'ETBI, Pipers Hill, Naas, Co. Kildare ou <a href=\"mailto:info@etbi.ie\">info@etbi.ie<\/a>.\u00a0 D\u00e8s r\u00e9ception de la demande \u00e9crite, nous vous contacterons par t\u00e9l\u00e9phone \/ e-mail \/ lettre pour cesser le traitement de vos donn\u00e9es personnelles.\u00a0 Nous veillerons \u00e9galement \u00e0 ce qu'une telle cessation entreprise par ETBI soit notifi\u00e9e \u00e0 un tiers pertinent avec lequel nous avons partag\u00e9 vos informations conform\u00e9ment \u00e0 la pr\u00e9sente d\u00e9claration de protection des donn\u00e9es.<\/p>\n<p>Pour plus d'informations, veuillez consulter notre politique de protection des donn\u00e9es disponible \u00e0 l'adresse suivante:\u00a0<a href=\"https:\/\/www.etbi.ie\/\">www.etbi.ie<\/a>\u00a0ou bien contacter le secr\u00e9taire g\u00e9n\u00e9ral de l\u2019ETBI.<\/p>\n<p>&nbsp;<\/p>\n<ol start=\"10\">\n<li><strong> <\/strong><strong>S\u00e9curit\u00e9<\/strong><\/li>\n<\/ol>\n<p>ETBI utilise des mesures de s\u00e9curit\u00e9 pour prot\u00e9ger vos informations personnelles contre l'acc\u00e8s par des personnes non autoris\u00e9es et se pr\u00e9munir contre le traitement ill\u00e9gal, la perte accidentelle, la destruction et les dommages. Nous nous efforcerons de veiller \u00e0 ce que tous les enregistrements conserv\u00e9s restent s\u00e9curis\u00e9s conform\u00e9ment \u00e0 nos obligations en vertu du RGPD et des lois sur la protection des donn\u00e9es 1988-2018. Nous prenons nos responsabilit\u00e9s en mati\u00e8re de s\u00e9curit\u00e9 au s\u00e9rieux, en employant des mesures physiques et techniques, y compris la formation et la sensibilisation du personnel. Nous r\u00e9examinons r\u00e9guli\u00e8rement nos proc\u00e9dures de s\u00e9curit\u00e9.<\/p>\n<p>&nbsp;<\/p>\n<ol start=\"11\">\n<li><strong> <\/strong><strong>L'ETBI recueille-t-elle des informations non personnelles\/techniques?<\/strong><\/li>\n<\/ol>\n<p>Oui, certaines donn\u00e9es non personnelles sont \u00e0 notre disposition par l'interm\u00e9diaire de notre fournisseur de services Internet.\u00a0 Ces donn\u00e9es \u00e0 caract\u00e8re non personnel sont collect\u00e9es sur une base statistique, agr\u00e9g\u00e9e et non individuelle.\u00a0 Ces informations peuvent inclure l'adresse IP \u00e0 partir de laquelle vous acc\u00e9dez \u00e0 notre site Web, le type de navigateur utilis\u00e9 pour acc\u00e9der \u00e0 notre site Web (Internet Explorer, Firefox, <em>etc<\/em>.), le type de syst\u00e8me d\u2019exploitation utilis\u00e9 pour acc\u00e9der \u00e0 notre site web (Windows, Macintosh, etc.), le nom de domaine \u00abde premier niveau\u00bb utilis\u00e9 (<em>c'est-\u00e0-dire<\/em> .com, .org, <em>etc<\/em>.), la date et l'heure de votre visite sur notre site Web et le nombre de pages que vous avez visit\u00e9es sur notre site Web.<\/p>\n<ul>\n<li><strong><em> <\/em><\/strong><strong><em>Qu'est-ce qu'un cookie?<\/em><\/strong><\/li>\n<\/ul>\n<p>Un cookie est un petit fichier temporaire envoy\u00e9 \u00e0 votre navigateur \u00e0 partir d\u2019un serveur web et stock\u00e9 sur le disque dur de votre ordinateur pour vous identifier en tant qu\u2019utilisateur du site web. De nombreux sites Internet utilisent des cookies. En r\u00e8gle g\u00e9n\u00e9rale, ils sont utilis\u00e9s par le site web pour identifier la personne uniquement lors de l\u2019acc\u00e8s au site web afin de suivre l\u2019utilisation du site par la personne et toute visite r\u00e9p\u00e9t\u00e9e effectu\u00e9e par cette personne.<\/p>\n<p>ETBI demandera votre consentement lors de l'utilisation du site Web et vous pourrez retirer votre consentement \u00e0 tout moment. Nous ne conserverons vos donn\u00e9es que le temps n\u00e9cessaire pour nous conformer \u00e0 la finalit\u00e9 pour laquelle vous nous les avez communiqu\u00e9es.<\/p>\n<p>Veuillez noter que si vous refusez les cookies ou modifiez vos param\u00e8tres, certaines fonctionnalit\u00e9s du site peuvent ne pas fonctionner correctement. Veuillez noter que toutes les pr\u00e9f\u00e9rences que vous s\u00e9lectionnez seront perdues si vous supprimez les cookies.<\/p>\n<ul>\n<li><strong><em> <\/em><\/strong><strong><em>Pourquoi le site utilise-t-il des cookies?<\/em><\/strong><\/li>\n<\/ul>\n<p>Les cookies sont de petits fichiers qui sont plac\u00e9s sur votre ordinateur par les sites Web que vous visitez. Ils sont largement utilis\u00e9s pour faire fonctionner les sites Web, ou travailler plus efficacement, ainsi que pour fournir des informations aux propri\u00e9taires du site. Nos cookies nous permettront de vous fournir un contenu personnalis\u00e9 ou de vous pr\u00e9senter des informations de service en fonction de votre comportement pr\u00e9c\u00e9dent sur le site.<\/p>\n<ul>\n<li><strong><em> <\/em><\/strong><strong><em>Comment ETBI utilise-t-il les cookies?<\/em><\/strong><\/li>\n<\/ul>\n<p>Lorsque quelqu'un visite le site Web, nous recueillons des informations de journal Internet standard et des d\u00e9tails sur les habitudes de comportement des visiteurs. Nous faisons cela pour d\u00e9couvrir des choses telles que le nombre de visiteurs aux diff\u00e9rentes parties du site Web.<\/p>\n<p>Nous collectons ces informations d'une mani\u00e8re qui n'identifie personne. Nous ne faisons aucune tentative pour conna\u00eetre l'identit\u00e9 des personnes visitant le site Web. Nous n'associerons aucune donn\u00e9e recueillie \u00e0 partir de ce site \u00e0 aucune information d'identification personnelle provenant de quelque source que ce soit.\u00a0 Si nous voulons recueillir des informations personnellement identifiables via notre site Web, nous indiquerons clairement quand nous recueillons ces informations et expliquerons ce que nous avons l'intention d'en faire.<\/p>\n<p>Vous pouvez g\u00e9rer vos pr\u00e9f\u00e9rences en mati\u00e8re de cookies \u00e0 tout moment.<\/p>\n<p>&nbsp;<\/p>\n<p>De plus amples informations sur notre politique en mati\u00e8re de cookies sont disponibles \u00e0 l'adresse suivante: <a href=\"https:\/\/www.etbi.ie\/cookies\"><\/a><\/p>\n<p>&nbsp;<\/p>\n<ol start=\"12\">\n<li><strong> <\/strong><strong>Contactez-nous<\/strong><\/li>\n<\/ol>\n<p>Si vous \u00eates pr\u00e9occup\u00e9 par la fa\u00e7on dont vos donn\u00e9es personnelles sont trait\u00e9es par notre site Web, n'h\u00e9sitez pas \u00e0 porter ces pr\u00e9occupations \u00e0 notre attention en utilisant les coordonn\u00e9es suivantes:\u00a0 Le Secr\u00e9taire g\u00e9n\u00e9ral, ETBI, Pipers Hill, Naas, Co. Kildare ou\u00a0<a href=\"mailto:info@etbi.ie\">info@etbi.ie<\/a>.<\/p>\n<p>&nbsp;<\/p>\n<ol start=\"13\">\n<li><strong> <\/strong><strong>Commission de la protection des donn\u00e9es <\/strong><\/li>\n<\/ol>\n<p>Si vous, en tant que personne concern\u00e9e, avez des r\u00e9clamations concernant le traitement de vos donn\u00e9es personnelles, vous avez le droit d'introduire une r\u00e9clamation aupr\u00e8s de la Commission de la protection des donn\u00e9es. La Commission de la protection des donn\u00e9es peut \u00eatre contact\u00e9e comme suit:<\/p>\n<p>Commission de la protection des donn\u00e9es<\/p>\n<p>6 Pembroke Row<\/p>\n<p>Dublin 2<\/p>\n<p>D02 X963<\/p>\n<p>Irlande<\/p>\n<p>&nbsp;<\/p>\n<p>T\u00e9l\u00e9phone : (01) 765 01 00 \/ 1800 437 737<\/p>\n<p>En ligne: <a href=\"https:\/\/dataprotection.ie\/en\/contact\/how-contact-us\">https:\/\/dataprotection.ie\/en\/contact\/how-contact-us<\/a><\/p>\n<p>&nbsp;<\/p>\n<p>&nbsp;<\/p>\n<ol start=\"14\">\n<li><strong> <\/strong><strong>Modifications apport\u00e9es \u00e0 la pr\u00e9sente d\u00e9claration de protection des donn\u00e9es<\/strong><\/li>\n<\/ol>\n<p>Nous pouvons mettre \u00e0 jour cette d\u00e9claration de protection des donn\u00e9es de temps \u00e0 autre. Toute modification sera publi\u00e9e sur cette page et la date de la \u00abderni\u00e8re mise \u00e0 jour\u00bb sera r\u00e9vis\u00e9e en cons\u00e9quence. Nous vous encourageons \u00e0 consulter cette d\u00e9claration p\u00e9riodiquement.<\/p>\n<p>&nbsp;<\/p>\n<p>&nbsp;<\/p>\n<p>&nbsp;<\/p>\n<p>&nbsp;<\/p>\n<p>&nbsp;<\/p>\n<p>[\/et_pb_text][\/et_pb_column][\/et_pb_row][\/et_pb_section]<\/p>","protected":false},"excerpt":{"rendered":"<p>D\u00e9claration de protection des donn\u00e9es pour le site Web Euroguidance exploit\u00e9 par ETBI Qu'est-ce que Education and Training Boards Ireland? Le principal objectif des conseils de l\u2019\u00e9ducation et de la formation irlandais (ETBI) est de faire progresser l\u2019\u00e9ducation et la formation, de repr\u00e9senter collectivement les conseils de l\u2019\u00e9ducation et de la formation et de promouvoir le d\u00e9veloppement de l\u2019\u00e9ducation, de la formation et de l\u2019animation socio-\u00e9ducative en Irlande. L'Euroguidance Irlande [...]<\/p>","protected":false},"author":9,"featured_media":0,"parent":0,"menu_order":0,"comment_status":"closed","ping_status":"closed","template":"","meta":{"_et_pb_use_builder":"on","_et_pb_old_content":"","_et_gb_content_width":"","footnotes":""},"class_list":["post-983","page","type-page","status-publish","hentry"],"_links":{"self":[{"href":"https:\/\/euroguidance.ie\/fr\/wp-json\/wp\/v2\/pages\/983","targetHints":{"allow":["GET"]}}],"collection":[{"href":"https:\/\/euroguidance.ie\/fr\/wp-json\/wp\/v2\/pages"}],"about":[{"href":"https:\/\/euroguidance.ie\/fr\/wp-json\/wp\/v2\/types\/page"}],"author":[{"embeddable":true,"href":"https:\/\/euroguidance.ie\/fr\/wp-json\/wp\/v2\/users\/9"}],"replies":[{"embeddable":true,"href":"https:\/\/euroguidance.ie\/fr\/wp-json\/wp\/v2\/comments?post=983"}],"version-history":[{"count":3,"href":"https:\/\/euroguidance.ie\/fr\/wp-json\/wp\/v2\/pages\/983\/revisions"}],"predecessor-version":[{"id":1322,"href":"https:\/\/euroguidance.ie\/fr\/wp-json\/wp\/v2\/pages\/983\/revisions\/1322"}],"wp:attachment":[{"href":"https:\/\/euroguidance.ie\/fr\/wp-json\/wp\/v2\/media?parent=983"}],"curies":[{"name":"wp","href":"https:\/\/api.w.org\/{rel}","templated":true}]}}