{"id":980,"date":"2025-12-15T12:04:39","date_gmt":"2025-12-15T12:04:39","guid":{"rendered":"https:\/\/euroguidance.ie\/?page_id=980"},"modified":"2026-03-27T09:25:23","modified_gmt":"2026-03-27T09:25:23","slug":"webinars","status":"publish","type":"page","link":"https:\/\/euroguidance.ie\/fr\/webinars\/","title":{"rendered":"Webinaires"},"content":{"rendered":"<p>[et_pb_section fb_built=\u201d1\u2033 admin_label=\u201dHeader\u201d _builder_version=\u201d4.27.4\u2033 _module_preset=\u201ded3a2270-0d1b-4161-8645-f529b8b3c5c0\u2033 background_color_gradient_direction=\u201d193deg\u201d background_color_gradient_stops=\u201dgcid-d119accd-44d7-4f2f-b9d7-599c8463324b 0%|rgba(7,33,48,0.6) 37%|rgba(255,255,255,0) 62%|gcid-1cd7c6da-5fe0-4f78-8345-603cff3cbdfc 100%\" background_image=\"https:\/\/euroguidance.ie\/wp-content\/uploads\/2025\/02\/students3.jpg\" background_enable_image=\"on\" parallax=\"on\" background_blend=\"darken\" min_height=\"332.6px\" custom_margin=\"||53px|||\" lock=\"off\" collapsed=\"off\" global_colors_info=\"{gcid-1f1bf5fb-a99d-4acc-8d9e-ddac074c158c:arri\u00e8re-plan_color_gradient_stops,arri\u00e8re-plan_color_gradient_stops,arri\u00e8re-plan_color_gradient_stops,gcid-4c79ba3d-a281-4fb6-9b14-02f9a4c793f2:arri\u00e8re-plan_color_gradient_stops,arri\u00e8re-plan_color_gradient_stops,arri\u00e8re-plan_color_gradient_stops,gcid-688c464a-d6f2-4296-b592-395352c71c79:arri\u00e8re-plan_color_gradient_stops,arri\u00e8re-plan_color_gradient_stops,arri\u00e8re-plan_color_gradient_stops,gcid-d119accd-44d7-4f2f-b9d7-599c8463324b:arri\u00e8re-plan_color_gradient_stops,arri\u00e8re-plan_color_gradient_stops,arri\u00e8re-plan_color_gradient_stops,gcid-2352d280-fe84-43b1-a71e-f400c35a526a:arri\u00e8re-plan_color_gradient_stops,gcid-9e22d70d-67ee-4430-bed3-4bc105d4ef1e:arri\u00e8re-plan_color_gradient_stops,gcid-1cd7c6da-5fe0-4f78-8345-603cff3cbdfc:arri\u00e8re-plan_color_gradient_stops}\u2019][et_pb_row _builder_version=\u20194.25.1\u2033 _module_preset=\u2019default\u2019 global_colors_info=\u2019{}][et_pb_column type=\u20194_4\u2033 _builder_version=\u20194.25.1\u2033 _module_preset=\u2019default\u2019 global_colors_info=\u2019{}\u2019][et_pb_titre de t\u00eate=\u2019Upcoming Webinars\u2019 _builder_version=\u20194.27.4\u2033 _module_preset=\u2019be0d0648-3112-47a9-843b-14168fe1dabd\u2019title_level=\u2019h2\u2033 title_font=\u2019Verdana||||||||\u2019 title_text_align=\u2019center\u2019 title_text_color=\u2019\u00bb#_font_size=\u00ab60px\u00bb background_color=\u00abRGBA(255,255,255,0)\u00bb custom_margin=\u00ab40px||10px||false|false\u00bb title_font_size_tablet=\u00ab45px\u00bb title_font_size_phone=\u00ab27px\u00bb title_font_size_last_edited=\u00abon|phone\u00bb global_colors_info=\u00bb{gcid-12627f56-04f6-43cc-b53c-4ff92851d432:arri\u00e8re-plan_mask_color}\u201d][\/et_pb_heading][\/et_pb_column][\/et_pb_row][\/et_pb_section][et_pb_section fb_built=\u201d1\u2033 admin_label=\u201cEvent Calendar\u201d _builder_version=\u201c4.27.5\u2033 _module_preset=\u201cdefault\u201d custom_margin=\u201c-40px||||false|false\u201d custom_padding=\u201c0px||||false|false\u201d border_style_all=\u201cnone\u201d lock=\u201coff\u201d collapsed=\u201con\u201d global_colors_info=\u201c{}][et_pb_row column_structure=\u201c1_2,1_2\u2033 _builder_version=\u201c4.27.5\u2033 _preset=\u201cdefault\u201d global_colorsinfo=\u201c{}][et_pb_column=1_2_builder_version=\u201c4.27module\u201d#000b63\u2033 hover_enabled=\u201c0\u2033 global_colors_info=\u201c{}\u201d sticky_enabled=\u201c0\u2033][\/et_pb_heading][et_pb_heading title=\u201cETBI Webinar\u201d _builder_version=\u201c4.27.5\u2033 _module_preset=\u201cdefault\u201d title_level=\u201ch2\u2033 title_text_color=\u201d#0C71C3\u2033 hover_enabled=\u201d0\u2033 global_colors_info=\u201d{}\u201d sticky_enabled=\u201d0\u2033][\/et_pb_heading][et_pb_text _builder_version=\u201d4.27.5\u2033 _module_preset=\u201cdefault\u201d text_text_color=\u201d#000000\u2033 hover_enabled=\u20190\u2033 global_colors_info=\u2019{}\u2019 sticky_enabled=\u20190\u2033]<\/p>\n<p><strong>Date :<\/strong> Vendredi 10 avril <strong>Heure:<\/strong> 11h00 \u2013 12h00 GMT<\/p>\n<p>[\/et_pb_text][et_pb_text _builder_version=\u201d4.27.5\u2032\u2032 _module_preset=\u201ddefault\u201d text_text_color=\u201d#000000\u2032\u2032 hover_enabled=\u20190\u2032\u2032 global_colors_info=\u2019{}\u201d sticky_enabled=\u20190\u2032\u2032]<\/p>\n<p>Cette conf\u00e9rence pr\u00e9sente Universal Design for Guidance (UDG), une approche d\u00e9velopp\u00e9e par le Dr Mary Quirke et fond\u00e9e sur sa recherche doctorale et sa pratique en d\u00e9veloppement de carri\u00e8re inclusif. S'appuyant sur la th\u00e9orie de l'orientation professionnelle, la psychologie, le design, la p\u00e9dagogie et les mod\u00e8les de handicap, UDG reconceptualise l'orientation comme un processus empathique, relationnel et stimulant.<\/p>\n<p>\u00a0Conform\u00e9ment aux objectifs de d\u00e9veloppement durable des Nations Unies et aux exigences d'un monde en mutation, l'approche promeut des pratiques flexibles et inclusives qui reconnaissent la diversit\u00e9 de tous les apprenants. Bien qu'enracin\u00e9e dans le travail avec les personnes handicap\u00e9es, elle d\u00e9montre comment la conception pour l'inclusion am\u00e9liore l'orientation pour tout le monde. Les participants seront invit\u00e9s \u00e0 repenser les mod\u00e8les d'orientation traditionnels et \u00e0 explorer comment des relations d'orientation plus accessibles, r\u00e9actives et \u00e9quitables peuvent \u00eatre int\u00e9gr\u00e9es dans divers contextes europ\u00e9ens.<\/p>\n<p>[\/et_pb_text][\/et_pb_column][et_pb_column type=\u201d1_2\u2033 _builder_version=\u201d4.27.5\u2033 _module_preset=\u201cdefault\u201d global_colors_info=\u201d{}][et_pb_countdown_timer date_timer=\u201d2026-04-10 11:00\u2033 _builder_version=\u201d4.27.5\u2033 _module_preset=\u201cdefault\u201d background_color=\u201d#1f187f\" hover_enabled=\"0\u2033 global_colors_info=\"{}\" sticky_enabled=\"0\u2033][\/et_pb_countdown_timer][et_pb_button button_url=\"https:\/\/events.teams.microsoft.com\/event\/629a69e5-23a6-433d-838d-00c966405238@f5366bb4-0485-4544-8baa-c80ddc368234\u2033 url_new_window=\"on\" button_text=\"Register here\" button_alignment=\"left\"_builder_version=\"4.27.5\u2033 _module_preset=\"default\" custom_button=\"on\"_ button_textcolor=\"#1d08a5\u2033 button_border_color=\u00bb#000000\u2033 button_icon_color=\u00bb#0d077f\" bouton _on_hover=\"off\" custom_margin=\"0px|0px|0px|151px|false|false\" hover_enabled=\"0\u2033 global_colors_info=\"{}\" sticky_enabled=\"0\u2033][\/et_pb_button][\/et_pb_column][\/et_pb_row][et_pb_row _builder_version=\"4.27.5\u2033 _module_preset=\"default\" global_colors_info=\"{}\"][et_pb_column type=\"4_4\u2033 _builder_version=\"4.27.5\u2033 _module_preset=\"default\" global_colors_info=\"{}\"][et_pb_divider color=\"\"#\u00ab 000000 \u2033 _ _builder \u2033 _version=\u201c4.27.5 _module _preset=\u201cdefault\u201d global _colors _info=\u201c{}][\/et _pb _divider][\/et _pb _column][\/et _pb _row][\/et _pb _section][et _pb _section fb \u2033built=\u201c1_ adminlabel=\u201cFooter\u201d _builder _version=\u201c4.27.5 \u2033 _module_preset=\u201cf1c4f717-2356-4e3f-ac1b-1e293a6cc08a\u201d min_height=\u201c269.3px\u201d height=\u201c357px\u201d custom_margin=\u201c-13px||||false|false\u201d custom_padding=\u201c0px||9pxfalsefalsefalse\u201d ||module=\u201c1150 |tabs=\u201c lockall\u201d\u201d\u00bb\u00bb#\u00abFFFFFFF\u00bb custom_margin=\u00ab||-20px|||\u00bb global_colors_info=\u00ab{}\u00bb][\/et_pb_heading][et_pb_wpt_gravityform gravityform_id=\u00abgf-2\u2033 title=\u00aboff\u00bb description=\u00aboff\u00bb ajax=\u00abon\u00bb _builder_version=\u00ab4.27.4\u2033 _module_preset=\u00abdefault\u00bb transform_scale=\u00bb94%|94%\u00ab global_colors_info=\u2019{}][\/et_pb_wpt_gravityform][\/et_pb_column][et_pb_column type=\u20191_3\u2033 _builder_version=\u20194.25.1\u2033 _module_preset=\u2019\u2019default\u2019 global_colors_info=\u2019{}][et_pb_titre de t\u00eate=\u2019Quick Links\u2019 _builder_version=\u20194.27.4\u2033 _module_preset=\u201995956592-a1b1-43fb-aa7b-d69d7b858e52\u2033 title_font=\u2019Verdana||||||||\u2019 title_text_color=\u2019 \u00bb#\u00abFFFFFFF\u00bb positionnement=\u00abaucun\u00bb custom_margin=\u00ab||10px|46px|false|false\u00bb custom_padding=\u00ab|||55px||\u00bb lock=\u00aboff\u00bb global_colors_info=\u00ab{}\u00bb][\/et_pb_heading][et_pb_text _builder_version=\u00ab4.27.4\u2033 _module_preset=\u00ab01dbb295-3347-4b31-936e-cb09b186d00f\u00bb text_font=\u00abVerdana||||||||\u00bb custom_margin=\u00ab||8px|53px|false|false\u00bb custom_padding=\u00ab|75px||48px||\u00bb link_option_url=\u00abhttps:\/\/euroguidance.ie\/en\/about\/\u00bb]<\/p>\n<p>Euroguidance<\/p>\n<p>[\/et_pb_text][et_pb_text _builder_version=\"4.27.4\u2032\u2032 _module_preset=\"01dbb295-3347-4b31-936e-cb09b186d00f\" text_font=\"Verdana \u2047 \" custom_margin=\" \u2047 8px \u2047 50px \u2047 false \u2047 false\" custom_padding=\" \u2047 50px \u2047 \" link_option_url=\"https:\/\/euroguidance.ie\/en\/resources\/\"]<\/p>\n<p>Ressources<\/p>\n<p>[\/et_pb_text][et_pb_text _builder_version=\"4.27.4\u2032\u2032 _module_preset=\"01dbb295-3347-4b31-936e-cb09b186d00f\" text_font=\"Verdana \u2047 \" custom_margin=\" \u2047 8px \u2047 49px \u2047 false \u2047 false\" custom_padding=\" \u2047 51px \u2047 \" link_option_url=\"https:\/\/euroguidance.ie\/fr\/contact-us\/\"]<\/p>\n<p>Contact<\/p>\n<p>[\/et_pb_text][et_pb_text _builder_version=\"4.27.4\u2032\u2032 _module_preset=\"01dbb295-3347-4b31-936e-cb09b186d00f\" text_font=\"Verdana \u2047 \" custom_margin=\" \u2047 8px \u2047 51px \u2047 false \u2047 false\" custom_padding=\" \u2047 49px \u2047 \" link_option_url=\"https:\/\/euroguidance.ie\/privacy-statement\/\"]<\/p>\n<p>Politique de confidentialit\u00e9<\/p>\n<p>[\/et_pb_text][\/et_pb_column][et_pb_column type=\u201d1_3\u2032\u2032 _builder_version=\u201d4.25.1\u2032\u2032 _module_preset=\u201cdefault\u201d global_colors_info=\u201d{}][et_pb_image src=\u201chttps:\/\/euroguidance.ie\/wp-content\/uploads\/2026\/01\/EN_Co-Funded_by_the_EU_PANTONE-scaled.png\u201d alt=\u201cCo-Funded by European Union\u201d title_text=\u201cEN_Co-Funded_by_the_EU_PANTONE\u201d align=\u201ccenter\u201d _builder_version=\u201d4.27.4\u2032 _module_preset=\u201cdefault\u201d global_colors_info=\u201d{}\u201d[\/et_pb_image\/et_blumn]<\/p>","protected":false},"excerpt":{"rendered":"<p>Date: vendredi 10 avril Heure: 11h00 \u2013 12h00 GMTCette conf\u00e9rence pr\u00e9sente Universal Design for Guidance (UDG), une approche d\u00e9velopp\u00e9e par le Dr Mary Quirke et fond\u00e9e sur sa recherche doctorale et sa pratique dans le d\u00e9veloppement de carri\u00e8re inclusif. S'appuyant sur la th\u00e9orie de l'orientation professionnelle, la psychologie, le design, la p\u00e9dagogie et les mod\u00e8les de handicap, UDG reconceptualise l'orientation comme une approche empathique, relationnelle et [\u2026]<\/p>","protected":false},"author":9,"featured_media":0,"parent":0,"menu_order":0,"comment_status":"closed","ping_status":"closed","template":"","meta":{"_et_pb_use_builder":"on","_et_pb_old_content":"<!-- wp:divi\/placeholder \/-->","_et_gb_content_width":"","footnotes":""},"class_list":["post-980","page","type-page","status-publish","hentry"],"_links":{"self":[{"href":"https:\/\/euroguidance.ie\/fr\/wp-json\/wp\/v2\/pages\/980","targetHints":{"allow":["GET"]}}],"collection":[{"href":"https:\/\/euroguidance.ie\/fr\/wp-json\/wp\/v2\/pages"}],"about":[{"href":"https:\/\/euroguidance.ie\/fr\/wp-json\/wp\/v2\/types\/page"}],"author":[{"embeddable":true,"href":"https:\/\/euroguidance.ie\/fr\/wp-json\/wp\/v2\/users\/9"}],"replies":[{"embeddable":true,"href":"https:\/\/euroguidance.ie\/fr\/wp-json\/wp\/v2\/comments?post=980"}],"version-history":[{"count":20,"href":"https:\/\/euroguidance.ie\/fr\/wp-json\/wp\/v2\/pages\/980\/revisions"}],"predecessor-version":[{"id":1433,"href":"https:\/\/euroguidance.ie\/fr\/wp-json\/wp\/v2\/pages\/980\/revisions\/1433"}],"wp:attachment":[{"href":"https:\/\/euroguidance.ie\/fr\/wp-json\/wp\/v2\/media?parent=980"}],"curies":[{"name":"wp","href":"https:\/\/api.w.org\/{rel}","templated":true}]}}