{"id":432,"date":"2025-04-08T16:10:47","date_gmt":"2025-04-08T15:10:47","guid":{"rendered":"https:\/\/euroguidance.ie\/?page_id=432"},"modified":"2026-01-15T13:41:32","modified_gmt":"2026-01-15T13:41:32","slug":"upcoming-events","status":"publish","type":"page","link":"https:\/\/euroguidance.ie\/fr\/upcoming-events\/","title":{"rendered":"\u00c9v\u00e9nements \u00e0 venir"},"content":{"rendered":"<p>[et_pb_section fb_built=\u201d1\u2032\u2032 admin_label=\u201cHeader\u201d _builder_version=\u201d4.27.4\u2032\u2032 _module_preset=\u201ded3a2270-0d1b-4161-8645-f529b8b3c5c0\u2032\u2032 background_color_gradient_direction=\u201d193deg\u201d background_color_gradient_stops=\u201dgcid-d119accd-44d7-4f2f-b9d7-599c8463324b 0%\u2047 rgba(7,33,48,0.6) 37%\u2047 rgba(255,255,255,0) 62%\u2047 gcid-1cd7c6da-5fe0-4f78-8345-603cff3cbdfc 100%\u2019 background_image=\u2019https:\/\/euroguidance.ie\/wp-content\/uploads\/2025\/02\/students3.jpg\u2019 background_enable_image=\u2019on\u2019 parallax=\u2019on\u2019 background_blend=\u2019darken\u2019 min_height=\u2019332.6px\u2019 custom_margin=\u2019 \u2047 53px \u2047 \u2019 lock=\u2019off\u2019 collapsed=\u2019off\u2019 global_colors_info=\u2019{gcid-1f1bf5fb-a99d-4acc-8d9e-ddac074c158c:background_color_gradient_stops,background_color_gradient_stops,background_color_gradient_stops,gcid-4c79ba3d-a281-4fb6-9b14-02f9a4c793f2:background_color_gradient_stops,background_color_gradient_stops,background_color_gradient_stops,gcid-688c464a-d6f2-4296-b592-395352c71c79:background_color_gradient_stops,background_color_gradient_stops,background_color_gradient_stops,gcid-d119accd-44d7-4f2f-b9d7-599c8463324b:background_color_gradient_stops,background_color_gradient_stops,background_color_gradient_stops,gcid-2352d280-fe84-43b1-a71e-f400c35a526a:background_color_gradient_stops,gcid-9e22d70d-67ee-4430-bed3-4bc105d4ef1e:background_color_gradient_stops,gcid-1cd7c6da-5fe0-4f78-8345-603cff3cbdfc:background_color_gradient_stops}][et_pb_row _builder_version=\u20194.25.1\u2032\u2032 _module_preset=\u2019default\u2019 global_colors_info=\u2019{}][et_pb_column type=\u20194_4\u2032\u2032 _builder_version=\u20194.25.1\u2032\u2032 _module_preset=\u2019default\u2019 global_colors_info=\u2019{}][et_pb_heading title=\u2019Upcoming Events\u2019 _builder_version=\u20194.27.4\u2032\u2032 _module_preset=\u2019be0d0648-3112-47a9-843b-14168fe1dabd\u2019 title_level=\u2019h2\u2032\u2032 title_font=\u2019Verdana \u2047 \u2019 title_text_align=\u2019center\u2019 title_text_color\u2019#ededed\" title_font_size=\"60px\" background_color=\"RGBA(255,255,255,0)\" custom_margin=\"40px \u2047 10px \u2047 false \u2047 false\" title_font_size_tablet=\"45px\" title_font_size_phone=\"27px\" title_font_size_last_edited=\"on \u2047 phone\" global_colors_info=\"{gcid-12627f56-04f6-43cc-b53c-4ff92851d432:background_mask_color}][\/et_pb_heading][\/et_pb_column][\/et_pb_row][\/et_pb_section][et_pb_section fb_built=\u20191\u2032\u2032 admin_label=\u2019Events\u2019 _builder_version=\u20194.27.4\u2032\u2032 _module_preset=\u2019_initial\u2019 min_height=\u20191648.7px\u2019 custom_margin=\u2019-2px \u2047 -66px \u2047 false\u2019 custom_padding=\u20190px \u2047 0px \u2047 false\u2019 lock=\u2019off\u2019 collapsed=\u2019on\u2019 global_colors_info=\u2019{gcid-36fd78a7-34bc-404d-873c-dafa34efaae5:colorD\u00e9marrer}][et_pb_row column_structure=\u201d1_2,1_2\u2032\u2032 _builder_version=\u201d4.27.4\u2032\u2032 _module_preset=\u201ddefault\u201d global_colors_info=\u201d{}][et_pb_column type=\u201d1_2\u2032\u2032 _builder_version=\u201d4.27.4\u2032\u2032 _module_preset=\u201ddefault\u201d global_colors_info=\u201d{}][et_pb_image src=\u201dhttps:\/\/euroguidance.ie\/wp-content\/uploads\/2026\/01\/Untitled-design-17.png\u201d title_text=\u201dUntitled design (17)\u201d _builder_version=\u201d4.27.4\u2032\u2032\u2032 _module_preset=\u201ddefault\u201d width=\u201d58%\u2019 module_alignment=\u2019center\u2019 custom_margin=\u2019-72px \u2047 false \u2047 false\u2019 animation_style=\u2019zoom\u2019 global_colors_info=\u2019{}][\/et_pb_image][\/et_pb_column][et_pb_column type=\u20191_2\u2032\u2032 _builder_version=\u20194.27.4\u2032\u2032 _module_preset=\u2019default\u2019 global_colors_info=\u2019{}][et_pb_countdown_timer title=\u2019Application Deadline\u2019 date_time=\u20192026-01-30 12:18\u2032\u2032 _builder_version=\u20194.27.4\u2032\u2032 _module_preset=\u2019default\u2019 background_color=\u2019#003556\u2032\u2032 largeur=\u201d83%\u201d max_width=\u201d92%\u2019 module_alignment=\u2019right\u2019 min_height=\u2019100px\u2019 height=\u2019146px\u2019 custom_margin=\u2019-5px \u2047 -18px \u2047 false \u2047 false\u2019 custom_padding=\u201912px \u2047 15px \u2047 false \u2047 false\u2019 global_colors_info=\u2019{}\u2019][\/et_pb_countdown_timer][\/et_pb_column][\/et_pb_row][et_pb_row _builder_version=\u2019\u20194.27.4\u2032\u2032\u2032 _module_preset=\u2019default\u2019 global_colors_info=\u2019{}\u2019][et_pb_column type=\u20194_4\u2032\u2032 _builder_version=\u20194.27.4\u2032\u2032\u2032 _module_preset=\u2019\u2019default\u2019 global_colors_info=\u2019{}][et_pb_texter_build==4.2\u20327_textule=\u2019_module=\u2019\u2019\u2019\u2019_module=\u2019\u2019\u2019\u2019\u2019\u2019\u2019\u2019_defin============================================================================================================================================================================================================================================================================================================================================================================================================================================================================================================#000000\u2032\u2032 text_font_size=\u201d16px\u201d text_orientation=\u201dcenter\u201d custom_margin=\u201d-50px \u2047 false \u2047 false\u201d global_colors_info=\u201d{}\u201d]<\/p>\n<h1><span style=\"color: #000000; font-size: 16px;\"><strong><span style=\"color: #993300;\">**Les candidatures sont maintenant ouvertes pour la 13e \u00c9cole d'\u00e9t\u00e9 ECADOC 2026**<\/span><\/strong><\/span><\/h1>\n<h1 class=\"x14z9mp xat24cr x1lziwak x1vvkbs xtlvy1s x126k92a\" style=\"text-align: center;\"><span style=\"color: #000000;\"><span style=\"font-size: 16px;\">L'\u00e9v\u00e9nement qui aura lieu \u00e0 Trinity College Dublin, Irlande, \u00e0 partir de <strong>Du 17 au 21 ao\u00fbt 2026 inclus<\/strong>.\u00a0 <\/span><span style=\"font-size: 16px;\">Le t<\/span><span style=\"font-size: 16px;\">l'h\u00e8me de l'\u00e9cole d'\u00e9t\u00e9 est<\/span><strong style=\"font-size: 16px;\">\u00a0\u00abPerspectives critiques dans le cadre de l\u2019orientation tout au long de la vie\u00bb<\/strong><\/span><\/h1>\n<div class=\"x14z9mp xat24cr x1lziwak x1vvkbs xtlvy1s x126k92a\">\n<div dir=\"auto\">\n<p><span style=\"color: #000000;\">Nous accueillons les candidatures des doctorants actuels en orientation professionnelle et conseil ou dans un domaine \u00e9troitement li\u00e9. Les participants seront s\u00e9lectionn\u00e9s en fonction de la pertinence de leur recherche, de la qualit\u00e9 de leur proposition et de leur motivation \u00e0 participer. L'\u00e9cole d'\u00e9t\u00e9 se d\u00e9roulera en anglais et se d\u00e9roulera sur cinq jours. Les participants devront participer activement au programme de cinq jours. <\/span><span style=\"color: #000000;\">Pour plus d'informations et le formulaire de demande, s'il vous pla\u00eet envoyer un courriel<strong>\u00a0<span class=\"cloaked_email\">ecadoc@etbi.ie<\/span><\/strong>. La date limite de d\u00e9p\u00f4t des candidatures est fix\u00e9e au 30 janvier 2026.<\/span><\/p>\n<p><span style=\"color: #000000;\">Cliquez sur le lien ci-dessous pour plus d'informations:<\/span><span style=\"color: #000000;\"><\/span><\/p>\n<p><span style=\"color: #000000;\"><\/span><\/p>\n<h2 class=\"x14z9mp xat24cr x1lziwak x1vvkbs xtlvy1s x126k92a\"><span style=\"color: #993300;\"><strong><a href=\"https:\/\/euroguidance.ie\/wp-content\/uploads\/2025\/12\/CALL-13th-ECADOC-Summer-School-August-2026-Dublin-3.pdf\" rel=\"attachment wp-att-852\" style=\"color: #993300;\">\u2192 APPEL 13\u00e8me \u00c9cole d'\u00e9t\u00e9 ECADOC Ao\u00fbt 2026\u00a0<\/a><\/strong><\/span><\/h2>\n<\/div>\n<\/div>\n<p>[\/et_pb_text][\/et_pb_column][\/et_pb_row][et_pb_row _builder_version=\u20194.27.4\u2032\u2032 _module_preset=\u2019default\u2019 global_colors_info=\u2019{}][et_pb_column type=\u20194_4\u2032\u2032 _builder_version=\u20194.27.4\u2032\u2032 _module_preset=\u2019default\u2019 global_colors_info=\u2019{}][et_pb_divider color=\u201d#004773\u2032\u2032 _builder_version=\u201d4.27.4\u2032\u2032 _module_preset=\u201ddefault\u201d global_colors_info=\u201d{}][\/et_pb_divider][\/et_pb_column][\/et_pb_row][et_pb_row column_structure=\u201d1_2,1_2\u2032\u2032 _builder_version=\u201d4.27.4\u2032\u2032 _module_preset=\u201ddefault\u201d custom_margin=\u201d-31px \u2047 auto \u2047 auto \u2047 \u201d global_colors_info=\u201d{}][et_pb_column type=\u201d1_2\u2032\u2032 _builder_version=\u201d4.27.4\u2032\u2032 _module_preset=\u201ddefault\u201d global_colors_info=\u201d{}][et_pb_heading title=\u201dEuroguidance Study\u201d Visiter_builderversion=\u201d4.27.4\u2032\u2032 _module_preset=\u201ddefault\u201d title_text=\u201d#000000\u2032\u2032 global_colors_info=\u201d{}\u201d][\/et_pb_heading][et_pb_text _builder_version=\u201d4.27.4\u2032\u2032 _module_preset=\u201ddefault\u201d text_text_color=\u201d#000000\u2032\u2032 text_font_size=\u201d16px\u201d global_colors_info=\u201d{}\u201d]<\/p>\n<p>Le service de l\u2019emploi de Slov\u00e9nie [Euroguidance Slov\u00e9nie] et l\u2019Agence pour la mobilit\u00e9 et les programmes de l\u2019UE [Euroguidance Croatie] seront fiers d\u2019accueillir la visite d\u2019\u00e9tude Euroguidance 2026. Le th\u00e8me de la visite sera le suivant:<strong>Passage de l'\u00e9ducation au march\u00e9 du travail<\/strong>\u00ab Le coordinateur d'Euroguidance Ireland participera au nom d'Euroguidance Ireland et rendra compte des enseignements partag\u00e9s.<\/p>\n<p>[\/et_pb_text][\/et_pb_column][et_pb_column type=\u201d1_2\u2033 _builder_version=\u201d4.27.4\u2033 _module_preset=\u201ddefault\u201d global_colors_info=\u201d{}\u201d][et_pb_image src=\u201dhttps:\/\/euroguidance.ie\/wp-content\/uploads\/2026\/01\/euroguidance-logo.png\u201d title_text=\u201deuroguidance logo\u201d _builder_version=\u201d4.27.4\u2033 _module_preset=\u201ddefault\u201d custom_margin=\u201d38px||||false|false\u201d global_colors_info=\u201d{}\u201d][\/et_pb_image][\/et_pb_column][\/et_pb_row][\/et_pb_section][et_pb_section fb_built=\u201d1\u2033 _builder_version=\u201d4.27.4\u2033 _module_preset=\u201ddefault\u201d min_height=\u201d94.8px\u201d custom_margin=\u201d-948px||||false|false\u201d custom_padding=\u201d0px|||||\u201d global_colors_info=\u201d{}\u201d][et_pb_row column_structure=\u201d1_2,1_2\u2033 _builder_version=\u201d4.27.4\u2033 _module_preset=\u201ddefault\u201d custom_margin=\u201d-28px|auto||auto||\u201d custom_padding=\u201d0px|||||\u201d global_colors_info=\u201d{}\u201d][et_pb_column type=\u201d1_2\u2033 _builder_version=\u201d4.27.4\u2033 _module_preset=\u201ddefault\u201d global_colors_info=\u201d{}\u201d][\/et_pb_column][et_pb_column type=\u201d1_2\u2033 _builder_version=\u201d4.27.4\u2033 _module_preset=\u201ddefault\u201d global_colors_info=\u201d{}\u201d][\/et_pb_column][\/et_pb_row][et_pb_row _builder_version=\u201d4.27.4\u2033 _module_preset=\u201ddefault\u201d global_colors_info=\u201d{}\u201d][et_pb_column type=\u201d4_4\u2033 _builder_version=\u201d4.27.4\u2033 _module_preset=\u201ddefault\u201d global_colors_info=\u201d{}\u201d][et_pb_divider color=\u201d#000000\u2032\u2032 _builder_version=\u201d4.27.4\u2032\u2032 _module_preset=\u201ddefault\u201d global_colors_info=\u201d{}][\/et_pb_divider][\/et_pb_column][\/et_pb_row][et_pb_row column_structure=\u201d1_2,1_2\u2032\u2032 _builder_version=\u201d4.27.4\u2032\u2032 _module_preset=\u201ddefault\u201d custom_padding=\u201d0px \u2047 \u201d global_colors_info=\u201d{}\u201d][et_pb_column type=\u201d1_2\u2032\u2032 _builder_version=\u201d4.27.4\u2032\u2032\u2032\u2032 _module_preset=\u201ddefault\u201d global_colors_info=\u201d{}][et_pb_heading title=\u201dAcademia Mobility\u201d _builder_version=\u201d4.27.4\u2032\u2032 _module_preset=\u201ddefault\u201d title_text=\u201d#000000\u2032\u2032 global_colors_info=\u201d{}\u201d][\/et_pb_heading][et_pb_text _builder_version=\u201d4.27.4\u2032\u2032 _module_preset=\u201ddefault\u201d text_text_color=\u201d#000000\u2032\u2032 text_font_size=\u201d16px\u201d global_colors_info=\u201d{}\u201d]<\/p>\n<p><span style=\"color: #000000;\">Nous sommes impatients d\u2019accueillir des coll\u00e8gues de l\u2019orientation europ\u00e9enne en Irlande pour leur visite d\u2019\u00e9tude en mai 2026. Le th\u00e8me sera \u00ab<strong>Comp\u00e9tences en gestion de carri\u00e8re dans l'orientation tout au long de la vie<\/strong>&#8216;.<\/span><\/p>\n<p>[\/et_pb_text][\/et_pb_column][et_pb_column type=\u201d1_2\u2032\u2032 _builder_version=\u201d4.27.4\u2032\u2032 _module_preset=\u201cdefault\u201d global_colors_info=\u201d{}][et_pb_countdown_timer title=\u201cMobility Study Visit\u201d date_time=\u201d2026-05-12 12:18\u2032\u2032 _builder_version=\u201d4.27.4\u2032\u2032\u2032 _module_preset=\u201cdefault\u201d background_color=\u201d#003556\u2032\u2032 largeur=\u201d83%\u201d max_width=\u201d92%\u2019 module_alignment========================================================================================================================================================================================================================================================================================================================================================================================================================================================================================================================================================================================================================================================================================================================================____________________________________________________________________________________________________________________________________________________________________________________________________________________________________________________________________________________________________________________________________________________________________________________________________________________________________________________________________________________________________________________________________________________________________________________________________________________________________________________________________________________________________________________________________________________________________________________________________#FFFFFF\" custom_margin=\" \u2047 -20px \u2047 \" global_colors_info=\"{}\"][\/et_pb_heading][et_pb_wpt_gravityform gravityform_id=\"gf-2\u2032\u2032 title=\"off\" description=\"off\" ajax=\"on\" _builder_version=\"4.27.4\u2032\u2032 _module_preset=\"default\" transform_scale=\"94%|94%\u2019 global_colors_info=\u2019{}\u2019][\/et_pb_wpt_gravityform][\/et_pb_column][et_pb_column type=\u20191_3\u2032\u2032 _builder_version=\u20194.25.1\u2032\u2032 _module_preset=\u2019default\u2019 global_colors_info=\u2019{}\u201d][et_pb_heading title=\u2019Quick Links\u2019 _builder_version=\u20194.27.4\u2032\u2032 _module_preset=\u201995956592-a1b1-43fb-aa7b-d69d7b858e52\u2032\u2032 title_font=\u2019Verdana \u2047 \u2019 title_text_color=\u2019#FFFFFF\" positioning=\"aucun\" custom_margin=\" \u2047 10px \u2047 46px \u2047 false \u2047 false\" custom_padding=\" \u2047 55px \u2047 \" lock=\"off\" global_colors_info=\"{}\"][\/et_pb_heading][et_pb_text _builder_version=\"4.27.4\u2032\u2032 _module_preset=\"01dbb295-3347-4b31-936e-cb09b186d00f\" text_font=\"Verdana \u2047 \" custom_margin=\" \u2047 8px \u2047 53px \u2047 false \u2047 false\" custom_padding=\" \u2047 75px \u2047 48px \u2047 \" link_option_url=\"https:\/\/euroguidance.ie\/en\/about\/\"]<\/p>\n<p>Euroguidance<\/p>\n<p>[\/et_pb_text][et_pb_text _builder_version=\"4.27.4\u2032\u2032 _module_preset=\"01dbb295-3347-4b31-936e-cb09b186d00f\" text_font=\"Verdana \u2047 \" custom_margin=\" \u2047 8px \u2047 50px \u2047 false \u2047 false\" custom_padding=\" \u2047 50px \u2047 \" link_option_url=\"https:\/\/euroguidance.ie\/en\/resources\/\"]<\/p>\n<p>Ressources<\/p>\n<p>[\/et_pb_text][et_pb_text _builder_version=\"4.27.4\u2032\u2032 _module_preset=\"01dbb295-3347-4b31-936e-cb09b186d00f\" text_font=\"Verdana \u2047 \" custom_margin=\" \u2047 8px \u2047 49px \u2047 false \u2047 false\" custom_padding=\" \u2047 51px \u2047 \" link_option_url=\"https:\/\/euroguidance.ie\/fr\/contact-us\/\"]<\/p>\n<p>Contact<\/p>\n<p>[\/et_pb_text][et_pb_text _builder_version=\"4.27.4\u2032\u2032 _module_preset=\"01dbb295-3347-4b31-936e-cb09b186d00f\" text_font=\"Verdana \u2047 \" custom_margin=\" \u2047 8px \u2047 51px \u2047 false \u2047 false\" custom_padding=\" \u2047 49px \u2047 \" link_option_url=\"https:\/\/euroguidance.ie\/privacy-statement\/\"]<\/p>\n<p>Politique de confidentialit\u00e9<\/p>\n<p>[\/et_pb_text][\/et_pb_column][et_pb_column type=\u201d1_3\u2032\u2032 _builder_version=\u201d4.25.1\u2032\u2032 _module_preset=\u201cdefault\u201d global_colors_info=\u201d{}][et_pb_image src=\u201chttps:\/\/euroguidance.ie\/wp-content\/uploads\/2026\/01\/EN_Co-Funded_by_the_EU_PANTONE-scaled.png\u201d alt=\u201cCo-Funded by European Union\u201d title_text=\u201cEN_Co-Funded_by_the_EU_PANTONE\u201d align=\u201ccenter\u201d _builder_version=\u201d4.27.4\u2032 _module_preset=\u201cdefault\u201d global_colors_info=\u201d{}\u201d[\/et_pb_image\/et_blumn]<\/p>","protected":false},"excerpt":{"rendered":"<p>**Les candidatures sont maintenant ouvertes pour la 13e \u00c9cole d'\u00e9t\u00e9 ECADOC 2026** L'\u00e9v\u00e9nement qui aura lieu au Trinity College de Dublin, en Irlande, du 17 au 21 ao\u00fbt 2026 inclus.\u00a0 Le th\u00e8me de l\u2019universit\u00e9 d\u2019\u00e9t\u00e9 est \u00abPerspectives critiques dans le cadre de l\u2019orientation tout au long de la vie\u00bb. Nous accueillons favorablement les candidatures de doctorants actuels en orientation et conseil professionnels ou [...]<\/p>","protected":false},"author":9,"featured_media":0,"parent":0,"menu_order":0,"comment_status":"closed","ping_status":"closed","template":"","meta":{"_et_pb_use_builder":"on","_et_pb_old_content":"<!-- wp:divi\/placeholder \/-->","_et_gb_content_width":"","footnotes":""},"class_list":["post-432","page","type-page","status-publish","hentry"],"_links":{"self":[{"href":"https:\/\/euroguidance.ie\/fr\/wp-json\/wp\/v2\/pages\/432","targetHints":{"allow":["GET"]}}],"collection":[{"href":"https:\/\/euroguidance.ie\/fr\/wp-json\/wp\/v2\/pages"}],"about":[{"href":"https:\/\/euroguidance.ie\/fr\/wp-json\/wp\/v2\/types\/page"}],"author":[{"embeddable":true,"href":"https:\/\/euroguidance.ie\/fr\/wp-json\/wp\/v2\/users\/9"}],"replies":[{"embeddable":true,"href":"https:\/\/euroguidance.ie\/fr\/wp-json\/wp\/v2\/comments?post=432"}],"version-history":[{"count":31,"href":"https:\/\/euroguidance.ie\/fr\/wp-json\/wp\/v2\/pages\/432\/revisions"}],"predecessor-version":[{"id":1389,"href":"https:\/\/euroguidance.ie\/fr\/wp-json\/wp\/v2\/pages\/432\/revisions\/1389"}],"wp:attachment":[{"href":"https:\/\/euroguidance.ie\/fr\/wp-json\/wp\/v2\/media?parent=432"}],"curies":[{"name":"wp","href":"https:\/\/api.w.org\/{rel}","templated":true}]}}