{"id":419,"date":"2025-04-08T16:07:14","date_gmt":"2025-04-08T15:07:14","guid":{"rendered":"https:\/\/euroguidance.ie\/?page_id=419"},"modified":"2026-01-14T10:49:32","modified_gmt":"2026-01-14T10:49:32","slug":"enic-naric-networks","status":"publish","type":"page","link":"https:\/\/euroguidance.ie\/fr\/enic-naric-networks\/","title":{"rendered":"R\u00e9seaux ENIC-NARIC"},"content":{"rendered":"<p>[et_pb_section fb_built=\u201d1\u2032\u2032 admin_label=\u201cHeader\u201d _builder_version=\u201d4.27.4\u2032\u2032 _module_preset=\u201ded3a2270-0d1b-4161-8645-f529b8b3c5c0\u2032\u2032 background_color_gradient_direction=\u201d193deg\u201d background_color_gradient_stops=\u201dgcid-d119accd-44d7-4f2f-b9d7-599c8463324b 0%\u2047 rgba(7,33,48,0.6) 37%\u2047 rgba(255,255,255,0) 62%\u2047 gcid-1cd7c6da-5fe0-4f78-8345-603cff3cbdfc 100%\u2019 background_image=\u2019https:\/\/euroguidance.ie\/wp-content\/uploads\/2025\/02\/students3.jpg\u2019 background_enable_image=\u2019on\u2019 parallax=\u2019on\u2019 background_blend=\u2019darken\u2019 min_height=\u2019332.6px\u2019 custom_margin=\u2019 \u2047 53px \u2047 \u2019 lock=\u2019off\u2019 collapsed=\u2019off\u2019 global_colors_info=\u2019{gcid-1f1bf5fb-a99d-4acc-8d9e-ddac074c158c:background_color_gradient_stops,background_color_gradient_stops,background_color_gradient_stops,gcid-4c79ba3d-a281-4fb6-9b14-02f9a4c793f2:background_color_gradient_stops,background_color_gradient_stops,background_color_gradient_stops,gcid-688c464a-d6f2-4296-b592-395352c71c79:background_color_gradient_stops,background_color_gradient_stops,background_color_gradient_stops,gcid-d119accd-44d7-4f2f-b9d7-599c8463324b:background_color_gradient_stops,background_color_gradient_stops,background_color_gradient_stops,gcid-2352d280-fe84-43b1-a71e-f400c35a526a:background_color_gradient_stops,gcid-9e22d70d-67ee-4430-bed3-4bc105d4ef1e:background_color_gradient_stops,gcid-1cd7c6da-5fe0-4f78-8345-603cff3cbdfc:background_color_gradient_stops}][et_pb_row _builder_version=\u201d4.25.1\u2032\u2032 _module_preset=\u201cdefault\u201d global_colors_info=\u201d{}][et_pb_column type=\u201d4_4\u2032\u2032 _builder_version=\u201d4.25.1\u2032\u2032 _module_preset=\u201cdefault\u201d global_colors_info=\u201d{}][et_pb_heading title=\u201dENIC \u2013 NARIC\u201d _builder_version=\u201d4.27.4\u2032\u2032\u2032 _module_preset=\u201dbe0d0648-3112-47a9-843b-14168fe1dabd\u201d title_level=\u201dh2\u2032\u2032 title_font=\u201dVerdana \u2047 \u201d title_text_align=\u201dcenter\u201d title_text_color=\u201d#ededed\" title_font_size=\"60px\" background_color=\"RGBA(255,255,255,0)\" custom_margin=\"40px \u2047 10px \u2047 false \u2047 false\" title_font_size_tablet=\"45px\" title_font_size_phone=\"27px\" title_font_size_last_edited=\"on \u2047 phone\" global_colors_info=\"{gcid-12627f56-04f6-43cc-b53c-4ff92851d432:background_mask_color}][\/et_pb_heading][\/et_pb_column][\/et_pb_row][\/et_pb_section][et_pb_section fb_built=\u201d1\u2032\u2032 _builder_version=\u201d4.27.4\u2032\u2032 _module_preset=\u201cdefault\u201d custom_padding=\u201c0px \u2047 \u201d global_colors_info=\u201d{}][et_pb_row _builder_version=\u201d4.27.4\u2032\u2032\u2032 _module_preset=\u201cdefault\u201d global_colors_info=\u201c{}\u201d][et_pb_column type=\u201d4_4\u2032\u2032 _builder_version=\u201d4.27.4\u2032\u2032\u2032 _module_preset=\u201cdefault\u201d_colors_info=\u201d{}][et_pbtext_builder_version=\u201d4.27.4\u2032\u2032 _module_module_set=\u201d hover_enabled=\u201d0\u2032\u2032 global_colors_info=\u201d{}\u201d text_text_color=\u201d#000000\u2032\u2032 text_font_size=\u201d16px\u201d sticky_enabled=\u201d0\u2032\u2032]<\/p>\n<p style=\"text-align: center;\"><span style=\"color: #000000;\">Les r\u00e9seaux ENIC-NARIC sont le r\u00e9sultat d'une collaboration continue entre les centres nationaux d'information sur la reconnaissance acad\u00e9mique des qualifications de 56 pays au total, qui fonctionnent selon les principes de la Convention de reconnaissance de Lisbonne de 1997.<\/span><\/p>\n<p>[\/et_pb_text][\/et_pb_column][\/et_pb_row][\/et_pb_section][et_pb_section fb_built=\u20191\u2032\u2032 _builder_version=\u20194.27.4\u2032\u2032 _module_preset=\u2019default\u2019 min_height=\u20191084.5px\u2019 custom_margin=\u2019-57px \u2047 -282px \u2047 \u2019 custom_padding=\u20190px \u2047 \u2019 global_colors_info=\u2019{}][et_pb_row column_structure=\u20191_2,1_2\u2032\u2032 _builder_version=\u20194.27.4\u2032\u2032\u2032 _module_preset=\u2019default\u2019\u2019 global_colors_info=\u2019{}][et_pb_row column_structure=\u20191_2,1_2\u2032\u2032 _builder_version=\u2019\u20194.27.4\u2032\u2032 _module_preset=\u2019default\u2019\u2019 global_colors_info=\u2019\u2019{}][et_pb_info_et_#7b2d72\u2032\u2032 _builder_version=\u201c4.27.4\u2032\u2032 _module_preset=\u201cdefault\u201d global_colors_info=\u201d{}][\/et_pb_icon][et_pb_button button_url=\u201chttps:\/\/www.enic-naric.net\/page-lisbon-recognition-convention\u201d url_new_window=\u201con\u201d button_text=\u201cPlus d\u2019informations sont disponibles ici \u201d button_alignment=\u201ccenter\u201d _builder_version=\u201d4.27.4\u2032\u2032 _module_preset=\u201cdefault\u201d custom_button=\u201con\u201d button_text_color=\u201d#000044\u2032\u2032 global_colors_info=\u2019{}][\/et_pb_button][\/et_pb_column][et_pb_column type=\u20191_2\u2032\u2032 _builder_version=\u20194.27.4\u2032\u2032 _module_preset=\u2019default\u2019 global_colors_info=\u2019{}][et_pb_heading title=\u2019ENIC-NARIC fournit des informations pour:\u2019 _builder_version=\u20194.27.4\u2032\u2032 _module_preset=\u2019default\u2019 hover_enabled=\u2019\u20190\u2032\u2032 global_colors_info=\u2019{}\u201d title_text_color=\u201d#000000\u2032\u2032 sticky_enabled=\u201d0\u2032\u2032][\/et_pb_heading][et_pb_text _builder_version=\u201d4.27.4\u2032\u2032 _module_preset=\u201ddefault\u201d hover_enabled=\u201d0\u2032\u2032\u2032 global_colors_info=\u201d{}\u201d text_text_color=\u201d#000000\u2032\u2032 text_font_size=\u201d16px\u201d sticky_enabled=\u201d0\u2032\u2032]<\/p>\n<ul>\n<li style=\"text-align: left;\"><span style=\"color: #000000;\">Personnes travaillant pour \u00e9tudier ou travailler \u00e0 l'\u00e9tranger<\/span><\/li>\n<li style=\"text-align: left;\"><span style=\"color: #000000;\">\u00c9valuateurs de titres de comp\u00e9tences<\/span><\/li>\n<li style=\"text-align: left;\"><span style=\"color: #000000;\">\u00c9tablissements d'enseignement sup\u00e9rieur<\/span><\/li>\n<li style=\"text-align: left;\"><span style=\"color: #000000;\">Employeurs<\/span><\/li>\n<\/ul>\n<p>[\/et_pb_text][\/et_pb_column][\/et_pb_row][et_pb_row _builder_version=\u201d4.27.4\u2033 _module_preset=\u201ddefault\u201d custom_margin=\u201d1px||226px||false|false\u201d global_colors_info=\u201d{}\u201d][et_pb_column type=\u201d4_4\u2033 _builder_version=\u201d4.27.4\u2033 _module_preset=\u201ddefault\u201d global_colors_info=\u201d{}\u201d][et_pb_image src=\u201dhttps:\/\/euroguidance.ie\/wp-content\/uploads\/2025\/04\/Enic-Countries.png\u201d alt=\u201dGraphic listing Enic countries\u201d title_text=\u201dEnic-Countries\u201d _builder_version=\u201d4.27.4\u2033 _module_preset=\u201ddefault\u201d global_colors_info=\u201d{}\u201d][\/et_pb_image][\/et_pb_column][\/et_pb_row][\/et_pb_section][et_pb_section fb_built=\u201d1\u2033 admin_label=\u201dFooter\u201d _builder_version=\u201d4.27.4\u2033 _module_preset=\u201df1c4f717-2356-4e3f-ac1b-1e293a6cc08a\u201d min_height=\u201d269.3px\u201d height=\u201d357px\u201d custom_margin=\u201d-13px||0px||false|false\u201d custom_padding=\u201d0px||20px||false|false\u201d global_module=\u201d1150\u2033 saved_tabs=\u201dall\u201d locked=\u201doff\u201d collapsed=\u201don\u201d global_colors_info=\u201d{}\u201d][et_pb_row column_structure=\u201d1_2,1_2\u2033 _builder_version=\u201d4.27.4\u2033 _module_preset=\u201ddefault\u201d custom_margin=\u201d|auto|-85px|auto||\u201d custom_padding=\u201d||7px||false|false\u201d locked=\u201doff\u201d global_colors_info=\u201d{}\u201d][et_pb_column type=\u201d1_2\u2033 _builder_version=\u201d4.25.1\u2033 _module_preset=\u201ddefault\u201d global_colors_info=\u201d{}\u201d][et_pb_heading title=\u201dSubcribe to our Newsletter\u201d _builder_version=\u201d4.27.4\u2033 _module_preset=\u201ddefault\u201d title_text_align=\u201dcenter\u201d title_text_color=\u201d#FFFFFF\" custom_margin=\" \u2047 -20px \u2047 \" global_colors_info=\"{}\"][\/et_pb_heading][et_pb_wpt_gravityform gravityform_id=\"gf-2\u2032\u2032 title=\"off\" description=\"off\" ajax=\"on\" _builder_version=\"4.27.4\u2032\u2032 _module_preset=\"default\" transform_scale=\"94%|94%\u2019 global_colors_info=\u2019{}\u2019][\/et_pb_wpt_gravityform][\/et_pb_column][et_pb_column type=\u20191_2\u2032\u2032 _builder_version=\u20194.25.1\u2032\u2032 _module_preset=\u2019default\u2019 global_colors_info=\u2019{}\u201d][et_pb_heading title=\u2019Quick Links\u2019 _builder_version=\u20194.27.4\u2032\u2032 _module_preset=\u201995956592-a1b1-43fb-aa7b-d69d7b858e52\u2032\u2032 title_font=\u2019Verdana \u2047 \u2019 title_text_color=\u2019#FFFFFF\" custom_margin=\" \u2047 10px \u2047 false \u2047 false\" lock=\"off\" global_colors_info=\"{}\"][\/et_pb_heading][et_pb_text _builder_version=\"4.27.4\u2032\u2032 _module_preset=\"01dbb295-3347-4b31-936e-cb09b186d00f\" text_font=\"Verdana \u2047 \" custom_margin=\" \u2047 8px \u2047 false \u2047 false\" link_option_url=\"https:\/\/euroguidance.ie\/en\/about\/\"]<\/p>\n<p>Euroguidance<\/p>\n<p>[\/et_pb_text][et_pb_text _builder_version=\"4.27.4\u2032\u2032 _module_preset=\"01dbb295-3347-4b31-936e-cb09b186d00f\" text_font=\"Verdana \u2047 \" custom_margin=\" \u2047 8px \u2047 false \u2047 false\" link_option_url=\"https:\/\/euroguidance.ie\/en\/resources\/\"]<\/p>\n<p>Ressources<\/p>\n<p>[\/et_pb_text][et_pb_text _builder_version=\"4.27.4\u2032\u2032 _module_preset=\"01dbb295-3347-4b31-936e-cb09b186d00f\" text_font=\"Verdana \u2047 \" custom_margin=\" \u2047 8px \u2047 false \u2047 false\" link_option_url=\"https:\/\/euroguidance.ie\/fr\/contact-us\/\"]<\/p>\n<p>Contact<\/p>\n<p>[\/et_pb_text][et_pb_text _builder_version=\u20194.27.4\u2032\u2032 _module_preset=\u201901dbb295-3347-4b31-936e-cb09b186d00f\u2019 text_font=\u2019Verdana \u2047 \u2019 custom_margin=\u2019 \u2047 8px \u2047 false \u2047 false\u2019]<\/p>\n<p>Politique de confidentialit\u00e9<\/p>\n<p>[\/et_pb_text][\/et_pb_column][\/et_pb_row][\/et_pb_section]<\/p>","protected":false},"excerpt":{"rendered":"<p>Les r\u00e9seaux ENIC-NARIC sont le r\u00e9sultat d'une collaboration continue entre les centres nationaux d'information sur la reconnaissance acad\u00e9mique des qualifications de 56 pays au total, qui fonctionnent selon les principes de la Convention de reconnaissance de Lisbonne de 1997. Personnes travaillant pour \u00e9tudier ou travailler \u00e0 l'\u00e9tranger \u00c9valuateurs de dipl\u00f4mes \u00c9tablissements d'enseignement sup\u00e9rieur Employeurs EuroguidanceRessourcesContactPolitique de confidentialit\u00e9<\/p>","protected":false},"author":9,"featured_media":0,"parent":0,"menu_order":0,"comment_status":"closed","ping_status":"closed","template":"","meta":{"_et_pb_use_builder":"on","_et_pb_old_content":"","_et_gb_content_width":"","footnotes":""},"class_list":["post-419","page","type-page","status-publish","hentry"],"_links":{"self":[{"href":"https:\/\/euroguidance.ie\/fr\/wp-json\/wp\/v2\/pages\/419","targetHints":{"allow":["GET"]}}],"collection":[{"href":"https:\/\/euroguidance.ie\/fr\/wp-json\/wp\/v2\/pages"}],"about":[{"href":"https:\/\/euroguidance.ie\/fr\/wp-json\/wp\/v2\/types\/page"}],"author":[{"embeddable":true,"href":"https:\/\/euroguidance.ie\/fr\/wp-json\/wp\/v2\/users\/9"}],"replies":[{"embeddable":true,"href":"https:\/\/euroguidance.ie\/fr\/wp-json\/wp\/v2\/comments?post=419"}],"version-history":[{"count":14,"href":"https:\/\/euroguidance.ie\/fr\/wp-json\/wp\/v2\/pages\/419\/revisions"}],"predecessor-version":[{"id":1297,"href":"https:\/\/euroguidance.ie\/fr\/wp-json\/wp\/v2\/pages\/419\/revisions\/1297"}],"wp:attachment":[{"href":"https:\/\/euroguidance.ie\/fr\/wp-json\/wp\/v2\/media?parent=419"}],"curies":[{"name":"wp","href":"https:\/\/api.w.org\/{rel}","templated":true}]}}