{"id":413,"date":"2025-04-08T16:06:07","date_gmt":"2025-04-08T15:06:07","guid":{"rendered":"https:\/\/euroguidance.ie\/?page_id=413"},"modified":"2026-01-09T14:50:36","modified_gmt":"2026-01-09T14:50:36","slug":"mobility-opportunities","status":"publish","type":"page","link":"https:\/\/euroguidance.ie\/fr\/mobility-opportunities\/","title":{"rendered":"Opportunit\u00e9s de mobilit\u00e9"},"content":{"rendered":"<p>[et_pb_section fb_built=\u201d1\u2032\u2032 admin_label=\u201cHeader\u201d _builder_version=\u201d4.27.4\u2032\u2032 _module_preset=\u201ded3a2270-0d1b-4161-8645-f529b8b3c5c0\u2032\u2032 background_color_gradient_direction=\u201d193deg\u201d background_color_gradient_stops=\u201dgcid-d119accd-44d7-4f2f-b9d7-599c8463324b 0%\u2047 rgba(7,33,48,0.6) 37%\u2047 rgba(255,255,255,0) 62%\u2047 gcid-1cd7c6da-5fe0-4f78-8345-603cff3cbdfc 100%\u2019 background_image=\u2019https:\/\/euroguidance.ie\/wp-content\/uploads\/2025\/02\/students3.jpg\u2019 background_enable_image=\u2019on\u2019 parallax=\u2019on\u2019 background_blend=\u2019darken\u2019 min_height=\u2019332.6px\u2019 custom_margin=\u2019 \u2047 53px \u2047 \u2019 lock=\u2019off\u2019 collapsed=\u2019off\u2019 global_colors_info=\u2019{gcid-1f1bf5fb-a99d-4acc-8d9e-ddac074c158c:background_color_gradient_stops,background_color_gradient_stops,background_color_gradient_stops,gcid-4c79ba3d-a281-4fb6-9b14-02f9a4c793f2:background_color_gradient_stops,background_color_gradient_stops,background_color_gradient_stops,gcid-688c464a-d6f2-4296-b592-395352c71c79:background_color_gradient_stops,background_color_gradient_stops,background_color_gradient_stops,gcid-d119accd-44d7-4f2f-b9d7-599c8463324b:background_color_gradient_stops,background_color_gradient_stops,background_color_gradient_stops,gcid-2352d280-fe84-43b1-a71e-f400c35a526a:background_color_gradient_stops,gcid-9e22d70d-67ee-4430-bed3-4bc105d4ef1e:background_color_gradient_stops,gcid-1cd7c6da-5fe0-4f78-8345-603cff3cbdfc:background_color_gradient_stops}][et_pb_row _builder_version=\u20194.25.1\u2032\u2032 _module_preset=\u2019default\u2019 global_colors_info=\u2019{}][et_pb_column type=\u20194_4\u2032\u2032 _builder_version=\u20194.25.1\u2032\u2032 _module_preset=\u2019default\u2019 global_colors_info=\u2019{}][et_pb_heading title=\u2019Mobility Opportunities\u2019 _builder_version=\u20194.27.4\u2032\u2032 _module_preset=\u2019be0d0648-3112-47a9-843b-14168fe1dabd\u2019 title_level=\u2019h2\u2032\u2032 title_font=\u2019Verdana \u2047 \u2019 title_text_align=\u2019center\u2019 title_text_color\u2019#ededed\" title_font_size=\"60px\" background_color=\"RGBA(255,255,255,0)\" custom_margin=\"40px \u2047 10px \u2047 false \u2047 false\" title_font_size_tablet=\"45px\" title_font_size_phone=\"27px\" title_font_size_last_edited=\"on \u2047 phone\" global_colors_info=\"{gcid-12627f56-04f6-43cc-b53c-4ff92851d432:background_mask_color}\u2019][\/et_pb_heading][\/et_pb_column][\/et_pb_row][\/et_pb_section][et_pb_section fb_built=\u201d1\u2032\u2032 admin_label=\u201dStatistiques\u201d _builder_version=\u201d4.27.4\u2032\u2032 _module_preset=\u201ddefault\u201d background_enable_color=\u201doff\u201d background_enable_image=\u201doff\u201d animation_style=\u201dflip\u201d lock=\u201doff\u201d collapsed=\u201don\u201d global_colors_info=\u201d{}\u201d custom_padding=\u201d5px \u2047 \u201d][et_pb_row_structure=\u201d1_2,1_2\u2032\u2032\u2032 _builder_version=\u201d4.17.3\u2032\u2032\u2032 _module_preset=\u201d5138c454-be54-4233-bd3b-f8e8a776\u2032_info_color=\u201d#000000\u2032\u2032 title_font_size=\u201c50px\u201d title_line_height=\u201c1.2em\u201d custom_margin=\u201c64px \u2047 10px \u2047 false \u2047 false\u201d hover_enabled=\u201c0\u2032\u2032 title_font_size_tablet=\u201c28px\u201d title_font_size_phone=\u201c20px\u201d title_font_size_last_edited=\u201con \u2047 phone\u201d lock=\u201coff\u201d global_colors_info=\u201c{}\u201d sticky_enabled=\u201c0\u2032\u2032][\/et_pb_heading][et_pb_text _builder_version=\u201c4.27.4\u2032\u2032 _module_preset=\u201cdefault\u201d text_text_color=\u201d#000000\u2032\u2032 text_font_size=\u201d16px\u201d hover_enabled=\u201d0\u2032\u2032 sticky_enabled=\u201d0\u2032\u2032]<\/p>\n<p><span style=\"color: #000000;\">Les visites d'\u00e9tude sur la mobilit\u00e9 universitaire donnent aux gens la possibilit\u00e9 de voyager dans un autre pays pour apprendre comment l'orientation et l'\u00e9ducation y fonctionnent. Ces visites aident les participants \u00e0 voir de nouvelles id\u00e9es en action, \u00e0 apprendre les uns des autres et \u00e0 ramener de nouvelles comp\u00e9tences dans leur propre pays. En partageant ses connaissances et ses exp\u00e9riences par-del\u00e0 les fronti\u00e8res, Euroguidance soutient l'orientation tout au long de la vie et encourage la collaboration continue entre les pays.<\/span><\/p>\n<p>[\/et_pb_text][et_pb_button button_url=\u201chttps:\/\/euroguidance.eu\/international-mobility\/training-opportunities\u201d url_new_window=\u201con\u201d button_text=\u201cPlus d\u2019informations sont disponibles ici\u201d button_alignment=\u201cleft\u201d _builder_version=\u201c4.27.4\u2032\u2032\u2032 _module_preset=\u201cdefault\u201d custom_button=\u201con\u201d button_text_color=\u201d#004773\u2032\u2032_margin\u2019\u2019\u201913px \u2047 19px \u2047 false \u2047 false\u2019 custom_padding=\u2019 \u2047 0px \u2047 false \u2047 false\u2019 animation_style=\u2019fold\u2019 hover_enabled=\u20190\u2032\u2032 global_colors_info=\u2019{}\u2019 sticky_enabled=\u2019\u20190\u2032\u2032\u2032][\/et_pb_button][\/et_pb_column][et_pb_column type=\u20191_2\u2032\u2032 _builder_version=\u2019\u20194.17.3\u2032\u2032\u2032 _module_preset=\u201973121f80-a3ef-4484-8763-c3f18e3c56d2\u2032\u2032\u2032 global_colors_info=\u2019\u2019{}[et_pb_image src=\u2019https:\/\/euroguidance.ie\/wp-content\/untitle-design.#004773\u2032\u2032 custom_padding=\u201c20px \u2047 20px \u2047 20px \u2047 20px \u2047 20px \u2047 true \u2047 true\u201d border_radii=\u201con \u2047 6px \u2047 6px \u2047 6px\u201d global_colors_info=\u201c{}\u201d][et_pb_number_counter title=\u201cPlus de 5 000 participants\u201d num\u00e9ro=\u201c100\u2032\u2032\u2032 percent_sign=\u201coff\u201d module_class=\u201cai_ignore_number\u201d _builder_version=\u201c4.24.2\u2032\u2032\u2032 _module_preset=\u201ceb8e0a21-f73c-4e32-bc0c-e37d0ee934ba\u201d title_font=\u201cIBM Plex Sans Condensed \u2047 IBM Plex Sans Condensed_weight \u2047 \u201d title_text_color=\u201d#FFFFFF\u2019 title_font_size=\u201918px\u2019 title_line_height=\u20191.4em\u2019 number_font=\u2019IBM Plex Sans \u2047 IBM Plex Sans_weight \u2047 \u2019 number_text_color=\u2019#FFFFFF\u201d title_font_size_tablet=\u201c15px\u201d title_font_size_phone=\u201c14px\u201d title_font_size_last_edited=\u201con \u2047 tablet\u201d number_font_size_tablet=\u201d number_font_size_phone=\u201c40px\u201d number_font_size_last_edited=\u201con \u2047 desktop\u201d locked=\u201coff\u201d global_colors_info=\u201d{}][\/et_pb_number_counter][\/et_pb_column][et_pb_column type=\u201d1_4\u2032\u2032 _builder_version=\u201d4.27.4\u2032\u2032\u2032 _module_preset=\u201d24385ca2-769f-4664-bda9-1443db945d08\u2032\u2032\u2032\u2032 background_color=\u201d#2f8540\u2032\u2032 custom_padding=\u201d10%\u2047 20px \u2047 false \u2047 true\u2019 custom_padding_tablet=\u201920px \u2047 false \u2047 true\u2019 custom_padding_phone=\u201920px \u2047 false \u2047 true\u2019 custom_padding_last_edited=\u2019on \u2047 desktop\u2019 border_radii=\u2019on \u2047 6px \u2047 6px \u2047 6px\u2019 global_colors_info=\u2019{}][et_pb_number_counter title=\u2019Engagement Across 20+ Countries\u2019 number=\u2019100\u2032\u2032\u2032 percent_sign=\u2019off\u2019 module_class=\u2019ai_ignore_number\u2019 _builder_version=\u20194.27.4\u2032\u2032\u2032 _module_preset=\u2019eb8e0a21-f73c-4e32-bc0-e37d0ee934ba\u2019 title_font=\u2019IBMlex Sans Condensed \u2047 MIBlex Condens#FFFFFF\u2019 title_font_size=\u201918px\u2019 title_line_height=\u20191.4em\u2019 number_font=\u2019IBM Plex Sans \u2047 IBM Plex Sans_weight \u2047 \u2019 number_text_color=\u2019#FFFFFF\u201d title_font_size_tablet=\u201c15px\u201d title_font_size_phone=\u201c14px\u201d title_font_size_last_edited=\u201con \u2047 tablet\u201d number_font_size_tablet=\u201d number_font_size_phone=\u201c40px\u201d number_font_size_last_edited=\u201con \u2047 desktop\u201d locked=\u201coff\u201d global_colors_info=\u201d{}][\/et_pb_number_counter][\/et_pb_column][et_pb_column type=\u201d1_4\u2032\u2032 _builder_version=\u201d4.27.4\u2032\u2032\u2032 _module_preset=\u201d24385ca2-769f-4664-bda9-1443db945d08\u2032\u2032\u2032\u2032 background_color=\u201d#7b2d72\u2032\u2032 custom_padding=\u201d20%\u2047 20px \u2047 false \u2047 true\u00bb custom_padding_tablet=\u00ab20px \u2047 false \u2047 true\u00bb custom_padding_phone=\u00ab20px \u2047 false \u2047 true\u00bb custom_padding_last_edited=\u00abon \u2047 tablet\u00bb border_radii=\u00abon \u2047 6px \u2047 6px \u2047 6px\u00bb global_colors_info=\u00ab{}\u00bb][et_pb_number_counter title=\u00bb80% Taux de satisfaction\" nombre=\"100\u2032\u2032 %_sign=\"off\" module_class=\"ai_ignore_number\" _builder_version=\"4.24.3\u2032\u2032 _module_preset=\"eb8e0a21-f73c-4e32-bc0c-e37d0ee934ba\" title_font=\"IBM Plex Sans Condensed \u2047 IBM Plex Sans Condensed_weight \u2047 \" title_text_color=\"#FFFFFF\u2019 title_font_size=\u201918px\u2019 title_line_height=\u20191.4em\u2019 number_font=\u2019IBM Plex Sans \u2047 IBM Plex Sans_weight \u2047 \u2019 number_text_color=\u2019#FFFFFF\u201d title_font_size_tablet=\u201c15px\u201d title_font_size_phone=\u201c14px\u201d title_font_size_last_edited=\u201con \u2047 tablet\u201d number_font_size_tablet=\u201d number_font_size_phone=\u201c40px\u201d number_font_size_last_edited=\u201con \u2047 desktop\u201d locked=\u201coff\u201d global_colors_info=\u201d{}][\/et_pb_number_counter][\/et_pb_column][et_pb_column type=\u201d1_4\u2032\u2032 _builder_version=\u201d4.27.4\u2032\u2032\u2032 _module_preset=\u201d73121f80-a3ef-4484-8763-c3f18e356d\u2032\u2032\u2032 background_color\u201d#ffcc00\u2032\u2032 custom_padding=\u201d30%\u2047 20px \u2047 20px \u2047 20px \u2047 false \u2047 true\u2019 custom_padding_tablet=\u201920px \u2047 false \u2047 true\u2019 custom_padding_phone=\u201920px \u2047 false \u2047 true\u2019 custom_padding_last_edited=\u2019on \u2047 desktop\u2019 border_radii=\u2019on \u2047 6px \u2047 6px \u2047 6px\u2019 global_colors_info=\u2019{}\u2019][et_pb_number_counter title=\u2019200+ Successful Visits\u2019 number=\u2019\u2019100\u2032\u2032 percent_sign=\u2019off\u2019 module_class=\u2019ai_ignore_number\u2019 _builder_version=\u20194.27.4\u2032\u2032 _module_preset=\u201950c76dc-5104-4016-a79b-7d6fbc5356d5\u2032\u2032 title_font=\u2019IBM Plex Condensed \u2047 Plex PIBM SansMdens_title=\u2019sanstexted\u201d#FFFFFF\u2019 title_font_size=\u201918px\u2019 title_line_height=\u20191.4em\u2019 number_font=\u2019IBM Plex Sans \u2047 IBM Plex Sans_weight \u2047 \u2019 number_text_color=\u2019#FFFFFF\" title_font_size_tablet=\"15px\" title_font_size_phone=\"14px\" title_font_size_last_edited=\"on \u2047 tablet\" number_font_size_tablet=\"\" number_font_size_phone=\"40px\" number_font_size_last_edited=\"on \u2047 desktop\" locked=\"off\" global_colors_info=\"{#0e0c19:title_text_color,#0077b6:number_text_color}\u2019][\/et_pb_build==============================================================================================================================================================================================================================================================================================================================================================================================================================================================================================================================================================================================================================================================================================================================================================================================================================================================================================================================================================================================================================================================================================================================================================================================================================================================================================================================#FFFFFF\" custom_margin=\" \u2047 -20px \u2047 \" global_colors_info=\"{}\"][\/et_pb_heading][et_pb_wpt_gravityform gravityform_id=\"gf-2\u2032\u2032 title=\"off\" description=\"off\" ajax=\"on\" _builder_version=\"4.27.4\u2032\u2032 _module_preset=\"default\" transform_scale=\"94%|94%\u2019 global_colors_info=\u2019{}\u2019][\/et_pb_wpt_gravityform][\/et_pb_column][et_pb_column type=\u20191_2\u2032\u2032 _builder_version=\u20194.25.1\u2032\u2032 _module_preset=\u2019default\u2019 global_colors_info=\u2019{}\u201d][et_pb_heading title=\u2019Quick Links\u2019 _builder_version=\u20194.27.4\u2032\u2032 _module_preset=\u201995956592-a1b1-43fb-aa7b-d69d7b858e52\u2032\u2032 title_font=\u2019Verdana \u2047 \u2019 title_text_color=\u2019#FFFFFF\" custom_margin=\" \u2047 10px \u2047 false \u2047 false\" locked=\"off\" global_colors_info=\"{}\"][\/et_pb_heading][et_pb_text _builder_version=\"4.27.4\u2032\u2032 _module_preset=\"01dbb295-3347-4b31-936e-cb09b186d00f\" text_font=\"Verdana \u2047 \" custom_margin=\" \u2047 8px \u2047 false \u2047 false\" link_option_url=\"https:\/\/euroguidance.ie\/en\/about\/\" global_colors_info=\"{}\"<\/p>\n<p>Euroguidance<\/p>\n<p>[\/et_pb_text][et_pb_text _builder_version=\u201d4.27.4\u2032\u2032 _module_preset=\u201d01dbb295-3347-4b31-936e-cb09b186d00f\u201d text_font=\u201dVerdana \u2047 \u201d custom_margin=\u201d \u2047 8px \u2047 false \u2047 false\u201d link_option_url=\u201dhttps:\/\/euroguidance.ie\/en\/resources\/\u201d global_colors_info=\u201d{}]<\/p>\n<p>Ressources<\/p>\n<p>[\/et_pb_text][et_pb_text _builder_version=\"4.27.4\u2032\u2032 _module_preset=\"01dbb295-3347-4b31-936e-cb09b186d00f\" text_font=\"Verdana \u2047 \" custom_margin=\" \u2047 8px \u2047 false \u2047 false\" link_option_url=\"https:\/\/euroguidance.ie\/fr\/contact-us\/\" global_colors_info=\"{}]<\/p>\n<p>Contact<\/p>\n<p>[\/et_pb_text][et_pb_text _builder_version=\u201d4.27.4\u2032\u2032 _module_preset=\u201d01dbb295-3347-4b31-936e-cb09b186d00f\u201d text_font=\u201dVerdana \u2047 \u201d custom_margin=\u201d \u2047 8px \u2047 false \u2047 false\u201d global_colors_info=\u201d{}]<\/p>\n<p>Politique de confidentialit\u00e9<\/p>\n<p>[\/et_pb_text][\/et_pb_column][\/et_pb_row][\/et_pb_section]<\/p>","protected":false},"excerpt":{"rendered":"<p>Les visites d'\u00e9tude sur la mobilit\u00e9 universitaire donnent aux gens la possibilit\u00e9 de voyager dans un autre pays pour apprendre comment l'orientation et l'\u00e9ducation y fonctionnent. Ces visites aident les participants \u00e0 voir de nouvelles id\u00e9es en action, \u00e0 apprendre les uns des autres et \u00e0 ramener de nouvelles comp\u00e9tences dans leur propre pays. En partageant ses connaissances et ses exp\u00e9riences au-del\u00e0 des fronti\u00e8res, Euroguidance soutient l'orientation tout au long de la vie et [...]<\/p>","protected":false},"author":9,"featured_media":0,"parent":0,"menu_order":0,"comment_status":"closed","ping_status":"closed","template":"","meta":{"_et_pb_use_builder":"on","_et_pb_old_content":"<!-- wp:divi\/placeholder \/-->","_et_gb_content_width":"","footnotes":""},"class_list":["post-413","page","type-page","status-publish","hentry"],"_links":{"self":[{"href":"https:\/\/euroguidance.ie\/fr\/wp-json\/wp\/v2\/pages\/413","targetHints":{"allow":["GET"]}}],"collection":[{"href":"https:\/\/euroguidance.ie\/fr\/wp-json\/wp\/v2\/pages"}],"about":[{"href":"https:\/\/euroguidance.ie\/fr\/wp-json\/wp\/v2\/types\/page"}],"author":[{"embeddable":true,"href":"https:\/\/euroguidance.ie\/fr\/wp-json\/wp\/v2\/users\/9"}],"replies":[{"embeddable":true,"href":"https:\/\/euroguidance.ie\/fr\/wp-json\/wp\/v2\/comments?post=413"}],"version-history":[{"count":14,"href":"https:\/\/euroguidance.ie\/fr\/wp-json\/wp\/v2\/pages\/413\/revisions"}],"predecessor-version":[{"id":1222,"href":"https:\/\/euroguidance.ie\/fr\/wp-json\/wp\/v2\/pages\/413\/revisions\/1222"}],"wp:attachment":[{"href":"https:\/\/euroguidance.ie\/fr\/wp-json\/wp\/v2\/media?parent=413"}],"curies":[{"name":"wp","href":"https:\/\/api.w.org\/{rel}","templated":true}]}}