{"id":161,"date":"2018-08-16T14:34:19","date_gmt":"2018-08-16T13:34:19","guid":{"rendered":"https:\/\/euroguidance.ie\/?page_id=161"},"modified":"2026-01-20T12:30:10","modified_gmt":"2026-01-20T12:30:10","slug":"contact-us","status":"publish","type":"page","link":"https:\/\/euroguidance.ie\/fr\/contact-us\/","title":{"rendered":"Contactez-nous"},"content":{"rendered":"<p>[et_pb_section fb_built=\u201d1\u2032\u2032 admin_label=\u201cHeader\u201d _builder_version=\u201d4.27.4\u2032\u2032 _module_preset=\u201ded3a2270-0d1b-4161-8645-f529b8b3c5c0\u2032\u2032 background_color_gradient_direction=\u201d193deg\u201d background_color_gradient_stops=\u201dgcid-d119accd-44d7-4f2f-b9d7-599c8463324b 0%\u2047 rgba(7,33,48,0.6) 37%\u2047 rgba(255,255,255,0) 62%\u2047 gcid-1cd7c6da-5fe0-4f78-8345-603cff3cbdfc 100%\u2019 background_image=\u2019https:\/\/euroguidance.ie\/wp-content\/uploads\/2025\/02\/students3.jpg\u2019 background_enable_image=\u2019on\u2019 parallax=\u2019on\u2019 background_blend=\u2019darken\u2019 min_height=\u2019332.6px\u2019 custom_margin=\u2019 \u2047 53px \u2047 \u2019 lock=\u2019off\u2019 collapsed=\u2019off\u2019 global_colors_info=\u2019{gcid-1f1bf5fb-a99d-4acc-8d9e-ddac074c158c:background_color_gradient_stops,background_color_gradient_stops,background_color_gradient_stops,gcid-4c79ba3d-a281-4fb6-9b14-02f9a4c793f2:background_color_gradient_stops,background_color_gradient_stops,background_color_gradient_stops,gcid-688c464a-d6f2-4296-b592-395352c71c79:background_color_gradient_stops,background_color_gradient_stops,background_color_gradient_stops,gcid-d119accd-44d7-4f2f-b9d7-599c8463324b:background_color_gradient_stops,background_color_gradient_stops,background_color_gradient_stops,gcid-2352d280-fe84-43b1-a71e-f400c35a526a:background_color_gradient_stops,gcid-9e22d70d-67ee-4430-bed3-4bc105d4ef1e:background_color_gradient_stops,gcid-1cd7c6da-5fe0-4f78-8345-603cff3cbdfc:background_color_gradient_stops}][et_pb_row _builder_version=\u201d4.25.1\u2032\u2032 _module_preset=\u201ddefault\u201d global_colors_info=\u201d{}][et_pb_column type=\u201d4_4\u2032\u2032 _builder_version=\u201d4.25.1\u2032\u2032 _module_preset=\u201ddefault\u201d global_colors_info=\u201d{}][et_pb_heading title=\u201dEuroguidance FAQ\u201d _builder_version=\u201d4.27.4\u2032\u2032\u2032 _module_preset=\u201dbe0d0648-3112-47a9-843b-14168fe1dabd\u201d title_level=\u201dh2\u2032\u2032 title_font=\u201dVerdana \u2047 \u201d title_text_align=\u201dcenter\u201d title_text_color=\u201d#ededed\" title_font_size=\"60px\" background_color=\"RGBA(255,255,255,0)\" custom_margin=\"40px \u2047 10px \u2047 false \u2047 false\" custom_padding=\" \u2047 0px \u2047 \" title_font_size_tablet=\"45px\" title_font_size_phone=\"27px\" title_font_size_last_edited=\"on \u2047 phone\" global_colors_info=\"{gcid-12627f56-04f6-43cc-b53c-4ff92851d432:background_mask_color}][\/et_pb_heading][\/et_pb_column][\/et_pb_row][\/et_pb_section][et_pb_section fb_built=\u201d1\u2032\u2032 admin_label=\u201cFoire aux questions\u201d _builder_version=\u201d4.27.4\u2032\u2032 _module_preset=\u201cdefault\u201d background_color=\u201d#FFFFFF\" custom_margin=\"-60px \u2047 -14px \u2047 \" custom_padding=\"0px \u2047 \" animation_style=\"zoom\" border_color_all=\"#FFFFFF\" lock=\"off\" collapsed=\"on\" global_colors_info=\"{gcid-36fd78a7-34bc-404d-873c-dafa34efaae5:colorD\u00e9marrer,#0077b6:background_color_gradient_stops,#03045e:background_color_gradient_stops}][et_pb_row _builder_version=\u201d4.17.6\u2032\u2032 _module_preset=\u201d5138c454-be54-4233-bd3b-f8e6a8747976\u2032\u2032\u2032 lock=\u201doff\u201d global_colors_info=\u201d{}][et_pb_column type=\u201d4_4\u2032\u2032 _builder_version=\u201d4.16\u2032\u2032 _module_preset=\u201d73121f80-a3ef-4484-8763-c3f18e3c56d2\u2032\u2032 global_colors_info=\u201d{}\u201d][et_pb_heading _builder_version=\u201d4.27.4\u2032\u2032 _module_preset=\u201dc33f07d9-41e0-421a-8799-5799df695cce\u201d title_level=\u201dh2\u2032\u2032\u2032_ title_font=\u201dIBM Plex Sans Condensed_weight \u2047 \u00bb title_text_align=\u00abcenter\u00bb title_text_color=\u00bb#000000\u2032\u2032 title_font_size=\u201c50px\u201d title_line_height=\u201c1.2em\u201d custom_margin=\u201c \u2047 10px \u2047 false \u2047 false\u201d title_font_size_tablet=\u201c28px\u201d title_font_size_phone=\u201c20px\u201d title_font_size_last_edited=\u201con \u2047 phone\u201d global_colors_info=\u201c{}\u201d][\/et_pb_heading][et_pb_text quote_border_color=\u201d#FFFFFF\" _builder_version=\"4.27.4\u2032\u2032 _module_preset=\"0504de1e-f5ff-4281-ba60-cbbe4edf98bc\" text_font=\" \u2047 IBM Plex Sans_weight \u2047 \" text_text_color=\"#000000\u2032\u2032 text_font_size=\u201c16px\u201d text_line_height=\u201c1.75em\u201d link_font=\u201c \u2047 on \u2047 \u201d link_text_color=\u201d#FFFFFF\u00bb quote_font=\u00abIBM Plex Sans Condensed \u2047 IBM Plex Sans Condensed_weight \u2047 \u00bb quote_text_color=\u00bb#FFFFFF\" header_font=\" \u2047 IBM Plex Sans Condensed_weight \u2047 \" header_text_color=\"#FFFFFF\" header_font_size=\"72px\" header_line_height=\"1.15em\" header_2_font=\"IBM Plex Sans Condensed \u2047 IBM Plex Sans Condensed_weight \u2047 \" header_2_text_color=\"#FFFFFF\" header_2_font_size=\"50px\" header_2_line_height=\"1.2em\" header_3_font=\"IBM Plex Sans Condensed \u2047 IBM Plex Sans Condensed_weight \u2047 \" header_3_text_color=\"#FFFFFF\" header_3_font_size=\"32px\" header_3_line_height=\"1.3em\" header_4_font=\"IBM Plex Sans Condensed \u2047 IBM Plex Sans Condensed_weight \u2047 \" header_4_text_color=\"#FFFFFF\" header_4_font_size=\"24px\" header_4_line_height=\"1.4em\" header_5_font=\"IBM Plex Sans Condensed \u2047 IBM Plex Sans Condensed_weight \u2047 \" header_5_text_color=\"#FFFFFF\" header_5_font_size=\"18px\" header_5_line_height=\"1.4em\" header_6_font=\"IBM Plex Sans Condensed \u2047 IBM Plex Sans Condensed_weight \u2047 \" header_6_text_color=\"#FFFFFF\" header_6_line_height=\"1.5em\" text_orientation=\"center\" custom_margin=\" \u2047 false \u2047 false\" text_font_size_tablet=\"15px\" text_font_size_phone=\"14px\" text_font_size_last_edited=\"on \u2047 phone\" header_font_size_tablet=\"40px\" header_font_size_phone=\"24px\" header_font_size_last_edited=\"on \u2047 desktop\" header_2_font_size_tablet=\"28px\" header_2_font_size_phone=\"20px\" header_2_font_size_slastize___edit=\"on \u2047 phone\" header_3_font_size_tablet=22\"px\" header_3_font_size_phone=\"17px\" header_3_font_size_last_edited=\"on \u2047 phone\" header_4_font_size_tablet=\"18px\" header_4_font_size_phone=\"15px\" header_4_font_size_last_edited=\"on \u2047 tablet\" header_5_font_size_tablet=\"15px\" header_5_font_size_phone=\"14px\" header_5_font_size_last_edited=\"on \u2047 desktop\" header_6_font_size_tablet=\"13px\" header_6_font_size_phone=\"13px\" header_6_font_size_phone=\"13px\" header_6_font_size_lastedited=\"on \u2047 desktop locked=\" locker\"_off\" global\"=\"_color\"#03045e:link_text_color,#0e0c19:header_text_color,header_4_text_color,header_3_text_color,header_2_text_color,header_5_text_color,header_6_text_color,quote_text_color,#0077b6:quote_border_color}\u00bb]<\/p>\n<p>Veuillez lire la Foire aux questions (FAQ) ci-dessous, car elle peut r\u00e9pondre \u00e0 votre question. Si vous ne trouvez pas ce que vous cherchez, s'il vous pla\u00eet soumettre vos coordonn\u00e9es ci-dessous et nous serons heureux de vous aider.<\/p>\n<p>[\/et_pb_text][\/et_pb_column][\/et_pb_row][et_pb_row custom_padding_last_edited=\u201don \u2047 phone\u201d _builder_version=\u201d4.27.4\u2032\u2032\u2032 _module_preset=\u201dc9cfaba2-2263-4f35-8227-8d16ca8bd1cc\u201d background_color=\u201d#FFFFFF\u2019 max_width=\u2019700px\u2019 module_alignment=\u2019center\u2019 min_height=\u2019547.6px\u2019 custom_margin=\u2019-5px \u2047 auto \u2047 -5px \u2047 auto \u2047 true \u2047 false\u2019 custom_padding=\u201930px \u2047 60px \u2047 30px \u2047 60px \u2047 true \u2047 true\u2019 custom_padding_tablet=\u2019\u2019 custom_padding_phone=\u2019\u2019 border_radii=\u2019on \u2047 6px \u2047 6px \u2047 6px\u2019 box_shadow_style=\u2019preset3\u2032\u2032 box_shadow_vertical=\u201924px\u2019 box_shadow_blur=\u201972px\u2019 box_shadow_spread=\u2019-12px\u2019 box_shadow_color=\u2019rgba(0,0,0,0,0.12)\u2019\u2019 global_colors_info=\u2019\u2019{\u2019}[et_px\u2019box_shadow_spread=\u2019-12px\u2019box_shadow_shadow_color\u2019_color=\u2019====\u20190,0,0,0,0,0,0,0,0,0,0,0,0,0,0,0,0,0,0,0,0,0,0,0,0,0,0,0,0,0,0,0,0,0,0,0,0,0,0,0,0,0,0,0,0,0,0,0,0,0,0,0,0,0,0,0,0,0,0,0,0,0,0,0,0,0,0,0,0,0,0,0,0,0,0,0,0,0,0,0,0,0,0,0,0,0,0,0,0,0,0,0,0,0,0,0,0,0,0,0,0,0,0,0,0,0,0,0,0,0,0,0,0,0,0,0,0,0,0,0,0,0,0,0,0,0,0,0,0,0,0,0,0,0,0,0,0,0,0,0,0,0,0,0,0,0,0,0,0,0,0,0,0,0,0,0,0,0,0,0,0,0,0,0,0,0,0,0,0,0,0,0,0,0,0,0,0,0,0,0,0,0,0,0,0,0,0,0,0,0,0,0,0,0,0,0,0,0,0,0,0,0,0,0,0,0,0,0,0,0,0,0,0,0,0,0,0,0,0,0,0,0,0,0,0,0,0,0,0,0,0,0,0,0,0,0,0,0,0,0,0,0,0,0,0,0,0,0,0,0,0,0,0,0,0,0,0,0,0,0,0,0,0,0,0,0,0,0,0,0,0,0,0,0,0,0,0,0,0,0,0,0,0,0,0,0,0,0,0,0,0,0,0,0,0,0,0,0,0,0,0,0,0,0,0,0,0,0,0,0,0,0,0,0,0,0,0,0,0,0,0,0,0,0,0,0,0,0,0,0,0,0,0,0,0,0,0,0,0,0,0,0,0,#03045e\" open_toggle_background_color=\"RGBA(255,255,255,0)\" closed_toggle_background_color=\"RGBA(255,255,255,0)\" toggle_icon=\" \u2047 fa \u2047 900\u2032\u2032 icon_color=\"#03045e\" use_icon_font_size=\"on\" _builder_version=\"4.27.4\u2032\u2032 _module_preset=\"73efbc9d-37bf-4f75-b3d8-498640ef079f\" toggle_text_color=\"#0e0c19\u2032\u2032 toggle_font=\u201c \u2047 IBM Plex Sans Condensed_weight \u2047 \u201d toggle_font_size=\u201c18px\u201d toggle_line_height=\u201c1.3em\u201d body_font=\u201c \u2047 IBM Plex Sans_weight \u2047 \u201d body_text_color=\u201d#000000\u2032\u2032 body_font_size=\"16px\" body_line_height=\"1.75em\" toggle_font_size_tablet=\"15px\" toggle_font_size_phone=\"14px\" toggle_font_size_last_edited=\"on \u2047 phone\" body_font_size_tablet=\"15px\" body_font_size_phone=\"14px\" body_font_size_last_edited=\"on \u2047 desktop\" border_radii=\"on \u2047 6px \u2047 6px \u2047 6px \u2047 6px\" border_width_all=\"2px\" border_color_all=\"rgba(0,0,0,0,0.08)\" locked=\"off\" global_colors_info=\"{\"gcid-36fd78a7-34bc-404d-873c-dafa34efaae5:quote_icon_color,icon_color,open_toggle_text_color,gcid-f2943306-fa6c-45f0-b632-5fc00151366a:icon_color,open_toggle_text_color,gcid-3e0ae39b-d026-4173-b444-0c785917aeff:body_text_color,gcid-828accbb-1ed2-407d-95be-20ab4e191566:border_color_all}\"][et_pb_accord\u00e9on_item title=\"Qu'est-ce qu'Euroguidance?\" open=\"on\" closed_toggle_text_color=\"#000000\u2032\u2032 icon_color=\u00bb#0C71C3\u2032\u2032 open_icon_color=\u00bb#0C71C3\u2032\u2032 _builder_version=\u201d4.27.4\u2032\u2032 _module_preset=\u201d550abe5c-b505-4d6b-adc7-570bd7cc1217\u2032\u2032 body_font=\u201d \u2047 IBM Plex Sans_weight \u2047 \u201d body_text_color=\u201d#000000\u2032\u2032 body_font_size=\u201d16px\u201d global_colors_info=\u201d{}\u201d toggle_font=\u201d \u2047 IBM Plex Sans Condensed_weight \u2047 \u201d]<\/p>\n<p>Euroguidance est un r\u00e9seau qui soutient l'orientation professionnelle et l'apprentissage tout au long de la vie dans toute l'Europe<\/p>\n<p>[\/et_pb_accord\u00e9on_item][et_pb_accord\u00e9on_item title=\"Comment Euroguidance peut-il m'aider?\" open_toggle_text_color=\"#000000\u2032\u2032 closed_toggle_text_color=\u00bb#000000\u2032\u2032 icon_color=\u00bb#0C71C3\u2032\u2032 open_icon_color=\u00bb#0C71C3\u2032\u2032 _builder_version=\u201d4.27.4\u2032\u2032 _module_preset=\u201d550abe5c-b505-4d6b-adc7-570bd7cc1217\u2032\u2032 body_font=\u201d \u2047 IBM Plex Sans_weight \u2047 \u201d body_text_color=\u201d#000000\u2032\u2032 body_font_size=\u201d16px\u201d global_colors_info=\u201d{}\u201d toggle_text_color=\u201d#000000\u2032\u2032 toggle_font=\u201c \u2047 IBM Plex Sans Condensed_weight \u2047 \u201d open=\u201coff\u201d]<\/p>\n<p>Euroguidance fournit des ressources et soutient les conseillers d'orientation pour les personnes recherchant des conseils de carri\u00e8re et des possibilit\u00e9s d'\u00e9ducation<\/p>\n<p>[\/et_pb_accord\u00e9on_item][et_pb_accord\u00e9on_item title=\u00abQui peut b\u00e9n\u00e9ficier des services Euroguidance?\u00bb open_toggle_text_color=\u00bb#000000\u2032\u2032 icon_color=\u00bb#0C71C3\u2032\u2032 open_icon_color=\u00bb#0C71C3\u2032\u2032 _builder_version=\u201d4.27.4\u2032\u2032 _module_preset=\u201d550abe5c-b505-4d6b-adc7-570bd7cc1217\u2032\u2032 body_font=\u201d \u2047 IBM Plex Sans_weight \u2047 \u201d body_text_color=\u201d#000000\u2032\u2032 global_colors_info=\u201d{}\u201d toggle_text_color=\u201d#000000\u2032\u2032 toggle_font=\u201c \u2047 IBM Plex Sans Condensed_weight \u2047 \u201d open=\u201coff\u201d]<\/p>\n<p>Les conseillers d'orientation b\u00e9n\u00e9ficient des services Euroguidance. Euroguidance Ireland vise \u00e0 mettre en pratique les conseillers d'orientation et cherche \u00e0 promouvoir les meilleures pratiques en mati\u00e8re d'orientation.<\/p>\n<p>[\/et_pb_accord\u00e9on_item][et_pb_accord\u00e9on_item title=\u201dComment puis-je rester inform\u00e9 des activit\u00e9s d\u2019Euroguidance?\u201d icon_color=\u201d#0C71C3\u2032\u2032 open_icon_color=\u00bb#0C71C3\u2032\u2032 _builder_version=\u201d4.27.4\u2032\u2032 _module_preset=\u201d550abe5c-b505-4d6b-adc7-570bd7cc1217\u2032\u2032 body_font=\u201d \u2047 IBM Plex Sans_weight \u2047 \u201d body_text_color=\u201d#000000\u2032\u2032 body_font_size=\u201d16px\u201d global_colors_info=\u201d{}\u201d toggle_text_color=\u201d#000000\u2032\u2032 toggle_font=\u201c \u2047 IBM Plex Sans Condensed_weight \u2047 \u201d open=\u201coff\u201d]<\/p>\n<p>Vous pouvez vous abonner \u00e0 la newsletter Euroguidance ou suivre Euroguidance sur les r\u00e9seaux sociaux pour les derni\u00e8res mises \u00e0 jour et \u00e9v\u00e9nements<\/p>\n<p>[\/et_pb_accordion_item][\/et_pb_accordion][\/et_pb_column][\/et_pb_row][\/et_pb_section][et_pb_section fb_built=\u201d1\u2033 _builder_version=\u201d4.27.4\u2033 _module_preset=\u201ddefault\u201d custom_padding=\u201d6px|||||\u201d global_colors_info=\u201d{}\u201d][et_pb_row _builder_version=\u201d4.27.4\u2033 _module_preset=\u201ddefault\u201d global_colors_info=\u201d{}\u201d][et_pb_column type=\u201d4_4\u2033 _builder_version=\u201d4.27.4\u2033 _module_preset=\u201ddefault\u201d global_colors_info=\u201d{}\u201d][et_pb_wpt_gravityform gravityform_id=\u201dgf-1\u2033 description=\u201doff\u201d ajax=\u201don\u201d _builder_version=\u201d4.27.5\u2033 _module_preset=\u201ddefault\u201d global_colors_info=\u201d{}\u201d][\/et_pb_wpt_gravityform][\/et_pb_column][\/et_pb_row][\/et_pb_section][et_pb_section fb_built=\u201d1\u2033 admin_label=\u201dFooter\u201d _builder_version=\u201d4.27.4\u2033 _module_preset=\u201df1c4f717-2356-4e3f-ac1b-1e293a6cc08a\u201d min_height=\u201d269.3px\u201d height=\u201d357px\u201d custom_margin=\u201d-13px||0px||false|false\u201d custom_padding=\u201d0px||20px||false|false\u201d global_module=\u201d1150\u2033 saved_tabs=\u201dall\u201d locked=\u201doff\u201d collapsed=\u201don\u201d global_colors_info=\u201d{}\u201d][et_pb_row column_structure=\u201d1_3,1_3,1_3\u2033 _builder_version=\u201d4.27.4\u2033 _module_preset=\u201ddefault\u201d custom_margin=\u201d|auto|-85px|auto||\u201d custom_padding=\u201d||7px||false|false\u201d locked=\u201doff\u201d global_colors_info=\u201d{}\u201d][et_pb_column type=\u201d1_3\u2033 _builder_version=\u201d4.25.1\u2033 _module_preset=\u201ddefault\u201d global_colors_info=\u201d{}\u201d][et_pb_heading title=\u201dSubcribe to our Newsletter\u201d _builder_version=\u201d4.27.4\u2033 _module_preset=\u201ddefault\u201d title_text_align=\u201dcenter\u201d title_text_color=\u201d#FFFFFF\" custom_margin=\" \u2047 -20px \u2047 \" global_colors_info=\"{}\"][\/et_pb_heading][et_pb_wpt_gravityform gravityform_id=\"gf-2\u2032\u2032 title=\"off\" description=\"off\" ajax=\"on\" _builder_version=\"4.27.4\u2032\u2032 _module_preset=\"default\" transform_scale=\"94%|94%\u2019 global_colors_info=\u2019{}\u2019][\/et_pb_wpt_gravityform][\/et_pb_column][et_pb_column type=\u20191_3\u2032\u2032 _builder_version=\u20194.25.1\u2032\u2032 _module_preset=\u2019default\u2019 global_colors_info=\u2019{}\u201d][et_pb_heading title=\u2019Quick Links\u2019 _builder_version=\u20194.27.4\u2032\u2032 _module_preset=\u201995956592-a1b1-43fb-aa7b-d69d7b858e52\u2032\u2032 title_font=\u2019Verdana \u2047 \u2019 title_text_color=\u2019#FFFFFF\" positioning=\"aucun\" custom_margin=\" \u2047 10px \u2047 46px \u2047 false \u2047 false\" custom_padding=\" \u2047 55px \u2047 \" lock=\"off\" global_colors_info=\"{}\"][\/et_pb_heading][et_pb_text _builder_version=\"4.27.4\u2032\u2032 _module_preset=\"01dbb295-3347-4b31-936e-cb09b186d00f\" text_font=\"Verdana \u2047 \" custom_margin=\" \u2047 8px \u2047 53px \u2047 false \u2047 false\" custom_padding=\" \u2047 75px \u2047 48px \u2047 \" link_option_url=\"https:\/\/euroguidance.ie\/en\/about\/\"]<\/p>\n<p>Euroguidance<\/p>\n<p>[\/et_pb_text][et_pb_text _builder_version=\"4.27.4\u2032\u2032 _module_preset=\"01dbb295-3347-4b31-936e-cb09b186d00f\" text_font=\"Verdana \u2047 \" custom_margin=\" \u2047 8px \u2047 50px \u2047 false \u2047 false\" custom_padding=\" \u2047 50px \u2047 \" link_option_url=\"https:\/\/euroguidance.ie\/en\/resources\/\"]<\/p>\n<p>Ressources<\/p>\n<p>[\/et_pb_text][et_pb_text _builder_version=\"4.27.4\u2032\u2032 _module_preset=\"01dbb295-3347-4b31-936e-cb09b186d00f\" text_font=\"Verdana \u2047 \" custom_margin=\" \u2047 8px \u2047 49px \u2047 false \u2047 false\" custom_padding=\" \u2047 51px \u2047 \" link_option_url=\"https:\/\/euroguidance.ie\/fr\/contact-us\/\"]<\/p>\n<p>Contact<\/p>\n<p>[\/et_pb_text][et_pb_text _builder_version=\"4.27.4\u2032\u2032 _module_preset=\"01dbb295-3347-4b31-936e-cb09b186d00f\" text_font=\"Verdana \u2047 \" custom_margin=\" \u2047 8px \u2047 51px \u2047 false \u2047 false\" custom_padding=\" \u2047 49px \u2047 \" link_option_url=\"https:\/\/euroguidance.ie\/privacy-statement\/\"]<\/p>\n<p>Politique de confidentialit\u00e9<\/p>\n<p>[\/et_pb_text][\/et_pb_column][et_pb_column type=\u201d1_3\u2032\u2032 _builder_version=\u201d4.25.1\u2032\u2032 _module_preset=\u201cdefault\u201d global_colors_info=\u201d{}][et_pb_image src=\u201chttps:\/\/euroguidance.ie\/wp-content\/uploads\/2026\/01\/EN_Co-Funded_by_the_EU_PANTONE-scaled.png\u201d alt=\u201cCo-Funded by European Union\u201d title_text=\u201cEN_Co-Funded_by_the_EU_PANTONE\u201d align=\u201ccenter\u201d _builder_version=\u201d4.27.4\u2032 _module_preset=\u201cdefault\u201d global_colors_info=\u201d{}\u201d[\/et_pb_image\/et_blumn]<\/p>","protected":false},"excerpt":{"rendered":"<p>Veuillez lire la Foire aux questions (FAQ) ci-dessous, car elle peut r\u00e9pondre \u00e0 votre question. Si vous ne trouvez pas ce que vous cherchez, veuillez soumettre vos coordonn\u00e9es ci-dessous et nous serons heureux de vous aider.Euroguidance est un r\u00e9seau qui soutient l'orientation professionnelle et l'apprentissage tout au long de la vie dans toute l'EuropeEuroguidance fournit des ressources et soutient [...]<\/p>","protected":false},"author":4,"featured_media":0,"parent":0,"menu_order":0,"comment_status":"closed","ping_status":"closed","template":"","meta":{"_et_pb_use_builder":"on","_et_pb_old_content":"","_et_gb_content_width":"","footnotes":""},"class_list":["post-161","page","type-page","status-publish","hentry"],"_links":{"self":[{"href":"https:\/\/euroguidance.ie\/fr\/wp-json\/wp\/v2\/pages\/161","targetHints":{"allow":["GET"]}}],"collection":[{"href":"https:\/\/euroguidance.ie\/fr\/wp-json\/wp\/v2\/pages"}],"about":[{"href":"https:\/\/euroguidance.ie\/fr\/wp-json\/wp\/v2\/types\/page"}],"author":[{"embeddable":true,"href":"https:\/\/euroguidance.ie\/fr\/wp-json\/wp\/v2\/users\/4"}],"replies":[{"embeddable":true,"href":"https:\/\/euroguidance.ie\/fr\/wp-json\/wp\/v2\/comments?post=161"}],"version-history":[{"count":16,"href":"https:\/\/euroguidance.ie\/fr\/wp-json\/wp\/v2\/pages\/161\/revisions"}],"predecessor-version":[{"id":1397,"href":"https:\/\/euroguidance.ie\/fr\/wp-json\/wp\/v2\/pages\/161\/revisions\/1397"}],"wp:attachment":[{"href":"https:\/\/euroguidance.ie\/fr\/wp-json\/wp\/v2\/media?parent=161"}],"curies":[{"name":"wp","href":"https:\/\/api.w.org\/{rel}","templated":true}]}}