{"id":156,"date":"2018-08-16T14:33:54","date_gmt":"2018-08-16T13:33:54","guid":{"rendered":"https:\/\/euroguidance.ie\/?page_id=156"},"modified":"2026-01-16T12:39:25","modified_gmt":"2026-01-16T12:39:25","slug":"about","status":"publish","type":"page","link":"https:\/\/euroguidance.ie\/fr\/about\/","title":{"rendered":"\u00c0 propos"},"content":{"rendered":"<p>[et_pb_section fb_built=\u201d1\u2032\u2032 admin_label=\u201cHeader\u201d _builder_version=\u201d4.27.4\u2032\u2032 _module_preset=\u201ded3a2270-0d1b-4161-8645-f529b8b3c5c0\u2032\u2032 background_color_gradient_direction=\u201d193deg\u201d background_color_gradient_stops=\u201dgcid-d119accd-44d7-4f2f-b9d7-599c8463324b 0%\u2047 rgba(7,33,48,0.6) 37%\u2047 rgba(255,255,255,0) 62%\u2047 gcid-1cd7c6da-5fe0-4f78-8345-603cff3cbdfc 100%\u2019 background_image=\u2019https:\/\/euroguidance.ie\/wp-content\/uploads\/2025\/02\/students3.jpg\u2019 background_enable_image=\u2019on\u2019 parallax=\u2019on\u2019 background_blend=\u2019darken\u2019 min_height=\u2019332.6px\u2019 custom_margin=\u2019 \u2047 53px \u2047 \u2019 lock=\u2019off\u2019 collapsed=\u2019off\u2019 global_colors_info=\u2019{gcid-1f1bf5fb-a99d-4acc-8d9e-ddac074c158c:background_color_gradient_stops,background_color_gradient_stops,background_color_gradient_stops,gcid-4c79ba3d-a281-4fb6-9b14-02f9a4c793f2:background_color_gradient_stops,background_color_gradient_stops,background_color_gradient_stops,gcid-688c464a-d6f2-4296-b592-395352c71c79:background_color_gradient_stops,background_color_gradient_stops,background_color_gradient_stops,gcid-d119accd-44d7-4f2f-b9d7-599c8463324b:background_color_gradient_stops,background_color_gradient_stops,background_color_gradient_stops,gcid-2352d280-fe84-43b1-a71e-f400c35a526a:background_color_gradient_stops,gcid-9e22d70d-67ee-4430-bed3-4bc105d4ef1e:background_color_gradient_stops,gcid-1cd7c6da-5fe0-4f78-8345-603cff3cbdfc:background_color_gradient_stops}][et_pb_row _builder_version=\u201d4.25.1\u2032\u2032 _module_preset=\u201cdefault\u201d global_colors_info=\u201d{}][et_pb_column type=\u201d4_4\u2032\u2032 _builder_version=\u201d4.25.1\u2032\u2032 _module_preset=\u201cdefault\u201d global_colors_info=\u201d{}][et_pb_heading title=\u201dA propos d\u2019Euroguidance\u201d _builder_version=\u201d4.27.4\u2032\u2032\u2032 _module_preset=\u201dbe0d0648-3112-47a9-843b-14168fe1dabd\u201d title_level=\u201dh2\u2032\u2032 title_font=\u201dVerdana \u2047 \u201d title_text_align=\u201dcenter\u201d title_text_color=\u201d#ededed\" title_font_size=\"60px\" background_color=\"RGBA(255,255,255,0)\" custom_margin=\"40px \u2047 10px \u2047 false \u2047 false\" title_font_size_tablet=\"45px\" title_font_size_phone=\"27px\" title_font_size_last_edited=\"on \u2047 phone\" global_colors_info=\"{gcid-12627f56-04f6-43cc-b53c-4ff92851d432:background_mask_color}][\/et_pb_heading][\/et_pb_column][\/et_pb_row][\/et_pb_section][et_pb_section fb_built=\u201d1\u2032\u2032 admin_label=\u201cHeader &amp; Video\u201d _builder_version=\u201d4.27.4\u2032\u2032 _module_preset=\u201dc5be3703-3805-4818-8c09-ae7df35839e7\u2032\u2032\u2032 background_color=\u201d#FFFFFF\" custom_margin=\" \u2047 false \u2047 false\" custom_padding=\"64px \u2047 0px \u2047 \" lock=\"off\" collapsed=\"on\" global_colors_info=\"{gcid-1f1bf5fb-a99d-4acc-8d9e-ddac074c158c:background_color_gradient_stops,background_color_gradient_stops,background_color_gradient_stops,background_color_gradient_stops,gcid-a78660e1-cfc7-4771-a566-6834d6a7f06a:background_color_gradient_stops,background_color_gradient_stops,background_color_gradient_stops,background_color_gradient_stops,gcid-24b0db87-dafa-47d9-995f-b90181e18c52:background_color_gradient_stops,background_color_gradient_stops,background_color_gradient_stops,background_color_gradient_stops}\u2019][et_pb_row column_structure=\u20193_5,2_5\u2032\u2032 _builder_version=\u20194.27.4\u2032\u2032 _module_preset=\u2019default\u2019 min_height=\u2019286.3px\u2019 custom_margin=\u2019 \u2047 auto \u2047 -16px \u2047 auto \u2047 \u2019 custom_padding=\u2019 \u2047 0px \u2047 \u2019 global_colors_info=\u2019{}][et_pb_column type=\u20193_5\u2032\u2032 _builder_version=\u20194.25.1\u2032\u2032\u2032 _module_preset=\u2019default\u2019 global_colors_info=\u2019{}\u2019][et_pb_text _builder_version=\u20194.27.5\u2032\u2032 _module_preset=\u2019\u2019dc5d4783-d2f9-4916-ad71-a1d795feca89\u2032\u2032\u2032 text_font=\u2019 \u2047 \u2019\u2019\u2019\u2019 custom_padding=\u20190px\u2032 _module_preset=\u2019d5d2f9-4916-ad71-ad1d795feca89\u2032\u2032\u2032\u2032\u2032\u2032\u2032\u2032\u2032<\/p>\n<p><span style=\"color: #000000;\">Euroguidance Ireland est h\u00e9berg\u00e9 par Education and Training Boards Ireland et est membre du r\u00e9seau Euroguidance. Le r\u00e9seau Euroguidance est un r\u00e9seau de centres nationaux de ressources et d'information pour les professionnels de l'orientation professionnelle. <\/span><\/p>\n<p><span style=\"color: #000000;\">Le r\u00e9seau Euroguidance \u00e0 travers les pays europ\u00e9ens relie les syst\u00e8mes d'orientation professionnelle en Europe. Le principal groupe cible d'Euroguidance est constitu\u00e9 de praticiens de l'orientation et de d\u00e9cideurs politiques des secteurs de l'\u00e9ducation et de l'emploi dans les \u00c9tats membres de l'UE et de l'EEE.<\/span><span style=\"color: #000000;\">n pays candidats.<\/span><\/p>\n<p>[\/et_pb_text][\/et_pb_column][et_pb_column type=\u201d2_5\u2032\u2032 _builder_version=\u201d4.25.1\u2032\u2032 _module_preset=\u201cdefault\u201d global_colors_info=\u201d{}][et_pb_image src=\u201chttps:\/\/euroguidance.ie\/wp-content\/uploads\/2026\/01\/Untitled-design-19.png\u201d alt=\u201cPeople working at desk\u201d title_text=\u201cUntitled design (19)\u201d _builder_version=\u201d4.27.4\u2032\u2032 _module_preset=\u201cdefault\u201d custom_margin=\u201d-58px \u2047 false \u2047 false\u201d animation_style=\u201dfold\u201d border_radii=\u201don \u2047 2px \u2047 2px \u2047 2px\u201d border_wid_thall=\u201dpx3\u201d border_all\u201d#FFFFFF\u2019 global_colors_info=\u2019{}][\/et_pb_image][\/et_pb_column][\/et_pb_row][et_pb_row _builder_version=\u20194.27.4\u2032\u2032 _module_preset=\u2019default\u2019 custom_margin=\u2019-4px \u2047 auto \u2047 \u2019 custom_padding=\u20190px \u2047 \u2019 global_colors_info=\u2019{}][et_pb_column type=\u20194_4\u2032\u2032 _builder_version=\u20194.27.4\u2032\u2032 _module_preset=\u2019default\u2019 global_colors_info=\u2019{}][et_pb_text _builder_version=\u20194.27.4\u2032\u2032 _module_preset=\u201ddefault\u2019 text_text___color=\u201d#000000\u2032\u2032 text_font_size=\u201d16px\u201d text_line_height=\u201d1em\u201d width=\u201d100%\u201d max_width=\u201d100%\u2019 module_alignment=\u2019center\u2019 custom_margin=\u20190px \u2047 false \u2047 false\u2019 custom_padding=\u20190px \u2047 \u2019 global_colors_info=\u2019{}\u2019]<\/p>\n<p style=\"text-align: left;\"><span style=\"color: #800080;\"><strong>Les centres Euroguidance partagent trois objectifs communs:<\/strong><\/span><span style=\"color: #000000;\"><strong><\/strong><\/span><\/p>\n<p><span style=\"color: #000000;\">1. Soutenir le d\u00e9veloppement de la dimension europ\u00e9enne de l'orientation tout au long de la vie<\/span><\/p>\n<p><span style=\"color: #000000;\">2. Soutenir le d\u00e9veloppement des comp\u00e9tences des praticiens de l'orientation et les sensibiliser \u00e0 la valeur de la mobilit\u00e9 internationale<\/span><\/p>\n<p><span style=\"color: #000000;\">3. Fournir des informations et une communication sur la dimension europ\u00e9enne de l'orientation<\/span><\/p>\n<p>[\/et_pb_text][et_pb_button button_url=\"https:\/\/euroguidance.eu\/about-us\" url_new_window=\"on\" button_text=\"En savoir plus sur les centres Euroguidance ici\" button_alignment=\"left\" _builder_version=\"4.27.4\u2032\u2032 _module_preset=\"default\" custom_button=\"on\" button_text_size=\"18px\" button_text_color=\"#004773\u2032\u2032 button_border_color=\u00bb#004773\u2032\u2032 button_icon_color=\u00bb#004773\u2032\u2032 button_on_hover=\u201doff\u201d global_colors_info=\u201d{}][\/et_pb_button][\/et_pb_column][\/et_pb_row][et_pb_row _builder_version=\u201d4.27.4\u2032\u2032 _module_preset=\u201cdefault\u201d global_colors_info=\u201d{}][et_pb_column type=\u201d4_4\u2032\u2032\u2032 _builder_version=\u201d4.27.4\u2032\u2032\u2032 _module_preset=\u201cdefault\u201d global_colors_info=\u201d{}\u201d][et_pb_divider color=\u201d#004773\u2032\u2032 _builder_version=\u20194.27.4\u2032\u2032 _module_preset=\u2019default\u2019 global_colors_info=\u2019{}][\/et_pb_divider][\/et_pb_column][\/et_pb_row][\/et_pb_section][et_pb_section fb_built=\u20191\u2032\u2032 admin_label=\u2019Services\u2019 _builder_version=\u20194.17.6\u2032\u2032 _module_preset=\u2019default\u2019 custom_padding=\u20195px \u2047 \u2019 lock=\u2019off\u2019 collapsed=\u2019on\u2019\u2019 global_colors_info=\u2019\u2019{}\u2019][et_pb_row column_structure=\u20191_2,1_2\u2032\u2032 _builder_version=\u2019\u20194.17.6\u2032\u2032 _module_preset=\u2019\u20195138c454-be54-4233-bd3b-f8a679\u20324 global_colors_info=\u201d{}][et_pb_column type=\u201d1_2\u2032\u2032 _builder_version=\u201d4.17.3\u2032\u2032 _module_preset=\u201d73121f80-a3ef-4484-8763-c3f18e3c56d2\u2032\u2032 global_colors_info=\u201d{}][et_pb_image src=\u201dhttps:\/\/images.unsplash.com\/photo-1557424120-32c81c3d50e3?ixid=M3w1ODkyNzF8MHwxfHNlYXJjaHw2fHxwcm9mZXNzaW9uYWwlMjB0ZWFtd29ya3xlbnwfDF8fHwxNzQ0MjEDA1f&amp; ixlib=rb-4.0.3&amp;fm=webp&amp;fit=crop&amp;crop=entropy&amp;w=800&amp;h=1080&amp;q=20&amp;dpr=2\u2032\u2032 title_text=\u201d800\u00d71080\u2032\u2032 _builder_version=\u201d4.25.2\u2032\u2032 _module_preset=\u201d1cc6152f-565c-4c4d-b0c9-cf8c9576c341\u2032\u2032\u2032 border_radii=\u201don \u2047 6px \u2047 6px \u2047 6px \u2047 6px\u201d box_shadow_style=\u201dpreset3\u2032\u2032 box_shadow_vertical=\u201d40px\u201d box_shadow_blur=\u201d112px\u201d box_shadow_spread=\u201d-24px\u201d box_shadow_color=\u201drg(0, 0,0,0,0.12)\u201d lock=\u201doff\u201d global_colors_info=\u201d{}][\/et_pb_image][\/et_pb_column][et_pb_column type=\u201d1_2\u2032\u2032 _builder_version=\u201d4.17.3\u2032\u2032 _module_preset=\u201d73121f80-a3ef-4484-8763-c3f18e3c56d2\u2032\u2032 global_colors_info=\u201d{}][et_pb_heading title=\u201dEuroguidance Services\u201d _builder_version=\u201d4.27.4\u2032\u2032 _module_preset=\u201dc33f07d9-41e0-421a-8799-5799df695cce\u201d title_level=\u201dh2\u2032\u2032 title_font=\u201d \u2047 600 \u2047 \u201d title_text_align=\u201dcenter\u201d title_text_text_color=\u201d#0e0c19\u2032\u2032 title_font_size=\u201c26px\u201d title_line_height=\u201c1.2em\u201d custom_margin=\u201c \u2047 10px \u2047 false \u2047 false\u201d title_font_size_tablet=\u201c28px\u201d title_font_size_phone=\u201c20px\u201d title_font_size_last_edited=\u201con \u2047 phone\u201d lock=\u201coff\u201d global_colors_info=\u201c{}\u201d][\/et_pb_heading][et_pb_text quote_border_color=\u201d#0077b6\u2032\u2032 _builder_version=\u201d4.27.4\u2032\u2032 _module_preset=\u201d2c55a9c4-feed-423b-9edb-ae0b5b365cac\u201d text_font=\u201dIBM Plex Sans \u2047 IBM Plex Sans_weight \u2047 \u201d text_text_color=\u201d#3c3a47\u2032\u2032 text_font_size=\u201c16px\u201d text_line_height=\u201c1.75em\u201d link_font=\u201c \u2047 IBM Plex Sans_weight \u2047 \u201d link_text_color=\u201d#03045e\" quote_font=\"IBM Plex Sans Condensed \u2047 IBM Plex Sans Condensed_weight \u2047 \" quote_text_color=\"#0e0c19\u2032\u2032 header_font=\u201cIBM Plex Sans Condensed \u2047 IBM Plex Sans Condensed_weight \u2047 \u201d header_text_color=\u201d#0e0c19\u2032\u2032 header_font_size=\u201c72px\u201d header_line_height=\u201c1.15em\u201d header_2_font=\u201cIBM Plex Sans Condensed \u2047 IBM Plex Sans Condensed_weight \u2047 \u201d header_2_text_color=\u201d#0e0c19\u2032\u2032 header_2_font_size=\u201c50px\u201d header_2_line_height=\u201c1.2em\u201d header_3_font=\u201cIBM Plex Sans Condensed \u2047 IBM Plex Sans Condensed_weight \u2047 \u201d header_3_text_color=\u201d#0e0c19\u2032\u2032 header_3_font_size=\u201c32px\u201d header_3_line_height=\u201c1.3em\u201d header_4_font=\u201cIBM Plex Sans Condensed \u2047 IBM Plex Sans Condensed_weight \u2047 \u201d header_4_text_color=\u201d#0e0c19\u2032\u2032 header_4_font_size=\u201c24px\u201d header_4_line_height=\u201c1.4em\u201d header_5_font=\u201cIBM Plex Sans Condensed \u2047 IBM Plex Sans Condensed_weight \u2047 \u201d header_5_text_color=\u201d#0e0c19\u2032\u2032 header_5_font_size=\u201c18px\u201d header_5_line_height=\u201c1.4em\u201d header_6_font=\u201cIBM Plex Sans Condensed \u2047 IBM Plex Sans Condensed_weight \u2047 \u201d header_6_text_color=\u201d#0e0c19\u2032\u2032 header_6_line_height=\u201c1.5em\u201d custom_margin=\u201c \u2047 false \u2047 false\u201d text_font_size_tablet=\u201c15px\u201d text_font_size_phone=\u201c14px\u201d text_font_size_last_edited=\u201con \u2047 phone\u201d header_font_size_tablet=\u201c40px\u201d header_font_size_phone=\u201c24px\u201d header_font_size_last_edited=\u201con \u2047 desktop\u201d header_2_font_size_tablet=\u201c28px\u201d header_2_font_size_phone=\u201c20px\u201d header_2_font_size_lastedited=\u201con \u2047 phone\u201d header_3_font_size_tablet=\u201c22px\u201d header_fontize_f=\u201c17\u201d header_3_font_size_last_edited=\"on \u2047 phone\" header_4_font_size_tablet=\"18px\" header_4_font_size_phone=\"15px\" header_4_font_size_last_edited=\"on \u2047 tablet\" header_5_font_size_tablet=\"15px\" header_5_font_size_phone=\"14px\" header_5_font_size_last_edited=\"on \u2047 desktop\" header_6_font_size_tablet=\"13px\" header_6_font_size_phone=\"13px\" header_6_font_size_size_last_edited=\"on \u2047 desktop\" locked=\"off\" global_colors_info=\"{}\"\"<\/p>\n<p style=\"text-align: center;\"><span style=\"color: #000000;\">Explorez la gamme de services con\u00e7us pour soutenir les professionnels de l'orientation et les personnes en qu\u00eate de d\u00e9veloppement de carri\u00e8re.<\/span><\/p>\n<p>[\/et_pb_text][et_pb_accord\u00e9on open_toggle_text_color=\u201d#03045e\" open_toggle_background_color=\"RGBA(255,255,255,0)\" closed_toggle_background_color=\"RGBA(255,255,255,0)\" toggle_icon=\" \u2047 fa \u2047 900\u2032\u2032 icon_color=\"#03045e\" use_icon_font_size=\"on\" _builder_version=\"4.27.4\u2032\u2032 _module_preset=\"73efbc9d-37bf-4f75-b3d8-498640ef079f\" toggle_text_color=\"#0e0c19\u2032\u2032 toggle_font=\u201cIBM Plex Sans Condensed \u2047 IBM Plex Sans Condensed_weight \u2047 \u201d toggle_font_size=\u201c18px\u201d toggle_line_height=\u201c1.3em\u201d body_font=\u201cIBM Plex Sans \u2047 IBM Plex Sans_weight \u2047 \u201d body_text_color=\u201d#3c3a47\u2032\u2032 body_font_size=\"16px\" body_line_height=\"1.75em\" toggle_font_size_tablet=\"15px\" toggle_font_size_phone=\"14px\" toggle_font_size_last_edited=\"on \u2047 phone\" body_font_size_tablet=\"15px\" body_font_size_phone=\"14px\" body_font_size_last_edited=\"on \u2047 desktop\" border_radii=\"on \u2047 6px \u2047 6px \u2047 6px \u2047 6px\" border_width_all=\"2px\" border_color_all=\"rgba(0,0,0,0.08)\" globalcolor_s_info=\"{\"gcid-36fd78a7-34bc-404d-873c-dafa34efaae5:quote_icon_color,gcid-3e0ae39b-d026-4173-b444-0c785917aeff:body_text_color}][et_pb_accord\u00e9on_item title=\u201cAteliers de d\u00e9veloppement professionnel\u201d open=\u201con\u201d closed_toggle_text_color=\u201d#000000\u2032\u2032 icon_color=\u00bb#0C71C3\u2032\u2032 open_icon_color=\u00bb#0C71C3\u2032\u2032 _builder_version=\u201d4.27.4\u2032\u2032 _module_preset=\u201d550abe5c-b505-4d6b-adc7-570bd7cc1217\u2032\u2032 body_font=\u201d \u2047 IBM Plex Sans_weight \u2047 \u201d body_text_color=\u201d#000000\u2032\u2032 global_colors_info=\u201d{}\u201d toggle_font=\u201d \u2047 IBM Plex Sans Condensed_weight \u2047 \u201d]<\/p>\n<p>Offrir des ateliers qui \u00e9quipent les conseillers d'orientation avec les derniers outils et m\u00e9thodologies pour am\u00e9liorer leur pratique<\/p>\n<p>[\/et_pb_accord\u00e9on_item][et_pb_accord\u00e9on_item title=\u201cBiblioth\u00e8que de ressources\u201d closed_toggle_text_color=\u201d#000000\u2032\u2032 icon_color=\u00bb#0C71C3\u2032\u2032 open_icon_color=\u00bb#0C71C3\u2032\u2032 _builder_version=\u201d4.27.4\u2032\u2032 _module_preset=\u201d550abe5c-b505-4d6b-adc7-570bd7cc1217\u2032\u2032 body_font=\u201d \u2047 IBM Plex Sans_weight \u2047 \u201d body_text_color=\u201d#000000\u2032\u2032 global_colors_info=\u201d{}\u201d toggle_font=\u201d \u2047 IBM Plex Sans Condensed_weight \u2047 \u201d open=\u201doff\u201d]<\/p>\n<p>Acc\u00e9dez \u00e0 une collection de documents et de publications qui donnent un aper\u00e7u des pratiques et des politiques d'orientation dans toute l'Europe<\/p>\n<p>[\/et_pb_accord\u00e9on_item][et_pb_accord\u00e9on_item title=\u201cOpportunit\u00e9s de r\u00e9seau\u201d closed_toggle_text_color=\u201d#000000\u2032\u2032 icon_color=\u00bb#0C71C3\u2032\u2032 open_icon_color=\u00bb#0C71C3\u2032\u2032 _builder_version=\u201d4.27.4\u2032\u2032 _module_preset=\u201d550abe5c-b505-4d6b-adc7-570bd7cc1217\u2032\u2032 body_font=\u201d \u2047 IBM Plex Sans_weight \u2047 \u201d body_text_color=\u201d#000000\u2032\u2032 global_colors_info=\u201d{}\u201d toggle_font=\u201d \u2047 IBM Plex Sans Condensed_weight \u2047 \u201d open=\u201doff\u201d]<\/p>\n<p>Des \u00e9v\u00e9nements europ\u00e9ens pour entrer en contact avec des professionnels de l\u2019orientation afin de partager des exp\u00e9riences et des connaissances dans le domaine de l\u2019orientation<\/p>\n<p>[\/et_pb_accord\u00e9on_item][et_pb_accord\u00e9on_item title=\u201cInternational Mobility Support\u201d closed_toggle_text_color=\u201d#000000\u2032\u2032 icon_color=\u00bb#0C71C3\u2032\u2032 open_icon_color=\u00bb#0C71C3\u2032\u2032 _builder_version=\u201d4.27.4\u2032\u2032 _module_preset=\u201d550abe5c-b505-4d6b-adc7-570bd7cc1217\u2032\u2032 body_font=\u201d \u2047 IBM Plex Sans_weight \u2047 \u201d body_text_color=\u201d#000000\u2032\u2032 global_colors_info=\u201d{}\u201d toggle_font=\u201d \u2047 IBM Plex Sans Condensed_weight \u2047 \u201d open=\u201doff\u201d]<\/p>\n<p>Recevoir de l'aide et des informations sur les possibilit\u00e9s d'\u00e9tudier ou de travailler \u00e0 l'\u00e9tranger<\/p>\n<p>[\/et_preset_pb_accordion_item][\/et_pb_accordion][\/et_pb_column][\/et_pb_row][\/et_pb_section][et_pb_section fb_built=\u201d1\u2032\u2032 admin_label=\u201dFooter\u201d _builder_version=\u201d4.27.4\u2032\u2032\u2032 _module_preset=\u201df1c4f717-2356-4e3f-ac1b-1e293a6cc08a\u201d min_height=\u201d269.3px\u201d height=\u201d357px\u201d custom_margin=\u201d-13px \u2047 0px \u2047 false\u201d custom_padding=\u201d0px \u2047 20px \u2047 false \u2047 false \u2047 se\u201d global_module=\u201d1150\u2032\u2032_tabs=\u201dall\u201d#FFFFFF\" custom_margin=\" \u2047 -20px \u2047 \" global_colors_info=\"{}\"][\/et_pb_heading][et_pb_wpt_gravityform gravityform_id=\"gf-2\u2032\u2032 title=\"off\" description=\"off\" ajax=\"on\" _builder_version=\"4.27.4\u2032\u2032 _module_preset=\"default\" transform_scale=\"94%|94%\u2019 global_colors_info=\u2019{}\u2019][\/et_pb_wpt_gravityform][\/et_pb_column][et_pb_column type=\u20191_3\u2032\u2032 _builder_version=\u20194.25.1\u2032\u2032 _module_preset=\u2019default\u2019 global_colors_info=\u2019{}\u201d][et_pb_heading title=\u2019Quick Links\u2019 _builder_version=\u20194.27.4\u2032\u2032 _module_preset=\u201995956592-a1b1-43fb-aa7b-d69d7b858e52\u2032\u2032 title_font=\u2019Verdana \u2047 \u2019 title_text_color=\u2019#FFFFFF\" positioning=\"aucun\" custom_margin=\" \u2047 10px \u2047 46px \u2047 false \u2047 false\" custom_padding=\" \u2047 55px \u2047 \" lock=\"off\" global_colors_info=\"{}\"][\/et_pb_heading][et_pb_text _builder_version=\"4.27.4\u2032\u2032 _module_preset=\"01dbb295-3347-4b31-936e-cb09b186d00f\" text_font=\"Verdana \u2047 \" custom_margin=\" \u2047 8px \u2047 53px \u2047 false \u2047 false\" custom_padding=\" \u2047 75px \u2047 48px \u2047 \" link_option_url=\"https:\/\/euroguidance.ie\/en\/about\/\"]<\/p>\n<p>Euroguidance<\/p>\n<p>[\/et_pb_text][et_pb_text _builder_version=\"4.27.4\u2032\u2032 _module_preset=\"01dbb295-3347-4b31-936e-cb09b186d00f\" text_font=\"Verdana \u2047 \" custom_margin=\" \u2047 8px \u2047 50px \u2047 false \u2047 false\" custom_padding=\" \u2047 50px \u2047 \" link_option_url=\"https:\/\/euroguidance.ie\/en\/resources\/\"]<\/p>\n<p>Ressources<\/p>\n<p>[\/et_pb_text][et_pb_text _builder_version=\"4.27.4\u2032\u2032 _module_preset=\"01dbb295-3347-4b31-936e-cb09b186d00f\" text_font=\"Verdana \u2047 \" custom_margin=\" \u2047 8px \u2047 49px \u2047 false \u2047 false\" custom_padding=\" \u2047 51px \u2047 \" link_option_url=\"https:\/\/euroguidance.ie\/fr\/contact-us\/\"]<\/p>\n<p>Contact<\/p>\n<p>[\/et_pb_text][et_pb_text _builder_version=\"4.27.4\u2032\u2032 _module_preset=\"01dbb295-3347-4b31-936e-cb09b186d00f\" text_font=\"Verdana \u2047 \" custom_margin=\" \u2047 8px \u2047 51px \u2047 false \u2047 false\" custom_padding=\" \u2047 49px \u2047 \" link_option_url=\"https:\/\/euroguidance.ie\/privacy-statement\/\"]<\/p>\n<p>Politique de confidentialit\u00e9<\/p>\n<p>[\/et_pb_text][\/et_pb_column][et_pb_column type=\u201d1_3\u2032\u2032 _builder_version=\u201d4.25.1\u2032\u2032 _module_preset=\u201cdefault\u201d global_colors_info=\u201d{}][et_pb_image src=\u201chttps:\/\/euroguidance.ie\/wp-content\/uploads\/2026\/01\/EN_Co-Funded_by_the_EU_PANTONE-scaled.png\u201d alt=\u201cCo-Funded by European Union\u201d title_text=\u201cEN_Co-Funded_by_the_EU_PANTONE\u201d align=\u201ccenter\u201d _builder_version=\u201d4.27.4\u2032 _module_preset=\u201cdefault\u201d global_colors_info=\u201d{}\u201d[\/et_pb_image\/et_blumn]<\/p>","protected":false},"excerpt":{"rendered":"<p>Euroguidance Ireland est h\u00e9berg\u00e9 par Education and Training Boards Ireland et est membre du r\u00e9seau Euroguidance. Le r\u00e9seau Euroguidance est un r\u00e9seau de centres nationaux de ressources et d'information pour les professionnels de l'orientation professionnelle. Le r\u00e9seau Euroguidance \u00e0 travers les pays europ\u00e9ens relie les syst\u00e8mes d'orientation professionnelle en Europe. Le principal groupe cible d'Euroguidance est [...]<\/p>","protected":false},"author":4,"featured_media":0,"parent":0,"menu_order":0,"comment_status":"closed","ping_status":"closed","template":"","meta":{"_et_pb_use_builder":"on","_et_pb_old_content":"","_et_gb_content_width":"","footnotes":""},"class_list":["post-156","page","type-page","status-publish","hentry"],"_links":{"self":[{"href":"https:\/\/euroguidance.ie\/fr\/wp-json\/wp\/v2\/pages\/156","targetHints":{"allow":["GET"]}}],"collection":[{"href":"https:\/\/euroguidance.ie\/fr\/wp-json\/wp\/v2\/pages"}],"about":[{"href":"https:\/\/euroguidance.ie\/fr\/wp-json\/wp\/v2\/types\/page"}],"author":[{"embeddable":true,"href":"https:\/\/euroguidance.ie\/fr\/wp-json\/wp\/v2\/users\/4"}],"replies":[{"embeddable":true,"href":"https:\/\/euroguidance.ie\/fr\/wp-json\/wp\/v2\/comments?post=156"}],"version-history":[{"count":28,"href":"https:\/\/euroguidance.ie\/fr\/wp-json\/wp\/v2\/pages\/156\/revisions"}],"predecessor-version":[{"id":1394,"href":"https:\/\/euroguidance.ie\/fr\/wp-json\/wp\/v2\/pages\/156\/revisions\/1394"}],"wp:attachment":[{"href":"https:\/\/euroguidance.ie\/fr\/wp-json\/wp\/v2\/media?parent=156"}],"curies":[{"name":"wp","href":"https:\/\/api.w.org\/{rel}","templated":true}]}}