{"id":154,"date":"2018-08-16T14:33:46","date_gmt":"2018-08-16T13:33:46","guid":{"rendered":"https:\/\/euroguidance.ie\/?page_id=154"},"modified":"2026-01-21T09:30:56","modified_gmt":"2026-01-21T09:30:56","slug":"home","status":"publish","type":"page","link":"https:\/\/euroguidance.ie\/fr\/","title":{"rendered":"Accueil"},"content":{"rendered":"<p>[et_pb_section fb_built=\u201d1\u2032\u2032 admin_label=\u201cHeader\u201d _builder_version=\u201d4.27.4\u2032\u2032 _module_preset=\u201ded3a2270-0d1b-4161-8645-f529b8b3c5c0\u2032\u2032 background_color_gradient_direction=\u201d193deg\u201d background_color_gradient_stops=\u201dgcid-d119accd-44d7-4f2f-b9d7-599c8463324b 0%\u2047 rgba(7,33,48,0.6) 37%\u2047 rgba(255,255,255,0) 62%\u2047 gcid-1cd7c6da-5fe0-4f78-8345-603cff3cbdfc 100%\u2019 background_image=\u2019https:\/\/euroguidance.ie\/wp-content\/uploads\/2025\/02\/students3.jpg\u2019 background_enable_image=\u2019on\u2019 parallax=\u2019on\u2019 background_blend=\u2019darken\u2019 collapsed=\u2019off\u2019 global_colors_info=\u2019{gcid-1f1bf5fb-a99d-4acc-8d9e-ddac074c158c:background_color_gradient_stops,background_color_gradient_stops,background_color_gradient_stops,gcid-4c79ba3d-a281-4fb6-9b14-02f9a4c793f2:background_color_gradient_stops,background_color_gradient_stops,background_color_gradient_stops,gcid-688c464a-d6f2-4296-b592-395352c71c79:background_color_gradient_stops,background_color_gradient_stops,background_color_gradient_stops,gcid-d119accd-44d7-4f2f-b9d7-599c8463324b:background_color_gradient_stops,background_color_gradient_stops,background_color_gradient_stops,gcid-2352d280-fe84-43b1-a71e-f400c35a526a:background_color_gradient_stops,gcid-9e22d70d-67ee-4430-bed3-4bc105d4ef1e:background_color_gradient_stops,gcid-1cd7c6da-5fe0-4f78-8345-603cff3cbdfc:background_color_gradient_stops}][et_pb_row _builder_version=\u201d4.25.1\u2032\u2032 _module_preset=\u201ddefault\u201d global_colors_info=\u201d{}][et_pb_column type=\u201d4_4\u2032\u2032 _builder_version=\u201d4.25.1\u2032\u2032 _module_preset=\u201ddefault\u201d global_colors_info=\u201d{}][et_pb_heading title=\u201dEuroguidance Ireland\u201d _builder_version=\u201d4.27.4\u2032\u2032\u2032 _module_preset=\u201dbe0d0648-3112-47a9-843b-14168fe1dabd\u201d title_level=\u201dh2\u2032\u2032 title_font=\u201dVerdana \u2047 \u201d title_text_align=\u201dcenter\u201d title_text_color=\u201d#ededed\" title_font_size=\"60px\" background_color=\"RGBA(255,255,255,0)\" custom_margin=\" \u2047 10px \u2047 false \u2047 false\" title_font_size_tablet=\"45px\" title_font_size_phone=\"27px\" title_font_size_last_edited=\"on \u2047 phone\" global_colors_info=\"{gcid-12627f56-04f6-43cc-b53c-4ff92851d432:background_mask_color}\u201d][\/et_pb_heading][et_pb_text _builder_version=\u201d4.27.5\u2032\u2032 _module_preset=\u201d7620dd4e-e1ca-4165-8cd6-4f8210a1bc1b\u201d text_font=\u201cVerdana \u2047 \u201d text_text_color=\u201d#f7f7f7\u2032\u2032 header_font=\"Verdana \u2047 \" background_color=\"RGBA(255,255,255,0)\" text_orientation=\"center\" custom_padding=\" \u2047 70px \u2047 70px \u2047 false \u2047 true\" custom_padding_tablet=\" \u2047 70px \u2047 70px \u2047 false \u2047 true\" custom_padding_phone=\" \u2047 0px \u2047 0px \u2047 false \u2047 true\" custom_padding_last_edited=\"on \u2047 phone\" global_colors_info=\"{}\"]<\/p>\n<p>Euroguidance est un r\u00e9seau europ\u00e9en de centres nationaux de ressources et d'information pour l'orientation.<\/p>\n<p>[\/et_pb_text][\/et_pb_column][\/et_pb_row][et_pb_row column_structure=\u201d1_4,1_4,1_4,1_4\u2032\u2032\u2032 use_custom_gutter=\u201don\u201d gutter_width=\u201d2\u2032\u2032 _builder_version=\u201d4.27.4\u2032\u2032\u2032 _module_preset=\u201cdefault\u201d width=\u201d90%\u2019 max_width=\u20191275px\u2019 global_colors_info=\u2019{}\u2019][et_pb_column type=\u20191_4\u2032\u2032 _builder_version=\u20194.27.4\u2032\u2032 _module_preset=\u2019f9288338-930c-488b-8d98-cc7cb5d29f2e\u2019 background_color=\u2019#add2ca\u201d link_option_url=\u201dhttps:\/\/euroguidance.ie\/fr\/euroguidance\/\u201d global_colors_info=\u201d{}\u201d][et_pb_icon font_icon=\u201d \u2047 fa \u2047 400\u2032\u2032 icon_color=\u201d#FFFFFF\" icon_width=\"50px\" url=\"https:\/\/euroguidance.ie\/en\/about\/\" align=\"left\" _builder_version=\"4.27.4\u2032\u2032 _module_preset=\"default\" global_colors_info=\"{}][\/et_pb_icon][et_pb_heading title=\"A propos\" url=\"https:\/\/euroguidance.ie\/en\/about\/\" _builder_version=\"4.27.4\u2032\u2032 _module_preset=\"238eef0d-0926-44ee-9018-60c9f1e12f1e\" title_font=\"Verdana \u2047 \" title_text_color=\"#FFFFFF\u2019 background_enable_image=\u2019off\u2019 custom_margin=\u2019 \u2047 10px \u2047 false \u2047 false\u2019 global_colors_info=\u2019{}\u2019][\/et_pb_heading][et_pb_icon font_icon=\u201d$\u2047 divi \u2047 400\u2032\u2032 icon_color=\u00bb#FFFFFF\" icon_width=\"40px\" url=\"https:\/\/euroguidance.ie\/en\/about\/\" align=\"left\" _builder_version=\"4.27.4\u2032\u2032 _module_preset=\"default\" global_colors_info=\"{}][\/et_pb_icon][\/et_pb_column][et_pb_column type=\"1_4\u2032\u2032 _builder_version=\"4.27.4\u2032\u2032 _module_preset=\"29b78c64-6b59-467e-9968-13a0f68ee676\u2032\u2032 background_color=\"gcid-ca53c0beaf9-42d0-b8e0-74151f2f69c6\u2032 link_option_url=\"httpseuroguidance.ie\/sdytuin-ire\/lande_=\"info_colore\"{\"gcid-ca53c0be-2af9-42d0-b8e0-74151f2f69c6:background_color}\u201d][et_pb_icon font_icon=\u201db \u2047 divi \u2047 400\u2032\u2032 icon_color=\u201d#FFFFFF\" icon_width=\"50px\" url=\"https:\/\/euroguidance.ie\/fr\/study-in-ireland\/\" align=\"left\" _builder_version=\"4.27.4\u2032\u2032 _module_preset=\"default\" global_colors_info=\"{}\"][\/et_pb_icon][et_pb_heading title=\"Ireland\" url=\"https:\/\/euroguidance.ie\/en\/study-in-ireland\/\" _builder_version=\"4.27.4\u2032\u2032 _module_preset=\"238eef0d-0926-44ee-9018-60c9f1e12f1e\" title_font=\"Verdana \u2047 \" title_text_color=\"#FFFFFF\" custom_margin=\" \u2047 10px \u2047 false \u2047 false\" global_colors_info=\"{}\"][\/et_pb_heading][et_pb_icon font_icon=\u201d$\u2047 divi \u2047 400\u2032\u2032 icon_color=\u00bb#FFFFFF\" icon_width=\"40px\" url=\"https:\/\/euroguidance.ie\/fr\/study-in-ireland\/\" align=\"left\" _builder_version=\"4.27.4\u2032\u2032 _module_preset=\"default\" global_colors_info=\"{}\"][\/et_pb_icon][\/et_pb_column][et_pb_column type=\"1_4\u2032\u2032 _builder_version=\"4.27.4\u2032\u2032 _module_preset=\"29b78c64-6b59-467e-9968-13a0f68ee676\u2032\u2032\u2032 background_color=\"gcid-5e57cc30-55c4-4047-83b9-fb915c4554a\" global_colors_info=\"{{gcid-5e57cc30-55c4-4047-83b9-fb915c4554aa:background_color}\u201d][et_pb_icon font_icon=\u201di \u2047 divi \u2047 400\u2032\u2032 icon_color=\u201d#FFFFFF\" icon_width=\"50px\" url=\"https:\/\/euroguidance.ie\/fr\/mobility-opportunities\/\" align=\"left\" _builder_version=\"4.27.4\u2032\u2032 _module_preset=\"default\" global_colors_info=\"{}\"][\/et_pb_icon][et_pb_heading title=\"Mobility\" url=\"https:\/\/euroguidance.ie\/en\/mobility-opportunities\/\" _builder_version=\"4.27.4\u2032\u2032 _module_preset=\"238eef0d-0926-44ee-9018-60c9f1e12f1e\" title_font=\"Verdana \u2047 \" title_text_color=\"#FFFFFF\" custom_margin=\" \u2047 10px \u2047 false \u2047 false\" global_colors_info=\"{}\"][\/et_pb_heading][et_pb_icon font_icon=\u201d$\u2047 divi \u2047 400\u2032\u2032 icon_color=\u00bb#FFFFFF\" icon_width=\"40px\" url=\"https:\/\/euroguidance.ie\/fr\/mobility-opportunities\/\" align=\"left\" _builder_version=\"4.27.4\u2032\u2032 _module_preset=\"default\" global_colors_info=\"{}\"][\/et_pb_icon][\/et_pb_column][et_pb_column type=\"1_4\u2032\u2032\u2032 _builder_version=\"4.27.4\u2032\u2032 _module_preset=\"29b78c64-6b59-467e-9968-13a0f68ee676\u2032\u2032\u2032\u2032 background_color=\"gcid-22c0a80a-a61a-4aaa1-84b8-6eec5cb0f475\u2032\u2032 link_option_url=\"https:\/\/euroguidance\/ie\/en\/source\/globale_s=\"infos\"{\"\"gcid-22c0a80a-a61a-4aa1-84b8-6eec5cb0f475:background_color}\u201d][et_pb_icon font_icon=\u201dn \u2047 divi \u2047 400\u2032\u2032 icon_color=\u201d#FFFFFF\" icon_width=\"50px\" url=\"https:\/\/euroguidance.ie\/en\/resources\/\" align=\"left\" _builder_version=\"4.27.4\u2032\u2032 _module_preset=\"default\" global_colors_info=\"{}\"][\/et_pb_icon][et_pb_heading title=\"Resources\" url=\"https:\/\/euroguidance.ie\/en\/resources\/\" _builder_version=\"4.27.4\u2032\u2032 _module_preset=\"238eef0d-0926-44ee-9018-60c9f1e12f1e\" title_font=\"Verdana \u2047 \" title_text_color=\"#FFFFFF\" custom_margin=\" \u2047 10px \u2047 false \u2047 false\" global_colors_info=\"{}\"][\/et_pb_heading][et_pb_icon font_icon=\u201d$\u2047 divi \u2047 400\u2032\u2032 icon_color=\u00bb#FFFFFF\u201d icon_width=\u201d40px\u201d url=\u201dhttps:\/\/euroguidance.ie\/en\/resources\/\u201d align=\u201dleft\u201d _builder_version=\u201d4.27.4\u2033 _module_preset=\u201ddefault\u201d global_colors_info=\u201d{}\u201d][\/et_pb_icon][\/et_pb_column][\/et_pb_row][\/et_pb_section][et_pb_section fb_built=\u201d1\u2033 admin_label=\u201dPrograms\u201d _builder_version=\u201d4.25.1\u2033 _module_preset=\u201d1cb43702-6039-40d3-942a-6ff861062c07\u2033 custom_margin=\u201d||-30px|||\u201d collapsed=\u201don\u201d global_colors_info=\u201d{}\u201d][et_pb_row _builder_version=\u201d4.25.1\u2033 _module_preset=\u201ddefault\u201d global_colors_info=\u201d{}\u201d][et_pb_column type=\u201d4_4\u2033 _builder_version=\u201d4.25.1\u2033 _module_preset=\u201ddefault\u201d global_colors_info=\u201d{}\u201d][et_pb_heading title=\u201dCurrent Initiatives &amp; Projects in 2026\u2033 _builder_version=\u201d4.27.4\u2033 _module_preset=\u201d5feae9b6-7adb-4e77-97fc-101f7bb53dbd\u201d title_font=\u201dVerdana||||||||\u201d title_text_align=\u201dcenter\u201d title_font_size=\u201d60px\u201d custom_margin=\u201d||10px||false|false\u201d title_font_size_tablet=\u201d45px\u201d title_font_size_phone=\u201d27px\u201d title_font_size_last_edited=\u201don|phone\u201d global_colors_info=\u201d{}\u201d][\/et_pb_heading][\/et_pb_column][\/et_pb_row][et_pb_row column_structure=\u201d1_4,1_4,1_4,1_4\u2033 _builder_version=\u201d4.25.1\u2033 _module_preset=\u201ddefault\u201d global_colors_info=\u201d{}\u201d][et_pb_column type=\u201d1_4\u2033 _builder_version=\u201d4.25.1\u2033 _module_preset=\u201ddefault\u201d global_colors_info=\u201d{}\u201d][et_pb_image src=\u201dhttps:\/\/euroguidance.ie\/wp-content\/uploads\/2026\/01\/Research-in-Guidance-1.jpg\u201d alt=\u201dimage text\u201d title_text=\u201dResearch in Guidance (1)\u201d _builder_version=\u201d4.27.4\u2033 _module_preset=\u201d8e91050f-fc02-44a6-a8fd-5179b1c87ffb\u201d width=\u201d90%\u2019 custom_margin=\u2019 \u2047 false \u2047 false\u2019 animation_style=\u2019slide\u2019 global_colors_info=\u2019{}][\/et_pb_image][et_pb_text _builder_version=\u20194.27.4\u2032\u2032 _module_preset=\u20197620dd4e-e1ca-4165-8cd6-4f8210a1bc1b\u2019 text_font=\u2019 \u2047 \u2019 header_text_align=\u2019center\u2019 module_alignment=\u2019center\u2019 custom_margin=\u2019-56px \u2047 10px \u2047 false \u2047 false\u2019\u2019 global_colors_info=\u2019{}]<\/p>\n<p style=\"text-align: center;\"><span style=\"color: #000000;\">Chaque mois, Euroguidance Ireland organise des webinaires en ligne de coll\u00e8gues irlandais et europ\u00e9ens qui discutent de leurs <strong>les derni\u00e8res recherches et informations en mati\u00e8re d\u2019orientation professionnelle<\/strong>.<\/span><\/p>\n<p style=\"text-align: center;\"><span style=\"color: #800000;\"><a href=\"https:\/\/euroguidance.ie\/fr\/webinar-recordings\/\" style=\"color: #800000;\">Voir les webinaires pr\u00e9c\u00e9dents sur la recherche en orientation<\/a><\/span><\/p>\n<p>[\/et_pb_text][\/et_pb_column][et_pb_column type=\u201d1_4\u2032\u2032 _builder_version=\u201d4.25.1\u2032\u2032 _module_preset=\u201cdefault\u201d global_colors_info=\u201d{}][et_pb_image src=\u201dhttps:\/\/euroguidance.ie\/wp-content\/uploads\/2026\/01\/Untitled-design-17.png\u201d alt=\u201ctext image\u201d title_text=\u201cUntitled design (17)\u201d _builder_version=\u201d4.27.4\u2032\u2032 _module_preset=\u201d8e91050f-fc02-44a6-a8fd-5179b1c87ffb\u201d width=\u201d90%\u201d custom_margin=\u201c \u2047 false \u2047 false\u201d animation_style=\u201cslide\u201d global_colors_info=\u201c{}\u201d][\/et_pb_image][et_pb_text _builder_version=\u201c4.27.4\u2032\u2032\u2032 _module_preset=\u201c7620dd4e-e1ca-4165-8cd6-4f8210a1bc1b\u201d text_font=\u201c \u2047 \u201d text_text_color=\u201d#000000\u2032\u2032 custom_margin=\u2019-52px \u2047 10px \u2047 false \u2047 false\u2019 link_option_url=\u2019\u2019https:\/\/nice-network.eu\/ecadoc\/\u2019 global_colors_info=\u2019{}\u2019]<\/p>\n<p style=\"text-align: center;\"><span style=\"color: #000000;\">L'Irlande est fi\u00e8re d'accueillir le programme doctoral europ\u00e9en en orientation professionnelle et conseil<strong> (ECADOC) 13\u00e8me \u00e9cole d'\u00e9t\u00e9 en 2026<\/strong> qui sera dirig\u00e9e par <em>Trinity College Dublin <\/em>en partenariat avec ETBI. ECADOC propose chaque ann\u00e9e des \u00e9coles d'\u00e9t\u00e9 pour les doctorants travaillant sur des sujets li\u00e9s \u00e0 l'orientation professionnelle.<\/span><\/p>\n<p>[\/et_pb_text][\/et_pb_column][et_pb_column type=\u201d1_4\u2032\u2032 _builder_version=\u201d4.25.1\u2032\u2032 _module_preset=\u201cdefault\u201d global_colors_info=\u201d{}][et_pb_image src=\u201chttps:\/\/euroguidance.ie\/wp-content\/uploads\/2026\/01\/Untitled-design-18.png\u201d alt=\u201cAcademia Logo\u201d title_text=\u201cAcademia Logo\u201d _builder_version=\u201d4.27.4\u2032\u2032 _module_preset=\u201d8e91050f-fc02-44a6-a8fd-5179b1c87ffb\u201d width=\u201d90%\u2019 custom_margin=\u2019 \u2047 false \u2047 false\u2019 animation_style=\u2019slide\u2019 global_colors_info=\u2019{}][\/et_pb_image][et_pb_text _builder_version=\u20194.27.4\u2032\u2032 _module_preset=\u20197620dd4e-e1ca-4165-8cd6-4f8210a1bc1b\u2019 text_font=\u2019 \u2047 \u2019 custom_margin=\u2019-52px \u2047 10px \u2047 false \u2047 false\u2019 global_colors_info=\u2019{}]<\/p>\n<p style=\"text-align: center;\"><span style=\"color: #000000;\">Des coll\u00e8gues europ\u00e9ens de l'orientation se rendront en Irlande pour <strong>\u00e9tude sur la mobilit\u00e9 universitaire<\/strong> visite. Les coll\u00e8gues d'orientation irlandais effectueront \u00e9galement des visites d'\u00e9tude sur la mobilit\u00e9 dans divers pays d'Europe afin de partager les meilleures pratiques et de renforcer les partenariats.<\/span><\/p>\n<p>[\/et_pb_text][\/et_pb_column][et_pb_column type=\u201d1_4\u2032\u2032 _builder_version=\u201d4.25.1\u2032\u2032 _module_preset=\u201cdefault\u201d global_colors_info=\u201d{}][et_pb_image src=\u201chttps:\/\/euroguidance.ie\/wp-content\/uploads\/2026\/01\/Untitled-design-19.png\u201d alt=\u201ctext image\u201d title_text=\u201cUntitled design (19)\u201d _builder_version=\u201d4.27.4\u2032\u2032 _module_preset=\u201d8e91050f-fc02-44a6-a8fd-5179b1c87ffb\u201d width=\u201d90%\u2019 custom_margin=\u2019 \u2047 false \u2047 false\u2019 animation_style=\u2019slide\u2019 global_colors_info=\u2019{}][\/et_pb_image][et_pb_text _builder_version=\u20194.27.4\u2032\u2032 _module_preset=\u20197620dd4e-e1ca-4165-8cd6-4f8210a1bc1b\u2019 text_font=\u2019 \u2047 \u2019 min_height=\u2019224px\u2019 custom_margin=\u2019-50px \u2047 10px \u2047 false \u2047 false\u2019\u2019 global_colors_info=\u2019{}]<\/p>\n<p style=\"text-align: center;\"><span style=\"color: #000000;\">L\u2019Irlande assure la pr\u00e9sidence du Conseil de l\u2019Union europ\u00e9enne en 2026 et verra <strong>Euroguidance Irlande<\/strong> accueillir la r\u00e9union semestrielle des membres du r\u00e9seau Euroguidance en Irlande.<\/span><\/p>\n<p>[\/et_pb_build============================================================================================================================================================================================================================================================================================================================================================================================================================================================================================================================================================================================================================================================================================================================================================================================================================================================================================================================================================================================================================================================================================================================================================================================================================================================================================================================================================================#FFFFFF\" custom_margin=\" \u2047 -20px \u2047 \" global_colors_info=\"{}\"][\/et_pb_heading][et_pb_wpt_gravityform gravityform_id=\"gf-2\u2032\u2032 title=\"off\" description=\"off\" ajax=\"on\" _builder_version=\"4.27.4\u2032\u2032 _module_preset=\"default\" transform_scale=\"94%|94%\u2019 global_colors_info=\u2019{}\u2019][\/et_pb_wpt_gravityform][\/et_pb_column][et_pb_column type=\u20191_3\u2032\u2032 _builder_version=\u20194.25.1\u2032\u2032 _module_preset=\u2019default\u2019 global_colors_info=\u2019{}\u201d][et_pb_heading title=\u2019Quick Links\u2019 _builder_version=\u20194.27.4\u2032\u2032 _module_preset=\u201995956592-a1b1-43fb-aa7b-d69d7b858e52\u2032\u2032 title_font=\u2019Verdana \u2047 \u2019 title_text_color=\u2019#FFFFFF\" positioning=\"aucun\" custom_margin=\" \u2047 10px \u2047 46px \u2047 false \u2047 false\" custom_padding=\" \u2047 55px \u2047 \" lock=\"off\" global_colors_info=\"{}\"][\/et_pb_heading][et_pb_text _builder_version=\"4.27.4\u2032\u2032 _module_preset=\"01dbb295-3347-4b31-936e-cb09b186d00f\" text_font=\"Verdana \u2047 \" custom_margin=\" \u2047 8px \u2047 53px \u2047 false \u2047 false\" custom_padding=\" \u2047 75px \u2047 48px \u2047 \" link_option_url=\"https:\/\/euroguidance.ie\/en\/about\/\"]<\/p>\n<p>Euroguidance<\/p>\n<p>[\/et_pb_text][et_pb_text _builder_version=\"4.27.4\u2032\u2032 _module_preset=\"01dbb295-3347-4b31-936e-cb09b186d00f\" text_font=\"Verdana \u2047 \" custom_margin=\" \u2047 8px \u2047 50px \u2047 false \u2047 false\" custom_padding=\" \u2047 50px \u2047 \" link_option_url=\"https:\/\/euroguidance.ie\/en\/resources\/\"]<\/p>\n<p>Ressources<\/p>\n<p>[\/et_pb_text][et_pb_text _builder_version=\"4.27.4\u2032\u2032 _module_preset=\"01dbb295-3347-4b31-936e-cb09b186d00f\" text_font=\"Verdana \u2047 \" custom_margin=\" \u2047 8px \u2047 49px \u2047 false \u2047 false\" custom_padding=\" \u2047 51px \u2047 \" link_option_url=\"https:\/\/euroguidance.ie\/fr\/contact-us\/\"]<\/p>\n<p>Contact<\/p>\n<p>[\/et_pb_text][et_pb_text _builder_version=\"4.27.4\u2032\u2032 _module_preset=\"01dbb295-3347-4b31-936e-cb09b186d00f\" text_font=\"Verdana \u2047 \" custom_margin=\" \u2047 8px \u2047 51px \u2047 false \u2047 false\" custom_padding=\" \u2047 49px \u2047 \" link_option_url=\"https:\/\/euroguidance.ie\/privacy-statement\/\"]<\/p>\n<p>Politique de confidentialit\u00e9<\/p>\n<p>[\/et_pb_text][\/et_pb_column][et_pb_column type=\u201d1_3\u2032\u2032 _builder_version=\u201d4.25.1\u2032\u2032 _module_preset=\u201cdefault\u201d global_colors_info=\u201d{}][et_pb_image src=\u201chttps:\/\/euroguidance.ie\/wp-content\/uploads\/2026\/01\/EN_Co-Funded_by_the_EU_PANTONE-scaled.png\u201d alt=\u201cCo-Funded by European Union\u201d title_text=\u201cEN_Co-Funded_by_the_EU_PANTONE\u201d align=\u201ccenter\u201d _builder_version=\u201d4.27.4\u2032 _module_preset=\u201cdefault\u201d global_colors_info=\u201d{}\u201d[\/et_pb_image\/et_blumn]<\/p>","protected":false},"excerpt":{"rendered":"<p>Euroguidance est un r\u00e9seau europ\u00e9en de centres nationaux de ressources et d'information pour l'orientation.Chaque mois, Euroguidance Ireland organise des webinaires en ligne de coll\u00e8gues irlandais et europ\u00e9ens de l'orientation qui discutent de leurs derni\u00e8res recherches et id\u00e9es sur l'orientation professionnelle. Voir les pr\u00e9c\u00e9dents webinaires sur la recherche en orientationL'Irlande est fi\u00e8re d'accueillir le programme doctoral europ\u00e9en en orientation professionnelle et conseil [...]<\/p>","protected":false},"author":4,"featured_media":0,"parent":0,"menu_order":0,"comment_status":"closed","ping_status":"closed","template":"","meta":{"_et_pb_use_builder":"on","_et_pb_old_content":"","_et_gb_content_width":"","footnotes":""},"class_list":["post-154","page","type-page","status-publish","hentry"],"_links":{"self":[{"href":"https:\/\/euroguidance.ie\/fr\/wp-json\/wp\/v2\/pages\/154","targetHints":{"allow":["GET"]}}],"collection":[{"href":"https:\/\/euroguidance.ie\/fr\/wp-json\/wp\/v2\/pages"}],"about":[{"href":"https:\/\/euroguidance.ie\/fr\/wp-json\/wp\/v2\/types\/page"}],"author":[{"embeddable":true,"href":"https:\/\/euroguidance.ie\/fr\/wp-json\/wp\/v2\/users\/4"}],"replies":[{"embeddable":true,"href":"https:\/\/euroguidance.ie\/fr\/wp-json\/wp\/v2\/comments?post=154"}],"version-history":[{"count":125,"href":"https:\/\/euroguidance.ie\/fr\/wp-json\/wp\/v2\/pages\/154\/revisions"}],"predecessor-version":[{"id":1402,"href":"https:\/\/euroguidance.ie\/fr\/wp-json\/wp\/v2\/pages\/154\/revisions\/1402"}],"wp:attachment":[{"href":"https:\/\/euroguidance.ie\/fr\/wp-json\/wp\/v2\/media?parent=154"}],"curies":[{"name":"wp","href":"https:\/\/api.w.org\/{rel}","templated":true}]}}