{"id":1315,"date":"2026-01-14T15:01:22","date_gmt":"2026-01-14T15:01:22","guid":{"rendered":"https:\/\/euroguidance.ie\/?page_id=1315"},"modified":"2026-01-14T15:46:30","modified_gmt":"2026-01-14T15:46:30","slug":"academia","status":"publish","type":"page","link":"https:\/\/euroguidance.ie\/fr\/academia\/","title":{"rendered":"Universitaires"},"content":{"rendered":"<p>[et_pb_section fb_built=\u201d1\u2032\u2032 admin_label=\u201cHeader\u201d _builder_version=\u201d4.27.4\u2032\u2032 _module_preset=\u201ded3a2270-0d1b-4161-8645-f529b8b3c5c0\u2032\u2032 background_color_gradient_direction=\u201d193deg\u201d background_color_gradient_stops=\u201dgcid-d119accd-44d7-4f2f-b9d7-599c8463324b 0%\u2047 rgba(7,33,48,0.6) 37%\u2047 rgba(255,255,255,0) 62%\u2047 gcid-1cd7c6da-5fe0-4f78-8345-603cff3cbdfc 100%\u2019 background_image=\u2019https:\/\/euroguidance.ie\/wp-content\/uploads\/2025\/02\/students3.jpg\u2019 background_enable_image=\u2019on\u2019 parallax=\u2019on\u2019 background_blend=\u2019darken\u2019 min_height=\u2019332.6px\u2019 custom_margin=\u2019 \u2047 53px \u2047 \u2019 lock=\u2019off\u2019 collapsed=\u2019off\u2019 global_colors_info=\u2019{gcid-1f1bf5fb-a99d-4acc-8d9e-ddac074c158c:background_color_gradient_stops,background_color_gradient_stops,background_color_gradient_stops,gcid-4c79ba3d-a281-4fb6-9b14-02f9a4c793f2:background_color_gradient_stops,background_color_gradient_stops,background_color_gradient_stops,gcid-688c464a-d6f2-4296-b592-395352c71c79:background_color_gradient_stops,background_color_gradient_stops,background_color_gradient_stops,gcid-d119accd-44d7-4f2f-b9d7-599c8463324b:background_color_gradient_stops,background_color_gradient_stops,background_color_gradient_stops,gcid-2352d280-fe84-43b1-a71e-f400c35a526a:background_color_gradient_stops,gcid-9e22d70d-67ee-4430-bed3-4bc105d4ef1e:background_color_gradient_stops,gcid-1cd7c6da-5fe0-4f78-8345-603cff3cbdfc:background_color_gradient_stops}][et_pb_row _builder_version=\u20194.25.1\u2032\u2032 _module_preset=\u2019default\u2019 global_colors_info=\u2019{}][et_pb_column type=\u20194_4\u2032\u2032 _builder_version=\u20194.25.1\u2032\u2032 _module_preset=\u2019default\u2019 global_colors_info=\u2019{}][et_pb_heading title=\u2019Academia\u2019 _builder_version=\u20194.27.4\u2032\u2032 _module_preset=\u2019be0d0648-3112-47a9-843b-14168fe1dabd\u2019 title_level=\u2019h2\u2032\u2032 title_font=\u2019Verdana \u2047 \u2019 title_text_align=\u2019center\u2019 title_text_color\u2019#ededed\" title_font_size=\"60px\" background_color=\"RGBA(255,255,255,0)\" custom_margin=\"40px \u2047 10px \u2047 false \u2047 false\" title_font_size_tablet=\"45px\" title_font_size_phone=\"27px\" title_font_size_last_edited=\"on \u2047 phone\" global_colors_info=\"{gcid-12627f56-04f6-43cc-b53c-4ff92851d432:background_mask_color}][\/et_pb_heading][\/et_pb_column][\/et_pb_row][\/et_pb_section][et_pb_section fb_built=\u201d1\u2032\u2032 _builder_version=\u201d4.27.4\u2032\u2032 _module_preset=\u201ddefault\u201d custom_padding=\u201d0px \u2047 \u201d global_colors_info=\u201d{}][et_pb_row _builder_version=\u201d4.17.6\u2032\u2032\u2032 _module_preset=\u201d5138c454-be54-4233-bd3b-f8e6a8747976\u2032\u2032\u2032 locked=\u201doff\u201d global_colors_info=\u201d{}][et_pb_column type=\u201d4_4\u2032\u2032 _builder_version=\u201d4.17.4\u2032\u2032\u2032 _module_preset=\u201d73121f-ef3-84-873f-c318\u20325 global_colors_info=\u201c{}\u201d][et_pb_heading title=\u201cMobility Study visit to Ireland 2025\u2032\u2032 _builder_version=\u201d4.27.4\u2032\u2032 _module_preset=\u201cdefault\u201d title_font=\u201c \u2047 \u201d title_text_align=\u201ccenter\u201d title_text_color=\u201d#000000\u2032\u2032 background_color=\u00bb#FFFFFF\" largeur=\"54%\u201d max_width=\u201d79%\u2019 module_alignment=\u2019center\u2019 custom_margin=\u20190px \u2047 0px \u2047 false \u2047 false\u2019 custom_padding=\u201916px \u2047 12px \u2047 0px \u2047 false \u2047 false\u2019 border_color_all=\u2019#0C71C3\u2032\u2032 border_style_all=\"inset\" box_shadow_style=\"preset1\u2032\u2032 box_shadow_vertical=\"0px\" box_shadow_blur=\"6px\" box_shadow_position=\"inner\" global_colors_info=\"{}\"][\/et_pb_heading][et_pb_text _builder_version=\"4.27.4\u2032\u2032 _module_preset=\"default\" text_font_size=\"16px\" global_colors_info=\"{}]<\/p>\n<p style=\"text-align: center;\"><span style=\"color: #000000;\">En mai 2025, nous avons accueilli en Irlande quinze coll\u00e8gues d'orientation europ\u00e9ens de dix pays europ\u00e9ens (Autriche, Suisse, Allemagne, Danemark, Espagne, Estonie, France, Norv\u00e8ge, Slov\u00e9nie et Su\u00e8de). Le th\u00e8me de la visite d\u2019\u00e9tude \u00e9tait le suivant:<strong>Orientations inclusives<\/strong>\u2019.<\/span><\/p>\n<p>&nbsp;<\/p>\n<ul>\n<li style=\"text-align: left;\"><span style=\"color: #000000;\">La visite d'\u00e9tude a eu lieu au Liberties College, City of Dublin Education and Training Board (ETB)<\/span><\/li>\n<li style=\"text-align: left;\"><span style=\"color: #000000;\">Mary Quirke a anim\u00e9 un atelier de conception universelle explorant comment les professionnels de l'orientation peuvent adopter les approches de conception universelle (UD) et de conception universelle pour l'apprentissage (UDL) dans leur pratique et adopter un \u00e9tat d'esprit de conception universelle dans l'orientation.<\/span><\/li>\n<li style=\"text-align: left;\"><span style=\"color: #000000;\">Des Acton du Trinity Centre for People with Intellectual Disabilities (TCPID) a anim\u00e9 une session sur le th\u00e8me \u00abAcc\u00e8s et inclusion dans l\u2019orientation\u00bb<\/span><\/li>\n<li style=\"text-align: left;\"><span style=\"color: #000000;\">Julieanne Duffy Gillen de l'Universit\u00e9 Technologique (TU) de Dublin a anim\u00e9 une session sur l'orientation dans la communaut\u00e9 sourde<\/span><\/li>\n<\/ul>\n<p>[\/et_pb_text][et_pb_gallery gallery_ids=\"825,829,821,826\u2032\u2032 show_title_and_caption=\"off\" _builder_version=\"4.27.4\u2032\u2032 _module_preset=\"default\" animation_style=\"zoom\" hover_enabled=\"0\u2032\u2032 dbdb_version=\"4.12.2\u2032\u2032 dbdb_enable_grid_slide_in=\"off\" global_colors_info=\"{}\" dbdb_show_in_lightbox=\"off\" show_pagination=\"off\" sticky_enabled=\"0\u2032\u2032][\/et_pb_gallery][et_pb_divider color=\"#004773\u2032\u2032 _builder_version=\u201c4.27.4\u2032\u2032 _module_preset=\u201cdefault\u201d global_colors_info=\u201c{}\u201d][\/et_pb_divider][et_pb_heading title=\u201cMobility Study visit to Ireland 2024\u2032\u2032 _builder_version=\u201c4.27.4\u2032\u2032 _module_preset=\u201cdefault\u201d title_font=\u201c \u2047 \u201d title_text_align=\u201ccenter\u201d title_text_color=\u201d#000000\u2032\u2032 background_color=\u00bb#FFFFFF\" largeur=\"54%\u201d max_width=\u201d79%\u2019 module_alignment=\u2019center\u2019 custom_margin=\u20190px \u2047 0px \u2047 false \u2047 false\u2019 custom_padding=\u201916px \u2047 12px \u2047 0px \u2047 false \u2047 false\u2019 border_color_all=\u2019#0C71C3\u2032\u2032 border_style_all=\"inset\" box_shadow_style=\"preset1\u2032\u2032 box_shadow_vertical=\"0px\" box_shadow_blur=\"6px\" box_shadow_position=\"inner\" global_colors_info=\"{}\"][\/et_pb_heading][et_pb_text _builder_version=\"4.27.4\u2032\u2032 _module_preset=\"default\" text_text_color=\"#000000\u2032\u2032 text_font_size=\u201d16px\u201d global_colors_info=\u201d{}\u201d]<\/p>\n<p style=\"text-align: center;\"><span style=\"color: #000000;\">Treize coll\u00e8gues repr\u00e9sentant six pays europ\u00e9ens, dont les Pays-Bas, l\u2019Estonie, la France, l\u2019Espagne, la Norv\u00e8ge, l\u2019Allemagne et le Danemark, se sont rendus \u00e0 Dublin en mai 2025. Le th\u00e8me de la visite d'\u00e9tude \u00e9tait: <strong>\u00abL\u2019orientation professionnelle tout au long de la vie \u2013 Une vision d\u2019avenir\u00bb.<\/strong><\/span><\/p>\n<p>&nbsp;<\/p>\n<ul>\n<li style=\"text-align: left;\"><span style=\"color: #000000;\">La visite d'\u00e9tude a eu lieu au Liberties College, City of Dublin Education and Training Board (ETB)<\/span><\/li>\n<li style=\"text-align: left;\"><span style=\"color: #000000;\">Des coll\u00e8ges des services d\u2019orientation de la commission de l\u2019\u00e9ducation et de la formation de la ville de Dublin (ETB) ont organis\u00e9 une s\u00e9ance d\u2019information sur les services d\u2019orientation dans le domaine de l\u2019\u00e9ducation et de la formation compl\u00e9mentaires (FET).<\/span><\/li>\n<li style=\"text-align: left;\"><span style=\"color: #000000;\">Mary Quirke, Patricia McCarthy, Des Acton et Conor McGuirk pr\u00e9sentent un expos\u00e9 sur l'acc\u00e8s, l'inclusion et la conception universelle en mati\u00e8re d'orientation au Trinity Centre for People with Intellectual Disabilities (TCPID)<\/span><\/li>\n<li style=\"text-align: left;\"><span style=\"color: #000000;\">Aisling Murray Fleming, de la Dublin City University (DCU), a donn\u00e9 un aper\u00e7u du programme de conseil en orientation de la DCU et des outils num\u00e9riques d\u2019orientation, y compris une visite du laboratoire de r\u00e9alit\u00e9 virtuelle de la DCU.<\/span><\/li>\n<li style=\"text-align: left;\"><span style=\"color: #000000;\">Les participants ont eu une visite du centre de formation Dublin Dun Laoghaire Education Training Board (DDLETB) \u00e0 Baldoyle<\/span><\/li>\n<li style=\"text-align: left;\"><span data-contrast=\"auto\" style=\"color: #000000;\">La Dre Carol Guildea a donn\u00e9 une s\u00e9ance sur le Cadre strat\u00e9gique pour l'orientation tout au long de la vie<\/span><\/li>\n<li style=\"text-align: left;\"><span data-contrast=\"auto\" style=\"color: #000000;\">Stephen O\u2019Neill, psychologue en chef du service psychologique du conseil de formation de l\u2019\u00e9ducation de la ville de Dublin, a organis\u00e9 une session intitul\u00e9e \u00abSelf-Care for You \u2013 Minding Your Mind\u00bb<\/span><\/li>\n<\/ul>\n<p>[\/et_pb_text][et_pb_gallery gallery_ids=\u2019840,839,835,836\u2032\u2032 show_title_and_caption=\u2019off\u2019 _builder_version=\u20194.27.4\u2032\u2032 _module_preset=\u2019default\u2019 dbdb_version=\u20194.12.2\u2032\u2032 dbdb_show_lightbox_title=\u2019off\u2019 global_colors_info=\u2019{}\u2019][\/et_pb_gallery][\/et_pb_column][\/et_pb_row][\/et_pb_section]<\/p>","protected":false},"excerpt":{"rendered":"<p>En mai 2025, nous avons accueilli en Irlande quinze coll\u00e8gues d'orientation europ\u00e9ens de dix pays europ\u00e9ens (Autriche, Suisse, Allemagne, Danemark, Espagne, Estonie, France, Norv\u00e8ge, Slov\u00e9nie et Su\u00e8de). Le th\u00e8me de la visite d\u2019\u00e9tude \u00e9tait \u00abOrientations inclusives\u00bb. \u00a0 La visite d'\u00e9tude a eu lieu au Liberties College, City of Dublin Education and Training Board (ETB) Dr. Mary [...]<\/p>","protected":false},"author":9,"featured_media":0,"parent":0,"menu_order":0,"comment_status":"closed","ping_status":"closed","template":"","meta":{"_et_pb_use_builder":"on","_et_pb_old_content":"","_et_gb_content_width":"","footnotes":""},"class_list":["post-1315","page","type-page","status-publish","hentry"],"_links":{"self":[{"href":"https:\/\/euroguidance.ie\/fr\/wp-json\/wp\/v2\/pages\/1315","targetHints":{"allow":["GET"]}}],"collection":[{"href":"https:\/\/euroguidance.ie\/fr\/wp-json\/wp\/v2\/pages"}],"about":[{"href":"https:\/\/euroguidance.ie\/fr\/wp-json\/wp\/v2\/types\/page"}],"author":[{"embeddable":true,"href":"https:\/\/euroguidance.ie\/fr\/wp-json\/wp\/v2\/users\/9"}],"replies":[{"embeddable":true,"href":"https:\/\/euroguidance.ie\/fr\/wp-json\/wp\/v2\/comments?post=1315"}],"version-history":[{"count":6,"href":"https:\/\/euroguidance.ie\/fr\/wp-json\/wp\/v2\/pages\/1315\/revisions"}],"predecessor-version":[{"id":1350,"href":"https:\/\/euroguidance.ie\/fr\/wp-json\/wp\/v2\/pages\/1315\/revisions\/1350"}],"wp:attachment":[{"href":"https:\/\/euroguidance.ie\/fr\/wp-json\/wp\/v2\/media?parent=1315"}],"curies":[{"name":"wp","href":"https:\/\/api.w.org\/{rel}","templated":true}]}}