{"id":1207,"date":"2026-01-09T13:58:57","date_gmt":"2026-01-09T13:58:57","guid":{"rendered":"https:\/\/euroguidance.ie\/?page_id=1207"},"modified":"2026-01-15T13:10:33","modified_gmt":"2026-01-15T13:10:33","slug":"euroguidance-ireland-4","status":"publish","type":"page","link":"https:\/\/euroguidance.ie\/fr\/euroguidance-ireland-4\/","title":{"rendered":"Euroguidance Irlande"},"content":{"rendered":"<p>[et_pb_section fb_built=\u201d1\u2032\u2032 admin_label=\u201cHeader\u201d _builder_version=\u201d4.27.4\u2032\u2032 _module_preset=\u201ded3a2270-0d1b-4161-8645-f529b8b3c5c0\u2032\u2032 background_color_gradient_direction=\u201d193deg\u201d background_color_gradient_stops=\u201dgcid-d119accd-44d7-4f2f-b9d7-599c8463324b 0%\u2047 rgba(7,33,48,0.6) 37%\u2047 rgba(255,255,255,0) 62%\u2047 gcid-1cd7c6da-5fe0-4f78-8345-603cff3cbdfc 100%\u2019 background_image=\u2019https:\/\/euroguidance.ie\/wp-content\/uploads\/2025\/02\/students3.jpg\u2019 background_enable_image=\u2019on\u2019 parallax=\u2019on\u2019 background_blend=\u2019darken\u2019 min_height=\u2019332.6px\u2019 custom_margin=\u2019 \u2047 53px \u2047 \u2019 lock=\u2019off\u2019 collapsed=\u2019off\u2019 global_colors_info=\u2019{gcid-1f1bf5fb-a99d-4acc-8d9e-ddac074c158c:background_color_gradient_stops,background_color_gradient_stops,background_color_gradient_stops,gcid-4c79ba3d-a281-4fb6-9b14-02f9a4c793f2:background_color_gradient_stops,background_color_gradient_stops,background_color_gradient_stops,gcid-688c464a-d6f2-4296-b592-395352c71c79:background_color_gradient_stops,background_color_gradient_stops,background_color_gradient_stops,gcid-d119accd-44d7-4f2f-b9d7-599c8463324b:background_color_gradient_stops,background_color_gradient_stops,background_color_gradient_stops,gcid-2352d280-fe84-43b1-a71e-f400c35a526a:background_color_gradient_stops,gcid-9e22d70d-67ee-4430-bed3-4bc105d4ef1e:background_color_gradient_stops,gcid-1cd7c6da-5fe0-4f78-8345-603cff3cbdfc:background_color_gradient_stops}][et_pb_row _builder_version=\u20194.25.1\u2032\u2032 _module_preset=\u2019default\u2019 global_colors_info=\u2019{}][et_pb_column type=\u20194_4\u2032\u2032 _builder_version=\u20194.25.1\u2032\u2032 _module_preset=\u2019default\u2019 global_colors_info=\u2019{}][et_pb_heading title=\u2019Euroguidance Ireland Past Events\u2019 _builder_version=\u20194.27.4\u2032\u2032\u2032 _module_preset=\u2019be0d0648-3112-47a9-843b-14168fe1dabd\u2019 title_level=\u2019h2\u2032\u2032 title_font=\u2019Verdana \u2047 \u2019 title_text_align=\u2019center\u2019 title_text_color=\u2019#ededed\" title_font_size=\"60px\" background_color=\"RGBA(255,255,255,0)\" custom_margin=\"40px \u2047 10px \u2047 false \u2047 false\" title_font_size_tablet=\"45px\" title_font_size_phone=\"27px\" title_font_size_last_edited=\"on \u2047 phone\" global_colors_info=\"{gcid-12627f56-04f6-43cc-b53c-4ff92851d432:background_mask_color}][\/et_pb_heading][\/et_pb_column][\/et_pb_row][\/et_pb_section][et_pb_section fb_built=\u20191\u2032\u2032 _builder_version=\u20194.27.4\u2032\u2032 _module_preset=\u2019default\u2019 min_height=\u2019119px\u2019 custom_padding=\u20190px \u2047 0px \u2047 \u2019 global_colors_info=\u2019{}\u2019][et_pb_row _builder_version=\u20194.27.4\u2032\u2032 _module_preset=\u2019default\u2019 global_colors_info=\u2019{}\u2019][et_pb_column type=\u20194_4\u2032\u2032 _builder_version=\u20194.27.4\u2032\u2032\u2032 _module_preset=\u2019\u2019default\u2019 global_colors_info=\u2019{}\u2019][et_pb_heading title=\u201cAcademia Network 2025\u2032\u2032 _builder_version=\u201d4.27.4\u2032\u2032 _module_preset=\u201cdefault\u201d title_font=\u201c \u2047 \u201d title_text_align=\u201ccenter\u201d title_text_color=\u201d#000000\u2032\u2032 background_color=\u00bb#FFFFFF\" largeur=\"54%\u201d max_width=\u201d79%\u2019 module_alignment=\u2019center\u2019 custom_margin=\u20190px \u2047 0px \u2047 false \u2047 false\u2019 custom_padding=\u201916px \u2047 12px \u2047 0px \u2047 false \u2047 false\u2019 border_color_all=\u2019#0C71C3\u2032\u2032 border_style_all=\"inset\" box_shadow_style=\"preset1\u2032\u2032 box_shadow_vertical=\"0px\" box_shadow_blur=\"6px\" box_shadow_position=\"inner\" global_colors_info=\"{}\"][\/et_pb_heading][\/et_pb_column][\/et_pb_row][\/et_pb_section][et_pb_section fb_built=\"1\u2032\u2032 admin_label=\"Gallery\" _builder_version=\"4.27.4\u2032\u2032 _module_preset=\"default\" background_color=\"#FFFFFF\" custom_padding=\"0px \u2047 0px \u2047 \" animation_style=\"slide\" lock=\"off\" collapsed=\"on\" global_colors_info=\"{}\"][et_pb_row column_structure=\"1_2,1_2\u2032\u2032 _builder_version=\"4.17.6\u2032\u2032 _module_preset=\"5138c454-be54-4233-bd3b-f8e6a8747976\u2032\u2032\u2032\u2032 lock=\"off\" global_colors_info=\"{}\"][et_pb_column type=\"1_2\u2032\u2032 _builder_version=\"4.17.4\u2032\u2032\u2032 _module_preset=\"73121f80-a3ef-4484-8763-c3f18e3c56d2\u2032\u2032#000000\u2032\u2032 text_font_size=\u201d16px\u201d header_text_color=\u201d#000000\u2032\u2032 custom_margin=\u201d51px \u2047 -2px \u2047 false \u2047 false\u201d global_colors_info=\u201d{}\u201d]<\/p>\n<p style=\"text-align: center;\">En octobre 2025, Euroguidance Ireland a accueilli Academia Network en Irlande pour la r\u00e9union annuelle. La prochaine r\u00e9union du r\u00e9seau universitaire aura lieu \u00e0 Luxembourg en 2026.<\/p>\n<p>[\/et_pb_text][\/et_pb_column][et_pb_column type=\u20191_2\u2032\u2032 _builder_version=\u20194.27.4\u2032\u2032 _module_preset=\u2019default\u2019 global_colors_info=\u2019{}][et_pb_image src=\u2019https:\/\/euroguidance.ie\/wp-content\/uploads\/2026\/01\/academia-1.png\u2019 title_text=\u2019academia network\u2019 _builder_version=\u20194.27.4\u2032\u2032 _module_preset=\u2019default\u2019 global_colors_info=\u2019\u2019{}][\/et_pb_image][\/et_pb_column][\/et_pb_row][et_pb_row_builder_version=\u2019\u2019\u20194.27.4\u2032\u2032\u2032 _ule_modset=\u2019\u2019default\u2019 global_info_scolor=\u2019{[et_pb_lumn] type=\u20194_4\u2032\u2032 _builder_version=\u20194.27.4\u2032\u2032 _module_preset=\u2019default\u2019 global_colors_info=\u2019{}\u2019][et_pb_divider color=\u201d#000000\u2032\u2032 _builder_version=\u201d4.27.4\u2032\u2032 _module_preset=\u201ddefault\u201d global_colors_info=\u201d{}][\/et_pb_divider][\/et_pb_column][\/et_pb_row][et_pb_row _builder_version=\u201d4.17.6\u2032\u2032 _module_preset=\u201d5138c454-be54-4233-bd3b-f8e6a8747976\u2032\u2032\u2032\u2032 lock=\u201doff\u201d global_colors_info=\u201d{}\u201d][et_pb_column type=\u201d4_4\u2032\u2032 _builder_version=\u201d4.17.4\u2032\u2032 _module_preset=\u201d73121f80-a3ef-4484-8763-c3fe3c56d2\u2032\u2032 title=\"Global Careers Month 2025\u2032\u2032 _builder_version=\"4.27.4\u2032\u2032 _module_preset=\"default\" title_font=\" \u2047 \" title_text_align=\"center\" title_text_color=\"#000000\u2032\u2032 background_color=\u00bb#FFFFFF\" largeur=\"54%\u201d max_width=\u201d79%\u2019 module_alignment=\u2019center\u2019 custom_margin=\u20190px \u2047 0px \u2047 false \u2047 false\u2019 custom_padding=\u201916px \u2047 12px \u2047 0px \u2047 false \u2047 false\u2019 border_color_all=\u2019#0C71C3\u2032\u2032 border_style_all=\"inset\" box_shadow_style=\"preset1\u2032\u2032 box_shadow_vertical=\"0px\" box_shadow_blur=\"6px\" box_shadow_position=\"inner\" global_colors_info=\"{}\"][\/et_pb_heading][et_pb_text _builder_version=\"4.27.4\u2032\u2032 _module_preset=\"default\" text_text_color=\"#000000\u2032\u2032 text_font_size=\u201d16px\u201d global_colors_info=\u201d{}\u201d]<\/p>\n<p><span data-contrast=\"auto\">Le groupe de travail interagences sur l\u2019orientation professionnelle (IAG CGWG), compos\u00e9 du Cedefop, de la Commission europ\u00e9enne, de l\u2019ETF, de l\u2019OIT, de l\u2019OCDE, de l\u2019UNESCO et de la Banque mondiale, a organis\u00e9 un deuxi\u00e8me mois mondial des carri\u00e8res en novembre 2025.<\/span><span data-contrast=\"auto\">\u202f<\/span><span data-contrast=\"auto\">Au cours de cette p\u00e9riode, les agences internationales encouragent les \u00e9v\u00e9nements mondiaux, r\u00e9gionaux et nationaux, en collaboration avec l'Association internationale pour l'orientation \u00e9ducative et professionnelle (IAEVG), le Centre international pour le d\u00e9veloppement de carri\u00e8re et les politiques publiques (ICCDPP) et WorldSkills.<\/span><span data-ccp-props=\"{}\">\u00a0<\/span><span data-contrast=\"auto\">Le webinaire de novembre sur la recherche en orientation d\u2019Euroguidance Ireland a \u00e9t\u00e9 pr\u00e9sent\u00e9 dans le cadre du mois mondial des carri\u00e8res de novembre 2025.<\/span><\/p>\n<p>[\/et_pb_text][et_pb_image src=\u201dhttps:\/\/euroguidance.ie\/wp-content\/uploads\/2026\/01\/Untitled-design-23.png\u201d title_text=\u201cUntitled design (23)\u201d _builder_version=\u201d4.27.4\u2032\u2032 _module_preset=\u201cdefault\u201d width=\u201d40%\u201d max_width=\u201d85%\u201d module_alignment=\u201dcenter\u201d global_colors_info=\u201d{}\u201d][\/et_pb_image][et_pb_divider color=\u201d#004773\u2032\u2032 _builder_version=\u20194.27.4\u2032\u2032 _module_preset=\u2019default\u2019 global_colors_info=\u2019{}][\/et_pb_divider][\/et_pb_column][\/et_pb_row][et_pb_row _builder_version=\u20194.27.4\u2032\u2032 _module_preset=\u2019default\u2019 custom_margin=\u2019-59px \u2047 auto \u2047 \u201d global_colors_info=\u2019{}][et_pb_column type=\u20194_4\u2032\u2032 _builder_version=\u20194.27.4\u2032\u2032 _module_preset=\u2019default\u2019_ global_colors_info=\u2019{}][et_pb_heading title=\u2019\u2019Euroguidance Event 2024\u2032\u2032 _builder_version=\u20194.27.4\u2032\u2032 _module_preset=\u2019default\u2019\u2019_title_fault\u2019=\u2019\u2019\u2019\u2019\u2019\u2019\u2019\u2019_titre\u2019_texter\u2019\u2019_titre=\u2019_texter\u2019\u2019\u2019_version==\u2019\u2019\u2019\u2019\u2019\u2019\u2019\u2019\u2019\u2019\u2019\u2019\u2019\u2019\u2019\u2019\u2019\u2019\u2019_fcente#000000\u2032\u2032 background_color=\u00bb#FFFFFF\" largeur=\"54%\u201d max_width=\u201d79%\u2019 module_alignment=\u2019center\u2019 custom_margin=\u20190px \u2047 0px \u2047 false \u2047 false\u2019 custom_padding=\u201916px \u2047 12px \u2047 0px \u2047 false \u2047 false\u2019 border_color_all=\u2019#0C71C3\u2032\u2032 border_style_all=\"inset\" box_shadow_style=\"preset1\u2032\u2032 box_shadow_vertical=\"0px\" box_shadow_blur=\"6px\" box_shadow_position=\"inner\" global_colors_info=\"{}\"][\/et_pb_heading][\/et_pb_column][\/et_pb_row][\/et_pb_section][et_pb_section fb_built=\"1\u2032\u2032 admin_label=\"Gallery\" _builder_version=\"4.27.4\u2032\u2032 _module_preset=\"default\" background_color=\"#FFFFFF\u2019 custom_padding=\u20199px \u2047 \u2019 lock=\u2019off\u2019 collapsed=\u2019on\u2019 global_colors_info=\u2019{}][et_pb_row column_structure=\u20191_2,1_2\u2032\u2032 _builder_version=\u20194.17.6\u2032\u2032 _module_preset=\u20195138c454-be54-4233-bd3b-f8e6a8747976\u2032\u2032\u2032 lock=\u2019off\u2019 global_colors_info=\u2019\u2019\u2019\u2019][et_pb_column type=\u20191_2\u2032\u2032 _builder_version=\u20194.17.4\u2032\u2032 _module_preset=\u201973121f80-a3ef-4484-8763-c3f18e3c56d2\u2032\u2032\u2032_ global_colors_info=\u2019\u2019\u2019\u2019][etpbtext_builder_version=\u2019\u20194.27.4\u2032_module_default=\u2019\u2019_texte=\u2019\u2019\u2019\u2019_texte#000000\u2032\u2032 text_font_size=\u201d16px\u201d header_text_color=\u201d#000000\u2032\u2032 custom_margin=\u201d51px \u2047 -2px \u2047 false \u2047 false\u201d global_colors_info=\u201d{}\u201d]<\/p>\n<p style=\"text-align: center;\"><span style=\"color: #000000;\"><span data-contrast=\"auto\" xml:lang=\"EN-IE\" lang=\"EN-IE\" class=\"TextRun SCXW6804536 BCX8\"><span class=\"NormalTextRun SCXW6804536 BCX8\" data-ccp-charstyle=\"normaltextrun\">Un tr\u00e8s grand succ\u00e8s<\/span><span class=\"NormalTextRun SCXW6804536 BCX8\" data-ccp-charstyle=\"normaltextrun\"><strong> Euroguidance \u2013 Une nouvelle \u00e8re<\/strong> L'\u00e9v\u00e9nement a eu lieu en octobre<\/span><\/span><span data-contrast=\"auto\" xml:lang=\"EN-IE\" lang=\"EN-IE\" class=\"TextRun SCXW6804536 BCX8\"><span class=\"NormalTextRun SCXW6804536 BCX8\" data-ccp-charstyle=\"normaltextrun\">\u00a02024 \u00e0 l'h\u00f4tel Athlone Spring<\/span><span class=\"NormalTextRun SCXW6804536 BCX8\" data-ccp-charstyle=\"normaltextrun\">. Avec plus <\/span><span class=\"NormalTextRun SCXW6804536 BCX8\" data-ccp-charstyle=\"normaltextrun\">90 conseillers d'orientation<\/span><span class=\"NormalTextRun SCXW6804536 BCX8\" data-ccp-charstyle=\"normaltextrun\"> en pr\u00e9sence, l'ordre du jour <\/span><\/span><span data-contrast=\"auto\" xml:lang=\"EN-IE\" lang=\"EN-IE\" class=\"TextRun SCXW6804536 BCX8\"><span class=\"NormalTextRun SCXW6804536 BCX8\" data-ccp-charstyle=\"normaltextrun\">les contributions propos\u00e9es par <\/span><span class=\"NormalTextRun SCXW6804536 BCX8\" data-ccp-charstyle=\"normaltextrun\">le minist\u00e8re de l\u2019\u00e9ducation, Quality Qualifications Ireland (QQI) et <\/span><span class=\"NormalTextRun SpellingErrorV2Themed SCXW6804536 BCX8\" data-ccp-charstyle=\"normaltextrun\">Euroguidance<\/span><\/span><span data-contrast=\"auto\" xml:lang=\"EN-IE\" lang=\"EN-IE\" class=\"TextRun SCXW6804536 BCX8\"><span class=\"NormalTextRun SCXW6804536 BCX8\" data-ccp-charstyle=\"normaltextrun\"> Repr\u00e9sentants du r\u00e9seau Lativa, <\/span><\/span><span data-contrast=\"auto\" xml:lang=\"EN-IE\" lang=\"EN-IE\" class=\"TextRun SCXW6804536 BCX8\"><span class=\"NormalTextRun SCXW6804536 BCX8\" data-ccp-charstyle=\"normaltextrun\">Estonie<\/span><span class=\"NormalTextRun SCXW6804536 BCX8\" data-ccp-charstyle=\"normaltextrun\"> et S<\/span><span class=\"NormalTextRun SCXW6804536 BCX8\" data-ccp-charstyle=\"normaltextrun\">Weden.\u00a0<\/span><\/span><\/span><\/p>\n<p>[\/et_pb_text][\/et_pb_column][et_pb_column type=\u201d1_2\u2033 _builder_version=\u201d4.17.4\u2033 _module_preset=\u201d73121f80-a3ef-4484-8763-c3f18e3c56d2\u2033 global_colors_info=\u201d{}\u201d][et_pb_image src=\u201dhttps:\/\/euroguidance.ie\/wp-content\/uploads\/2025\/04\/Screenshot-495.png\u201d alt=\u201ddecoration\u201d title_text=\u201dScreenshot (495)\u201d _builder_version=\u201d4.27.4\u2033 _module_preset=\u201ddefault\u201d hover_enabled=\u201d0\u2033 global_colors_info=\u201d{}\u201d sticky_enabled=\u201d0\u2033][\/et_pb_image][\/et_pb_column][\/et_pb_row][et_pb_row _builder_version=\u201d4.27.4\u2033 _module_preset=\u201ddefault\u201d global_colors_info=\u201d{}\u201d][et_pb_column type=\u201d4_4\u2033 _builder_version=\u201d4.27.4\u2033 _module_preset=\u201ddefault\u201d global_colors_info=\u201d{}\u201d][et_pb_gallery gallery_ids=\u201d543,541,537,522\u2033 show_title_and_caption=\u201doff\u201d show_pagination=\u201doff\u201d _builder_version=\u201d4.27.4\u2033 _module_preset=\u201ddefault\u201d dbdb_version=\u201d4.12.2\u2033 dbdb_show_lightbox_title=\u201doff\u201d dbdb_show_lightbox_image_count=\u201doff\u201d global_colors_info=\u201d{}\u201d][\/et_pb_gallery][et_pb_gallery gallery_ids=\u201d529,527,536,533\u2033 show_title_and_caption=\u201doff\u201d _builder_version=\u201d4.27.4\u2033 _module_preset=\u201ddefault\u201d dbdb_version=\u201d4.12.2\u2033 dbdb_show_lightbox_image_count=\u201doff\u201d global_colors_info=\u201d{}\u201d][\/et_pb_gallery][\/et_pb_column][\/et_pb_row][et_pb_row _builder_version=\u201d4.27.4\u2033 _module_preset=\u201ddefault\u201d global_colors_info=\u201d{}\u201d][et_pb_column type=\u201d4_4\u2033 _builder_version=\u201d4.27.4\u2033 _module_preset=\u201ddefault\u201d global_colors_info=\u201d{}\u201d][et_pb_divider color=\u201d#0C71C3\u2033 _builder_version=\u201d4.27.4\u2033 _module_preset=\u201ddefault\u201d global_colors_info=\u201d{}\u201d][\/et_pb_divider][\/et_pb_column][\/et_pb_row][\/et_pb_section][et_pb_section fb_built=\u201d1\u2033 admin_label=\u201dFooter\u201d _builder_version=\u201d4.27.4\u2033 _module_preset=\u201df1c4f717-2356-4e3f-ac1b-1e293a6cc08a\u201d min_height=\u201d269.3px\u201d height=\u201d357px\u201d custom_margin=\u201d-13px||0px||false|false\u201d custom_padding=\u201d0px||20px||false|false\u201d global_module=\u201d1150\u2033 saved_tabs=\u201dall\u201d locked=\u201doff\u201d collapsed=\u201don\u201d global_colors_info=\u201d{}\u201d][et_pb_row column_structure=\u201d1_3,1_3,1_3\u2033 _builder_version=\u201d4.27.4\u2033 _module_preset=\u201ddefault\u201d custom_margin=\u201d|auto|-85px|auto||\u201d custom_padding=\u201d||7px||false|false\u201d locked=\u201doff\u201d global_colors_info=\u201d{}\u201d][et_pb_column type=\u201d1_3\u2033 _builder_version=\u201d4.25.1\u2033 _module_preset=\u201ddefault\u201d global_colors_info=\u201d{}\u201d][et_pb_heading title=\u201dSubcribe to our Newsletter\u201d _builder_version=\u201d4.27.4\u2033 _module_preset=\u201ddefault\u201d title_text_align=\u201dcenter\u201d title_text_color=\u201d#FFFFFF\" custom_margin=\" \u2047 -20px \u2047 \" global_colors_info=\"{}\"][\/et_pb_heading][et_pb_wpt_gravityform gravityform_id=\"gf-2\u2032\u2032 title=\"off\" description=\"off\" ajax=\"on\" _builder_version=\"4.27.4\u2032\u2032 _module_preset=\"default\" transform_scale=\"94%|94%\u2019 global_colors_info=\u2019{}\u2019][\/et_pb_wpt_gravityform][\/et_pb_column][et_pb_column type=\u20191_3\u2032\u2032 _builder_version=\u20194.25.1\u2032\u2032 _module_preset=\u2019default\u2019 global_colors_info=\u2019{}\u201d][et_pb_heading title=\u2019Quick Links\u2019 _builder_version=\u20194.27.4\u2032\u2032 _module_preset=\u201995956592-a1b1-43fb-aa7b-d69d7b858e52\u2032\u2032 title_font=\u2019Verdana \u2047 \u2019 title_text_color=\u2019#FFFFFF\" positioning=\"aucun\" custom_margin=\" \u2047 10px \u2047 46px \u2047 false \u2047 false\" custom_padding=\" \u2047 55px \u2047 \" lock=\"off\" global_colors_info=\"{}\"][\/et_pb_heading][et_pb_text _builder_version=\"4.27.4\u2032\u2032 _module_preset=\"01dbb295-3347-4b31-936e-cb09b186d00f\" text_font=\"Verdana \u2047 \" custom_margin=\" \u2047 8px \u2047 53px \u2047 false \u2047 false\" custom_padding=\" \u2047 75px \u2047 48px \u2047 \" link_option_url=\"https:\/\/euroguidance.ie\/en\/about\/\"]<\/p>\n<p>Euroguidance<\/p>\n<p>[\/et_pb_text][et_pb_text _builder_version=\"4.27.4\u2032\u2032 _module_preset=\"01dbb295-3347-4b31-936e-cb09b186d00f\" text_font=\"Verdana \u2047 \" custom_margin=\" \u2047 8px \u2047 50px \u2047 false \u2047 false\" custom_padding=\" \u2047 50px \u2047 \" link_option_url=\"https:\/\/euroguidance.ie\/en\/resources\/\"]<\/p>\n<p>Ressources<\/p>\n<p>[\/et_pb_text][et_pb_text _builder_version=\"4.27.4\u2032\u2032 _module_preset=\"01dbb295-3347-4b31-936e-cb09b186d00f\" text_font=\"Verdana \u2047 \" custom_margin=\" \u2047 8px \u2047 49px \u2047 false \u2047 false\" custom_padding=\" \u2047 51px \u2047 \" link_option_url=\"https:\/\/euroguidance.ie\/fr\/contact-us\/\"]<\/p>\n<p>Contact<\/p>\n<p>[\/et_pb_text][et_pb_text _builder_version=\"4.27.4\u2032\u2032 _module_preset=\"01dbb295-3347-4b31-936e-cb09b186d00f\" text_font=\"Verdana \u2047 \" custom_margin=\" \u2047 8px \u2047 51px \u2047 false \u2047 false\" custom_padding=\" \u2047 49px \u2047 \" link_option_url=\"https:\/\/euroguidance.ie\/privacy-statement\/\"]<\/p>\n<p>Politique de confidentialit\u00e9<\/p>\n<p>[\/et_pb_text][\/et_pb_column][et_pb_column type=\u201d1_3\u2032\u2032 _builder_version=\u201d4.25.1\u2032\u2032 _module_preset=\u201cdefault\u201d global_colors_info=\u201d{}][et_pb_image src=\u201chttps:\/\/euroguidance.ie\/wp-content\/uploads\/2026\/01\/EN_Co-Funded_by_the_EU_PANTONE-scaled.png\u201d alt=\u201cCo-Funded by European Union\u201d title_text=\u201cEN_Co-Funded_by_the_EU_PANTONE\u201d align=\u201ccenter\u201d _builder_version=\u201d4.27.4\u2032 _module_preset=\u201cdefault\u201d global_colors_info=\u201d{}\u201d[\/et_pb_image\/et_blumn]<\/p>","protected":false},"excerpt":{"rendered":"<p>En octobre 2025, Euroguidance Ireland a accueilli Academia Network en Irlande pour la r\u00e9union annuelle. La prochaine r\u00e9union du r\u00e9seau des universit\u00e9s aura lieu \u00e0 Luxembourg en 2026. Le groupe de travail interagences sur l\u2019orientation professionnelle (IAG CGWG), compos\u00e9 du Cedefop, de la Commission europ\u00e9enne, de l\u2019ETF, de l\u2019OIT, de l\u2019OCDE, de l\u2019UNESCO et de la Banque mondiale, a organis\u00e9 un deuxi\u00e8me mois mondial des carri\u00e8res en novembre 2025.\u202fPendant cette p\u00e9riode, les agences internationales [...]<\/p>","protected":false},"author":9,"featured_media":0,"parent":0,"menu_order":0,"comment_status":"closed","ping_status":"closed","template":"","meta":{"_et_pb_use_builder":"on","_et_pb_old_content":"<!-- wp:divi\/placeholder \/-->","_et_gb_content_width":"","footnotes":""},"class_list":["post-1207","page","type-page","status-publish","hentry"],"_links":{"self":[{"href":"https:\/\/euroguidance.ie\/fr\/wp-json\/wp\/v2\/pages\/1207","targetHints":{"allow":["GET"]}}],"collection":[{"href":"https:\/\/euroguidance.ie\/fr\/wp-json\/wp\/v2\/pages"}],"about":[{"href":"https:\/\/euroguidance.ie\/fr\/wp-json\/wp\/v2\/types\/page"}],"author":[{"embeddable":true,"href":"https:\/\/euroguidance.ie\/fr\/wp-json\/wp\/v2\/users\/9"}],"replies":[{"embeddable":true,"href":"https:\/\/euroguidance.ie\/fr\/wp-json\/wp\/v2\/comments?post=1207"}],"version-history":[{"count":13,"href":"https:\/\/euroguidance.ie\/fr\/wp-json\/wp\/v2\/pages\/1207\/revisions"}],"predecessor-version":[{"id":1378,"href":"https:\/\/euroguidance.ie\/fr\/wp-json\/wp\/v2\/pages\/1207\/revisions\/1378"}],"wp:attachment":[{"href":"https:\/\/euroguidance.ie\/fr\/wp-json\/wp\/v2\/media?parent=1207"}],"curies":[{"name":"wp","href":"https:\/\/api.w.org\/{rel}","templated":true}]}}