{"id":1205,"date":"2026-01-09T13:58:34","date_gmt":"2026-01-09T13:58:34","guid":{"rendered":"https:\/\/euroguidance.ie\/?page_id=1205"},"modified":"2026-01-15T13:00:34","modified_gmt":"2026-01-15T13:00:34","slug":"euroguidance-network","status":"publish","type":"page","link":"https:\/\/euroguidance.ie\/fr\/euroguidance-network\/","title":{"rendered":"R\u00e9seau Euroguidance"},"content":{"rendered":"<p>[et_pb_section fb_built=\u201d1\u2032\u2032 admin_label=\u201cHeader\u201d _builder_version=\u201d4.27.4\u2032\u2032 _module_preset=\u201ded3a2270-0d1b-4161-8645-f529b8b3c5c0\u2032\u2032 background_color_gradient_direction=\u201d193deg\u201d background_color_gradient_stops=\u201dgcid-d119accd-44d7-4f2f-b9d7-599c8463324b 0%\u2047 rgba(7,33,48,0.6) 37%\u2047 rgba(255,255,255,0) 62%\u2047 gcid-1cd7c6da-5fe0-4f78-8345-603cff3cbdfc 100%\u2019 background_image=\u2019https:\/\/euroguidance.ie\/wp-content\/uploads\/2025\/02\/students3.jpg\u2019 background_enable_image=\u2019on\u2019 parallax=\u2019on\u2019 background_blend=\u2019darken\u2019 min_height=\u2019332.6px\u2019 custom_margin=\u2019 \u2047 53px \u2047 \u2019 lock=\u2019off\u2019 collapsed=\u2019off\u2019 global_colors_info=\u2019{gcid-1f1bf5fb-a99d-4acc-8d9e-ddac074c158c:background_color_gradient_stops,background_color_gradient_stops,background_color_gradient_stops,gcid-4c79ba3d-a281-4fb6-9b14-02f9a4c793f2:background_color_gradient_stops,background_color_gradient_stops,background_color_gradient_stops,gcid-688c464a-d6f2-4296-b592-395352c71c79:background_color_gradient_stops,background_color_gradient_stops,background_color_gradient_stops,gcid-d119accd-44d7-4f2f-b9d7-599c8463324b:background_color_gradient_stops,background_color_gradient_stops,background_color_gradient_stops,gcid-2352d280-fe84-43b1-a71e-f400c35a526a:background_color_gradient_stops,gcid-9e22d70d-67ee-4430-bed3-4bc105d4ef1e:background_color_gradient_stops,gcid-1cd7c6da-5fe0-4f78-8345-603cff3cbdfc:background_color_gradient_stops}][et_pb_row _builder_version=\u20194.25.1\u2032\u2032 _module_preset=\u2019default\u2019 global_colors_info=\u2019{}][et_pb_column type=\u20194_4\u2032\u2032 _builder_version=\u20194.25.1\u2032\u2032 _module_preset=\u2019default\u2019 global_colors_info=\u2019{}][et_pb_heading title=\u2019Euroguidance Network\u2019 _builder_version=\u20194.27.4\u2032\u2032\u2032 _module_preset=\u2019be0d0648-3112-47a9-843b-14168fe1dabd\u2019 title_level=\u2019h2\u2032\u2032 title_font=\u2019Verdana \u2047 \u2019 title_text_align=\u2019center\u2019 title_text_color=\u2019#ededed\" title_font_size=\"60px\" background_color=\"RGBA(255,255,255,0)\" custom_margin=\"40px \u2047 10px \u2047 false \u2047 false\" title_font_size_tablet=\"45px\" title_font_size_phone=\"27px\" title_font_size_last_edited=\"on \u2047 phone\" global_colors_info=\"{gcid-12627f56-04f6-43cc-b53c-4ff92851d432:background_mask_color}][\/et_pb_heading][\/et_pb_column][\/et_pb_row][\/et_pb_section][et_pb_section fb_built=\u201d1\u2032\u2032 admin_label=\u201cGalerie\u201d _builder_version=\u201d4.27.4\u2032\u2032 _module_preset=\u201cdefault\u201d background_color=\u201d#FFFFFF\" custom_padding=\"0px \u2047 0px \u2047 \" animation_style=\"slide\" lock=\"off\" collapsed=\"on\" global_colors_info=\"{}][et_pb_row _builder_version=\"4.17.6\u2032\u2032 _module_preset=\"5138c454-be54-4233-bd3b-f8e6a8747976\u2032\u2032 lock=\"off\" global_colors_info=\"{}\"][et_pb_column type=\"4_4\u2032\u2032 _builder_version=\"4.17.4\u2032\u2032 _module_preset=\"73121f80-a3ef-4484-8763-c3f18e3c56d2\u2032\u2032_colors_info=\"}][etpb_heading title=\"Euroguidance Networks Meetings\" _builder=\"4.2\u20327.4\u2032 _module_preset=\"default\" title_font=\" \u2047 \" title_text_align=\"center\" title_text_color=\"#000000\u2032\u2032 background_color=\u00bb#FFFFFF\" largeur=\"54%\u201d max_width=\u201d79%\u2019 module_alignment=\u2019center\u2019 custom_margin=\u20190px \u2047 0px \u2047 false \u2047 false\u2019 custom_padding=\u201916px \u2047 12px \u2047 0px \u2047 false \u2047 false\u2019 border_color_all=\u2019#0C71C3\u2032\u2032 border_style_all=\"inset\" box_shadow_style=\"preset1\u2032\u2032 box_shadow_vertical=\"0px\" box_shadow_blur=\"6px\" box_shadow_position=\"inner\" global_colors_info=\"{}\"][\/et_pb_heading][et_pb_text _builder_version=\"4.27.4\u2032\u2032 _module_preset=\"default\" text_text_color=\"#000000\u2032\u2032 text_font_size=\u201d16px\u201d global_colors_info=\u201d{}\u201d]<\/p>\n<p><span>Les r\u00e9unions du r\u00e9seau Euroguidance rassemblent des coll\u00e8gues d'orientation de diff\u00e9rents pays europ\u00e9ens. Les r\u00e9unions donnent aux gens l'occasion de partager des id\u00e9es, des exp\u00e9riences et des bonnes pratiques en mati\u00e8re d'orientation, d'\u00e9ducation et de d\u00e9veloppement de carri\u00e8re. Les r\u00e9unions aident les pays \u00e0 apprendre les uns des autres et \u00e0 travailler ensemble sur des d\u00e9fis communs, tels que le soutien aux apprenants, l\u2019am\u00e9lioration des services d\u2019orientation et la promotion de la mobilit\u00e9 dans toute l\u2019Europe. <\/span><span>Ces r\u00e9unions tiennent \u00e9galement les membres inform\u00e9s des politiques et projets europ\u00e9ens en mati\u00e8re d'\u00e9ducation, de formation et d'orientation tout au long de la vie.<\/span><\/p>\n<ul><\/ul>\n<p>[\/et_pb_text][et_pb_gallery gallery_ids=\u201d1238,1239,1240,1241\u2032\u2032 _builder_version=\u201d4.27.4\u2032\u2032 _module_preset=\u201ddefault\u201d caption_text_color=\u201d#000000\u2032\u2032 pagination_text_color=\u00bb#000000\u2032\u2032 dbdb_image_count_text_color=\u00bb#000000\u2032\u2032 animation_style=\"zoom\" dbdb_version=\"4.12.2\u2032\u2032 dbdb_show_lightbox_title=\"off\" dbdb_show_lightbox_image_count=\"off\" dbdb_lightbox_background_color=\"#FFFFFF\u201d global_colors_info=\u201d{}\u201d][\/et_pb_gallery][et_pb_divider color=\u201d#004773\u2032\u2032 _builder_version=\u201d4.27.4\u2032\u2032 _module_preset=\u201cdefault\u201d global_colors_info=\u201d{}][\/et_pb_divider][\/et_pb_column][\/et_pb_row][et_pb_row _builder_version=\u201d4.27.4\u2032\u2032 _module_preset=\u201cdefault\u201d custom_margin=\u201d-59px \u2047 auto \u2047 \u201d global_colors_info=\u201d{}][et_pb_column type=\u201d4_4\u2032\u2032 _builder_version=\u201d4.27.4\u2032\u2032 _module_preset=\u201cdefault\u201d global_colors_info=\u201d{}][et_pb_heading title=\u201dEuroguidance Events\u201d _builder_version=\u201d4.27.4\u2032\u2032 _module_preset=\u201ddefault\u201d title_font=\u201d{}][et_pb_heading title=\u201d_texter=\u201d#000000\u2032\u2032 background_color=\u00bb#FFFFFF\" largeur=\"54%\u201d max_width=\u201d79%\u2019 module_alignment=\u2019center\u2019 custom_margin=\u20190px \u2047 0px \u2047 false \u2047 false\u2019 custom_padding=\u201916px \u2047 12px \u2047 0px \u2047 false \u2047 false\u2019 border_color_all=\u2019#0C71C3\u2032\u2032 border_style_all=\u2019inset\u2019 box_shadow_style=\u2019preset1\u2032\u2032 box_shadow_vertical=\u20190px\u2019 box_shadow_blur=\u20196px\u2019 box_shadow_position=\u2019inner\u2019 global_colors_info=\u2019{}][\/et_pb_heading][\/et_pb_column][\/et_pb_row][\/et_pb_section][et_pb_section fb_built=\u20191\u2032\u2032 _builder_version=\u2019\u20194.27.4\u2032\u2032 _module_preset=\u2019default\u2019 custom_padding=\u20196px \u2047 _set=\u2019off\u2019 global_colors_info=\u2019{}][et_pb_row column_structure=\u20191_2,1_2\u2032\u2032\u2032 _builder_version=\u2019\u20194.27.4\u2032\u2032_module_set====\u2019\u2019\u2019\u2019off\u2019 global_colors_info==\u2019\u2019\u2019\u2019\u2019\u2019\u2019\u2019\u2019\u2019\u2019\u2019\u2019\u2019\u2019\u2019\u2019\u2019\u2019\u2019\u2019\u2019\u2019\u2019\u2019\u2019\u2019\u2019\u2019\u2019\u2019\u2019\u2019\u2019_module\u2019\u2019\u2019\u2019\u2019\u2019\u2019\u2019\u2019\u2019\u2019\u2019\u2019\u2019\u2019\u2019\u2019\u2019\u2019\u2019\u2019\u2019\u2019\u2019\u2019\u2019\u2019\u2019\u2019\u2019\u2019\u2019\u2019\u2019\u2019\u2019\u2019\u2019\u2019\u2019\u2019\u2019\u2019\u2019\u2019\u2019\u2019\u2019\u2019\u2019\u2019\u2019\u2019\u2019\u2019\u2019\u2019\u2019\u2019\u2019\u2019\u2019\u2019\u2019\u2019\u2019\u2019\u2019\u2019\u2019\u2019\u2019\u2019\u2019\u2019\u2019\u2019\u2019\u2019\u2019\u2019\u2019\u2019\u2019\u2019\u2019\u2019\u2019\u2019\u2019\u2019\u2019\u2019\u2019\u2019\u2019\u2019\u2019\u2019\u2019\u2019\u2019\u2019\u2019\u2019\u2019\u2019\u2019\u2019\u2019\u2019\u2019\u2019\u2019\u2019\u2019\u2019\u2019\u2019\u2019\u2019\u2019\u2019\u2019\u2019\u2019\u2019\u2019\u2019\u2019\u2019\u2019\u2019\u2019\u2019\u2019\u2019\u2019\u2019\u2019\u2019\u2019\u2019\u2019\u2019\u2019\u2019\u2019\u2019\u2019\u2019\u2019\u2019\u2019\u2019\u2019\u2019\u2019\u2019\u2019\u2019\u2019\u2019\u2019\u2019\u2019\u2019\u2019\u2019\u2019\u2019\u2019\u2019\u2019\u2019\u2019\u2019\u2019\u2019\u2019\u2019\u2019\u2019\u2019\u2019\u2019\u2019\u2019\u2019\u2019\u2019\u2019\u2019\u2019\u2019\u2019\u2019\u2019\u2019\u2019\u2019\u2019\u2019\u2019\u2019\u2019\u2019\u2019\u2019\u2019\u2019\u2019\u2019\u2019\u2019\u2019\u2019\u2019\u2019\u2019\u2019\u2019\u2019\u2019\u2019\u2019\u2019\u2019\u2019\u2019\u2019\u2019\u2019\u2019\u2019\u2019\u2019\u2019\u2019\u2019\u2019\u2019\u2019\u2019\u2019\u2019\u2019\u2019\u2019\u2019\u2019\u2019\u2019\u2019\u2019\u2019\u2019\u2019\u2019\u2019\u2019\u2019\u2019\u2019\u2019\u2019\u2019\u2019\u2019\u2019\u2019\u2019\u2019\u2019\u2019\u2019\u2019\u2019\u2019\u2019\u2019\u2019\u2019\u2019\u2019\u2019\u2019\u2019\u2019\u2019\u2019\u2019\u2019\u2019\u2019\u2019\u2019\u2019\u2019\u2019\u2019\u2019\u2019\u2019\u2019\u2019\u2019\u2019\u2019\u2019\u2019\u2019\u2019\u2019\u2019\u2019\u2019\u2019\u2019\u2019\u2019\u2019\u2019\u2019\u2019\u2019\u2019\u2019\u2019\u2019\u2019\u2019\u2019\u2019\u2019\u2019\u2019\u2019\u2019\u2019\u2019\u2019\u2019\u2019\u2019\u2019\u2019\u2019\u2019\u2019\u2019\u2019\u2019\u2019\u2019\u2019\u2019\u2019\u2019\u2019\u2019\u2019\u2019\u2019\u2019\u2019\u2019\u2019\u2019\u2019\u2019\u2019\u2019\u2019\u2019\u2019\u2019\u2019\u2019\u2019\u2019\u2019\u2019\u2019\u2019\u2019\u2019\u2019\u2019\u2019\u2019\u2019\u2019\u2019\u2019\u2019\u2019\u2019\u2019\u2019\u2019\u2019\u2019\u2019\u2019\u2019\u2019\u2019\u2019\u2019\u2019\u2019\u2019\u2019\u2019\u2019\u2019\u2019\u2019\u2019\u2019\u2019\u2019\u2019\u2019\u2019\u2019\u2019\u2019\u2019\u2019\u2019\u2019\u2019\u2019\u2019\u2019\u2019\u2019\u2019\u2019\u2019\u2019\u2019\u2019\u2019\u2019\u2019\u2019\u2019\u2019\u2019\u2019\u2019\u2019\u2019\u2019\u2019\u2019\u2019\u2019\u2019\u2019\u2019\u2019\u2019\u2019\u2019\u2019\u2019\u2019\u2019\u2019\u2019\u2019\u2019\u2019\u2019\u2019\u2019\u2019\u2019\u2019\u2019\u2019\u2019\u2019\u2019\u2019\u2019\u2019\u2019\u2019\u2019\u2019\u2019\u2019\u2019\u2019\u2019\u2019\u2019\u2019\u2019\u2019\u2019\u2019\u2019\u2019\u2019\u2019\u2019\u2019\u2019\u2019\u2019\u2019\u2019\u2019\u2019\u2019\u2019\u2019\u2019\u2019\u2019\u2019\u2019\u2019\u2019\u2019\u2019\u2019\u2019\u2019\u2019\u2019\u2019\u2019\u2019\u2019\u2019\u2019\u2019\u2019\u2019\u2019\u2019\u2019\u2019\u2019\u2019\u2019\u2019\u2019\u2019\u2019\u2019\u2019\u2019\u2019\u2019\u2019\u2019\u2019\u2019\u2019\u2019\u2019\u2019\u2019\u2019\u2019\u2019\u2019\u2019\u2019\u2019\u2019\u2019\u2019\u2019\u2019\u2019\u2019\u2019\u2019\u2019\u2019\u2019\u2019\u2019\u2019\u2019\u2019\u2019\u2019\u2019\u2019\u2019\u2019\u2019\u2019\u2019\u2019\u2019\u2019\u2019\u2019\u2019\u2019\u2019\u2019\u2019\u2019\u2019\u2019\u2019\u2019\u2019\u2019\u2019\u2019\u2019\u2019\u2019\u2019\u2019\u2019\u2019\u2019\u2019\u2019\u2019\u2019\u2019\u2019\u2019\u2019\u2019\u2019\u2019\u2019\u2019\u2019\u2019\u2019\u2019\u2019\u2019\u2019\u2019\u2019\u2019\u2019\u2019\u2019\u2019\u2019\u2019\u2019\u2019\u2019\u2019\u2019\u2019\u2019\u2019\u2019\u2019\u2019\u2019\u2019\u2019\u2019\u2019\u2019\u2019\u2019\u2019\u2019\u2019\u2019\u2019\u2019\u2019\u2019\u2019\u2019\u2019\u2019\u2019\u2019\u2019\u2019\u2019\u2019\u2019\u2019\u2019\u2019\u2019\u2019\u2019\u2019\u2019\u2019\u2019\u2019\u2019\u2019\u2019\u2019\u2019\u2019\u2019\u2019\u2019\u2019\u2019\u2019\u2019\u2019\u2019\u2019\u2019\u2019\u2019\u2019\u2019\u2019\u2019\u2019\u2019\u2019\u2019#000000\u2032\u2032 global_colors_info=\u201d{}\u201d][\/et_pb_heading][et_pb_text _builder_version=\u201d4.27.4\u2032\u2032 _module_preset=\u201ddefault\u201d text_text_color=\u201d#000000\u2032\u2032 text_font_size=\u201d16px\u201d global_colors_info=\u201d{}\u201d]<\/p>\n<p><span data-contrast=\"auto\">NICE organise des acad\u00e9mies annuelles. NICE Academies sont des \u00e9v\u00e9nements structur\u00e9s d'apprentissage et de r\u00e9seautage pour les professionnels et les formateurs universitaires dans le domaine de l'orientation professionnelle et du conseil.\u00a0<\/span><span data-ccp-props=\"{}\">\u00a0<\/span><span data-ccp-props=\"{}\"><\/span><span data-contrast=\"auto\">NICE Academy 2025 a eu lieu \u00e0 La Valette, \u00e0 Malte, en septembre 2025. Il s'intitulait Orientation professionnelle pour un avenir durable - Collectivit\u00e9s, limites et transitions.\u00a0<\/span><span data-ccp-props=\"{}\">\u00a0<\/span><span data-contrast=\"auto\">Un programme de l'\u00e9v\u00e9nement peut \u00eatre trouv\u00e9\u00a0<\/span><a href=\"https:\/\/nice-network.eu\/.cm4all\/uproc.php\/0\/Malta2025\/Programme%20with%20abstracts%20V3-%20NICE%20Academy%202025_09_04.pdf?cdp=a&amp;_=19913ec7e50\"><span data-contrast=\"none\">ici<\/span><\/a><span data-contrast=\"auto\">\u00a0<\/span><span data-ccp-props=\"{}\">\u00a0<\/span><\/p>\n<p>[\/et_pb_text][\/et_pb_column][et_pb_column type=\u201d1_2\u2032\u2032 _builder_version=\u201d4.27.4\u2032\u2032 _module_preset=\u201ddefault\u201d global_colors_info=\u201d{}][et_pb_image src=\u201dhttps:\/\/euroguidance.ie\/wp-content\/uploads\/2026\/01\/Untitled-design-20-1.png\u201d title_text=\u201dUntitled design (20)\u201d align=\u201dcenter\u201d _builder_version=\u201d4.27.4\u2032\u2032 _module_preset=\u201ddefault\u201d width=\u201d56%\u2019 animation_style=\u2019zoom\u2019 global_colors_info=\u2019{}][\/et_pb_image][\/et_pb_column][\/et_pb_row][et_pb_row _builder_version=\u20194.27.4\u2032\u2032 _module_preset=\u2019default\u2019 global_colors_info=\u2019{}\u201d][et_pb_column type=\u20194_4\u2032\u2032 _builder_version=\u20194.27.4\u2032\u2032 _module_preset=\u2019default\u2019 global_colors_info=\u2019{}\u201d][et_pb_divider color=\u201d#000000\u2032\u2032 _builder_version=\u201d4.27.4\u2032\u2032 _module_preset=\u201ddefault\u201d global_colors_info=\u201d{}][\/et_pb_divider][\/et_pb_column][\/et_pb_row][et_pb_row column_structure=\u201d1_2,1_2\u2032\u2032 _builder_version=\u201d4.27.4\u2032\u2032 _module_preset=\u201ddefault\u201d global_colors_info=\u201d\u201d][et_pb_column type=\u201d1_2\u2032\u2032 _builder_version=\u201d4.27.4\u2032\u2032 _module_preset=\u201ddefault\u201d global_colors_info=\u201d{}][et_pb_heading title=\u201dIAEVG Conference 2024\u2032\u2032 _builder_version=\u201d4.27.4\u2032\u2032\u2032 _module_preset=\u201ddefault\u201d title_text_color=\u201d#000000\u2032\u2032 global_colors_info=\u201d{}\u201d][\/et_pb_heading][et_pb_text _builder_version=\u201d4.27.4\u2032\u2032 _module_preset=\u201ddefault\u201d text_text_color=\u201d#000000\u2032\u2032 text_font_size=\u201d16px\u201d global_colors_info=\u201d{}\u201d]<\/p>\n<p>La conf\u00e9rence 2024 de l\u2019IAVEG <span data-contrast=\"auto\">a \u00e9t\u00e9 organis\u00e9e par l'Institut finlandais de recherche en \u00e9ducation de l'Universit\u00e9 de Jyv\u00e4skyl\u00e4 en collaboration avec le minist\u00e8re finlandais de l'\u00e9ducation et de la culture et le minist\u00e8re finlandais de l'\u00e9conomie et de l'emploi et <\/span>a eu lieu \u00e0 Jyv\u00e4skyl\u00e4, en Finlande. Le th\u00e8me \u00e9tait \u00ab<strong>Monter la vague de changement<\/strong>&#8216;.<\/p>\n<p><span data-contrast=\"auto\">Euroguidance Ireland \u00e9tait heureuse de collaborer avec sa coll\u00e8gue finlandaise, Dr. Miika Kekki, en organisant un atelier lors de la conf\u00e9rence sur le \u00abMod\u00e8le de conseil en carri\u00e8re culturellement conscient\u00bb.\u00a0<\/span><span data-ccp-props=\"{}\">\u00a0<\/span><\/p>\n<p>[\/et_pb_text][\/et_pb_column][et_pb_column type=\u201d1_2\u2032\u2032 _builder_version=\u201d4.27.4\u2032\u2032 _module_preset=\u201ddefault\u201d global_colors_info=\u201d{}][et_pb_image src=\u201dhttps:\/\/euroguidance.ie\/wp-content\/uploads\/2026\/01\/Untitled-design-22.png\u201d title_text=\u201dUntitled design (22)\u201d align=\u201dcenter\u201d _builder_version=\u201d4.27.4\u2032\u2032 _module_preset=\u201ddefault\u201d width=\u201d56%\u201d custom_margin=\u201d61px \u2047 false \u2047 false\u201d animation_style=\u201dzoom\u201d global_colors_info=\u201d{}][\/et_pb_image][\/et_pb_column][\/et_pb_row][et_pb_row _builder_version=\u201d4.27.4\u2032\u2032 _module_preset=\u201ddefault\u201d global_colors_info=\u201d{}][et_pb_column type=\u201d4_4\u2032\u2032\u2032 _builder_version=\u201d4.27.4\u2032\u2032 _module_preset=\u201ddefault\u201d global_colors_info=\u201d{}\u201d][et_pb_divider color=\u201d#003556\u2032\u2032 _builder_version=\u201d4.27.4\u2032\u2032 _module_preset=\u201ddefault\u201d global_colors_info=\u201d{}][\/et_pb_divider][\/et_pb_column][\/et_pb_row][et_pb_row column_structure=\u201d1_2,1_2\u2032\u2032 _builder_version=\u201d4.27.4\u2032\u2032 _module_preset=\u201ddefault\u201d global_colors_info=\u201d{}][et_pb_column type=\u201d1_2\u2032\u2032 _builder_version=\u201d4.27.4\u2032\u2032 _module_preset=\u201ddefault\u201d global_colors_info=\u201d{}][et_pb_heading title=\u201dEuroguidance European Conference\u201d _builder_version=\u201d4.27.4\u2032\u2032\u2032 _ule_preset=\u201ddefault\u201d title_text=\u201d#000000\u2032\u2032 custom_margin=\u201977px \u2047 false \u2047 false\u2019 global_colors_info=\u2019{}\u2019][\/et_pb_heading][et_pb_text _builder_version=\u20194.27.4\u2032\u2032 _module_preset=\u2019default\u2019 text_text_color=\u201d#000000\u2032\u2032 text_font_size=\u201d16px\u201d global_colors_info=\u201d{}\u201d]<\/p>\n<p><b><span data-contrast=\"auto\">Soutenir l'orientation au sein de l'Union des comp\u00e9tences<\/span><\/b><span data-contrast=\"auto\">\u00a0a eu lieu \u00e0 Riga, en Lettonie, en novembre 2025.\u00a0<\/span><span data-ccp-props=\"{}\">\u00a0<\/span><\/p>\n<p>[\/et_pb_text][\/et_pb_column][et_pb_column type=\u201d1_2\u2032\u2032 _builder_version=\u201d4.27.4\u2032\u2032 _module_preset=\u201ddefault\u201d global_colors_info=\u201d{}][et_pb_image src=\u201dhttps:\/\/euroguidance.ie\/wp-content\/uploads\/2026\/01\/Untitled-design-21-1.png\u201d title_text=\u201dUntitled design (21)\u201d align=\u201dcenter\u201d _builder_version=\u201d4.27.4\u2032\u2032 _module_preset=\u201ddefault\u201d width=\u201d56%\" custom_margin=\"49px \u2047 false \u2047 false\" animation_style=\"zoom\" global_colors_info=\"{}\"][\/et_pb_image][\/et_pb_column][\/et_pb_row][et_pb_row _builder_version=\"4.27.4\u2032\u2032 _module_preset=\"default\" global_colors_info=\"{}\"][et_pb_column type=\"4_4\u2032\u2032 _builder_version=\"4.27.4\u2032\u2032 _module_preset=\"default\" global_colors_info=\"{}\"][et_pb_divider color=\"#003556\u2019\u2019\u2019 _builder_version==============================================================================================================================================================================================================================================================================================================================================================================================================================================================================================================================================================================================================================================================================================================================================================================================================================================================================================================================================================================================================================================================================================================================================================================___________________________________________________________________________________________________________________________________________________________________________________________________________________________________________________________________#FFFFFF\" custom_margin=\" \u2047 -20px \u2047 \" global_colors_info=\"{}\"][\/et_pb_heading][et_pb_wpt_gravityform gravityform_id=\"gf-2\u2032\u2032 title=\"off\" description=\"off\" ajax=\"on\" _builder_version=\"4.27.4\u2032\u2032 _module_preset=\"default\" transform_scale=\"94%|94%\u2019 global_colors_info=\u2019{}\u2019][\/et_pb_wpt_gravityform][\/et_pb_column][et_pb_column type=\u20191_3\u2032\u2032 _builder_version=\u20194.25.1\u2032\u2032 _module_preset=\u2019default\u2019 global_colors_info=\u2019{}\u201d][et_pb_heading title=\u2019Quick Links\u2019 _builder_version=\u20194.27.4\u2032\u2032 _module_preset=\u201995956592-a1b1-43fb-aa7b-d69d7b858e52\u2032\u2032 title_font=\u2019Verdana \u2047 \u2019 title_text_color=\u2019#FFFFFF\" positioning=\"aucun\" custom_margin=\" \u2047 10px \u2047 46px \u2047 false \u2047 false\" custom_padding=\" \u2047 55px \u2047 \" lock=\"off\" global_colors_info=\"{}\"][\/et_pb_heading][et_pb_text _builder_version=\"4.27.4\u2032\u2032 _module_preset=\"01dbb295-3347-4b31-936e-cb09b186d00f\" text_font=\"Verdana \u2047 \" custom_margin=\" \u2047 8px \u2047 53px \u2047 false \u2047 false\" custom_padding=\" \u2047 75px \u2047 48px \u2047 \" link_option_url=\"https:\/\/euroguidance.ie\/en\/about\/\"]<\/p>\n<p>Euroguidance<\/p>\n<p>[\/et_pb_text][et_pb_text _builder_version=\"4.27.4\u2032\u2032 _module_preset=\"01dbb295-3347-4b31-936e-cb09b186d00f\" text_font=\"Verdana \u2047 \" custom_margin=\" \u2047 8px \u2047 50px \u2047 false \u2047 false\" custom_padding=\" \u2047 50px \u2047 \" link_option_url=\"https:\/\/euroguidance.ie\/en\/resources\/\"]<\/p>\n<p>Ressources<\/p>\n<p>[\/et_pb_text][et_pb_text _builder_version=\"4.27.4\u2032\u2032 _module_preset=\"01dbb295-3347-4b31-936e-cb09b186d00f\" text_font=\"Verdana \u2047 \" custom_margin=\" \u2047 8px \u2047 49px \u2047 false \u2047 false\" custom_padding=\" \u2047 51px \u2047 \" link_option_url=\"https:\/\/euroguidance.ie\/fr\/contact-us\/\"]<\/p>\n<p>Contact<\/p>\n<p>[\/et_pb_text][et_pb_text _builder_version=\"4.27.4\u2032\u2032 _module_preset=\"01dbb295-3347-4b31-936e-cb09b186d00f\" text_font=\"Verdana \u2047 \" custom_margin=\" \u2047 8px \u2047 51px \u2047 false \u2047 false\" custom_padding=\" \u2047 49px \u2047 \" link_option_url=\"https:\/\/euroguidance.ie\/privacy-statement\/\"]<\/p>\n<p>Politique de confidentialit\u00e9<\/p>\n<p>[\/et_pb_text][\/et_pb_column][et_pb_column type=\u201d1_3\u2032\u2032 _builder_version=\u201d4.25.1\u2032\u2032 _module_preset=\u201cdefault\u201d global_colors_info=\u201d{}][et_pb_image src=\u201chttps:\/\/euroguidance.ie\/wp-content\/uploads\/2026\/01\/EN_Co-Funded_by_the_EU_PANTONE-scaled.png\u201d alt=\u201cCo-Funded by European Union\u201d title_text=\u201cEN_Co-Funded_by_the_EU_PANTONE\u201d align=\u201ccenter\u201d _builder_version=\u201d4.27.4\u2032 _module_preset=\u201cdefault\u201d global_colors_info=\u201d{}\u201d[\/et_pb_image\/et_blumn]<\/p>","protected":false},"excerpt":{"rendered":"<p>Les r\u00e9unions du r\u00e9seau Euroguidance rassemblent des coll\u00e8gues d'orientation de diff\u00e9rents pays europ\u00e9ens. Les r\u00e9unions donnent aux gens l'occasion de partager des id\u00e9es, des exp\u00e9riences et des bonnes pratiques en mati\u00e8re d'orientation, d'\u00e9ducation et de d\u00e9veloppement de carri\u00e8re. Les r\u00e9unions aident les pays \u00e0 apprendre les uns des autres et \u00e0 travailler ensemble sur des d\u00e9fis communs, tels que le soutien aux apprenants, l'am\u00e9lioration des services d'orientation et la promotion de la mobilit\u00e9 [...]<\/p>","protected":false},"author":9,"featured_media":0,"parent":0,"menu_order":0,"comment_status":"closed","ping_status":"closed","template":"","meta":{"_et_pb_use_builder":"on","_et_pb_old_content":"<!-- wp:divi\/placeholder \/-->","_et_gb_content_width":"","footnotes":""},"class_list":["post-1205","page","type-page","status-publish","hentry"],"_links":{"self":[{"href":"https:\/\/euroguidance.ie\/fr\/wp-json\/wp\/v2\/pages\/1205","targetHints":{"allow":["GET"]}}],"collection":[{"href":"https:\/\/euroguidance.ie\/fr\/wp-json\/wp\/v2\/pages"}],"about":[{"href":"https:\/\/euroguidance.ie\/fr\/wp-json\/wp\/v2\/types\/page"}],"author":[{"embeddable":true,"href":"https:\/\/euroguidance.ie\/fr\/wp-json\/wp\/v2\/users\/9"}],"replies":[{"embeddable":true,"href":"https:\/\/euroguidance.ie\/fr\/wp-json\/wp\/v2\/comments?post=1205"}],"version-history":[{"count":10,"href":"https:\/\/euroguidance.ie\/fr\/wp-json\/wp\/v2\/pages\/1205\/revisions"}],"predecessor-version":[{"id":1374,"href":"https:\/\/euroguidance.ie\/fr\/wp-json\/wp\/v2\/pages\/1205\/revisions\/1374"}],"wp:attachment":[{"href":"https:\/\/euroguidance.ie\/fr\/wp-json\/wp\/v2\/media?parent=1205"}],"curies":[{"name":"wp","href":"https:\/\/api.w.org\/{rel}","templated":true}]}}