{"id":1098,"date":"2026-01-08T15:09:42","date_gmt":"2026-01-08T15:09:42","guid":{"rendered":"https:\/\/euroguidance.ie\/?page_id=1098"},"modified":"2026-01-15T12:39:34","modified_gmt":"2026-01-15T12:39:34","slug":"articles","status":"publish","type":"page","link":"https:\/\/euroguidance.ie\/fr\/articles\/","title":{"rendered":"Articles"},"content":{"rendered":"<p>[et_pb_section fb_built=\u201d1\u2032\u2032 admin_label=\u201cHeader\u201d _builder_version=\u201d4.27.4\u2032\u2032 _module_preset=\u201ded3a2270-0d1b-4161-8645-f529b8b3c5c0\u2032\u2032 background_color_gradient_direction=\u201d193deg\u201d background_color_gradient_stops=\u201dgcid-d119accd-44d7-4f2f-b9d7-599c8463324b 0%\u2047 rgba(7,33,48,0.6) 37%\u2047 rgba(255,255,255,0) 62%\u2047 gcid-1cd7c6da-5fe0-4f78-8345-603cff3cbdfc 100%\u2019 background_image=\u2019https:\/\/euroguidance.ie\/wp-content\/uploads\/2025\/02\/students3.jpg\u2019 background_enable_image=\u2019on\u2019 parallax=\u2019on\u2019 background_blend=\u2019darken\u2019 min_height=\u2019332.6px\u2019 custom_margin=\u2019 \u2047 53px \u2047 \u2019 lock=\u2019off\u2019 collapsed=\u2019off\u2019 global_colors_info=\u2019{gcid-1f1bf5fb-a99d-4acc-8d9e-ddac074c158c:background_color_gradient_stops,background_color_gradient_stops,background_color_gradient_stops,gcid-4c79ba3d-a281-4fb6-9b14-02f9a4c793f2:background_color_gradient_stops,background_color_gradient_stops,background_color_gradient_stops,gcid-688c464a-d6f2-4296-b592-395352c71c79:background_color_gradient_stops,background_color_gradient_stops,background_color_gradient_stops,gcid-d119accd-44d7-4f2f-b9d7-599c8463324b:background_color_gradient_stops,background_color_gradient_stops,background_color_gradient_stops,gcid-2352d280-fe84-43b1-a71e-f400c35a526a:background_color_gradient_stops,gcid-9e22d70d-67ee-4430-bed3-4bc105d4ef1e:background_color_gradient_stops,gcid-1cd7c6da-5fe0-4f78-8345-603cff3cbdfc:background_color_gradient_stops}][et_pb_row _builder_version=\u201d4.25.1\u2032\u2032 _module_preset=\u201ddefault\u201d global_colors_info=\u201d{}][et_pb_column type=\u201d4_4\u2032\u2032 _builder_version=\u201d4.25.1\u2032\u2032 _module_preset=\u201ddefault\u201d global_colors_info=\u201d{}][et_pb_heading title=\u201dArticles\u201d _builder_version=\u201d4.27.4\u2032\u2032\u2032 _module_preset=\u201dbe0d0648-3112-47a9-843b-14168fe1dabd\u201d title_level=\u201dh2\u2032\u2032 title_font=\u201dVerdana \u2047 \u201d title_text_align=\u201dcenter\u201d title_text_color=\u201d#ededed\" title_font_size=\"60px\" background_color=\"RGBA(255,255,255,0)\" custom_margin=\"40px \u2047 10px \u2047 false \u2047 false\" title_font_size_tablet=\"45px\" title_font_size_phone=\"27px\" title_font_size_last_edited=\"on \u2047 phone\" global_colors_info=\"{gcid-12627f56-04f6-43cc-b53c-4ff92851d432:background_mask_color}\u2019][\/et_pb_heading][\/et_pb_column][\/et_pb_row][\/et_pb_section][et_pb_section fb_built=\u20191\u2032\u2032 _builder_version=\u20194.27.4\u2032\u2032 _module_preset=\u2019default\u2019 custom_padding=\u20196px \u2047 0px \u2047 \u2019 lock=\u2019off\u2019 global_colors_info=\u2019{}][et_pb_row column_structure=\u20191_2,1_2\u2032\u2032 _builder_version=\u20194.27.4\u2032\u2032 _module_preset=\u2019default\u2019 global_colors_info=\u2019{}][et_pb_column type=\u20191_2\u2032\u2032 _builder_version=\u2019\u20194.27.4\u2032\u2032 _module_preset=default\u2019\u2019_colors_info=\u2019{}][et_pb_column type=\u20191_2\u2032\u2032 _builder_version=\u2019\u2019\u20194.27.4\u2032 _module_default\u2019#000000\u2032\u2032 global_colors_info=\u201d{}\u201d][\/et_pb_heading][et_pb_text _builder_version=\u201d4.27.4\u2032\u2032 _module_preset=\u201ddefault\u201d text_text_color=\u201d#000000\u2032\u2032 text_font_size=\u201d16px\u201d global_colors_info=\u201d{}\u201d]<\/p>\n<p><strong data-start=\"164\" data-end=\"186\">Le MAGAZINE IAEVG<\/strong><span> est notre publication num\u00e9rique triennale con\u00e7ue pour connecter, informer et inspirer les professionnels du monde entier.<\/span><\/p>\n<p><a href=\"https:\/\/euroguidance.ie\/wp-content\/uploads\/2026\/01\/iaevg_magazine.pdf\"><span style=\"color: #800000;\">\u2192 T\u00e9l\u00e9charger une copie ici<\/span><\/a><\/p>\n<p>[\/et_pb_text][et_pb_button button_url=\u201chttps:\/\/iaevg.com\/IAEVG-Magazine\u201d url_new_window=\u201con\u201d button_text=\u201cEn savoir plus\u201d _builder_version=\u201c4.27.4\u2032\u2032 _module_preset=\u201cdefault\u201d custom_button=\u201con\u201d button_text_color=\u201d#004773\u2032\u2032 button_border_color=\u00bb#004773\u2032\u2032 button_icon_color=\u00bb#004773\u2032\u2032 button_on_hover=\u2019off\u2019 global_colors_info=\u2019{}][\/et_pb_button][\/et_pb_column][et_pb_column type=\u20191_2\u2032\u2032 _builder_version=\u20194.27.4\u2032\u2032 _module_preset=\u2019default\u2019 global_colors_info=\u2019{}][et_pb_image src=\u2019https:\/\/euroguidance.ie\/wp-content\/uploads\/2026\/01\/Untitled-design-26.png\u2019 title_text=\u2019Untitled design (26)\u2019\u2019 align=\u2019center\u2019 _builder_version=\u20194.27.4\u2032\u2032 _module_preset=\u2019default\u2019 animation_style=\u2019\u2019zoom\u2019 global_colors_info=\u2019{}\u2019[et_pbimage]\/[et_blum_colum][et_brow_brow] _builder_version=\u20194.27.4\u2032\u2032 _module_preset=\u2019default\u2019 global_colors_info=\u2019{}\u2019][et_pb_column type=\u20194_4\u2032\u2032 _builder_version=\u20194.27.4\u2032\u2032 _module_preset=\u2019default\u2019 global_colors_info=\u2019{}\u2019][et_pb_divider color=\u201d#003556\u2032\u2032 _builder_version=\u20194.27.4\u2032\u2032 _module_preset=\u2019default\u2019 global_colors_info=\u2019{}][\/et_pb_divider][\/et_pb_column][\/et_pb_row][\/et_pb_section][et_pb_section fb_built=\u20191\u2032\u2032 _builder_version=\u20194.27.4\u2032\u2032 _module_preset=\u2019default\u2019 custom_padding=\u20196px \u2047 \u2019 lock=\u2019off\u2019\u2019 global_colors_info=\u2019{}][et_pb_row column_structure=\u20191_2,1_2\u2032\u2032\u2032 _builder_version=\u20194.27.4\u2032\u2032\u2032 _module_preset=\u2019\u2019\u2019\u2019default\u2019\u2019\u2019 global_colors_info=\u2019{}][et_pb_column= type\u20191_2\u2032\u2032 _builder_version=\u2019\u20194.27\u2032\u2032#000000\u2032\u2032 global_colors_info=\u201d{}\u201d][\/et_pb_heading][et_pb_text _builder_version=\u201d4.27.4\u2032\u2032 _module_preset=\u201ddefault\u201d text_text_color=\u201d#000000\u2032\u2032 text_font_size=\u201916px\u2019 hover_enabled=\u20190\u2032\u2032 global_colors_info=\u2019{}\u2019 sticky_enabled=\u20190\u2032\u2032]<\/p>\n<p><span data-teams=\"true\">L\u2019Europe est ouverte \u00e0 vous est une ressource sur les possibilit\u00e9s et les soutiens europ\u00e9ens pour les jeunes et les jeunes adultes \u00e2g\u00e9s de 18 \u00e0 30 ans, principalement. Cette brochure contient des informations, des conseils, des sites Web utiles et des liens vers des services tels qu'Euroguidance Ireland, qui peuvent \u00eatre contact\u00e9s pour plus d'informations sur le volontariat, le travail, la formation, les \u00e9tudes ou les voyages en Europe.<\/span><\/p>\n<p><span style=\"color: #800000;\"><a href=\"https:\/\/euroguidance.ie\/wp-content\/uploads\/2026\/01\/179164-Leargas-Booklet-1-1.pdf\" style=\"color: #800000;\">\u2192 T\u00e9l\u00e9charger une copie ici<\/a><\/span><\/p>\n<p>[\/et_pb_text][et_pb_button button_url=\"https:\/\/eurodesk.ie\/europe-is-open-to-you-guide\/\" url_new_window=\"on\" button_text=\"En savoir plus\" _builder_version=\"4.27.4\u2032\u2032 _module_preset=\"default\" custom_button=\"on\" button_text_color=\"#004773\u2032\u2032 button_border_color=\u00bb#004773\u2032\u2032 button_icon_color=\u00bb#004773\u2032\u2032 button_on_hover=\u2019off\u2019 global_colors_info=\u2019{}][\/et_pb_button][\/et_pb_column][et_pb_column type=\u20191_2\u2032\u2032 _builder_version=\u20194.27.4\u2032\u2032 _module_preset=\u2019default\u2019 global_colors_info=\u2019{}][et_pb_image src=\u2019https:\/\/euroguidance.ie\/wp-content\/uploads\/2026\/01\/Untitled-design-25.png\u2019 title_text=\u2019Untitled design (25)\u2019\u2019 align=\u2019center\u2019 _builder_version=\u20194.27.4\u2032\u2032\u2032 _module_preset=\u2019default\u2019 animation_style=\u2019\u2019zoom\u2019 global_colors_info=\u2019{}\u2019[\/et_pbimage]\/[et_pblumn] _builder_version=\u20194.27.4\u2032\u2032 _module_preset=\u2019default\u2019 global_colors_info=\u2019{}\u2019][et_pb_column type=\u20194_4\u2032\u2032 _builder_version=\u20194.27.4\u2032\u2032 _module_preset=\u2019default\u2019 global_colors_info=\u2019{}\u2019][et_pb_divider color=\u201d#003556\u2019\u2019\u2019 _builder_version==============================================================================================================================================================================================================================================================================================================================================================================================================================================================================================================================================================================================================================================================================================================================================================================================================================================================================================================================================================================================================================================================================================================================================================================___________________________________________________________________________________________________________________________________________________________________________________________________________________________________________________________________#FFFFFF\" custom_margin=\" \u2047 -20px \u2047 \" global_colors_info=\"{}\"][\/et_pb_heading][et_pb_wpt_gravityform gravityform_id=\"gf-2\u2032\u2032 title=\"off\" description=\"off\" ajax=\"on\" _builder_version=\"4.27.4\u2032\u2032 _module_preset=\"default\" transform_scale=\"94%|94%\u2019 global_colors_info=\u2019{}\u2019][\/et_pb_wpt_gravityform][\/et_pb_column][et_pb_column type=\u20191_3\u2032\u2032 _builder_version=\u20194.25.1\u2032\u2032 _module_preset=\u2019default\u2019 global_colors_info=\u2019{}\u201d][et_pb_heading title=\u2019Quick Links\u2019 _builder_version=\u20194.27.4\u2032\u2032 _module_preset=\u201995956592-a1b1-43fb-aa7b-d69d7b858e52\u2032\u2032 title_font=\u2019Verdana \u2047 \u2019 title_text_color=\u2019#FFFFFF\" positioning=\"aucun\" custom_margin=\" \u2047 10px \u2047 46px \u2047 false \u2047 false\" custom_padding=\" \u2047 55px \u2047 \" lock=\"off\" global_colors_info=\"{}\"][\/et_pb_heading][et_pb_text _builder_version=\"4.27.4\u2032\u2032 _module_preset=\"01dbb295-3347-4b31-936e-cb09b186d00f\" text_font=\"Verdana \u2047 \" custom_margin=\" \u2047 8px \u2047 53px \u2047 false \u2047 false\" custom_padding=\" \u2047 75px \u2047 48px \u2047 \" link_option_url=\"https:\/\/euroguidance.ie\/en\/about\/\"]<\/p>\n<p>Euroguidance<\/p>\n<p>[\/et_pb_text][et_pb_text _builder_version=\"4.27.4\u2032\u2032 _module_preset=\"01dbb295-3347-4b31-936e-cb09b186d00f\" text_font=\"Verdana \u2047 \" custom_margin=\" \u2047 8px \u2047 50px \u2047 false \u2047 false\" custom_padding=\" \u2047 50px \u2047 \" link_option_url=\"https:\/\/euroguidance.ie\/en\/resources\/\"]<\/p>\n<p>Ressources<\/p>\n<p>[\/et_pb_text][et_pb_text _builder_version=\"4.27.4\u2032\u2032 _module_preset=\"01dbb295-3347-4b31-936e-cb09b186d00f\" text_font=\"Verdana \u2047 \" custom_margin=\" \u2047 8px \u2047 49px \u2047 false \u2047 false\" custom_padding=\" \u2047 51px \u2047 \" link_option_url=\"https:\/\/euroguidance.ie\/fr\/contact-us\/\"]<\/p>\n<p>Contact<\/p>\n<p>[\/et_pb_text][et_pb_text _builder_version=\"4.27.4\u2032\u2032 _module_preset=\"01dbb295-3347-4b31-936e-cb09b186d00f\" text_font=\"Verdana \u2047 \" custom_margin=\" \u2047 8px \u2047 51px \u2047 false \u2047 false\" custom_padding=\" \u2047 49px \u2047 \" link_option_url=\"https:\/\/euroguidance.ie\/privacy-statement\/\"]<\/p>\n<p>Politique de confidentialit\u00e9<\/p>\n<p>[\/et_pb_text][\/et_pb_column][et_pb_column type=\u201d1_3\u2032\u2032 _builder_version=\u201d4.25.1\u2032\u2032 _module_preset=\u201cdefault\u201d global_colors_info=\u201d{}][et_pb_image src=\u201chttps:\/\/euroguidance.ie\/wp-content\/uploads\/2026\/01\/EN_Co-Funded_by_the_EU_PANTONE-scaled.png\u201d alt=\u201cCo-Funded by European Union\u201d title_text=\u201cEN_Co-Funded_by_the_EU_PANTONE\u201d align=\u201ccenter\u201d _builder_version=\u201d4.27.4\u2032 _module_preset=\u201cdefault\u201d global_colors_info=\u201d{}\u201d[\/et_pb_image\/et_blumn]<\/p>","protected":false},"excerpt":{"rendered":"<p>L'IAEVG MAGAZINE est notre publication num\u00e9rique triennale con\u00e7ue pour connecter, informer et inspirer les professionnels du monde entier. \u2192 T\u00e9l\u00e9charger un exemplaire iciL\u2019Europe est ouverte \u00e0 vous est une ressource sur les possibilit\u00e9s et les soutiens europ\u00e9ens pour les jeunes et les jeunes adultes \u00e2g\u00e9s de 18 \u00e0 30 ans principalement. Ce livret contient des informations, des conseils, des sites Web utiles et des liens vers des services [...]<\/p>","protected":false},"author":9,"featured_media":0,"parent":0,"menu_order":0,"comment_status":"closed","ping_status":"closed","template":"","meta":{"_et_pb_use_builder":"on","_et_pb_old_content":"<!-- wp:divi\/placeholder \/-->","_et_gb_content_width":"","footnotes":""},"class_list":["post-1098","page","type-page","status-publish","hentry"],"_links":{"self":[{"href":"https:\/\/euroguidance.ie\/fr\/wp-json\/wp\/v2\/pages\/1098","targetHints":{"allow":["GET"]}}],"collection":[{"href":"https:\/\/euroguidance.ie\/fr\/wp-json\/wp\/v2\/pages"}],"about":[{"href":"https:\/\/euroguidance.ie\/fr\/wp-json\/wp\/v2\/types\/page"}],"author":[{"embeddable":true,"href":"https:\/\/euroguidance.ie\/fr\/wp-json\/wp\/v2\/users\/9"}],"replies":[{"embeddable":true,"href":"https:\/\/euroguidance.ie\/fr\/wp-json\/wp\/v2\/comments?post=1098"}],"version-history":[{"count":8,"href":"https:\/\/euroguidance.ie\/fr\/wp-json\/wp\/v2\/pages\/1098\/revisions"}],"predecessor-version":[{"id":1362,"href":"https:\/\/euroguidance.ie\/fr\/wp-json\/wp\/v2\/pages\/1098\/revisions\/1362"}],"wp:attachment":[{"href":"https:\/\/euroguidance.ie\/fr\/wp-json\/wp\/v2\/media?parent=1098"}],"curies":[{"name":"wp","href":"https:\/\/api.w.org\/{rel}","templated":true}]}}