{"id":983,"date":"2025-12-15T12:11:50","date_gmt":"2025-12-15T12:11:50","guid":{"rendered":"https:\/\/euroguidance.ie\/?page_id=983"},"modified":"2026-01-14T15:10:13","modified_gmt":"2026-01-14T15:10:13","slug":"privacy-statement","status":"publish","type":"page","link":"https:\/\/euroguidance.ie\/es\/privacy-statement\/","title":{"rendered":"Declaraci\u00f3n de privacidad"},"content":{"rendered":"<p>[et_pb_section fb_built=\u201d1\u2032\u2032 theme_builder_area=\u201dpost_content\u201d _builder_version=\u201d4.27.4\u2032\u2032 _module_preset=\u201ddefault\u201d][et_pb_row _builder_version=\u201d4.27.4\u2032\u2032 _module_preset=\u201ddefault\u201d theme_builder_area=\u201dpost_content\u201d][et_pb_column _builder_version=\u201d4.27.4\u2032\u2032 _module_preset=\u201ddefault\u201d type=\u201d4_4\u2032\u2032 theme_builder_area=\u201dpost_content\u201d][et_pb_text _builder_version=\u201d4.27.4\u2032\u2032\u2032\u2032 _module_preset=\u201ddefault\u201d theme_builder_area=\u201dpost_content\u201d ho_verabled=\u201d0\u2032\u2032 stick_enyable=\u201d0\u2032<\/p>\n<p><strong>Declaraci\u00f3n de protecci\u00f3n de datos para el sitio web de Euroguidance operado por ETBI<\/strong><\/p>\n<ol>\n<li><strong> <\/strong><strong>\u00bfQu\u00e9 es Education and Training Boards Ireland?<\/strong><\/li>\n<\/ol>\n<p>El principal objetivo de las Juntas de Educaci\u00f3n y Formaci\u00f3n de Irlanda (ETBI) es el avance de la educaci\u00f3n y la formaci\u00f3n, representar colectivamente a las Juntas de Educaci\u00f3n y Formaci\u00f3n y promover el desarrollo de la educaci\u00f3n, la formaci\u00f3n y el trabajo en el \u00e1mbito de la juventud en Irlanda. El sitio web de Euroguidance Ireland (en lo sucesivo, \u00absitio web\u00bb) est\u00e1 gestionado por ETBI, que es responsable del tratamiento de datos en virtud de los Reglamentos Generales de Protecci\u00f3n de Datos (en lo sucesivo, \u00abRGPD\u00bb) y de las Leyes de Protecci\u00f3n de Datos 1988-2018.<\/p>\n<p>&nbsp;<\/p>\n<ol start=\"2\">\n<li><strong> <\/strong><strong>\u00bfCu\u00e1l es el alcance de esta Declaraci\u00f3n de Protecci\u00f3n de Datos?<\/strong><\/li>\n<\/ol>\n<p>La presente declaraci\u00f3n de protecci\u00f3n de datos se aplica a las pr\u00e1cticas de ETBI en relaci\u00f3n con el sitio web. ETBI no se hace responsable del contenido o las pr\u00e1cticas de privacidad de otros sitios web. Cualquier enlace externo a otros sitios web es claramente identificable como tal.<\/p>\n<p>Esta Declaraci\u00f3n de protecci\u00f3n de datos se aplica a toda la informaci\u00f3n que recopilamos sobre: (i) los visitantes de nuestros sitios web y (ii) los usuarios que se registran y utilizan nuestros servicios.<\/p>\n<p>&nbsp;<\/p>\n<ol start=\"3\">\n<li><strong> <\/strong><strong>\u00bfPor qu\u00e9 ETBI est\u00e1 procesando sus datos personales?<\/strong><\/li>\n<\/ol>\n<p>ETBI se compromete a preservar la privacidad de todos los visitantes de nuestro sitio web y respeta su derecho a la privacidad.\u00a0 No recopilaremos informaci\u00f3n\/datos personales sobre usted cuando visite el sitio web a menos que decida facilitar dicha informaci\u00f3n utilizando el formulario \u00abCont\u00e1ctenos\u00bb.\u00a0 Cualquier dato personal que nos proporcione durante el uso del sitio web se utilizar\u00e1 de acuerdo con el prop\u00f3sito espec\u00edfico para el que lo proporcion\u00f3 (<em>p. ej.<\/em> para ponerse en contacto con usted y responder a cualquier consulta que haya planteado en el formulario \u00abCont\u00e1ctenos\u00bb o para responder a cualquier otra observaci\u00f3n que nos env\u00ede en el formulario \u00abCont\u00e1ctenos\u00bb).<\/p>\n<p>Utilizamos sus datos para responder a consultas, operar y mejorar el sitio web, y llevar a cabo nuestras funciones de informaci\u00f3n p\u00fablica y orientaci\u00f3n.<\/p>\n<p>&nbsp;<\/p>\n<ol start=\"4\">\n<li><strong> <\/strong><strong>\u00bfQu\u00e9 datos personales recopila ETBI sobre usted?<\/strong><\/li>\n<\/ol>\n<p>ETBI recopila y conserva datos personales que incluyen informaci\u00f3n necesaria para identificarlo, sus datos de contacto e informaci\u00f3n relacionada con las comunicaciones que pueda tener con ETBI. Tambi\u00e9n podemos recopilar datos personales de usted cuando utiliza el sitio web o cuando se pone en contacto con nosotros. Podemos recopilar la siguiente informaci\u00f3n que puede contener datos personales:<\/p>\n<ul>\n<li>Nombre, direcci\u00f3n, direcci\u00f3n de correo electr\u00f3nico, n\u00famero de tel\u00e9fono.<\/li>\n<li>Informaci\u00f3n sobre su uso del sitio web.<\/li>\n<li>Comunicaciones con ETBI o directamente a nosotros a trav\u00e9s de cartas, correos electr\u00f3nicos, llamadas y redes sociales.<\/li>\n<\/ul>\n<p>Los datos personales que se proporcionan a ETBI solo ser\u00e1n utilizados por ETBI para los fines para los que fueron proporcionados.<\/p>\n<p>&nbsp;<\/p>\n<ol start=\"5\">\n<li><strong> <\/strong><strong>\u00bfCu\u00e1l es la base jur\u00eddica para el tratamiento de sus datos personales por parte de ETBI?<\/strong><\/li>\n<\/ol>\n<p>Al utilizar el sitio web, se le solicitar\u00e1 que opte por (<em>es decir,<\/em> proporcionar su consentimiento expl\u00edcito) para la recopilaci\u00f3n y el uso de su informaci\u00f3n bajo los t\u00e9rminos de esta Declaraci\u00f3n de Protecci\u00f3n de Datos que est\u00e1 de acuerdo con el GDPR, las Leyes de Protecci\u00f3n de Datos 1988-2018 y las Comunidades Europeas (Redes y Servicios de Comunicaciones Electr\u00f3nicas) (Privacidad y Comunicaciones Electr\u00f3nicas) Regulaciones 2011.<\/p>\n<p>&nbsp;<\/p>\n<ol start=\"6\">\n<li><strong> <\/strong><strong>\u00bfSe transferir\u00e1n sus datos personales a otras organizaciones o personas?<\/strong><\/li>\n<\/ol>\n<p>Respetamos su privacidad y nos comprometemos a proteger sus datos personales. Cualquier informaci\u00f3n que proporcione no se pone a disposici\u00f3n de terceros, excepto cuando sea necesario y es utilizada por ETBI solo en l\u00ednea con el prop\u00f3sito para el que la proporcion\u00f3. Sin embargo, sus datos personales pueden ser anonimizados y utilizados en conjunto, con fines estad\u00edsticos.<\/p>\n<p>Solo compartimos sus datos cuando es necesario (por ejemplo, con proveedores de servicios de confianza que prestan servicios para ETBI, incluidos proveedores de servicios de TIC y proveedores de seguridad) o cuando lo exige la ley. Si dichos terceros operan a nivel internacional, ETBI se esforzar\u00e1 por garantizar que cualquier transferencia de datos personales dentro o fuera del EEE (Espacio Econ\u00f3mico Europeo) se lleve a cabo de conformidad con los acuerdos y tratados internacionales aplicables y la legislaci\u00f3n de protecci\u00f3n de datos pertinente.<\/p>\n<p>&nbsp;<\/p>\n<p>Podemos procesar o compartir datos con las partes interesadas de la educaci\u00f3n y la capacitaci\u00f3n <em>p. ej.<\/em> Departamento de Educaci\u00f3n y Habilidades, SOLAS <em>etc<\/em>. con fines estad\u00edsticos, de investigaci\u00f3n y\/o de planificaci\u00f3n futura, pero en tales casos, los datos ser\u00e1n anonimizados.<\/p>\n<p>A menos que as\u00ed lo exija la ley, no compartiremos, venderemos ni distribuiremos ninguno de los datos personales que nos proporcione sin su consentimiento expl\u00edcito o de conformidad con el GDPR y las Leyes de Protecci\u00f3n de Datos 1988-2018.<\/p>\n<p>&nbsp;<\/p>\n<ol start=\"7\">\n<li><strong> <\/strong><strong>\u00bfDurante cu\u00e1nto tiempo se conservar\u00e1n los datos personales?<\/strong><\/li>\n<\/ol>\n<p>No conservamos sus datos personales durante m\u00e1s tiempo del necesario para cumplir con el prop\u00f3sito para el que nos los dio de conformidad con la Pol\u00edtica de retenci\u00f3n de datos de ETBI, que se puede encontrar en [insertar enlace].\u00a0 Cualquier dato personal que nos proporcione durante el uso del sitio web se utilizar\u00e1 de acuerdo con el prop\u00f3sito espec\u00edfico para el que lo proporcion\u00f3 (<em>p. ej.<\/em>. para ponerse en contacto con usted y responder a cualquier consulta que haya planteado en el formulario \u00abCont\u00e1ctenos\u00bb o para responder a cualquier otra observaci\u00f3n que nos env\u00ede en el formulario \u00abCont\u00e1ctenos\u00bb). Una vez que se haya completado este prop\u00f3sito, sus datos ya no se almacenar\u00e1n y se destruir\u00e1n o eliminar\u00e1n de manera segura.<\/p>\n<p>&nbsp;<\/p>\n<ol start=\"8\">\n<li><strong> <\/strong><strong>\u00bfCu\u00e1les son sus derechos en virtud de la legislaci\u00f3n de protecci\u00f3n de datos?<\/strong><\/li>\n<\/ol>\n<p>Usted tiene los siguientes derechos bajo la legislaci\u00f3n de protecci\u00f3n de datos y discutiremos cada uno:<\/p>\n<ul>\n<li>Acceso<\/li>\n<li>Correcci\u00f3n<\/li>\n<li>Borrado<\/li>\n<li>Restricci\u00f3n<\/li>\n<li>Objeci\u00f3n<\/li>\n<li>Portabilidad<\/li>\n<li>Oponerse al tratamiento automatizado<\/li>\n<\/ul>\n<p>&nbsp;<\/p>\n<ul>\n<li><strong> <\/strong><strong>\u00bfC\u00f3mo puede acceder a sus datos personales?<\/strong><\/li>\n<\/ul>\n<p>Usted tiene derecho a ver la informaci\u00f3n que tenemos sobre usted. Previa solicitud por escrito (<em>p. ej. <\/em>carta, correo electr\u00f3nico), y cuando sus datos personales est\u00e9n disponibles, proporcionamos una copia de sus datos personales, de acuerdo con GDPR y las disposiciones de las Leyes de Protecci\u00f3n de Datos 1988-2018.<\/p>\n<p>Si desea obtener una copia de sus datos personales, puede escribir al Secretario General en ETBI, Pipers Hill, Naas, Co. Kildare o <a href=\"mailto:info@etbi.ie\">info@etbi.ie<\/a> qui\u00e9n le proporcionar\u00e1 un Formulario de Solicitud de Acceso al Sujeto. \u00a0Para su comodidad, le proporcionaremos dicho formulario para ayudar a ampliar sus datos personales lo m\u00e1s r\u00e1pidamente posible.\u00a0 Su solicitud ser\u00e1 tramitada lo antes posible y no tardar\u00e1 m\u00e1s de 30 d\u00edas en tramitarse salvo en los casos m\u00e1s excepcionales en los que le informaremos por escrito de ello aportando una justificaci\u00f3n de la misma.\u00a0 Las disposiciones del RGPD se cumplir\u00e1n al responder a su solicitud.<\/p>\n<ul>\n<li><strong> <\/strong><strong>\u00bfC\u00f3mo puede modificar la informaci\u00f3n incorrecta sobre usted?<\/strong><\/li>\n<\/ul>\n<p>Si descubre que ETBI contiene informaci\u00f3n inexacta sobre usted, puede hacer una solicitud por escrito para que corrijamos, eliminemos, rectifiquemos esa informaci\u00f3n al Secretario General de ETBI, Pipers Hill, Naas, Co. Kildare o <a href=\"mailto:info@etbi.ie\">info@etbi.ie<\/a>.\u00a0 Previa solicitud por escrito, nos pondremos en contacto con usted por tel\u00e9fono \/ correo electr\u00f3nico \/ carta para tratar de remediar la informaci\u00f3n inexacta que tenemos.\u00a0 Tambi\u00e9n nos aseguraremos de que cualquier borrado \/ rectificaci\u00f3n realizada por ETBI se notifique a un tercero relevante con el que hayamos compartido su informaci\u00f3n seg\u00fan esta Declaraci\u00f3n de protecci\u00f3n de datos. Sin embargo, tenga en cuenta que solo se acceder\u00e1 a una solicitud de supresi\u00f3n cuando los datos ya no sean necesarios para el fin para el que se recopilaron y cuando ETBI no tenga una base legal para conservarlos.<\/p>\n<ul>\n<li><strong> <\/strong><strong>\u00bfC\u00f3mo puede restringir u oponerse al tratamiento de sus datos personales por parte de ETBI?<\/strong><\/li>\n<\/ul>\n<p>Si decide restringir u oponerse al tratamiento de sus datos personales por parte de ETBI, puede presentar dicha solicitud por escrito al Secretario General de ETBI, Pipers Hill, Naas, Co. Kildare o <a href=\"mailto:info@etbi.ie\">info@etbi.ie<\/a>.\u00a0 Previa solicitud por escrito, nos pondremos en contacto con usted por tel\u00e9fono \/ correo electr\u00f3nico \/ carta para tratar de restringir o cesar el procesamiento de sus datos personales.\u00a0 Tambi\u00e9n nos aseguraremos de que cualquier restricci\u00f3n o cese realizado por ETBI se notifique a un tercero relevante con el que hayamos compartido su informaci\u00f3n seg\u00fan esta Declaraci\u00f3n de protecci\u00f3n de datos.<\/p>\n<ul>\n<li><strong> <\/strong><strong>\u00bfC\u00f3mo funciona el derecho a la portabilidad de datos?<\/strong><\/li>\n<\/ul>\n<p>Tiene derecho a recibir sus datos personales que proporcion\u00f3 a ETBI (controlador de datos) en un formato estructurado, de uso com\u00fan y legible por m\u00e1quina y tiene derecho a enviar sus datos personales a otro controlador de datos sin impedimento de ETBI.<\/p>\n<p>&nbsp;<\/p>\n<ol start=\"9\">\n<li><strong> <\/strong><strong>\u00bfPuede retirar su consentimiento para que ETBI procese sus datos personales?<\/strong><\/li>\n<\/ol>\n<p>Puede retirar su consentimiento para que ETBI procese sus datos personales en cualquier momento. Si decide retirar su consentimiento para que ETBI procese sus datos personales, puede presentar dicha solicitud por escrito al Secretario General en ETBI, Pipers Hill, Naas, Co. Kildare o <a href=\"mailto:info@etbi.ie\">info@etbi.ie<\/a>.\u00a0 Una vez recibida la solicitud por escrito, nos pondremos en contacto con usted por tel\u00e9fono \/ correo electr\u00f3nico \/ carta para detener el procesamiento de sus datos personales.\u00a0 Tambi\u00e9n nos aseguraremos de que cualquier cese realizado por ETBI se notifique a un tercero relevante con el que hayamos compartido su informaci\u00f3n seg\u00fan esta Declaraci\u00f3n de protecci\u00f3n de datos.<\/p>\n<p>Para obtener m\u00e1s informaci\u00f3n, consulte nuestra Pol\u00edtica de protecci\u00f3n de datos disponible en\u00a0<a href=\"https:\/\/www.etbi.ie\/\">www.etbi.ie<\/a>\u00a0o bien ponerse en contacto con el Secretario General de la ETBI.<\/p>\n<p>&nbsp;<\/p>\n<ol start=\"10\">\n<li><strong> <\/strong><strong>Seguridad<\/strong><\/li>\n<\/ol>\n<p>ETBI emplea medidas de seguridad para proteger su informaci\u00f3n personal del acceso de personas no autorizadas y protegerse contra el procesamiento ilegal, la p\u00e9rdida accidental, la destrucci\u00f3n y los da\u00f1os. Nos esforzaremos por garantizar que todos los registros mantenidos permanezcan seguros de acuerdo con nuestras obligaciones en virtud del GDPR y las Leyes de Protecci\u00f3n de Datos 1988-2018. Nos tomamos en serio nuestras responsabilidades de seguridad, empleando medidas f\u00edsicas y t\u00e9cnicas, incluida la capacitaci\u00f3n y la conciencia del personal. Revisamos nuestros procedimientos de seguridad regularmente.<\/p>\n<p>&nbsp;<\/p>\n<ol start=\"11\">\n<li><strong> <\/strong><strong>\u00bfEl ETBI recopila informaci\u00f3n no personal\/t\u00e9cnica?<\/strong><\/li>\n<\/ol>\n<p>S\u00ed, ciertos datos no personales est\u00e1n disponibles para nosotros a trav\u00e9s de nuestro proveedor de servicios de Internet.\u00a0 Estos datos no personales se recopilan de forma estad\u00edstica, agregada y no individual.\u00a0 Esta informaci\u00f3n puede incluir la direcci\u00f3n IP desde la que accede a nuestro sitio web, el tipo de navegador utilizado para acceder a nuestro sitio web (Internet Explorer, Firefox, <em>etc<\/em>.), el tipo de sistema operativo utilizado para acceder a nuestro sitio web (Windows, Macintosh, etc.), el nombre de dominio de \u00abnivel superior\u00bb utilizado (<em>es decir,<\/em> .com, .org, <em>etc<\/em>.), la fecha y hora de su visita a nuestro sitio web y el n\u00famero de p\u00e1ginas que visit\u00f3 en nuestro sitio web.<\/p>\n<ul>\n<li><strong><em> <\/em><\/strong><strong><em>\u00bfQu\u00e9 es una cookie?<\/em><\/strong><\/li>\n<\/ul>\n<p>Una cookie es un peque\u00f1o archivo temporal enviado a su navegador desde un servidor web y almacenado en el disco duro de su ordenador para identificarlo como usuario del sitio web. Muchos sitios de Internet utilizan cookies. Por lo general, son utilizados por el sitio web para identificar a la persona solo mientras accede al sitio web para rastrear el uso del sitio por parte de la persona y cualquier visita repetida realizada por esa persona.<\/p>\n<p>ETBI solicitar\u00e1 su consentimiento al utilizar el sitio web y podr\u00e1 retirar su consentimiento en cualquier momento. Solo almacenaremos sus datos durante el tiempo que sea necesario para cumplir con la finalidad para la que nos los dio.<\/p>\n<p>Tenga en cuenta que si rechaza las cookies o cambia su configuraci\u00f3n, es posible que algunas funciones del sitio web no funcionen correctamente. Tenga en cuenta que cualquier preferencia que seleccione se perder\u00e1 si elimina las cookies.<\/p>\n<ul>\n<li><strong><em> <\/em><\/strong><strong><em>\u00bfPor qu\u00e9 el sitio web utiliza cookies?<\/em><\/strong><\/li>\n<\/ul>\n<p>Las cookies son peque\u00f1os archivos que los sitios web que usted visita colocan en su ordenador. Son ampliamente utilizados para hacer que los sitios web funcionen, o funcionen de manera m\u00e1s eficiente, as\u00ed como para proporcionar informaci\u00f3n a los propietarios del sitio. Nuestras cookies nos permitir\u00e1n proporcionarle contenido personalizado o presentarle informaci\u00f3n de servicio basada en su comportamiento anterior en el sitio.<\/p>\n<ul>\n<li><strong><em> <\/em><\/strong><strong><em>\u00bfC\u00f3mo utiliza ETBI las cookies?<\/em><\/strong><\/li>\n<\/ul>\n<p>Cuando alguien visita el sitio web, recopilamos informaci\u00f3n de registro de Internet est\u00e1ndar y detalles de los patrones de comportamiento de los visitantes. Hacemos esto para averiguar cosas como el n\u00famero de visitantes a las diversas partes del sitio web.<\/p>\n<p>Recopilamos esta informaci\u00f3n de una manera que no identifica a nadie. No hacemos ning\u00fan intento de averiguar la identidad de las personas que visitan el sitio web. No asociaremos ning\u00fan dato recopilado de este sitio con ninguna informaci\u00f3n de identificaci\u00f3n personal de ninguna fuente.\u00a0 Si queremos recopilar informaci\u00f3n de identificaci\u00f3n personal a trav\u00e9s de nuestro sitio web, dejaremos claro cu\u00e1ndo recopilamos dicha informaci\u00f3n y explicaremos qu\u00e9 pretendemos hacer con ella.<\/p>\n<p>Puede administrar sus preferencias de cookies en cualquier momento.<\/p>\n<p>&nbsp;<\/p>\n<p>M\u00e1s informaci\u00f3n sobre nuestra Pol\u00edtica de Cookies est\u00e1 disponible en <a href=\"https:\/\/www.etbi.ie\/cookies\"><\/a><\/p>\n<p>&nbsp;<\/p>\n<ol start=\"12\">\n<li><strong> <\/strong><strong>Cont\u00e1ctenos<\/strong><\/li>\n<\/ol>\n<p>Si le preocupa c\u00f3mo se procesan sus datos personales en nuestro sitio web, no dude en llamar nuestra atenci\u00f3n sobre estas inquietudes utilizando los siguientes datos de contacto:\u00a0 El Secretario General, ETBI, Pipers Hill, Naas, Co. Kildare o\u00a0<a href=\"mailto:info@etbi.ie\">info@etbi.ie<\/a>.<\/p>\n<p>&nbsp;<\/p>\n<ol start=\"13\">\n<li><strong> <\/strong><strong>Comisi\u00f3n de Protecci\u00f3n de Datos <\/strong><\/li>\n<\/ol>\n<p>Si usted, como interesado, tiene alguna queja con respecto al procesamiento de sus datos personales, tiene derecho a presentar una queja ante la Comisi\u00f3n de Protecci\u00f3n de Datos. Puede ponerse en contacto con la Comisi\u00f3n de Protecci\u00f3n de Datos de la siguiente manera:<\/p>\n<p>Comisi\u00f3n de Protecci\u00f3n de Datos<\/p>\n<p>6 Pembroke Row<\/p>\n<p>Dubl\u00edn 2<\/p>\n<p>D02 X963<\/p>\n<p>Irlanda<\/p>\n<p>&nbsp;<\/p>\n<p>Tel\u00e9fono: (01) 765 01 00 \/ 1800 437 737<\/p>\n<p>En l\u00ednea: <a href=\"https:\/\/dataprotection.ie\/en\/contact\/how-contact-us\">https:\/\/dataprotection.ie\/en\/contact\/how-contact-us<\/a><\/p>\n<p>&nbsp;<\/p>\n<p>&nbsp;<\/p>\n<ol start=\"14\">\n<li><strong> <\/strong><strong>Cambios a esta Declaraci\u00f3n de Protecci\u00f3n de Datos<\/strong><\/li>\n<\/ol>\n<p>Podemos actualizar esta Declaraci\u00f3n de protecci\u00f3n de datos de vez en cuando. Cualquier cambio se publicar\u00e1 en esta p\u00e1gina, y la fecha de \u00ab\u00daltima actualizaci\u00f3n\u00bb se revisar\u00e1 en consecuencia. Le recomendamos que revise esta declaraci\u00f3n peri\u00f3dicamente.<\/p>\n<p>&nbsp;<\/p>\n<p>&nbsp;<\/p>\n<p>&nbsp;<\/p>\n<p>&nbsp;<\/p>\n<p>&nbsp;<\/p>\n<p>[\/et_pb_text][\/et_pb_column][\/et_pb_row][\/et_pb_section]<\/p>","protected":false},"excerpt":{"rendered":"<p>Declaraci\u00f3n de protecci\u00f3n de datos para el sitio web de Euroguidance operado por ETBI \u00bfQu\u00e9 es Education and Training Boards Ireland? El principal objetivo de las Juntas de Educaci\u00f3n y Formaci\u00f3n de Irlanda (ETBI) es el avance de la educaci\u00f3n y la formaci\u00f3n, representar colectivamente a las Juntas de Educaci\u00f3n y Formaci\u00f3n y promover el desarrollo de la educaci\u00f3n, la formaci\u00f3n y el trabajo en el \u00e1mbito de la juventud en Irlanda. El Euroguidance Irlanda [...]<\/p>","protected":false},"author":9,"featured_media":0,"parent":0,"menu_order":0,"comment_status":"closed","ping_status":"closed","template":"","meta":{"_et_pb_use_builder":"on","_et_pb_old_content":"","_et_gb_content_width":"","footnotes":""},"class_list":["post-983","page","type-page","status-publish","hentry"],"_links":{"self":[{"href":"https:\/\/euroguidance.ie\/es\/wp-json\/wp\/v2\/pages\/983","targetHints":{"allow":["GET"]}}],"collection":[{"href":"https:\/\/euroguidance.ie\/es\/wp-json\/wp\/v2\/pages"}],"about":[{"href":"https:\/\/euroguidance.ie\/es\/wp-json\/wp\/v2\/types\/page"}],"author":[{"embeddable":true,"href":"https:\/\/euroguidance.ie\/es\/wp-json\/wp\/v2\/users\/9"}],"replies":[{"embeddable":true,"href":"https:\/\/euroguidance.ie\/es\/wp-json\/wp\/v2\/comments?post=983"}],"version-history":[{"count":3,"href":"https:\/\/euroguidance.ie\/es\/wp-json\/wp\/v2\/pages\/983\/revisions"}],"predecessor-version":[{"id":1322,"href":"https:\/\/euroguidance.ie\/es\/wp-json\/wp\/v2\/pages\/983\/revisions\/1322"}],"wp:attachment":[{"href":"https:\/\/euroguidance.ie\/es\/wp-json\/wp\/v2\/media?parent=983"}],"curies":[{"name":"wp","href":"https:\/\/api.w.org\/{rel}","templated":true}]}}