{"id":980,"date":"2025-12-15T12:04:39","date_gmt":"2025-12-15T12:04:39","guid":{"rendered":"https:\/\/euroguidance.ie\/?page_id=980"},"modified":"2026-03-27T09:25:23","modified_gmt":"2026-03-27T09:25:23","slug":"webinars","status":"publish","type":"page","link":"https:\/\/euroguidance.ie\/es\/webinars\/","title":{"rendered":"Seminarios web"},"content":{"rendered":"<p>[et_pb_section fb_built=\u201d1\u2033 admin_label=\u201dHeader\u201d _builder_version=\u201d4.27.4\u2033 _module_preset=\u201ded3a2270-0d1b-4161-8645-f529b8b3c5c0\u2033 background_color_gradient_direction=\u201d193deg\u201d background_color_gradientstops=\u201dgcid-d119accd-44d7-4f2f-b9d7-599c8463324b 0 |rgba(7,33,48,0.6)%|rgba(255.255.255,0) 62%|gcid-1cd7c6da-5fe0-4f78-8345-603cff3cbdfc 100%\u201d background_image=\u201dhttps:\/\/euroguidance.ie\/wp-content\/uploads\/2025\/02\/students3.jpg\u201d background_enable_image=\u201don\u201d parallax=\u201don\u201d background_blend=\u201ddarken\u201d min_height=\u201d332.6px\u201d custom_margin=\u201d||53px|||\u201d lock=\u201doff\u201d collapsed=\u201doff\u201d global_colors_info=\u201d{gcid-1f1bf5fb-a99d-4acc-8d9e-ddac074c158c:fondo_color_gradient_stops,fondo_color_gradient_stops,fondo_color_gradient_stops,gcid-4c79ba3d-a281-4fb6-9b14-02f9a4c793f2:fondo_color_gradient_stops,fondo_color_gradient_stops,fondo_color_gradient_stops,gcid-688c464a-d6f2-4296-b592-395352c71c79:fondo_color_gradient_stops,fondo_color_gradient_stops,fondo_color_gradient_stops,gcid-d119accd-44d7-4f2f-b9d7-599c8463324b:fondo_color_gradient_stops,fondo_color_gradient_stops,fondo_color_gradient_stops,gcid-2352d280-fe84-43b1-a71e-f400c35a526a:fondo_color_gradient_stops,gcid-9e22d70d-67ee-4430-bed3-4bc105d4ef1e:fondo_color_gradient_stops,gcid-1cd7c6da-5fe0-4f78-8345-603cff3cbdfc:fondo_color_gradient_stops}\u201d][et_pb_row _builder_version=\u201d4.25.1\u2033 _module_preset=\u201ddefault\u201d global_colors_info=\u201d{}\u201d][et_pb_column type=\u201d4_4\u2033 _builder_version=\u201d4.25.1\u2033 _module_preset=\u201ddefault\u201d global_colors_info=\u201d{}\u201d][et_pb_heading title=\u201dUpcoming Webinars\u201d _builder_version=\u201d4.27.4\u2033 _module_preset=\u201dbe0d0648-3112-47a9-843b-14168fe1dabd\u201d title_level=\u201dh2\u2033 title_font=\u201dVerdana||||||||\u201d title_text_align=\u201dcenter\u201d title_textcolor=\u201d title_text=\u201d#_font_size=\u201d60px\u201d background_color=\u201dRGBA(255,255,255,0)\u201d custom_margin=\u201d40px||10px||false|false\u201d title_font_size_tablet=\u201d45px\u201d title_font_size_phone=\u201d27px\u201d title_font_size_last_edited=\u201don|phone\u201d global_colors_info=\u201d{gcid-12627f56-04f6-43cc-b53c-4ff92851d432:fondo_mask_color%_}[\/et_pb_heading][\/et_pb_column][\/et_pb_row][\/et_pb_section][et_pb_section fb\u2033built=\u201d1_ admin_label=\u201dEvent Calendar\u201d _builder\u2033 _version=\u201d4.27.5_module_preset=\u201ddefault\u201d custom||||margin=\u201d-40px|false_false\u201d custom||||padding=\u201d0px|false_false\u201d border_style_all=\u201dnone\u201dlock=\u201doff\u201d collapsed=\u201don\u201dglobal_colors_info=\u201d{}\u201d][etetetetetpb_rowstructure=\u201d1_2,1_2_builder\u2033 _version=\u201d4.27.5_module\u2033 _preset=\u201ddefault\u201dglobal _colors_info=\u201d{}][et _plumb _plumn=_1_ \u2033 _ _2builder2\u2033 _[eder_2_].#000b63\u2033 hover_enabled=\u201d0\u2033 global_colors_info=\u201d{}\u201d sticky_enabled=\u201d0\u2033][\/et_pb_heading][et_pb_heading title=\u201dETBI Webinar\u201d _builder_version=\u201d4.27.5\u2033 _module_preset=\u201ddefault\u201d title_level=\u201dh2\u2033 title_text_color=\u201d#0C71C3\u2033 hover_enabled=\u201d0\u2033 global_colors_info=\u201d{}\u201d sticky_enabled=\u201d0\u2033][\/et_pb_heading][et_pb_text _builder_version=\u201d4.27.5\u2033 _module_preset=\u201ddefault\u201d text_text_color=\u201d#000000\u2033 hover_enabled=\u201d0\u2033 global_colors_info=\u201d{}\u201d sticky_enabled=\u201d0\u2033]<\/p>\n<p><strong>Fecha:<\/strong> Viernes 10 de abril <strong>Tiempo:<\/strong> 11.00 a 12.00 horas GMT<\/p>\n<p>[\/et_pb_text][et_pb_text _builder_version=\u201d4.27.5\u2032\u2032 _module_preset=\u201ddefault\u201d text_text_color=\u201d#000000\u2032\u2032 hover_enabled=\u201d0\u2032\u2032 global_colors_info=\u201d{}\u201d sticky_enabled=\u201d0\u2032\u2032]<\/p>\n<p>Esta charla presenta Universal Design for Guidance (UDG), un enfoque desarrollado por la Dra. Bas\u00e1ndose en la teor\u00eda de la orientaci\u00f3n profesional, la psicolog\u00eda, el dise\u00f1o, la pedagog\u00eda y los modelos de discapacidad, UDG reconceptualiza la orientaci\u00f3n como un proceso emp\u00e1tico, relacional y de empoderamiento.<\/p>\n<p>\u00a0Alineado con los Objetivos de Desarrollo Sostenible de la ONU y las demandas de un mundo cambiante, el enfoque promueve pr\u00e1cticas flexibles e inclusivas que reconocen la diversidad de todos los estudiantes. Si bien est\u00e1 arraigado en el trabajo con personas con discapacidades, demuestra c\u00f3mo dise\u00f1ar para la inclusi\u00f3n mejora la orientaci\u00f3n para todos. Se pedir\u00e1 a los asistentes que reconsideren los modelos de orientaci\u00f3n tradicionales y exploren c\u00f3mo se pueden integrar relaciones de orientaci\u00f3n m\u00e1s accesibles, receptivas y equitativas en diversos contextos europeos.<\/p>\n<p>[\/et_pb_text][\/et_pb_column][et_pb_column type=\u201d1_2\u2033 _builder_version=\u201d4.27.5\u2033 _module_preset=\u201ddefault\u201d global_colors_info=\u201d{}\u201d][et_pb_countdown_timer date_time=\u201d2026-04-10 11:00\u2033 _builder_version=\u201d4.27.5\u2033 _module_preset=\u201ddefault\u201d background_color=\u201d#1f187f\u201d hover_enabled=\u201d0\u2033 global_colors_info=\u201d{}\u201d sticky_enabled=\u201d0\u2033][\/et_pb_countdown_timer][et_pb_button button_url=\u201dhttps:\/\/events.teams.microsoft.com\/event\/629a69e5-23a6-433d-838d-00c966405238@f5366bb4-0485-4544-8baa-c80ddc368234\u2033 url_newwindow=\u201don\u201d button_text=\u201dRegister here\u201d button_alignment=\u201dleft\u201d _builder_version=\u201d4.27.5_module\u2033 _preset=\u201ddefault\u201d custombutton=\u201don\u201d button_text_color=\u201don\u201d#1d08a5\u2033 button_border_color=\u00bb#000000\u2033 button_icon_color=\u00bb#0d077f\u201d button_on_hover=\u201doff\u201d custom_margin=\u201d0px|0px|0px|151px|false|false\u201d hover_enabled=\u201d0\u2033 global_colors_info=\u201d{}\u201d sticky_enabled=\u201d0\u2033][\/et_pb_button][\/et_pb_column][\/et_pb_row][et_pb_row _builder_version=\u201d4.27.5\u2033 _module_preset=\u201ddefault\u201d global_colors_info=\u201d{}\u201d][et_pb_column type=\u201d4_4\u2033 _builder_version=\u201d4.27.5\u2033 _module_preset=\u201ddefault\u201d global_colors_info=\u201d{}\u201d][et_pb_divider color=\u201d#\u2033 _ _ \u2033 _ _ _builder_version=\u201d4.27.5_module_preset=\u201ddefault\u201d global_colors_info=\u201d{}][\/et_pb_divider][\/et_pb_column][\/et_pb_pb_section][\/et\u2033pb_section fb_built=\u201d1_ admin\u2033 _label=\u201cFooter\u201d _builder_column=\u201d4.27.5_module||||preset=\u201df1c4f717-2356-4e3f-ac1b-1e293a6cc08a\u201d min|height=\u201d269.3px\u201d height=\u201d357px\u201d custom_margin=\u201d13px||false\u201d custompadding=\u201d0px||9px|false _false\u201dfalse\u201cglobal\u2033module=\u201c1150_ _ttab=\u201cdefaight\u201call\u201ddeflucha=\u201cdeflucha\u201d27.#_margin=\u201d||-20px|||\u201d global_colors_info=\u201d{}\u201d][\/et_pb_heading][et_pb_wpt_gravityform gravityform_id=\u201dgf-2\u2033 title=\u201doff\u201d description=\u201doff\u201d ajax=\u201don\u201d _builder_version=\u201d4.27.4\u2033 _module_preset=\u201ddefault\u201d transform_scale=\u201d94%|94%\u201dglobal_colors_info=\u201d{}\u201d][\/et_pb_wpt_gravityform][\/et_pb_column][et_pb_column type=\u201d1_3\u2033 _builder_version=\u201d4.25.1\u2033 _module_preset=\u201ddefault\u201d global_colors_info=\u201d{}\u201d][et_pb_heading title=\u201cQuick Links\u201d _builder_version=\u201d4.27.4\u2033 _module_preset=\u201d95956592-a1b1-43fb-aa7b-d69d7b858e52\u2033 title_font=\u201cVerdana||||||||\u201d title_text_color=\u201d#\u00abFFFFFF\u00bb positioning=\u00abnone\u00bb custom_margin=\u00bb||10px|46px|false|false\u00bb custom_padding=\u00bb|||55px||\u00bb locked=\u00bboff\u00bb global_colors_info=\u00bb{}\u00bb][\/et_pb_heading][et_pb_text _builder_version=\u00bb4.27.4\u2033 _module_preset=\u00bb01dbb295-3347-4b31-936e-cb09b186d00f\u00bb text_font=\u00bbVerdana||||||||\u00bb custom_margin=\u00bb||8px|53px|false|false\u00bb custom_padding=\u00bb|75px||48px||\u00bb link_option_url=\u00bbhttps:\/\/euroguidance.ie\/en\/about\/\u00bb]<\/p>\n<p>Euroguidance<\/p>\n<p>[\/et_pb_text][et_pb_text _builder_version=\u201d4.27.4\u2032\u2032 _module_preset=\u201d01dbb295-3347-4b31-936e-cb09b186d00f\u201d text_font=\u201dVerdana \u2047 \u201d custom_margin=\u201d \u2047 8px \u2047 50px \u2047 false \u2047 false\u201d custom_padding=\u201d \u2047 50px \u2047 \u201d link_option_url=\u201dhttps:\/\/\/euroguidance.ie\/es\/resources\/\u201d]<\/p>\n<p>Recursos<\/p>\n<p>[\/et_pb_text][et_pb_text _builder_version=\u201d4.27.4\u2032\u2032 _module_preset=\u201d01dbb295-3347-4b31-936e-cb09b186d00f\u201d text_font=\u201dVerdana \u2047 \u201d custom_margin=\u201d \u2047 8px \u2047 49px \u2047 false \u2047 false\u201d custom_padding=\u201d \u2047 51px \u2047 \u201d link_option_url=\u201dhttps:\/\/euroguidance.ie\/es\/contact-us\/\u201d]<\/p>\n<p>Contacto<\/p>\n<p>[\/et_pb_text][et_pb_text _builder_version=\u201d4.27.4\u2032\u2032 _module_preset=\u201d01dbb295-3347-4b31-936e-cb09b186d00f\u201d text_font=\u201dVerdana \u2047 \u201d custom_margin=\u201d \u2047 8px \u2047 51px \u2047 false \u2047 false\u201d custom_padding=\u201d \u2047 49px \u2047 \u201d link_option_url=\u201dhttps:\/\/euroguidance.ie\/privacy-statement\/\u201d]<\/p>\n<p>Pol\u00edtica de privacidad<\/p>\n<p>[\/et_pb_text][\/et_pb_column][et_pb_column type=\u201d1_3\u2032\u2032 _builder_version=\u201d4.25.1\u2032\u2032 _module_preset=\u201ddefault\u201d global_colors_info=\u201d{}\u201d][et_pb_image src=\u201dhttps:\/\/euroguidance.ie\/wp-content\/uploads\/2026\/01\/EN_Co-Funded_by_the_EU_PANTONE-scaled.png\u201d alt=\u201dCo-Funded by European Union\u201d title_text=\u201dEN_Co-Funded_by_the_EU_PANTONE\u201d align=\u201dcenter\u201d\u201d _builder_version=\u201d4.27.4\u2032\u2032 _module_preset=\u201ddefault\u201d global_colors_colors_info=\u201d{][et_pb_column_column=\u201d [\/et_pb_column][\/et_pb_row][\/et_pb_section]<\/p>","protected":false},"excerpt":{"rendered":"<p>Fecha: Viernes 10 de abril Hora: 11.00 a.m. \u2013 12.00 p.m. GMTEsta charla presenta Universal Design for Guidance (UDG), un enfoque desarrollado por la Dra. Mary Quirke y basado en su investigaci\u00f3n doctoral y su pr\u00e1ctica en el desarrollo profesional inclusivo. A partir de la teor\u00eda de la orientaci\u00f3n profesional, la psicolog\u00eda, el dise\u00f1o, la pedagog\u00eda y los modelos de discapacidad, UDG reconceptualiza la orientaci\u00f3n como emp\u00e1tica, relacional y [\u2026]<\/p>","protected":false},"author":9,"featured_media":0,"parent":0,"menu_order":0,"comment_status":"closed","ping_status":"closed","template":"","meta":{"_et_pb_use_builder":"on","_et_pb_old_content":"<!-- wp:divi\/placeholder \/-->","_et_gb_content_width":"","footnotes":""},"class_list":["post-980","page","type-page","status-publish","hentry"],"_links":{"self":[{"href":"https:\/\/euroguidance.ie\/es\/wp-json\/wp\/v2\/pages\/980","targetHints":{"allow":["GET"]}}],"collection":[{"href":"https:\/\/euroguidance.ie\/es\/wp-json\/wp\/v2\/pages"}],"about":[{"href":"https:\/\/euroguidance.ie\/es\/wp-json\/wp\/v2\/types\/page"}],"author":[{"embeddable":true,"href":"https:\/\/euroguidance.ie\/es\/wp-json\/wp\/v2\/users\/9"}],"replies":[{"embeddable":true,"href":"https:\/\/euroguidance.ie\/es\/wp-json\/wp\/v2\/comments?post=980"}],"version-history":[{"count":20,"href":"https:\/\/euroguidance.ie\/es\/wp-json\/wp\/v2\/pages\/980\/revisions"}],"predecessor-version":[{"id":1433,"href":"https:\/\/euroguidance.ie\/es\/wp-json\/wp\/v2\/pages\/980\/revisions\/1433"}],"wp:attachment":[{"href":"https:\/\/euroguidance.ie\/es\/wp-json\/wp\/v2\/media?parent=980"}],"curies":[{"name":"wp","href":"https:\/\/api.w.org\/{rel}","templated":true}]}}