{"id":413,"date":"2025-04-08T16:06:07","date_gmt":"2025-04-08T15:06:07","guid":{"rendered":"https:\/\/euroguidance.ie\/?page_id=413"},"modified":"2026-01-09T14:50:36","modified_gmt":"2026-01-09T14:50:36","slug":"mobility-opportunities","status":"publish","type":"page","link":"https:\/\/euroguidance.ie\/es\/mobility-opportunities\/","title":{"rendered":"Oportunidades de movilidad"},"content":{"rendered":"<p>[et_pb_section fb_built=\u201d1\u2032\u2032 admin_label=\u201dHeader\u201d _builder_version=\u201d4.27.4\u2032\u2032 _module_preset=\u201ded3a2270-0d1b-4161-8645-f529b8b3c5c0\u2032\u2032\u2032 background_color_gradient_direction=\u201d193deg\u201d background_color_gradient_stops=\u201dgcid-d119accd-44d7-4f2f-b9d7-599c8463324b 0%\u2047 rgba(7,33,48,0.6) 37%\u2047 rgba(255,255,255,0) 62%\u2047 gcid-1cd7c6da-5fe0-4f78-8345-603cff3cbdfc 100%\u201d background_image=\u201dhttps:\/\/euroguidance.ie\/wp-content\/uploads\/2025\/02\/students3.jpg\u201d background_enable_image=\u201don\u201d parallax=\u201don\u201d background_blend=\u201ddarken\u201d min_height=\u201d332.6px\u201d custom_margin=\u201d \u2047 53px \u2047 \u201d lock=\u201doff\u201d collapsed=\u201doff\u201d global_colors_info=\u201d{gcid-1f1bf5fb-a99d-4acc-8d9e-ddac074c158c:background_color_gradient_stops,background_color_gradient_stops,background_color_gradient_stops,gcid-4c79ba3d-a281-4fb6-9b14-02f9a4c793f2:background_color_gradient_stops,background_color_gradient_stops,background_color_gradient_stops,gcid-688c464a-d6f2-4296-b592-395352c71c79:background_color_gradient_stops,background_color_gradient_stops,background_color_gradient_stops,gcid-d119accd-44d7-4f2f-b9d7-599c8463324b:background_color_gradient_stops,background_color_gradient_stops,background_color_gradient_stops,gcid-2352d280-fe84-43b1-a71e-f400c35a526a:background_color_gradient_stops,gcid-9e22d70d-67ee-4430-bed3-4bc105d4ef1e:background_color_gradient_stops,gcid-1cd7c6da-5fe0-4f78-8345-603cff3cbdfc:background_color_gradient_stops}\u201d][et_pb_row _builder_version=\u201d4.25.1\u2032 _module_preset=\u201ddefault\u201d global_colors_info=\u201d{}\u201d][et_pb_column type=\u201d4_4\u2032\u2032 _builder_version=\u201d4.25.1\u2032\u2032 _module_preset=\u201ddefault\u201d global_colors_info=\u201d{}\u201d][et_pb_heading title=\u201cOportunidades de movilidad\u201d _builder_version=\u201d4.27.4\u2032\u2032 _module_preset=\u201dbe0d0648-3112-47a9-843b-14168fe1dabd\u201d title_level=\u201dh2\u2032\u2032 title_font=\u201dVerdana \u2047 \u201d title_text_align=\u201dcenter\u201d title_text_color=\u201d#ededed\u201d title_font_size=\u201d60px\u201d background_color=\u201dRGBA(255,255,255,0)\u201d custom_margin=\u201d40px \u2047 10px \u2047 false \u2047 false\u201d title_font_size_tablet=\u201d45px\u201d title_font_size_phone=\u201d27px\u201d title_font_size_last_edited=\u201don \u2047 phone\u201d global_colors_info=\u201d{gcid-12627f56-04f6-43cc-b53c-4ff92851d432:background_mask_color}\u201d[\/et_pb_heading][\/et_pb_column][\/et_pb_row][\/et_pb_section][et_pb_section fb_built=\u201d1\u2032\u2032 admin_label=\u201dStatistics\u201d _builder_version=\u201d4.27.4\u2032\u2032 _module_preset=\u201ddefault\u201d background_enable_color=\u201doff\u201d background_enable_image=\u201doff\u201d animation_style=\u201dflip\u201d lock=\u201doff\u201d collapsed=\u201don\u201d global_colors_info=\u201d{}\u201d custom_padding=\u201d5px \u2047 \u201d][et_pb_row column_structure=\u201d1_2,1_2\u2032\u2032\u2032_builder_version=\u201d4.17.3\u2032\u2032 _module_preset=\u201d5138c454-be5433-b3dfc-e887697\u2032\u2032\u2032s_coefet=_plume_de_87.#000000\u2032\u2032 title_font_size=\u201d50px\u201d title_line_height=\u201d1.2em\u201d custom_margin=\u201d64px \u2047 10px \u2047 false \u2047 false\u201d hover_enabled=\u201d0\u2032\u2032 title_font_size_tablet=\u201d28px\u201d title_font_size_phone=\u201d20px\u201d title_font_size_last_edited=\u201don \u2047 phone\u201d lock=\u201doff\u201d global_colors_info=\u201d{}\u201d sticky_enabled=\u201d0\u2032\u2032][\/et_pb_heading][et_pb_text _builderversion_=\u201d4.27.4\u2032\u2032 _module_preset=\u201ddefault\u201d text_text_color=\u201d#000000\u2032\u2032 text_font_size=\u201d16px\u201d hover_enabled=\u201d0\u2032\u2032 sticky_enabled=\u201d0\u2032\u2032]<\/p>\n<p><span style=\"color: #000000;\">Las visitas de estudio de movilidad acad\u00e9mica brindan a las personas la oportunidad de viajar a otro pa\u00eds para aprender c\u00f3mo funcionan la orientaci\u00f3n y la educaci\u00f3n all\u00ed. Estas visitas ayudan a los participantes a ver nuevas ideas en acci\u00f3n, aprender unos de otros y devolver nuevas habilidades a sus propios pa\u00edses. Al compartir conocimientos y experiencias a trav\u00e9s de las fronteras, Euroguidance apoya la orientaci\u00f3n permanente y fomenta la colaboraci\u00f3n continua entre pa\u00edses.<\/span><\/p>\n<p>[\/et_pb_text][et_pb_button button_url=\u201dhttps:\/\/euroguidance.eu\/international-mobility\/training-opportunities\u201d url_new_window=\u201don\u201d button_text=\u201dM\u00e1s informaci\u00f3n aqu\u00ed\u201d button_alignment=\u201dleft\u201d _builder_version=\u201d4.27.4\u2032\u2032 _module_preset=\u201ddefault\u201d custom_button=\u201don\u201d button_text_color=\u201d#004773\u2032\u2032 custom_margin=\u201d13px \u2047 19px \u2047 false \u2047 false\u201d custom_padding=\u201d \u2047 0px \u2047 false \u2047 false\u201d animation_style=\u201dfold\u201d hover_enabled=\u201d0\u2032\u2032 global_colors_info=\u201d{}\u201d sticky_enabled=\u201d0\u2032\u2032][\/et_pb_button][\/et_pb_column][et_pb_column type=\u201d1_2\u2032\u2032\u2032 _builder_version=\u201d4.17.3\u2032\u2032 _module_preset=\u201d73121f80-a3ef-4484-8763-c3f18e3c56d2\u2032\u2032\u2032\u2032\u2032 global_colors_info=\u201d{}\u201d[et_pb_image src=\u201dhttps:\/euroguidance.ie\/wpptent\/uptents\/2026\/01dise\u00f1o_dt\u00edtulo_t_d_de_de_de_d.18.#004773\u2032\u2032 custom_padding=\u201d20px \u2047 20px \u2047 20px \u2047 20px \u2047 20px \u2047 true \u2047 \u2047 true\u201d border_radii=\u201don \u2047 6px \u2047 6px \u2047 6px \u2047 6px\u201d global_colors_info=\u201d{}\u201d][et_pb_number_counter title=\u201dOver 5,000 Participants\u201d number=\u201d100\u2032\u2032 percent_sign=\u201doff\u201d module_class=\u201dai_ignore_number\u201d _builder_version=\u201d4.24.2\u2032\u2032 _module_preset=\u201deb8e0a21-f73c-4e32-bc0c-e37d0ee934ba\u201d title_font=\u201dIBM Plex Sans Condensed \u2047 IBM Plex Sans Condensed_weight \u2047 \u201d title_text_color=\u201d#FFFFFF\u201d title_font_size=\u201d18px\u201d title_line_height=\u201d1.4em\u201d number_font=\u201dIBM Plex Sans \u2047 IBM Plex Sans_weight \u2047 \u201d number_text_color=\u201d#FFFFFF\u201d title_font_size_tablet=\u201d15px\u201d title_font_size_phone=\u201d14px\u201d title_font_size_last_edited=\u201don \u2047 tablet\u201d number_font_size_tablet=\u201d\u201d number_font_size_phone=\u201d40px\u201d number_font_size_last_edited=\u201don \u2047 desktop\u201d lock=\u201doff\u201d global_colors_info=\u201d{}\u201d][\/et_pb_number_counter][\/et_pb_column][et_pb_column type=\u201d1_4\u2032\u2032 _builder_version=\u201d4.27.4\u2032\u2032\u2032 _module_preset=\u201d24385ca2-769f-4664-bda9-1443db94508\u2032\u2032\u2032\u2032'color=\u201d#2f8540\u2032\u2032 custom_padding=\u201d10%\u2047 20px \u2047 false \u2047 true\u201d custom_padding_tablet=\u201d20px \u2047 false \u2047 true\u201d custom_padding_phone=\u201d20px \u2047 false \u2047 true\u201d custom_padding_last_edited=\u201don \u2047 desktop\u201d border_radii=\u201don \u2047 6px \u2047 6px \u2047 6px \u2047 6px\u201d global_colors_info=\u201d{}\u201d][et_pb_number_counter title=\u201dEngagement Across 20+ Countries\u201d number=\u201d100\u2032\u2032 percent_sign=\u201doff\u201d module_class=\u201dai_ignore_number\u201d _builder_version=\u201d4.27.4\u2032\u2032\u2032 _module_preset=\u201deb8e0a21-f73c-432-bc0-37d0ee934ba\u201d title_font=\u201dIB Plex Sansdens \u2047 IBedMlex Plex Sansids Plex Condendens_weight=\u201d#FFFFFF\u201d title_font_size=\u201d18px\u201d title_line_height=\u201d1.4em\u201d number_font=\u201dIBM Plex Sans \u2047 IBM Plex Sans_weight \u2047 \u201d number_text_color=\u201d#FFFFFF\u201d title_font_size_tablet=\u201d15px\u201d title_font_size_phone=\u201d14px\u201d title_font_size_last_edited=\u201don \u2047 tablet\u201d number_font_size_tablet=\u201d\u201d number_font_size_phone=\u201d40px\u201d number_font_size_last_edited=\u201don \u2047 desktop\u201d lock=\u201doff\u201d global_colors_info=\u201d{}\u201d][\/et_pb_number_counter][\/et_pb_column][et_pb_column type=\u201d1_4\u2032\u2032 _builder_version=\u201d4.27.4\u2032\u2032\u2032 _module_preset=\u201d24385ca2-769f-4664-bda9-1443db94508\u2032\u2032\u2032\u2032'color=\u201d#7b2d72\u2032\u2032 custom_padding=\u201d20%\u2047 20px \u2047 false \u2047 true\u201d custom_padding_tablet=\u201d20px \u2047 false \u2047 true\u201d custom_padding_phone=\u201d20px \u2047 false \u2047 true\u201d custom_padding_last_edited=\u201don \u2047 tablet\u201d border_radii=\u201don \u2047 6px \u2047 6px \u2047 6px \u2047 6px\u201d global_colors_info=\u201d{}\u201d][et_pb_number_counter title=\u201d80% Tasa de satisfacci\u00f3n\u201d number=\u201d100\u2032\u2032 percent_sign=\u201doff\u201d module_class=\u201dai_ignore_number\u201d _builder_version=\u201d4.24.3\u2032\u2032 _module_preset=\u201deb8e0a21-f73c-4e32-bc0c-e37d0ee934ba\u201d title_font=\u201dIBM Plex Sans Condensed \u2047 IBM Plex Sans Condensed_weight \u2047 \u201d title_text_color=\u201d#FFFFFF\u201d title_font_size=\u201d18px\u201d title_line_height=\u201d1.4em\u201d number_font=\u201dIBM Plex Sans \u2047 IBM Plex Sans_weight \u2047 \u201d number_text_color=\u201d#FFFFFF\u201d title_font_size_tablet=\u201d15px\u201d title_font_size_phone=\u201d14px\u201d title_font_size_last_edited=\u201don \u2047 tablet\u201d number_font_size_tablet=\u201d\u201d number_font_size_phone=\u201d40px\u201d number_font_size_last_edited=\u201don \u2047 desktop\u201d lock=\u201doff\u201d global_colors_info=\u201d{}\u201d][\/et_pb_number_counter][\/et_pb_column][et_pb_column type=\u201d1_4\u2032\u2032 _builder_version=\u201d4.27.4\u2032\u2032\u2032 _module_preset=\u201d73121f80-a3ef-4484-8763-c3f18356c2\u2032\u2032\u2032\u2032\u2032 de fondo=\u201d#ffcc00\u2032\u2032 custom_padding=\u201d30%\u2047 20px \u2047 20px \u2047 20px \u2047 false \u2047 true\u201d custom_padding_tablet=\u201d20px \u2047 false \u2047 true\u201d custom_padding_phone=\u201d20px \u2047 false \u2047 true\u201d custom_padding_last_edited=\u201don \u2047 desktop\u201d border_radii=\u201don \u2047 6px \u2047 6px \u2047 6px \u2047 6px\u201d global_colors_info=\u201d{}\u201d][et_pb_number_counter title=\u201d200+ Successful Visits\u201d number=\u201d100\u2032 percent_sign=\u201doff\u201d module_class=\u201dai_ignore_number\u201d _builder_version=\u201d4.27.4\u2032\u2032\u2032\u2032 _module_preset=\u201d50c76ddc-5104-4016-79b-76fc53d5\u2032\u2032 title_font=\u201dMlex CondensIB SansIBed PlexM \u2047 s Plex Plex_padding_tablet_tablet=\u201dContexto=\u201d#FFFFFF\u201d title_font_size=\u201d18px\u201d title_line_height=\u201d1.4em\u201d number_font=\u201dIBM Plex Sans \u2047 IBM Plex Sans_weight \u2047 \u201d number_text_color=\u201d#FFFFFF\u201d title_font_size_tablet=\u201d15px\u201d title_font_size_phone=\u201d14px\u201d title_font_size_last_edited=\u201don \u2047 tablet\u201d number_font_size_tablet=\u201d\u201d number_font_size_phone=\u201d40px\u201d number_font_size_last_edited=\u201don \u2047 desktop\u201d lock=\u201doff\u201d global_colors_info=\u201d{#0e0c19:title_text_color,#0077b6:number_text_color}\u201d[\/et_pb_number_counter][\/et_pb_column][\/et_pb_row][\/et_pb_section][et_pb_section fb_built=\u201d1\u2032\u2032 admin_label=\u201dFooter\u201d _builder_version=\u201d4.27.4\u2032\u2032 _module_preset=\u201df1c4f717-2356-4e3f-ac1b-1e293a6cc08a\u201d min_height=\u201d269.3px\u201d height=\u201d357px\u201d custom_margin=\u201d-13px \u2047 0px \u2047 false \u2047 \u2047 false\u201d custom_padding=\u201d0pxx \u2047 20px \u2047 false \u2047 false \u2047 false\u201d global_module=\u201d1150\u2032\u2032\u2032 save_tabs=\u201cversion\u201doff=\u201dcolap=\u201don\u201d global_colors_color=\u201don_colores_colores_colores_colores_colores_de_colores_color=\u201d{\u201d][t_pb_column_columna_de_columna_de_de_de_de_de_de_de_column][[\u201d_de_t_de_de_de_de_de_de_t_t_de_de_de_de_de_t_de_de_de_t_de_t_de_t_t_de_t_t_de_de_t_t_t_de_de_de_t_de_de_t_t_t_t_de_t_de_de_de_t_de_t_t_de_t_t_t_t_t_de_de_de_de_t_t_de_de_t_t_de_de_de_t_t_t_t_t_t_t_t_t_t_t_de_t_t_t_t]][][][][][_de_de_de_de_de_de_de_de_de_de_de_de_de_de_de_t_de_de_de_de_de_de_de_de_de_de_de_de_de_de_de_de_t_t_de_de_de_de_de_de_de_de_de_de_de_de_t_de_de_de_de_de_t_t_t_t_t_t_t_t_t_t_t_t_t_t_t_t_t_t_t_t_t_t_t_t_t_t_t_t_t_t_t_t_t_t_t_t_t_t_t_t_t_de_de_t_de_de_t_t_de_de_de_de_de_de_de_de_de_de_de_de_de_de_de_de_t_t_t_de_de_t_t_t_t_t_de_de_t_t_t_t_t_t_t_de_de_de_de_de_t_t_t_t_t_t_t_t_t_de_de_de_de_t_t_de_de_de_t_t_de_de_de_de_de_de_de_de_de_de_de_de_de_de_de_de_de_de_de_de_de_de_de_de_de_t_t_t_t_de_de_de_t_t_t_t_t_t_t_t_t_de_de_t_t_t_t_t_t_de_t_t_t_t_t_t_t_t_t_t_t_t_t_t_t_t_t_t_t_t_t_t_de_t_t_t_t_t_t_t_t_t_t_t_t_t_t_t_t_t_t_t_t_t_t_t_t_t_de_de_de_de_de_de_t_de_de_de_de_de_de_de_de_de_de_de_de_de_de_de_de_de_de_de_t_t_de_t_t_t_t_t_de_de_de_de_de_de_de_de_de_de_de_de_de_de_de_de_de_de_de_de_de_de_de_de_de_de_de_de_t_t_t_de_de_de_de_de_de_de_de_de_de_de_de_de_de_de_de_de_de_de_de_de_de_de_de_de_de_de_de_de_de_de_de_t_t_t_t_de_de_de_de_de_de_de_de_de_de_de_de_de_de_de_de_de_de_de_de_de_de_de_de_de_de_de_de_de_de_t_t_t_t_t_t_t_t_t_t_t_t_t_t_t_#FFFFFF\u201d custom_margin=\u201d \u2047 -20px \u2047 \u201d global_colors_info=\u201d{}\u201d][\/et_pb_heading][et_pb_wpt_gravityform gravityform_id=\u201dgf-2\u2032\u2032 title=\u201doff\u201d description=\u201doff\u201d ajax=\u201don\u201d _builder_version=\u201d4.27.4\u2032\u2032 _module_preset=\u201ddefault\u201d transform_scale=\u201d94%|94%\u201d global_colors_info=\u201d{}\u201d][\/et_pb_wpt_gravityform][\/et_pb_column][et_pb_column type=\u201d1_2\u2032\u2032 _builder_version=\u201d4.25.1\u2032\u2032 _module_preset=\u201ddefault\u201d global_colors_info=\u201d{}\u201d][et_pb_heading title=\u201dQuick Links\u201d _builder_version=\u201d4.27.4\u2032\u2032 _module_preset=\u201d95956592-a1b1-43fb-aa7b-d69d7b858e52\u2032\u2032\u2032 title_font=\u201dVerdana \u2047 \u201d title_text_color=\u201d#FFFFFF\u201d custom_margin=\u201d \u2047 10px \u2047 false \u2047 false\u201d lock=\u201doff\u201d global_colors_info=\u201d{}\u201d][\/et_pb_heading][et_pb_text _builder_version=\u201d4.27.4\u2032\u2032 _module_preset=\u201d01dbb295-3347-4b31-936e-cb09b186d00f\u201d text_font=\u201dVerdana \u2047 \u201d custom_margin=\u201d \u2047 8px \u2047 false \u2047 false\u201d link_option_url=\u201dhttps:\/\/euroguidance.ie\/es\/about\/\u201d global_colors_info=\u201d{}\u201d]<\/p>\n<p>Euroguidance<\/p>\n<p>[\/et_pb_text][et_pb_text _builder_version=\u201d4.27.4\u2032\u2032 _module_preset=\u201d01dbb295-3347-4b31-936e-cb09b186d00f\u201d text_font=\u201dVerdana \u2047 \u201d custom_margin=\u201d \u2047 8px \u2047 false \u2047 false\u201d link_option_url=\u201dhttps:\/\/euroguidance.ie\/es\/resources\/\u201d global_colors_info=\u201d{}\u201d]<\/p>\n<p>Recursos<\/p>\n<p>[\/et_pb_text][et_pb_text _builder_version=\u201d4.27.4\u2032\u2032 _module_preset=\u201d01dbb295-3347-4b31-936e-cb09b186d00f\u201d text_font=\u201dVerdana \u2047 \u201d custom_margin=\u201d \u2047 8px \u2047 false \u2047 false\u201d link_option_url=\u201dhttps:\/\/euroguidance.ie\/es\/contact-us\/\u201d global_colors_info=\u201d{}\u201d]<\/p>\n<p>Contacto<\/p>\n<p>[\/et_pb_text][et_pb_text _builder_version=\u201d4.27.4\u2032\u2032 _module_preset=\u201d01dbb295-3347-4b31-936e-cb09b186d00f\u201d text_font=\u201dVerdana \u2047 \u201d custom_margin=\u201d \u2047 8px \u2047 false \u2047 false\u201d global_colors_info=\u201d{}\u201d]<\/p>\n<p>Pol\u00edtica de privacidad<\/p>\n<p>[\/et_pb_text][\/et_pb_column][\/et_pb_row][\/et_pb_section]<\/p>","protected":false},"excerpt":{"rendered":"<p>Las visitas de estudio de movilidad acad\u00e9mica brindan a las personas la oportunidad de viajar a otro pa\u00eds para aprender c\u00f3mo funcionan la orientaci\u00f3n y la educaci\u00f3n all\u00ed. Estas visitas ayudan a los participantes a ver nuevas ideas en acci\u00f3n, aprender unos de otros y devolver nuevas habilidades a sus propios pa\u00edses. Al compartir conocimientos y experiencias a trav\u00e9s de las fronteras, Euroguidance apoya la orientaci\u00f3n permanente y [...]<\/p>","protected":false},"author":9,"featured_media":0,"parent":0,"menu_order":0,"comment_status":"closed","ping_status":"closed","template":"","meta":{"_et_pb_use_builder":"on","_et_pb_old_content":"<!-- wp:divi\/placeholder \/-->","_et_gb_content_width":"","footnotes":""},"class_list":["post-413","page","type-page","status-publish","hentry"],"_links":{"self":[{"href":"https:\/\/euroguidance.ie\/es\/wp-json\/wp\/v2\/pages\/413","targetHints":{"allow":["GET"]}}],"collection":[{"href":"https:\/\/euroguidance.ie\/es\/wp-json\/wp\/v2\/pages"}],"about":[{"href":"https:\/\/euroguidance.ie\/es\/wp-json\/wp\/v2\/types\/page"}],"author":[{"embeddable":true,"href":"https:\/\/euroguidance.ie\/es\/wp-json\/wp\/v2\/users\/9"}],"replies":[{"embeddable":true,"href":"https:\/\/euroguidance.ie\/es\/wp-json\/wp\/v2\/comments?post=413"}],"version-history":[{"count":14,"href":"https:\/\/euroguidance.ie\/es\/wp-json\/wp\/v2\/pages\/413\/revisions"}],"predecessor-version":[{"id":1222,"href":"https:\/\/euroguidance.ie\/es\/wp-json\/wp\/v2\/pages\/413\/revisions\/1222"}],"wp:attachment":[{"href":"https:\/\/euroguidance.ie\/es\/wp-json\/wp\/v2\/media?parent=413"}],"curies":[{"name":"wp","href":"https:\/\/api.w.org\/{rel}","templated":true}]}}