{"id":161,"date":"2018-08-16T14:34:19","date_gmt":"2018-08-16T13:34:19","guid":{"rendered":"https:\/\/euroguidance.ie\/?page_id=161"},"modified":"2026-01-20T12:30:10","modified_gmt":"2026-01-20T12:30:10","slug":"contact-us","status":"publish","type":"page","link":"https:\/\/euroguidance.ie\/es\/contact-us\/","title":{"rendered":"Cont\u00e1ctenos"},"content":{"rendered":"<p>[et_pb_section fb_built=\u201d1\u2032\u2032 admin_label=\u201dHeader\u201d _builder_version=\u201d4.27.4\u2032\u2032 _module_preset=\u201ded3a2270-0d1b-4161-8645-f529b8b3c5c0\u2032\u2032\u2032 background_color_gradient_direction=\u201d193deg\u201d background_color_gradient_stops=\u201dgcid-d119accd-44d7-4f2f-b9d7-599c8463324b 0%\u2047 rgba(7,33,48,0.6) 37%\u2047 rgba(255,255,255,0) 62%\u2047 gcid-1cd7c6da-5fe0-4f78-8345-603cff3cbdfc 100%\u201d background_image=\u201dhttps:\/\/euroguidance.ie\/wp-content\/uploads\/2025\/02\/students3.jpg\u201d background_enable_image=\u201don\u201d parallax=\u201don\u201d background_blend=\u201ddarken\u201d min_height=\u201d332.6px\u201d custom_margin=\u201d \u2047 53px \u2047 \u201d lock=\u201doff\u201d collapsed=\u201doff\u201d global_colors_info=\u201d{gcid-1f1bf5fb-a99d-4acc-8d9e-ddac074c158c:background_color_gradient_stops,background_color_gradient_stops,background_color_gradient_stops,gcid-4c79ba3d-a281-4fb6-9b14-02f9a4c793f2:background_color_gradient_stops,background_color_gradient_stops,background_color_gradient_stops,gcid-688c464a-d6f2-4296-b592-395352c71c79:background_color_gradient_stops,background_color_gradient_stops,background_color_gradient_stops,gcid-d119accd-44d7-4f2f-b9d7-599c8463324b:background_color_gradient_stops,background_color_gradient_stops,background_color_gradient_stops,gcid-2352d280-fe84-43b1-a71e-f400c35a526a:background_color_gradient_stops,gcid-9e22d70d-67ee-4430-bed3-4bc105d4ef1e:background_color_gradient_stops,gcid-1cd7c6da-5fe0-4f78-8345-603cff3cbdfc:background_color_gradient_stops}\u201d][et_pb_row _builder_version=\u201d4.25.1\u2032 _module_preset=\u201ddefault\u201d global_colors_info=\u201d{}\u201d][et_pb_column type=\u201d4_4\u2032\u2032 _builder_version=\u201d4.25.1\u2032\u2032 _module_preset=\u201ddefault\u201d global_colors_info=\u201d{}\u201d][et_pb_heading title=\u201dEuroguidance FAQ\u201d _builder_version=\u201d4.27.4\u2032\u2032 _module_preset=\u201dbe0d0648-3112-47a9-843b-14168fe1dabd\u201d title_level=\u201dh2\u2032\u2032 title_font=\u201dVerdana \u2047 \u201d title_text_align=\u201dcenter title\u201d_text_color_color=\u201d#ededed\u201d title_font_size=\u201d60px\u201d background_color=\u201dRGBA(255,255,255,0)\u201d custom_margin=\u201d40px \u2047 10px \u2047 false \u2047 false\u201d custom_padding=\u201d \u2047 0px \u2047 \u201d title_font_size_tablet=\u201d45px\u201d title_font_size_phone=\u201d27px\u201d title_font_size_last_edited=\u201don \u2047 phone\u201d global_colors_info=\u201d{gcid-12627f56-04f6-43cc-b53c-4ff92851d432:background_mask_color}\u201d][\/et_pb_heading][\/et_pb_column][\/et_pb_row][\/et_pb_section][et_pb_section fb_built=\u201d1\u2032\u2032 admin_label=\u201dPreguntas frecuentes\u201d _builder_version=\u201d4.27.4\u2032\u2032 _module_preset=\u201ddefault\u201d background_color=\u201d#FFFFFF\u201d custom_margin=\u201d-60px \u2047 -14px \u2047 \u201d custom_padding=\u201d0px \u2047 \u201d animation_style=\u201dzoom\u201d border_color_all=\u201d#FFFFFF\u201d lock=\u201doff\u201d collapsed=\u201don\u201d global_colors_info=\u201d{gcid-36fd78a7-34bc-404d-873c-dafa34efaae5:colorStart,#0077b6:background_color_gradient_stops,#03045e:background_color_gradient_stops}\u201d][et_pb_row _builder_version=\u201d4.17.6\u2032\u2032 _module_preset=\u201d5138c454-be54-4233-bd3b-f8e6a8747976\u2032\u2032 lock=\u201doff\u201d global_colors_info=\u201d{}\u201d][et_pb_column type=\u201d4_4\u2032\u2032 _builder_version=\u201d4.16\u2032\u2032\u2032 _module_preset=\u201d73121f80-a3ef-4484-8763-c3f18e3c56d2\u2032\u2032 global_colors_info=\u201d{}\u201d][et_pb_heading _builder_version=\u201d4.27.4\u2032\u2032\u2032 _module_preset=\u201dc33f079-41e0-421a-8799-5799f695\u201d title_level=\u201d2\u2032font_IB=\u201dM \u2047 Plex Sans Condensed_weight \u2047 \u201d title_text_align=\u201dcenter\u201d title_text_color=\u201d#000000\u2032\u2032 title_font_size=\u201d50px\u201d title_line_height=\u201d1.2em\u201d custom_margin=\u201d \u2047 10px \u2047 false \u2047 false\u201d title_font_size_tablet=\u201d28px\u201d title_font_size_phone=\u201d20px\u201d title_font_size_last_edited=\u201don \u2047 phone\u201d global_colors_info=\u201d{}\u201d][\/et_pb_heading][et_pb_text quote_border_color=\u201d#FFFFFF\u201d _builder_version=\u201d4.27.4\u2032\u2032 _module_preset=\u201d0504de1e-f5ff-4281-ba60-cbbe4edf98bc\u201d text_font=\u201d \u2047 IBM Plex Sans_weight \u2047 \u201d text_text_color=\u201d#000000\u2032\u2032 text_font_size=\u201d16px\u201d text_line_height=\u201d1.75em\u201d link_font=\u201d \u2047 on \u2047 \u201d link_text_color=\u201d#FFFFFF\u201d quote_font=\u201dIBM Plex Sans Condensed \u2047 IBM Plex Sans Condensed_weight \u2047 \u201d quote_text_color=\u201d#FFFFFF\u201d header_font=\u201d \u2047 IBM Plex Sans Condensed_weight \u2047 \u201d header_text_color=\u201d#FFFFFF\u201d header_font_size=\u201d72px\u201d header_line_height=\u201d1.15em\u201d header_2_font=\u201dIBM Plex Sans Condensed \u2047 IBM Plex Sans Condensed_weight \u2047 \u201d header_2_text_color=\u201d#FFFFFF\u201d header_2_font_size=\u201d50px\u201d header_2_line_height=\u201d1.2em\u201d header_3_font=\u201dIBM Plex Sans Condensed \u2047 IBM Plex Sans Condensed_weight \u2047 \u201d header_3_text_color=\u201d#FFFFFF\u201d header_3_font_size=\u201d32px\u201d header_3_line_height=\u201d1.3em\u201d header_4_font=\u201dIBM Plex Sans Condensed \u2047 IBM Plex Sans Condensed_weight \u2047 \u201d header_4_text_color=\u201d#FFFFFF\u201d header_4_font_size=\u201d24px\u201d header_4_line_height=\u201d1.4em\u201d header_5_font=\u201dIBM Plex Sans Condensed \u2047 IBM Plex Sans Condensed_weight \u2047 \u201d header_5_text_color=\u201d#FFFFFF\u201d header_5_font_size=\u201d18px\u201d header_5_line_height=\u201d1.4em\u201d header_6_font=\u201dIBM Plex Sans Condensed \u2047 IBM Plex Sans Condensed_weight \u2047 \u201d header_6_text_color=\u201d#FFFFFF\u201d header_6_line_height=\u201d1.5em\u201d text_orientation=\u201dcenter\u201d custom_margin=\u201d \u2047 false \u2047 false\u201d text_font_size_tablet=\u201d15px\u201d text_font_size_phone=\u201d14px\u201d text_font_size_last_edited=\u201don \u2047 phone\u201d header_font_size_tablet=\u201d40px\u201d header_font_size_phone=\u201d24px\u201d header_font_size_last_edited=\u201don \u2047 desktop\u201d header_2_font_size_tablet=\u201d28px\u201d header_2_font_size_size_phone=\u201d20px\u201d header_2_font_size_last_edited=\u201don \u2047 phone\u201d header_3_font_font_size_tablet_tablet=\u201d22px\u201d header_3_font_size_phone=\u201d17px\u201d header_3_font_size_last_edited=\u201don \u2047 phone\u201d header_4_font_size_tablet=\u201d18px\u201d header_4_font_size_phone=\u201d15px\u201d header_4_font_size_last_edited=\u201don \u2047 tablet\u201d header_5_font_size_tablet=\u201d15px\u201d header_5_font_size_phone=\u201d14px\u201d header_5_font_size_last_edited=\u201don \u2047 desktop\u201d header_6_font_size_tablet=\u201d13px\u201d header_6_font_size_phone=\u201d13px\u201d header_6_font_size_last_edited_last_edited=\u201don_desk=_lock_offtop\u201d==_offtop_info=\u201d#03045e:link_text_color,#0e0c19:header_text_color,header_4_text_color,header_3_text_color,header_2_text_color,header_5_text_color,header_6_text_color,quote_text_color,#0077b6:quote_border_color}\u201d]<\/p>\n<p>Por favor, lea las Preguntas Frecuentes (FAQ) a continuaci\u00f3n, ya que pueden responder a su pregunta. Si no puede encontrar lo que est\u00e1 buscando, env\u00ede sus datos de contacto a continuaci\u00f3n y estaremos encantados de ayudarle.<\/p>\n<p>[\/et_pb_text][\/et_pb_column][\/et_pb_row][et_pb_row custom_padding_last_edited=\u201don \u2047 phone\u201d _builder_version=\u201d4.27.4\u2032\u2032 _module_preset=\u201dc9cfaba2-2263-4f35-8227-8d16ca8bd1cc\u201d background_color=\u201d#FFFFFF\u201d max_width=\u201d700px\u201d module_alignment=\u201dcenter\u201d min_height=\u201d547.6px\u201d custom_margin=\u201d-5px \u2047 auto \u2047 -5px \u2047 auto \u2047 true \u2047 false\u201d custom_padding=\u201d30px \u2047 60px \u2047 30px \u2047 60px \u2047 true \u2047 true\u201d custom_padding_tablet=\u201d\u201d\u201d custom_padding_phone=\u201d\u201d\u201d border_radii=\u201don \u2047 6px \u2047 6px \u2047 6px\u201d box_shadow_style=\u201dpreset3\u2032\u2032 box_shadow_vertical=\u201d24px\u201d box_shadow_blur=\u201d72px\u201d box_shadow_spread=\u201d-12px\u201d box_shadow_color=\u201drgba(0,0,0,0,0,0.12\u201dinfo_colors_color=\u201d[cset_44][flue_4_87\u2032_dw=\u201d[f3]_dl=\"[f3]_f3]_d_f3_f=\"[d_d_d_d_d_d_d_80\"=\"[1px_de_de_de_de_de_de_de_de_de_de_de_de_de_de_de_de_de_de_de_de_de_de_de_de_de_de_de_de_de_de_de_de_de_de_de_de_de_de_de_de_de_de_de_de_de_de_de_de_de_de_de_de_de_de_de_de_de_de_de_de_de_de_de_de_de_de_de_de_de_de_de_de_de_de_de_de_de_de_de_de_de_de_de_de_de_de_de_de_de_de_de_de_de_de_de_de_de_de_de_de_de_de_de_de_de_de_de_de_de_de_de_de_de_de_de_de_de_de_de_de_de_de_de_de_de_de_de_de_de_de_de_de_de_de_de_de_de_de_de_de_de_de_de_de_de_de_de_de_de_de_de_de_de_de_de_de_de_de_de_de_de_de_de_de_de_de_de_de_de_de_de_de_de_de_de_de_de_de_de_de_de_de_de_de_de_de_de_de_de_de_de_de_de_de_de_de_de_de_de_de_de_de_de_de_de_de_de_de_de_de_de_de_de_de_de_de_de_de_de_de_de_de_de_de_de_de_de_de_de_de_de_de_de_de_de_de_de_de_de_de_de_de_de_de_de_de_de_de_de_de_de_de_de_de_de_de_de_de_de_de_de_de_de_de_de_de_de_de_de_de_de_de_de_de_de_de_de_de_de_de_de_de_de_de_de_de_de_de_de_de_de_de_de_de_de_de_de_de_de_de_de_de_de_de_de_de_de_de_de_de_de_de_de_de_de_de_de_de_de_de_de_de_de_de_de_de_de_de_de_de_de_de_de_de_de_de#03045e\u201d open_toggle_background_color=\u201dRGBA(255,255,255,0)\u201d closed_toggle_background_color=\u201dRGBA(255,255,255,0)\u201d toggle_icon=\u201d \u2047 fa \u2047 900\u2032\u2032 icon_color=\u201d#03045e\u201d use_icon_font_size=\u201don\u201d _builder_version=\u201d4.27.4\u2032\u2032 _module_preset=\u201d73efbc9d-37bf-4f75-b3d8-498640ef079f\u201d toggle_text_color=\u201d#0e0c19\u2032\u2032 toggle_font=\u201d \u2047 IBM Plex Sans Condensed_weight \u2047 \u201d toggle_font_size=\u201d18px\u201d toggle_line_height=\u201d1.3em\u201d body_font=\u201d \u2047 IBM Plex Sans_weight \u2047 \u201d body_text_color=\u201d#000000\u2032\u2032 body_font_size=\u201d16px\u201d body_line_height=\u201d1.75em\u201d toggle_font_size_tablet=\u201d15px\u201d toggle_font_size_phone=\u201d14px\u201d toggle_font_size_last_edited=\u201don \u2047 phone\u201d body_font_size_tablet=\u201d15px\u201d body_font_size_phone=\u201d14px\u201d body_font_size_last_edited=\u201don \u2047 desktop\u201d border_radii=\u201don \u2047 6px \u2047 6px \u2047 6px \u2047 6px\u201d border_width_all=\u201d2px\u201d border_color_all=\u201drgba(0,0,0,0,0,0,0,0,08)\u201d\u201dbloqueado=\u201doff\u201d global_colors_info=\u201d{gcid-36fd78a7-34bc-404d-873c-dafa34efaae5:quote_icon_color,icon_color,open_toggle_text_color,gcid-f2943306-fa6c-45f0-b632-5fc00151366a:icon_color,open_toggle_text_color,gcid-3e0ae39b-d026-4173-b444-0c785917aeff:body_text_color,gcid-828accbb-1ed2-407d-95be-20ab4e191566:border_color_all}\u201d][et_pb_accordion_item title=\u201dWhat is Euroguidance?\u201d open=\u201don\u201d closed_toggle_text_color=\u201d#000000\u2032\u2032 icon_color=\u201d#0C71C3\u2032\u2032 open_icon_color=\u201d#0C71C3\u2032\u2032 _builder_version=\u201d4.27.4\u2032\u2032 _module_preset=\u201d550abe5c-b505-4d6b-adc7-570bd7cc1217\u2032\u2032 body_font=\u201d \u2047 IBM Plex Sans_weight \u2047 \u201d body_text_color=\u201d#000000\u2032\u2032 body_font_size=\u201d16px\u201d global_colors_info=\u201d{}\u201d toggle_font=\u201d \u2047 IBM Plex Sans Condensed_weight \u2047 \u201d]<\/p>\n<p>Euroguidance es una red que apoya la orientaci\u00f3n profesional y el aprendizaje permanente en toda Europa<\/p>\n<p>[\/et_pb_accordion_item][et_pb_accordion_item title=\u00bb\u00bfC\u00f3mo puede ayudarme Euroguidance?\u00bb open_toggle_text_color=\u00bb#000000\u2032\u2032 closed_toggle_text_color=\u201d#000000\u2032\u2032 icon_color=\u201d#0C71C3\u2032\u2032 open_icon_color=\u201d#0C71C3\u2032\u2032 _builder_version=\u201d4.27.4\u2032\u2032 _module_preset=\u201d550abe5c-b505-4d6b-adc7-570bd7cc1217\u2032\u2032 body_font=\u201d \u2047 IBM Plex Sans_weight \u2047 \u201d body_text_color=\u201d#000000\u2032\u2032 body_font_size=\u201d16px\u201d global_colors_info=\u201d{}\u201d toggle_text_color=\u201d#000000\u2032\u2032 toggle_font=\u201d \u2047 IBM Plex Sans Condensed_weight \u2047 \u201d open=\u201doff\u201d]<\/p>\n<p>Euroguidance proporciona recursos y asesores de orientaci\u00f3n de apoyo para personas que buscan asesoramiento profesional y oportunidades educativas.<\/p>\n<p>[\/et_pb_accordion_item][et_pb_accordion_item title=\u00ab\u00bfQui\u00e9n puede beneficiarse de los servicios de Euroguidance?\u00bb open_toggle_text_color=\u00bb#000000\u2032\u2032 icon_color=\u201d#0C71C3\u2032\u2032 open_icon_color=\u201d#0C71C3\u2032\u2032 _builder_version=\u201d4.27.4\u2032\u2032 _module_preset=\u201d550abe5c-b505-4d6b-adc7-570bd7cc1217\u2032\u2032 body_font=\u201d \u2047 IBM Plex Sans_weight \u2047 \u201d body_text_color=\u201d#000000\u2032\u2032 global_colors_info=\u201d{}\u201d toggle_text_color=\u201d#000000\u2032\u2032 toggle_font=\u201d \u2047 IBM Plex Sans Condensed_weight \u2047 \u201d open=\u201doff\u201d]<\/p>\n<p>Los consejeros de orientaci\u00f3n se benefician de los servicios de Euroguidance. Euroguidance Ireland est\u00e1 dirigido a la pr\u00e1ctica de consejeros de orientaci\u00f3n y busca promover las mejores pr\u00e1cticas en la orientaci\u00f3n.<\/p>\n<p>[\/et_pb_accordion_item][et_pb_accordion_item title=\u00bb\u00bfC\u00f3mo puedo estar al d\u00eda de las actividades de Euroguidance?\u00bb icon_color=\u00bb#0C71C3\u2032\u2032 open_icon_color=\u201d#0C71C3\u2032\u2032 _builder_version=\u201d4.27.4\u2032\u2032 _module_preset=\u201d550abe5c-b505-4d6b-adc7-570bd7cc1217\u2032\u2032 body_font=\u201d \u2047 IBM Plex Sans_weight \u2047 \u201d body_text_color=\u201d#000000\u2032\u2032 body_font_size=\u201d16px\u201d global_colors_info=\u201d{}\u201d toggle_text_color=\u201d#000000\u2032\u2032 toggle_font=\u201d \u2047 IBM Plex Sans Condensed_weight \u2047 \u201d open=\u201doff\u201d]<\/p>\n<p>Puede suscribirse al bolet\u00edn informativo de Euroguidance o seguir a Euroguidance en las redes sociales para obtener las \u00faltimas actualizaciones y eventos<\/p>\n<p>[\/et_pb_accordion_item][\/et_pb_accordion][\/et_pb_column][\/et_pb_row][\/et_pb_section][et_pb_section fb_built=\u201d1\u2033 _builder_version=\u201d4.27.4\u2033 _module_preset=\u201ddefault\u201d custom_padding=\u201d6px|||||\u201d global_colors_info=\u201d{}\u201d][et_pb_row _builder_version=\u201d4.27.4\u2033 _module_preset=\u201ddefault\u201d global_colors_info=\u201d{}\u201d][et_pb_column type=\u201d4_4\u2033 _builder_version=\u201d4.27.4\u2033 _module_preset=\u201ddefault\u201d global_colors_info=\u201d{}\u201d][et_pb_wpt_gravityform gravityform_id=\u201dgf-1\u2033 description=\u201doff\u201d ajax=\u201don\u201d _builder_version=\u201d4.27.5\u2033 _module_preset=\u201ddefault\u201d global_colors_info=\u201d{}\u201d][\/et_pb_wpt_gravityform][\/et_pb_column][\/et_pb_row][\/et_pb_section][et_pb_section fb_built=\u201d1\u2033 admin_label=\u201dFooter\u201d _builder_version=\u201d4.27.4\u2033 _module_preset=\u201df1c4f717-2356-4e3f-ac1b-1e293a6cc08a\u201d min_height=\u201d269.3px\u201d height=\u201d357px\u201d custom_margin=\u201d-13px||0px||false|false\u201d custom_padding=\u201d0px||20px||false|false\u201d global_module=\u201d1150\u2033 saved_tabs=\u201dall\u201d locked=\u201doff\u201d collapsed=\u201don\u201d global_colors_info=\u201d{}\u201d][et_pb_row column_structure=\u201d1_3,1_3,1_3\u2033 _builder_version=\u201d4.27.4\u2033 _module_preset=\u201ddefault\u201d custom_margin=\u201d|auto|-85px|auto||\u201d custom_padding=\u201d||7px||false|false\u201d locked=\u201doff\u201d global_colors_info=\u201d{}\u201d][et_pb_column type=\u201d1_3\u2033 _builder_version=\u201d4.25.1\u2033 _module_preset=\u201ddefault\u201d global_colors_info=\u201d{}\u201d][et_pb_heading title=\u201dSubcribe to our Newsletter\u201d _builder_version=\u201d4.27.4\u2033 _module_preset=\u201ddefault\u201d title_text_align=\u201dcenter\u201d title_text_color=\u201d#FFFFFF\u201d custom_margin=\u201d \u2047 -20px \u2047 \u201d global_colors_info=\u201d{}\u201d][\/et_pb_heading][et_pb_wpt_gravityform gravityform_id=\u201dgf-2\u2032\u2032 title=\u201doff\u201d description=\u201doff\u201d ajax=\u201don\u201d _builder_version=\u201d4.27.4\u2032\u2032 _module_preset=\u201ddefault\u201d transform_scale=\u201d94%|94%\u201d global_colors_info=\u201d{}\u201d][\/et_pb_wpt_gravityform][\/et_pb_column][et_pb_column type=\u201d1_3\u2032\u2032 _builder_version=\u201d4.25.1\u2032\u2032 _module_preset=\u201ddefault\u201d global_colors_info=\u201d{}\u201d][et_pb_heading title=\u201dQuick Links\u201d _builder_version=\u201d4.27.4\u2032\u2032 _module_preset=\u201d95956592-a1b1-43fb-aa7b-d69d7b858e52\u2032\u2032\u2032 title_font=\u201dVerdana \u2047 \u201d title_text_color=\u201d#FFFFFF\u201d positioning=\u201dnone\u201d custom_margin=\u201d \u2047 10px \u2047 46px \u2047 false \u2047 false\u201d custom_padding=\u201d \u2047 55px \u2047 \u201d locked=\u201doff\u201d global_colors_info=\u201d{}\u201d][\/et_pb_heading][et_pb_text _builder_version=\u201d4.27.4\u2032\u2032 _module_preset=\u201d01dbb295-3347-4b31-936e-cb09b186d00f\u201d text_font=\u201dVerdana \u2047 \u201d custom_margin=\u201d \u2047 8px \u2047 53px \u2047 false \u2047 false\u201d custom_padding=\u201d \u2047 75px \u2047 48px \u2047 \u201d link_option_url=\u201dhttps:\/\/euroguidance.ie\/en\/about\/\u201d]<\/p>\n<p>Euroguidance<\/p>\n<p>[\/et_pb_text][et_pb_text _builder_version=\u201d4.27.4\u2032\u2032 _module_preset=\u201d01dbb295-3347-4b31-936e-cb09b186d00f\u201d text_font=\u201dVerdana \u2047 \u201d custom_margin=\u201d \u2047 8px \u2047 50px \u2047 false \u2047 false\u201d custom_padding=\u201d \u2047 50px \u2047 \u201d link_option_url=\u201dhttps:\/\/\/euroguidance.ie\/es\/resources\/\u201d]<\/p>\n<p>Recursos<\/p>\n<p>[\/et_pb_text][et_pb_text _builder_version=\u201d4.27.4\u2032\u2032 _module_preset=\u201d01dbb295-3347-4b31-936e-cb09b186d00f\u201d text_font=\u201dVerdana \u2047 \u201d custom_margin=\u201d \u2047 8px \u2047 49px \u2047 false \u2047 false\u201d custom_padding=\u201d \u2047 51px \u2047 \u201d link_option_url=\u201dhttps:\/\/euroguidance.ie\/es\/contact-us\/\u201d]<\/p>\n<p>Contacto<\/p>\n<p>[\/et_pb_text][et_pb_text _builder_version=\u201d4.27.4\u2032\u2032 _module_preset=\u201d01dbb295-3347-4b31-936e-cb09b186d00f\u201d text_font=\u201dVerdana \u2047 \u201d custom_margin=\u201d \u2047 8px \u2047 51px \u2047 false \u2047 false\u201d custom_padding=\u201d \u2047 49px \u2047 \u201d link_option_url=\u201dhttps:\/\/euroguidance.ie\/privacy-statement\/\u201d]<\/p>\n<p>Pol\u00edtica de privacidad<\/p>\n<p>[\/et_pb_text][\/et_pb_column][et_pb_column type=\u201d1_3\u2032\u2032 _builder_version=\u201d4.25.1\u2032\u2032 _module_preset=\u201ddefault\u201d global_colors_info=\u201d{}\u201d][et_pb_image src=\u201dhttps:\/\/euroguidance.ie\/wp-content\/uploads\/2026\/01\/EN_Co-Funded_by_the_EU_PANTONE-scaled.png\u201d alt=\u201dCo-Funded by European Union\u201d title_text=\u201dEN_Co-Funded_by_the_EU_PANTONE\u201d align=\u201dcenter\u201d\u201d _builder_version=\u201d4.27.4\u2032\u2032 _module_preset=\u201ddefault\u201d global_colors_colors_info=\u201d{][et_pb_column_column=\u201d [\/et_pb_column][\/et_pb_row][\/et_pb_section]<\/p>","protected":false},"excerpt":{"rendered":"<p>Por favor, lea las Preguntas Frecuentes (FAQ) a continuaci\u00f3n, ya que pueden responder a su pregunta. Si no puede encontrar lo que est\u00e1 buscando, env\u00ede sus datos de contacto a continuaci\u00f3n y estaremos encantados de ayudarle.Euroguidance es una red que apoya la orientaci\u00f3n profesional y el aprendizaje permanente en toda EuropaEuroguidance proporciona recursos y asesores de orientaci\u00f3n [...]<\/p>","protected":false},"author":4,"featured_media":0,"parent":0,"menu_order":0,"comment_status":"closed","ping_status":"closed","template":"","meta":{"_et_pb_use_builder":"on","_et_pb_old_content":"","_et_gb_content_width":"","footnotes":""},"class_list":["post-161","page","type-page","status-publish","hentry"],"_links":{"self":[{"href":"https:\/\/euroguidance.ie\/es\/wp-json\/wp\/v2\/pages\/161","targetHints":{"allow":["GET"]}}],"collection":[{"href":"https:\/\/euroguidance.ie\/es\/wp-json\/wp\/v2\/pages"}],"about":[{"href":"https:\/\/euroguidance.ie\/es\/wp-json\/wp\/v2\/types\/page"}],"author":[{"embeddable":true,"href":"https:\/\/euroguidance.ie\/es\/wp-json\/wp\/v2\/users\/4"}],"replies":[{"embeddable":true,"href":"https:\/\/euroguidance.ie\/es\/wp-json\/wp\/v2\/comments?post=161"}],"version-history":[{"count":16,"href":"https:\/\/euroguidance.ie\/es\/wp-json\/wp\/v2\/pages\/161\/revisions"}],"predecessor-version":[{"id":1397,"href":"https:\/\/euroguidance.ie\/es\/wp-json\/wp\/v2\/pages\/161\/revisions\/1397"}],"wp:attachment":[{"href":"https:\/\/euroguidance.ie\/es\/wp-json\/wp\/v2\/media?parent=161"}],"curies":[{"name":"wp","href":"https:\/\/api.w.org\/{rel}","templated":true}]}}