{"id":154,"date":"2018-08-16T14:33:46","date_gmt":"2018-08-16T13:33:46","guid":{"rendered":"https:\/\/euroguidance.ie\/?page_id=154"},"modified":"2026-01-21T09:30:56","modified_gmt":"2026-01-21T09:30:56","slug":"home","status":"publish","type":"page","link":"https:\/\/euroguidance.ie\/es\/","title":{"rendered":"Hogar"},"content":{"rendered":"<p>[et_pb_section fb_built=\u201d1\u2032\u2032 admin_label=\u201dHeader\u201d _builder_version=\u201d4.27.4\u2032\u2032 _module_preset=\u201ded3a2270-0d1b-4161-8645-f529b8b3c5c0\u2032\u2032\u2032 background_color_gradient_direction=\u201d193deg\u201d background_color_gradient_stops=\u201dgcid-d119accd-44d7-4f2f-b9d7-599c8463324b 0%\u2047 rgba(7,33,48,0.6) 37%\u2047 rgba(255,255,255,0) 62%\u2047 gcid-1cd7c6da-5fe0-4f78-8345-603cff3cbdfc 100%\u201d background_image=\u201dhttps:\/\/euroguidance.ie\/wp-content\/uploads\/2025\/02\/students3.jpg\u201d background_enable_image=\u201don\u201d parallax=\u201don\u201d background_blend=\u201ddarken\u201d collapsed=\u201doff\u201d global_colors_info=\u201d{gcid-1f1bf5fb-a99d-4acc-8d9e-ddac074c158c:background_color_gradient_stops,background_color_gradient_stops,background_color_gradient_stops,gcid-4c79ba3d-a281-4fb6-9b14-02f9a4c793f2:background_color_gradient_stops,background_color_gradient_stops,background_color_gradient_stops,gcid-688c464a-d6f2-4296-b592-395352c71c79:background_color_gradient_stops,background_color_gradient_stops,background_color_gradient_stops,gcid-d119accd-44d7-4f2f-b9d7-599c8463324b:background_color_gradient_stops,background_color_gradient_stops,background_color_gradient_stops,gcid-2352d280-fe84-43b1-a71e-f400c35a526a:background_color_gradient_stops,gcid-9e22d70d-67ee-4430-bed3-4bc105d4ef1e:background_color_gradient_stops,gcid-1cd7c6da-5fe0-4f78-8345-603cff3cbdfc:background_color_gradient_stops}\u201d][et_pb_row _builder_version=\u201d4.25.1\u2032 _module_preset=\u201ddefault\u201d global_colors_info=\u201d{}\u201d][et_pb_column type=\u201d4_4\u2032\u2032 _builder_version=\u201d4.25.1\u2032\u2032 _module_preset=\u201ddefault\u201d global_colors_info=\u201d{}\u201d][et_pb_heading title=\u201dEuroguidance Ireland\u201d _builder_version=\u201d4.27.4\u2032\u2032 _module_preset=\u201dbe0d0648-3112-47a9-843b-14168fe1dabd\u201d title_level=\u201dh2\u2032\u2032 title_font=\u201dVerdana \u2047 \u201d title_text_align=\u201dcenter title\u201d_text_color_color=\u201d#ededed\u201d title_font_size=\u201d60px\u201d background_color=\u201dRGBA(255,255,255,0)\u201d custom_margin=\u201d \u2047 10px \u2047 false \u2047 false\u201d title_font_size_tablet=\u201d45px\u201d title_font_size_phone=\u201d27px\u201d title_font_size_last_edited=\u201don \u2047 phone\u201d global_colors_info=\u201d{gcid-12627f56-04f6-43cc-b53c-4ff92851d432:background_mask_color}\u201d][\/et_pb_heading][et_pb_text _builder_version=\u201d4.27.5\u2032\u2032 _module_preset=\u201d7620dd4e-e1ca-4165-8cd6-4f8210a1bc1b\u201d text_font=\u201dVerdana \u2047 \u201d text_text_color=\u201d#f7f7f7\u2032\u2032 header_font=\u201dVerdana \u2047 \u201d background_color=\u201dRGBA(255,255,255,0)\u201d text_orientation=\u201dcenter\u201d custom_padding=\u201d \u2047 70px \u2047 70px \u2047 false \u2047 true\u201d custom_padding_tablet=\u201d \u2047 70px \u2047 70px \u2047 false \u2047 true\u201d custom_padding_phone=\u201d \u2047 0px \u2047 0px \u2047 false \u2047 true\u201d custom_padding_last_edited=\u201don \u2047 phone\u201d global_colors_info=\u201d{}\u201d]<\/p>\n<p>Euroguidance es una red europea de centros nacionales de recursos e informaci\u00f3n para la orientaci\u00f3n.<\/p>\n<p>[\/et_pb_text][\/et_pb_column][\/et_pb_row][et_pb_row column_structure=\u201d1_4,1_4,1_4,1_4\u2032\u2032 use_custom_gutter=\u201don\u201d gutter_width=\u201d2\u2032\u2032 _builder_version=\u201d4.27.4\u2032\u2032 _module_preset=\u201ddefault\u201d width=\u201d90%\u201d max_width=\u201d1275px\u201d global_colors_info=\u201d{}\u201d][et_pb_column type=\u201d1_4\u2032\u2032 _builder_version=\u201d4.27.4\u2032\u2032 _module_preset=\u201df9288338-930c-488b-8d98-cc7cb5d29f2e\u201d background_color=\u201d#add2ca\u201d link_option_url=\u201dhttps:\/\/euroguidance.ie\/es\/euroguidance\/\u201d global_colors_info=\u201d{}\u201d][et_pb_icon font_icon=\u201d \u2047 fa \u2047 400\u2032\u2032 icon_color=\u201d#FFFFFF\u201d icon_width=\u201d50px\u201d url=\u201dhttps:\/\/euroguidance.ie\/es\/about\/\u201d align=\u201dleft\u201d _builder_version=\u201d4.27.4\u2032\u2032 _module_preset=\u201ddefault\u201d global_colors_info=\u201d{}\u201d][\/et_pb_icon][et_pb_heading title=\u201dAbout\u201d url=\u201dhttps:\/\/euroguidance.ie\/en\/about\/\u201d _builder_version=\u201d4.27.4\u2032\u2032 _module_preset=\u201d238eef0d-0926-44ee-9018-60c9f1e12f1e\u201d title_font=\u201dVerdana \u2047 \u201d title_text_color=\u201d#FFFFFF\u201d background_enable_image=\u201doff\u201d custom_margin=\u201d \u2047 10px \u2047 false \u2047 false\u201d global_colors_info=\u201d{}\u201d][\/et_pb_heading][et_pb_icon font_icon=\u201d$\u2047 divi \u2047 400\u2032\u2032 icon_color=\u201d#FFFFFF\u201d icon_width=\u201d40px\u201d url=\u201dhttps:\/\/euroguidance.ie\/es\/about\/\u201d align=\u201dleft\u201d _builder_version=\u201d4.27.4\u2032\u2032 _module_preset=\u201ddefault\u201d global_colors_info=\u201d{}\u201d][\/et_pb_icon][\/et_pb_column][et_pb_column type=\u201d1_4\u2032\u2032 _builder_version=\u201d4.27.4\u2032\u2032 _module_preset=\u201d29b78c64-6b59-467e-9968-13a0f68ee676\u2032\u2032\u2032 background_color=\u201dgcid-ca53c0be-2af9-42d0-b8e0-74151f2f69c6\u2032\u2032\u2032 link_opurl=\u201dhttps\/guidance.ie\/tudy-indy_land=\u201c{in_land_s\u201dgcid-ca53c0be-2af9-42d0-b8e0-74151f2f69c6:background_color}\u201d][et_pb_icon font_icon=\u201db \u2047 divi \u2047 400\u2032\u2032 icon_color=\u201d#FFFFFF\u201d icon_width=\u201d50px\u201d url=\u201dhttps:\/\/euroguidance.ie\/en\/study-in-ireland\/\u201d align=\u201dleft\u201d _builder_version=\u201d4.27.4\u2032\u2032 _module_preset=\u201ddefault\u201d global_colors_info=\u201d{}\u201d][\/et_pb_icon][et_pb_heading title=\u201dIreland\u201d url=\u201dhttps:\/\/euroguidance.ie\/en\/study-in-ireland\/\u201d _builder_version=\u201d4.27.4\u2032\u2032 _module_preset=\u201d238eef0d-0926-44ee-9018-60c9f1e12f1e\u201d title_font=\u201dVerdana \u2047 \u201d title_text_color=\u201d#FFFFFF\u201d custom_margin=\u201d \u2047 10px \u2047 false \u2047 false\u201d global_colors_info=\u201d{}\u201d][\/et_pb_heading][et_pb_icon font_icon=\u201d$\u2047 divi \u2047 400\u2032\u2032 icon_color=\u201d#FFFFFF\u201d icon_width=\u201d40px\u201d url=\u201dhttps:\/\/euroguidance.ie\/en\/study-in-ireland\/\u201d align=\u201dleft\u201d _builder_version=\u201d4.27.4\u2032\u2032 _module_preset=\u201ddefault\u201d global_colors_info=\u201d{}\u201d][\/et_pb_icon][\/et_pb_column][et_pb_column type=\u201d1_4\u2032\u2032 _builder_version=\u201d4.27.4\u2032\u2032 _module_preset=\u201d29b78c64-6b59-467e-9968-13a0f68ee676\u2032\u2032\u2032\u2032 background_color=\u201dgcid-5e57cc30-55c4-4047-83b9fb915c4554a\u201da\u201d global_colors_info=\u201d{{{FFFFFFFFF\u201d icon_width=\u201dgcid-5e57cc30-55c4-4047-83b9-fb915c4554aa:background_color}\u201d][et_pb_icon font_icon=\u201di \u2047 divi \u2047 400\u2032\u2032 icon_color=\u201d#FFFFFF\u201d icon_width=\u201d50px\u201d url=\u201dhttps:\/\/euroguidance.ie\/es\/mobility-opportunities\/\u201d align=\u201dleft\u201d _builder_version=\u201d4.27.4\u2032\u2032 _module_preset=\u201ddefault\u201d global_colors_info=\u201d{}\u201d][\/et_pb_icon][et_pb_heading title=\u201dMobility\u201dl=\u201dhttps:\/\/euroguidance.ie\/en\/mobility-opportunities\/\u201d _builder_version=\u201d4.27.4\u2032\u2032 _module_preset=\u201d238eef0d-0926-44ee-9018-60c9f1e12f1e\u201d title_font=\u201dVerda \u2047 \u201d title__text=\u201d#FFFFFF\u201d custom_margin=\u201d \u2047 10px \u2047 false \u2047 false\u201d global_colors_info=\u201d{}\u201d][\/et_pb_heading][et_pb_icon font_icon=\u201d$\u2047 divi \u2047 400\u2032\u2032 icon_color=\u201d#FFFFFF\u201d icon_width=\u201d40px\u201d url=\u201dhttps:\/\/euroguidance.ie\/es\/mobility-opportunities\/\u201d align=\u201dleft\u201d _builder_version=\u201d4.27.4\u2032\u2032 _module_preset=\u201ddefault\u201d global_colors_info=\u201d{}\u201d][\/et_pb_icon][\/et_pb_column][et_pb_column type=\u201d1_4\u2032\u2032 _builder_version=\u201d4.27.4\u2032\u2032 _module_preset=\u201d29b78c64-6b59-467e-9968-13af68ee676\u2032\u2032\u2032\u2032 background_color=\u201dgcid-22c0a80a-a-61a-4aa1-84b8-6eec5cb0f475\u2032 link_option_l=https\/eurodie\/en_sources.{s_source\u201dgcid-22c0a80a-a61a-4aa1-84b8-6eec5cb0f475:background_color}\u201d][et_pb_icon font_icon=\u201dn \u2047 divi \u2047 400\u2032\u2032 icon_color=\u201d#FFFFFF\u201d icon_width=\u201d50px\u201d url=\u201dhttps:\/\/euroguidance.ie\/es\/resources\/\u201d align=\u201dleft\u201d _builder_version=\u201d4.27.4\u2032\u2032 _module_preset=\u201ddefault\u201d global_colors_info=\u201d{}\u201d][\/et_pb_icon][et_pb_heading title=\u201dResources\u201d url=\u201dhttps:\/\/\/euroguidance.ie\/en\/resources\/\u201d _builder_version=\u201d4.27.4\u2032\u2032 _module_preset=\u201d238eef0d-0926-44ee-9018-60c9f1e12f1e\u201d title_font=\u201dVerdana \u2047 \u201d title_text_color=\u201d#FFFFFF\u201d custom_margin=\u201d \u2047 10px \u2047 false \u2047 false\u201d global_colors_info=\u201d{}\u201d][\/et_pb_heading][et_pb_icon font_icon=\u201d$\u2047 divi \u2047 400\u2032\u2032 icon_color=\u201d#FFFFFF\u201d icon_width=\u201d40px\u201d url=\u201dhttps:\/\/euroguidance.ie\/en\/resources\/\u201d align=\u201dleft\u201d _builder_version=\u201d4.27.4\u2033 _module_preset=\u201ddefault\u201d global_colors_info=\u201d{}\u201d][\/et_pb_icon][\/et_pb_column][\/et_pb_row][\/et_pb_section][et_pb_section fb_built=\u201d1\u2033 admin_label=\u201dPrograms\u201d _builder_version=\u201d4.25.1\u2033 _module_preset=\u201d1cb43702-6039-40d3-942a-6ff861062c07\u2033 custom_margin=\u201d||-30px|||\u201d collapsed=\u201don\u201d global_colors_info=\u201d{}\u201d][et_pb_row _builder_version=\u201d4.25.1\u2033 _module_preset=\u201ddefault\u201d global_colors_info=\u201d{}\u201d][et_pb_column type=\u201d4_4\u2033 _builder_version=\u201d4.25.1\u2033 _module_preset=\u201ddefault\u201d global_colors_info=\u201d{}\u201d][et_pb_heading title=\u201dCurrent Initiatives &amp; Projects in 2026\u2033 _builder_version=\u201d4.27.4\u2033 _module_preset=\u201d5feae9b6-7adb-4e77-97fc-101f7bb53dbd\u201d title_font=\u201dVerdana||||||||\u201d title_text_align=\u201dcenter\u201d title_font_size=\u201d60px\u201d custom_margin=\u201d||10px||false|false\u201d title_font_size_tablet=\u201d45px\u201d title_font_size_phone=\u201d27px\u201d title_font_size_last_edited=\u201don|phone\u201d global_colors_info=\u201d{}\u201d][\/et_pb_heading][\/et_pb_column][\/et_pb_row][et_pb_row column_structure=\u201d1_4,1_4,1_4,1_4\u2033 _builder_version=\u201d4.25.1\u2033 _module_preset=\u201ddefault\u201d global_colors_info=\u201d{}\u201d][et_pb_column type=\u201d1_4\u2033 _builder_version=\u201d4.25.1\u2033 _module_preset=\u201ddefault\u201d global_colors_info=\u201d{}\u201d][et_pb_image src=\u201dhttps:\/\/euroguidance.ie\/wp-content\/uploads\/2026\/01\/Research-in-Guidance-1.jpg\u201d alt=\u201dimage text\u201d title_text=\u201dResearch in Guidance (1)\u201d _builder_version=\u201d4.27.4\u2033 _module_preset=\u201d8e91050f-fc02-44a6-a8fd-5179b1c87ffb\u201d width=\u201d90%\u201d custom_margin=\u201d \u2047 false \u2047 false\u201d animation_style=\u201dslide\u201d global_colors_info=\u201d{}\u201d][\/et_pb_image][et_pb_text _builder_version=\u201d4.27.4\u2032\u2032 _module_preset=\u201d7620dd4e-e1ca-4165-8cd6-4f8210a1bc1b\u201d text_font=\u201d \u2047 \u201d header_text_align=\u201dcenter\u201d module_alignment=\u201dcenter\u201d custom_margin=\u201d\u201d-56px \u2047 10px \u2047 false \u2047 false\u201d global_colors_info=\u201d{}]<\/p>\n<p style=\"text-align: center;\"><span style=\"color: #000000;\">Cada mes, Euroguidance Ireland organiza seminarios web en l\u00ednea de colegas de orientaci\u00f3n irlandeses y europeos que discuten sus <strong>\u00faltimas investigaciones y conocimientos en orientaci\u00f3n profesional<\/strong>.<\/span><\/p>\n<p style=\"text-align: center;\"><span style=\"color: #800000;\"><a href=\"https:\/\/euroguidance.ie\/es\/webinar-recordings\/\" style=\"color: #800000;\">Ver webinarios anteriores de Investigaci\u00f3n en Orientaci\u00f3n<\/a><\/span><\/p>\n<p>[\/et_pb_text][\/et_pb_column][et_pb_column type=\u201d1_4\u2032\u2032 _builder_version=\u201d4.25.1\u2032\u2032 _module_preset=\u201ddefault\u201d global_colors_info=\u201d{}\u201d][et_pb_image src=\u201dhttps:\/\/euroguidance.ie\/wp-content\/uploads\/2026\/01\/Untitled-design-17.png\u201d alt=\u201dtext image\u201d title_text=\u201dUntitled design (17)\u201d _builder_version=\u201d4.27.4\u2032\u2032 _module_preset=\u201d8e91050f-fc02-44a6-a8fd-5179bc187ffb\u201d width=\u201d90\u201d%\u201d custom_margin=\u201d \u2047 false \u2047 false\u201d animation_style=\u201dslide\u201d global_colors_info=\u201d{}\u201d][\/et_pb_image][et_pb_text _builder_version=\u201d4.27.4\u2032\u2032 _module_preset=\u201d7620dd4e-e1ca-4165-8cd6-4f8210a1bc1b\u201d text_font=\u201d \u2047 \u201d text_text_color=\u201d#000000\u2032\u2032 custom_margin=\u201d-52px \u2047 10px \u2047 false \u2047 false\u201d link_option_url=\u201dhttps:\/\/nice-network.eu\/ecadoc\/\u201d global_colors_info=\u201d{}\u201d]<\/p>\n<p style=\"text-align: center;\"><span style=\"color: #000000;\">Irlanda se enorgullece de acoger el Programa Europeo de Doctorado en Orientaci\u00f3n y Asesoramiento Profesional<strong> (ECADOC) Decimotercera escuela de verano en 2026<\/strong> que ser\u00e1 dirigido por <em>Trinity College Dubl\u00edn <\/em>en colaboraci\u00f3n con ETBI. ECADOC ofrece escuelas de verano anuales para investigadores de doctorado que trabajan en temas relacionados con la orientaci\u00f3n profesional.<\/span><\/p>\n<p>[\/et_pb_text][\/et_pb_column][et_pb_column type=\u201d1_4\u2032\u2032 _builder_version=\u201d4.25.1\u2032\u2032 _module_preset=\u201ddefault\u201d global_colors_info=\u201d{}\u201d][et_pb_image src=\u201dhttps:\/\/euroguidance.ie\/wp-content\/uploads\/2026\/01\/Untitled-design-18.png\u201d alt=\u201dAcademia Logo\u201d title_text=\u201dAcademia Logo\u201d _builder_version=\u201d4.27.4\u2032\u2032 _module_preset=\u201d8e91050f-fc02-44a6-a8fd-5179bc187ffb\u201d ancho=\u201d90%\u201d custom_margin=\u201d \u2047 false \u2047 false\u201d animation_style=\u201dslide\u201d global_colors_info=\u201d{}\u201d][\/et_pb_image][et_pb_text _builder_version=\u201d4.27.4\u2032\u2032 _module_preset=\u201d7620dd4e-e1ca-4165-8cd6-4f8210a1bc1b\u201d text_font=\u201d \u2047 \u201d custom_margin=\u201d\u201d-52px \u2047 10px \u2047 false \u2047 false\u201d global_colors_info=\u201d{}\u201d]<\/p>\n<p style=\"text-align: center;\"><span style=\"color: #000000;\">Los colegas europeos de orientaci\u00f3n visitar\u00e1n Irlanda para el <strong>estudio de movilidad acad\u00e9mica<\/strong> visita. Los colegas de orientaci\u00f3n irlandeses tambi\u00e9n realizar\u00e1n visitas de estudio de movilidad en varios pa\u00edses de Europa para compartir las mejores pr\u00e1cticas y fortalecer las asociaciones.<\/span><\/p>\n<p>[\/et_pb_text][\/et_pb_column][et_pb_column type=\u201d1_4\u2032\u2032 _builder_version=\u201d4.25.1\u2032\u2032 _module_preset=\u201ddefault\u201d global_colors_info=\u201d{}\u201d][et_pb_image src=\u201dhttps:\/\/euroguidance.ie\/wp-content\/uploads\/2026\/01\/Untitled-design-19.png\u201d alt=\u201dtext image\u201d title_text=\u201dUntitled design (19)\u201d _builder_version=\u201d4.27.4\u2032\u2032 _module_preset=\u201d8e91050f-fc02-44a6-a8fd-5179bc187ffb\u201d width=\u201d90%\u201d custom_margin=\u201d \u2047 false \u2047 false\u201d animation_style=\u201dslide\u201d global_colors_info=\u201d{}\u201d][\/et_pb_image][et_pb_text _builder_version=\u201d4.27.4\u2032\u2032 _module_preset=\u201d7620dd4e-e1ca-4165-8cd6-4f8210a1bc1b\u201d text_font=\u201d \u2047 \u201d min_height=\u201d224px\u201d custom_margin=\u201d\u201d-50px \u2047 10px \u2047 false \u2047 false\u201d global_colors_info=\u201d{}\u201d]<\/p>\n<p style=\"text-align: center;\"><span style=\"color: #000000;\">Irlanda ocupa la presidencia de 2026 del Consejo de la Uni\u00f3n Europea y ver\u00e1 <strong>Euroguidance Irlanda<\/strong> acoger\u00e1 la reuni\u00f3n bianual de los miembros de la Red Euroguidance en Irlanda.<\/span><\/p>\n<p>[\/et_pb_text][\/et_pb_column][\/et_pb_row][\/et_pb_section][et_pb_section fb_built=\u201d1\u2032\u2032\u2032 admin_label=\u201dFooter\u201d _builder_version=\u201d4.27.5\u2032\u2032\u2032 _module_preset=\u201df1c4f717-2356-4e3f-ac1b-1e293a6cc08a\u201d min_height=\u201d269.3px\u201d height=\u201d357px\u201d custom_margin=\u201d-13px \u2047 false\u201d custom_padding=\u201d0px \u2047 100px \u2047 false \u2047 false\u201d hover_enabled=\u201d0\u2032\u2032\u2032 global_module=\u201d1150\u2032\u2032 save_tabs=\u201coff\u201d collapse=\u201don\u201d_colors_colors=\u201dinfo_s_colors_color=\u201d sticky_en_t_prow=\u201d[0_plucha_de_de_de_de_de_de_t_de_de_de_de_de_t_de_de_de_t_t_de_t_t_t_t_de_de_de_de_t_de_t_t_t_t_t_t_de_t_t_de_t_t_t_de_t_de_t_t_t_de_t_t_t_de_t_t_t_de_de_t_t_t_pb_t_t_t_t_t_t_pb_pb_t_pb_pb_de_de___pb_de_de_de_de_de_t_t_t_pb_de_t_p_pb_p_p_p_p_p_p_p_p_p_p_p_p_p_p_t_p_p_p_p_p_t_p_p_p_t_t_p_p_t_p_p_p_t_t_p_p_t_p_p_p_p_p_p_t_p_p_p_p_p_p_p_p_p_p_p_p_p_p_p_p_t_t_t_p_t_t_t_t_t_t_t_t_t_t_t_p_p_p_t_t_t_p_p_p_p_p_p_p_p_p_p_p_t_t_t_t_t_p_p_t_p_p_t_t_t_t_t_t_t_t_t_t_p_p_pb_t_p_p_t_t_t_pb_p_p_t_pb_t_t_pb_pb_t_t_p_p_pb_t_t_t_t_p_p_p_p_p_p_p_p_p_p_p_p_p_p_p_p_p_p_p_p_p_p_p_p_p_t_p_p_p_t_p_p_p_p_p_p_p_p_p_t_p_p_p_p_p_p_p_p_p_p_t_p_p_p_t_t_t_t_t_p_p_p_p_p_p_t_t_p_p_p_p_p_p_p_t_t_t_p_p_p_t_p_p_p_p_p_p_p_p_p_p_p_p_p_p_p_p_p_p_t_t_p_p_p_t_t_p_t_p_t_p__p_p_t_p_t_p_t_p_t_t_p_t_p_p_p_p_p_t_t_t_t_p_p_p_p_p_p_p_p_p_p_p_p_p_p_p_t_p_t_p_t_p_p_p_p_p_p_p_p_p_p_p_t_p_t_t_t_t_p_p_t_t_p_p_t_t_t_t_t_t_t_t_p_t_t_t_p_t_p_p_p_p_t_p_p_p_p_p_p_p_p_p_p_t_p_p_p_p_p_t_p_p_p_p_p_p_t_p_p_p_p_p__p_p_p_t_t_t_p_p_p_p_p_p_p_p_p_p_p_p_p_p_p_p_p_p_p_t_p_p_p_c_p_p_p_p_p_p_p_p_p_p_p_p_p_p_t_p_p_p_p_p_p_p_p_p_p_p_p_p_p_p_p_p_p_p_p_p_p_t_p_p_p_p_p_p_p_t_p_p_p_p_p_p_p_#FFFFFF\u201d custom_margin=\u201d \u2047 -20px \u2047 \u201d global_colors_info=\u201d{}\u201d][\/et_pb_heading][et_pb_wpt_gravityform gravityform_id=\u201dgf-2\u2032\u2032 title=\u201doff\u201d description=\u201doff\u201d ajax=\u201don\u201d _builder_version=\u201d4.27.4\u2032\u2032 _module_preset=\u201ddefault\u201d transform_scale=\u201d94%|94%\u201d global_colors_info=\u201d{}\u201d][\/et_pb_wpt_gravityform][\/et_pb_column][et_pb_column type=\u201d1_3\u2032\u2032 _builder_version=\u201d4.25.1\u2032\u2032 _module_preset=\u201ddefault\u201d global_colors_info=\u201d{}\u201d][et_pb_heading title=\u201dQuick Links\u201d _builder_version=\u201d4.27.4\u2032\u2032 _module_preset=\u201d95956592-a1b1-43fb-aa7b-d69d7b858e52\u2032\u2032\u2032 title_font=\u201dVerdana \u2047 \u201d title_text_color=\u201d#FFFFFF\u201d positioning=\u201dnone\u201d custom_margin=\u201d \u2047 10px \u2047 46px \u2047 false \u2047 false\u201d custom_padding=\u201d \u2047 55px \u2047 \u201d locked=\u201doff\u201d global_colors_info=\u201d{}\u201d][\/et_pb_heading][et_pb_text _builder_version=\u201d4.27.4\u2032\u2032 _module_preset=\u201d01dbb295-3347-4b31-936e-cb09b186d00f\u201d text_font=\u201dVerdana \u2047 \u201d custom_margin=\u201d \u2047 8px \u2047 53px \u2047 false \u2047 false\u201d custom_padding=\u201d \u2047 75px \u2047 48px \u2047 \u201d link_option_url=\u201dhttps:\/\/euroguidance.ie\/en\/about\/\u201d]<\/p>\n<p>Euroguidance<\/p>\n<p>[\/et_pb_text][et_pb_text _builder_version=\u201d4.27.4\u2032\u2032 _module_preset=\u201d01dbb295-3347-4b31-936e-cb09b186d00f\u201d text_font=\u201dVerdana \u2047 \u201d custom_margin=\u201d \u2047 8px \u2047 50px \u2047 false \u2047 false\u201d custom_padding=\u201d \u2047 50px \u2047 \u201d link_option_url=\u201dhttps:\/\/\/euroguidance.ie\/es\/resources\/\u201d]<\/p>\n<p>Recursos<\/p>\n<p>[\/et_pb_text][et_pb_text _builder_version=\u201d4.27.4\u2032\u2032 _module_preset=\u201d01dbb295-3347-4b31-936e-cb09b186d00f\u201d text_font=\u201dVerdana \u2047 \u201d custom_margin=\u201d \u2047 8px \u2047 49px \u2047 false \u2047 false\u201d custom_padding=\u201d \u2047 51px \u2047 \u201d link_option_url=\u201dhttps:\/\/euroguidance.ie\/es\/contact-us\/\u201d]<\/p>\n<p>Contacto<\/p>\n<p>[\/et_pb_text][et_pb_text _builder_version=\u201d4.27.4\u2032\u2032 _module_preset=\u201d01dbb295-3347-4b31-936e-cb09b186d00f\u201d text_font=\u201dVerdana \u2047 \u201d custom_margin=\u201d \u2047 8px \u2047 51px \u2047 false \u2047 false\u201d custom_padding=\u201d \u2047 49px \u2047 \u201d link_option_url=\u201dhttps:\/\/euroguidance.ie\/privacy-statement\/\u201d]<\/p>\n<p>Pol\u00edtica de privacidad<\/p>\n<p>[\/et_pb_text][\/et_pb_column][et_pb_column type=\u201d1_3\u2032\u2032 _builder_version=\u201d4.25.1\u2032\u2032 _module_preset=\u201ddefault\u201d global_colors_info=\u201d{}\u201d][et_pb_image src=\u201dhttps:\/\/euroguidance.ie\/wp-content\/uploads\/2026\/01\/EN_Co-Funded_by_the_EU_PANTONE-scaled.png\u201d alt=\u201dCo-Funded by European Union\u201d title_text=\u201dEN_Co-Funded_by_the_EU_PANTONE\u201d align=\u201dcenter\u201d\u201d _builder_version=\u201d4.27.4\u2032\u2032 _module_preset=\u201ddefault\u201d global_colors_colors_info=\u201d{][et_pb_column_column=\u201d [\/et_pb_column][\/et_pb_row][\/et_pb_section]<\/p>","protected":false},"excerpt":{"rendered":"<p>Euroguidance es una red europea de centros nacionales de recursos e informaci\u00f3n para orientaci\u00f3n.Cada mes, Euroguidance Ireland organiza seminarios web en l\u00ednea de colegas de orientaci\u00f3n irlandeses y europeos que discuten sus \u00faltimas investigaciones e ideas sobre orientaci\u00f3n profesional. Ver webinarios anteriores de Investigaci\u00f3n en Orientaci\u00f3nIrlanda se enorgullece de acoger el Programa Europeo de Doctorado en Orientaci\u00f3n y Asesoramiento Profesional [...]<\/p>","protected":false},"author":4,"featured_media":0,"parent":0,"menu_order":0,"comment_status":"closed","ping_status":"closed","template":"","meta":{"_et_pb_use_builder":"on","_et_pb_old_content":"","_et_gb_content_width":"","footnotes":""},"class_list":["post-154","page","type-page","status-publish","hentry"],"_links":{"self":[{"href":"https:\/\/euroguidance.ie\/es\/wp-json\/wp\/v2\/pages\/154","targetHints":{"allow":["GET"]}}],"collection":[{"href":"https:\/\/euroguidance.ie\/es\/wp-json\/wp\/v2\/pages"}],"about":[{"href":"https:\/\/euroguidance.ie\/es\/wp-json\/wp\/v2\/types\/page"}],"author":[{"embeddable":true,"href":"https:\/\/euroguidance.ie\/es\/wp-json\/wp\/v2\/users\/4"}],"replies":[{"embeddable":true,"href":"https:\/\/euroguidance.ie\/es\/wp-json\/wp\/v2\/comments?post=154"}],"version-history":[{"count":125,"href":"https:\/\/euroguidance.ie\/es\/wp-json\/wp\/v2\/pages\/154\/revisions"}],"predecessor-version":[{"id":1402,"href":"https:\/\/euroguidance.ie\/es\/wp-json\/wp\/v2\/pages\/154\/revisions\/1402"}],"wp:attachment":[{"href":"https:\/\/euroguidance.ie\/es\/wp-json\/wp\/v2\/media?parent=154"}],"curies":[{"name":"wp","href":"https:\/\/api.w.org\/{rel}","templated":true}]}}