{"id":1315,"date":"2026-01-14T15:01:22","date_gmt":"2026-01-14T15:01:22","guid":{"rendered":"https:\/\/euroguidance.ie\/?page_id=1315"},"modified":"2026-01-14T15:46:30","modified_gmt":"2026-01-14T15:46:30","slug":"academia","status":"publish","type":"page","link":"https:\/\/euroguidance.ie\/es\/academia\/","title":{"rendered":"Academia"},"content":{"rendered":"<p>[et_pb_section fb_built=\u201d1\u2032\u2032 admin_label=\u201dHeader\u201d _builder_version=\u201d4.27.4\u2032\u2032 _module_preset=\u201ded3a2270-0d1b-4161-8645-f529b8b3c5c0\u2032\u2032\u2032 background_color_gradient_direction=\u201d193deg\u201d background_color_gradient_stops=\u201dgcid-d119accd-44d7-4f2f-b9d7-599c8463324b 0%\u2047 rgba(7,33,48,0.6) 37%\u2047 rgba(255,255,255,0) 62%\u2047 gcid-1cd7c6da-5fe0-4f78-8345-603cff3cbdfc 100%\u201d background_image=\u201dhttps:\/\/euroguidance.ie\/wp-content\/uploads\/2025\/02\/students3.jpg\u201d background_enable_image=\u201don\u201d parallax=\u201don\u201d background_blend=\u201ddarken\u201d min_height=\u201d332.6px\u201d custom_margin=\u201d \u2047 53px \u2047 \u201d lock=\u201doff\u201d collapsed=\u201doff\u201d global_colors_info=\u201d{gcid-1f1bf5fb-a99d-4acc-8d9e-ddac074c158c:background_color_gradient_stops,background_color_gradient_stops,background_color_gradient_stops,gcid-4c79ba3d-a281-4fb6-9b14-02f9a4c793f2:background_color_gradient_stops,background_color_gradient_stops,background_color_gradient_stops,gcid-688c464a-d6f2-4296-b592-395352c71c79:background_color_gradient_stops,background_color_gradient_stops,background_color_gradient_stops,gcid-d119accd-44d7-4f2f-b9d7-599c8463324b:background_color_gradient_stops,background_color_gradient_stops,background_color_gradient_stops,gcid-2352d280-fe84-43b1-a71e-f400c35a526a:background_color_gradient_stops,gcid-9e22d70d-67ee-4430-bed3-4bc105d4ef1e:background_color_gradient_stops,gcid-1cd7c6da-5fe0-4f78-8345-603cff3cbdfc:background_color_gradient_stops}\u201d][et_pb_row _builder_version=\u201d4.25.1\u2032 _module_preset=\u201ddefault\u201d global_colors_info=\u201d{}\u201d][et_pb_column type=\u201d4_4\u2032\u2032 _builder_version=\u201d4.25.1\u2032\u2032 _module_preset=\u201ddefault\u201d global_colors_info=\u201d{}\u201d][et_pb_heading title=\u201dAcademia\u201d _builder_version=\u201d4.27.4\u2032\u2032 _module_preset=\u201dbe0d0648-3112-47a9-843b-14168fe1dabd\u201d title_level=\u201dh2\u2032\u2032 title_font=\u201dVerdana \u2047 \u201d title_text_align=\u201dcenter\u201d title_text_color=\u201d#ededed\u201d title_font_size=\u201d60px\u201d background_color=\u201dRGBA(255,255,255,0)\u201d custom_margin=\u201d40px \u2047 10px \u2047 false \u2047 false\u201d title_font_size_tablet=\u201d45px\u201d title_font_size_phone=\u201d27px\u201d title_font_size_last_edited=\u201don \u2047 phone\u201d global_colors_info=\u201d{gcid-12627f56-04f6-43cc-b53c-4ff92851d432:background_mask_color}\u201d][\/et_pb_heading][\/et_pb_column][\/et_pb_row][\/et_pb_section][et_pb_section fb_built=\u201d1\u2032\u2032 _builder_version=\u201d4.27.4\u2032\u2032 _module_preset=\u201ddefault\u201d custom_padding=\u201d0px \u2047 \u201d global_colors_info=\u201d{}\u201d][et_pb_row _builder_version=\u201d4.17.6\u2032\u2032 _module_preset=\u201d5138c454-be54-4233-bd3b-f8e6a8747976\u2032\u2032\u2032\u2032 lock=\u201doff\u201d global_colors_info=\u201d{}\u201d][et_pb_column type=\u201d4_4\u2032\u2032 _builder_version=\u201d4.17.4\u2032module_preset=\u201d1273f1803ef-843-873\u2032f356\u2032e global_colors_info=\u201d{}\u201d][et_pb_heading title=\u201dVisita de estudio de movilidad a Irlanda 2025\u2032\u2032 _builder_version=\u201d4.27.4\u2032\u2032 _module_preset=\u201ddefault\u201d title_font=\u201d \u2047 \u201d title_text_align=\u201dcenter\u201d title_text_color=\u201d#000000\u2032\u2032 fondo_color=\u201d#FFFFFF\u201d anchura=\u201d54%\u201d max_width=\u201d79%\u201d module_alignment=\u201dcenter\u201d custom_margin=\u201d0px \u2047 0px \u2047 false \u2047 false\u201d custom_padding=\u201d16px \u2047 12px \u2047 0px \u2047 false \u2047 false\u201d border_color_all=\u201d#0C71C3\u2032\u2032 border_style_all=\u201dinset\u201d box_shadow_style=\u201dpreset1\u2032\u2032 box_shadow_vertical=\u201d0px\u201d box_shadow_blur=\u201d6px\u201d box_shadow_position=\u201dinner\u201d global_colors_info=\u201d{}\u201d][\/et_pb_heading][et_pb_text _builder_version=\u201d4.27.4\u2032\u2032 _module_preset=\u201ddefault\u201d text_font_size=\u201d16px\u201d global_colors_info=\u201d{}\u201d]<\/p>\n<p style=\"text-align: center;\"><span style=\"color: #000000;\">En mayo de 2025, dimos la bienvenida a quince colegas europeos de orientaci\u00f3n a Irlanda de diez pa\u00edses europeos (Austria, Suiza, Alemania, Dinamarca, Estonia, Francia, Noruega, Eslovenia, Espa\u00f1a y Suecia). El tema de la visita de estudio fue \u00ab<strong>Orientaci\u00f3n inclusiva<\/strong>\u201d.<\/span><\/p>\n<p>&nbsp;<\/p>\n<ul>\n<li style=\"text-align: left;\"><span style=\"color: #000000;\">La visita de estudio tuvo lugar en el Liberties College, Consejo de Educaci\u00f3n y Formaci\u00f3n de la Ciudad de Dubl\u00edn (ETB)<\/span><\/li>\n<li style=\"text-align: left;\"><span style=\"color: #000000;\">Mary Quirke facilit\u00f3 un taller de Dise\u00f1o Universal que explora c\u00f3mo los profesionales de la orientaci\u00f3n pueden adoptar los enfoques de Dise\u00f1o Universal (UD) y Dise\u00f1o Universal para el Aprendizaje (UDL) en su pr\u00e1ctica y adoptar una mentalidad de Dise\u00f1o Universal en Orientaci\u00f3n<\/span><\/li>\n<li style=\"text-align: left;\"><span style=\"color: #000000;\">Des Acton, del Trinity Centre for People with Intellectual Disabilities (TCPID), facilit\u00f3 una sesi\u00f3n sobre \u00abAcceso e inclusi\u00f3n en la orientaci\u00f3n\u00bb<\/span><\/li>\n<li style=\"text-align: left;\"><span style=\"color: #000000;\">Julieanne Duffy Gillen de la Universidad Tecnol\u00f3gica (TU) de Dubl\u00edn facilit\u00f3 una sesi\u00f3n sobre orientaci\u00f3n en la comunidad sorda<\/span><\/li>\n<\/ul>\n<p>[\/et_pb_text][et_pb_gallery gallery_ids=\u201d825,829,821,826\u2032\u2032 show_title_and_caption=\u201doff\u201d _builder_version=\u201d4.27.4\u2032\u2032 _module_preset=\u201ddefault\u201d animation_style=\u201dzoom\u201d hover_enabled=\u201d0\u2032\u2032 dbdb_version=\u201d4.12.2\u2032\u2032\u2032 dbdb_enable_grid_slide_in=\u201doff\u201d global_colors_info=\u201d{}\u201d dbdb_show_in_lightbox=\u201doff\u201d show_pagination=\u201doff\u201d sticky_enabled=\u201d0\u2032\u2032\u2032][\/et_pb_gallery][et_pb_divider color=\u201d#004773\u2032\u2032 _builder_version=\u201d4.27.4\u2032\u2032 _module_preset=\u201ddefault\u201d global_colors_info=\u201d{}\u201d][\/et_pb_divider][et_pb_heading title=\u201dVisita de estudio de movilidad a Irlanda 2024\u2032\u2032 _builder_version=\u201d4.27.4\u2032\u2032 _module_preset=\u201ddefault\u201d title_font=\u201d \u2047 \u201d title_text_align=\u201dcenter\u201d title_text_color=\u201d#000000\u2032\u2032 fondo_color=\u201d#FFFFFF\u201d anchura=\u201d54%\u201d max_width=\u201d79%\u201d module_alignment=\u201dcenter\u201d custom_margin=\u201d0px \u2047 0px \u2047 false \u2047 false\u201d custom_padding=\u201d16px \u2047 12px \u2047 0px \u2047 false \u2047 false\u201d border_color_all=\u201d#0C71C3\u2032\u2032 border_style_all=\u201dinset\u201d box_shadow_style=\u201dpreset1\u2032\u2032 box_shadow_vertical=\u201d0px\u201d box_shadow_blur=\u201d6px\u201d box_shadow_position=\u201dinner\u201d global_colors_info=\u201d{}\u201d][\/et_pb_heading][et_pb_text _builder_version=\u201d4.27.4\u2032\u2032 _module_preset=\u201ddefault\u201d text_text_color=\u201d#000000\u2032\u2032 text_font_size=\u201d16px\u201d global_colors_info=\u201d{}\u201d]<\/p>\n<p style=\"text-align: center;\"><span style=\"color: #000000;\">Trece colegas que representan a seis pa\u00edses europeos, incluidos los Pa\u00edses Bajos, Estonia, Francia, Espa\u00f1a, Noruega, Alemania y Dinamarca, visitaron Dubl\u00edn en mayo de 2025. El tema de la visita de estudio fue <strong>\u00abLifelong Career Guidance \u2013 A Future Vision\u00bb (Orientaci\u00f3n para la carrera profesional permanente: una visi\u00f3n de futuro).<\/strong><\/span><\/p>\n<p>&nbsp;<\/p>\n<ul>\n<li style=\"text-align: left;\"><span style=\"color: #000000;\">La visita de estudio tuvo lugar en el Liberties College, Consejo de Educaci\u00f3n y Formaci\u00f3n de la Ciudad de Dubl\u00edn (ETB)<\/span><\/li>\n<li style=\"text-align: left;\"><span style=\"color: #000000;\">Colegiados del Servicio de Orientaci\u00f3n de la Junta de Educaci\u00f3n y Formaci\u00f3n de la Ciudad de Dubl\u00edn (ETB) ofrecieron una sesi\u00f3n informativa sobre los servicios de orientaci\u00f3n en la Educaci\u00f3n y Formaci\u00f3n Adicionales (FET)<\/span><\/li>\n<li style=\"text-align: left;\"><span style=\"color: #000000;\">Mary Quirke, Patricia McCarthy, Des Acton y Conor McGuirk presentaron sobre Acceso, Inclusi\u00f3n y Dise\u00f1o Universal en Orientaci\u00f3n en el Centro Trinity para Personas con Discapacidad Intelectual (TCPID)<\/span><\/li>\n<li style=\"text-align: left;\"><span style=\"color: #000000;\">Aisling Murray Fleming, de la Universidad de la Ciudad de Dubl\u00edn (DCU), ofreci\u00f3 una visi\u00f3n general del Programa de Orientaci\u00f3n de la DCU y de las herramientas digitales de orientaci\u00f3n, incluido un recorrido por el laboratorio de realidad virtual de la DCU.<\/span><\/li>\n<li style=\"text-align: left;\"><span style=\"color: #000000;\">Los participantes realizaron un recorrido por el centro de formaci\u00f3n de la Junta de Formaci\u00f3n Educativa Dun Laoghaire de Dubl\u00edn (DDLETB) en Baldoyle<\/span><\/li>\n<li style=\"text-align: left;\"><span data-contrast=\"auto\" style=\"color: #000000;\">Carol Guildea ofreci\u00f3 una sesi\u00f3n sobre el Marco Estrat\u00e9gico para la Orientaci\u00f3n a lo Largo de Toda la Vida<\/span><\/li>\n<li style=\"text-align: left;\"><span data-contrast=\"auto\" style=\"color: #000000;\">Stephen O\u2019Neill, Psic\u00f3logo Jefe del Servicio Psicol\u00f3gico del Consejo de Formaci\u00f3n Educativa de la Ciudad de Dubl\u00edn, imparti\u00f3 una sesi\u00f3n sobre el tema \u00abSelf-Care for You \u2013 Minding Your Mind\u00bb<\/span><\/li>\n<\/ul>\n<p>[\/et_pb_text][et_pb_gallery gallery_ids=\u201d840,839,835,836\u2032\u2032 show_title_and_caption=\u201doff\u201d _builder_version=\u201d4.27.4\u2032\u2032 _module_preset=\u201ddefault\u201d dbdb_version=\u201d4.12.2\u2032\u2032 dbdb_show_lightbox_title=\u201doff\u201d global_colors_info=\u201d{}\u201d][\/et_pb_gallery][\/et_pb_column][\/et_pb_row][\/et_pb_section]<\/p>","protected":false},"excerpt":{"rendered":"<p>En mayo de 2025, dimos la bienvenida a quince colegas europeos de orientaci\u00f3n a Irlanda de diez pa\u00edses europeos (Austria, Suiza, Alemania, Dinamarca, Estonia, Francia, Noruega, Eslovenia, Espa\u00f1a y Suecia). El tema de la visita de estudio fue \u00abOrientaciones inclusivas\u00bb. \u00a0 La visita de estudio tuvo lugar en el Liberties College, City of Dublin Education and Training Board (ETB) Dr. Mary [...]<\/p>","protected":false},"author":9,"featured_media":0,"parent":0,"menu_order":0,"comment_status":"closed","ping_status":"closed","template":"","meta":{"_et_pb_use_builder":"on","_et_pb_old_content":"","_et_gb_content_width":"","footnotes":""},"class_list":["post-1315","page","type-page","status-publish","hentry"],"_links":{"self":[{"href":"https:\/\/euroguidance.ie\/es\/wp-json\/wp\/v2\/pages\/1315","targetHints":{"allow":["GET"]}}],"collection":[{"href":"https:\/\/euroguidance.ie\/es\/wp-json\/wp\/v2\/pages"}],"about":[{"href":"https:\/\/euroguidance.ie\/es\/wp-json\/wp\/v2\/types\/page"}],"author":[{"embeddable":true,"href":"https:\/\/euroguidance.ie\/es\/wp-json\/wp\/v2\/users\/9"}],"replies":[{"embeddable":true,"href":"https:\/\/euroguidance.ie\/es\/wp-json\/wp\/v2\/comments?post=1315"}],"version-history":[{"count":6,"href":"https:\/\/euroguidance.ie\/es\/wp-json\/wp\/v2\/pages\/1315\/revisions"}],"predecessor-version":[{"id":1350,"href":"https:\/\/euroguidance.ie\/es\/wp-json\/wp\/v2\/pages\/1315\/revisions\/1350"}],"wp:attachment":[{"href":"https:\/\/euroguidance.ie\/es\/wp-json\/wp\/v2\/media?parent=1315"}],"curies":[{"name":"wp","href":"https:\/\/api.w.org\/{rel}","templated":true}]}}